{"id":7964,"date":"2022-11-17T10:07:48","date_gmt":"2022-11-17T10:07:48","guid":{"rendered":"https:\/\/everydaychemshop.com\/fr\/?post_type=product&#038;p=7964"},"modified":"2023-04-07T11:40:38","modified_gmt":"2023-04-07T11:40:38","slug":"acheter-w-18-pilules","status":"publish","type":"product","link":"https:\/\/everydaychemshop.com\/fr\/product\/acheter-w-18-pilules\/","title":{"rendered":"Acheter des pilules W-18"},"content":{"rendered":"<h1>Acheter des pilules W-18 en ligne<\/h1>\n<p><a href=\"https:\/\/everydaychemshop.com\/fr\/product\/acheter-w-18-pilules\/\">Acheter des pilules W-18 en ligne<\/a>. Le W-18 est un compos\u00e9 d&#8217;une s\u00e9rie de 32 substances (nomm\u00e9es W-1 \u00e0 W-32) qui ont \u00e9t\u00e9 synth\u00e9tis\u00e9es pour la premi\u00e8re fois dans le cadre de recherches universitaires sur la d\u00e9couverte de m\u00e9dicaments analg\u00e9siques dans les ann\u00e9es 1980 et sont apparues en tant que m\u00e9dicaments de synth\u00e8se dans les ann\u00e9es 2010. Achetez la poudre W-18 en vente en ligne.<\/p>\n<p>Le W-18 a \u00e9t\u00e9 invent\u00e9 \u00e0 l&#8217;Universit\u00e9 de l&#8217;Alberta par un laboratoire travaillant sur la d\u00e9couverte de m\u00e9dicaments analg\u00e9siques dans les ann\u00e9es 1980. Des \u00e9tudes pr\u00e9liminaires chez l&#8217;animal <a href=\"https:\/\/en.wikipedia.org\/wiki\/W-18\">ont<\/a> montr\u00e9 qu&#8217;elle avait une activit\u00e9 analg\u00e9sique chez la souris.<\/p>\n<p>En Europe et aux \u00c9tats-Unis en 2013, la mol\u00e9cule a \u00e9t\u00e9 d\u00e9couverte dans l&#8217;usage r\u00e9cr\u00e9atif de drogues en remplacement d&#8217;autres stup\u00e9fiants interdits. En d\u00e9cembre 2015, les \u00e9quipes d&#8217;intervention des forces de l&#8217;ordre de l&#8217;Alberta (ALERT) ont d\u00e9couvert quatre kilogrammes de W-18 lors d&#8217;une arrestation pour drogue \u00e0 Edmonton. Sant\u00e9 Canada a trouv\u00e9 du W-18 dans au moins trois des 110 comprim\u00e9s de fentanyl confisqu\u00e9s dans une maison de Calgary en ao\u00fbt 2015.<\/p>\n<p>Dans les ann\u00e9es 2010, le W-18 \u00e9tait largement consid\u00e9r\u00e9 comme un opio\u00efde dans la presse populaire. Cependant, cela a \u00e9t\u00e9 d\u00e9mystifi\u00e9 plus tard. Les r\u00e9cepteurs sigma et la prot\u00e9ine translocatrice se sont av\u00e9r\u00e9s avoir une faible activit\u00e9 lorsque W-18 a \u00e9t\u00e9 test\u00e9 (r\u00e9cepteur p\u00e9riph\u00e9rique des benzodiaz\u00e9pines). Il a \u00e9galement une affinit\u00e9 micromolaire pour le canal potassique hERG, qui pourrait provoquer une arythmie cardiaque \u00e0 fortes doses.<br \/>\nW-18 initialement class\u00e9 comme un opio\u00efde puissant<br \/>\nApr\u00e8s pr\u00e8s de trois d\u00e9cennies d&#8217;obscurit\u00e9, le W-18 est r\u00e9apparu comme une drogue de rue de cr\u00e9ateur d\u00e9couverte lors de recherches sur les analg\u00e9siques dans les ann\u00e9es 1980. Lors des premiers tests, la substance \u00e9tait cent fois plus puissante que le fentanyl. C&#8217;est un puissant analg\u00e9sique opio\u00efde qui est 50 fois plus fort que l&#8217;h\u00e9ro\u00efne et 10 000 fois plus puissant que la morphine. 1. Les compagnies pharmaceutiques n&#8217;ont jamais ramass\u00e9 le m\u00e9dicament. N\u00e9anmoins, le W-18 est devenu disponible \u00e0 l&#8217;achat sur Internet au cours des derni\u00e8res ann\u00e9es, les approvisionnements provenant de l&#8217;ext\u00e9rieur du Canada, o\u00f9 le m\u00e9dicament a \u00e9t\u00e9 produit pour la premi\u00e8re fois. Le W-18 a rapidement gagn\u00e9 en popularit\u00e9 en tant que drogue de rue dangereuse et potentiellement mortelle en Am\u00e9rique du Nord et en Europe en raison de son accessibilit\u00e9.<\/p>\n<p>Le W-18 a \u00e9t\u00e9 d\u00e9crit comme le nouveau m\u00e9dicament suivant dans la poursuite de la pand\u00e9mie d&#8217;opio\u00efdes dans de nombreuses histoires plus t\u00f4t cette ann\u00e9e. Le W-18 a \u00e9t\u00e9 surnomm\u00e9 un m\u00e9dicament opio\u00efde d&#8217;une l\u00e9talit\u00e9 exceptionnelle depuis qu&#8217;il a \u00e9t\u00e9 d\u00e9velopp\u00e9 au cours de la recherche sur les analg\u00e9siques. Ses effets ont \u00e9t\u00e9 compar\u00e9s \u00e0 ceux des opio\u00efdes. 2 W-18, en revanche, \u00e9tait diff\u00e9rent des m\u00e9dicaments opiac\u00e9s et des autres m\u00e9dicaments opio\u00efdes \u00e0 plusieurs \u00e9gards. Par exemple, le m\u00e9dicament est ind\u00e9tectable dans n&#8217;importe quel d\u00e9pistage standard de m\u00e9dicaments, y compris ceux con\u00e7us sp\u00e9cifiquement pour identifier les analg\u00e9siques. De plus, la naloxone, destin\u00e9e \u00e0 inverser une surdose d&#8217;opio\u00efdes en cas d&#8217;urgence, n&#8217;a aucun impact sur les personnes souffrant d&#8217;une surdose de W-18. Malgr\u00e9 ces anomalies, le W-18 \u00e9tait n\u00e9anmoins class\u00e9 comme un opio\u00efde, en raison de l&#8217;augmentation des d\u00e9c\u00e8s par surdose li\u00e9s \u00e0 son utilisation.<\/p>\n<p>Les d\u00e9c\u00e8s par surdose montent en fl\u00e8che en raison du W-18<br \/>\nAuparavant, les trafiquants d&#8217;h\u00e9ro\u00efne diluaient leur s&#8217;approvisionnent en produits chimiques comme le bicarbonate de soude pour maximiser la quantit\u00e9 d&#8217;h\u00e9ro\u00efne qu&#8217;ils peuvent vendre. Cependant, comme cela diminuerait la puissance de l&#8217;h\u00e9ro\u00efne, ils ajouteraient de petites doses de fentanyl pour augmenter la puissance du m\u00e9lange fortement endommag\u00e9. En raison de l&#8217;h\u00e9ro\u00efne m\u00e9lang\u00e9e au fentanyl que les toxicomanes prenaient, il y a eu une augmentation des d\u00e9c\u00e8s par surdose, notamment le long de la c\u00f4te est am\u00e9ricaine. En cons\u00e9quence, ce n&#8217;\u00e9tait qu&#8217;une question de temps avant que le W-18, dont on dit qu&#8217;il cr\u00e9e un high semblable \u00e0 celui de l&#8217;h\u00e9ro\u00efne tout en \u00e9tant plusieurs fois plus dangereux que le fentanyl, soit utilis\u00e9 de la m\u00eame mani\u00e8re, entra\u00eenant une augmentation des d\u00e9c\u00e8s par surdose. 3 W-18 se pr\u00e9sente \u00e9galement sous forme de poudre blanche, ce qui facilite la confusion avec l&#8217;h\u00e9ro\u00efne ou la version en poudre du fentanyl.<\/p>\n<p>La substance est un opio\u00efde synth\u00e9tique sans application clinique reconnue. Le m\u00e9dicament a \u00e9t\u00e9 cr\u00e9\u00e9 par un groupe de scientifiques canadiens dans les ann\u00e9es 1980 dans le cadre d&#8217;une s\u00e9rie d&#8217;analg\u00e9siques exp\u00e9rimentaux, mais il n&#8217;a jamais \u00e9t\u00e9 test\u00e9 sur des humains. En cons\u00e9quence, la plupart de ses effets ind\u00e9sirables possibles sur les humains sont inconnus\u00a0; le W-18 n&#8217;a jamais \u00e9t\u00e9 \u00e9valu\u00e9 que sur des souris de laboratoire.<\/p>\n<p>Le W-18 est 100\u00a0fois plus puissant que le fentanyl en termes de puissance. Le fentanyl est un m\u00e9dicament 100 fois plus puissant que la morphine. Le W-18 est 10 000 fois plus puissant que les opiac\u00e9s traditionnels.<\/p>\n","protected":false},"excerpt":{"rendered":"<p>Acheter des pilules W-18 \u00e0 vendre aux \u00c9tats-Unis, au Canada, au Royaume-Uni, en Asie et en Europe en ligne Notre exp\u00e9dition et notre livraison sont 100\u00a0% s\u00fbres, s\u00e9curis\u00e9es et discr\u00e8tes.<\/p>\n","protected":false},"featured_media":7969,"comment_status":"open","ping_status":"closed","template":"","meta":{"inline_featured_image":false},"product_brand":[],"product_cat":[116],"product_tag":[497,466,476,465,462,463,468,469,470,472,473,464,474,471,475,467,477,478,501,480,481,491,479,461,506,505,482,492,495,483,484,486,485,487,489,490,494,496,493,499,500,498,502,503,504,488],"class_list":{"0":"post-7964","1":"product","2":"type-product","3":"status-publish","4":"has-post-thumbnail","6":"product_cat-pain-killers","7":"product_tag-w-18-commande","8":"product_tag-acheter-w-18-drogues","9":"product_tag-acheter-w-18-pilules","10":"product_tag-acheter-w-18-drogue-en-ligne","11":"product_tag-acheter-w-18","12":"product_tag-acheter-w-18-2mg-en-ligne","13":"product_tag-acheter-w-18--vendre","14":"product_tag-acheter-w-18-pour-vendre-usa-en-ligne","15":"product_tag-acheter-w-18-allemagne-en-ligne","16":"product_tag-acheter-w-18-au-canada","17":"product_tag-acheter-w-18-au-royaume-uni","18":"product_tag-acheter-w-18-australie","19":"product_tag-acheter-w-18-aux-etats-unis","20":"product_tag-acheter-w-18-en-australie","21":"product_tag-acheter-w-18-en-ligne","22":"product_tag-acheter-w-18-europe","23":"product_tag-acheter-w-18-fr","24":"product_tag-acheter-w-18-usa","25":"product_tag-w-18-pilules-commande","26":"product_tag-commande-w-18-en-vente","27":"product_tag-commande-w-18-en-ligne","28":"product_tag-effet-w-18","29":"product_tag-is-w-18-legal","30":"product_tag-meilleur-endroit-pour-acheter-w-18-en-ligne","31":"product_tag-o-acheter-w-18-pilules","32":"product_tag-o-acheter-w-18-en-ligne","33":"product_tag-qualit-w-18-a-vendre","34":"product_tag-w-18--vendre","35":"product_tag-w-18-achat-en-ligne","36":"product_tag-w-18-acheter","37":"product_tag-w-18-acheter-canada","38":"product_tag-w-18-acheter-fr","39":"product_tag-w-18-acheter-en-ligne","40":"product_tag-w-18-acheter-usa","41":"product_tag-w-18-drogues","42":"product_tag-w-18-drugs-for-sale","43":"product_tag-w-18-en-ligne","44":"product_tag-w-18-en-ligne-aux-etats-unis","45":"product_tag-w-18-en-vente-en-ligne","46":"product_tag-w-18-pills-effect","47":"product_tag-w-18-pilules-en-vente","48":"product_tag-w-18-pilules-acheter","49":"product_tag-w-18-pilules-gros","50":"product_tag-w-18-prix-en-ligne","51":"product_tag-w-18-reddit","52":"product_tag-w-18-secondes","54":"first","55":"instock","56":"shipping-taxable","57":"purchasable","58":"product-type-variable","59":"has-default-attributes"},"yoast_head":"<!-- This site is optimized with the Yoast SEO Premium plugin v19.2 (Yoast SEO v27.3) - https:\/\/yoast.com\/product\/yoast-seo-premium-wordpress\/ -->\n<title>Acheter des pilules W-18 en ligne- Everyday Chem Shop<\/title>\n<meta name=\"description\" content=\"Acheter des pilules W-18 en ligne. Nous vendons des pilules W-18 en ligne. Veuillez nous contacter pour plus d&#039;informations pour plus d&#039;informations et les prix.\" \/>\n<meta name=\"robots\" content=\"index, follow, max-snippet:-1, max-image-preview:large, max-video-preview:-1\" \/>\n<link rel=\"canonical\" href=\"https:\/\/everydaychemshop.com\/fr\/product\/acheter-w-18-pilules\/\" \/>\n<meta property=\"og:locale\" content=\"en_US\" \/>\n<meta property=\"og:type\" content=\"article\" \/>\n<meta property=\"og:title\" content=\"Acheter des pilules W-18\" \/>\n<meta property=\"og:description\" content=\"Acheter des pilules W-18 en ligne. Nous vendons des pilules W-18 en ligne. Veuillez nous contacter pour plus d&#039;informations pour plus d&#039;informations et les prix.\" \/>\n<meta property=\"og:url\" content=\"https:\/\/everydaychemshop.com\/fr\/product\/acheter-w-18-pilules\/\" \/>\n<meta property=\"og:site_name\" content=\"Everyday Chem Shop\" \/>\n<meta property=\"article:modified_time\" content=\"2023-04-07T11:40:38+00:00\" \/>\n<meta property=\"og:image\" content=\"https:\/\/everydaychemshop.com\/fr\/wp-content\/uploads\/sites\/5\/2022\/11\/Buy-W-18-Pills.jpg\" \/>\n\t<meta property=\"og:image:width\" content=\"840\" \/>\n\t<meta property=\"og:image:height\" content=\"781\" \/>\n\t<meta property=\"og:image:type\" content=\"image\/jpeg\" \/>\n<meta name=\"twitter:card\" content=\"summary_large_image\" \/>\n<meta name=\"twitter:label1\" content=\"Est. reading time\" \/>\n\t<meta name=\"twitter:data1\" content=\"4 minutes\" \/>\n<script type=\"application\/ld+json\" class=\"yoast-schema-graph\">{\"@context\":\"https:\\\/\\\/schema.org\",\"@graph\":[{\"@type\":\"WebPage\",\"@id\":\"https:\\\/\\\/everydaychemshop.com\\\/fr\\\/product\\\/acheter-w-18-pilules\\\/\",\"url\":\"https:\\\/\\\/everydaychemshop.com\\\/fr\\\/product\\\/acheter-w-18-pilules\\\/\",\"name\":\"Acheter des pilules W-18 en ligne- Everyday Chem Shop\",\"isPartOf\":{\"@id\":\"https:\\\/\\\/everydaychemshop.com\\\/fr\\\/#website\"},\"primaryImageOfPage\":{\"@id\":\"https:\\\/\\\/everydaychemshop.com\\\/fr\\\/product\\\/acheter-w-18-pilules\\\/#primaryimage\"},\"image\":{\"@id\":\"https:\\\/\\\/everydaychemshop.com\\\/fr\\\/product\\\/acheter-w-18-pilules\\\/#primaryimage\"},\"thumbnailUrl\":\"https:\\\/\\\/everydaychemshop.com\\\/fr\\\/wp-content\\\/uploads\\\/sites\\\/5\\\/2022\\\/11\\\/Buy-W-18-Pills.jpg\",\"datePublished\":\"2022-11-17T10:07:48+00:00\",\"dateModified\":\"2023-04-07T11:40:38+00:00\",\"description\":\"Acheter des pilules W-18 en ligne. Nous vendons des pilules W-18 en ligne. Veuillez nous contacter pour plus d'informations pour plus d'informations et les prix.\",\"breadcrumb\":{\"@id\":\"https:\\\/\\\/everydaychemshop.com\\\/fr\\\/product\\\/acheter-w-18-pilules\\\/#breadcrumb\"},\"inLanguage\":\"en-US\",\"potentialAction\":[{\"@type\":\"ReadAction\",\"target\":[\"https:\\\/\\\/everydaychemshop.com\\\/fr\\\/product\\\/acheter-w-18-pilules\\\/\"]}]},{\"@type\":\"ImageObject\",\"inLanguage\":\"en-US\",\"@id\":\"https:\\\/\\\/everydaychemshop.com\\\/fr\\\/product\\\/acheter-w-18-pilules\\\/#primaryimage\",\"url\":\"https:\\\/\\\/everydaychemshop.com\\\/fr\\\/wp-content\\\/uploads\\\/sites\\\/5\\\/2022\\\/11\\\/Buy-W-18-Pills.jpg\",\"contentUrl\":\"https:\\\/\\\/everydaychemshop.com\\\/fr\\\/wp-content\\\/uploads\\\/sites\\\/5\\\/2022\\\/11\\\/Buy-W-18-Pills.jpg\",\"width\":840,\"height\":781,\"caption\":\"Acheter des pilules W-18 en ligne\"},{\"@type\":\"BreadcrumbList\",\"@id\":\"https:\\\/\\\/everydaychemshop.com\\\/fr\\\/product\\\/acheter-w-18-pilules\\\/#breadcrumb\",\"itemListElement\":[{\"@type\":\"ListItem\",\"position\":1,\"name\":\"Home\",\"item\":\"https:\\\/\\\/everydaychemshop.com\\\/fr\\\/\"},{\"@type\":\"ListItem\",\"position\":2,\"name\":\"Des produits\",\"item\":\"https:\\\/\\\/everydaychemshop.com\\\/fr\\\/des-produits\\\/\"},{\"@type\":\"ListItem\",\"position\":3,\"name\":\"Acheter des pilules W-18\"}]},{\"@type\":\"WebSite\",\"@id\":\"https:\\\/\\\/everydaychemshop.com\\\/fr\\\/#website\",\"url\":\"https:\\\/\\\/everydaychemshop.com\\\/fr\\\/\",\"name\":\"Everyday Chem Shop\",\"description\":\"\",\"potentialAction\":[{\"@type\":\"SearchAction\",\"target\":{\"@type\":\"EntryPoint\",\"urlTemplate\":\"https:\\\/\\\/everydaychemshop.com\\\/fr\\\/?s={search_term_string}\"},\"query-input\":{\"@type\":\"PropertyValueSpecification\",\"valueRequired\":true,\"valueName\":\"search_term_string\"}}],\"inLanguage\":\"en-US\"}]}<\/script>\n<!-- \/ Yoast SEO Premium plugin. -->","yoast_head_json":{"title":"Acheter des pilules W-18 en ligne- Everyday Chem Shop","description":"Acheter des pilules W-18 en ligne. Nous vendons des pilules W-18 en ligne. Veuillez nous contacter pour plus d'informations pour plus d'informations et les prix.","robots":{"index":"index","follow":"follow","max-snippet":"max-snippet:-1","max-image-preview":"max-image-preview:large","max-video-preview":"max-video-preview:-1"},"canonical":"https:\/\/everydaychemshop.com\/fr\/product\/acheter-w-18-pilules\/","og_locale":"en_US","og_type":"article","og_title":"Acheter des pilules W-18","og_description":"Acheter des pilules W-18 en ligne. Nous vendons des pilules W-18 en ligne. Veuillez nous contacter pour plus d'informations pour plus d'informations et les prix.","og_url":"https:\/\/everydaychemshop.com\/fr\/product\/acheter-w-18-pilules\/","og_site_name":"Everyday Chem Shop","article_modified_time":"2023-04-07T11:40:38+00:00","og_image":[{"width":840,"height":781,"url":"https:\/\/everydaychemshop.com\/fr\/wp-content\/uploads\/sites\/5\/2022\/11\/Buy-W-18-Pills.jpg","type":"image\/jpeg"}],"twitter_card":"summary_large_image","twitter_misc":{"Est. reading time":"4 minutes"},"schema":{"@context":"https:\/\/schema.org","@graph":[{"@type":"WebPage","@id":"https:\/\/everydaychemshop.com\/fr\/product\/acheter-w-18-pilules\/","url":"https:\/\/everydaychemshop.com\/fr\/product\/acheter-w-18-pilules\/","name":"Acheter des pilules W-18 en ligne- Everyday Chem Shop","isPartOf":{"@id":"https:\/\/everydaychemshop.com\/fr\/#website"},"primaryImageOfPage":{"@id":"https:\/\/everydaychemshop.com\/fr\/product\/acheter-w-18-pilules\/#primaryimage"},"image":{"@id":"https:\/\/everydaychemshop.com\/fr\/product\/acheter-w-18-pilules\/#primaryimage"},"thumbnailUrl":"https:\/\/everydaychemshop.com\/fr\/wp-content\/uploads\/sites\/5\/2022\/11\/Buy-W-18-Pills.jpg","datePublished":"2022-11-17T10:07:48+00:00","dateModified":"2023-04-07T11:40:38+00:00","description":"Acheter des pilules W-18 en ligne. Nous vendons des pilules W-18 en ligne. Veuillez nous contacter pour plus d'informations pour plus d'informations et les prix.","breadcrumb":{"@id":"https:\/\/everydaychemshop.com\/fr\/product\/acheter-w-18-pilules\/#breadcrumb"},"inLanguage":"en-US","potentialAction":[{"@type":"ReadAction","target":["https:\/\/everydaychemshop.com\/fr\/product\/acheter-w-18-pilules\/"]}]},{"@type":"ImageObject","inLanguage":"en-US","@id":"https:\/\/everydaychemshop.com\/fr\/product\/acheter-w-18-pilules\/#primaryimage","url":"https:\/\/everydaychemshop.com\/fr\/wp-content\/uploads\/sites\/5\/2022\/11\/Buy-W-18-Pills.jpg","contentUrl":"https:\/\/everydaychemshop.com\/fr\/wp-content\/uploads\/sites\/5\/2022\/11\/Buy-W-18-Pills.jpg","width":840,"height":781,"caption":"Acheter des pilules W-18 en ligne"},{"@type":"BreadcrumbList","@id":"https:\/\/everydaychemshop.com\/fr\/product\/acheter-w-18-pilules\/#breadcrumb","itemListElement":[{"@type":"ListItem","position":1,"name":"Home","item":"https:\/\/everydaychemshop.com\/fr\/"},{"@type":"ListItem","position":2,"name":"Des produits","item":"https:\/\/everydaychemshop.com\/fr\/des-produits\/"},{"@type":"ListItem","position":3,"name":"Acheter des pilules W-18"}]},{"@type":"WebSite","@id":"https:\/\/everydaychemshop.com\/fr\/#website","url":"https:\/\/everydaychemshop.com\/fr\/","name":"Everyday Chem Shop","description":"","potentialAction":[{"@type":"SearchAction","target":{"@type":"EntryPoint","urlTemplate":"https:\/\/everydaychemshop.com\/fr\/?s={search_term_string}"},"query-input":{"@type":"PropertyValueSpecification","valueRequired":true,"valueName":"search_term_string"}}],"inLanguage":"en-US"}]}},"_links":{"self":[{"href":"https:\/\/everydaychemshop.com\/fr\/wp-json\/wp\/v2\/product\/7964","targetHints":{"allow":["GET"]}}],"collection":[{"href":"https:\/\/everydaychemshop.com\/fr\/wp-json\/wp\/v2\/product"}],"about":[{"href":"https:\/\/everydaychemshop.com\/fr\/wp-json\/wp\/v2\/types\/product"}],"replies":[{"embeddable":true,"href":"https:\/\/everydaychemshop.com\/fr\/wp-json\/wp\/v2\/comments?post=7964"}],"wp:featuredmedia":[{"embeddable":true,"href":"https:\/\/everydaychemshop.com\/fr\/wp-json\/wp\/v2\/media\/7969"}],"wp:attachment":[{"href":"https:\/\/everydaychemshop.com\/fr\/wp-json\/wp\/v2\/media?parent=7964"}],"wp:term":[{"taxonomy":"product_brand","embeddable":true,"href":"https:\/\/everydaychemshop.com\/fr\/wp-json\/wp\/v2\/product_brand?post=7964"},{"taxonomy":"product_cat","embeddable":true,"href":"https:\/\/everydaychemshop.com\/fr\/wp-json\/wp\/v2\/product_cat?post=7964"},{"taxonomy":"product_tag","embeddable":true,"href":"https:\/\/everydaychemshop.com\/fr\/wp-json\/wp\/v2\/product_tag?post=7964"}],"curies":[{"name":"wp","href":"https:\/\/api.w.org\/{rel}","templated":true}]}}