{"id":7970,"date":"2022-11-17T10:15:18","date_gmt":"2022-11-17T10:15:18","guid":{"rendered":"https:\/\/everydaychemshop.com\/fr\/?post_type=product&#038;p=7970"},"modified":"2023-04-07T11:38:42","modified_gmt":"2023-04-07T11:38:42","slug":"acheter-ald-52-buvards","status":"publish","type":"product","link":"https:\/\/everydaychemshop.com\/fr\/product\/acheter-ald-52-buvards\/","title":{"rendered":"Acheter des buvards ALD-52"},"content":{"rendered":"<h1>Acheter des buvards ALD-52 en ligne<\/h1>\n<p><a href=\"https:\/\/everydaychemshop.com\/fr\/product\/acheter-ald-52-buvards\/\">Acheter des buvards ALD-52 en ligne<\/a>. ALD-52 est un m\u00e9dicament de mode qui se d\u00e9marque consolid\u00e9 par divers res chems se sentant li\u00e9 \u00e0 l&#8217;histoire ALD-52 diff\u00e9r\u00e9e et diff\u00e9rents autres noms ALD-52. Les chercheurs ach\u00e8tent l&#8217;ALD-52 en ligne pour l&#8217;utiliser dans le domaine des m\u00e9dicaments, dans des cibles r\u00e9cr\u00e9atives et d&#8217;investigation. Les psychotropes ALD-52 l&#8217;ont rendu indiscutable parmi les travailleurs de laboratoire et les experts en la mati\u00e8re. Un large \u00e9ventail de clients typiques choisit d&#8217;acheter disponible pour \u00eatre achet\u00e9 pour avoir de l&#8217;excitation, avoir de la satisfaction, maintenir des r\u00e9serves d&#8217;\u00e9nergie, augmenter l&#8217;activit\u00e9 sexuelle. pour une mesure de collecte totalement ma\u00eetris\u00e9e. De vastes \u00e9tendues de contribution \u00e0 l&#8217;\u00e9tude des m\u00e9langes fabriqu\u00e9s disponibles \u00e0 l&#8217;achat sont rendues possibles par le march\u00e9 pour <a href=\"https:\/\/en.wikipedia.org\/wiki\/ALD-52\">r\u00e9glementer<\/a> l&#8217;\u00e9tat de fabrication cr\u00e9ant des mesures dans les laboratoires chinois o\u00f9 tous les sels de douche sont fabriqu\u00e9s.<\/p>\n<p>En tant que fournisseur in\u00e9gal\u00e9, notre association prend un int\u00e9r\u00eat direct avec les associations chinoises l\u00e9gitimes. Elle autorise le commerce de sels de douche d&#8217;une qualit\u00e9 irr\u00e9prochable et de premier ordre. ALD-52 est m\u00e9lang\u00e9 sous surveillance totale et comme d\u00e9clar\u00e9 par tous les principes. Mettre de mani\u00e8re d\u00e9cisive les donn\u00e9es coh\u00e9rentes contemporaines mises \u00e0 disposition pour donner la d\u00e9pense la plus \u00e9blouissante sur le meilleur site pour acheter des mat\u00e9riaux d&#8217;ing\u00e9nierie de recherche. Dans les laboratoires chinois, les pastilles ALD-52, les surfaces de taches ALD-52, les poudres ALD-52 sont transport\u00e9es. L&#8217;exp\u00e9diteur ALD-52 exp\u00e9die l&#8217;ALD-52 dans n&#8217;importe quel pays. Une collaboration \u00e9troite avec des fournisseurs l\u00e9gitimes d&#8217;ALD-52 garantit des cons\u00e9quences retard\u00e9es capitales de vos tests et investigations.<\/p>\n<p>Le fournisseur est un cr\u00e9ateur fiable de produits chimiques d&#8217;\u00e9valuation depuis longtemps. Le site a donn\u00e9 aux clients une r\u00e9putation \u00e9crasante dans l&#8217;ensemble du r\u00e9seau res chems. ald 52 \u00e0 vendre, ald 52 acheter, acheter ald 52, ald-52 acheter En tant que fournisseurs RC dignes de confiance, aidez chaque jour l&#8217;organisation avec des cadres exp\u00e9riment\u00e9s par le biais de conversations en direct, qui disposent de donn\u00e9es importantes pour vous aider en cas de probl\u00e8me.<\/p>\n<p>Sur les conversations exceptionnelles d&#8217;ing\u00e9nierie d&#8217;enqu\u00eate disponibles pour \u00eatre achet\u00e9es existant sur le Web, vous pouvez trouver des r\u00e9actions positives de nos acheteurs, qui ont \u00e9t\u00e9 actuellement satisfaits des types d&#8217;aide offerts et des meilleures choses achet\u00e9es sur ce site en ligne<\/p>\n","protected":false},"excerpt":{"rendered":"<p><em>ALD<\/em>\u2013<em>52<\/em>\u00a0\u00e0 vendre en Europe,\u00a0<em>acheter<\/em>\u00a0avec Bitcoin, exp\u00e9dition discr\u00e8te depuis l&#8217;UE. <em>Acheter ALD<\/em>\u2013<em>52 buvards<\/em>,\u00a0<em>ALD<\/em>\u2013<em>52<\/em>\u00a0poudre brute, fournisseur de produits chimiques de recherche.<\/p>\n","protected":false},"featured_media":7979,"comment_status":"open","ping_status":"closed","template":"","meta":{"inline_featured_image":false},"product_brand":[],"product_cat":[116],"product_tag":[],"class_list":{"0":"post-7970","1":"product","2":"type-product","3":"status-publish","4":"has-post-thumbnail","6":"product_cat-pain-killers","8":"first","9":"instock","10":"shipping-taxable","11":"purchasable","12":"product-type-variable","13":"has-default-attributes"},"yoast_head":"<!-- This site is optimized with the Yoast SEO Premium plugin v19.2 (Yoast SEO v27.3) - https:\/\/yoast.com\/product\/yoast-seo-premium-wordpress\/ -->\n<title>Acheter des buvards ALD-52 en ligne - Everyday Chem Shop<\/title>\n<meta name=\"description\" content=\"Acheter des buvards ALD-52 en ligne. Nous vendons en ligne des buvards ALD-52 de la meilleure qualit\u00e9. Veuillez contacter pour plus d&#039;informations et les prix.\" \/>\n<meta name=\"robots\" content=\"index, follow, max-snippet:-1, max-image-preview:large, max-video-preview:-1\" \/>\n<link rel=\"canonical\" href=\"https:\/\/everydaychemshop.com\/fr\/product\/acheter-ald-52-buvards\/\" \/>\n<meta property=\"og:locale\" content=\"en_US\" \/>\n<meta property=\"og:type\" content=\"article\" \/>\n<meta property=\"og:title\" content=\"Acheter des buvards ALD-52\" \/>\n<meta property=\"og:description\" content=\"Acheter des buvards ALD-52 en ligne. Nous vendons en ligne des buvards ALD-52 de la meilleure qualit\u00e9. Veuillez contacter pour plus d&#039;informations et les prix.\" \/>\n<meta property=\"og:url\" content=\"https:\/\/everydaychemshop.com\/fr\/product\/acheter-ald-52-buvards\/\" \/>\n<meta property=\"og:site_name\" content=\"Everyday Chem Shop\" \/>\n<meta property=\"article:modified_time\" content=\"2023-04-07T11:38:42+00:00\" \/>\n<meta property=\"og:image\" content=\"https:\/\/everydaychemshop.com\/fr\/wp-content\/uploads\/sites\/5\/2022\/11\/Buy-ALD-52-Blotters.jpg\" \/>\n\t<meta property=\"og:image:width\" content=\"350\" \/>\n\t<meta property=\"og:image:height\" content=\"350\" \/>\n\t<meta property=\"og:image:type\" content=\"image\/jpeg\" \/>\n<meta name=\"twitter:card\" content=\"summary_large_image\" \/>\n<meta name=\"twitter:label1\" content=\"Est. reading time\" \/>\n\t<meta name=\"twitter:data1\" content=\"2 minutes\" \/>\n<script type=\"application\/ld+json\" class=\"yoast-schema-graph\">{\"@context\":\"https:\\\/\\\/schema.org\",\"@graph\":[{\"@type\":\"WebPage\",\"@id\":\"https:\\\/\\\/everydaychemshop.com\\\/fr\\\/product\\\/acheter-ald-52-buvards\\\/\",\"url\":\"https:\\\/\\\/everydaychemshop.com\\\/fr\\\/product\\\/acheter-ald-52-buvards\\\/\",\"name\":\"Acheter des buvards ALD-52 en ligne - Everyday Chem Shop\",\"isPartOf\":{\"@id\":\"https:\\\/\\\/everydaychemshop.com\\\/fr\\\/#website\"},\"primaryImageOfPage\":{\"@id\":\"https:\\\/\\\/everydaychemshop.com\\\/fr\\\/product\\\/acheter-ald-52-buvards\\\/#primaryimage\"},\"image\":{\"@id\":\"https:\\\/\\\/everydaychemshop.com\\\/fr\\\/product\\\/acheter-ald-52-buvards\\\/#primaryimage\"},\"thumbnailUrl\":\"https:\\\/\\\/everydaychemshop.com\\\/fr\\\/wp-content\\\/uploads\\\/sites\\\/5\\\/2022\\\/11\\\/Buy-ALD-52-Blotters.jpg\",\"datePublished\":\"2022-11-17T10:15:18+00:00\",\"dateModified\":\"2023-04-07T11:38:42+00:00\",\"description\":\"Acheter des buvards ALD-52 en ligne. Nous vendons en ligne des buvards ALD-52 de la meilleure qualit\u00e9. Veuillez contacter pour plus d'informations et les prix.\",\"breadcrumb\":{\"@id\":\"https:\\\/\\\/everydaychemshop.com\\\/fr\\\/product\\\/acheter-ald-52-buvards\\\/#breadcrumb\"},\"inLanguage\":\"en-US\",\"potentialAction\":[{\"@type\":\"ReadAction\",\"target\":[\"https:\\\/\\\/everydaychemshop.com\\\/fr\\\/product\\\/acheter-ald-52-buvards\\\/\"]}]},{\"@type\":\"ImageObject\",\"inLanguage\":\"en-US\",\"@id\":\"https:\\\/\\\/everydaychemshop.com\\\/fr\\\/product\\\/acheter-ald-52-buvards\\\/#primaryimage\",\"url\":\"https:\\\/\\\/everydaychemshop.com\\\/fr\\\/wp-content\\\/uploads\\\/sites\\\/5\\\/2022\\\/11\\\/Buy-ALD-52-Blotters.jpg\",\"contentUrl\":\"https:\\\/\\\/everydaychemshop.com\\\/fr\\\/wp-content\\\/uploads\\\/sites\\\/5\\\/2022\\\/11\\\/Buy-ALD-52-Blotters.jpg\",\"width\":350,\"height\":350,\"caption\":\"Acheter des buvards ALD-52 en ligne\"},{\"@type\":\"BreadcrumbList\",\"@id\":\"https:\\\/\\\/everydaychemshop.com\\\/fr\\\/product\\\/acheter-ald-52-buvards\\\/#breadcrumb\",\"itemListElement\":[{\"@type\":\"ListItem\",\"position\":1,\"name\":\"Home\",\"item\":\"https:\\\/\\\/everydaychemshop.com\\\/fr\\\/\"},{\"@type\":\"ListItem\",\"position\":2,\"name\":\"Des produits\",\"item\":\"https:\\\/\\\/everydaychemshop.com\\\/fr\\\/des-produits\\\/\"},{\"@type\":\"ListItem\",\"position\":3,\"name\":\"Acheter des buvards ALD-52\"}]},{\"@type\":\"WebSite\",\"@id\":\"https:\\\/\\\/everydaychemshop.com\\\/fr\\\/#website\",\"url\":\"https:\\\/\\\/everydaychemshop.com\\\/fr\\\/\",\"name\":\"Everyday Chem Shop\",\"description\":\"\",\"potentialAction\":[{\"@type\":\"SearchAction\",\"target\":{\"@type\":\"EntryPoint\",\"urlTemplate\":\"https:\\\/\\\/everydaychemshop.com\\\/fr\\\/?s={search_term_string}\"},\"query-input\":{\"@type\":\"PropertyValueSpecification\",\"valueRequired\":true,\"valueName\":\"search_term_string\"}}],\"inLanguage\":\"en-US\"}]}<\/script>\n<!-- \/ Yoast SEO Premium plugin. -->","yoast_head_json":{"title":"Acheter des buvards ALD-52 en ligne - Everyday Chem Shop","description":"Acheter des buvards ALD-52 en ligne. Nous vendons en ligne des buvards ALD-52 de la meilleure qualit\u00e9. Veuillez contacter pour plus d'informations et les prix.","robots":{"index":"index","follow":"follow","max-snippet":"max-snippet:-1","max-image-preview":"max-image-preview:large","max-video-preview":"max-video-preview:-1"},"canonical":"https:\/\/everydaychemshop.com\/fr\/product\/acheter-ald-52-buvards\/","og_locale":"en_US","og_type":"article","og_title":"Acheter des buvards ALD-52","og_description":"Acheter des buvards ALD-52 en ligne. Nous vendons en ligne des buvards ALD-52 de la meilleure qualit\u00e9. Veuillez contacter pour plus d'informations et les prix.","og_url":"https:\/\/everydaychemshop.com\/fr\/product\/acheter-ald-52-buvards\/","og_site_name":"Everyday Chem Shop","article_modified_time":"2023-04-07T11:38:42+00:00","og_image":[{"width":350,"height":350,"url":"https:\/\/everydaychemshop.com\/fr\/wp-content\/uploads\/sites\/5\/2022\/11\/Buy-ALD-52-Blotters.jpg","type":"image\/jpeg"}],"twitter_card":"summary_large_image","twitter_misc":{"Est. reading time":"2 minutes"},"schema":{"@context":"https:\/\/schema.org","@graph":[{"@type":"WebPage","@id":"https:\/\/everydaychemshop.com\/fr\/product\/acheter-ald-52-buvards\/","url":"https:\/\/everydaychemshop.com\/fr\/product\/acheter-ald-52-buvards\/","name":"Acheter des buvards ALD-52 en ligne - Everyday Chem Shop","isPartOf":{"@id":"https:\/\/everydaychemshop.com\/fr\/#website"},"primaryImageOfPage":{"@id":"https:\/\/everydaychemshop.com\/fr\/product\/acheter-ald-52-buvards\/#primaryimage"},"image":{"@id":"https:\/\/everydaychemshop.com\/fr\/product\/acheter-ald-52-buvards\/#primaryimage"},"thumbnailUrl":"https:\/\/everydaychemshop.com\/fr\/wp-content\/uploads\/sites\/5\/2022\/11\/Buy-ALD-52-Blotters.jpg","datePublished":"2022-11-17T10:15:18+00:00","dateModified":"2023-04-07T11:38:42+00:00","description":"Acheter des buvards ALD-52 en ligne. Nous vendons en ligne des buvards ALD-52 de la meilleure qualit\u00e9. Veuillez contacter pour plus d'informations et les prix.","breadcrumb":{"@id":"https:\/\/everydaychemshop.com\/fr\/product\/acheter-ald-52-buvards\/#breadcrumb"},"inLanguage":"en-US","potentialAction":[{"@type":"ReadAction","target":["https:\/\/everydaychemshop.com\/fr\/product\/acheter-ald-52-buvards\/"]}]},{"@type":"ImageObject","inLanguage":"en-US","@id":"https:\/\/everydaychemshop.com\/fr\/product\/acheter-ald-52-buvards\/#primaryimage","url":"https:\/\/everydaychemshop.com\/fr\/wp-content\/uploads\/sites\/5\/2022\/11\/Buy-ALD-52-Blotters.jpg","contentUrl":"https:\/\/everydaychemshop.com\/fr\/wp-content\/uploads\/sites\/5\/2022\/11\/Buy-ALD-52-Blotters.jpg","width":350,"height":350,"caption":"Acheter des buvards ALD-52 en ligne"},{"@type":"BreadcrumbList","@id":"https:\/\/everydaychemshop.com\/fr\/product\/acheter-ald-52-buvards\/#breadcrumb","itemListElement":[{"@type":"ListItem","position":1,"name":"Home","item":"https:\/\/everydaychemshop.com\/fr\/"},{"@type":"ListItem","position":2,"name":"Des produits","item":"https:\/\/everydaychemshop.com\/fr\/des-produits\/"},{"@type":"ListItem","position":3,"name":"Acheter des buvards ALD-52"}]},{"@type":"WebSite","@id":"https:\/\/everydaychemshop.com\/fr\/#website","url":"https:\/\/everydaychemshop.com\/fr\/","name":"Everyday Chem Shop","description":"","potentialAction":[{"@type":"SearchAction","target":{"@type":"EntryPoint","urlTemplate":"https:\/\/everydaychemshop.com\/fr\/?s={search_term_string}"},"query-input":{"@type":"PropertyValueSpecification","valueRequired":true,"valueName":"search_term_string"}}],"inLanguage":"en-US"}]}},"_links":{"self":[{"href":"https:\/\/everydaychemshop.com\/fr\/wp-json\/wp\/v2\/product\/7970","targetHints":{"allow":["GET"]}}],"collection":[{"href":"https:\/\/everydaychemshop.com\/fr\/wp-json\/wp\/v2\/product"}],"about":[{"href":"https:\/\/everydaychemshop.com\/fr\/wp-json\/wp\/v2\/types\/product"}],"replies":[{"embeddable":true,"href":"https:\/\/everydaychemshop.com\/fr\/wp-json\/wp\/v2\/comments?post=7970"}],"wp:featuredmedia":[{"embeddable":true,"href":"https:\/\/everydaychemshop.com\/fr\/wp-json\/wp\/v2\/media\/7979"}],"wp:attachment":[{"href":"https:\/\/everydaychemshop.com\/fr\/wp-json\/wp\/v2\/media?parent=7970"}],"wp:term":[{"taxonomy":"product_brand","embeddable":true,"href":"https:\/\/everydaychemshop.com\/fr\/wp-json\/wp\/v2\/product_brand?post=7970"},{"taxonomy":"product_cat","embeddable":true,"href":"https:\/\/everydaychemshop.com\/fr\/wp-json\/wp\/v2\/product_cat?post=7970"},{"taxonomy":"product_tag","embeddable":true,"href":"https:\/\/everydaychemshop.com\/fr\/wp-json\/wp\/v2\/product_tag?post=7970"}],"curies":[{"name":"wp","href":"https:\/\/api.w.org\/{rel}","templated":true}]}}