{"id":7980,"date":"2022-11-17T10:22:08","date_gmt":"2022-11-17T10:22:08","guid":{"rendered":"https:\/\/everydaychemshop.com\/fr\/?post_type=product&#038;p=7980"},"modified":"2023-04-07T11:37:26","modified_gmt":"2023-04-07T11:37:26","slug":"sels-de-bain-drogue","status":"publish","type":"product","link":"https:\/\/everydaychemshop.com\/fr\/product\/sels-de-bain-drogue\/","title":{"rendered":"Sels de bain Drogue"},"content":{"rendered":"<h1>Acheter des Sels de bain en ligne<\/h1>\n<p><a href=\"https:\/\/everydaychemshop.com\/fr\/product\/sels-de-bain-drogue\/\">Acheter des Sels de bain en ligne<\/a>. Les sels de bain sont une drogue de synth\u00e8se faisant l&#8217;objet d&#8217;abus et des cas d&#8217;intoxication dangereuse ont \u00e9t\u00e9 signal\u00e9s par les services d&#8217;urgence \u00e0 travers les \u00c9tats-Unis. Les &#8220;sels de bain&#8221; ne <a href=\"https:\/\/en.wikipedia.org\/wiki\/Bath_salts_(drug)\">sont<\/a> pas un produit d&#8217;hygi\u00e8ne utilis\u00e9 pour le bain, comme son nom l&#8217;indique, mais sont des cathinones synth\u00e9tiques dangereuses (&#8220;fabriqu\u00e9es par l&#8217;homme&#8221;). Les cathinones sont des stimulants trouv\u00e9s dans la plante de khat, cultiv\u00e9e en Afrique de l&#8217;Est et dans le sud de l&#8217;Arabie. Ces psychotropes sont de puissants stimulants du syst\u00e8me nerveux central qui inhibent le syst\u00e8me de recapture de la dopamine et de la noradr\u00e9naline (neurotransmetteurs dans le cerveau).<\/p>\n","protected":false},"excerpt":{"rendered":"<p>Les sels de bain sont une drogue sur mesure d&#8217;abus avec des rapports d&#8217;intoxication dangereuse des services d&#8217;urgence \u00e0 travers les \u00c9tats-Unis.<\/p>\n","protected":false},"featured_media":7982,"comment_status":"open","ping_status":"closed","template":"","meta":{"inline_featured_image":false},"product_brand":[],"product_cat":[116],"product_tag":[],"class_list":{"0":"post-7980","1":"product","2":"type-product","3":"status-publish","4":"has-post-thumbnail","6":"product_cat-pain-killers","8":"first","9":"instock","10":"shipping-taxable","11":"purchasable","12":"product-type-simple"},"yoast_head":"<!-- This site is optimized with the Yoast SEO Premium plugin v19.2 (Yoast SEO v27.3) - https:\/\/yoast.com\/product\/yoast-seo-premium-wordpress\/ -->\n<title>Acheter des Sels de bain en ligne - Everyday Chem Shop<\/title>\n<meta name=\"description\" content=\"Acheter des Sels de bain en ligne. Nous vendons en ligne des sels de bain de la meilleure qualit\u00e9. Veuillez contacter pour plus d&#039;informations et les prix de votre commande.\" \/>\n<meta name=\"robots\" content=\"index, follow, max-snippet:-1, max-image-preview:large, max-video-preview:-1\" \/>\n<link rel=\"canonical\" href=\"https:\/\/everydaychemshop.com\/fr\/product\/sels-de-bain-drogue\/\" \/>\n<meta property=\"og:locale\" content=\"en_US\" \/>\n<meta property=\"og:type\" content=\"article\" \/>\n<meta property=\"og:title\" content=\"Sels de bain Drogue\" \/>\n<meta property=\"og:description\" content=\"Acheter des Sels de bain en ligne. Nous vendons en ligne des sels de bain de la meilleure qualit\u00e9. Veuillez contacter pour plus d&#039;informations et les prix de votre commande.\" \/>\n<meta property=\"og:url\" content=\"https:\/\/everydaychemshop.com\/fr\/product\/sels-de-bain-drogue\/\" \/>\n<meta property=\"og:site_name\" content=\"Everyday Chem Shop\" \/>\n<meta property=\"article:modified_time\" content=\"2023-04-07T11:37:26+00:00\" \/>\n<meta property=\"og:image\" content=\"https:\/\/everydaychemshop.com\/fr\/wp-content\/uploads\/sites\/5\/2022\/11\/Bath-salts-drug-1.jpg\" \/>\n\t<meta property=\"og:image:width\" content=\"300\" \/>\n\t<meta property=\"og:image:height\" content=\"200\" \/>\n\t<meta property=\"og:image:type\" content=\"image\/jpeg\" \/>\n<meta name=\"twitter:card\" content=\"summary_large_image\" \/>\n<meta name=\"twitter:label1\" content=\"Est. reading time\" \/>\n\t<meta name=\"twitter:data1\" content=\"1 minute\" \/>\n<script type=\"application\/ld+json\" class=\"yoast-schema-graph\">{\"@context\":\"https:\\\/\\\/schema.org\",\"@graph\":[{\"@type\":\"WebPage\",\"@id\":\"https:\\\/\\\/everydaychemshop.com\\\/fr\\\/product\\\/sels-de-bain-drogue\\\/\",\"url\":\"https:\\\/\\\/everydaychemshop.com\\\/fr\\\/product\\\/sels-de-bain-drogue\\\/\",\"name\":\"Acheter des Sels de bain en ligne - Everyday Chem Shop\",\"isPartOf\":{\"@id\":\"https:\\\/\\\/everydaychemshop.com\\\/fr\\\/#website\"},\"primaryImageOfPage\":{\"@id\":\"https:\\\/\\\/everydaychemshop.com\\\/fr\\\/product\\\/sels-de-bain-drogue\\\/#primaryimage\"},\"image\":{\"@id\":\"https:\\\/\\\/everydaychemshop.com\\\/fr\\\/product\\\/sels-de-bain-drogue\\\/#primaryimage\"},\"thumbnailUrl\":\"https:\\\/\\\/everydaychemshop.com\\\/fr\\\/wp-content\\\/uploads\\\/sites\\\/5\\\/2022\\\/11\\\/Bath-salts-drug-1.jpg\",\"datePublished\":\"2022-11-17T10:22:08+00:00\",\"dateModified\":\"2023-04-07T11:37:26+00:00\",\"description\":\"Acheter des Sels de bain en ligne. Nous vendons en ligne des sels de bain de la meilleure qualit\u00e9. Veuillez contacter pour plus d'informations et les prix de votre commande.\",\"breadcrumb\":{\"@id\":\"https:\\\/\\\/everydaychemshop.com\\\/fr\\\/product\\\/sels-de-bain-drogue\\\/#breadcrumb\"},\"inLanguage\":\"en-US\",\"potentialAction\":[{\"@type\":\"ReadAction\",\"target\":[\"https:\\\/\\\/everydaychemshop.com\\\/fr\\\/product\\\/sels-de-bain-drogue\\\/\"]}]},{\"@type\":\"ImageObject\",\"inLanguage\":\"en-US\",\"@id\":\"https:\\\/\\\/everydaychemshop.com\\\/fr\\\/product\\\/sels-de-bain-drogue\\\/#primaryimage\",\"url\":\"https:\\\/\\\/everydaychemshop.com\\\/fr\\\/wp-content\\\/uploads\\\/sites\\\/5\\\/2022\\\/11\\\/Bath-salts-drug-1.jpg\",\"contentUrl\":\"https:\\\/\\\/everydaychemshop.com\\\/fr\\\/wp-content\\\/uploads\\\/sites\\\/5\\\/2022\\\/11\\\/Bath-salts-drug-1.jpg\",\"width\":300,\"height\":200,\"caption\":\"Acheter des Sels de bain en ligne\"},{\"@type\":\"BreadcrumbList\",\"@id\":\"https:\\\/\\\/everydaychemshop.com\\\/fr\\\/product\\\/sels-de-bain-drogue\\\/#breadcrumb\",\"itemListElement\":[{\"@type\":\"ListItem\",\"position\":1,\"name\":\"Home\",\"item\":\"https:\\\/\\\/everydaychemshop.com\\\/fr\\\/\"},{\"@type\":\"ListItem\",\"position\":2,\"name\":\"Des produits\",\"item\":\"https:\\\/\\\/everydaychemshop.com\\\/fr\\\/des-produits\\\/\"},{\"@type\":\"ListItem\",\"position\":3,\"name\":\"Sels de bain Drogue\"}]},{\"@type\":\"WebSite\",\"@id\":\"https:\\\/\\\/everydaychemshop.com\\\/fr\\\/#website\",\"url\":\"https:\\\/\\\/everydaychemshop.com\\\/fr\\\/\",\"name\":\"Everyday Chem Shop\",\"description\":\"\",\"potentialAction\":[{\"@type\":\"SearchAction\",\"target\":{\"@type\":\"EntryPoint\",\"urlTemplate\":\"https:\\\/\\\/everydaychemshop.com\\\/fr\\\/?s={search_term_string}\"},\"query-input\":{\"@type\":\"PropertyValueSpecification\",\"valueRequired\":true,\"valueName\":\"search_term_string\"}}],\"inLanguage\":\"en-US\"}]}<\/script>\n<!-- \/ Yoast SEO Premium plugin. -->","yoast_head_json":{"title":"Acheter des Sels de bain en ligne - Everyday Chem Shop","description":"Acheter des Sels de bain en ligne. Nous vendons en ligne des sels de bain de la meilleure qualit\u00e9. Veuillez contacter pour plus d'informations et les prix de votre commande.","robots":{"index":"index","follow":"follow","max-snippet":"max-snippet:-1","max-image-preview":"max-image-preview:large","max-video-preview":"max-video-preview:-1"},"canonical":"https:\/\/everydaychemshop.com\/fr\/product\/sels-de-bain-drogue\/","og_locale":"en_US","og_type":"article","og_title":"Sels de bain Drogue","og_description":"Acheter des Sels de bain en ligne. Nous vendons en ligne des sels de bain de la meilleure qualit\u00e9. Veuillez contacter pour plus d'informations et les prix de votre commande.","og_url":"https:\/\/everydaychemshop.com\/fr\/product\/sels-de-bain-drogue\/","og_site_name":"Everyday Chem Shop","article_modified_time":"2023-04-07T11:37:26+00:00","og_image":[{"width":300,"height":200,"url":"https:\/\/everydaychemshop.com\/fr\/wp-content\/uploads\/sites\/5\/2022\/11\/Bath-salts-drug-1.jpg","type":"image\/jpeg"}],"twitter_card":"summary_large_image","twitter_misc":{"Est. reading time":"1 minute"},"schema":{"@context":"https:\/\/schema.org","@graph":[{"@type":"WebPage","@id":"https:\/\/everydaychemshop.com\/fr\/product\/sels-de-bain-drogue\/","url":"https:\/\/everydaychemshop.com\/fr\/product\/sels-de-bain-drogue\/","name":"Acheter des Sels de bain en ligne - Everyday Chem Shop","isPartOf":{"@id":"https:\/\/everydaychemshop.com\/fr\/#website"},"primaryImageOfPage":{"@id":"https:\/\/everydaychemshop.com\/fr\/product\/sels-de-bain-drogue\/#primaryimage"},"image":{"@id":"https:\/\/everydaychemshop.com\/fr\/product\/sels-de-bain-drogue\/#primaryimage"},"thumbnailUrl":"https:\/\/everydaychemshop.com\/fr\/wp-content\/uploads\/sites\/5\/2022\/11\/Bath-salts-drug-1.jpg","datePublished":"2022-11-17T10:22:08+00:00","dateModified":"2023-04-07T11:37:26+00:00","description":"Acheter des Sels de bain en ligne. Nous vendons en ligne des sels de bain de la meilleure qualit\u00e9. Veuillez contacter pour plus d'informations et les prix de votre commande.","breadcrumb":{"@id":"https:\/\/everydaychemshop.com\/fr\/product\/sels-de-bain-drogue\/#breadcrumb"},"inLanguage":"en-US","potentialAction":[{"@type":"ReadAction","target":["https:\/\/everydaychemshop.com\/fr\/product\/sels-de-bain-drogue\/"]}]},{"@type":"ImageObject","inLanguage":"en-US","@id":"https:\/\/everydaychemshop.com\/fr\/product\/sels-de-bain-drogue\/#primaryimage","url":"https:\/\/everydaychemshop.com\/fr\/wp-content\/uploads\/sites\/5\/2022\/11\/Bath-salts-drug-1.jpg","contentUrl":"https:\/\/everydaychemshop.com\/fr\/wp-content\/uploads\/sites\/5\/2022\/11\/Bath-salts-drug-1.jpg","width":300,"height":200,"caption":"Acheter des Sels de bain en ligne"},{"@type":"BreadcrumbList","@id":"https:\/\/everydaychemshop.com\/fr\/product\/sels-de-bain-drogue\/#breadcrumb","itemListElement":[{"@type":"ListItem","position":1,"name":"Home","item":"https:\/\/everydaychemshop.com\/fr\/"},{"@type":"ListItem","position":2,"name":"Des produits","item":"https:\/\/everydaychemshop.com\/fr\/des-produits\/"},{"@type":"ListItem","position":3,"name":"Sels de bain Drogue"}]},{"@type":"WebSite","@id":"https:\/\/everydaychemshop.com\/fr\/#website","url":"https:\/\/everydaychemshop.com\/fr\/","name":"Everyday Chem Shop","description":"","potentialAction":[{"@type":"SearchAction","target":{"@type":"EntryPoint","urlTemplate":"https:\/\/everydaychemshop.com\/fr\/?s={search_term_string}"},"query-input":{"@type":"PropertyValueSpecification","valueRequired":true,"valueName":"search_term_string"}}],"inLanguage":"en-US"}]}},"_links":{"self":[{"href":"https:\/\/everydaychemshop.com\/fr\/wp-json\/wp\/v2\/product\/7980","targetHints":{"allow":["GET"]}}],"collection":[{"href":"https:\/\/everydaychemshop.com\/fr\/wp-json\/wp\/v2\/product"}],"about":[{"href":"https:\/\/everydaychemshop.com\/fr\/wp-json\/wp\/v2\/types\/product"}],"replies":[{"embeddable":true,"href":"https:\/\/everydaychemshop.com\/fr\/wp-json\/wp\/v2\/comments?post=7980"}],"wp:featuredmedia":[{"embeddable":true,"href":"https:\/\/everydaychemshop.com\/fr\/wp-json\/wp\/v2\/media\/7982"}],"wp:attachment":[{"href":"https:\/\/everydaychemshop.com\/fr\/wp-json\/wp\/v2\/media?parent=7980"}],"wp:term":[{"taxonomy":"product_brand","embeddable":true,"href":"https:\/\/everydaychemshop.com\/fr\/wp-json\/wp\/v2\/product_brand?post=7980"},{"taxonomy":"product_cat","embeddable":true,"href":"https:\/\/everydaychemshop.com\/fr\/wp-json\/wp\/v2\/product_cat?post=7980"},{"taxonomy":"product_tag","embeddable":true,"href":"https:\/\/everydaychemshop.com\/fr\/wp-json\/wp\/v2\/product_tag?post=7980"}],"curies":[{"name":"wp","href":"https:\/\/api.w.org\/{rel}","templated":true}]}}