{"id":7988,"date":"2022-11-18T17:54:58","date_gmt":"2022-11-18T17:54:58","guid":{"rendered":"https:\/\/everydaychemshop.com\/fr\/?post_type=product&#038;p=7988"},"modified":"2025-01-15T09:14:54","modified_gmt":"2025-01-15T09:14:54","slug":"2-fluoromethamphetamine-2-fma-hcl","status":"publish","type":"product","link":"https:\/\/everydaychemshop.com\/fr\/product\/2-fluoromethamphetamine-2-fma-hcl\/","title":{"rendered":"2-Fluorom\u00e9thamph\u00e9tamine (2-FMA HCl)"},"content":{"rendered":"<h1>Acheter 2-FMA HCl en ligne<\/h1>\n<p><a href=\"https:\/\/everydaychemshop.com\/fr\/product\/2-fluoromethamphetamine-2-fma-hcl\/\">Acheter 2-FMA HCl en ligne<\/a>. 2-FMA est l&#8217;abr\u00e9viation de 2-Fluorom\u00e9thamph\u00e9tamine. Le 2-FMA est un produit chimique de recherche\u00a0qui appartient \u00e0 la classe des amph\u00e9tamines. Le 2-FMA est tr\u00e8s similaire \u00e0 d&#8217;autres stimulants tels que le 2-FA, le 3-FA et le 4-FMA. Il est commun\u00e9ment appel\u00e9 amph\u00e9tamine de substitution. On pense que le 2-FMA produit les r\u00e9sultats de ses recherches en agissant sur les r\u00e9cepteurs de la dopamine et de la noradr\u00e9naline dans le cerveau. Il devient un favori pour les chercheurs de laboratoire qui pr\u00e9f\u00e8rent exp\u00e9rimenter avec des stimulants. Les r\u00e9sultats exp\u00e9rimentaux pour le 2-FMA incluent fr\u00e9quemment la stimulation, l&#8217;euphorie physique, l&#8217;am\u00e9lioration tactile, la d\u00e9rive, l&#8217;augmentation de la libido, l&#8217;am\u00e9lioration de la concentration, la d\u00e9sinhibition, l&#8217;acc\u00e9l\u00e9ration de la pens\u00e9e, la distorsion du <a href=\"https:\/\/en.wikipedia.org\/wiki\/2-Fluoromethamphetamine\">temps<\/a>, l&#8217;appr\u00e9ciation accrue de la musique et l&#8217;am\u00e9lioration de l&#8217;endurance.<\/p>\n<p>&nbsp;<\/p>\n<h2><b>O\u00f9 acheter du 2-FMA\u00a0?<\/b><\/h2>\n<p>Chez Chemical Planet, nous vendons du 2-FMA de tr\u00e8s haute qualit\u00e9, g\u00e9n\u00e9ralement sous forme de poudre. Si vous souhaitez un formulaire diff\u00e9rent, n&#8217;h\u00e9sitez pas \u00e0 nous contacter pour voir si nous en avons un autre disponible, car nous le faisons fr\u00e9quemment. Vous devez avoir au moins 18 ans pour acheter du 2-FMA chez nous et vous devez \u00e9galement \u00eatre en pleine conformit\u00e9 avec les lois sur les produits chimiques de recherche de votre pays. Nos produits chimiques ne sont pas con\u00e7us pour la consommation humaine ou animale, ils sont uniquement destin\u00e9s \u00e0 des fins de recherche.<\/p>\n<p>&nbsp;<\/p>\n<h2><b>L\u00e9galit\u00e9 2-FMA<\/b><\/h2>\n<p>2-FMA est ill\u00e9gal au Canada, en Chine, en Allemagne, en Nouvelle-Z\u00e9lande et au Royaume-Uni. Cela pourrait \u00e9galement \u00eatre ill\u00e9gal dans d&#8217;autres pays dot\u00e9s de lois strictes sur les analogues, comme les \u00c9tats-Unis.<\/p>\n<p><strong>Toujours stocker dans un endroit frais et sec pour une dur\u00e9e de conservation maximale. Ce produit est destin\u00e9 uniquement aux applications m\u00e9dico-l\u00e9gales et de recherche. Il n&#8217;est donc PAS destin\u00e9 \u00e0 la consommation humaine ou \u00e0 des tests in vivo de quelque nature que ce soit sur des animaux ou sur tout organisme vivant.<\/strong><\/p>\n","protected":false},"excerpt":{"rendered":"<p>Qu&#8217;est-ce que le 2-FMA\u00a0? 2-FMA est l&#8217;abr\u00e9viation de 2-fluorom\u00e9thamph\u00e9tamine. Le 2-FMA est un produit chimique de recherche qui appartient \u00e0 la classe des amph\u00e9tamines.<\/p>\n","protected":false},"featured_media":7990,"comment_status":"open","ping_status":"closed","template":"","meta":{"inline_featured_image":false},"product_brand":[],"product_cat":[264],"product_tag":[],"class_list":{"0":"post-7988","1":"product","2":"type-product","3":"status-publish","4":"has-post-thumbnail","6":"product_cat-recherche-chimique","8":"first","9":"instock","10":"shipping-taxable","11":"purchasable","12":"product-type-variable","13":"has-default-attributes"},"yoast_head":"<!-- This site is optimized with the Yoast SEO Premium plugin v19.2 (Yoast SEO v27.3) - https:\/\/yoast.com\/product\/yoast-seo-premium-wordpress\/ -->\n<title>Acheter 2-FMA HCl en ligne - Everyday Chem Shop<\/title>\n<meta name=\"description\" content=\"Acheter 2-FMA HCl en ligne. Nous vendons en ligne la meilleure qualit\u00e9 de 2-FMA HCl. Veuillez contacter pour plus d&#039;informations et les prix sur la fa\u00e7on de commander.\" \/>\n<meta name=\"robots\" content=\"index, follow, max-snippet:-1, max-image-preview:large, max-video-preview:-1\" \/>\n<link rel=\"canonical\" href=\"https:\/\/everydaychemshop.com\/fr\/product\/2-fluoromethamphetamine-2-fma-hcl\/\" \/>\n<meta property=\"og:locale\" content=\"en_US\" \/>\n<meta property=\"og:type\" content=\"article\" \/>\n<meta property=\"og:title\" content=\"2-Fluorom\u00e9thamph\u00e9tamine (2-FMA HCl)\" \/>\n<meta property=\"og:description\" content=\"Acheter 2-FMA HCl en ligne. Nous vendons en ligne la meilleure qualit\u00e9 de 2-FMA HCl. Veuillez contacter pour plus d&#039;informations et les prix sur la fa\u00e7on de commander.\" \/>\n<meta property=\"og:url\" content=\"https:\/\/everydaychemshop.com\/fr\/product\/2-fluoromethamphetamine-2-fma-hcl\/\" \/>\n<meta property=\"og:site_name\" content=\"Everyday Chem Shop\" \/>\n<meta property=\"article:modified_time\" content=\"2025-01-15T09:14:54+00:00\" \/>\n<meta property=\"og:image\" content=\"https:\/\/everydaychemshop.com\/fr\/wp-content\/uploads\/sites\/5\/2022\/11\/2-Fluoromethamphetamine-2-FMA-HCL.png\" \/>\n\t<meta property=\"og:image:width\" content=\"289\" \/>\n\t<meta property=\"og:image:height\" content=\"200\" \/>\n\t<meta property=\"og:image:type\" content=\"image\/png\" \/>\n<meta name=\"twitter:card\" content=\"summary_large_image\" \/>\n<meta name=\"twitter:label1\" content=\"Est. reading time\" \/>\n\t<meta name=\"twitter:data1\" content=\"2 minutes\" \/>\n<script type=\"application\/ld+json\" class=\"yoast-schema-graph\">{\"@context\":\"https:\\\/\\\/schema.org\",\"@graph\":[{\"@type\":\"WebPage\",\"@id\":\"https:\\\/\\\/everydaychemshop.com\\\/fr\\\/product\\\/2-fluoromethamphetamine-2-fma-hcl\\\/\",\"url\":\"https:\\\/\\\/everydaychemshop.com\\\/fr\\\/product\\\/2-fluoromethamphetamine-2-fma-hcl\\\/\",\"name\":\"Acheter 2-FMA HCl en ligne - Everyday Chem Shop\",\"isPartOf\":{\"@id\":\"https:\\\/\\\/everydaychemshop.com\\\/fr\\\/#website\"},\"primaryImageOfPage\":{\"@id\":\"https:\\\/\\\/everydaychemshop.com\\\/fr\\\/product\\\/2-fluoromethamphetamine-2-fma-hcl\\\/#primaryimage\"},\"image\":{\"@id\":\"https:\\\/\\\/everydaychemshop.com\\\/fr\\\/product\\\/2-fluoromethamphetamine-2-fma-hcl\\\/#primaryimage\"},\"thumbnailUrl\":\"https:\\\/\\\/everydaychemshop.com\\\/fr\\\/wp-content\\\/uploads\\\/sites\\\/5\\\/2022\\\/11\\\/2-Fluoromethamphetamine-2-FMA-HCL.png\",\"datePublished\":\"2022-11-18T17:54:58+00:00\",\"dateModified\":\"2025-01-15T09:14:54+00:00\",\"description\":\"Acheter 2-FMA HCl en ligne. Nous vendons en ligne la meilleure qualit\u00e9 de 2-FMA HCl. Veuillez contacter pour plus d'informations et les prix sur la fa\u00e7on de commander.\",\"breadcrumb\":{\"@id\":\"https:\\\/\\\/everydaychemshop.com\\\/fr\\\/product\\\/2-fluoromethamphetamine-2-fma-hcl\\\/#breadcrumb\"},\"inLanguage\":\"en-US\",\"potentialAction\":[{\"@type\":\"ReadAction\",\"target\":[\"https:\\\/\\\/everydaychemshop.com\\\/fr\\\/product\\\/2-fluoromethamphetamine-2-fma-hcl\\\/\"]}]},{\"@type\":\"ImageObject\",\"inLanguage\":\"en-US\",\"@id\":\"https:\\\/\\\/everydaychemshop.com\\\/fr\\\/product\\\/2-fluoromethamphetamine-2-fma-hcl\\\/#primaryimage\",\"url\":\"https:\\\/\\\/everydaychemshop.com\\\/fr\\\/wp-content\\\/uploads\\\/sites\\\/5\\\/2022\\\/11\\\/2-Fluoromethamphetamine-2-FMA-HCL.png\",\"contentUrl\":\"https:\\\/\\\/everydaychemshop.com\\\/fr\\\/wp-content\\\/uploads\\\/sites\\\/5\\\/2022\\\/11\\\/2-Fluoromethamphetamine-2-FMA-HCL.png\",\"width\":289,\"height\":200,\"caption\":\"Acheter 2-FMA HCl en ligne\"},{\"@type\":\"BreadcrumbList\",\"@id\":\"https:\\\/\\\/everydaychemshop.com\\\/fr\\\/product\\\/2-fluoromethamphetamine-2-fma-hcl\\\/#breadcrumb\",\"itemListElement\":[{\"@type\":\"ListItem\",\"position\":1,\"name\":\"Home\",\"item\":\"https:\\\/\\\/everydaychemshop.com\\\/fr\\\/\"},{\"@type\":\"ListItem\",\"position\":2,\"name\":\"Des produits\",\"item\":\"https:\\\/\\\/everydaychemshop.com\\\/fr\\\/des-produits\\\/\"},{\"@type\":\"ListItem\",\"position\":3,\"name\":\"2-Fluorom\u00e9thamph\u00e9tamine (2-FMA HCl)\"}]},{\"@type\":\"WebSite\",\"@id\":\"https:\\\/\\\/everydaychemshop.com\\\/fr\\\/#website\",\"url\":\"https:\\\/\\\/everydaychemshop.com\\\/fr\\\/\",\"name\":\"Everyday Chem Shop\",\"description\":\"\",\"potentialAction\":[{\"@type\":\"SearchAction\",\"target\":{\"@type\":\"EntryPoint\",\"urlTemplate\":\"https:\\\/\\\/everydaychemshop.com\\\/fr\\\/?s={search_term_string}\"},\"query-input\":{\"@type\":\"PropertyValueSpecification\",\"valueRequired\":true,\"valueName\":\"search_term_string\"}}],\"inLanguage\":\"en-US\"}]}<\/script>\n<!-- \/ Yoast SEO Premium plugin. -->","yoast_head_json":{"title":"Acheter 2-FMA HCl en ligne - Everyday Chem Shop","description":"Acheter 2-FMA HCl en ligne. Nous vendons en ligne la meilleure qualit\u00e9 de 2-FMA HCl. Veuillez contacter pour plus d'informations et les prix sur la fa\u00e7on de commander.","robots":{"index":"index","follow":"follow","max-snippet":"max-snippet:-1","max-image-preview":"max-image-preview:large","max-video-preview":"max-video-preview:-1"},"canonical":"https:\/\/everydaychemshop.com\/fr\/product\/2-fluoromethamphetamine-2-fma-hcl\/","og_locale":"en_US","og_type":"article","og_title":"2-Fluorom\u00e9thamph\u00e9tamine (2-FMA HCl)","og_description":"Acheter 2-FMA HCl en ligne. Nous vendons en ligne la meilleure qualit\u00e9 de 2-FMA HCl. Veuillez contacter pour plus d'informations et les prix sur la fa\u00e7on de commander.","og_url":"https:\/\/everydaychemshop.com\/fr\/product\/2-fluoromethamphetamine-2-fma-hcl\/","og_site_name":"Everyday Chem Shop","article_modified_time":"2025-01-15T09:14:54+00:00","og_image":[{"width":289,"height":200,"url":"https:\/\/everydaychemshop.com\/fr\/wp-content\/uploads\/sites\/5\/2022\/11\/2-Fluoromethamphetamine-2-FMA-HCL.png","type":"image\/png"}],"twitter_card":"summary_large_image","twitter_misc":{"Est. reading time":"2 minutes"},"schema":{"@context":"https:\/\/schema.org","@graph":[{"@type":"WebPage","@id":"https:\/\/everydaychemshop.com\/fr\/product\/2-fluoromethamphetamine-2-fma-hcl\/","url":"https:\/\/everydaychemshop.com\/fr\/product\/2-fluoromethamphetamine-2-fma-hcl\/","name":"Acheter 2-FMA HCl en ligne - Everyday Chem Shop","isPartOf":{"@id":"https:\/\/everydaychemshop.com\/fr\/#website"},"primaryImageOfPage":{"@id":"https:\/\/everydaychemshop.com\/fr\/product\/2-fluoromethamphetamine-2-fma-hcl\/#primaryimage"},"image":{"@id":"https:\/\/everydaychemshop.com\/fr\/product\/2-fluoromethamphetamine-2-fma-hcl\/#primaryimage"},"thumbnailUrl":"https:\/\/everydaychemshop.com\/fr\/wp-content\/uploads\/sites\/5\/2022\/11\/2-Fluoromethamphetamine-2-FMA-HCL.png","datePublished":"2022-11-18T17:54:58+00:00","dateModified":"2025-01-15T09:14:54+00:00","description":"Acheter 2-FMA HCl en ligne. Nous vendons en ligne la meilleure qualit\u00e9 de 2-FMA HCl. Veuillez contacter pour plus d'informations et les prix sur la fa\u00e7on de commander.","breadcrumb":{"@id":"https:\/\/everydaychemshop.com\/fr\/product\/2-fluoromethamphetamine-2-fma-hcl\/#breadcrumb"},"inLanguage":"en-US","potentialAction":[{"@type":"ReadAction","target":["https:\/\/everydaychemshop.com\/fr\/product\/2-fluoromethamphetamine-2-fma-hcl\/"]}]},{"@type":"ImageObject","inLanguage":"en-US","@id":"https:\/\/everydaychemshop.com\/fr\/product\/2-fluoromethamphetamine-2-fma-hcl\/#primaryimage","url":"https:\/\/everydaychemshop.com\/fr\/wp-content\/uploads\/sites\/5\/2022\/11\/2-Fluoromethamphetamine-2-FMA-HCL.png","contentUrl":"https:\/\/everydaychemshop.com\/fr\/wp-content\/uploads\/sites\/5\/2022\/11\/2-Fluoromethamphetamine-2-FMA-HCL.png","width":289,"height":200,"caption":"Acheter 2-FMA HCl en ligne"},{"@type":"BreadcrumbList","@id":"https:\/\/everydaychemshop.com\/fr\/product\/2-fluoromethamphetamine-2-fma-hcl\/#breadcrumb","itemListElement":[{"@type":"ListItem","position":1,"name":"Home","item":"https:\/\/everydaychemshop.com\/fr\/"},{"@type":"ListItem","position":2,"name":"Des produits","item":"https:\/\/everydaychemshop.com\/fr\/des-produits\/"},{"@type":"ListItem","position":3,"name":"2-Fluorom\u00e9thamph\u00e9tamine (2-FMA HCl)"}]},{"@type":"WebSite","@id":"https:\/\/everydaychemshop.com\/fr\/#website","url":"https:\/\/everydaychemshop.com\/fr\/","name":"Everyday Chem Shop","description":"","potentialAction":[{"@type":"SearchAction","target":{"@type":"EntryPoint","urlTemplate":"https:\/\/everydaychemshop.com\/fr\/?s={search_term_string}"},"query-input":{"@type":"PropertyValueSpecification","valueRequired":true,"valueName":"search_term_string"}}],"inLanguage":"en-US"}]}},"_links":{"self":[{"href":"https:\/\/everydaychemshop.com\/fr\/wp-json\/wp\/v2\/product\/7988","targetHints":{"allow":["GET"]}}],"collection":[{"href":"https:\/\/everydaychemshop.com\/fr\/wp-json\/wp\/v2\/product"}],"about":[{"href":"https:\/\/everydaychemshop.com\/fr\/wp-json\/wp\/v2\/types\/product"}],"replies":[{"embeddable":true,"href":"https:\/\/everydaychemshop.com\/fr\/wp-json\/wp\/v2\/comments?post=7988"}],"wp:featuredmedia":[{"embeddable":true,"href":"https:\/\/everydaychemshop.com\/fr\/wp-json\/wp\/v2\/media\/7990"}],"wp:attachment":[{"href":"https:\/\/everydaychemshop.com\/fr\/wp-json\/wp\/v2\/media?parent=7988"}],"wp:term":[{"taxonomy":"product_brand","embeddable":true,"href":"https:\/\/everydaychemshop.com\/fr\/wp-json\/wp\/v2\/product_brand?post=7988"},{"taxonomy":"product_cat","embeddable":true,"href":"https:\/\/everydaychemshop.com\/fr\/wp-json\/wp\/v2\/product_cat?post=7988"},{"taxonomy":"product_tag","embeddable":true,"href":"https:\/\/everydaychemshop.com\/fr\/wp-json\/wp\/v2\/product_tag?post=7988"}],"curies":[{"name":"wp","href":"https:\/\/api.w.org\/{rel}","templated":true}]}}