{"id":8024,"date":"2022-11-18T20:42:56","date_gmt":"2022-11-18T20:42:56","guid":{"rendered":"https:\/\/everydaychemshop.com\/fr\/?post_type=product&#038;p=8024"},"modified":"2023-04-07T11:31:43","modified_gmt":"2023-04-07T11:31:43","slug":"acheter-3-fmc-3-fluoromethcathinone","status":"publish","type":"product","link":"https:\/\/everydaychemshop.com\/fr\/product\/acheter-3-fmc-3-fluoromethcathinone\/","title":{"rendered":"Acheter 3-FMC | 3- Fluorom\u00e9thcathinone"},"content":{"rendered":"<h1 class=\"product_title entry-title\">Acheter 3-FMC Poudre en ligne<\/h1>\n<p><a href=\"https:\/\/everydaychemshop.com\/fr\/product\/acheter-3-fmc-3-fluoromethcathinone\/\">Acheter 3-FMC Poudre en ligne<\/a>. La 3-Fluorom\u00e9thcathinone (\u00e9galement connue sous le nom de 3-FMC) est un compos\u00e9 chimique compos\u00e9 chimique de la ph\u00e9n\u00e9thylamine, amph\u00e9tamine, et cathinone classes a C&#8217;est un isom\u00e8re structural de flephedrone (4-fluoromethcathinone).<\/p>\n<p>3-Fluoro<i> L&#8217;iso<\/i>m\u00e9thcathinone est un sous-produit de la synth\u00e8se du 3-FMC.<\/p>\n<p>Achetez du 3-FMC en poudre en gros. Prix \u200b\u200bde gros <a href=\"https:\/\/en.wikipedia.org\/wiki\/3-Fluoromethcathinone\">bon<\/a> march\u00e9 garanti.<\/p>\n<p>La poudre de 3-FMC est un stimulant des classes chimiques de la ph\u00e9n\u00e9thylamine, de l&#8217;amph\u00e9tamine et de la cathinone et est l&#8217;isom\u00e8re structurel du 4-FMC (Flephedrone)<br \/>\n(RS)-1- (3-Fluoroph\u00e9nyl)-2-m\u00e9thylaminopropan-1-one<\/p>\n<p>Utilisation de r\u00e9actif uniquement<\/p>\n<p>Acheter 3-FMC poudre Europe, acheter 3-FMC cristal au Canada, o\u00f9 acheter 3- FMC FMC en ligne, acheter 3-FMC \u00e0 vendre, 3-FMC en ligne, acheter 3-FMC en ligne, 3-FMC acheter au Canada, 3-FMC acheter au Royaume-Uni, qualit\u00e9 3-FMC \u00e0 vendre, 3-FMC \u00e0 vendre en ligne, 3- FMC \u00e0 vendre USA en ligne, Acheter 3-FMC en ligne, 3-FMC Poudre \u00e0 vendre en ligne, Acheter granul\u00e9s 3-FPM UK, 3-FPM acheter en ligne, Acheter 3-FMC crystal USA, Acheter 3-FPM en Australie, 3-FMC Acheter de la poudre en ligne, Acheter 3-FMC Europe, Acheter 3-FMC Crystal Canada, O\u00f9 acheter du cristal 3-FPM, Acheter de la poudre 3-FPM \u00e0 vendre, 3-FMC en ligne aux \u00c9tats-Unis, Acheter 3-FMC Germnay en ligne, 3-FMC Poudre Acheter Canada, 3FMC Acheter Royaume-Uni, 3FMC Acheter USA, 3FMC Prix en ligne, Qualit\u00e9 3FMC \u00e0 vendre, 3FMC Poudre \u00e0 vendre, 3FMC Poudre \u00e0 vendre USA en ligne, 3FMC Cristal \u00e0 vendre, Glace 3FMC Poudre l\u00e9gale ,<\/p>\n<p>3-FMC Research Chemical, acheter 3-FMC Research Chemical, 3-FMC Research Chemical, acheter 3-FMC Research Chemical<\/p>\n<p>3- Fluoromethcathinone \u00e0 vendre en ligne, o\u00f9 acheter 3-Fluoromethcathinone Online, 3-Fluoromethcathinone Research Chemical For Sale, 3-Fluoromethcathinone Drugs For Sale, Buy 3-Fluoromethcathinone Online, 3-Fluoromethcathinone Buy UK, 3-Fluoromethcathinone For Sale USA, 3-Fluoromethcathinone for sale in Europe<\/p>\n","protected":false},"excerpt":{"rendered":"<p>Voulez-vous acheter de la poudre 3-FMC en ligne \u00e0 un prix abordable\u00a0? Vous l&#8217;avez ici le mieux avec une haute qualit\u00e9 (puret\u00e9 de 99%). Nos exp\u00e9ditions et livraisons pour les produits chimiques de recherche en poudre 3-FMC sont 100% s\u00fbres, s\u00e9curis\u00e9es et discr\u00e8tes. Fair Price est le principal distributeur de 3-Fluorom\u00e9thcathinone et d&#8217;autres produits connexes dans le monde entier.<br \/>\n3-Fluorom\u00e9thcathinone de haute qualit\u00e9 (3-FMC)<\/p>\n","protected":false},"featured_media":8032,"comment_status":"open","ping_status":"closed","template":"","meta":{"inline_featured_image":false},"product_brand":[],"product_cat":[264],"product_tag":[],"class_list":{"0":"post-8024","1":"product","2":"type-product","3":"status-publish","4":"has-post-thumbnail","6":"product_cat-recherche-chimique","8":"first","9":"instock","10":"shipping-taxable","11":"purchasable","12":"product-type-variable","13":"has-default-attributes"},"yoast_head":"<!-- This site is optimized with the Yoast SEO Premium plugin v19.2 (Yoast SEO v27.3) - https:\/\/yoast.com\/product\/yoast-seo-premium-wordpress\/ -->\n<title>Acheter 3-FMC Poudre en ligne- Everyday Chem Shop<\/title>\n<meta name=\"description\" content=\"Acheter 3-FMC Poudre en ligne. Nous vendons en ligne la meilleure qualit\u00e9 de poudre 3-FMC. Veuillez contacter pour plus d&#039;informations et les prix.\" \/>\n<meta name=\"robots\" content=\"index, follow, max-snippet:-1, max-image-preview:large, max-video-preview:-1\" \/>\n<link rel=\"canonical\" href=\"https:\/\/everydaychemshop.com\/fr\/product\/acheter-3-fmc-3-fluoromethcathinone\/\" \/>\n<meta property=\"og:locale\" content=\"en_US\" \/>\n<meta property=\"og:type\" content=\"article\" \/>\n<meta property=\"og:title\" content=\"Acheter 3-FMC | 3- Fluorom\u00e9thcathinone\" \/>\n<meta property=\"og:description\" content=\"Acheter 3-FMC Poudre en ligne. Nous vendons en ligne la meilleure qualit\u00e9 de poudre 3-FMC. Veuillez contacter pour plus d&#039;informations et les prix.\" \/>\n<meta property=\"og:url\" content=\"https:\/\/everydaychemshop.com\/fr\/product\/acheter-3-fmc-3-fluoromethcathinone\/\" \/>\n<meta property=\"og:site_name\" content=\"Everyday Chem Shop\" \/>\n<meta property=\"article:modified_time\" content=\"2023-04-07T11:31:43+00:00\" \/>\n<meta property=\"og:image\" content=\"https:\/\/everydaychemshop.com\/fr\/wp-content\/uploads\/sites\/5\/2022\/11\/buy-3-FMC.jpg\" \/>\n\t<meta property=\"og:image:width\" content=\"500\" \/>\n\t<meta property=\"og:image:height\" content=\"375\" \/>\n\t<meta property=\"og:image:type\" content=\"image\/jpeg\" \/>\n<meta name=\"twitter:card\" content=\"summary_large_image\" \/>\n<meta name=\"twitter:label1\" content=\"Est. reading time\" \/>\n\t<meta name=\"twitter:data1\" content=\"2 minutes\" \/>\n<script type=\"application\/ld+json\" class=\"yoast-schema-graph\">{\"@context\":\"https:\\\/\\\/schema.org\",\"@graph\":[{\"@type\":\"WebPage\",\"@id\":\"https:\\\/\\\/everydaychemshop.com\\\/fr\\\/product\\\/acheter-3-fmc-3-fluoromethcathinone\\\/\",\"url\":\"https:\\\/\\\/everydaychemshop.com\\\/fr\\\/product\\\/acheter-3-fmc-3-fluoromethcathinone\\\/\",\"name\":\"Acheter 3-FMC Poudre en ligne- Everyday Chem Shop\",\"isPartOf\":{\"@id\":\"https:\\\/\\\/everydaychemshop.com\\\/fr\\\/#website\"},\"primaryImageOfPage\":{\"@id\":\"https:\\\/\\\/everydaychemshop.com\\\/fr\\\/product\\\/acheter-3-fmc-3-fluoromethcathinone\\\/#primaryimage\"},\"image\":{\"@id\":\"https:\\\/\\\/everydaychemshop.com\\\/fr\\\/product\\\/acheter-3-fmc-3-fluoromethcathinone\\\/#primaryimage\"},\"thumbnailUrl\":\"https:\\\/\\\/everydaychemshop.com\\\/fr\\\/wp-content\\\/uploads\\\/sites\\\/5\\\/2022\\\/11\\\/buy-3-FMC.jpg\",\"datePublished\":\"2022-11-18T20:42:56+00:00\",\"dateModified\":\"2023-04-07T11:31:43+00:00\",\"description\":\"Acheter 3-FMC Poudre en ligne. Nous vendons en ligne la meilleure qualit\u00e9 de poudre 3-FMC. Veuillez contacter pour plus d'informations et les prix.\",\"breadcrumb\":{\"@id\":\"https:\\\/\\\/everydaychemshop.com\\\/fr\\\/product\\\/acheter-3-fmc-3-fluoromethcathinone\\\/#breadcrumb\"},\"inLanguage\":\"en-US\",\"potentialAction\":[{\"@type\":\"ReadAction\",\"target\":[\"https:\\\/\\\/everydaychemshop.com\\\/fr\\\/product\\\/acheter-3-fmc-3-fluoromethcathinone\\\/\"]}]},{\"@type\":\"ImageObject\",\"inLanguage\":\"en-US\",\"@id\":\"https:\\\/\\\/everydaychemshop.com\\\/fr\\\/product\\\/acheter-3-fmc-3-fluoromethcathinone\\\/#primaryimage\",\"url\":\"https:\\\/\\\/everydaychemshop.com\\\/fr\\\/wp-content\\\/uploads\\\/sites\\\/5\\\/2022\\\/11\\\/buy-3-FMC.jpg\",\"contentUrl\":\"https:\\\/\\\/everydaychemshop.com\\\/fr\\\/wp-content\\\/uploads\\\/sites\\\/5\\\/2022\\\/11\\\/buy-3-FMC.jpg\",\"width\":500,\"height\":375,\"caption\":\"Acheter 3-FMC Poudre en ligne\"},{\"@type\":\"BreadcrumbList\",\"@id\":\"https:\\\/\\\/everydaychemshop.com\\\/fr\\\/product\\\/acheter-3-fmc-3-fluoromethcathinone\\\/#breadcrumb\",\"itemListElement\":[{\"@type\":\"ListItem\",\"position\":1,\"name\":\"Home\",\"item\":\"https:\\\/\\\/everydaychemshop.com\\\/fr\\\/\"},{\"@type\":\"ListItem\",\"position\":2,\"name\":\"Des produits\",\"item\":\"https:\\\/\\\/everydaychemshop.com\\\/fr\\\/des-produits\\\/\"},{\"@type\":\"ListItem\",\"position\":3,\"name\":\"Acheter 3-FMC | 3- Fluorom\u00e9thcathinone\"}]},{\"@type\":\"WebSite\",\"@id\":\"https:\\\/\\\/everydaychemshop.com\\\/fr\\\/#website\",\"url\":\"https:\\\/\\\/everydaychemshop.com\\\/fr\\\/\",\"name\":\"Everyday Chem Shop\",\"description\":\"\",\"potentialAction\":[{\"@type\":\"SearchAction\",\"target\":{\"@type\":\"EntryPoint\",\"urlTemplate\":\"https:\\\/\\\/everydaychemshop.com\\\/fr\\\/?s={search_term_string}\"},\"query-input\":{\"@type\":\"PropertyValueSpecification\",\"valueRequired\":true,\"valueName\":\"search_term_string\"}}],\"inLanguage\":\"en-US\"}]}<\/script>\n<!-- \/ Yoast SEO Premium plugin. -->","yoast_head_json":{"title":"Acheter 3-FMC Poudre en ligne- Everyday Chem Shop","description":"Acheter 3-FMC Poudre en ligne. Nous vendons en ligne la meilleure qualit\u00e9 de poudre 3-FMC. Veuillez contacter pour plus d'informations et les prix.","robots":{"index":"index","follow":"follow","max-snippet":"max-snippet:-1","max-image-preview":"max-image-preview:large","max-video-preview":"max-video-preview:-1"},"canonical":"https:\/\/everydaychemshop.com\/fr\/product\/acheter-3-fmc-3-fluoromethcathinone\/","og_locale":"en_US","og_type":"article","og_title":"Acheter 3-FMC | 3- Fluorom\u00e9thcathinone","og_description":"Acheter 3-FMC Poudre en ligne. Nous vendons en ligne la meilleure qualit\u00e9 de poudre 3-FMC. Veuillez contacter pour plus d'informations et les prix.","og_url":"https:\/\/everydaychemshop.com\/fr\/product\/acheter-3-fmc-3-fluoromethcathinone\/","og_site_name":"Everyday Chem Shop","article_modified_time":"2023-04-07T11:31:43+00:00","og_image":[{"width":500,"height":375,"url":"https:\/\/everydaychemshop.com\/fr\/wp-content\/uploads\/sites\/5\/2022\/11\/buy-3-FMC.jpg","type":"image\/jpeg"}],"twitter_card":"summary_large_image","twitter_misc":{"Est. reading time":"2 minutes"},"schema":{"@context":"https:\/\/schema.org","@graph":[{"@type":"WebPage","@id":"https:\/\/everydaychemshop.com\/fr\/product\/acheter-3-fmc-3-fluoromethcathinone\/","url":"https:\/\/everydaychemshop.com\/fr\/product\/acheter-3-fmc-3-fluoromethcathinone\/","name":"Acheter 3-FMC Poudre en ligne- Everyday Chem Shop","isPartOf":{"@id":"https:\/\/everydaychemshop.com\/fr\/#website"},"primaryImageOfPage":{"@id":"https:\/\/everydaychemshop.com\/fr\/product\/acheter-3-fmc-3-fluoromethcathinone\/#primaryimage"},"image":{"@id":"https:\/\/everydaychemshop.com\/fr\/product\/acheter-3-fmc-3-fluoromethcathinone\/#primaryimage"},"thumbnailUrl":"https:\/\/everydaychemshop.com\/fr\/wp-content\/uploads\/sites\/5\/2022\/11\/buy-3-FMC.jpg","datePublished":"2022-11-18T20:42:56+00:00","dateModified":"2023-04-07T11:31:43+00:00","description":"Acheter 3-FMC Poudre en ligne. Nous vendons en ligne la meilleure qualit\u00e9 de poudre 3-FMC. Veuillez contacter pour plus d'informations et les prix.","breadcrumb":{"@id":"https:\/\/everydaychemshop.com\/fr\/product\/acheter-3-fmc-3-fluoromethcathinone\/#breadcrumb"},"inLanguage":"en-US","potentialAction":[{"@type":"ReadAction","target":["https:\/\/everydaychemshop.com\/fr\/product\/acheter-3-fmc-3-fluoromethcathinone\/"]}]},{"@type":"ImageObject","inLanguage":"en-US","@id":"https:\/\/everydaychemshop.com\/fr\/product\/acheter-3-fmc-3-fluoromethcathinone\/#primaryimage","url":"https:\/\/everydaychemshop.com\/fr\/wp-content\/uploads\/sites\/5\/2022\/11\/buy-3-FMC.jpg","contentUrl":"https:\/\/everydaychemshop.com\/fr\/wp-content\/uploads\/sites\/5\/2022\/11\/buy-3-FMC.jpg","width":500,"height":375,"caption":"Acheter 3-FMC Poudre en ligne"},{"@type":"BreadcrumbList","@id":"https:\/\/everydaychemshop.com\/fr\/product\/acheter-3-fmc-3-fluoromethcathinone\/#breadcrumb","itemListElement":[{"@type":"ListItem","position":1,"name":"Home","item":"https:\/\/everydaychemshop.com\/fr\/"},{"@type":"ListItem","position":2,"name":"Des produits","item":"https:\/\/everydaychemshop.com\/fr\/des-produits\/"},{"@type":"ListItem","position":3,"name":"Acheter 3-FMC | 3- Fluorom\u00e9thcathinone"}]},{"@type":"WebSite","@id":"https:\/\/everydaychemshop.com\/fr\/#website","url":"https:\/\/everydaychemshop.com\/fr\/","name":"Everyday Chem Shop","description":"","potentialAction":[{"@type":"SearchAction","target":{"@type":"EntryPoint","urlTemplate":"https:\/\/everydaychemshop.com\/fr\/?s={search_term_string}"},"query-input":{"@type":"PropertyValueSpecification","valueRequired":true,"valueName":"search_term_string"}}],"inLanguage":"en-US"}]}},"_links":{"self":[{"href":"https:\/\/everydaychemshop.com\/fr\/wp-json\/wp\/v2\/product\/8024","targetHints":{"allow":["GET"]}}],"collection":[{"href":"https:\/\/everydaychemshop.com\/fr\/wp-json\/wp\/v2\/product"}],"about":[{"href":"https:\/\/everydaychemshop.com\/fr\/wp-json\/wp\/v2\/types\/product"}],"replies":[{"embeddable":true,"href":"https:\/\/everydaychemshop.com\/fr\/wp-json\/wp\/v2\/comments?post=8024"}],"wp:featuredmedia":[{"embeddable":true,"href":"https:\/\/everydaychemshop.com\/fr\/wp-json\/wp\/v2\/media\/8032"}],"wp:attachment":[{"href":"https:\/\/everydaychemshop.com\/fr\/wp-json\/wp\/v2\/media?parent=8024"}],"wp:term":[{"taxonomy":"product_brand","embeddable":true,"href":"https:\/\/everydaychemshop.com\/fr\/wp-json\/wp\/v2\/product_brand?post=8024"},{"taxonomy":"product_cat","embeddable":true,"href":"https:\/\/everydaychemshop.com\/fr\/wp-json\/wp\/v2\/product_cat?post=8024"},{"taxonomy":"product_tag","embeddable":true,"href":"https:\/\/everydaychemshop.com\/fr\/wp-json\/wp\/v2\/product_tag?post=8024"}],"curies":[{"name":"wp","href":"https:\/\/api.w.org\/{rel}","templated":true}]}}