{"id":8033,"date":"2022-11-18T20:51:32","date_gmt":"2022-11-18T20:51:32","guid":{"rendered":"https:\/\/everydaychemshop.com\/fr\/?post_type=product&#038;p=8033"},"modified":"2023-04-07T11:29:43","modified_gmt":"2023-04-07T11:29:43","slug":"3-fpm-3-fluorophenmetrazine","status":"publish","type":"product","link":"https:\/\/everydaychemshop.com\/fr\/product\/3-fpm-3-fluorophenmetrazine\/","title":{"rendered":"3-FPM (3-Fluoroph\u00e9nm\u00e9trazine)"},"content":{"rendered":"<h1>Acheter de la poudre 3-FPM en ligne<\/h1>\n<p><span data-preserver-spaces=\" true\"><a href=\"https:\/\/everydaychemshop.com\/fr\/product\/3-fpm-3-fluorophenmetrazine\/\">Acheter de la poudre 3-FPM en ligne<\/a>. La synth\u00e8se et la pharmacologie du 3-FPM ont \u00e9t\u00e9 rapport\u00e9es pour la premi\u00e8re fois dans un brevet d\u00e9pos\u00e9 en 2011. Des rapports d&#8217;utilisation humaine ont fait surface pour la premi\u00e8re fois au d\u00e9but de 2015 apr\u00e8s sa mise en vente en ligne <\/span><span data-preserver-spaces=\"true\">recherche chimique<\/span><span data-preserver-spaces=\"true\">\u00a0march\u00e9. Achetez 3-FPM Crystal en ligne<\/span><\/p>\n<p><span data-preserver-spaces=\"true\">3-FPM est l&#8217;abr\u00e9viation de 3-fluoroph\u00e9nm\u00e9trazine. Le 3-FPM est un produit chimique de recherche qui poss\u00e8de de solides propri\u00e9t\u00e9s stimulantes. Le 3-FPM appartient \u00e0 la classe des produits chimiques ph\u00e9nol morpholine. Les r\u00e9sultats exp\u00e9rimentaux du 3-FPM sont g\u00e9n\u00e9ralement consid\u00e9r\u00e9s comme tr\u00e8s similaires et presque identiques \u00e0 ceux de l&#8217;amph\u00e9tamine. Les exp\u00e9riences avec 3-FPM am\u00e9liorent g\u00e9n\u00e9ralement la concentration et la motivation, l&#8217;acc\u00e9l\u00e9ration <a href=\"https:\/\/en.wikipedia.org\/wiki\/3-Fluorophenmetrazine\">de<\/a> la pens\u00e9e et l&#8217;euphorie. Cependant, ces r\u00e9sultats sont souvent d\u00e9crits comme moins intenses que l&#8217;amph\u00e9tamine ou d&#8217;autres stimulants. La nervosit\u00e9 et l&#8217;insomnie sont deux signes qui sont g\u00e9n\u00e9ralement moins observ\u00e9s ou observ\u00e9s \u00e0 des taux r\u00e9duits avec le 3-FPM. Acheter de la poudre 3-FPM, 3-FPM \u00e0 vendre en ligne, acheter des granul\u00e9s 3-FPM \u00e0 vendre, acheter du cristal 3-FPM en ligne<\/span><\/p>\n<h2><strong>O\u00f9 acheter 3-FPM\u00a0?<\/strong><\/h2>\n<p><span data-preserver-spaces=\"true\">Ici, chez Best Globel Med, nous avons des -qualit\u00e9 3-FPM \u00e0 vendre. Notre 3-FPM est disponible sous forme de poudre et de granul\u00e9s. Ainsi, quel que soit l&#8217;\u00e9tat chimique que vous pr\u00e9f\u00e9rez entre ces deux options, nous avons ce qu&#8217;il vous faut.<\/span><\/p>\n<p><span data-preserver-spaces=\"true\">Le 3-FPM disponible \u00e0 la vente est uniquement destin\u00e9s \u00e0 des fins de recherche. Il n&#8217;est pas destin\u00e9 \u00e0 un usage interne. Vous devez \u00e9galement avoir plus de 18 ans pour acheter 3-FPM chez nous et \u00eatre en totale conformit\u00e9 avec les lois de votre pays.<\/span><\/p>\n<h2><strong><span data-preserver-spaces=\"true\">Statut l\u00e9gal de 3-FPM<\/span><\/strong><\/h2>\n<p><span data-preserver-spaces=\"true\">Il est ill\u00e9gal d&#8217;acheter, de vendre ou de poss\u00e9der 3-FPM dans Isra\u00ebl, la Suisse et les \u00c9tats-Unis. Au Royaume-Uni, il est consid\u00e9r\u00e9 comme un analogue de la phenm\u00e9trazine, un m\u00e9dicament de l&#8217;annexe II utilis\u00e9 pour la consommation humaine.<\/span><\/p>\n<p><span data-preserver-spaces=\"true\">Toujours conserver au frais , endroit sec pour une dur\u00e9e de conservation maximale. Ce produit est destin\u00e9 uniquement aux applications m\u00e9dico-l\u00e9gales et de recherche. Par cons\u00e9quent, il n&#8217;est PAS destin\u00e9 \u00e0 la consommation humaine ou \u00e0 des tests in vivo de quelque nature que ce soit sur des animaux ou sur tout organisme vivant.<\/span><\/p>\n","protected":false},"excerpt":{"rendered":"<p><span data-preserver-spaces=\"true\">Achetez 3-FMP en ligne. <b>3-Fluoroph\u00e9nm\u00e9trazine\u00a0<\/b>(\u00e9galement appel\u00e9\u00a0<b>3-FPM<\/b>,\u00a0<b>3-FPH<\/b>\u00a0et\u00a0<b>PAL-593<\/b>) est disponible pour vente au Royaume-Uni, aux \u00c9tats-Unis et en Europe (UE). Veuillez l&#8217;acheter sur Fairpricemedical.com avec une haute qualit\u00e9.<\/span><\/p>\n<p><span data-preserver-spaces=\"true\">Achetez de la poudre 3-FMP dans le confort de votre maison ou de votre bureau, et nous le fera exp\u00e9dier et livrer \u00e0 votre adresse.<\/span><\/p>\n","protected":false},"featured_media":8039,"comment_status":"open","ping_status":"closed","template":"","meta":{"inline_featured_image":false},"product_brand":[],"product_cat":[264],"product_tag":[],"class_list":{"0":"post-8033","1":"product","2":"type-product","3":"status-publish","4":"has-post-thumbnail","6":"product_cat-recherche-chimique","8":"first","9":"instock","10":"shipping-taxable","11":"purchasable","12":"product-type-variable","13":"has-default-attributes"},"yoast_head":"<!-- This site is optimized with the Yoast SEO Premium plugin v19.2 (Yoast SEO v27.3) - https:\/\/yoast.com\/product\/yoast-seo-premium-wordpress\/ -->\n<title>Acheter de la poudre 3-FPM en ligne - Everyday Chem Shop<\/title>\n<meta name=\"description\" content=\"Acheter de la poudre 3-FPM en ligne. Nous vendons en ligne la poudre 3-FPM de la meilleure qualit\u00e9. Veuillez nous contacter pour plus d&#039;informations et les prix.\" \/>\n<meta name=\"robots\" content=\"index, follow, max-snippet:-1, max-image-preview:large, max-video-preview:-1\" \/>\n<link rel=\"canonical\" href=\"https:\/\/everydaychemshop.com\/fr\/product\/3-fpm-3-fluorophenmetrazine\/\" \/>\n<meta property=\"og:locale\" content=\"en_US\" \/>\n<meta property=\"og:type\" content=\"article\" \/>\n<meta property=\"og:title\" content=\"3-FPM (3-Fluoroph\u00e9nm\u00e9trazine)\" \/>\n<meta property=\"og:description\" content=\"Acheter de la poudre 3-FPM en ligne. Nous vendons en ligne la poudre 3-FPM de la meilleure qualit\u00e9. Veuillez nous contacter pour plus d&#039;informations et les prix.\" \/>\n<meta property=\"og:url\" content=\"https:\/\/everydaychemshop.com\/fr\/product\/3-fpm-3-fluorophenmetrazine\/\" \/>\n<meta property=\"og:site_name\" content=\"Everyday Chem Shop\" \/>\n<meta property=\"article:modified_time\" content=\"2023-04-07T11:29:43+00:00\" \/>\n<meta property=\"og:image\" content=\"https:\/\/everydaychemshop.com\/fr\/wp-content\/uploads\/sites\/5\/2022\/11\/3fpm.jpg\" \/>\n\t<meta property=\"og:image:width\" content=\"600\" \/>\n\t<meta property=\"og:image:height\" content=\"600\" \/>\n\t<meta property=\"og:image:type\" content=\"image\/jpeg\" \/>\n<meta name=\"twitter:card\" content=\"summary_large_image\" \/>\n<meta name=\"twitter:label1\" content=\"Est. reading time\" \/>\n\t<meta name=\"twitter:data1\" content=\"2 minutes\" \/>\n<script type=\"application\/ld+json\" class=\"yoast-schema-graph\">{\"@context\":\"https:\\\/\\\/schema.org\",\"@graph\":[{\"@type\":\"WebPage\",\"@id\":\"https:\\\/\\\/everydaychemshop.com\\\/fr\\\/product\\\/3-fpm-3-fluorophenmetrazine\\\/\",\"url\":\"https:\\\/\\\/everydaychemshop.com\\\/fr\\\/product\\\/3-fpm-3-fluorophenmetrazine\\\/\",\"name\":\"Acheter de la poudre 3-FPM en ligne - Everyday Chem Shop\",\"isPartOf\":{\"@id\":\"https:\\\/\\\/everydaychemshop.com\\\/fr\\\/#website\"},\"primaryImageOfPage\":{\"@id\":\"https:\\\/\\\/everydaychemshop.com\\\/fr\\\/product\\\/3-fpm-3-fluorophenmetrazine\\\/#primaryimage\"},\"image\":{\"@id\":\"https:\\\/\\\/everydaychemshop.com\\\/fr\\\/product\\\/3-fpm-3-fluorophenmetrazine\\\/#primaryimage\"},\"thumbnailUrl\":\"https:\\\/\\\/everydaychemshop.com\\\/fr\\\/wp-content\\\/uploads\\\/sites\\\/5\\\/2022\\\/11\\\/3fpm.jpg\",\"datePublished\":\"2022-11-18T20:51:32+00:00\",\"dateModified\":\"2023-04-07T11:29:43+00:00\",\"description\":\"Acheter de la poudre 3-FPM en ligne. Nous vendons en ligne la poudre 3-FPM de la meilleure qualit\u00e9. Veuillez nous contacter pour plus d'informations et les prix.\",\"breadcrumb\":{\"@id\":\"https:\\\/\\\/everydaychemshop.com\\\/fr\\\/product\\\/3-fpm-3-fluorophenmetrazine\\\/#breadcrumb\"},\"inLanguage\":\"en-US\",\"potentialAction\":[{\"@type\":\"ReadAction\",\"target\":[\"https:\\\/\\\/everydaychemshop.com\\\/fr\\\/product\\\/3-fpm-3-fluorophenmetrazine\\\/\"]}]},{\"@type\":\"ImageObject\",\"inLanguage\":\"en-US\",\"@id\":\"https:\\\/\\\/everydaychemshop.com\\\/fr\\\/product\\\/3-fpm-3-fluorophenmetrazine\\\/#primaryimage\",\"url\":\"https:\\\/\\\/everydaychemshop.com\\\/fr\\\/wp-content\\\/uploads\\\/sites\\\/5\\\/2022\\\/11\\\/3fpm.jpg\",\"contentUrl\":\"https:\\\/\\\/everydaychemshop.com\\\/fr\\\/wp-content\\\/uploads\\\/sites\\\/5\\\/2022\\\/11\\\/3fpm.jpg\",\"width\":600,\"height\":600,\"caption\":\"Acheter de la poudre 3-FPM en ligne\"},{\"@type\":\"BreadcrumbList\",\"@id\":\"https:\\\/\\\/everydaychemshop.com\\\/fr\\\/product\\\/3-fpm-3-fluorophenmetrazine\\\/#breadcrumb\",\"itemListElement\":[{\"@type\":\"ListItem\",\"position\":1,\"name\":\"Home\",\"item\":\"https:\\\/\\\/everydaychemshop.com\\\/fr\\\/\"},{\"@type\":\"ListItem\",\"position\":2,\"name\":\"Des produits\",\"item\":\"https:\\\/\\\/everydaychemshop.com\\\/fr\\\/des-produits\\\/\"},{\"@type\":\"ListItem\",\"position\":3,\"name\":\"3-FPM (3-Fluoroph\u00e9nm\u00e9trazine)\"}]},{\"@type\":\"WebSite\",\"@id\":\"https:\\\/\\\/everydaychemshop.com\\\/fr\\\/#website\",\"url\":\"https:\\\/\\\/everydaychemshop.com\\\/fr\\\/\",\"name\":\"Everyday Chem Shop\",\"description\":\"\",\"potentialAction\":[{\"@type\":\"SearchAction\",\"target\":{\"@type\":\"EntryPoint\",\"urlTemplate\":\"https:\\\/\\\/everydaychemshop.com\\\/fr\\\/?s={search_term_string}\"},\"query-input\":{\"@type\":\"PropertyValueSpecification\",\"valueRequired\":true,\"valueName\":\"search_term_string\"}}],\"inLanguage\":\"en-US\"}]}<\/script>\n<!-- \/ Yoast SEO Premium plugin. -->","yoast_head_json":{"title":"Acheter de la poudre 3-FPM en ligne - Everyday Chem Shop","description":"Acheter de la poudre 3-FPM en ligne. Nous vendons en ligne la poudre 3-FPM de la meilleure qualit\u00e9. Veuillez nous contacter pour plus d'informations et les prix.","robots":{"index":"index","follow":"follow","max-snippet":"max-snippet:-1","max-image-preview":"max-image-preview:large","max-video-preview":"max-video-preview:-1"},"canonical":"https:\/\/everydaychemshop.com\/fr\/product\/3-fpm-3-fluorophenmetrazine\/","og_locale":"en_US","og_type":"article","og_title":"3-FPM (3-Fluoroph\u00e9nm\u00e9trazine)","og_description":"Acheter de la poudre 3-FPM en ligne. Nous vendons en ligne la poudre 3-FPM de la meilleure qualit\u00e9. Veuillez nous contacter pour plus d'informations et les prix.","og_url":"https:\/\/everydaychemshop.com\/fr\/product\/3-fpm-3-fluorophenmetrazine\/","og_site_name":"Everyday Chem Shop","article_modified_time":"2023-04-07T11:29:43+00:00","og_image":[{"width":600,"height":600,"url":"https:\/\/everydaychemshop.com\/fr\/wp-content\/uploads\/sites\/5\/2022\/11\/3fpm.jpg","type":"image\/jpeg"}],"twitter_card":"summary_large_image","twitter_misc":{"Est. reading time":"2 minutes"},"schema":{"@context":"https:\/\/schema.org","@graph":[{"@type":"WebPage","@id":"https:\/\/everydaychemshop.com\/fr\/product\/3-fpm-3-fluorophenmetrazine\/","url":"https:\/\/everydaychemshop.com\/fr\/product\/3-fpm-3-fluorophenmetrazine\/","name":"Acheter de la poudre 3-FPM en ligne - Everyday Chem Shop","isPartOf":{"@id":"https:\/\/everydaychemshop.com\/fr\/#website"},"primaryImageOfPage":{"@id":"https:\/\/everydaychemshop.com\/fr\/product\/3-fpm-3-fluorophenmetrazine\/#primaryimage"},"image":{"@id":"https:\/\/everydaychemshop.com\/fr\/product\/3-fpm-3-fluorophenmetrazine\/#primaryimage"},"thumbnailUrl":"https:\/\/everydaychemshop.com\/fr\/wp-content\/uploads\/sites\/5\/2022\/11\/3fpm.jpg","datePublished":"2022-11-18T20:51:32+00:00","dateModified":"2023-04-07T11:29:43+00:00","description":"Acheter de la poudre 3-FPM en ligne. Nous vendons en ligne la poudre 3-FPM de la meilleure qualit\u00e9. Veuillez nous contacter pour plus d'informations et les prix.","breadcrumb":{"@id":"https:\/\/everydaychemshop.com\/fr\/product\/3-fpm-3-fluorophenmetrazine\/#breadcrumb"},"inLanguage":"en-US","potentialAction":[{"@type":"ReadAction","target":["https:\/\/everydaychemshop.com\/fr\/product\/3-fpm-3-fluorophenmetrazine\/"]}]},{"@type":"ImageObject","inLanguage":"en-US","@id":"https:\/\/everydaychemshop.com\/fr\/product\/3-fpm-3-fluorophenmetrazine\/#primaryimage","url":"https:\/\/everydaychemshop.com\/fr\/wp-content\/uploads\/sites\/5\/2022\/11\/3fpm.jpg","contentUrl":"https:\/\/everydaychemshop.com\/fr\/wp-content\/uploads\/sites\/5\/2022\/11\/3fpm.jpg","width":600,"height":600,"caption":"Acheter de la poudre 3-FPM en ligne"},{"@type":"BreadcrumbList","@id":"https:\/\/everydaychemshop.com\/fr\/product\/3-fpm-3-fluorophenmetrazine\/#breadcrumb","itemListElement":[{"@type":"ListItem","position":1,"name":"Home","item":"https:\/\/everydaychemshop.com\/fr\/"},{"@type":"ListItem","position":2,"name":"Des produits","item":"https:\/\/everydaychemshop.com\/fr\/des-produits\/"},{"@type":"ListItem","position":3,"name":"3-FPM (3-Fluoroph\u00e9nm\u00e9trazine)"}]},{"@type":"WebSite","@id":"https:\/\/everydaychemshop.com\/fr\/#website","url":"https:\/\/everydaychemshop.com\/fr\/","name":"Everyday Chem Shop","description":"","potentialAction":[{"@type":"SearchAction","target":{"@type":"EntryPoint","urlTemplate":"https:\/\/everydaychemshop.com\/fr\/?s={search_term_string}"},"query-input":{"@type":"PropertyValueSpecification","valueRequired":true,"valueName":"search_term_string"}}],"inLanguage":"en-US"}]}},"_links":{"self":[{"href":"https:\/\/everydaychemshop.com\/fr\/wp-json\/wp\/v2\/product\/8033","targetHints":{"allow":["GET"]}}],"collection":[{"href":"https:\/\/everydaychemshop.com\/fr\/wp-json\/wp\/v2\/product"}],"about":[{"href":"https:\/\/everydaychemshop.com\/fr\/wp-json\/wp\/v2\/types\/product"}],"replies":[{"embeddable":true,"href":"https:\/\/everydaychemshop.com\/fr\/wp-json\/wp\/v2\/comments?post=8033"}],"wp:featuredmedia":[{"embeddable":true,"href":"https:\/\/everydaychemshop.com\/fr\/wp-json\/wp\/v2\/media\/8039"}],"wp:attachment":[{"href":"https:\/\/everydaychemshop.com\/fr\/wp-json\/wp\/v2\/media?parent=8033"}],"wp:term":[{"taxonomy":"product_brand","embeddable":true,"href":"https:\/\/everydaychemshop.com\/fr\/wp-json\/wp\/v2\/product_brand?post=8033"},{"taxonomy":"product_cat","embeddable":true,"href":"https:\/\/everydaychemshop.com\/fr\/wp-json\/wp\/v2\/product_cat?post=8033"},{"taxonomy":"product_tag","embeddable":true,"href":"https:\/\/everydaychemshop.com\/fr\/wp-json\/wp\/v2\/product_tag?post=8033"}],"curies":[{"name":"wp","href":"https:\/\/api.w.org\/{rel}","templated":true}]}}