{"id":8052,"date":"2022-11-18T21:12:25","date_gmt":"2022-11-18T21:12:25","guid":{"rendered":"https:\/\/everydaychemshop.com\/fr\/?post_type=product&#038;p=8052"},"modified":"2023-04-07T11:21:53","modified_gmt":"2023-04-07T11:21:53","slug":"cristal-de-4-chloromethcathinone-4-cmc-hcl","status":"publish","type":"product","link":"https:\/\/everydaychemshop.com\/fr\/product\/cristal-de-4-chloromethcathinone-4-cmc-hcl\/","title":{"rendered":"Cristal de 4-chlorom\u00e9thcathinone (4-CMC HCl)"},"content":{"rendered":"<h1 class=\"product_title entry-title\">Acheter des cristaux 4-CMC en ligne<\/h1>\n<p><a href=\"https:\/\/everydaychemshop.com\/fr\/product\/cristal-de-4-chloromethcathinone-4-cmc-hcl\/\">Acheter des cristaux 4-CMC en ligne<\/a>. 4-CMC est l&#8217;abr\u00e9viation de 4-chlorom\u00e9thcathinone. Le 4-CMC appartient \u00e0 la classe des cathinones. C&#8217;est un stimulant. Ce produit chimique de recherche est tr\u00e8s nouveau sur le march\u00e9. Cela signifie que de nombreux chercheurs ne l&#8217;ont pas encore test\u00e9.<\/p>\n<p><em>Achetez des cristaux 4-CMC<\/em>\u00a0Cristaux \u2713 4-chlorom\u00e9thcathinone \u2713 Produit chimique de recherche de la plus haute qualit\u00e9 \u2713 Livraison rapide, prix avantageux \u2713 Uniquement ici sur globalhomemed.com<\/p>\n<p>Cependant, malgr\u00e9 le fait que la 4-CMC soit nouvelle, les exp\u00e9riences pr\u00e9liminaires avec cette substance auraient produit des r\u00e9sultats d&#8217;\u00e9motions accrues, d&#8217;acc\u00e9l\u00e9ration des processus de pens\u00e9e et de niveaux d&#8217;\u00e9nergie \u00e9lev\u00e9s. 4-CMC est tr\u00e8s similaire \u00e0 4-MMC, bk-MDMA et 3-MMC. Donc, si vous avez exp\u00e9riment\u00e9 l&#8217;un de ces produits chimiques de recherche, vous avez une bonne id\u00e9e de ce \u00e0 quoi vous attendre avec les exp\u00e9riences de recherche 4-CMC.<\/p>\n<p>&nbsp;<\/p>\n<h2><b>O\u00f9 acheter du 4-CMC\u00a0?<\/b><\/h2>\n<p>Chez Chemical Planet, nous avons du 4-CMC de tr\u00e8s haute qualit\u00e9 disponible \u00e0 la vente. Notre 4-CMC est g\u00e9n\u00e9ralement disponible sous forme de cristaux. Si vous ne voyez pas le formulaire souhait\u00e9, n&#8217;h\u00e9sitez pas \u00e0 nous contacter pour voir quand il pourrait \u00eatre de retour.<\/p>\n<p>Si vous envisagez d&#8217;acheter du 4-CMC aupr\u00e8s de Chemical Planet, vous devez avoir au moins 18 ans d&#8217;\u00e2ge et \u00eatre en pleine conformit\u00e9 avec toutes les lois sur les produits chimiques de recherche dans votre pays. Nos produits chimiques sont con\u00e7us pour la recherche uniquement et ne sont pas destin\u00e9s \u00e0 un usage humain ou animal.<\/p>\n<h2><b>L\u00e9galit\u00e9 du 4-CMC<\/b><\/h2>\n<p>Le 4-CMC est ill\u00e9gal en Chine et Su\u00e8de. En Allemagne, il s&#8217;agit d&#8217;une drogue contr\u00f4l\u00e9e &#8220;Anlage I&#8221;. De nombreux autres pays n&#8217;ont pas encore programm\u00e9 ce produit chimique. C&#8217;est en grande partie parce qu&#8217;il est si nouveau.<\/p>\n<p><strong>Toujours stocker dans un endroit frais et sec pour une dur\u00e9e de conservation maximale. Ce produit est destin\u00e9 uniquement aux applications m\u00e9dico-l\u00e9gales et de recherche. Il n&#8217;est donc PAS destin\u00e9 \u00e0 la consommation humaine ou \u00e0 des tests in vivo de quelque nature que ce soit sur des animaux ou sur tout organisme vivant.<\/strong><\/p>\n","protected":false},"excerpt":{"rendered":"<p>Achetez 4-CMC Crystal &amp;amp\u00a0; Poudre en ligne pas cher. Acheter 4-CMC Crystal &amp; Poudre en vrac 99% de puret\u00e9 . Commander du 4-chlorom\u00e9thcathinone \u00e0 vendre au Royaume-Uni, en Europe<\/p>\n<p>Vous cherchez \u00e0\u00a0<em>acheter du chlorhydrate de 4<\/em>-chlorom\u00e9thcathinone (<em>4<\/em>\u2013<em>CMC<\/em>\u00a0HCl) <em>cristal<\/em>\u00a0aux meilleurs prix, achetez avec une livraison rapide dans le monde entier\u00a0! Commandez\u00a0<em>4<\/em>\u2013<em>CMC<\/em>\u00a0Royaume-Uni, Europe.<\/p>\n<p>Achetez 4-CMC Crystal &amp;amp\u00a0; Poudre en ligne pas cher. Acheter 4-CMC Crystal &amp; Poudre en vrac 99% de puret\u00e9 .<\/p>\n","protected":false},"featured_media":8059,"comment_status":"open","ping_status":"closed","template":"","meta":{"inline_featured_image":false},"product_brand":[],"product_cat":[264],"product_tag":[],"class_list":{"0":"post-8052","1":"product","2":"type-product","3":"status-publish","4":"has-post-thumbnail","6":"product_cat-recherche-chimique","8":"first","9":"instock","10":"shipping-taxable","11":"purchasable","12":"product-type-variable","13":"has-default-attributes"},"yoast_head":"<!-- This site is optimized with the Yoast SEO Premium plugin v19.2 (Yoast SEO v27.3) - https:\/\/yoast.com\/product\/yoast-seo-premium-wordpress\/ -->\n<title>Acheter des cristaux 4-CMC en ligne- Everyday Chem Shop<\/title>\n<meta name=\"description\" content=\"Acheter des cristaux 4-CMC en ligne. Nous vendons en ligne des cristaux 4-CMC de la meilleure qualit\u00e9. Veuillez contacter pour plus d&#039;informations et les prix.\" \/>\n<meta name=\"robots\" content=\"index, follow, max-snippet:-1, max-image-preview:large, max-video-preview:-1\" \/>\n<link rel=\"canonical\" href=\"https:\/\/everydaychemshop.com\/fr\/product\/cristal-de-4-chloromethcathinone-4-cmc-hcl\/\" \/>\n<meta property=\"og:locale\" content=\"en_US\" \/>\n<meta property=\"og:type\" content=\"article\" \/>\n<meta property=\"og:title\" content=\"Cristal de 4-chlorom\u00e9thcathinone (4-CMC HCl)\" \/>\n<meta property=\"og:description\" content=\"Acheter des cristaux 4-CMC en ligne. Nous vendons en ligne des cristaux 4-CMC de la meilleure qualit\u00e9. Veuillez contacter pour plus d&#039;informations et les prix.\" \/>\n<meta property=\"og:url\" content=\"https:\/\/everydaychemshop.com\/fr\/product\/cristal-de-4-chloromethcathinone-4-cmc-hcl\/\" \/>\n<meta property=\"og:site_name\" content=\"Everyday Chem Shop\" \/>\n<meta property=\"article:modified_time\" content=\"2023-04-07T11:21:53+00:00\" \/>\n<meta property=\"og:image\" content=\"https:\/\/everydaychemshop.com\/fr\/wp-content\/uploads\/sites\/5\/2022\/11\/buy-4-Chloromethcathinone.jpg\" \/>\n\t<meta property=\"og:image:width\" content=\"2560\" \/>\n\t<meta property=\"og:image:height\" content=\"1887\" \/>\n\t<meta property=\"og:image:type\" content=\"image\/jpeg\" \/>\n<meta name=\"twitter:card\" content=\"summary_large_image\" \/>\n<meta name=\"twitter:label1\" content=\"Est. reading time\" \/>\n\t<meta name=\"twitter:data1\" content=\"2 minutes\" \/>\n<script type=\"application\/ld+json\" class=\"yoast-schema-graph\">{\"@context\":\"https:\\\/\\\/schema.org\",\"@graph\":[{\"@type\":\"WebPage\",\"@id\":\"https:\\\/\\\/everydaychemshop.com\\\/fr\\\/product\\\/cristal-de-4-chloromethcathinone-4-cmc-hcl\\\/\",\"url\":\"https:\\\/\\\/everydaychemshop.com\\\/fr\\\/product\\\/cristal-de-4-chloromethcathinone-4-cmc-hcl\\\/\",\"name\":\"Acheter des cristaux 4-CMC en ligne- Everyday Chem Shop\",\"isPartOf\":{\"@id\":\"https:\\\/\\\/everydaychemshop.com\\\/fr\\\/#website\"},\"primaryImageOfPage\":{\"@id\":\"https:\\\/\\\/everydaychemshop.com\\\/fr\\\/product\\\/cristal-de-4-chloromethcathinone-4-cmc-hcl\\\/#primaryimage\"},\"image\":{\"@id\":\"https:\\\/\\\/everydaychemshop.com\\\/fr\\\/product\\\/cristal-de-4-chloromethcathinone-4-cmc-hcl\\\/#primaryimage\"},\"thumbnailUrl\":\"https:\\\/\\\/everydaychemshop.com\\\/fr\\\/wp-content\\\/uploads\\\/sites\\\/5\\\/2022\\\/11\\\/buy-4-Chloromethcathinone.jpg\",\"datePublished\":\"2022-11-18T21:12:25+00:00\",\"dateModified\":\"2023-04-07T11:21:53+00:00\",\"description\":\"Acheter des cristaux 4-CMC en ligne. Nous vendons en ligne des cristaux 4-CMC de la meilleure qualit\u00e9. Veuillez contacter pour plus d'informations et les prix.\",\"breadcrumb\":{\"@id\":\"https:\\\/\\\/everydaychemshop.com\\\/fr\\\/product\\\/cristal-de-4-chloromethcathinone-4-cmc-hcl\\\/#breadcrumb\"},\"inLanguage\":\"en-US\",\"potentialAction\":[{\"@type\":\"ReadAction\",\"target\":[\"https:\\\/\\\/everydaychemshop.com\\\/fr\\\/product\\\/cristal-de-4-chloromethcathinone-4-cmc-hcl\\\/\"]}]},{\"@type\":\"ImageObject\",\"inLanguage\":\"en-US\",\"@id\":\"https:\\\/\\\/everydaychemshop.com\\\/fr\\\/product\\\/cristal-de-4-chloromethcathinone-4-cmc-hcl\\\/#primaryimage\",\"url\":\"https:\\\/\\\/everydaychemshop.com\\\/fr\\\/wp-content\\\/uploads\\\/sites\\\/5\\\/2022\\\/11\\\/buy-4-Chloromethcathinone.jpg\",\"contentUrl\":\"https:\\\/\\\/everydaychemshop.com\\\/fr\\\/wp-content\\\/uploads\\\/sites\\\/5\\\/2022\\\/11\\\/buy-4-Chloromethcathinone.jpg\",\"width\":2560,\"height\":1887,\"caption\":\"Acheter des cristaux 4-CMC en ligne\"},{\"@type\":\"BreadcrumbList\",\"@id\":\"https:\\\/\\\/everydaychemshop.com\\\/fr\\\/product\\\/cristal-de-4-chloromethcathinone-4-cmc-hcl\\\/#breadcrumb\",\"itemListElement\":[{\"@type\":\"ListItem\",\"position\":1,\"name\":\"Home\",\"item\":\"https:\\\/\\\/everydaychemshop.com\\\/fr\\\/\"},{\"@type\":\"ListItem\",\"position\":2,\"name\":\"Des produits\",\"item\":\"https:\\\/\\\/everydaychemshop.com\\\/fr\\\/des-produits\\\/\"},{\"@type\":\"ListItem\",\"position\":3,\"name\":\"Cristal de 4-chlorom\u00e9thcathinone (4-CMC HCl)\"}]},{\"@type\":\"WebSite\",\"@id\":\"https:\\\/\\\/everydaychemshop.com\\\/fr\\\/#website\",\"url\":\"https:\\\/\\\/everydaychemshop.com\\\/fr\\\/\",\"name\":\"Everyday Chem Shop\",\"description\":\"\",\"potentialAction\":[{\"@type\":\"SearchAction\",\"target\":{\"@type\":\"EntryPoint\",\"urlTemplate\":\"https:\\\/\\\/everydaychemshop.com\\\/fr\\\/?s={search_term_string}\"},\"query-input\":{\"@type\":\"PropertyValueSpecification\",\"valueRequired\":true,\"valueName\":\"search_term_string\"}}],\"inLanguage\":\"en-US\"}]}<\/script>\n<!-- \/ Yoast SEO Premium plugin. -->","yoast_head_json":{"title":"Acheter des cristaux 4-CMC en ligne- Everyday Chem Shop","description":"Acheter des cristaux 4-CMC en ligne. Nous vendons en ligne des cristaux 4-CMC de la meilleure qualit\u00e9. Veuillez contacter pour plus d'informations et les prix.","robots":{"index":"index","follow":"follow","max-snippet":"max-snippet:-1","max-image-preview":"max-image-preview:large","max-video-preview":"max-video-preview:-1"},"canonical":"https:\/\/everydaychemshop.com\/fr\/product\/cristal-de-4-chloromethcathinone-4-cmc-hcl\/","og_locale":"en_US","og_type":"article","og_title":"Cristal de 4-chlorom\u00e9thcathinone (4-CMC HCl)","og_description":"Acheter des cristaux 4-CMC en ligne. Nous vendons en ligne des cristaux 4-CMC de la meilleure qualit\u00e9. Veuillez contacter pour plus d'informations et les prix.","og_url":"https:\/\/everydaychemshop.com\/fr\/product\/cristal-de-4-chloromethcathinone-4-cmc-hcl\/","og_site_name":"Everyday Chem Shop","article_modified_time":"2023-04-07T11:21:53+00:00","og_image":[{"width":2560,"height":1887,"url":"https:\/\/everydaychemshop.com\/fr\/wp-content\/uploads\/sites\/5\/2022\/11\/buy-4-Chloromethcathinone.jpg","type":"image\/jpeg"}],"twitter_card":"summary_large_image","twitter_misc":{"Est. reading time":"2 minutes"},"schema":{"@context":"https:\/\/schema.org","@graph":[{"@type":"WebPage","@id":"https:\/\/everydaychemshop.com\/fr\/product\/cristal-de-4-chloromethcathinone-4-cmc-hcl\/","url":"https:\/\/everydaychemshop.com\/fr\/product\/cristal-de-4-chloromethcathinone-4-cmc-hcl\/","name":"Acheter des cristaux 4-CMC en ligne- Everyday Chem Shop","isPartOf":{"@id":"https:\/\/everydaychemshop.com\/fr\/#website"},"primaryImageOfPage":{"@id":"https:\/\/everydaychemshop.com\/fr\/product\/cristal-de-4-chloromethcathinone-4-cmc-hcl\/#primaryimage"},"image":{"@id":"https:\/\/everydaychemshop.com\/fr\/product\/cristal-de-4-chloromethcathinone-4-cmc-hcl\/#primaryimage"},"thumbnailUrl":"https:\/\/everydaychemshop.com\/fr\/wp-content\/uploads\/sites\/5\/2022\/11\/buy-4-Chloromethcathinone.jpg","datePublished":"2022-11-18T21:12:25+00:00","dateModified":"2023-04-07T11:21:53+00:00","description":"Acheter des cristaux 4-CMC en ligne. Nous vendons en ligne des cristaux 4-CMC de la meilleure qualit\u00e9. Veuillez contacter pour plus d'informations et les prix.","breadcrumb":{"@id":"https:\/\/everydaychemshop.com\/fr\/product\/cristal-de-4-chloromethcathinone-4-cmc-hcl\/#breadcrumb"},"inLanguage":"en-US","potentialAction":[{"@type":"ReadAction","target":["https:\/\/everydaychemshop.com\/fr\/product\/cristal-de-4-chloromethcathinone-4-cmc-hcl\/"]}]},{"@type":"ImageObject","inLanguage":"en-US","@id":"https:\/\/everydaychemshop.com\/fr\/product\/cristal-de-4-chloromethcathinone-4-cmc-hcl\/#primaryimage","url":"https:\/\/everydaychemshop.com\/fr\/wp-content\/uploads\/sites\/5\/2022\/11\/buy-4-Chloromethcathinone.jpg","contentUrl":"https:\/\/everydaychemshop.com\/fr\/wp-content\/uploads\/sites\/5\/2022\/11\/buy-4-Chloromethcathinone.jpg","width":2560,"height":1887,"caption":"Acheter des cristaux 4-CMC en ligne"},{"@type":"BreadcrumbList","@id":"https:\/\/everydaychemshop.com\/fr\/product\/cristal-de-4-chloromethcathinone-4-cmc-hcl\/#breadcrumb","itemListElement":[{"@type":"ListItem","position":1,"name":"Home","item":"https:\/\/everydaychemshop.com\/fr\/"},{"@type":"ListItem","position":2,"name":"Des produits","item":"https:\/\/everydaychemshop.com\/fr\/des-produits\/"},{"@type":"ListItem","position":3,"name":"Cristal de 4-chlorom\u00e9thcathinone (4-CMC HCl)"}]},{"@type":"WebSite","@id":"https:\/\/everydaychemshop.com\/fr\/#website","url":"https:\/\/everydaychemshop.com\/fr\/","name":"Everyday Chem Shop","description":"","potentialAction":[{"@type":"SearchAction","target":{"@type":"EntryPoint","urlTemplate":"https:\/\/everydaychemshop.com\/fr\/?s={search_term_string}"},"query-input":{"@type":"PropertyValueSpecification","valueRequired":true,"valueName":"search_term_string"}}],"inLanguage":"en-US"}]}},"_links":{"self":[{"href":"https:\/\/everydaychemshop.com\/fr\/wp-json\/wp\/v2\/product\/8052","targetHints":{"allow":["GET"]}}],"collection":[{"href":"https:\/\/everydaychemshop.com\/fr\/wp-json\/wp\/v2\/product"}],"about":[{"href":"https:\/\/everydaychemshop.com\/fr\/wp-json\/wp\/v2\/types\/product"}],"replies":[{"embeddable":true,"href":"https:\/\/everydaychemshop.com\/fr\/wp-json\/wp\/v2\/comments?post=8052"}],"wp:featuredmedia":[{"embeddable":true,"href":"https:\/\/everydaychemshop.com\/fr\/wp-json\/wp\/v2\/media\/8059"}],"wp:attachment":[{"href":"https:\/\/everydaychemshop.com\/fr\/wp-json\/wp\/v2\/media?parent=8052"}],"wp:term":[{"taxonomy":"product_brand","embeddable":true,"href":"https:\/\/everydaychemshop.com\/fr\/wp-json\/wp\/v2\/product_brand?post=8052"},{"taxonomy":"product_cat","embeddable":true,"href":"https:\/\/everydaychemshop.com\/fr\/wp-json\/wp\/v2\/product_cat?post=8052"},{"taxonomy":"product_tag","embeddable":true,"href":"https:\/\/everydaychemshop.com\/fr\/wp-json\/wp\/v2\/product_tag?post=8052"}],"curies":[{"name":"wp","href":"https:\/\/api.w.org\/{rel}","templated":true}]}}