{"id":8060,"date":"2022-11-18T21:27:31","date_gmt":"2022-11-18T21:27:31","guid":{"rendered":"https:\/\/everydaychemshop.com\/fr\/?post_type=product&#038;p=8060"},"modified":"2023-04-07T11:20:43","modified_gmt":"2023-04-07T11:20:43","slug":"acheter-4-cl-pvp-cristaux","status":"publish","type":"product","link":"https:\/\/everydaychemshop.com\/fr\/product\/acheter-4-cl-pvp-cristaux\/","title":{"rendered":"Cristaux 4-CL-PVP"},"content":{"rendered":"<h1>Acheter des cristaux 4-CL-PVP en ligne<\/h1>\n<p><a href=\"https:\/\/everydaychemshop.com\/fr\/product\/acheter-4-cl-pvp-cristaux\/\">Acheter des cristaux 4-CL-PVP en ligne<\/a>. Le 4-CL-PVP est un analogue cristallin de l&#8217;a-PVP. C&#8217;est un stimulant manuel. Les exp\u00e9riences de recherche avec 4-CL-PVP ont tendance \u00e0 produire des r\u00e9sultats de bavardage, une vigilance am\u00e9lior\u00e9e, une \u00e9nergie \u00e9lev\u00e9e et d&#8217;autres r\u00e9sultats stimulants. Les r\u00e9sultats de 4-CL-PVP ont tendance \u00e0 durer moins de trois heures. Le produit chimique est \u00e9galement connu pour produire des r\u00e9sultats euphoriques mod\u00e9r\u00e9s \u00e0 extr\u00eames. <a href=\"https:\/\/en.wikipedia.org\/wiki\/4-Chloro-alpha-pyrrolidinovalerophenone\">Les<\/a> chercheurs qui recherchent une alternative \u00e0 l&#8217;a-PVP trouveront que le 4-CL-PVP est une alternative appropri\u00e9e. Le 4-CL-PVP est un inhibiteur de la recapture de la noradr\u00e9naline-dopamine. Les d\u00e9couvertes stimulantes de ce produit chimique sont en grande partie dues \u00e0 ce fait.<\/p>\n<h2><b>O\u00f9 acheter du 4-CL-PVP\u00a0?<\/b><\/h2>\n<p>Chez Chemical Planet, nous avons 4-CL-PVP de tr\u00e8s haute qualit\u00e9 disponible \u00e0 la vente. Notre 4-CL-PVP est g\u00e9n\u00e9ralement disponible sous forme de cristaux. Si vous ne voyez pas le formulaire souhait\u00e9, n&#8217;h\u00e9sitez pas \u00e0 nous contacter pour savoir quand il sera de retour.<\/p>\n<p>Si vous envisagez d&#8217;acheter du 4-Cl-PVP aupr\u00e8s de Chemical Planet, vous devez avoir au moins 18 ans et \u00eatre en pleine conformit\u00e9 avec toutes les lois sur les produits chimiques de recherche dans votre pays. Nos produits chimiques sont con\u00e7us pour la recherche uniquement et ne sont pas destin\u00e9s \u00e0 un usage humain ou animal.<\/p>\n<p>&nbsp;<\/p>\n<h2><b>4-CL-PVP L\u00e9galit\u00e9<\/b><\/h2>\n<p>La plupart des gouvernements du monde n&#8217;ont pas proclam\u00e9 que le 4-CL-PVP \u00e9tait un produit chimique ill\u00e9gal. Cela signifie qu&#8217;il est impr\u00e9vu dans la plupart des endroits. Veuillez contacter votre gouvernement f\u00e9d\u00e9ral pour obtenir des \u00e9claircissements sur le statut juridique du 4-CL-PVP si vous avez besoin de plus amples informations.<\/p>\n<p><strong>Toujours stocker dans un endroit frais et sec pour une dur\u00e9e de conservation maximale. Ce produit est destin\u00e9 uniquement aux applications m\u00e9dico-l\u00e9gales et de recherche. Il n&#8217;est donc PAS destin\u00e9 \u00e0 la consommation humaine ou \u00e0 des tests in vivo de quelque nature que ce soit sur des animaux ou sur tout organisme vivant.<\/strong><\/p>\n","protected":false},"excerpt":{"rendered":"<p>Achetez des cristaux 4-CL-PVP \u00e0 vendre au Royaume-Uni, en Europe et dans l&#8217;UE. Achetez des cristaux 4-CL-PVP en ligne, livraison gratuite de qualit\u00e9 sup\u00e9rieure disponible dans le monde entier, moins cher jamais, meilleur prix \u00e0 la commande.<\/p>\n<p><em>4<\/em>\u2013<em>CL<\/em>\u2013<em>Cristaux PVP \u00e0<\/em>\u00a0vente. <em>Achetez 4<\/em>\u2013<em>CL<\/em>\u2013<em>cristaux PVP<\/em>\u00a0en ligne, livraison gratuite de qualit\u00e9 sup\u00e9rieure disponible dans le monde entier, moins cher jamais, meilleur prix \u00e0 la commande.<\/p>\n<p>Achetez des cristaux 4-CL-PVP bon march\u00e9 en ligne. 4-CL-PVP Crystal est un produit stimulant relativement nouveau et un analogue du compos\u00e9 extr\u00eamement populaire a-PVP.<\/p>\n","protected":false},"featured_media":8067,"comment_status":"open","ping_status":"closed","template":"","meta":{"inline_featured_image":false},"product_brand":[],"product_cat":[264],"product_tag":[],"class_list":{"0":"post-8060","1":"product","2":"type-product","3":"status-publish","4":"has-post-thumbnail","6":"product_cat-recherche-chimique","8":"first","9":"instock","10":"shipping-taxable","11":"purchasable","12":"product-type-variable","13":"has-default-attributes"},"yoast_head":"<!-- This site is optimized with the Yoast SEO Premium plugin v19.2 (Yoast SEO v27.3) - https:\/\/yoast.com\/product\/yoast-seo-premium-wordpress\/ -->\n<title>Acheter des cristaux 4-CL-PVP en ligne - Everyday Chem Shop<\/title>\n<meta name=\"description\" content=\"Acheter des cristaux 4-CL-PVP en ligne. Nous vendons des cristaux 4-CL-PVP en ligne. Veuillez contacter pour plus d&#039;informations et les prix de votre commande.\" \/>\n<meta name=\"robots\" content=\"index, follow, max-snippet:-1, max-image-preview:large, max-video-preview:-1\" \/>\n<link rel=\"canonical\" href=\"https:\/\/everydaychemshop.com\/fr\/product\/acheter-4-cl-pvp-cristaux\/\" \/>\n<meta property=\"og:locale\" content=\"en_US\" \/>\n<meta property=\"og:type\" content=\"article\" \/>\n<meta property=\"og:title\" content=\"Cristaux 4-CL-PVP\" \/>\n<meta property=\"og:description\" content=\"Acheter des cristaux 4-CL-PVP en ligne. Nous vendons des cristaux 4-CL-PVP en ligne. Veuillez contacter pour plus d&#039;informations et les prix de votre commande.\" \/>\n<meta property=\"og:url\" content=\"https:\/\/everydaychemshop.com\/fr\/product\/acheter-4-cl-pvp-cristaux\/\" \/>\n<meta property=\"og:site_name\" content=\"Everyday Chem Shop\" \/>\n<meta property=\"article:modified_time\" content=\"2023-04-07T11:20:43+00:00\" \/>\n<meta property=\"og:image\" content=\"https:\/\/everydaychemshop.com\/fr\/wp-content\/uploads\/sites\/5\/2022\/11\/Buy-4-CL-PVP-Crystals.jpg\" \/>\n\t<meta property=\"og:image:width\" content=\"275\" \/>\n\t<meta property=\"og:image:height\" content=\"183\" \/>\n\t<meta property=\"og:image:type\" content=\"image\/jpeg\" \/>\n<meta name=\"twitter:card\" content=\"summary_large_image\" \/>\n<meta name=\"twitter:label1\" content=\"Est. reading time\" \/>\n\t<meta name=\"twitter:data1\" content=\"2 minutes\" \/>\n<script type=\"application\/ld+json\" class=\"yoast-schema-graph\">{\"@context\":\"https:\\\/\\\/schema.org\",\"@graph\":[{\"@type\":\"WebPage\",\"@id\":\"https:\\\/\\\/everydaychemshop.com\\\/fr\\\/product\\\/acheter-4-cl-pvp-cristaux\\\/\",\"url\":\"https:\\\/\\\/everydaychemshop.com\\\/fr\\\/product\\\/acheter-4-cl-pvp-cristaux\\\/\",\"name\":\"Acheter des cristaux 4-CL-PVP en ligne - Everyday Chem Shop\",\"isPartOf\":{\"@id\":\"https:\\\/\\\/everydaychemshop.com\\\/fr\\\/#website\"},\"primaryImageOfPage\":{\"@id\":\"https:\\\/\\\/everydaychemshop.com\\\/fr\\\/product\\\/acheter-4-cl-pvp-cristaux\\\/#primaryimage\"},\"image\":{\"@id\":\"https:\\\/\\\/everydaychemshop.com\\\/fr\\\/product\\\/acheter-4-cl-pvp-cristaux\\\/#primaryimage\"},\"thumbnailUrl\":\"https:\\\/\\\/everydaychemshop.com\\\/fr\\\/wp-content\\\/uploads\\\/sites\\\/5\\\/2022\\\/11\\\/Buy-4-CL-PVP-Crystals.jpg\",\"datePublished\":\"2022-11-18T21:27:31+00:00\",\"dateModified\":\"2023-04-07T11:20:43+00:00\",\"description\":\"Acheter des cristaux 4-CL-PVP en ligne. Nous vendons des cristaux 4-CL-PVP en ligne. Veuillez contacter pour plus d'informations et les prix de votre commande.\",\"breadcrumb\":{\"@id\":\"https:\\\/\\\/everydaychemshop.com\\\/fr\\\/product\\\/acheter-4-cl-pvp-cristaux\\\/#breadcrumb\"},\"inLanguage\":\"en-US\",\"potentialAction\":[{\"@type\":\"ReadAction\",\"target\":[\"https:\\\/\\\/everydaychemshop.com\\\/fr\\\/product\\\/acheter-4-cl-pvp-cristaux\\\/\"]}]},{\"@type\":\"ImageObject\",\"inLanguage\":\"en-US\",\"@id\":\"https:\\\/\\\/everydaychemshop.com\\\/fr\\\/product\\\/acheter-4-cl-pvp-cristaux\\\/#primaryimage\",\"url\":\"https:\\\/\\\/everydaychemshop.com\\\/fr\\\/wp-content\\\/uploads\\\/sites\\\/5\\\/2022\\\/11\\\/Buy-4-CL-PVP-Crystals.jpg\",\"contentUrl\":\"https:\\\/\\\/everydaychemshop.com\\\/fr\\\/wp-content\\\/uploads\\\/sites\\\/5\\\/2022\\\/11\\\/Buy-4-CL-PVP-Crystals.jpg\",\"width\":275,\"height\":183,\"caption\":\"Acheter des cristaux 4-CL-PVP en ligne\"},{\"@type\":\"BreadcrumbList\",\"@id\":\"https:\\\/\\\/everydaychemshop.com\\\/fr\\\/product\\\/acheter-4-cl-pvp-cristaux\\\/#breadcrumb\",\"itemListElement\":[{\"@type\":\"ListItem\",\"position\":1,\"name\":\"Home\",\"item\":\"https:\\\/\\\/everydaychemshop.com\\\/fr\\\/\"},{\"@type\":\"ListItem\",\"position\":2,\"name\":\"Des produits\",\"item\":\"https:\\\/\\\/everydaychemshop.com\\\/fr\\\/des-produits\\\/\"},{\"@type\":\"ListItem\",\"position\":3,\"name\":\"Cristaux 4-CL-PVP\"}]},{\"@type\":\"WebSite\",\"@id\":\"https:\\\/\\\/everydaychemshop.com\\\/fr\\\/#website\",\"url\":\"https:\\\/\\\/everydaychemshop.com\\\/fr\\\/\",\"name\":\"Everyday Chem Shop\",\"description\":\"\",\"potentialAction\":[{\"@type\":\"SearchAction\",\"target\":{\"@type\":\"EntryPoint\",\"urlTemplate\":\"https:\\\/\\\/everydaychemshop.com\\\/fr\\\/?s={search_term_string}\"},\"query-input\":{\"@type\":\"PropertyValueSpecification\",\"valueRequired\":true,\"valueName\":\"search_term_string\"}}],\"inLanguage\":\"en-US\"}]}<\/script>\n<!-- \/ Yoast SEO Premium plugin. -->","yoast_head_json":{"title":"Acheter des cristaux 4-CL-PVP en ligne - Everyday Chem Shop","description":"Acheter des cristaux 4-CL-PVP en ligne. Nous vendons des cristaux 4-CL-PVP en ligne. Veuillez contacter pour plus d'informations et les prix de votre commande.","robots":{"index":"index","follow":"follow","max-snippet":"max-snippet:-1","max-image-preview":"max-image-preview:large","max-video-preview":"max-video-preview:-1"},"canonical":"https:\/\/everydaychemshop.com\/fr\/product\/acheter-4-cl-pvp-cristaux\/","og_locale":"en_US","og_type":"article","og_title":"Cristaux 4-CL-PVP","og_description":"Acheter des cristaux 4-CL-PVP en ligne. Nous vendons des cristaux 4-CL-PVP en ligne. Veuillez contacter pour plus d'informations et les prix de votre commande.","og_url":"https:\/\/everydaychemshop.com\/fr\/product\/acheter-4-cl-pvp-cristaux\/","og_site_name":"Everyday Chem Shop","article_modified_time":"2023-04-07T11:20:43+00:00","og_image":[{"width":275,"height":183,"url":"https:\/\/everydaychemshop.com\/fr\/wp-content\/uploads\/sites\/5\/2022\/11\/Buy-4-CL-PVP-Crystals.jpg","type":"image\/jpeg"}],"twitter_card":"summary_large_image","twitter_misc":{"Est. reading time":"2 minutes"},"schema":{"@context":"https:\/\/schema.org","@graph":[{"@type":"WebPage","@id":"https:\/\/everydaychemshop.com\/fr\/product\/acheter-4-cl-pvp-cristaux\/","url":"https:\/\/everydaychemshop.com\/fr\/product\/acheter-4-cl-pvp-cristaux\/","name":"Acheter des cristaux 4-CL-PVP en ligne - Everyday Chem Shop","isPartOf":{"@id":"https:\/\/everydaychemshop.com\/fr\/#website"},"primaryImageOfPage":{"@id":"https:\/\/everydaychemshop.com\/fr\/product\/acheter-4-cl-pvp-cristaux\/#primaryimage"},"image":{"@id":"https:\/\/everydaychemshop.com\/fr\/product\/acheter-4-cl-pvp-cristaux\/#primaryimage"},"thumbnailUrl":"https:\/\/everydaychemshop.com\/fr\/wp-content\/uploads\/sites\/5\/2022\/11\/Buy-4-CL-PVP-Crystals.jpg","datePublished":"2022-11-18T21:27:31+00:00","dateModified":"2023-04-07T11:20:43+00:00","description":"Acheter des cristaux 4-CL-PVP en ligne. Nous vendons des cristaux 4-CL-PVP en ligne. Veuillez contacter pour plus d'informations et les prix de votre commande.","breadcrumb":{"@id":"https:\/\/everydaychemshop.com\/fr\/product\/acheter-4-cl-pvp-cristaux\/#breadcrumb"},"inLanguage":"en-US","potentialAction":[{"@type":"ReadAction","target":["https:\/\/everydaychemshop.com\/fr\/product\/acheter-4-cl-pvp-cristaux\/"]}]},{"@type":"ImageObject","inLanguage":"en-US","@id":"https:\/\/everydaychemshop.com\/fr\/product\/acheter-4-cl-pvp-cristaux\/#primaryimage","url":"https:\/\/everydaychemshop.com\/fr\/wp-content\/uploads\/sites\/5\/2022\/11\/Buy-4-CL-PVP-Crystals.jpg","contentUrl":"https:\/\/everydaychemshop.com\/fr\/wp-content\/uploads\/sites\/5\/2022\/11\/Buy-4-CL-PVP-Crystals.jpg","width":275,"height":183,"caption":"Acheter des cristaux 4-CL-PVP en ligne"},{"@type":"BreadcrumbList","@id":"https:\/\/everydaychemshop.com\/fr\/product\/acheter-4-cl-pvp-cristaux\/#breadcrumb","itemListElement":[{"@type":"ListItem","position":1,"name":"Home","item":"https:\/\/everydaychemshop.com\/fr\/"},{"@type":"ListItem","position":2,"name":"Des produits","item":"https:\/\/everydaychemshop.com\/fr\/des-produits\/"},{"@type":"ListItem","position":3,"name":"Cristaux 4-CL-PVP"}]},{"@type":"WebSite","@id":"https:\/\/everydaychemshop.com\/fr\/#website","url":"https:\/\/everydaychemshop.com\/fr\/","name":"Everyday Chem Shop","description":"","potentialAction":[{"@type":"SearchAction","target":{"@type":"EntryPoint","urlTemplate":"https:\/\/everydaychemshop.com\/fr\/?s={search_term_string}"},"query-input":{"@type":"PropertyValueSpecification","valueRequired":true,"valueName":"search_term_string"}}],"inLanguage":"en-US"}]}},"_links":{"self":[{"href":"https:\/\/everydaychemshop.com\/fr\/wp-json\/wp\/v2\/product\/8060","targetHints":{"allow":["GET"]}}],"collection":[{"href":"https:\/\/everydaychemshop.com\/fr\/wp-json\/wp\/v2\/product"}],"about":[{"href":"https:\/\/everydaychemshop.com\/fr\/wp-json\/wp\/v2\/types\/product"}],"replies":[{"embeddable":true,"href":"https:\/\/everydaychemshop.com\/fr\/wp-json\/wp\/v2\/comments?post=8060"}],"wp:featuredmedia":[{"embeddable":true,"href":"https:\/\/everydaychemshop.com\/fr\/wp-json\/wp\/v2\/media\/8067"}],"wp:attachment":[{"href":"https:\/\/everydaychemshop.com\/fr\/wp-json\/wp\/v2\/media?parent=8060"}],"wp:term":[{"taxonomy":"product_brand","embeddable":true,"href":"https:\/\/everydaychemshop.com\/fr\/wp-json\/wp\/v2\/product_brand?post=8060"},{"taxonomy":"product_cat","embeddable":true,"href":"https:\/\/everydaychemshop.com\/fr\/wp-json\/wp\/v2\/product_cat?post=8060"},{"taxonomy":"product_tag","embeddable":true,"href":"https:\/\/everydaychemshop.com\/fr\/wp-json\/wp\/v2\/product_tag?post=8060"}],"curies":[{"name":"wp","href":"https:\/\/api.w.org\/{rel}","templated":true}]}}