{"id":8076,"date":"2022-11-18T21:37:59","date_gmt":"2022-11-18T21:37:59","guid":{"rendered":"https:\/\/everydaychemshop.com\/fr\/?post_type=product&#038;p=8076"},"modified":"2023-04-07T11:17:35","modified_gmt":"2023-04-07T11:17:35","slug":"poudre-de-4-fa-4-fluoroamphetamine","status":"publish","type":"product","link":"https:\/\/everydaychemshop.com\/fr\/product\/poudre-de-4-fa-4-fluoroamphetamine\/","title":{"rendered":"Poudre de 4-FA (4- Fluoroamph\u00e9tamine)"},"content":{"rendered":"<div class=\"container\">\n<div class=\"row main-content-wrap\">\n<div class=\"main-content col-lg-12\">\n<p class=\"content-area\">Acheter de la poudre 4-FA en ligne<\/p>\n<div id=\"product-1651\" class=\"product type-product post-1651 status-publish first instock product_cat-research-chemicals- et-sel-de-bain product_tag-2-fluoroamph\u00e9tamine product_tag-4-fa-buy-canada product_tag-4-fa-buy-online product_tag-4-fa-buy-uk product_tag-4-fa-buy-usa product_tag-4- fa-effects product_tag-4-fa-for-sale-online product_tag-4-fa-for-sale-usa-online product_tag-4-fa-online product_tag-4-fa-online-buy product_tag-4-fa-powder -buy-canada product_tag-4-fa-powder-buy-uk product_tag-4-fa-powder-buy-usa product_tag-4-fa-powder-for-sale product_tag-4-fa-powder-for-sale-online product_tag-4-fa-powder-for-sale-usa-online product_tag-4-fa-powder-online product_tag-4-fa-powder-online-buy product_tag-4-fa-powder-price-online product_tag-4- fa-price-online product_tag-4-fa-research-chemical product_tag-4-fluoro amphetamine-legal-status product_tag-4-fluoroamph\u00e9tamine-synthesis product_tag-5-mapb-legal product_tag-buy-4-fa-australia product_tag-buy-4-fa-canada product_tag-buy-4-fa-europe product_tag-buy- 4-fa-for-sale product_tag-buy-4-fa-online product_tag-buy-4-fa-powder-australia product_tag-buy-4-fa-powder-canada product_tag-buy-4-fa-powder-europe product_tag -buy-4-fa-powder-for-sale product_tag-buy-4-fa-powder-online product_tag-buy-4-fa-powder-uk product_tag-buy-4-fa-powder-usa product_tag-buy-4 -fa-uk product_tag-buy-4-fa-usa product_tag-is-4-fa-legal product_tag-is-4-fa-legal-in-the-us-2020 product_tag-is-4-fma-legal product_tag- quality-4-fa-for-sale product_tag-quality-4-fa-powder-for-sale product_tag-where-to-buy-4-fa product_tag-where-to-buy-4-fa-sels has-post- miniature exp\u00e9dition-taxable achetable product-type-variable has-default-attributes product-layout-default\">\n<div id=\"product-tab\" class=\"woocommerce-tabs woocommerce-tabs-z37slqdj resp-htabs\">\n<div class=\"resp-tabs-container\">\n<div id=\"tab-description\" class=\"tab-content resp-tab-content resp-tab-content-active\" aria-labelledby=\"tab_item-0\">\n<p><a href=\"https:\/\/everydaychemshop.com\/fr\/product\/poudre-de-4-fa-4-fluoroamphetamine\/\">Acheter de la poudre 4-FA en ligne<\/a>. 4-FA (4-fluoramph\u00e9tamine) est un m\u00e9dicament de type amph\u00e9tamine qui vient d&#8217;appara\u00eetre sur le march\u00e9 n\u00e9erlandais pour une p\u00e9riode relativement courte. Dans la p\u00e9riode de 2007 \u00e0 2009, il \u00e9tait essentiellement vendu sous forme de speed ou de MDMA. Achetez de la poudre 4-FA en ligne. C&#8217;\u00e9tait au motif qu&#8217;il y avait \u00e0 l&#8217;\u00e9poque une p\u00e9nurie de mati\u00e8res premi\u00e8res pour ces sp\u00e9cialistes, le 4-FA a donc \u00e9t\u00e9 utilis\u00e9 comme sp\u00e9cialiste de la coupe. En tout cas, depuis 2010, le 4-FA est progressivement vendu comme 4-FA par les vendeurs, ce qui implique \u00e9galement que les acheteurs le consid\u00e8rent comme un \u00ab m\u00e9dicament de d\u00e9cision \u00bb. Poudre de 4-FA \u00e0 vendre &#8211; Vente en gros de poudres chimiques de recherche &#8211; Achetez de la 4-fluoroamph\u00e9tamine en ligne<\/p>\n<h2><span data-preserver-spaces=\"true\">Effets\u00a0<b>4-fluoroamph\u00e9tamine<\/b><\/span><\/h2>\n<p><span data-preserver-spaces=\"true\">Le subjectif\u00a0les effets de la 4-fluoroamph\u00e9tamine\u00a0incluent\u00a0<\/span><span data-preserver-spaces=\"true\">euphorie<\/span><span data-preserver-spaces=\"true\">, que certains trouvent <a href=\"https:\/\/en.wikipedia.org\/wiki\/4-Fluoroamphetamine\">similaires<\/a> aux effets de\u00a0<\/span><span data-preserver-spaces=\"true\">MDMA<\/span><span data-preserver-spaces=\"true\">\u00a0et amph\u00e9tamine,<\/span><span data-preserver-spaces=\"true\">\u00a0augmentation de l&#8217;\u00e9nergie (stimulation), \u00e9l\u00e9vation de l&#8217;humeur, sentiments de chaleur et d&#8217;empathie, conversation excessive,\u00a0<\/span><span data-preserver-spaces=\"true\">bruxisme<\/span> <span data-preserver-spaces=\"true\">, et suppression de l&#8217;app\u00e9tit (anorexique). L&#8217;\u00e9volution g\u00e9n\u00e9rale des effets implique principalement des effets empathog\u00e8nes pendant les premi\u00e8res heures, qui s&#8217;estompent au fur et \u00e0 mesure que la stimulation accrue se d\u00e9veloppe au cours des heures suivantes. Vente en gros de poudres chimiques de recherche<\/span><\/p>\n<p><span data-preserver-spaces=\"true\">Le\u00a0<\/span><span data-preserver-spaces=\"true\">inhibition de la recapture de la dopamine<\/span><span data-preserver-spaces=\"true\">\u00a0produit par 4-FA est plus fort que celui de l&#8217;un ou l&#8217;autre\u00a0<\/span><span data-preserver-spaces=\"true\">4-CA<\/span><span data-preserver-spaces=\"true\">\u00a0ou\u00a0<\/span><span data-preserver-spaces=\"true\"> 4-IA<\/span><span data-preserver-spaces=\"true\">.<\/span><span data-preserver-spaces=\"true\">\u00a04-FA produit \u00e9galement moins\u00a0<\/span> <span data-preserver=\"\">hyperthermie<\/span><span data-preserver-spaces=\"true\">\u00a0que des compos\u00e9s similaires tels que\u00a0<\/span><span data-preserver-spaces=\"true\">PMA<\/span>,\u00a0<span data-preserver-spaces=\"true\">3-MTA<\/span><span data-preserver-spaces=\"true \">, et\u00a0<\/span>4-m\u00e9thylamph\u00e9tamine<span data-preserver-spaces=\"true\">.<\/span><\/p>\n<p>Les effets secondaires aigus courants sont les naus\u00e9es, les maux de t\u00eate, l&#8217;acc\u00e9l\u00e9ration du rythme cardiaque et l&#8217;insomnie.<\/p>\n<p><span data-preserver-spaces=\"true\">Il est orted que les trois \u00e0 quatre premi\u00e8res heures de 4-FA pr\u00e9sentent des\u00a0<\/span><span data-preserver-spaces=\"true\">entactog\u00e8ne<\/span><span data-preserver-spaces=\"true\">\u00a0effets qui ont \u00e9t\u00e9 signal\u00e9s comme \u00e9tant quelque peu similaires \u00e0 la MDMA, bien que non tout aussi puissant. On pense que cela est en corr\u00e9lation avec la dur\u00e9e pendant laquelle il promeut la publication de\u00a0<\/span><span data-preserver-spaces=\"true\">s\u00e9rotonine<\/span><span data-preserver-spaces=\"true\">\u00a0(en plus de\u00a0<\/span><span data-preserver-spaces=\"true\">dopamine<\/span><span data-preserver-spaces=\"true\">\u00a0et\u00a0<\/span><span data-preserver-spaces=\"true\">nor\u00e9pin\u00e9phrine<\/span><span data-preserver-spaces=\"true\">). Apr\u00e8s cette premi\u00e8re phase de l&#8217;exp\u00e9rience, l&#8217;effet se d\u00e9place vers quelque chose qui ressemble \u00e0 du classique\u00a0<\/span><span data-preserver-spaces=\"true\">amph\u00e9tamine<\/span><span data-preserver-spaces=\"true \">\u00a0stimulation, qui peut persister pendant une p\u00e9riode prolong\u00e9e. Vente en gros Poudres chimiques de recherche &#8211; Acheter de la 4-fluoroamph\u00e9tamine en ligne<\/span><\/p>\n<p>Acheter de la poudre de 4-FA en ligne, 4-FA \u00e0 vendre en ligne, Acheter du 4-FA au Royaume-Uni, Acheter du 4-FA en ligne, Acheter du 4-FA USA, Acheter 4-FA Australie, 4-FA acheter en ligne, Acheter 4-FA Europe, Acheter 4-FA Canada, O\u00f9 acheter 4-FA, Acheter 4-FA \u00e0 vendre, 4-FA en ligne, Acheter 4-FA en ligne , 4-FA acheter Canada, 4-FA acheter Uk, 4-FA acheter USA, 4-FA prix en ligne, qualit\u00e9 4-FA \u00e0 vendre, 4-FA \u00e0 vendre en ligne, 4-FA \u00e0 vendre USA en ligne, Acheter 4- FA en ligne, Acheter 4-Fluoroamph\u00e9tamine en ligne<\/p>\n<h3>4-FA Poudre \u00e0 vendre en ligne. Fairpricemedical.com<\/h3>\n<p><strong><span data-preserver-spaces=\"true\">N&#8217;utilisez pas le 4-FA si vous avez des ant\u00e9c\u00e9dents de probl\u00e8mes cardiaques ou si vous souffrez de maux de t\u00eate s\u00e9v\u00e8res apr\u00e8s son utilisation. <\/span><\/strong><span data-preserver-spaces=\"true\">\u00a0Nous avons \u00e9t\u00e9 inform\u00e9s d&#8217;un rapport publi\u00e9 par Trimbos-instituut et Nationaal Vergiftigingen Informatie Centrum (NVIC), d\u00e9crivant des incidents d&#8217;AVC apr\u00e8s une utilisation accrue de 4-FA. En plus des effets communs de type amph\u00e9tamine (agitation, anxi\u00e9t\u00e9, tachycardie, hypertension, douleurs thoraciques et al.), de graves complications cardio- et c\u00e9r\u00e9brovasculaires ont \u00e9t\u00e9 rapport\u00e9es, notamment du rythme (arythmie sinusale, extrasystoles ventriculaires (big\u00e9minie), troubles de la conduction) et insuffisance cardiaque aigu\u00eb. Bien qu&#8217;une relation causale n&#8217;ait pas \u00e9t\u00e9 confirm\u00e9e, une \u00e9valuation m\u00e9dicale dans un service d&#8217;urgence doit \u00eatre imm\u00e9diatement effectu\u00e9e en cas de mal de t\u00eate s\u00e9v\u00e8re et de lat\u00e9ralisation apr\u00e8s l&#8217;utilisation de 4-FA. Vente en gros de poudres chimiques de recherche &#8211; Achetez de la 4-fluoroamph\u00e9tamine en ligne<\/span><\/p>\n<p><strong><em><span data-preserver-spaces=\"true\">Avertissement\u00a0:<\/span><\/em> <\/strong><em><span data-preserver-spaces=\"true\">\u00a0Les effets r\u00e9pertori\u00e9s ci-dessous citent le\u00a0<\/span><\/em><strong><em><span data-preserver-spaces=\"true\">Indice d&#8217;effet subjectif<\/span><\/em><\/strong><em><span data-preserver-spaces=\"true\">\u00a0(<\/span><\/em><strong><em>SEI<\/em><\/strong><em><span data-preserver-spaces=\"true\">), litt\u00e9rature de recherche ouverte bas\u00e9e sur des rapports d&#8217;utilisateurs anecdotiques, et le personnel analyses des contributeurs de PsychonautWiki. En cons\u00e9quence, ils doivent \u00eatre consid\u00e9r\u00e9s avec un degr\u00e9 sain de scepticisme.<\/span><\/em><\/p>\n<p>Acheter 4FA Poudre Uk, 4FA acheter en ligne, Acheter 4FA Poudre USA, Acheter 4-FA Poudre Australie , 4FA Poudre acheter en ligne, Acheter 4-FA Poudre Europe, Acheter 4FA Poudre Canada, O\u00f9 acheter 4-FA, Acheter 4FA Poudre \u00e0 vendre, 4-FA Poudre acheter Canada, 4FA Poudre acheter Uk, 4-FA Poudre acheter USA, Prix \u200b\u200b\u200b\u200bde la poudre 4FA en ligne, poudre 4-FA de qualit\u00e9 \u00e0 vendre, poudre 4-FA \u00e0 vendre, poudre 4-FA \u00e0 vendre aux \u00c9tats-Unis en ligne, 4fa l\u00e9gal,<\/p>\n<div class=\"CCgQ5 vCa9Yd QfkTvb MUxGbd v0nnCb\" role=\" header\">4-FA Vente en gros de poudres chimiques de recherche &#8211; Achetez de la 4-fluoroamph\u00e9tamine en ligne<\/div>\n<\/div>\n<\/div>\n<\/div>\n<\/div>\n<p>&nbsp;<\/p>\n<\/div>\n<\/div>\n<\/div>\n<div class=\"produits connexes\">\n<div class=\"container\"><\/div>\n<\/div>\n","protected":false},"excerpt":{"rendered":"<p>Voulez-vous acheter de la poudre 4-FA en ligne \u00e0 un prix abordable\u00a0? Vous l&#8217;avez ici le mieux avec une haute qualit\u00e9 (puret\u00e9 de 99%). Nos exp\u00e9ditions et livraisons pour les produits chimiques de recherche en poudre 4-FA sont 100% s\u00fbres, s\u00e9curis\u00e9es et discr\u00e8tes. Fair Price est le principal distributeur de 4-fluorom\u00e9thamph\u00e9tamine et d&#8217;autres produits connexes dans le monde entier.<\/p>\n","protected":false},"featured_media":8083,"comment_status":"open","ping_status":"closed","template":"","meta":{"inline_featured_image":false},"product_brand":[],"product_cat":[264],"product_tag":[],"class_list":{"0":"post-8076","1":"product","2":"type-product","3":"status-publish","4":"has-post-thumbnail","6":"product_cat-recherche-chimique","8":"first","9":"instock","10":"shipping-taxable","11":"purchasable","12":"product-type-variable","13":"has-default-attributes"},"yoast_head":"<!-- This site is optimized with the Yoast SEO Premium plugin v19.2 (Yoast SEO v27.3) - https:\/\/yoast.com\/product\/yoast-seo-premium-wordpress\/ -->\n<title>Acheter de la poudre 4-FA en ligne - Everyday Chem Shop<\/title>\n<meta name=\"description\" content=\"Acheter de la poudre 4-FA en ligne. Nous vendons la meilleure qualit\u00e9 de poudre 4-FA en ligne. Contactez-nous pour plus d&#039;informations et les prix pour passer votre commande.\" \/>\n<meta name=\"robots\" content=\"index, follow, max-snippet:-1, max-image-preview:large, max-video-preview:-1\" \/>\n<link rel=\"canonical\" href=\"https:\/\/everydaychemshop.com\/fr\/product\/poudre-de-4-fa-4-fluoroamphetamine\/\" \/>\n<meta property=\"og:locale\" content=\"en_US\" \/>\n<meta property=\"og:type\" content=\"article\" \/>\n<meta property=\"og:title\" content=\"Poudre de 4-FA (4- Fluoroamph\u00e9tamine)\" \/>\n<meta property=\"og:description\" content=\"Acheter de la poudre 4-FA en ligne. Nous vendons la meilleure qualit\u00e9 de poudre 4-FA en ligne. Contactez-nous pour plus d&#039;informations et les prix pour passer votre commande.\" \/>\n<meta property=\"og:url\" content=\"https:\/\/everydaychemshop.com\/fr\/product\/poudre-de-4-fa-4-fluoroamphetamine\/\" \/>\n<meta property=\"og:site_name\" content=\"Everyday Chem Shop\" \/>\n<meta property=\"article:modified_time\" content=\"2023-04-07T11:17:35+00:00\" \/>\n<meta property=\"og:image\" content=\"https:\/\/everydaychemshop.com\/fr\/wp-content\/uploads\/sites\/5\/2022\/11\/Buy-4-FA-Powder.jpeg\" \/>\n\t<meta property=\"og:image:width\" content=\"510\" \/>\n\t<meta property=\"og:image:height\" content=\"365\" \/>\n\t<meta property=\"og:image:type\" content=\"image\/jpeg\" \/>\n<meta name=\"twitter:card\" content=\"summary_large_image\" \/>\n<meta name=\"twitter:label1\" content=\"Est. reading time\" \/>\n\t<meta name=\"twitter:data1\" content=\"4 minutes\" \/>\n<script type=\"application\/ld+json\" class=\"yoast-schema-graph\">{\"@context\":\"https:\\\/\\\/schema.org\",\"@graph\":[{\"@type\":\"WebPage\",\"@id\":\"https:\\\/\\\/everydaychemshop.com\\\/fr\\\/product\\\/poudre-de-4-fa-4-fluoroamphetamine\\\/\",\"url\":\"https:\\\/\\\/everydaychemshop.com\\\/fr\\\/product\\\/poudre-de-4-fa-4-fluoroamphetamine\\\/\",\"name\":\"Acheter de la poudre 4-FA en ligne - Everyday Chem Shop\",\"isPartOf\":{\"@id\":\"https:\\\/\\\/everydaychemshop.com\\\/fr\\\/#website\"},\"primaryImageOfPage\":{\"@id\":\"https:\\\/\\\/everydaychemshop.com\\\/fr\\\/product\\\/poudre-de-4-fa-4-fluoroamphetamine\\\/#primaryimage\"},\"image\":{\"@id\":\"https:\\\/\\\/everydaychemshop.com\\\/fr\\\/product\\\/poudre-de-4-fa-4-fluoroamphetamine\\\/#primaryimage\"},\"thumbnailUrl\":\"https:\\\/\\\/everydaychemshop.com\\\/fr\\\/wp-content\\\/uploads\\\/sites\\\/5\\\/2022\\\/11\\\/Buy-4-FA-Powder.jpeg\",\"datePublished\":\"2022-11-18T21:37:59+00:00\",\"dateModified\":\"2023-04-07T11:17:35+00:00\",\"description\":\"Acheter de la poudre 4-FA en ligne. Nous vendons la meilleure qualit\u00e9 de poudre 4-FA en ligne. Contactez-nous pour plus d'informations et les prix pour passer votre commande.\",\"breadcrumb\":{\"@id\":\"https:\\\/\\\/everydaychemshop.com\\\/fr\\\/product\\\/poudre-de-4-fa-4-fluoroamphetamine\\\/#breadcrumb\"},\"inLanguage\":\"en-US\",\"potentialAction\":[{\"@type\":\"ReadAction\",\"target\":[\"https:\\\/\\\/everydaychemshop.com\\\/fr\\\/product\\\/poudre-de-4-fa-4-fluoroamphetamine\\\/\"]}]},{\"@type\":\"ImageObject\",\"inLanguage\":\"en-US\",\"@id\":\"https:\\\/\\\/everydaychemshop.com\\\/fr\\\/product\\\/poudre-de-4-fa-4-fluoroamphetamine\\\/#primaryimage\",\"url\":\"https:\\\/\\\/everydaychemshop.com\\\/fr\\\/wp-content\\\/uploads\\\/sites\\\/5\\\/2022\\\/11\\\/Buy-4-FA-Powder.jpeg\",\"contentUrl\":\"https:\\\/\\\/everydaychemshop.com\\\/fr\\\/wp-content\\\/uploads\\\/sites\\\/5\\\/2022\\\/11\\\/Buy-4-FA-Powder.jpeg\",\"width\":510,\"height\":365,\"caption\":\"Acheter de la poudre 4-FA en ligne\"},{\"@type\":\"BreadcrumbList\",\"@id\":\"https:\\\/\\\/everydaychemshop.com\\\/fr\\\/product\\\/poudre-de-4-fa-4-fluoroamphetamine\\\/#breadcrumb\",\"itemListElement\":[{\"@type\":\"ListItem\",\"position\":1,\"name\":\"Home\",\"item\":\"https:\\\/\\\/everydaychemshop.com\\\/fr\\\/\"},{\"@type\":\"ListItem\",\"position\":2,\"name\":\"Des produits\",\"item\":\"https:\\\/\\\/everydaychemshop.com\\\/fr\\\/des-produits\\\/\"},{\"@type\":\"ListItem\",\"position\":3,\"name\":\"Poudre de 4-FA (4- Fluoroamph\u00e9tamine)\"}]},{\"@type\":\"WebSite\",\"@id\":\"https:\\\/\\\/everydaychemshop.com\\\/fr\\\/#website\",\"url\":\"https:\\\/\\\/everydaychemshop.com\\\/fr\\\/\",\"name\":\"Everyday Chem Shop\",\"description\":\"\",\"potentialAction\":[{\"@type\":\"SearchAction\",\"target\":{\"@type\":\"EntryPoint\",\"urlTemplate\":\"https:\\\/\\\/everydaychemshop.com\\\/fr\\\/?s={search_term_string}\"},\"query-input\":{\"@type\":\"PropertyValueSpecification\",\"valueRequired\":true,\"valueName\":\"search_term_string\"}}],\"inLanguage\":\"en-US\"}]}<\/script>\n<!-- \/ Yoast SEO Premium plugin. -->","yoast_head_json":{"title":"Acheter de la poudre 4-FA en ligne - Everyday Chem Shop","description":"Acheter de la poudre 4-FA en ligne. Nous vendons la meilleure qualit\u00e9 de poudre 4-FA en ligne. Contactez-nous pour plus d'informations et les prix pour passer votre commande.","robots":{"index":"index","follow":"follow","max-snippet":"max-snippet:-1","max-image-preview":"max-image-preview:large","max-video-preview":"max-video-preview:-1"},"canonical":"https:\/\/everydaychemshop.com\/fr\/product\/poudre-de-4-fa-4-fluoroamphetamine\/","og_locale":"en_US","og_type":"article","og_title":"Poudre de 4-FA (4- Fluoroamph\u00e9tamine)","og_description":"Acheter de la poudre 4-FA en ligne. Nous vendons la meilleure qualit\u00e9 de poudre 4-FA en ligne. Contactez-nous pour plus d'informations et les prix pour passer votre commande.","og_url":"https:\/\/everydaychemshop.com\/fr\/product\/poudre-de-4-fa-4-fluoroamphetamine\/","og_site_name":"Everyday Chem Shop","article_modified_time":"2023-04-07T11:17:35+00:00","og_image":[{"width":510,"height":365,"url":"https:\/\/everydaychemshop.com\/fr\/wp-content\/uploads\/sites\/5\/2022\/11\/Buy-4-FA-Powder.jpeg","type":"image\/jpeg"}],"twitter_card":"summary_large_image","twitter_misc":{"Est. reading time":"4 minutes"},"schema":{"@context":"https:\/\/schema.org","@graph":[{"@type":"WebPage","@id":"https:\/\/everydaychemshop.com\/fr\/product\/poudre-de-4-fa-4-fluoroamphetamine\/","url":"https:\/\/everydaychemshop.com\/fr\/product\/poudre-de-4-fa-4-fluoroamphetamine\/","name":"Acheter de la poudre 4-FA en ligne - Everyday Chem Shop","isPartOf":{"@id":"https:\/\/everydaychemshop.com\/fr\/#website"},"primaryImageOfPage":{"@id":"https:\/\/everydaychemshop.com\/fr\/product\/poudre-de-4-fa-4-fluoroamphetamine\/#primaryimage"},"image":{"@id":"https:\/\/everydaychemshop.com\/fr\/product\/poudre-de-4-fa-4-fluoroamphetamine\/#primaryimage"},"thumbnailUrl":"https:\/\/everydaychemshop.com\/fr\/wp-content\/uploads\/sites\/5\/2022\/11\/Buy-4-FA-Powder.jpeg","datePublished":"2022-11-18T21:37:59+00:00","dateModified":"2023-04-07T11:17:35+00:00","description":"Acheter de la poudre 4-FA en ligne. Nous vendons la meilleure qualit\u00e9 de poudre 4-FA en ligne. Contactez-nous pour plus d'informations et les prix pour passer votre commande.","breadcrumb":{"@id":"https:\/\/everydaychemshop.com\/fr\/product\/poudre-de-4-fa-4-fluoroamphetamine\/#breadcrumb"},"inLanguage":"en-US","potentialAction":[{"@type":"ReadAction","target":["https:\/\/everydaychemshop.com\/fr\/product\/poudre-de-4-fa-4-fluoroamphetamine\/"]}]},{"@type":"ImageObject","inLanguage":"en-US","@id":"https:\/\/everydaychemshop.com\/fr\/product\/poudre-de-4-fa-4-fluoroamphetamine\/#primaryimage","url":"https:\/\/everydaychemshop.com\/fr\/wp-content\/uploads\/sites\/5\/2022\/11\/Buy-4-FA-Powder.jpeg","contentUrl":"https:\/\/everydaychemshop.com\/fr\/wp-content\/uploads\/sites\/5\/2022\/11\/Buy-4-FA-Powder.jpeg","width":510,"height":365,"caption":"Acheter de la poudre 4-FA en ligne"},{"@type":"BreadcrumbList","@id":"https:\/\/everydaychemshop.com\/fr\/product\/poudre-de-4-fa-4-fluoroamphetamine\/#breadcrumb","itemListElement":[{"@type":"ListItem","position":1,"name":"Home","item":"https:\/\/everydaychemshop.com\/fr\/"},{"@type":"ListItem","position":2,"name":"Des produits","item":"https:\/\/everydaychemshop.com\/fr\/des-produits\/"},{"@type":"ListItem","position":3,"name":"Poudre de 4-FA (4- Fluoroamph\u00e9tamine)"}]},{"@type":"WebSite","@id":"https:\/\/everydaychemshop.com\/fr\/#website","url":"https:\/\/everydaychemshop.com\/fr\/","name":"Everyday Chem Shop","description":"","potentialAction":[{"@type":"SearchAction","target":{"@type":"EntryPoint","urlTemplate":"https:\/\/everydaychemshop.com\/fr\/?s={search_term_string}"},"query-input":{"@type":"PropertyValueSpecification","valueRequired":true,"valueName":"search_term_string"}}],"inLanguage":"en-US"}]}},"_links":{"self":[{"href":"https:\/\/everydaychemshop.com\/fr\/wp-json\/wp\/v2\/product\/8076","targetHints":{"allow":["GET"]}}],"collection":[{"href":"https:\/\/everydaychemshop.com\/fr\/wp-json\/wp\/v2\/product"}],"about":[{"href":"https:\/\/everydaychemshop.com\/fr\/wp-json\/wp\/v2\/types\/product"}],"replies":[{"embeddable":true,"href":"https:\/\/everydaychemshop.com\/fr\/wp-json\/wp\/v2\/comments?post=8076"}],"wp:featuredmedia":[{"embeddable":true,"href":"https:\/\/everydaychemshop.com\/fr\/wp-json\/wp\/v2\/media\/8083"}],"wp:attachment":[{"href":"https:\/\/everydaychemshop.com\/fr\/wp-json\/wp\/v2\/media?parent=8076"}],"wp:term":[{"taxonomy":"product_brand","embeddable":true,"href":"https:\/\/everydaychemshop.com\/fr\/wp-json\/wp\/v2\/product_brand?post=8076"},{"taxonomy":"product_cat","embeddable":true,"href":"https:\/\/everydaychemshop.com\/fr\/wp-json\/wp\/v2\/product_cat?post=8076"},{"taxonomy":"product_tag","embeddable":true,"href":"https:\/\/everydaychemshop.com\/fr\/wp-json\/wp\/v2\/product_tag?post=8076"}],"curies":[{"name":"wp","href":"https:\/\/api.w.org\/{rel}","templated":true}]}}