{"id":8100,"date":"2022-11-18T21:51:44","date_gmt":"2022-11-18T21:51:44","guid":{"rendered":"https:\/\/everydaychemshop.com\/fr\/?post_type=product&#038;p=8100"},"modified":"2023-04-07T11:12:08","modified_gmt":"2023-04-07T11:12:08","slug":"al-lad-poudre","status":"publish","type":"product","link":"https:\/\/everydaychemshop.com\/fr\/product\/al-lad-poudre\/","title":{"rendered":"Poudre AL-LAD"},"content":{"rendered":"<h1>Acheter des cristaux 5F-MDMB-2201 en ligne<\/h1>\n<p><a href=\"https:\/\/everydaychemshop.com\/fr\/product\/al-lad-poudre\/\">Acheter des cristaux 5F-MDMB-2201 en ligne<\/a> pour vente au Royaume-Uni, en Europe, dans l&#8217;UA, dans l&#8217;UE, Commandez de la poudre d&#8217;al-lad bon march\u00e9 2022, O\u00f9 acheter de la poudre d&#8217;al-lad de haute qualit\u00e9 Livraison le lendemain, ventes de poudre al-lad.<\/p>\n<p><strong>Poudre AL-LAD<\/strong>. Grossiste et fournisseur de <em>Poudre AL-LAD<\/em> <a href=\"https:\/\/en.wikipedia.org\/wiki\/MMB-2201\">pure<\/a> au prix le plus bas et de diverses mati\u00e8res premi\u00e8res pharmaceutiques d&#8217;une puret\u00e9 sup\u00e9rieure \u00e0 99\u00a0%, de produits chimiques de recherche et de m\u00e9dicaments g\u00e9n\u00e9riques. Emballage s\u00e9curis\u00e9 et discret avec exp\u00e9dition suivie.<\/p>\n<p>AL-LAD, \u00e9galement connu sous le nom de 6-allyl-6-nor-LSD, est un analogue chimique du di\u00e9thylamide de l&#8217;acide lysergique (LSD). C&#8217;est un m\u00e9dicament psych\u00e9d\u00e9lique de la classe des lysergamides qui produit des effets psych\u00e9d\u00e9liques de type LSD lorsqu&#8217;il est administr\u00e9.<\/p>\n<p class=\"h2_style\">D\u00e9tails rapides<\/p>\n<p>Nom du produit\u00a0: AL-LAD<br \/>\nSynonymes\u00a0: AL-LAD, 6-allyl-6-nor-LSD<br \/>\nN\u00b0 CAS\u00a0: 65527-61-9<br \/>\nFormule mol\u00e9culaire\u00a0: C22H27N3O<br \/>\nIUPAC\u00a0: (6aR,9R)-N, N-di\u00e9thyl-7-prop-2-\u00e9nyl-6,6a,8,9-t\u00e9trahydro-4H-indolo[4,3-fg]quinol\u00e9ine-9-carboxamide<br \/>\nPoids mol\u00e9culaire : 349,5 g\/mol<br \/>\nPuret\u00e9\u00a0: 99,6\u00a0%<br \/>\nApparence\u00a0: Poudre cristalline blanche \/ poudre blanc cass\u00e9<\/p>\n<h2>AL-LAD Powder Supplier<\/h2>\n<p>L&#8217;un des principaux fournisseurs europ\u00e9ens de mati\u00e8res premi\u00e8res pharmaceutiques, nous sommes connus pour l&#8217;assortiment exceptionnel de produits et nos services de livraison directe de m\u00e9dicaments g\u00e9n\u00e9riques de qualit\u00e9. En tant que grossiste en poudre AL-LAD, nous nous effor\u00e7ons de fournir des produits de haute qualit\u00e9 et rentables sur le march\u00e9.<\/p>\n","protected":false},"excerpt":{"rendered":"<p>Acheter de la poudre al-lad \u00e0 vendre au Royaume-Uni, en Europe, dans l&#8217;UA, dans l&#8217;UE, commander de la poudre al-lad bon march\u00e9 2022, O\u00f9 acheter de la poudre al-lad de haute qualit\u00e9, livraison le lendemain, vente de poudre al-lad.<\/p>\n<p><em>Achetez AL<\/em>\u2013<em>LAD Powder<\/em>\u00a0Europe, fournisseur v\u00e9rifi\u00e9 de produits chimiques de recherche. Fournisseur en gros de <em>AL<\/em>\u2013<em>poudre LAD<\/em>\u00a0, livraison directe depuis l&#8217;UE<\/p>\n<p><em>Acheter AL<\/em>\u2013<em>poudre LAD<\/em> &gt;\u00a0\u2013 Lysergamides et autres compos\u00e9s de haute qualit\u00e9 aux meilleurs tarifs. Prix \u200b\u200bles moins chers. Remise disponible. Exp\u00e9dition rapide dans le monde entier<\/p>\n<p><em>Achetez Al<\/em>\u2013<em>poudre de gar\u00e7on<\/em>\u00a0\u00a0en ligne, di\u00e9thylamide d&#8217;acide 6-allyl-6-nor-lysergique (en abr\u00e9g\u00e9\u00a0<em>AL<\/em>\u2013<em>LAD<\/em>, \u00e9galement connu sous le nom d&#8217;Aladdin) est un hallucinog\u00e8ne semi-synth\u00e9tique<\/p>\n","protected":false},"featured_media":8106,"comment_status":"open","ping_status":"closed","template":"","meta":{"inline_featured_image":false},"product_brand":[],"product_cat":[264],"product_tag":[],"class_list":{"0":"post-8100","1":"product","2":"type-product","3":"status-publish","4":"has-post-thumbnail","6":"product_cat-recherche-chimique","8":"first","9":"instock","10":"shipping-taxable","11":"purchasable","12":"product-type-variable","13":"has-default-attributes"},"yoast_head":"<!-- This site is optimized with the Yoast SEO Premium plugin v19.2 (Yoast SEO v27.3) - https:\/\/yoast.com\/product\/yoast-seo-premium-wordpress\/ -->\n<title>Acheter des cristaux 5F-MDMB-2201 - Everyday Chem Shop<\/title>\n<meta name=\"description\" content=\"Acheter des cristaux 5F-MDMB-2201 en ligne. Nous vendons en ligne des cristaux 5F-MDMB-2201 de la meilleure qualit\u00e9. Veuillez contacter pour plus d&#039;informations et les prix.\" \/>\n<meta name=\"robots\" content=\"index, follow, max-snippet:-1, max-image-preview:large, max-video-preview:-1\" \/>\n<link rel=\"canonical\" href=\"https:\/\/everydaychemshop.com\/fr\/product\/al-lad-poudre\/\" \/>\n<meta property=\"og:locale\" content=\"en_US\" \/>\n<meta property=\"og:type\" content=\"article\" \/>\n<meta property=\"og:title\" content=\"Poudre AL-LAD\" \/>\n<meta property=\"og:description\" content=\"Acheter des cristaux 5F-MDMB-2201 en ligne. Nous vendons en ligne des cristaux 5F-MDMB-2201 de la meilleure qualit\u00e9. Veuillez contacter pour plus d&#039;informations et les prix.\" \/>\n<meta property=\"og:url\" content=\"https:\/\/everydaychemshop.com\/fr\/product\/al-lad-poudre\/\" \/>\n<meta property=\"og:site_name\" content=\"Everyday Chem Shop\" \/>\n<meta property=\"article:modified_time\" content=\"2023-04-07T11:12:08+00:00\" \/>\n<meta property=\"og:image\" content=\"https:\/\/everydaychemshop.com\/fr\/wp-content\/uploads\/sites\/5\/2022\/11\/Buy-al-lad-powder.jpg\" \/>\n\t<meta property=\"og:image:width\" content=\"931\" \/>\n\t<meta property=\"og:image:height\" content=\"799\" \/>\n\t<meta property=\"og:image:type\" content=\"image\/jpeg\" \/>\n<meta name=\"twitter:card\" content=\"summary_large_image\" \/>\n<meta name=\"twitter:label1\" content=\"Est. reading time\" \/>\n\t<meta name=\"twitter:data1\" content=\"1 minute\" \/>\n<script type=\"application\/ld+json\" class=\"yoast-schema-graph\">{\"@context\":\"https:\\\/\\\/schema.org\",\"@graph\":[{\"@type\":\"WebPage\",\"@id\":\"https:\\\/\\\/everydaychemshop.com\\\/fr\\\/product\\\/al-lad-poudre\\\/\",\"url\":\"https:\\\/\\\/everydaychemshop.com\\\/fr\\\/product\\\/al-lad-poudre\\\/\",\"name\":\"Acheter des cristaux 5F-MDMB-2201 - Everyday Chem Shop\",\"isPartOf\":{\"@id\":\"https:\\\/\\\/everydaychemshop.com\\\/fr\\\/#website\"},\"primaryImageOfPage\":{\"@id\":\"https:\\\/\\\/everydaychemshop.com\\\/fr\\\/product\\\/al-lad-poudre\\\/#primaryimage\"},\"image\":{\"@id\":\"https:\\\/\\\/everydaychemshop.com\\\/fr\\\/product\\\/al-lad-poudre\\\/#primaryimage\"},\"thumbnailUrl\":\"https:\\\/\\\/everydaychemshop.com\\\/fr\\\/wp-content\\\/uploads\\\/sites\\\/5\\\/2022\\\/11\\\/Buy-al-lad-powder.jpg\",\"datePublished\":\"2022-11-18T21:51:44+00:00\",\"dateModified\":\"2023-04-07T11:12:08+00:00\",\"description\":\"Acheter des cristaux 5F-MDMB-2201 en ligne. Nous vendons en ligne des cristaux 5F-MDMB-2201 de la meilleure qualit\u00e9. Veuillez contacter pour plus d'informations et les prix.\",\"breadcrumb\":{\"@id\":\"https:\\\/\\\/everydaychemshop.com\\\/fr\\\/product\\\/al-lad-poudre\\\/#breadcrumb\"},\"inLanguage\":\"en-US\",\"potentialAction\":[{\"@type\":\"ReadAction\",\"target\":[\"https:\\\/\\\/everydaychemshop.com\\\/fr\\\/product\\\/al-lad-poudre\\\/\"]}]},{\"@type\":\"ImageObject\",\"inLanguage\":\"en-US\",\"@id\":\"https:\\\/\\\/everydaychemshop.com\\\/fr\\\/product\\\/al-lad-poudre\\\/#primaryimage\",\"url\":\"https:\\\/\\\/everydaychemshop.com\\\/fr\\\/wp-content\\\/uploads\\\/sites\\\/5\\\/2022\\\/11\\\/Buy-al-lad-powder.jpg\",\"contentUrl\":\"https:\\\/\\\/everydaychemshop.com\\\/fr\\\/wp-content\\\/uploads\\\/sites\\\/5\\\/2022\\\/11\\\/Buy-al-lad-powder.jpg\",\"width\":931,\"height\":799,\"caption\":\"Acheter des cristaux 5F-MDMB-2201 en ligne\"},{\"@type\":\"BreadcrumbList\",\"@id\":\"https:\\\/\\\/everydaychemshop.com\\\/fr\\\/product\\\/al-lad-poudre\\\/#breadcrumb\",\"itemListElement\":[{\"@type\":\"ListItem\",\"position\":1,\"name\":\"Home\",\"item\":\"https:\\\/\\\/everydaychemshop.com\\\/fr\\\/\"},{\"@type\":\"ListItem\",\"position\":2,\"name\":\"Des produits\",\"item\":\"https:\\\/\\\/everydaychemshop.com\\\/fr\\\/des-produits\\\/\"},{\"@type\":\"ListItem\",\"position\":3,\"name\":\"Poudre AL-LAD\"}]},{\"@type\":\"WebSite\",\"@id\":\"https:\\\/\\\/everydaychemshop.com\\\/fr\\\/#website\",\"url\":\"https:\\\/\\\/everydaychemshop.com\\\/fr\\\/\",\"name\":\"Everyday Chem Shop\",\"description\":\"\",\"potentialAction\":[{\"@type\":\"SearchAction\",\"target\":{\"@type\":\"EntryPoint\",\"urlTemplate\":\"https:\\\/\\\/everydaychemshop.com\\\/fr\\\/?s={search_term_string}\"},\"query-input\":{\"@type\":\"PropertyValueSpecification\",\"valueRequired\":true,\"valueName\":\"search_term_string\"}}],\"inLanguage\":\"en-US\"}]}<\/script>\n<!-- \/ Yoast SEO Premium plugin. -->","yoast_head_json":{"title":"Acheter des cristaux 5F-MDMB-2201 - Everyday Chem Shop","description":"Acheter des cristaux 5F-MDMB-2201 en ligne. Nous vendons en ligne des cristaux 5F-MDMB-2201 de la meilleure qualit\u00e9. Veuillez contacter pour plus d'informations et les prix.","robots":{"index":"index","follow":"follow","max-snippet":"max-snippet:-1","max-image-preview":"max-image-preview:large","max-video-preview":"max-video-preview:-1"},"canonical":"https:\/\/everydaychemshop.com\/fr\/product\/al-lad-poudre\/","og_locale":"en_US","og_type":"article","og_title":"Poudre AL-LAD","og_description":"Acheter des cristaux 5F-MDMB-2201 en ligne. Nous vendons en ligne des cristaux 5F-MDMB-2201 de la meilleure qualit\u00e9. Veuillez contacter pour plus d'informations et les prix.","og_url":"https:\/\/everydaychemshop.com\/fr\/product\/al-lad-poudre\/","og_site_name":"Everyday Chem Shop","article_modified_time":"2023-04-07T11:12:08+00:00","og_image":[{"width":931,"height":799,"url":"https:\/\/everydaychemshop.com\/fr\/wp-content\/uploads\/sites\/5\/2022\/11\/Buy-al-lad-powder.jpg","type":"image\/jpeg"}],"twitter_card":"summary_large_image","twitter_misc":{"Est. reading time":"1 minute"},"schema":{"@context":"https:\/\/schema.org","@graph":[{"@type":"WebPage","@id":"https:\/\/everydaychemshop.com\/fr\/product\/al-lad-poudre\/","url":"https:\/\/everydaychemshop.com\/fr\/product\/al-lad-poudre\/","name":"Acheter des cristaux 5F-MDMB-2201 - Everyday Chem Shop","isPartOf":{"@id":"https:\/\/everydaychemshop.com\/fr\/#website"},"primaryImageOfPage":{"@id":"https:\/\/everydaychemshop.com\/fr\/product\/al-lad-poudre\/#primaryimage"},"image":{"@id":"https:\/\/everydaychemshop.com\/fr\/product\/al-lad-poudre\/#primaryimage"},"thumbnailUrl":"https:\/\/everydaychemshop.com\/fr\/wp-content\/uploads\/sites\/5\/2022\/11\/Buy-al-lad-powder.jpg","datePublished":"2022-11-18T21:51:44+00:00","dateModified":"2023-04-07T11:12:08+00:00","description":"Acheter des cristaux 5F-MDMB-2201 en ligne. Nous vendons en ligne des cristaux 5F-MDMB-2201 de la meilleure qualit\u00e9. Veuillez contacter pour plus d'informations et les prix.","breadcrumb":{"@id":"https:\/\/everydaychemshop.com\/fr\/product\/al-lad-poudre\/#breadcrumb"},"inLanguage":"en-US","potentialAction":[{"@type":"ReadAction","target":["https:\/\/everydaychemshop.com\/fr\/product\/al-lad-poudre\/"]}]},{"@type":"ImageObject","inLanguage":"en-US","@id":"https:\/\/everydaychemshop.com\/fr\/product\/al-lad-poudre\/#primaryimage","url":"https:\/\/everydaychemshop.com\/fr\/wp-content\/uploads\/sites\/5\/2022\/11\/Buy-al-lad-powder.jpg","contentUrl":"https:\/\/everydaychemshop.com\/fr\/wp-content\/uploads\/sites\/5\/2022\/11\/Buy-al-lad-powder.jpg","width":931,"height":799,"caption":"Acheter des cristaux 5F-MDMB-2201 en ligne"},{"@type":"BreadcrumbList","@id":"https:\/\/everydaychemshop.com\/fr\/product\/al-lad-poudre\/#breadcrumb","itemListElement":[{"@type":"ListItem","position":1,"name":"Home","item":"https:\/\/everydaychemshop.com\/fr\/"},{"@type":"ListItem","position":2,"name":"Des produits","item":"https:\/\/everydaychemshop.com\/fr\/des-produits\/"},{"@type":"ListItem","position":3,"name":"Poudre AL-LAD"}]},{"@type":"WebSite","@id":"https:\/\/everydaychemshop.com\/fr\/#website","url":"https:\/\/everydaychemshop.com\/fr\/","name":"Everyday Chem Shop","description":"","potentialAction":[{"@type":"SearchAction","target":{"@type":"EntryPoint","urlTemplate":"https:\/\/everydaychemshop.com\/fr\/?s={search_term_string}"},"query-input":{"@type":"PropertyValueSpecification","valueRequired":true,"valueName":"search_term_string"}}],"inLanguage":"en-US"}]}},"_links":{"self":[{"href":"https:\/\/everydaychemshop.com\/fr\/wp-json\/wp\/v2\/product\/8100","targetHints":{"allow":["GET"]}}],"collection":[{"href":"https:\/\/everydaychemshop.com\/fr\/wp-json\/wp\/v2\/product"}],"about":[{"href":"https:\/\/everydaychemshop.com\/fr\/wp-json\/wp\/v2\/types\/product"}],"replies":[{"embeddable":true,"href":"https:\/\/everydaychemshop.com\/fr\/wp-json\/wp\/v2\/comments?post=8100"}],"wp:featuredmedia":[{"embeddable":true,"href":"https:\/\/everydaychemshop.com\/fr\/wp-json\/wp\/v2\/media\/8106"}],"wp:attachment":[{"href":"https:\/\/everydaychemshop.com\/fr\/wp-json\/wp\/v2\/media?parent=8100"}],"wp:term":[{"taxonomy":"product_brand","embeddable":true,"href":"https:\/\/everydaychemshop.com\/fr\/wp-json\/wp\/v2\/product_brand?post=8100"},{"taxonomy":"product_cat","embeddable":true,"href":"https:\/\/everydaychemshop.com\/fr\/wp-json\/wp\/v2\/product_cat?post=8100"},{"taxonomy":"product_tag","embeddable":true,"href":"https:\/\/everydaychemshop.com\/fr\/wp-json\/wp\/v2\/product_tag?post=8100"}],"curies":[{"name":"wp","href":"https:\/\/api.w.org\/{rel}","templated":true}]}}