{"id":8134,"date":"2022-11-19T08:42:23","date_gmt":"2022-11-19T08:42:23","guid":{"rendered":"https:\/\/everydaychemshop.com\/fr\/?post_type=product&#038;p=8134"},"modified":"2023-04-07T11:04:43","modified_gmt":"2023-04-07T11:04:43","slug":"bk-ethyl-k-cristaux","status":"publish","type":"product","link":"https:\/\/everydaychemshop.com\/fr\/product\/bk-ethyl-k-cristaux\/","title":{"rendered":"Cristaux de BK-\u00c9THYL-K"},"content":{"rendered":"<h1>Acheter des cristaux BK-ETHYL-K en ligne<\/h1>\n<p><a href=\"https:\/\/everydaychemshop.com\/fr\/product\/bk-ethyl-k-cristaux\/\">Achetez des cristaux BK-ETHYL-K en ligne<\/a>. Achetez en gros bk -Ethyl-K Chemical en ligne. La N-\u00e9thylpentylone\u00a0(\u03b2-c\u00e9to-\u00e9thylbenzodioxolylpentanamine,\u00a0\u03b2k-\u00e9thyl-K,\u00a0\u03b2k-EBDP,\u00a0\u00e9phylone) est une cathinone substitu\u00e9e et un m\u00e9dicament stimulant qui a \u00e9t\u00e9 d\u00e9velopp\u00e9 dans les ann\u00e9es 1960. Il a \u00e9t\u00e9 signal\u00e9 comme une nouvelle drogue de synth\u00e8se dans plusieurs pays, dont le Royaume-Uni, l&#8217;Afrique du Sud, la Nouvelle-Z\u00e9lande, les \u00c9tats-Unis et l&#8217;Australie. En 2018, la\u00a0N-\u00e9thylpentylone \u00e9tait la drogue la plus courante de la classe des cathinones \u00e0 \u00eatre identifi\u00e9e dans les\u00a0<a href=\"https:\/\/psychonautwiki.org\/wiki\/Ephylone\">saisies<\/a> de la Drug\u00a0Enforcement Administration.<\/p>\n<p>Acheter en gros bk-Ethyl-K Chemical, cristal Bk-Ethyl-K \u00e0 vendre<\/p>\n","protected":false},"excerpt":{"rendered":"<p>vous cherchez \u00e0 acheter des cristaux bk-Ethyl-K bon march\u00e9 \u00e0 vendre au Royaume-Uni, en Europe dans notre boutique fairpricemedical.com avec une livraison rapide dans le monde entier\u00a0! Vous trouverez ici les meilleurs cristaux bk-Ethyl-K \u00e0 commander\u00a0!<\/p>\n<p>Achetez en gros des produits chimiques bk-Ethyl-K en ligne. produits chimiques de recherche bon march\u00e9 \u00e0 la meilleure puret\u00e9.<\/p>\n","protected":false},"featured_media":8139,"comment_status":"open","ping_status":"closed","template":"","meta":{"inline_featured_image":false},"product_brand":[],"product_cat":[264],"product_tag":[],"class_list":{"0":"post-8134","1":"product","2":"type-product","3":"status-publish","4":"has-post-thumbnail","6":"product_cat-recherche-chimique","8":"first","9":"instock","10":"shipping-taxable","11":"purchasable","12":"product-type-variable","13":"has-default-attributes"},"yoast_head":"<!-- This site is optimized with the Yoast SEO Premium plugin v19.2 (Yoast SEO v27.3) - https:\/\/yoast.com\/product\/yoast-seo-premium-wordpress\/ -->\n<title>Acheter des cristaux BK-ETHYL-K en ligne - Everyday Chem Shop<\/title>\n<meta name=\"description\" content=\"Acheter des cristaux BK-ETHYL-K en ligne. Nous vendons en ligne des cristaux BK-ETHYL-K de la meilleure qualit\u00e9. Veuillez contacter pour plus d&#039;informations et les prix.\" \/>\n<meta name=\"robots\" content=\"index, follow, max-snippet:-1, max-image-preview:large, max-video-preview:-1\" \/>\n<link rel=\"canonical\" href=\"https:\/\/everydaychemshop.com\/fr\/product\/bk-ethyl-k-cristaux\/\" \/>\n<meta property=\"og:locale\" content=\"en_US\" \/>\n<meta property=\"og:type\" content=\"article\" \/>\n<meta property=\"og:title\" content=\"Cristaux de BK-\u00c9THYL-K\" \/>\n<meta property=\"og:description\" content=\"Acheter des cristaux BK-ETHYL-K en ligne. Nous vendons en ligne des cristaux BK-ETHYL-K de la meilleure qualit\u00e9. Veuillez contacter pour plus d&#039;informations et les prix.\" \/>\n<meta property=\"og:url\" content=\"https:\/\/everydaychemshop.com\/fr\/product\/bk-ethyl-k-cristaux\/\" \/>\n<meta property=\"og:site_name\" content=\"Everyday Chem Shop\" \/>\n<meta property=\"article:modified_time\" content=\"2023-04-07T11:04:43+00:00\" \/>\n<meta property=\"og:image\" content=\"https:\/\/everydaychemshop.com\/fr\/wp-content\/uploads\/sites\/5\/2022\/11\/Buy-bk-Ethyl-K-Crystals.jpg\" \/>\n\t<meta property=\"og:image:width\" content=\"600\" \/>\n\t<meta property=\"og:image:height\" content=\"600\" \/>\n\t<meta property=\"og:image:type\" content=\"image\/jpeg\" \/>\n<meta name=\"twitter:card\" content=\"summary_large_image\" \/>\n<meta name=\"twitter:label1\" content=\"Est. reading time\" \/>\n\t<meta name=\"twitter:data1\" content=\"1 minute\" \/>\n<script type=\"application\/ld+json\" class=\"yoast-schema-graph\">{\"@context\":\"https:\\\/\\\/schema.org\",\"@graph\":[{\"@type\":\"WebPage\",\"@id\":\"https:\\\/\\\/everydaychemshop.com\\\/fr\\\/product\\\/bk-ethyl-k-cristaux\\\/\",\"url\":\"https:\\\/\\\/everydaychemshop.com\\\/fr\\\/product\\\/bk-ethyl-k-cristaux\\\/\",\"name\":\"Acheter des cristaux BK-ETHYL-K en ligne - Everyday Chem Shop\",\"isPartOf\":{\"@id\":\"https:\\\/\\\/everydaychemshop.com\\\/fr\\\/#website\"},\"primaryImageOfPage\":{\"@id\":\"https:\\\/\\\/everydaychemshop.com\\\/fr\\\/product\\\/bk-ethyl-k-cristaux\\\/#primaryimage\"},\"image\":{\"@id\":\"https:\\\/\\\/everydaychemshop.com\\\/fr\\\/product\\\/bk-ethyl-k-cristaux\\\/#primaryimage\"},\"thumbnailUrl\":\"https:\\\/\\\/everydaychemshop.com\\\/fr\\\/wp-content\\\/uploads\\\/sites\\\/5\\\/2022\\\/11\\\/Buy-bk-Ethyl-K-Crystals.jpg\",\"datePublished\":\"2022-11-19T08:42:23+00:00\",\"dateModified\":\"2023-04-07T11:04:43+00:00\",\"description\":\"Acheter des cristaux BK-ETHYL-K en ligne. Nous vendons en ligne des cristaux BK-ETHYL-K de la meilleure qualit\u00e9. Veuillez contacter pour plus d'informations et les prix.\",\"breadcrumb\":{\"@id\":\"https:\\\/\\\/everydaychemshop.com\\\/fr\\\/product\\\/bk-ethyl-k-cristaux\\\/#breadcrumb\"},\"inLanguage\":\"en-US\",\"potentialAction\":[{\"@type\":\"ReadAction\",\"target\":[\"https:\\\/\\\/everydaychemshop.com\\\/fr\\\/product\\\/bk-ethyl-k-cristaux\\\/\"]}]},{\"@type\":\"ImageObject\",\"inLanguage\":\"en-US\",\"@id\":\"https:\\\/\\\/everydaychemshop.com\\\/fr\\\/product\\\/bk-ethyl-k-cristaux\\\/#primaryimage\",\"url\":\"https:\\\/\\\/everydaychemshop.com\\\/fr\\\/wp-content\\\/uploads\\\/sites\\\/5\\\/2022\\\/11\\\/Buy-bk-Ethyl-K-Crystals.jpg\",\"contentUrl\":\"https:\\\/\\\/everydaychemshop.com\\\/fr\\\/wp-content\\\/uploads\\\/sites\\\/5\\\/2022\\\/11\\\/Buy-bk-Ethyl-K-Crystals.jpg\",\"width\":600,\"height\":600,\"caption\":\"Acheter des cristaux BK-ETHYL-K en ligne\"},{\"@type\":\"BreadcrumbList\",\"@id\":\"https:\\\/\\\/everydaychemshop.com\\\/fr\\\/product\\\/bk-ethyl-k-cristaux\\\/#breadcrumb\",\"itemListElement\":[{\"@type\":\"ListItem\",\"position\":1,\"name\":\"Home\",\"item\":\"https:\\\/\\\/everydaychemshop.com\\\/fr\\\/\"},{\"@type\":\"ListItem\",\"position\":2,\"name\":\"Des produits\",\"item\":\"https:\\\/\\\/everydaychemshop.com\\\/fr\\\/des-produits\\\/\"},{\"@type\":\"ListItem\",\"position\":3,\"name\":\"Cristaux de BK-\u00c9THYL-K\"}]},{\"@type\":\"WebSite\",\"@id\":\"https:\\\/\\\/everydaychemshop.com\\\/fr\\\/#website\",\"url\":\"https:\\\/\\\/everydaychemshop.com\\\/fr\\\/\",\"name\":\"Everyday Chem Shop\",\"description\":\"\",\"potentialAction\":[{\"@type\":\"SearchAction\",\"target\":{\"@type\":\"EntryPoint\",\"urlTemplate\":\"https:\\\/\\\/everydaychemshop.com\\\/fr\\\/?s={search_term_string}\"},\"query-input\":{\"@type\":\"PropertyValueSpecification\",\"valueRequired\":true,\"valueName\":\"search_term_string\"}}],\"inLanguage\":\"en-US\"}]}<\/script>\n<!-- \/ Yoast SEO Premium plugin. -->","yoast_head_json":{"title":"Acheter des cristaux BK-ETHYL-K en ligne - Everyday Chem Shop","description":"Acheter des cristaux BK-ETHYL-K en ligne. Nous vendons en ligne des cristaux BK-ETHYL-K de la meilleure qualit\u00e9. Veuillez contacter pour plus d'informations et les prix.","robots":{"index":"index","follow":"follow","max-snippet":"max-snippet:-1","max-image-preview":"max-image-preview:large","max-video-preview":"max-video-preview:-1"},"canonical":"https:\/\/everydaychemshop.com\/fr\/product\/bk-ethyl-k-cristaux\/","og_locale":"en_US","og_type":"article","og_title":"Cristaux de BK-\u00c9THYL-K","og_description":"Acheter des cristaux BK-ETHYL-K en ligne. Nous vendons en ligne des cristaux BK-ETHYL-K de la meilleure qualit\u00e9. Veuillez contacter pour plus d'informations et les prix.","og_url":"https:\/\/everydaychemshop.com\/fr\/product\/bk-ethyl-k-cristaux\/","og_site_name":"Everyday Chem Shop","article_modified_time":"2023-04-07T11:04:43+00:00","og_image":[{"width":600,"height":600,"url":"https:\/\/everydaychemshop.com\/fr\/wp-content\/uploads\/sites\/5\/2022\/11\/Buy-bk-Ethyl-K-Crystals.jpg","type":"image\/jpeg"}],"twitter_card":"summary_large_image","twitter_misc":{"Est. reading time":"1 minute"},"schema":{"@context":"https:\/\/schema.org","@graph":[{"@type":"WebPage","@id":"https:\/\/everydaychemshop.com\/fr\/product\/bk-ethyl-k-cristaux\/","url":"https:\/\/everydaychemshop.com\/fr\/product\/bk-ethyl-k-cristaux\/","name":"Acheter des cristaux BK-ETHYL-K en ligne - Everyday Chem Shop","isPartOf":{"@id":"https:\/\/everydaychemshop.com\/fr\/#website"},"primaryImageOfPage":{"@id":"https:\/\/everydaychemshop.com\/fr\/product\/bk-ethyl-k-cristaux\/#primaryimage"},"image":{"@id":"https:\/\/everydaychemshop.com\/fr\/product\/bk-ethyl-k-cristaux\/#primaryimage"},"thumbnailUrl":"https:\/\/everydaychemshop.com\/fr\/wp-content\/uploads\/sites\/5\/2022\/11\/Buy-bk-Ethyl-K-Crystals.jpg","datePublished":"2022-11-19T08:42:23+00:00","dateModified":"2023-04-07T11:04:43+00:00","description":"Acheter des cristaux BK-ETHYL-K en ligne. Nous vendons en ligne des cristaux BK-ETHYL-K de la meilleure qualit\u00e9. Veuillez contacter pour plus d'informations et les prix.","breadcrumb":{"@id":"https:\/\/everydaychemshop.com\/fr\/product\/bk-ethyl-k-cristaux\/#breadcrumb"},"inLanguage":"en-US","potentialAction":[{"@type":"ReadAction","target":["https:\/\/everydaychemshop.com\/fr\/product\/bk-ethyl-k-cristaux\/"]}]},{"@type":"ImageObject","inLanguage":"en-US","@id":"https:\/\/everydaychemshop.com\/fr\/product\/bk-ethyl-k-cristaux\/#primaryimage","url":"https:\/\/everydaychemshop.com\/fr\/wp-content\/uploads\/sites\/5\/2022\/11\/Buy-bk-Ethyl-K-Crystals.jpg","contentUrl":"https:\/\/everydaychemshop.com\/fr\/wp-content\/uploads\/sites\/5\/2022\/11\/Buy-bk-Ethyl-K-Crystals.jpg","width":600,"height":600,"caption":"Acheter des cristaux BK-ETHYL-K en ligne"},{"@type":"BreadcrumbList","@id":"https:\/\/everydaychemshop.com\/fr\/product\/bk-ethyl-k-cristaux\/#breadcrumb","itemListElement":[{"@type":"ListItem","position":1,"name":"Home","item":"https:\/\/everydaychemshop.com\/fr\/"},{"@type":"ListItem","position":2,"name":"Des produits","item":"https:\/\/everydaychemshop.com\/fr\/des-produits\/"},{"@type":"ListItem","position":3,"name":"Cristaux de BK-\u00c9THYL-K"}]},{"@type":"WebSite","@id":"https:\/\/everydaychemshop.com\/fr\/#website","url":"https:\/\/everydaychemshop.com\/fr\/","name":"Everyday Chem Shop","description":"","potentialAction":[{"@type":"SearchAction","target":{"@type":"EntryPoint","urlTemplate":"https:\/\/everydaychemshop.com\/fr\/?s={search_term_string}"},"query-input":{"@type":"PropertyValueSpecification","valueRequired":true,"valueName":"search_term_string"}}],"inLanguage":"en-US"}]}},"_links":{"self":[{"href":"https:\/\/everydaychemshop.com\/fr\/wp-json\/wp\/v2\/product\/8134","targetHints":{"allow":["GET"]}}],"collection":[{"href":"https:\/\/everydaychemshop.com\/fr\/wp-json\/wp\/v2\/product"}],"about":[{"href":"https:\/\/everydaychemshop.com\/fr\/wp-json\/wp\/v2\/types\/product"}],"replies":[{"embeddable":true,"href":"https:\/\/everydaychemshop.com\/fr\/wp-json\/wp\/v2\/comments?post=8134"}],"wp:featuredmedia":[{"embeddable":true,"href":"https:\/\/everydaychemshop.com\/fr\/wp-json\/wp\/v2\/media\/8139"}],"wp:attachment":[{"href":"https:\/\/everydaychemshop.com\/fr\/wp-json\/wp\/v2\/media?parent=8134"}],"wp:term":[{"taxonomy":"product_brand","embeddable":true,"href":"https:\/\/everydaychemshop.com\/fr\/wp-json\/wp\/v2\/product_brand?post=8134"},{"taxonomy":"product_cat","embeddable":true,"href":"https:\/\/everydaychemshop.com\/fr\/wp-json\/wp\/v2\/product_cat?post=8134"},{"taxonomy":"product_tag","embeddable":true,"href":"https:\/\/everydaychemshop.com\/fr\/wp-json\/wp\/v2\/product_tag?post=8134"}],"curies":[{"name":"wp","href":"https:\/\/api.w.org\/{rel}","templated":true}]}}