{"id":8140,"date":"2022-11-19T08:53:59","date_gmt":"2022-11-19T08:53:59","guid":{"rendered":"https:\/\/everydaychemshop.com\/fr\/?post_type=product&#038;p=8140"},"modified":"2023-04-07T11:03:24","modified_gmt":"2023-04-07T11:03:24","slug":"hdep-28-roman-ethylnaphthidate","status":"publish","type":"product","link":"https:\/\/everydaychemshop.com\/fr\/product\/hdep-28-roman-ethylnaphthidate\/","title":{"rendered":"Hdep-28 Novel \u00e9thylnaphthidate"},"content":{"rendered":"<div class=\"container\">\n<div class=\"row main-content-wrap\">\n<div class=\"main-content col-lg-12\">\n<div id=\"primary\" class=\"content-area\">\n<h1>Acheter de la poudre de cristal Hdep-28 en ligne<\/h1>\n<div id=\"product-1792\" class=\"product type-product post-1792 status-publish first instock product_cat-research-chemicals- and-bath-salt has-post-thumbnail shipping-taxable achetable product-type-variable has-default-attributes product-layout-default\">\n<div id=\"product-tab\" class=\"woocommerce-tabs woocommerce-tabs- xesk56dt resp-htabs\">\n<div class=\"resp-tabs-container\">\n<div id=\"tab-description\" class=\"tab-content resp-tab-content resp-tab-content-active\" aria-labelledby=\"tab_item-0\">\n<p><a href=\"https:\/\/everydaychemshop.com\/fr\/product\/hdep-28-roman-ethylnaphthidate\/\">Acheter de la poudre de cristal Hdep-28 en ligne<\/a>. Qui est un \u00e9nergisant entactog\u00e8ne, il est souvent sugg\u00e9r\u00e9 comme 3,4-m\u00e9thyl\u00e8nedioxy-N-\u00e9thylcathinone. Ethylone a un nom productif de 1-(1,3-Benzodioxol-5-yl)- 2-(\u00e9thylamino)- 1-propanone. La formule sous-nucl\u00e9aire est C12H15NO3 avec une masse ordinaire de 221,251999 <a href=\"https:\/\/en.wikipedia.org\/wiki\/HDEP-28\">Da<\/a> et une masse monoisotopique de 221,104996 Da. Acheter de l&#8217;\u00e9thyl\u00e8ne\u00a0chine. Pierre pr\u00e9cieuse Ethylone accessible \u00e0 l&#8217;achat. Achetez des pierres pr\u00e9cieuses d&#8217;\u00e9thyl\u00e8ne. Fournisseur d&#8217;\u00e9thylone. Achetez de l&#8217;\u00e9thylone d\u00e9marqu\u00e9e. rabais Ethylone<\/p>\n<p>L&#8217;\u00e9valuation sur Ethylone a \u00e9t\u00e9 coordonn\u00e9e par ACD\/Labs&#8217; et ChemAxon. Les propri\u00e9t\u00e9s pr\u00e9vues par ACD\/Labs ont d\u00e9montr\u00e9 4 accepteurs de s\u00e9curit\u00e9 #H, 4 titres \u00e0 rotation libre, un record de r\u00e9fraction \u00e0 1,54 avec un facteur de pression de surface de 44,3470001220703 dyne\/cm, une motivation en rafale derri\u00e8re 172,845 \u00b0C et une restriction de 362,188\u00a0\u00b0C \u00e0 760\u00a0mmHg.<\/p>\n<p>Cette chose est normale pour les applications logiques et de recherche.<\/p>\n<p>Cette chose a \u00e9t\u00e9 cr\u00e9\u00e9e et a tent\u00e9 de r\u00e9pondre aux normes ISO17025:2005 et Guide 34:2009<\/p>\n<p>Nous sommes la meilleure association et entretenons une relation rapide avec divers fabricants et fournisseurs du monde entier. Nous offrons simplement des choses de qualit\u00e9 sup\u00e9rieure \u00e0 nos clients\u00a0! Quelque chose de fondamentalement identique \u00e0 ce \u00e0 quoi nous nous attendons dans l&#8217;ensemble lorsque nous achetons des articles.<\/p>\n<p>Pour cette raison, nous pouvons obtenir les meilleures choses de qualit\u00e9 absolue aux d\u00e9penses les plus r\u00e9elles, et vous transmettre la qualit\u00e9 au meilleur prix !<\/p>\n<p>Tout ce que nous vendons est de premi\u00e8re qualit\u00e9, nous demandons \u00e0 tous les clients de GC\/MS leurs choses pour la pr\u00e9cision et la l\u00e9gitimit\u00e9. Nous effectuons nos propres tests sur chaque exp\u00e9dition pour nous assurer que les pi\u00e8ces restantes de qualit\u00e9 sont \u00e0 100\u00a0%, nous nous soucions de nos clients et qu&#8217;ils obtiennent d\u00e9finitivement ce qui est avanc\u00e9 avec leur achat.<\/p>\n<p>Notre entreprise excit\u00e9e d\u00e9pend de nous pour traiter pleinement votre sollicitation, quoi qu&#8217;il arrive &#8211; de mani\u00e8re utile. Nous ne laissons jamais aucun probl\u00e8me douteux, et nous essayons de vous donner les meilleures prescriptions et des feux d&#8217;artifice d\u00e9licats au meilleur prix, avec le transport le plus furtif possible\u00a0! Dans le cas o\u00f9 ce n&#8217;est pas tant de mal ayez des certitudes et faites votre sollicitation avec conviction !<\/p>\n<p>Nous nous sommes montr\u00e9s extr\u00eamement forts et \u00e0 tout moment donn\u00e9 la porte ouverte par vous nous deviendrons \u00eatre remarquable que vous pouvez faire confiance et faire des affaires stables avec de toute fa\u00e7on longtemps nous sommes proches\u00a0! Nous ne vous permettrons pas de descendre.<\/p>\n<p>Nous donnons les num\u00e9ros d&#8217;accompagnement une fois le groupe envoy\u00e9 dans le but que vous puissiez suivre la progression de votre forfait.<\/p>\n<\/div>\n<\/div>\n<\/div>\n<\/div>\n<p>&nbsp;<\/p>\n<\/div>\n<\/div>\n<\/div>\n<\/div>\n<div class=\"produits connexes\">\n<div class=\"container\"><\/div>\n<\/div>\n","protected":false},"excerpt":{"rendered":"<p>Acheter hdep-28 Novel Ethylnaphthidate \u00e0 vendre au Royaume-Uni, en Europe en ligne. IUPAC\u00a0: 2-(naphtal\u00e8ne-2-yl)-2-(pip\u00e9ridin-2-yl)ac\u00e9tate d&#8217;\u00e9thyle. Commandez hdep-28 Novel Ethylnaphthidate<\/p>\n<p><em>Achetez hdep<\/em>\u2013<em>28 Novel Ethylnaphthidate 1 oz<\/em>\u00a0Ethylnapthidate, parfois appel\u00e9\u00a0<em>HDEP<\/em>\u2013<em>28<\/em>\u00a0est con\u00e7u pour remplacer la s\u00e9rie Phenidate interdite.<\/p>\n<p>L&#8217;\u00e9thylnaphthidate est un nouveau produit passionnant disponible \u00e0 l&#8217;achat.<br \/>\nL&#8217;\u00e9thylnaphthidate, parfois appel\u00e9 HDEP -28 est con\u00e7u pour remplacer la s\u00e9rie de produits chimiques Phenidate r\u00e9cemment interdite. les chercheurs trouveront HDEP 28 \/ Ethylnaphhidate une excellente alternative \u00e0 l&#8217;Ethylphenidate br \/&gt; Poids mol\u00e9culaire : 297,40<br \/>\nFormule : C19H23NO2<\/p>\n","protected":false},"featured_media":8143,"comment_status":"open","ping_status":"closed","template":"","meta":{"inline_featured_image":false},"product_brand":[],"product_cat":[264],"product_tag":[],"class_list":{"0":"post-8140","1":"product","2":"type-product","3":"status-publish","4":"has-post-thumbnail","6":"product_cat-recherche-chimique","8":"first","9":"instock","10":"shipping-taxable","11":"purchasable","12":"product-type-variable","13":"has-default-attributes"},"yoast_head":"<!-- This site is optimized with the Yoast SEO Premium plugin v19.2 (Yoast SEO v27.3) - https:\/\/yoast.com\/product\/yoast-seo-premium-wordpress\/ -->\n<title>Acheter de la poudre de cristal Hdep-28 - Everyday Chem Shop<\/title>\n<meta name=\"description\" content=\"Acheter de la poudre de cristal Hdep-28 en ligne. Nous vendons en ligne la poudre de cristal Hdep-28 de la meilleure qualit\u00e9. Veuillez contacter pour plus d&#039;informations et les prix.\" \/>\n<meta name=\"robots\" content=\"index, follow, max-snippet:-1, max-image-preview:large, max-video-preview:-1\" \/>\n<link rel=\"canonical\" href=\"https:\/\/everydaychemshop.com\/fr\/product\/hdep-28-roman-ethylnaphthidate\/\" \/>\n<meta property=\"og:locale\" content=\"en_US\" \/>\n<meta property=\"og:type\" content=\"article\" \/>\n<meta property=\"og:title\" content=\"Hdep-28 Novel \u00e9thylnaphthidate\" \/>\n<meta property=\"og:description\" content=\"Acheter de la poudre de cristal Hdep-28 en ligne. Nous vendons en ligne la poudre de cristal Hdep-28 de la meilleure qualit\u00e9. Veuillez contacter pour plus d&#039;informations et les prix.\" \/>\n<meta property=\"og:url\" content=\"https:\/\/everydaychemshop.com\/fr\/product\/hdep-28-roman-ethylnaphthidate\/\" \/>\n<meta property=\"og:site_name\" content=\"Everyday Chem Shop\" \/>\n<meta property=\"article:modified_time\" content=\"2023-04-07T11:03:24+00:00\" \/>\n<meta property=\"og:image\" content=\"https:\/\/everydaychemshop.com\/fr\/wp-content\/uploads\/sites\/5\/2022\/11\/Buy-hdep-28-Novel-Ethylnaphthidate.jpg\" \/>\n\t<meta property=\"og:image:width\" content=\"600\" \/>\n\t<meta property=\"og:image:height\" content=\"600\" \/>\n\t<meta property=\"og:image:type\" content=\"image\/jpeg\" \/>\n<meta name=\"twitter:card\" content=\"summary_large_image\" \/>\n<meta name=\"twitter:label1\" content=\"Est. reading time\" \/>\n\t<meta name=\"twitter:data1\" content=\"2 minutes\" \/>\n<script type=\"application\/ld+json\" class=\"yoast-schema-graph\">{\"@context\":\"https:\\\/\\\/schema.org\",\"@graph\":[{\"@type\":\"WebPage\",\"@id\":\"https:\\\/\\\/everydaychemshop.com\\\/fr\\\/product\\\/hdep-28-roman-ethylnaphthidate\\\/\",\"url\":\"https:\\\/\\\/everydaychemshop.com\\\/fr\\\/product\\\/hdep-28-roman-ethylnaphthidate\\\/\",\"name\":\"Acheter de la poudre de cristal Hdep-28 - Everyday Chem Shop\",\"isPartOf\":{\"@id\":\"https:\\\/\\\/everydaychemshop.com\\\/fr\\\/#website\"},\"primaryImageOfPage\":{\"@id\":\"https:\\\/\\\/everydaychemshop.com\\\/fr\\\/product\\\/hdep-28-roman-ethylnaphthidate\\\/#primaryimage\"},\"image\":{\"@id\":\"https:\\\/\\\/everydaychemshop.com\\\/fr\\\/product\\\/hdep-28-roman-ethylnaphthidate\\\/#primaryimage\"},\"thumbnailUrl\":\"https:\\\/\\\/everydaychemshop.com\\\/fr\\\/wp-content\\\/uploads\\\/sites\\\/5\\\/2022\\\/11\\\/Buy-hdep-28-Novel-Ethylnaphthidate.jpg\",\"datePublished\":\"2022-11-19T08:53:59+00:00\",\"dateModified\":\"2023-04-07T11:03:24+00:00\",\"description\":\"Acheter de la poudre de cristal Hdep-28 en ligne. Nous vendons en ligne la poudre de cristal Hdep-28 de la meilleure qualit\u00e9. Veuillez contacter pour plus d'informations et les prix.\",\"breadcrumb\":{\"@id\":\"https:\\\/\\\/everydaychemshop.com\\\/fr\\\/product\\\/hdep-28-roman-ethylnaphthidate\\\/#breadcrumb\"},\"inLanguage\":\"en-US\",\"potentialAction\":[{\"@type\":\"ReadAction\",\"target\":[\"https:\\\/\\\/everydaychemshop.com\\\/fr\\\/product\\\/hdep-28-roman-ethylnaphthidate\\\/\"]}]},{\"@type\":\"ImageObject\",\"inLanguage\":\"en-US\",\"@id\":\"https:\\\/\\\/everydaychemshop.com\\\/fr\\\/product\\\/hdep-28-roman-ethylnaphthidate\\\/#primaryimage\",\"url\":\"https:\\\/\\\/everydaychemshop.com\\\/fr\\\/wp-content\\\/uploads\\\/sites\\\/5\\\/2022\\\/11\\\/Buy-hdep-28-Novel-Ethylnaphthidate.jpg\",\"contentUrl\":\"https:\\\/\\\/everydaychemshop.com\\\/fr\\\/wp-content\\\/uploads\\\/sites\\\/5\\\/2022\\\/11\\\/Buy-hdep-28-Novel-Ethylnaphthidate.jpg\",\"width\":600,\"height\":600,\"caption\":\"Acheter de la poudre de cristal Hdep-28 en ligne\"},{\"@type\":\"BreadcrumbList\",\"@id\":\"https:\\\/\\\/everydaychemshop.com\\\/fr\\\/product\\\/hdep-28-roman-ethylnaphthidate\\\/#breadcrumb\",\"itemListElement\":[{\"@type\":\"ListItem\",\"position\":1,\"name\":\"Home\",\"item\":\"https:\\\/\\\/everydaychemshop.com\\\/fr\\\/\"},{\"@type\":\"ListItem\",\"position\":2,\"name\":\"Des produits\",\"item\":\"https:\\\/\\\/everydaychemshop.com\\\/fr\\\/des-produits\\\/\"},{\"@type\":\"ListItem\",\"position\":3,\"name\":\"Hdep-28 Novel \u00e9thylnaphthidate\"}]},{\"@type\":\"WebSite\",\"@id\":\"https:\\\/\\\/everydaychemshop.com\\\/fr\\\/#website\",\"url\":\"https:\\\/\\\/everydaychemshop.com\\\/fr\\\/\",\"name\":\"Everyday Chem Shop\",\"description\":\"\",\"potentialAction\":[{\"@type\":\"SearchAction\",\"target\":{\"@type\":\"EntryPoint\",\"urlTemplate\":\"https:\\\/\\\/everydaychemshop.com\\\/fr\\\/?s={search_term_string}\"},\"query-input\":{\"@type\":\"PropertyValueSpecification\",\"valueRequired\":true,\"valueName\":\"search_term_string\"}}],\"inLanguage\":\"en-US\"}]}<\/script>\n<!-- \/ Yoast SEO Premium plugin. -->","yoast_head_json":{"title":"Acheter de la poudre de cristal Hdep-28 - Everyday Chem Shop","description":"Acheter de la poudre de cristal Hdep-28 en ligne. Nous vendons en ligne la poudre de cristal Hdep-28 de la meilleure qualit\u00e9. Veuillez contacter pour plus d'informations et les prix.","robots":{"index":"index","follow":"follow","max-snippet":"max-snippet:-1","max-image-preview":"max-image-preview:large","max-video-preview":"max-video-preview:-1"},"canonical":"https:\/\/everydaychemshop.com\/fr\/product\/hdep-28-roman-ethylnaphthidate\/","og_locale":"en_US","og_type":"article","og_title":"Hdep-28 Novel \u00e9thylnaphthidate","og_description":"Acheter de la poudre de cristal Hdep-28 en ligne. Nous vendons en ligne la poudre de cristal Hdep-28 de la meilleure qualit\u00e9. Veuillez contacter pour plus d'informations et les prix.","og_url":"https:\/\/everydaychemshop.com\/fr\/product\/hdep-28-roman-ethylnaphthidate\/","og_site_name":"Everyday Chem Shop","article_modified_time":"2023-04-07T11:03:24+00:00","og_image":[{"width":600,"height":600,"url":"https:\/\/everydaychemshop.com\/fr\/wp-content\/uploads\/sites\/5\/2022\/11\/Buy-hdep-28-Novel-Ethylnaphthidate.jpg","type":"image\/jpeg"}],"twitter_card":"summary_large_image","twitter_misc":{"Est. reading time":"2 minutes"},"schema":{"@context":"https:\/\/schema.org","@graph":[{"@type":"WebPage","@id":"https:\/\/everydaychemshop.com\/fr\/product\/hdep-28-roman-ethylnaphthidate\/","url":"https:\/\/everydaychemshop.com\/fr\/product\/hdep-28-roman-ethylnaphthidate\/","name":"Acheter de la poudre de cristal Hdep-28 - Everyday Chem Shop","isPartOf":{"@id":"https:\/\/everydaychemshop.com\/fr\/#website"},"primaryImageOfPage":{"@id":"https:\/\/everydaychemshop.com\/fr\/product\/hdep-28-roman-ethylnaphthidate\/#primaryimage"},"image":{"@id":"https:\/\/everydaychemshop.com\/fr\/product\/hdep-28-roman-ethylnaphthidate\/#primaryimage"},"thumbnailUrl":"https:\/\/everydaychemshop.com\/fr\/wp-content\/uploads\/sites\/5\/2022\/11\/Buy-hdep-28-Novel-Ethylnaphthidate.jpg","datePublished":"2022-11-19T08:53:59+00:00","dateModified":"2023-04-07T11:03:24+00:00","description":"Acheter de la poudre de cristal Hdep-28 en ligne. Nous vendons en ligne la poudre de cristal Hdep-28 de la meilleure qualit\u00e9. Veuillez contacter pour plus d'informations et les prix.","breadcrumb":{"@id":"https:\/\/everydaychemshop.com\/fr\/product\/hdep-28-roman-ethylnaphthidate\/#breadcrumb"},"inLanguage":"en-US","potentialAction":[{"@type":"ReadAction","target":["https:\/\/everydaychemshop.com\/fr\/product\/hdep-28-roman-ethylnaphthidate\/"]}]},{"@type":"ImageObject","inLanguage":"en-US","@id":"https:\/\/everydaychemshop.com\/fr\/product\/hdep-28-roman-ethylnaphthidate\/#primaryimage","url":"https:\/\/everydaychemshop.com\/fr\/wp-content\/uploads\/sites\/5\/2022\/11\/Buy-hdep-28-Novel-Ethylnaphthidate.jpg","contentUrl":"https:\/\/everydaychemshop.com\/fr\/wp-content\/uploads\/sites\/5\/2022\/11\/Buy-hdep-28-Novel-Ethylnaphthidate.jpg","width":600,"height":600,"caption":"Acheter de la poudre de cristal Hdep-28 en ligne"},{"@type":"BreadcrumbList","@id":"https:\/\/everydaychemshop.com\/fr\/product\/hdep-28-roman-ethylnaphthidate\/#breadcrumb","itemListElement":[{"@type":"ListItem","position":1,"name":"Home","item":"https:\/\/everydaychemshop.com\/fr\/"},{"@type":"ListItem","position":2,"name":"Des produits","item":"https:\/\/everydaychemshop.com\/fr\/des-produits\/"},{"@type":"ListItem","position":3,"name":"Hdep-28 Novel \u00e9thylnaphthidate"}]},{"@type":"WebSite","@id":"https:\/\/everydaychemshop.com\/fr\/#website","url":"https:\/\/everydaychemshop.com\/fr\/","name":"Everyday Chem Shop","description":"","potentialAction":[{"@type":"SearchAction","target":{"@type":"EntryPoint","urlTemplate":"https:\/\/everydaychemshop.com\/fr\/?s={search_term_string}"},"query-input":{"@type":"PropertyValueSpecification","valueRequired":true,"valueName":"search_term_string"}}],"inLanguage":"en-US"}]}},"_links":{"self":[{"href":"https:\/\/everydaychemshop.com\/fr\/wp-json\/wp\/v2\/product\/8140","targetHints":{"allow":["GET"]}}],"collection":[{"href":"https:\/\/everydaychemshop.com\/fr\/wp-json\/wp\/v2\/product"}],"about":[{"href":"https:\/\/everydaychemshop.com\/fr\/wp-json\/wp\/v2\/types\/product"}],"replies":[{"embeddable":true,"href":"https:\/\/everydaychemshop.com\/fr\/wp-json\/wp\/v2\/comments?post=8140"}],"wp:featuredmedia":[{"embeddable":true,"href":"https:\/\/everydaychemshop.com\/fr\/wp-json\/wp\/v2\/media\/8143"}],"wp:attachment":[{"href":"https:\/\/everydaychemshop.com\/fr\/wp-json\/wp\/v2\/media?parent=8140"}],"wp:term":[{"taxonomy":"product_brand","embeddable":true,"href":"https:\/\/everydaychemshop.com\/fr\/wp-json\/wp\/v2\/product_brand?post=8140"},{"taxonomy":"product_cat","embeddable":true,"href":"https:\/\/everydaychemshop.com\/fr\/wp-json\/wp\/v2\/product_cat?post=8140"},{"taxonomy":"product_tag","embeddable":true,"href":"https:\/\/everydaychemshop.com\/fr\/wp-json\/wp\/v2\/product_tag?post=8140"}],"curies":[{"name":"wp","href":"https:\/\/api.w.org\/{rel}","templated":true}]}}