{"id":8150,"date":"2022-11-19T09:19:03","date_gmt":"2022-11-19T09:19:03","guid":{"rendered":"https:\/\/everydaychemshop.com\/fr\/?post_type=product&#038;p=8150"},"modified":"2023-04-07T11:01:53","modified_gmt":"2023-04-07T11:01:53","slug":"jwh-200","status":"publish","type":"product","link":"https:\/\/everydaychemshop.com\/fr\/product\/jwh-200\/","title":{"rendered":"JWH-200"},"content":{"rendered":"<h1>Acheter du cristal JWH-200 en ligne<\/h1>\n<p><a href=\"https:\/\/everydaychemshop.com\/fr\/product\/jwh-200\/\">Acheter du cristal JWH-200 en ligne<\/a>. JWH-200 (1-pentyl-3-(1-naphtoyl)indole) ou AM-678 est un produit chimique analg\u00e9sique de la famille des naphtoylindoles qui agit comme un agoniste complet sur les r\u00e9cepteurs cannabino\u00efdes CB1 et CB2, avec une certaine s\u00e9lectivit\u00e9 pour CB2. Il produit chez les animaux des effets similaires \u00e0 ceux du t\u00e9trahydrocannabinol (THC), un cannabino\u00efde naturellement pr\u00e9sent dans le cannabis, conduisant \u00e0 son utilisation dans des produits \u00e0 base de cannabis synth\u00e9tique qui, dans certains pays, sont vendus l\u00e9galement sous le nom de &#8220;m\u00e9langes d&#8217;encens&#8221;. Acheter des produits chimiques de recherche JWH-200<\/p>\n<p>Le m\u00e9tabolisme du JWH-200\u00a0a \u00e9t\u00e9 \u00e9valu\u00e9 \u00e0 l&#8217;aide de rats Wistar auxquels un extrait \u00e9thanolique contenant du JWH-200 avait \u00e9t\u00e9 administr\u00e9. Urine recueillie pendant 24 heures, suivie de l&#8217;extraction des m\u00e9tabolites JWH-200 en utilisant \u00e0 la fois l&#8217;extraction liquide-liquide et l&#8217;extraction en phase solide. La GC-MS a \u00e9t\u00e9 utilis\u00e9e pour s\u00e9parer et identifier les compos\u00e9s extraits. JWH-200 et son m\u00e9tabolite N-d\u00e9salkyl\u00e9 ne sont d\u00e9tect\u00e9s qu&#8217;en petites quantit\u00e9s, les m\u00e9tabolites N-d\u00e9salkyl\u00e9s hydroxyl\u00e9s constituant le signal principal. Le d\u00e9placement de masse observ\u00e9 indique qu&#8217;il est probable que l&#8217;hydroxylation se produise \u00e0 la fois dans les parties naphtal\u00e8ne et indole de la mol\u00e9cule. <a href=\"https:\/\/en.wikipedia.org\/wiki\/JWH-200\">Les<\/a> m\u00e9tabolites humains \u00e9taient similaires bien que la plupart du m\u00e9tabolisme ait eu lieu sur le cycle indole et la cha\u00eene lat\u00e9rale pentyle, et les m\u00e9tabolites hydroxyl\u00e9s \u00e9taient largement conjugu\u00e9s avec le glucuronide.<\/p>\n<h3>Utilisation Acheter des produits chimiques de recherche JWH-200<\/h3>\n<p>\u00c0 au moins un cas de d\u00e9pendance au JWH-200 a \u00e9t\u00e9 rapport\u00e9 par les m\u00e9dias. L&#8217;utilisateur a consomm\u00e9 du JWH-018 quotidiennement pendant huit mois. Les sympt\u00f4mes de sevrage \u00e9taient plus graves que ceux ressentis en raison de la d\u00e9pendance au cannabis. Il a \u00e9t\u00e9 d\u00e9montr\u00e9 que JWH-200 provoque de profonds changements dans la densit\u00e9 des r\u00e9cepteurs CB1 apr\u00e8s administration. Entra\u00eenant une d\u00e9sensibilisation \u00e0 ses effets plus rapidement que les cannabino\u00efdes apparent\u00e9s.<\/p>\n","protected":false},"excerpt":{"rendered":"<p>Achetez JWH-200 Poudre chimique \u00e0 vendre au Royaume-Uni, en ligne en Europe. (1-(2-morpholin-4-yl\u00e9thyl)indol-3-yl)-naphtal\u00e8ne-1-ylm\u00e9thanone est un autre nom. Venez acheter maintenant!. Nous avons la meilleure m\u00e9thode d&#8217;emballage et d&#8217;exp\u00e9dition discr\u00e8te.<\/p>\n","protected":false},"featured_media":8156,"comment_status":"open","ping_status":"closed","template":"","meta":{"inline_featured_image":false},"product_brand":[],"product_cat":[264],"product_tag":[],"class_list":{"0":"post-8150","1":"product","2":"type-product","3":"status-publish","4":"has-post-thumbnail","6":"product_cat-recherche-chimique","8":"first","9":"instock","10":"shipping-taxable","11":"purchasable","12":"product-type-variable","13":"has-default-attributes"},"yoast_head":"<!-- This site is optimized with the Yoast SEO Premium plugin v19.2 (Yoast SEO v27.3) - https:\/\/yoast.com\/product\/yoast-seo-premium-wordpress\/ -->\n<title>Acheter du cristal JWH-200 en ligne - Everyday Chem Shop<\/title>\n<meta name=\"description\" content=\"Acheter du cristal JWH-200 en ligne. Nous vendons en ligne la meilleure qualit\u00e9 de cristal JWH-200. Veuillez contacter pour plus d&#039;informations et les prix de votre commande.\" \/>\n<meta name=\"robots\" content=\"index, follow, max-snippet:-1, max-image-preview:large, max-video-preview:-1\" \/>\n<link rel=\"canonical\" href=\"https:\/\/everydaychemshop.com\/fr\/product\/jwh-200\/\" \/>\n<meta property=\"og:locale\" content=\"en_US\" \/>\n<meta property=\"og:type\" content=\"article\" \/>\n<meta property=\"og:title\" content=\"JWH-200\" \/>\n<meta property=\"og:description\" content=\"Acheter du cristal JWH-200 en ligne. Nous vendons en ligne la meilleure qualit\u00e9 de cristal JWH-200. Veuillez contacter pour plus d&#039;informations et les prix de votre commande.\" \/>\n<meta property=\"og:url\" content=\"https:\/\/everydaychemshop.com\/fr\/product\/jwh-200\/\" \/>\n<meta property=\"og:site_name\" content=\"Everyday Chem Shop\" \/>\n<meta property=\"article:modified_time\" content=\"2023-04-07T11:01:53+00:00\" \/>\n<meta property=\"og:image\" content=\"https:\/\/everydaychemshop.com\/fr\/wp-content\/uploads\/sites\/5\/2022\/11\/Buy-JWH-200-Chemical.jpg\" \/>\n\t<meta property=\"og:image:width\" content=\"458\" \/>\n\t<meta property=\"og:image:height\" content=\"458\" \/>\n\t<meta property=\"og:image:type\" content=\"image\/jpeg\" \/>\n<meta name=\"twitter:card\" content=\"summary_large_image\" \/>\n<meta name=\"twitter:label1\" content=\"Est. reading time\" \/>\n\t<meta name=\"twitter:data1\" content=\"2 minutes\" \/>\n<script type=\"application\/ld+json\" class=\"yoast-schema-graph\">{\"@context\":\"https:\\\/\\\/schema.org\",\"@graph\":[{\"@type\":\"WebPage\",\"@id\":\"https:\\\/\\\/everydaychemshop.com\\\/fr\\\/product\\\/jwh-200\\\/\",\"url\":\"https:\\\/\\\/everydaychemshop.com\\\/fr\\\/product\\\/jwh-200\\\/\",\"name\":\"Acheter du cristal JWH-200 en ligne - Everyday Chem Shop\",\"isPartOf\":{\"@id\":\"https:\\\/\\\/everydaychemshop.com\\\/fr\\\/#website\"},\"primaryImageOfPage\":{\"@id\":\"https:\\\/\\\/everydaychemshop.com\\\/fr\\\/product\\\/jwh-200\\\/#primaryimage\"},\"image\":{\"@id\":\"https:\\\/\\\/everydaychemshop.com\\\/fr\\\/product\\\/jwh-200\\\/#primaryimage\"},\"thumbnailUrl\":\"https:\\\/\\\/everydaychemshop.com\\\/fr\\\/wp-content\\\/uploads\\\/sites\\\/5\\\/2022\\\/11\\\/Buy-JWH-200-Chemical.jpg\",\"datePublished\":\"2022-11-19T09:19:03+00:00\",\"dateModified\":\"2023-04-07T11:01:53+00:00\",\"description\":\"Acheter du cristal JWH-200 en ligne. Nous vendons en ligne la meilleure qualit\u00e9 de cristal JWH-200. Veuillez contacter pour plus d'informations et les prix de votre commande.\",\"breadcrumb\":{\"@id\":\"https:\\\/\\\/everydaychemshop.com\\\/fr\\\/product\\\/jwh-200\\\/#breadcrumb\"},\"inLanguage\":\"en-US\",\"potentialAction\":[{\"@type\":\"ReadAction\",\"target\":[\"https:\\\/\\\/everydaychemshop.com\\\/fr\\\/product\\\/jwh-200\\\/\"]}]},{\"@type\":\"ImageObject\",\"inLanguage\":\"en-US\",\"@id\":\"https:\\\/\\\/everydaychemshop.com\\\/fr\\\/product\\\/jwh-200\\\/#primaryimage\",\"url\":\"https:\\\/\\\/everydaychemshop.com\\\/fr\\\/wp-content\\\/uploads\\\/sites\\\/5\\\/2022\\\/11\\\/Buy-JWH-200-Chemical.jpg\",\"contentUrl\":\"https:\\\/\\\/everydaychemshop.com\\\/fr\\\/wp-content\\\/uploads\\\/sites\\\/5\\\/2022\\\/11\\\/Buy-JWH-200-Chemical.jpg\",\"width\":458,\"height\":458,\"caption\":\"Acheter du cristal JWH-200 en ligne\"},{\"@type\":\"BreadcrumbList\",\"@id\":\"https:\\\/\\\/everydaychemshop.com\\\/fr\\\/product\\\/jwh-200\\\/#breadcrumb\",\"itemListElement\":[{\"@type\":\"ListItem\",\"position\":1,\"name\":\"Home\",\"item\":\"https:\\\/\\\/everydaychemshop.com\\\/fr\\\/\"},{\"@type\":\"ListItem\",\"position\":2,\"name\":\"Des produits\",\"item\":\"https:\\\/\\\/everydaychemshop.com\\\/fr\\\/des-produits\\\/\"},{\"@type\":\"ListItem\",\"position\":3,\"name\":\"JWH-200\"}]},{\"@type\":\"WebSite\",\"@id\":\"https:\\\/\\\/everydaychemshop.com\\\/fr\\\/#website\",\"url\":\"https:\\\/\\\/everydaychemshop.com\\\/fr\\\/\",\"name\":\"Everyday Chem Shop\",\"description\":\"\",\"potentialAction\":[{\"@type\":\"SearchAction\",\"target\":{\"@type\":\"EntryPoint\",\"urlTemplate\":\"https:\\\/\\\/everydaychemshop.com\\\/fr\\\/?s={search_term_string}\"},\"query-input\":{\"@type\":\"PropertyValueSpecification\",\"valueRequired\":true,\"valueName\":\"search_term_string\"}}],\"inLanguage\":\"en-US\"}]}<\/script>\n<!-- \/ Yoast SEO Premium plugin. -->","yoast_head_json":{"title":"Acheter du cristal JWH-200 en ligne - Everyday Chem Shop","description":"Acheter du cristal JWH-200 en ligne. Nous vendons en ligne la meilleure qualit\u00e9 de cristal JWH-200. Veuillez contacter pour plus d'informations et les prix de votre commande.","robots":{"index":"index","follow":"follow","max-snippet":"max-snippet:-1","max-image-preview":"max-image-preview:large","max-video-preview":"max-video-preview:-1"},"canonical":"https:\/\/everydaychemshop.com\/fr\/product\/jwh-200\/","og_locale":"en_US","og_type":"article","og_title":"JWH-200","og_description":"Acheter du cristal JWH-200 en ligne. Nous vendons en ligne la meilleure qualit\u00e9 de cristal JWH-200. Veuillez contacter pour plus d'informations et les prix de votre commande.","og_url":"https:\/\/everydaychemshop.com\/fr\/product\/jwh-200\/","og_site_name":"Everyday Chem Shop","article_modified_time":"2023-04-07T11:01:53+00:00","og_image":[{"width":458,"height":458,"url":"https:\/\/everydaychemshop.com\/fr\/wp-content\/uploads\/sites\/5\/2022\/11\/Buy-JWH-200-Chemical.jpg","type":"image\/jpeg"}],"twitter_card":"summary_large_image","twitter_misc":{"Est. reading time":"2 minutes"},"schema":{"@context":"https:\/\/schema.org","@graph":[{"@type":"WebPage","@id":"https:\/\/everydaychemshop.com\/fr\/product\/jwh-200\/","url":"https:\/\/everydaychemshop.com\/fr\/product\/jwh-200\/","name":"Acheter du cristal JWH-200 en ligne - Everyday Chem Shop","isPartOf":{"@id":"https:\/\/everydaychemshop.com\/fr\/#website"},"primaryImageOfPage":{"@id":"https:\/\/everydaychemshop.com\/fr\/product\/jwh-200\/#primaryimage"},"image":{"@id":"https:\/\/everydaychemshop.com\/fr\/product\/jwh-200\/#primaryimage"},"thumbnailUrl":"https:\/\/everydaychemshop.com\/fr\/wp-content\/uploads\/sites\/5\/2022\/11\/Buy-JWH-200-Chemical.jpg","datePublished":"2022-11-19T09:19:03+00:00","dateModified":"2023-04-07T11:01:53+00:00","description":"Acheter du cristal JWH-200 en ligne. Nous vendons en ligne la meilleure qualit\u00e9 de cristal JWH-200. Veuillez contacter pour plus d'informations et les prix de votre commande.","breadcrumb":{"@id":"https:\/\/everydaychemshop.com\/fr\/product\/jwh-200\/#breadcrumb"},"inLanguage":"en-US","potentialAction":[{"@type":"ReadAction","target":["https:\/\/everydaychemshop.com\/fr\/product\/jwh-200\/"]}]},{"@type":"ImageObject","inLanguage":"en-US","@id":"https:\/\/everydaychemshop.com\/fr\/product\/jwh-200\/#primaryimage","url":"https:\/\/everydaychemshop.com\/fr\/wp-content\/uploads\/sites\/5\/2022\/11\/Buy-JWH-200-Chemical.jpg","contentUrl":"https:\/\/everydaychemshop.com\/fr\/wp-content\/uploads\/sites\/5\/2022\/11\/Buy-JWH-200-Chemical.jpg","width":458,"height":458,"caption":"Acheter du cristal JWH-200 en ligne"},{"@type":"BreadcrumbList","@id":"https:\/\/everydaychemshop.com\/fr\/product\/jwh-200\/#breadcrumb","itemListElement":[{"@type":"ListItem","position":1,"name":"Home","item":"https:\/\/everydaychemshop.com\/fr\/"},{"@type":"ListItem","position":2,"name":"Des produits","item":"https:\/\/everydaychemshop.com\/fr\/des-produits\/"},{"@type":"ListItem","position":3,"name":"JWH-200"}]},{"@type":"WebSite","@id":"https:\/\/everydaychemshop.com\/fr\/#website","url":"https:\/\/everydaychemshop.com\/fr\/","name":"Everyday Chem Shop","description":"","potentialAction":[{"@type":"SearchAction","target":{"@type":"EntryPoint","urlTemplate":"https:\/\/everydaychemshop.com\/fr\/?s={search_term_string}"},"query-input":{"@type":"PropertyValueSpecification","valueRequired":true,"valueName":"search_term_string"}}],"inLanguage":"en-US"}]}},"_links":{"self":[{"href":"https:\/\/everydaychemshop.com\/fr\/wp-json\/wp\/v2\/product\/8150","targetHints":{"allow":["GET"]}}],"collection":[{"href":"https:\/\/everydaychemshop.com\/fr\/wp-json\/wp\/v2\/product"}],"about":[{"href":"https:\/\/everydaychemshop.com\/fr\/wp-json\/wp\/v2\/types\/product"}],"replies":[{"embeddable":true,"href":"https:\/\/everydaychemshop.com\/fr\/wp-json\/wp\/v2\/comments?post=8150"}],"wp:featuredmedia":[{"embeddable":true,"href":"https:\/\/everydaychemshop.com\/fr\/wp-json\/wp\/v2\/media\/8156"}],"wp:attachment":[{"href":"https:\/\/everydaychemshop.com\/fr\/wp-json\/wp\/v2\/media?parent=8150"}],"wp:term":[{"taxonomy":"product_brand","embeddable":true,"href":"https:\/\/everydaychemshop.com\/fr\/wp-json\/wp\/v2\/product_brand?post=8150"},{"taxonomy":"product_cat","embeddable":true,"href":"https:\/\/everydaychemshop.com\/fr\/wp-json\/wp\/v2\/product_cat?post=8150"},{"taxonomy":"product_tag","embeddable":true,"href":"https:\/\/everydaychemshop.com\/fr\/wp-json\/wp\/v2\/product_tag?post=8150"}],"curies":[{"name":"wp","href":"https:\/\/api.w.org\/{rel}","templated":true}]}}