{"id":8157,"date":"2022-11-19T09:28:30","date_gmt":"2022-11-19T09:28:30","guid":{"rendered":"https:\/\/everydaychemshop.com\/fr\/?post_type=product&#038;p=8157"},"modified":"2023-04-07T11:00:37","modified_gmt":"2023-04-07T11:00:37","slug":"jwh-210-poudre-chimique","status":"publish","type":"product","link":"https:\/\/everydaychemshop.com\/fr\/product\/jwh-210-poudre-chimique\/","title":{"rendered":"Poudre chimique JWH-210"},"content":{"rendered":"<h1>Achetez la poudre chimique JWH-210 en ligne<\/h1>\n<p><a href=\"https:\/\/everydaychemshop.com\/fr\/product\/jwh-210-poudre-chimique\/\">Achetez la poudre chimique JWH-210 en ligne<\/a>. Classe de m\u00e9dicaments pharmacologiques\u00a0: JWH-210 est un produit chimique analg\u00e9sique de la famille des naphtoylindoles et<br \/>\nagit comme un puissant agoniste des cannabino\u00efdes sur les r\u00e9cepteurs CB1 et CB2. Il a des valeurs de Ki de 0,46\u00a0nM \u00e0<br \/>\nCB1 et de 0,69\u00a0nM \u00e0 CB2. Parmi les \u00a0cannabino\u00efdes synth\u00e9tiques de premi\u00e8re g\u00e9n\u00e9ration, c&#8217;est l&#8217;un des 4\u00a0plus puissants &#8211;<br \/>\nd\u00e9riv\u00e9s naphtoyl substitu\u00e9s de la s\u00e9rie des naphtoylindoles, ayant une affinit\u00e9 de liaison au CB1 plus \u00e9lev\u00e9e<br \/>\nque JWH-122, JWH-182 et JWH-081 (1).<\/p>\n<p>M\u00e9tabolisme\u00a0: Les m\u00e9tabolites connus de JWH-210 sont le m\u00e9tabolite acide JWH-210 N-pentano\u00efque (d\u00e9tectable dans<br \/>\nl&#8217;urine), le m\u00e9tabolite JWH-210 N-(4-hydroxypentyl) (d\u00e9tectable dans l&#8217;urine et le s\u00e9rum), JWH-210 N-( 5-<br \/>\nhydroxypentyl) m\u00e9tabolite (d\u00e9tectable dans l&#8217;urine et le s\u00e9rum) et le m\u00e9tabolite JWH-210 5 hydroxyindole<br \/>\n(d\u00e9tectable dans l&#8217;urine et le s\u00e9rum). Des hydroxylations sur le <a href=\"https:\/\/en.wikipedia.org\/wiki\/JWH-210\">cycle<\/a> naphhoyle ont \u00e9galement \u00e9t\u00e9 signal\u00e9es (2).<\/p>\n<p>Effets et toxicit\u00e9\u00a0: les utilisateurs rapportent que le JWH-210 peut \u00eatre fum\u00e9 apr\u00e8s avoir \u00e9t\u00e9 pulv\u00e9ris\u00e9 sur un mat\u00e9riel v\u00e9g\u00e9tal,<br \/>\nun peu comme le cannabis. Les effets commencent dans les 2 \u00e0 5 minutes suivant l&#8217;injection. On sait peu de choses sur les effets dus uniquement \u00e0 l&#8217;ingestion de JWH-210, mais les effets courants des cannabino\u00efdes synth\u00e9tiques sont l&#8217;alt\u00e9ration de l&#8217;humeur et de la perception, les attaques de panique\/l&#8217;agitation, l&#8217;euphorie semblable au cannabis et les hallucinog\u00e8nes l\u00e9gers (visuels et auditifs).<\/p>\n","protected":false},"excerpt":{"rendered":"<p>Achetez la poudre chimique JWH-210 \u00e0 vendre en ligne au Royaume-Uni, en Europe et dans l&#8217;UE. La poudre chimique JWH-210 est un produit chimique analg\u00e9sique de la famille des naphtoylindoles.<\/p>\n","protected":false},"featured_media":8160,"comment_status":"open","ping_status":"closed","template":"","meta":{"inline_featured_image":false},"product_brand":[],"product_cat":[264],"product_tag":[],"class_list":{"0":"post-8157","1":"product","2":"type-product","3":"status-publish","4":"has-post-thumbnail","6":"product_cat-recherche-chimique","8":"first","9":"instock","10":"shipping-taxable","11":"purchasable","12":"product-type-variable","13":"has-default-attributes"},"yoast_head":"<!-- This site is optimized with the Yoast SEO Premium plugin v19.2 (Yoast SEO v27.3) - https:\/\/yoast.com\/product\/yoast-seo-premium-wordpress\/ -->\n<title>Achetez la poudre chimique JWH-210 - Everyday Chem Shop<\/title>\n<meta name=\"description\" content=\"Achetez la poudre chimique JWH-210 en ligne. Nous vendons en ligne la poudre JWH-210 de la meilleure qualit\u00e9. Veuillez contacter pour plus de prix et d&#039;informations.\" \/>\n<meta name=\"robots\" content=\"index, follow, max-snippet:-1, max-image-preview:large, max-video-preview:-1\" \/>\n<link rel=\"canonical\" href=\"https:\/\/everydaychemshop.com\/fr\/product\/jwh-210-poudre-chimique\/\" \/>\n<meta property=\"og:locale\" content=\"en_US\" \/>\n<meta property=\"og:type\" content=\"article\" \/>\n<meta property=\"og:title\" content=\"Poudre chimique JWH-210\" \/>\n<meta property=\"og:description\" content=\"Achetez la poudre chimique JWH-210 en ligne. Nous vendons en ligne la poudre JWH-210 de la meilleure qualit\u00e9. Veuillez contacter pour plus de prix et d&#039;informations.\" \/>\n<meta property=\"og:url\" content=\"https:\/\/everydaychemshop.com\/fr\/product\/jwh-210-poudre-chimique\/\" \/>\n<meta property=\"og:site_name\" content=\"Everyday Chem Shop\" \/>\n<meta property=\"article:modified_time\" content=\"2023-04-07T11:00:37+00:00\" \/>\n<meta property=\"og:image\" content=\"https:\/\/everydaychemshop.com\/fr\/wp-content\/uploads\/sites\/5\/2022\/11\/Buy-JWH-210-Chemical-Powder-Online.jpg\" \/>\n\t<meta property=\"og:image:width\" content=\"600\" \/>\n\t<meta property=\"og:image:height\" content=\"600\" \/>\n\t<meta property=\"og:image:type\" content=\"image\/jpeg\" \/>\n<meta name=\"twitter:card\" content=\"summary_large_image\" \/>\n<meta name=\"twitter:label1\" content=\"Est. reading time\" \/>\n\t<meta name=\"twitter:data1\" content=\"2 minutes\" \/>\n<script type=\"application\/ld+json\" class=\"yoast-schema-graph\">{\"@context\":\"https:\\\/\\\/schema.org\",\"@graph\":[{\"@type\":\"WebPage\",\"@id\":\"https:\\\/\\\/everydaychemshop.com\\\/fr\\\/product\\\/jwh-210-poudre-chimique\\\/\",\"url\":\"https:\\\/\\\/everydaychemshop.com\\\/fr\\\/product\\\/jwh-210-poudre-chimique\\\/\",\"name\":\"Achetez la poudre chimique JWH-210 - Everyday Chem Shop\",\"isPartOf\":{\"@id\":\"https:\\\/\\\/everydaychemshop.com\\\/fr\\\/#website\"},\"primaryImageOfPage\":{\"@id\":\"https:\\\/\\\/everydaychemshop.com\\\/fr\\\/product\\\/jwh-210-poudre-chimique\\\/#primaryimage\"},\"image\":{\"@id\":\"https:\\\/\\\/everydaychemshop.com\\\/fr\\\/product\\\/jwh-210-poudre-chimique\\\/#primaryimage\"},\"thumbnailUrl\":\"https:\\\/\\\/everydaychemshop.com\\\/fr\\\/wp-content\\\/uploads\\\/sites\\\/5\\\/2022\\\/11\\\/Buy-JWH-210-Chemical-Powder-Online.jpg\",\"datePublished\":\"2022-11-19T09:28:30+00:00\",\"dateModified\":\"2023-04-07T11:00:37+00:00\",\"description\":\"Achetez la poudre chimique JWH-210 en ligne. Nous vendons en ligne la poudre JWH-210 de la meilleure qualit\u00e9. Veuillez contacter pour plus de prix et d'informations.\",\"breadcrumb\":{\"@id\":\"https:\\\/\\\/everydaychemshop.com\\\/fr\\\/product\\\/jwh-210-poudre-chimique\\\/#breadcrumb\"},\"inLanguage\":\"en-US\",\"potentialAction\":[{\"@type\":\"ReadAction\",\"target\":[\"https:\\\/\\\/everydaychemshop.com\\\/fr\\\/product\\\/jwh-210-poudre-chimique\\\/\"]}]},{\"@type\":\"ImageObject\",\"inLanguage\":\"en-US\",\"@id\":\"https:\\\/\\\/everydaychemshop.com\\\/fr\\\/product\\\/jwh-210-poudre-chimique\\\/#primaryimage\",\"url\":\"https:\\\/\\\/everydaychemshop.com\\\/fr\\\/wp-content\\\/uploads\\\/sites\\\/5\\\/2022\\\/11\\\/Buy-JWH-210-Chemical-Powder-Online.jpg\",\"contentUrl\":\"https:\\\/\\\/everydaychemshop.com\\\/fr\\\/wp-content\\\/uploads\\\/sites\\\/5\\\/2022\\\/11\\\/Buy-JWH-210-Chemical-Powder-Online.jpg\",\"width\":600,\"height\":600,\"caption\":\"Achetez la poudre chimique JWH-210 en ligne\"},{\"@type\":\"BreadcrumbList\",\"@id\":\"https:\\\/\\\/everydaychemshop.com\\\/fr\\\/product\\\/jwh-210-poudre-chimique\\\/#breadcrumb\",\"itemListElement\":[{\"@type\":\"ListItem\",\"position\":1,\"name\":\"Home\",\"item\":\"https:\\\/\\\/everydaychemshop.com\\\/fr\\\/\"},{\"@type\":\"ListItem\",\"position\":2,\"name\":\"Des produits\",\"item\":\"https:\\\/\\\/everydaychemshop.com\\\/fr\\\/des-produits\\\/\"},{\"@type\":\"ListItem\",\"position\":3,\"name\":\"Poudre chimique JWH-210\"}]},{\"@type\":\"WebSite\",\"@id\":\"https:\\\/\\\/everydaychemshop.com\\\/fr\\\/#website\",\"url\":\"https:\\\/\\\/everydaychemshop.com\\\/fr\\\/\",\"name\":\"Everyday Chem Shop\",\"description\":\"\",\"potentialAction\":[{\"@type\":\"SearchAction\",\"target\":{\"@type\":\"EntryPoint\",\"urlTemplate\":\"https:\\\/\\\/everydaychemshop.com\\\/fr\\\/?s={search_term_string}\"},\"query-input\":{\"@type\":\"PropertyValueSpecification\",\"valueRequired\":true,\"valueName\":\"search_term_string\"}}],\"inLanguage\":\"en-US\"}]}<\/script>\n<!-- \/ Yoast SEO Premium plugin. -->","yoast_head_json":{"title":"Achetez la poudre chimique JWH-210 - Everyday Chem Shop","description":"Achetez la poudre chimique JWH-210 en ligne. Nous vendons en ligne la poudre JWH-210 de la meilleure qualit\u00e9. Veuillez contacter pour plus de prix et d'informations.","robots":{"index":"index","follow":"follow","max-snippet":"max-snippet:-1","max-image-preview":"max-image-preview:large","max-video-preview":"max-video-preview:-1"},"canonical":"https:\/\/everydaychemshop.com\/fr\/product\/jwh-210-poudre-chimique\/","og_locale":"en_US","og_type":"article","og_title":"Poudre chimique JWH-210","og_description":"Achetez la poudre chimique JWH-210 en ligne. Nous vendons en ligne la poudre JWH-210 de la meilleure qualit\u00e9. Veuillez contacter pour plus de prix et d'informations.","og_url":"https:\/\/everydaychemshop.com\/fr\/product\/jwh-210-poudre-chimique\/","og_site_name":"Everyday Chem Shop","article_modified_time":"2023-04-07T11:00:37+00:00","og_image":[{"width":600,"height":600,"url":"https:\/\/everydaychemshop.com\/fr\/wp-content\/uploads\/sites\/5\/2022\/11\/Buy-JWH-210-Chemical-Powder-Online.jpg","type":"image\/jpeg"}],"twitter_card":"summary_large_image","twitter_misc":{"Est. reading time":"2 minutes"},"schema":{"@context":"https:\/\/schema.org","@graph":[{"@type":"WebPage","@id":"https:\/\/everydaychemshop.com\/fr\/product\/jwh-210-poudre-chimique\/","url":"https:\/\/everydaychemshop.com\/fr\/product\/jwh-210-poudre-chimique\/","name":"Achetez la poudre chimique JWH-210 - Everyday Chem Shop","isPartOf":{"@id":"https:\/\/everydaychemshop.com\/fr\/#website"},"primaryImageOfPage":{"@id":"https:\/\/everydaychemshop.com\/fr\/product\/jwh-210-poudre-chimique\/#primaryimage"},"image":{"@id":"https:\/\/everydaychemshop.com\/fr\/product\/jwh-210-poudre-chimique\/#primaryimage"},"thumbnailUrl":"https:\/\/everydaychemshop.com\/fr\/wp-content\/uploads\/sites\/5\/2022\/11\/Buy-JWH-210-Chemical-Powder-Online.jpg","datePublished":"2022-11-19T09:28:30+00:00","dateModified":"2023-04-07T11:00:37+00:00","description":"Achetez la poudre chimique JWH-210 en ligne. Nous vendons en ligne la poudre JWH-210 de la meilleure qualit\u00e9. Veuillez contacter pour plus de prix et d'informations.","breadcrumb":{"@id":"https:\/\/everydaychemshop.com\/fr\/product\/jwh-210-poudre-chimique\/#breadcrumb"},"inLanguage":"en-US","potentialAction":[{"@type":"ReadAction","target":["https:\/\/everydaychemshop.com\/fr\/product\/jwh-210-poudre-chimique\/"]}]},{"@type":"ImageObject","inLanguage":"en-US","@id":"https:\/\/everydaychemshop.com\/fr\/product\/jwh-210-poudre-chimique\/#primaryimage","url":"https:\/\/everydaychemshop.com\/fr\/wp-content\/uploads\/sites\/5\/2022\/11\/Buy-JWH-210-Chemical-Powder-Online.jpg","contentUrl":"https:\/\/everydaychemshop.com\/fr\/wp-content\/uploads\/sites\/5\/2022\/11\/Buy-JWH-210-Chemical-Powder-Online.jpg","width":600,"height":600,"caption":"Achetez la poudre chimique JWH-210 en ligne"},{"@type":"BreadcrumbList","@id":"https:\/\/everydaychemshop.com\/fr\/product\/jwh-210-poudre-chimique\/#breadcrumb","itemListElement":[{"@type":"ListItem","position":1,"name":"Home","item":"https:\/\/everydaychemshop.com\/fr\/"},{"@type":"ListItem","position":2,"name":"Des produits","item":"https:\/\/everydaychemshop.com\/fr\/des-produits\/"},{"@type":"ListItem","position":3,"name":"Poudre chimique JWH-210"}]},{"@type":"WebSite","@id":"https:\/\/everydaychemshop.com\/fr\/#website","url":"https:\/\/everydaychemshop.com\/fr\/","name":"Everyday Chem Shop","description":"","potentialAction":[{"@type":"SearchAction","target":{"@type":"EntryPoint","urlTemplate":"https:\/\/everydaychemshop.com\/fr\/?s={search_term_string}"},"query-input":{"@type":"PropertyValueSpecification","valueRequired":true,"valueName":"search_term_string"}}],"inLanguage":"en-US"}]}},"_links":{"self":[{"href":"https:\/\/everydaychemshop.com\/fr\/wp-json\/wp\/v2\/product\/8157","targetHints":{"allow":["GET"]}}],"collection":[{"href":"https:\/\/everydaychemshop.com\/fr\/wp-json\/wp\/v2\/product"}],"about":[{"href":"https:\/\/everydaychemshop.com\/fr\/wp-json\/wp\/v2\/types\/product"}],"replies":[{"embeddable":true,"href":"https:\/\/everydaychemshop.com\/fr\/wp-json\/wp\/v2\/comments?post=8157"}],"wp:featuredmedia":[{"embeddable":true,"href":"https:\/\/everydaychemshop.com\/fr\/wp-json\/wp\/v2\/media\/8160"}],"wp:attachment":[{"href":"https:\/\/everydaychemshop.com\/fr\/wp-json\/wp\/v2\/media?parent=8157"}],"wp:term":[{"taxonomy":"product_brand","embeddable":true,"href":"https:\/\/everydaychemshop.com\/fr\/wp-json\/wp\/v2\/product_brand?post=8157"},{"taxonomy":"product_cat","embeddable":true,"href":"https:\/\/everydaychemshop.com\/fr\/wp-json\/wp\/v2\/product_cat?post=8157"},{"taxonomy":"product_tag","embeddable":true,"href":"https:\/\/everydaychemshop.com\/fr\/wp-json\/wp\/v2\/product_tag?post=8157"}],"curies":[{"name":"wp","href":"https:\/\/api.w.org\/{rel}","templated":true}]}}