{"id":8251,"date":"2022-11-20T06:07:35","date_gmt":"2022-11-20T06:07:35","guid":{"rendered":"https:\/\/everydaychemshop.com\/fr\/?post_type=product&#038;p=8251"},"modified":"2023-04-07T10:43:04","modified_gmt":"2023-04-07T10:43:04","slug":"ak-47-marijuana","status":"publish","type":"product","link":"https:\/\/everydaychemshop.com\/fr\/product\/ak-47-marijuana\/","title":{"rendered":"AK-47 Cannabis"},"content":{"rendered":"<h1 id=\"description\">Achetez la souche AK-47 en ligne<\/h1>\n<div class=\"field-name-field-description field-items\">\n<p><a href=\"https:\/\/everydaychemshop.com\/fr\/product\/ak-47-marijuana\/\">Achetez la souche AK-47 en ligne<\/a>. Cette plante facile \u00e0 cultiver est notre plus populaire, \u00e0 cause de sa qualit\u00e9 exceptionnelle. La souche <em>AK-47<\/em>\u00a0a \u00e9t\u00e9 souvent copi\u00e9e ou utilis\u00e9e par d&#8217;autres entreprises de semences pour <a href=\"https:\/\/fr.wikipedia.org\/wiki\/CBD\">les<\/a> croisements.<\/p>\n<p>Cette plante est de taille moyenne et produit de tr\u00e8s bons rendements assez rapidement. <strong>Odeur et fum\u00e9e extr\u00eamement FORTES<\/strong>. Faites particuli\u00e8rement attention au contr\u00f4le des odeurs lorsque vous cultivez pr\u00e8s de voisins\u00a0!<\/p>\n<p>Le nom n&#8217;a pas \u00e9t\u00e9 donn\u00e9 par id\u00e9e de violence, mais plut\u00f4t en association avec la &#8220;merveille \u00e0 un coup&#8221; qu&#8217;est la fum\u00e9e. Apr\u00e8s son introduction, les visiteurs des coffeeshops d&#8217;Amsterdam s&#8217;\u00e9vanouissent r\u00e9guli\u00e8rement apr\u00e8s une bouff\u00e9e de la\u00a0<em>souche AK47<\/em>. La qualit\u00e9 sans compromis rend les graines AK47 adapt\u00e9es aux cultures commerciales ou domestiques. Pour un croisement principalement Sativa, ces plantes ont une courte p\u00e9riode de floraison, produisant des t\u00eates compactes avec peu de feuilles qui brillent d&#8217;une\u00a0<strong>couche de cristaux de r\u00e9sine<\/strong>.<\/p>\n<p><strong>Gagner 27\u00a0prix (! !!) dans les comp\u00e9titions de cannabis<\/strong>\u00a0prouve que c&#8217;est une favorite \u00e0 cultiver ainsi qu&#8217;\u00e0 fumer.<\/p>\n<p>Elle d\u00e9livre un high tr\u00e8s fort, durable et agr\u00e9able. En 1999, \u00e0 la Cannabis Cup, un test de laboratoire ind\u00e9pendant\u00a0<strong>a prouv\u00e9<\/strong>\u00a0<em>AK47<\/em>\u00a0que l&#8217;herbe avait le\u00a0<strong>pourcentage de THC le plus \u00e9lev\u00e9 de toutes les entr\u00e9es cette ann\u00e9e-l\u00e0<\/strong>. <strong>Plante m\u00e9dicinale excellente pour soulager la douleur<\/strong>.<\/p>\n<\/div>\n","protected":false},"excerpt":{"rendered":"<p>La souche AK-47 est notre vari\u00e9t\u00e9 la plus populaire. C&#8217;est une plante facile \u00e0 cultiver et avec plus de 27 r\u00e9compenses, et en comptant, c&#8217;est officiellement la vari\u00e9t\u00e9 de cannabis la plus prim\u00e9e sur le march\u00e9. Notre souche AK47 a souvent \u00e9t\u00e9 copi\u00e9e ou utilis\u00e9e par d&#8217;autres soci\u00e9t\u00e9s de semences pour am\u00e9liorer les croisements.<\/p>\n","protected":false},"featured_media":8253,"comment_status":"open","ping_status":"closed","template":"","meta":{"inline_featured_image":false},"product_brand":[],"product_cat":[60],"product_tag":[],"class_list":{"0":"post-8251","1":"product","2":"type-product","3":"status-publish","4":"has-post-thumbnail","6":"product_cat-cbd-chanvre-fleur","8":"first","9":"instock","10":"sale","11":"shipping-taxable","12":"purchasable","13":"product-type-variable","14":"has-default-attributes"},"yoast_head":"<!-- This site is optimized with the Yoast SEO Premium plugin v19.2 (Yoast SEO v27.3) - https:\/\/yoast.com\/product\/yoast-seo-premium-wordpress\/ -->\n<title>Achetez la souche AK-47 en ligne - Everyday Chem Shop<\/title>\n<meta name=\"description\" content=\"Achetez la souche AK-47 en ligne. Nous vendons en ligne des souches AK-47 de qualit\u00e9 sup\u00e9rieure. Veuillez nous contacter pour plus d&#039;informations et les prix.\" \/>\n<meta name=\"robots\" content=\"index, follow, max-snippet:-1, max-image-preview:large, max-video-preview:-1\" \/>\n<link rel=\"canonical\" href=\"https:\/\/everydaychemshop.com\/fr\/product\/ak-47-marijuana\/\" \/>\n<meta property=\"og:locale\" content=\"en_US\" \/>\n<meta property=\"og:type\" content=\"article\" \/>\n<meta property=\"og:title\" content=\"AK-47 Cannabis\" \/>\n<meta property=\"og:description\" content=\"Achetez la souche AK-47 en ligne. Nous vendons en ligne des souches AK-47 de qualit\u00e9 sup\u00e9rieure. Veuillez nous contacter pour plus d&#039;informations et les prix.\" \/>\n<meta property=\"og:url\" content=\"https:\/\/everydaychemshop.com\/fr\/product\/ak-47-marijuana\/\" \/>\n<meta property=\"og:site_name\" content=\"Everyday Chem Shop\" \/>\n<meta property=\"article:modified_time\" content=\"2023-04-07T10:43:04+00:00\" \/>\n<meta property=\"og:image\" content=\"https:\/\/everydaychemshop.com\/fr\/wp-content\/uploads\/sites\/5\/2022\/11\/1-4.jpg\" \/>\n\t<meta property=\"og:image:width\" content=\"300\" \/>\n\t<meta property=\"og:image:height\" content=\"300\" \/>\n\t<meta property=\"og:image:type\" content=\"image\/jpeg\" \/>\n<meta name=\"twitter:card\" content=\"summary_large_image\" \/>\n<meta name=\"twitter:label1\" content=\"Est. reading time\" \/>\n\t<meta name=\"twitter:data1\" content=\"1 minute\" \/>\n<script type=\"application\/ld+json\" class=\"yoast-schema-graph\">{\"@context\":\"https:\\\/\\\/schema.org\",\"@graph\":[{\"@type\":\"WebPage\",\"@id\":\"https:\\\/\\\/everydaychemshop.com\\\/fr\\\/product\\\/ak-47-marijuana\\\/\",\"url\":\"https:\\\/\\\/everydaychemshop.com\\\/fr\\\/product\\\/ak-47-marijuana\\\/\",\"name\":\"Achetez la souche AK-47 en ligne - Everyday Chem Shop\",\"isPartOf\":{\"@id\":\"https:\\\/\\\/everydaychemshop.com\\\/fr\\\/#website\"},\"primaryImageOfPage\":{\"@id\":\"https:\\\/\\\/everydaychemshop.com\\\/fr\\\/product\\\/ak-47-marijuana\\\/#primaryimage\"},\"image\":{\"@id\":\"https:\\\/\\\/everydaychemshop.com\\\/fr\\\/product\\\/ak-47-marijuana\\\/#primaryimage\"},\"thumbnailUrl\":\"https:\\\/\\\/everydaychemshop.com\\\/fr\\\/wp-content\\\/uploads\\\/sites\\\/5\\\/2022\\\/11\\\/1-4.jpg\",\"datePublished\":\"2022-11-20T06:07:35+00:00\",\"dateModified\":\"2023-04-07T10:43:04+00:00\",\"description\":\"Achetez la souche AK-47 en ligne. Nous vendons en ligne des souches AK-47 de qualit\u00e9 sup\u00e9rieure. Veuillez nous contacter pour plus d'informations et les prix.\",\"breadcrumb\":{\"@id\":\"https:\\\/\\\/everydaychemshop.com\\\/fr\\\/product\\\/ak-47-marijuana\\\/#breadcrumb\"},\"inLanguage\":\"en-US\",\"potentialAction\":[{\"@type\":\"ReadAction\",\"target\":[\"https:\\\/\\\/everydaychemshop.com\\\/fr\\\/product\\\/ak-47-marijuana\\\/\"]}]},{\"@type\":\"ImageObject\",\"inLanguage\":\"en-US\",\"@id\":\"https:\\\/\\\/everydaychemshop.com\\\/fr\\\/product\\\/ak-47-marijuana\\\/#primaryimage\",\"url\":\"https:\\\/\\\/everydaychemshop.com\\\/fr\\\/wp-content\\\/uploads\\\/sites\\\/5\\\/2022\\\/11\\\/1-4.jpg\",\"contentUrl\":\"https:\\\/\\\/everydaychemshop.com\\\/fr\\\/wp-content\\\/uploads\\\/sites\\\/5\\\/2022\\\/11\\\/1-4.jpg\",\"width\":300,\"height\":300,\"caption\":\"Achetez la souche AK-47 en ligne\"},{\"@type\":\"BreadcrumbList\",\"@id\":\"https:\\\/\\\/everydaychemshop.com\\\/fr\\\/product\\\/ak-47-marijuana\\\/#breadcrumb\",\"itemListElement\":[{\"@type\":\"ListItem\",\"position\":1,\"name\":\"Home\",\"item\":\"https:\\\/\\\/everydaychemshop.com\\\/fr\\\/\"},{\"@type\":\"ListItem\",\"position\":2,\"name\":\"Des produits\",\"item\":\"https:\\\/\\\/everydaychemshop.com\\\/fr\\\/des-produits\\\/\"},{\"@type\":\"ListItem\",\"position\":3,\"name\":\"AK-47 Cannabis\"}]},{\"@type\":\"WebSite\",\"@id\":\"https:\\\/\\\/everydaychemshop.com\\\/fr\\\/#website\",\"url\":\"https:\\\/\\\/everydaychemshop.com\\\/fr\\\/\",\"name\":\"Everyday Chem Shop\",\"description\":\"\",\"potentialAction\":[{\"@type\":\"SearchAction\",\"target\":{\"@type\":\"EntryPoint\",\"urlTemplate\":\"https:\\\/\\\/everydaychemshop.com\\\/fr\\\/?s={search_term_string}\"},\"query-input\":{\"@type\":\"PropertyValueSpecification\",\"valueRequired\":true,\"valueName\":\"search_term_string\"}}],\"inLanguage\":\"en-US\"}]}<\/script>\n<!-- \/ Yoast SEO Premium plugin. -->","yoast_head_json":{"title":"Achetez la souche AK-47 en ligne - Everyday Chem Shop","description":"Achetez la souche AK-47 en ligne. Nous vendons en ligne des souches AK-47 de qualit\u00e9 sup\u00e9rieure. Veuillez nous contacter pour plus d'informations et les prix.","robots":{"index":"index","follow":"follow","max-snippet":"max-snippet:-1","max-image-preview":"max-image-preview:large","max-video-preview":"max-video-preview:-1"},"canonical":"https:\/\/everydaychemshop.com\/fr\/product\/ak-47-marijuana\/","og_locale":"en_US","og_type":"article","og_title":"AK-47 Cannabis","og_description":"Achetez la souche AK-47 en ligne. Nous vendons en ligne des souches AK-47 de qualit\u00e9 sup\u00e9rieure. Veuillez nous contacter pour plus d'informations et les prix.","og_url":"https:\/\/everydaychemshop.com\/fr\/product\/ak-47-marijuana\/","og_site_name":"Everyday Chem Shop","article_modified_time":"2023-04-07T10:43:04+00:00","og_image":[{"width":300,"height":300,"url":"https:\/\/everydaychemshop.com\/fr\/wp-content\/uploads\/sites\/5\/2022\/11\/1-4.jpg","type":"image\/jpeg"}],"twitter_card":"summary_large_image","twitter_misc":{"Est. reading time":"1 minute"},"schema":{"@context":"https:\/\/schema.org","@graph":[{"@type":"WebPage","@id":"https:\/\/everydaychemshop.com\/fr\/product\/ak-47-marijuana\/","url":"https:\/\/everydaychemshop.com\/fr\/product\/ak-47-marijuana\/","name":"Achetez la souche AK-47 en ligne - Everyday Chem Shop","isPartOf":{"@id":"https:\/\/everydaychemshop.com\/fr\/#website"},"primaryImageOfPage":{"@id":"https:\/\/everydaychemshop.com\/fr\/product\/ak-47-marijuana\/#primaryimage"},"image":{"@id":"https:\/\/everydaychemshop.com\/fr\/product\/ak-47-marijuana\/#primaryimage"},"thumbnailUrl":"https:\/\/everydaychemshop.com\/fr\/wp-content\/uploads\/sites\/5\/2022\/11\/1-4.jpg","datePublished":"2022-11-20T06:07:35+00:00","dateModified":"2023-04-07T10:43:04+00:00","description":"Achetez la souche AK-47 en ligne. Nous vendons en ligne des souches AK-47 de qualit\u00e9 sup\u00e9rieure. Veuillez nous contacter pour plus d'informations et les prix.","breadcrumb":{"@id":"https:\/\/everydaychemshop.com\/fr\/product\/ak-47-marijuana\/#breadcrumb"},"inLanguage":"en-US","potentialAction":[{"@type":"ReadAction","target":["https:\/\/everydaychemshop.com\/fr\/product\/ak-47-marijuana\/"]}]},{"@type":"ImageObject","inLanguage":"en-US","@id":"https:\/\/everydaychemshop.com\/fr\/product\/ak-47-marijuana\/#primaryimage","url":"https:\/\/everydaychemshop.com\/fr\/wp-content\/uploads\/sites\/5\/2022\/11\/1-4.jpg","contentUrl":"https:\/\/everydaychemshop.com\/fr\/wp-content\/uploads\/sites\/5\/2022\/11\/1-4.jpg","width":300,"height":300,"caption":"Achetez la souche AK-47 en ligne"},{"@type":"BreadcrumbList","@id":"https:\/\/everydaychemshop.com\/fr\/product\/ak-47-marijuana\/#breadcrumb","itemListElement":[{"@type":"ListItem","position":1,"name":"Home","item":"https:\/\/everydaychemshop.com\/fr\/"},{"@type":"ListItem","position":2,"name":"Des produits","item":"https:\/\/everydaychemshop.com\/fr\/des-produits\/"},{"@type":"ListItem","position":3,"name":"AK-47 Cannabis"}]},{"@type":"WebSite","@id":"https:\/\/everydaychemshop.com\/fr\/#website","url":"https:\/\/everydaychemshop.com\/fr\/","name":"Everyday Chem Shop","description":"","potentialAction":[{"@type":"SearchAction","target":{"@type":"EntryPoint","urlTemplate":"https:\/\/everydaychemshop.com\/fr\/?s={search_term_string}"},"query-input":{"@type":"PropertyValueSpecification","valueRequired":true,"valueName":"search_term_string"}}],"inLanguage":"en-US"}]}},"_links":{"self":[{"href":"https:\/\/everydaychemshop.com\/fr\/wp-json\/wp\/v2\/product\/8251","targetHints":{"allow":["GET"]}}],"collection":[{"href":"https:\/\/everydaychemshop.com\/fr\/wp-json\/wp\/v2\/product"}],"about":[{"href":"https:\/\/everydaychemshop.com\/fr\/wp-json\/wp\/v2\/types\/product"}],"replies":[{"embeddable":true,"href":"https:\/\/everydaychemshop.com\/fr\/wp-json\/wp\/v2\/comments?post=8251"}],"wp:featuredmedia":[{"embeddable":true,"href":"https:\/\/everydaychemshop.com\/fr\/wp-json\/wp\/v2\/media\/8253"}],"wp:attachment":[{"href":"https:\/\/everydaychemshop.com\/fr\/wp-json\/wp\/v2\/media?parent=8251"}],"wp:term":[{"taxonomy":"product_brand","embeddable":true,"href":"https:\/\/everydaychemshop.com\/fr\/wp-json\/wp\/v2\/product_brand?post=8251"},{"taxonomy":"product_cat","embeddable":true,"href":"https:\/\/everydaychemshop.com\/fr\/wp-json\/wp\/v2\/product_cat?post=8251"},{"taxonomy":"product_tag","embeddable":true,"href":"https:\/\/everydaychemshop.com\/fr\/wp-json\/wp\/v2\/product_tag?post=8251"}],"curies":[{"name":"wp","href":"https:\/\/api.w.org\/{rel}","templated":true}]}}