{"id":8258,"date":"2022-11-20T06:13:42","date_gmt":"2022-11-20T06:13:42","guid":{"rendered":"https:\/\/everydaychemshop.com\/fr\/?post_type=product&#038;p=8258"},"modified":"2023-04-07T10:42:03","modified_gmt":"2023-04-07T10:42:03","slug":"amnesia-haze-marijuana","status":"publish","type":"product","link":"https:\/\/everydaychemshop.com\/fr\/product\/amnesia-haze-marijuana\/","title":{"rendered":"Amnesia Haze Cannabis"},"content":{"rendered":"<h1>Acheter la vari\u00e9t\u00e9 Amnesia Haze en ligne<\/h1>\n<p><a href=\"https:\/\/everydaychemshop.com\/fr\/product\/amnesia-haze-marijuana\/\">Acheter la vari\u00e9t\u00e9 Amnesia Haze en ligne<\/a>. Avec des saveurs terreuses de citrons et d&#8217;agrumes, Amnesia\u00a0La Haze est la\u00a0<b>vari\u00e9t\u00e9 sativa<\/b> parfaite pour commencer votre journ\u00e9e avec le sourire. Le buzz \u00e9difiant et \u00e9nergique est celui que vous n&#8217;oublierez pas de sit\u00f4t. \u2026 Avec des saveurs terreuses de citrons et d&#8217;agrumes, Amnesia Haze est la vari\u00e9t\u00e9 sativa parfaite <a href=\"https:\/\/fr.wikipedia.org\/wiki\/CBD\">pour<\/a> commencer votre journ\u00e9e avec le sourire.<\/p>\n<div class=\"wWOJcd\" role=\"button\" aria-labelledby=\"exacc_VJZrYdLkLtGbgQaatL7QCA58\"><\/div>\n<div id=\"exacc_VJZrYdLkLtGbgQaatL7QCA59\" class=\"MBtdbb\" data-ved=\"2ahUKEwjS3vu0vtDzAhXRTcAKHRqaD4oQ7NUEegQIPxAD\">\n<div class=\" ymu2Hb\">\n<div id=\"_VJZrYdLkLtGbgQaatL7QCA60\" class=\"t0bRye r2fjmd\" data-hveid=\"CD8QBA\" data-ved=\"2ahUKEwjS3vu0vtDzAhXRTcAKHRqaD4oQu04oAHoECD8QBA\">\n<div id=\"VJZrYdLkLtGbgQaatL7QCA__37\">\n<div class=\"wDYxhc\" data-md=\"61\">\n<div class=\"LGOjhe\" role=\"heading\" data-attrid=\"wa:\/description\" data-hveid=\"CDIQAA\"><span class=\"ILfuVd NA6bn\"> <span class=\"hgKElc\">Contrairement \u00e0 son nom l&#8217;indique,\u00a0<b>Amnesia Haze ne vous fera pas vraiment d\u00e9foncer<\/b>\u00a0et sortir de votre esprit que vous commencerez \u00e0 tout oublier. Au contraire, il a tendance \u00e0 susciter un int\u00e9r\u00eat pour les d\u00e9bouch\u00e9s cr\u00e9atifs, provoquant des pouss\u00e9es de motivation et d&#8217;\u00e9nergie productive.<\/span><\/span><\/div>\n<div role=\"heading\" data-attrid=\" wa:\/description\" data-hveid=\"CDIQAA\">\n<div class=\"wWOJcd\" role=\"bouton\" aria-labelledby=\"exacc_VJZrYdLkLtGbgQaatL7QCA53\"><\/div>\n<div id=\"exacc_VJZrYdLkLtGbgQaatL7QCA54\" class=\"MBtdbb\" data-ved=\"2ahUKEwjS3vu0vtDzAhXRTcAKHRqaD4oQ7NUEegQIOhAD\">\n<div class=\"ymu2Hb\">\n<div id=\"_VJZrYdLkLtGbgQaatL7QCA56\" class=\"t0bRye r2fjmd\" data-hveid=\"CDoQBA\" data-ved=\"2ahUKEwjS3vu0vtDzAhXRTcAKHRqaD4oQu04oAHoECDoQBA\">\n<div id=\"VJZrYdLkLtGbgQaatL7QCA__40\">\n<div class=\"wDYxhc\" data-md=\"61\">\n<div class=\"LGOjhe\" data-attrid=\"wa:\/description\" data-hveid=\"CDMQAA\"><span class=\"ILfuVd NA6bn\"><span class=\"hgKElc\">Compte tenu de son humeur- effets stimulants, de nombreuses personnes recommandent Amnesia Haze pour\u00a0<b>l&#8217;anxi\u00e9t\u00e9<\/b>. Il existe des preuves que son ingr\u00e9dient le plus actif, le THC, pourrait aider certaines personnes \u00e0 se d\u00e9tendre. Malheureusement, ce n&#8217;est peut-\u00eatre pas le cas pour tout le monde. La parent\u00e9 d&#8217;Amnesia Haze implique plusieurs vari\u00e9t\u00e9s riches en THC.<\/span><\/span><\/div>\n<\/div>\n<\/div>\n<\/div>\n<\/div>\n<\/div>\n<\/div>\n<\/div>\n<\/div>\n<\/div>\n<\/div>\n<\/div>\n","protected":false},"excerpt":{"rendered":"<p>Avec des saveurs terreuses de citrons et d&#8217;agrumes, Amnesia Haze est une vari\u00e9t\u00e9 parfaite pour commencer votre journ\u00e9e avec le sourire. Le buzz \u00e9difiant et \u00e9nergique est celui que vous n&#8217;oublierez pas de sit\u00f4t. Sa g\u00e9n\u00e9tique remonte aux souches sud-asiatiques et jama\u00efcaines, et ce vainqueur de la Cannabis Cup (1\u00e8re place 2004, 1\u00e8re place Sativa Cup 2012) a depuis \u00e9t\u00e9 popularis\u00e9 dans les caf\u00e9s d&#8217;Amsterdam.<\/p>\n","protected":false},"featured_media":8260,"comment_status":"open","ping_status":"closed","template":"","meta":{"inline_featured_image":false},"product_brand":[],"product_cat":[60],"product_tag":[],"class_list":{"0":"post-8258","1":"product","2":"type-product","3":"status-publish","4":"has-post-thumbnail","6":"product_cat-cbd-chanvre-fleur","8":"first","9":"instock","10":"shipping-taxable","11":"purchasable","12":"product-type-variable","13":"has-default-attributes"},"yoast_head":"<!-- This site is optimized with the Yoast SEO Premium plugin v19.2 (Yoast SEO v27.3) - https:\/\/yoast.com\/product\/yoast-seo-premium-wordpress\/ -->\n<title>Acheter la vari\u00e9t\u00e9 Amnesia Haze en ligne - Everyday Chem Shop<\/title>\n<meta name=\"description\" content=\"Acheter la vari\u00e9t\u00e9 Amnesia Haze en ligne. Nous vendons en ligne la meilleure qualit\u00e9 d&#039;Amnesia\u00a0Haze. Veuillez nous contacter pour plus d&#039;informations et les prix.\" \/>\n<meta name=\"robots\" content=\"index, follow, max-snippet:-1, max-image-preview:large, max-video-preview:-1\" \/>\n<link rel=\"canonical\" href=\"https:\/\/everydaychemshop.com\/fr\/product\/amnesia-haze-marijuana\/\" \/>\n<meta property=\"og:locale\" content=\"en_US\" \/>\n<meta property=\"og:type\" content=\"article\" \/>\n<meta property=\"og:title\" content=\"Amnesia Haze Cannabis\" \/>\n<meta property=\"og:description\" content=\"Acheter la vari\u00e9t\u00e9 Amnesia Haze en ligne. Nous vendons en ligne la meilleure qualit\u00e9 d&#039;Amnesia\u00a0Haze. Veuillez nous contacter pour plus d&#039;informations et les prix.\" \/>\n<meta property=\"og:url\" content=\"https:\/\/everydaychemshop.com\/fr\/product\/amnesia-haze-marijuana\/\" \/>\n<meta property=\"og:site_name\" content=\"Everyday Chem Shop\" \/>\n<meta property=\"article:modified_time\" content=\"2023-04-07T10:42:03+00:00\" \/>\n<meta property=\"og:image\" content=\"https:\/\/everydaychemshop.com\/fr\/wp-content\/uploads\/sites\/5\/2022\/11\/Amnesia-haze.jpg\" \/>\n\t<meta property=\"og:image:width\" content=\"620\" \/>\n\t<meta property=\"og:image:height\" content=\"620\" \/>\n\t<meta property=\"og:image:type\" content=\"image\/jpeg\" \/>\n<meta name=\"twitter:card\" content=\"summary_large_image\" \/>\n<meta name=\"twitter:label1\" content=\"Est. reading time\" \/>\n\t<meta name=\"twitter:data1\" content=\"1 minute\" \/>\n<script type=\"application\/ld+json\" class=\"yoast-schema-graph\">{\"@context\":\"https:\\\/\\\/schema.org\",\"@graph\":[{\"@type\":\"WebPage\",\"@id\":\"https:\\\/\\\/everydaychemshop.com\\\/fr\\\/product\\\/amnesia-haze-marijuana\\\/\",\"url\":\"https:\\\/\\\/everydaychemshop.com\\\/fr\\\/product\\\/amnesia-haze-marijuana\\\/\",\"name\":\"Acheter la vari\u00e9t\u00e9 Amnesia Haze en ligne - Everyday Chem Shop\",\"isPartOf\":{\"@id\":\"https:\\\/\\\/everydaychemshop.com\\\/fr\\\/#website\"},\"primaryImageOfPage\":{\"@id\":\"https:\\\/\\\/everydaychemshop.com\\\/fr\\\/product\\\/amnesia-haze-marijuana\\\/#primaryimage\"},\"image\":{\"@id\":\"https:\\\/\\\/everydaychemshop.com\\\/fr\\\/product\\\/amnesia-haze-marijuana\\\/#primaryimage\"},\"thumbnailUrl\":\"https:\\\/\\\/everydaychemshop.com\\\/fr\\\/wp-content\\\/uploads\\\/sites\\\/5\\\/2022\\\/11\\\/Amnesia-haze.jpg\",\"datePublished\":\"2022-11-20T06:13:42+00:00\",\"dateModified\":\"2023-04-07T10:42:03+00:00\",\"description\":\"Acheter la vari\u00e9t\u00e9 Amnesia Haze en ligne. Nous vendons en ligne la meilleure qualit\u00e9 d'Amnesia\u00a0Haze. Veuillez nous contacter pour plus d'informations et les prix.\",\"breadcrumb\":{\"@id\":\"https:\\\/\\\/everydaychemshop.com\\\/fr\\\/product\\\/amnesia-haze-marijuana\\\/#breadcrumb\"},\"inLanguage\":\"en-US\",\"potentialAction\":[{\"@type\":\"ReadAction\",\"target\":[\"https:\\\/\\\/everydaychemshop.com\\\/fr\\\/product\\\/amnesia-haze-marijuana\\\/\"]}]},{\"@type\":\"ImageObject\",\"inLanguage\":\"en-US\",\"@id\":\"https:\\\/\\\/everydaychemshop.com\\\/fr\\\/product\\\/amnesia-haze-marijuana\\\/#primaryimage\",\"url\":\"https:\\\/\\\/everydaychemshop.com\\\/fr\\\/wp-content\\\/uploads\\\/sites\\\/5\\\/2022\\\/11\\\/Amnesia-haze.jpg\",\"contentUrl\":\"https:\\\/\\\/everydaychemshop.com\\\/fr\\\/wp-content\\\/uploads\\\/sites\\\/5\\\/2022\\\/11\\\/Amnesia-haze.jpg\",\"width\":620,\"height\":620,\"caption\":\"Acheter la vari\u00e9t\u00e9 Amnesia Haze en ligne\"},{\"@type\":\"BreadcrumbList\",\"@id\":\"https:\\\/\\\/everydaychemshop.com\\\/fr\\\/product\\\/amnesia-haze-marijuana\\\/#breadcrumb\",\"itemListElement\":[{\"@type\":\"ListItem\",\"position\":1,\"name\":\"Home\",\"item\":\"https:\\\/\\\/everydaychemshop.com\\\/fr\\\/\"},{\"@type\":\"ListItem\",\"position\":2,\"name\":\"Des produits\",\"item\":\"https:\\\/\\\/everydaychemshop.com\\\/fr\\\/des-produits\\\/\"},{\"@type\":\"ListItem\",\"position\":3,\"name\":\"Amnesia Haze Cannabis\"}]},{\"@type\":\"WebSite\",\"@id\":\"https:\\\/\\\/everydaychemshop.com\\\/fr\\\/#website\",\"url\":\"https:\\\/\\\/everydaychemshop.com\\\/fr\\\/\",\"name\":\"Everyday Chem Shop\",\"description\":\"\",\"potentialAction\":[{\"@type\":\"SearchAction\",\"target\":{\"@type\":\"EntryPoint\",\"urlTemplate\":\"https:\\\/\\\/everydaychemshop.com\\\/fr\\\/?s={search_term_string}\"},\"query-input\":{\"@type\":\"PropertyValueSpecification\",\"valueRequired\":true,\"valueName\":\"search_term_string\"}}],\"inLanguage\":\"en-US\"}]}<\/script>\n<!-- \/ Yoast SEO Premium plugin. -->","yoast_head_json":{"title":"Acheter la vari\u00e9t\u00e9 Amnesia Haze en ligne - Everyday Chem Shop","description":"Acheter la vari\u00e9t\u00e9 Amnesia Haze en ligne. Nous vendons en ligne la meilleure qualit\u00e9 d'Amnesia\u00a0Haze. Veuillez nous contacter pour plus d'informations et les prix.","robots":{"index":"index","follow":"follow","max-snippet":"max-snippet:-1","max-image-preview":"max-image-preview:large","max-video-preview":"max-video-preview:-1"},"canonical":"https:\/\/everydaychemshop.com\/fr\/product\/amnesia-haze-marijuana\/","og_locale":"en_US","og_type":"article","og_title":"Amnesia Haze Cannabis","og_description":"Acheter la vari\u00e9t\u00e9 Amnesia Haze en ligne. Nous vendons en ligne la meilleure qualit\u00e9 d'Amnesia\u00a0Haze. Veuillez nous contacter pour plus d'informations et les prix.","og_url":"https:\/\/everydaychemshop.com\/fr\/product\/amnesia-haze-marijuana\/","og_site_name":"Everyday Chem Shop","article_modified_time":"2023-04-07T10:42:03+00:00","og_image":[{"width":620,"height":620,"url":"https:\/\/everydaychemshop.com\/fr\/wp-content\/uploads\/sites\/5\/2022\/11\/Amnesia-haze.jpg","type":"image\/jpeg"}],"twitter_card":"summary_large_image","twitter_misc":{"Est. reading time":"1 minute"},"schema":{"@context":"https:\/\/schema.org","@graph":[{"@type":"WebPage","@id":"https:\/\/everydaychemshop.com\/fr\/product\/amnesia-haze-marijuana\/","url":"https:\/\/everydaychemshop.com\/fr\/product\/amnesia-haze-marijuana\/","name":"Acheter la vari\u00e9t\u00e9 Amnesia Haze en ligne - Everyday Chem Shop","isPartOf":{"@id":"https:\/\/everydaychemshop.com\/fr\/#website"},"primaryImageOfPage":{"@id":"https:\/\/everydaychemshop.com\/fr\/product\/amnesia-haze-marijuana\/#primaryimage"},"image":{"@id":"https:\/\/everydaychemshop.com\/fr\/product\/amnesia-haze-marijuana\/#primaryimage"},"thumbnailUrl":"https:\/\/everydaychemshop.com\/fr\/wp-content\/uploads\/sites\/5\/2022\/11\/Amnesia-haze.jpg","datePublished":"2022-11-20T06:13:42+00:00","dateModified":"2023-04-07T10:42:03+00:00","description":"Acheter la vari\u00e9t\u00e9 Amnesia Haze en ligne. Nous vendons en ligne la meilleure qualit\u00e9 d'Amnesia\u00a0Haze. Veuillez nous contacter pour plus d'informations et les prix.","breadcrumb":{"@id":"https:\/\/everydaychemshop.com\/fr\/product\/amnesia-haze-marijuana\/#breadcrumb"},"inLanguage":"en-US","potentialAction":[{"@type":"ReadAction","target":["https:\/\/everydaychemshop.com\/fr\/product\/amnesia-haze-marijuana\/"]}]},{"@type":"ImageObject","inLanguage":"en-US","@id":"https:\/\/everydaychemshop.com\/fr\/product\/amnesia-haze-marijuana\/#primaryimage","url":"https:\/\/everydaychemshop.com\/fr\/wp-content\/uploads\/sites\/5\/2022\/11\/Amnesia-haze.jpg","contentUrl":"https:\/\/everydaychemshop.com\/fr\/wp-content\/uploads\/sites\/5\/2022\/11\/Amnesia-haze.jpg","width":620,"height":620,"caption":"Acheter la vari\u00e9t\u00e9 Amnesia Haze en ligne"},{"@type":"BreadcrumbList","@id":"https:\/\/everydaychemshop.com\/fr\/product\/amnesia-haze-marijuana\/#breadcrumb","itemListElement":[{"@type":"ListItem","position":1,"name":"Home","item":"https:\/\/everydaychemshop.com\/fr\/"},{"@type":"ListItem","position":2,"name":"Des produits","item":"https:\/\/everydaychemshop.com\/fr\/des-produits\/"},{"@type":"ListItem","position":3,"name":"Amnesia Haze Cannabis"}]},{"@type":"WebSite","@id":"https:\/\/everydaychemshop.com\/fr\/#website","url":"https:\/\/everydaychemshop.com\/fr\/","name":"Everyday Chem Shop","description":"","potentialAction":[{"@type":"SearchAction","target":{"@type":"EntryPoint","urlTemplate":"https:\/\/everydaychemshop.com\/fr\/?s={search_term_string}"},"query-input":{"@type":"PropertyValueSpecification","valueRequired":true,"valueName":"search_term_string"}}],"inLanguage":"en-US"}]}},"_links":{"self":[{"href":"https:\/\/everydaychemshop.com\/fr\/wp-json\/wp\/v2\/product\/8258","targetHints":{"allow":["GET"]}}],"collection":[{"href":"https:\/\/everydaychemshop.com\/fr\/wp-json\/wp\/v2\/product"}],"about":[{"href":"https:\/\/everydaychemshop.com\/fr\/wp-json\/wp\/v2\/types\/product"}],"replies":[{"embeddable":true,"href":"https:\/\/everydaychemshop.com\/fr\/wp-json\/wp\/v2\/comments?post=8258"}],"wp:featuredmedia":[{"embeddable":true,"href":"https:\/\/everydaychemshop.com\/fr\/wp-json\/wp\/v2\/media\/8260"}],"wp:attachment":[{"href":"https:\/\/everydaychemshop.com\/fr\/wp-json\/wp\/v2\/media?parent=8258"}],"wp:term":[{"taxonomy":"product_brand","embeddable":true,"href":"https:\/\/everydaychemshop.com\/fr\/wp-json\/wp\/v2\/product_brand?post=8258"},{"taxonomy":"product_cat","embeddable":true,"href":"https:\/\/everydaychemshop.com\/fr\/wp-json\/wp\/v2\/product_cat?post=8258"},{"taxonomy":"product_tag","embeddable":true,"href":"https:\/\/everydaychemshop.com\/fr\/wp-json\/wp\/v2\/product_tag?post=8258"}],"curies":[{"name":"wp","href":"https:\/\/api.w.org\/{rel}","templated":true}]}}