{"id":8268,"date":"2022-11-20T06:26:14","date_gmt":"2022-11-20T06:26:14","guid":{"rendered":"https:\/\/everydaychemshop.com\/fr\/?post_type=product&#038;p=8268"},"modified":"2023-04-07T10:40:58","modified_gmt":"2023-04-07T10:40:58","slug":"apollo-11-marijuana","status":"publish","type":"product","link":"https:\/\/everydaychemshop.com\/fr\/product\/apollo-11-marijuana\/","title":{"rendered":"Apollo 11 Cannabis"},"content":{"rendered":"<h1 id=\"about\">Marijuana Apollo 11 de la meilleure qualit\u00e9<\/h1>\n<div class=\"Detail Body\">\n<p><a href=\"https:\/\/everydaychemshop.com\/fr\/product\/apollo-11-marijuana\/\">Marijuana Apollo 11 de la meilleure qualit\u00e9<\/a>. Apollo 11 est une vari\u00e9t\u00e9 de cannabis hybride \u00e0 dominance indica qui produit des bourgeons en forme de s\u00e9taires, \u00e9tant un vert sauge dans couleur et ayant de fines grappes de pistils ambr\u00e9s avec une couche sableuse de trichomes. Son parfum est piquant d&#8217;agrumes et sa saveur subtile de citron et de <a href=\"https:\/\/fr.wikipedia.org\/wiki\/CBD\">bois<\/a>.<\/p>\n<p>Les niveaux de THC se situent en moyenne entre 16 et 20\u00a0%. Son high est connu pour stimuler l&#8217;activit\u00e9 c\u00e9r\u00e9brale, dynamisant \u00e0 la fois le corps et l&#8217;esprit dans une transe am\u00e9liorant la pens\u00e9e. Il peut parfois laisser le consommateur dans l&#8217;espace, ce qui permet aux distractions de venir facilement. Le corps se d\u00e9tendra dans un canap\u00e9 au fur et \u00e0 mesure que l&#8217;effet grandit, provoquant des fringales &#8211; alors ayez des collations \u00e0 port\u00e9e de main. Le high d&#8217;Apollo 11 a souvent \u00e9t\u00e9 d\u00e9crit comme hors de ce monde\u00a0!<\/p>\n<p>Au-del\u00e0 de la s\u00e9cheresse des yeux et de la bouche, les effets secondaires n\u00e9gatifs incluent des \u00e9tourdissements, des maux de t\u00eate et de la parano\u00efa lorsque la consommation d\u00e9passe les niveaux de tol\u00e9rance.<\/p>\n<p>Il faut entre six et sept semaines pour qu&#8217;Apollo 11 fleurisse compl\u00e8tement pour la r\u00e9colte, ce qui en fait la vari\u00e9t\u00e9 parfaite pour le cultivateur impatient.<\/p>\n<\/div>\n<h2 id=\"labs\">Donn\u00e9es de laboratoire<\/h2>\n<table>\n<caption>Donn\u00e9es de laboratoire sur les cannabino\u00efdes<\/caption>\n<thead>\n<tr>\n<th>Cannabino\u00efde<\/th>\n<th>Quantit\u00e9<\/th>\n<\/tr>\n<\/thead>\n<tbody>\n<tr>\n<td>THC :<\/td>\n<td>16-20\u00a0%<\/td>\n<\/tr>\n<tr>\n<td>CBD\u00a0:<\/td>\n<td>&lt;1\u00a0%<\/td>\n<\/tr>\n<\/tbody>\n<\/table>\n<h2 id=\"history\">Histoire<\/h2>\n<div class=\"Detail Body\">\n<p>Apollo 11 est la souche fille du croisement de l&#8217;hybride Cinderella 99 et de la sativa Jack Herer. Il a d&#8217;abord fleuri sous la garde des fr\u00e8res Grimm.<\/p>\n<\/div>\n","protected":false},"excerpt":{"rendered":"<p>Apollo\u00a011 est une vari\u00e9t\u00e9 de cannabis hybride \u00e0 dominance indica qui produit des bourgeons en forme de s\u00e9taires, de couleur vert sauge et pr\u00e9sentant de fines grappes de pistils ambr\u00e9s ainsi qu&#8217;une couche sableuse de trichomes. Son\u00a0parfum est piquant d&#8217;agrumes et sa saveur est subtile de citrons et de bois.<\/p>\n","protected":false},"featured_media":8270,"comment_status":"open","ping_status":"closed","template":"","meta":{"inline_featured_image":false},"product_brand":[],"product_cat":[60],"product_tag":[],"class_list":{"0":"post-8268","1":"product","2":"type-product","3":"status-publish","4":"has-post-thumbnail","6":"product_cat-cbd-chanvre-fleur","8":"first","9":"instock","10":"shipping-taxable","11":"purchasable","12":"product-type-simple"},"yoast_head":"<!-- This site is optimized with the Yoast SEO Premium plugin v19.2 (Yoast SEO v27.3) - https:\/\/yoast.com\/product\/yoast-seo-premium-wordpress\/ -->\n<title>Marijuana Apollo 11 de la meilleure qualit\u00e9 - Everyday Chem Shop<\/title>\n<meta name=\"description\" content=\"Marijuana Apollo 11 de la meilleure qualit\u00e9. Nous vendons de la marijuana Apollo 11 de la meilleure qualit\u00e9, veuillez nous contacter pour plus d&#039;informations et les prix.\" \/>\n<meta name=\"robots\" content=\"index, follow, max-snippet:-1, max-image-preview:large, max-video-preview:-1\" \/>\n<link rel=\"canonical\" href=\"https:\/\/everydaychemshop.com\/fr\/product\/apollo-11-marijuana\/\" \/>\n<meta property=\"og:locale\" content=\"en_US\" \/>\n<meta property=\"og:type\" content=\"article\" \/>\n<meta property=\"og:title\" content=\"Apollo 11 Cannabis\" \/>\n<meta property=\"og:description\" content=\"Marijuana Apollo 11 de la meilleure qualit\u00e9. Nous vendons de la marijuana Apollo 11 de la meilleure qualit\u00e9, veuillez nous contacter pour plus d&#039;informations et les prix.\" \/>\n<meta property=\"og:url\" content=\"https:\/\/everydaychemshop.com\/fr\/product\/apollo-11-marijuana\/\" \/>\n<meta property=\"og:site_name\" content=\"Everyday Chem Shop\" \/>\n<meta property=\"article:modified_time\" content=\"2023-04-07T10:40:58+00:00\" \/>\n<meta property=\"og:image\" content=\"https:\/\/everydaychemshop.com\/fr\/wp-content\/uploads\/sites\/5\/2022\/11\/Apollo-11.webp\" \/>\n\t<meta property=\"og:image:width\" content=\"800\" \/>\n\t<meta property=\"og:image:height\" content=\"1200\" \/>\n\t<meta property=\"og:image:type\" content=\"image\/webp\" \/>\n<meta name=\"twitter:card\" content=\"summary_large_image\" \/>\n<meta name=\"twitter:label1\" content=\"Est. reading time\" \/>\n\t<meta name=\"twitter:data1\" content=\"2 minutes\" \/>\n<script type=\"application\/ld+json\" class=\"yoast-schema-graph\">{\"@context\":\"https:\\\/\\\/schema.org\",\"@graph\":[{\"@type\":\"WebPage\",\"@id\":\"https:\\\/\\\/everydaychemshop.com\\\/fr\\\/product\\\/apollo-11-marijuana\\\/\",\"url\":\"https:\\\/\\\/everydaychemshop.com\\\/fr\\\/product\\\/apollo-11-marijuana\\\/\",\"name\":\"Marijuana Apollo 11 de la meilleure qualit\u00e9 - Everyday Chem Shop\",\"isPartOf\":{\"@id\":\"https:\\\/\\\/everydaychemshop.com\\\/fr\\\/#website\"},\"primaryImageOfPage\":{\"@id\":\"https:\\\/\\\/everydaychemshop.com\\\/fr\\\/product\\\/apollo-11-marijuana\\\/#primaryimage\"},\"image\":{\"@id\":\"https:\\\/\\\/everydaychemshop.com\\\/fr\\\/product\\\/apollo-11-marijuana\\\/#primaryimage\"},\"thumbnailUrl\":\"https:\\\/\\\/everydaychemshop.com\\\/fr\\\/wp-content\\\/uploads\\\/sites\\\/5\\\/2022\\\/11\\\/Apollo-11.webp\",\"datePublished\":\"2022-11-20T06:26:14+00:00\",\"dateModified\":\"2023-04-07T10:40:58+00:00\",\"description\":\"Marijuana Apollo 11 de la meilleure qualit\u00e9. Nous vendons de la marijuana Apollo 11 de la meilleure qualit\u00e9, veuillez nous contacter pour plus d'informations et les prix.\",\"breadcrumb\":{\"@id\":\"https:\\\/\\\/everydaychemshop.com\\\/fr\\\/product\\\/apollo-11-marijuana\\\/#breadcrumb\"},\"inLanguage\":\"en-US\",\"potentialAction\":[{\"@type\":\"ReadAction\",\"target\":[\"https:\\\/\\\/everydaychemshop.com\\\/fr\\\/product\\\/apollo-11-marijuana\\\/\"]}]},{\"@type\":\"ImageObject\",\"inLanguage\":\"en-US\",\"@id\":\"https:\\\/\\\/everydaychemshop.com\\\/fr\\\/product\\\/apollo-11-marijuana\\\/#primaryimage\",\"url\":\"https:\\\/\\\/everydaychemshop.com\\\/fr\\\/wp-content\\\/uploads\\\/sites\\\/5\\\/2022\\\/11\\\/Apollo-11.webp\",\"contentUrl\":\"https:\\\/\\\/everydaychemshop.com\\\/fr\\\/wp-content\\\/uploads\\\/sites\\\/5\\\/2022\\\/11\\\/Apollo-11.webp\",\"width\":800,\"height\":1200,\"caption\":\"Marijuana Apollo 11 de la meilleure qualit\u00e9\"},{\"@type\":\"BreadcrumbList\",\"@id\":\"https:\\\/\\\/everydaychemshop.com\\\/fr\\\/product\\\/apollo-11-marijuana\\\/#breadcrumb\",\"itemListElement\":[{\"@type\":\"ListItem\",\"position\":1,\"name\":\"Home\",\"item\":\"https:\\\/\\\/everydaychemshop.com\\\/fr\\\/\"},{\"@type\":\"ListItem\",\"position\":2,\"name\":\"Des produits\",\"item\":\"https:\\\/\\\/everydaychemshop.com\\\/fr\\\/des-produits\\\/\"},{\"@type\":\"ListItem\",\"position\":3,\"name\":\"Apollo 11 Cannabis\"}]},{\"@type\":\"WebSite\",\"@id\":\"https:\\\/\\\/everydaychemshop.com\\\/fr\\\/#website\",\"url\":\"https:\\\/\\\/everydaychemshop.com\\\/fr\\\/\",\"name\":\"Everyday Chem Shop\",\"description\":\"\",\"potentialAction\":[{\"@type\":\"SearchAction\",\"target\":{\"@type\":\"EntryPoint\",\"urlTemplate\":\"https:\\\/\\\/everydaychemshop.com\\\/fr\\\/?s={search_term_string}\"},\"query-input\":{\"@type\":\"PropertyValueSpecification\",\"valueRequired\":true,\"valueName\":\"search_term_string\"}}],\"inLanguage\":\"en-US\"}]}<\/script>\n<!-- \/ Yoast SEO Premium plugin. -->","yoast_head_json":{"title":"Marijuana Apollo 11 de la meilleure qualit\u00e9 - Everyday Chem Shop","description":"Marijuana Apollo 11 de la meilleure qualit\u00e9. Nous vendons de la marijuana Apollo 11 de la meilleure qualit\u00e9, veuillez nous contacter pour plus d'informations et les prix.","robots":{"index":"index","follow":"follow","max-snippet":"max-snippet:-1","max-image-preview":"max-image-preview:large","max-video-preview":"max-video-preview:-1"},"canonical":"https:\/\/everydaychemshop.com\/fr\/product\/apollo-11-marijuana\/","og_locale":"en_US","og_type":"article","og_title":"Apollo 11 Cannabis","og_description":"Marijuana Apollo 11 de la meilleure qualit\u00e9. Nous vendons de la marijuana Apollo 11 de la meilleure qualit\u00e9, veuillez nous contacter pour plus d'informations et les prix.","og_url":"https:\/\/everydaychemshop.com\/fr\/product\/apollo-11-marijuana\/","og_site_name":"Everyday Chem Shop","article_modified_time":"2023-04-07T10:40:58+00:00","og_image":[{"width":800,"height":1200,"url":"https:\/\/everydaychemshop.com\/fr\/wp-content\/uploads\/sites\/5\/2022\/11\/Apollo-11.webp","type":"image\/webp"}],"twitter_card":"summary_large_image","twitter_misc":{"Est. reading time":"2 minutes"},"schema":{"@context":"https:\/\/schema.org","@graph":[{"@type":"WebPage","@id":"https:\/\/everydaychemshop.com\/fr\/product\/apollo-11-marijuana\/","url":"https:\/\/everydaychemshop.com\/fr\/product\/apollo-11-marijuana\/","name":"Marijuana Apollo 11 de la meilleure qualit\u00e9 - Everyday Chem Shop","isPartOf":{"@id":"https:\/\/everydaychemshop.com\/fr\/#website"},"primaryImageOfPage":{"@id":"https:\/\/everydaychemshop.com\/fr\/product\/apollo-11-marijuana\/#primaryimage"},"image":{"@id":"https:\/\/everydaychemshop.com\/fr\/product\/apollo-11-marijuana\/#primaryimage"},"thumbnailUrl":"https:\/\/everydaychemshop.com\/fr\/wp-content\/uploads\/sites\/5\/2022\/11\/Apollo-11.webp","datePublished":"2022-11-20T06:26:14+00:00","dateModified":"2023-04-07T10:40:58+00:00","description":"Marijuana Apollo 11 de la meilleure qualit\u00e9. Nous vendons de la marijuana Apollo 11 de la meilleure qualit\u00e9, veuillez nous contacter pour plus d'informations et les prix.","breadcrumb":{"@id":"https:\/\/everydaychemshop.com\/fr\/product\/apollo-11-marijuana\/#breadcrumb"},"inLanguage":"en-US","potentialAction":[{"@type":"ReadAction","target":["https:\/\/everydaychemshop.com\/fr\/product\/apollo-11-marijuana\/"]}]},{"@type":"ImageObject","inLanguage":"en-US","@id":"https:\/\/everydaychemshop.com\/fr\/product\/apollo-11-marijuana\/#primaryimage","url":"https:\/\/everydaychemshop.com\/fr\/wp-content\/uploads\/sites\/5\/2022\/11\/Apollo-11.webp","contentUrl":"https:\/\/everydaychemshop.com\/fr\/wp-content\/uploads\/sites\/5\/2022\/11\/Apollo-11.webp","width":800,"height":1200,"caption":"Marijuana Apollo 11 de la meilleure qualit\u00e9"},{"@type":"BreadcrumbList","@id":"https:\/\/everydaychemshop.com\/fr\/product\/apollo-11-marijuana\/#breadcrumb","itemListElement":[{"@type":"ListItem","position":1,"name":"Home","item":"https:\/\/everydaychemshop.com\/fr\/"},{"@type":"ListItem","position":2,"name":"Des produits","item":"https:\/\/everydaychemshop.com\/fr\/des-produits\/"},{"@type":"ListItem","position":3,"name":"Apollo 11 Cannabis"}]},{"@type":"WebSite","@id":"https:\/\/everydaychemshop.com\/fr\/#website","url":"https:\/\/everydaychemshop.com\/fr\/","name":"Everyday Chem Shop","description":"","potentialAction":[{"@type":"SearchAction","target":{"@type":"EntryPoint","urlTemplate":"https:\/\/everydaychemshop.com\/fr\/?s={search_term_string}"},"query-input":{"@type":"PropertyValueSpecification","valueRequired":true,"valueName":"search_term_string"}}],"inLanguage":"en-US"}]}},"_links":{"self":[{"href":"https:\/\/everydaychemshop.com\/fr\/wp-json\/wp\/v2\/product\/8268","targetHints":{"allow":["GET"]}}],"collection":[{"href":"https:\/\/everydaychemshop.com\/fr\/wp-json\/wp\/v2\/product"}],"about":[{"href":"https:\/\/everydaychemshop.com\/fr\/wp-json\/wp\/v2\/types\/product"}],"replies":[{"embeddable":true,"href":"https:\/\/everydaychemshop.com\/fr\/wp-json\/wp\/v2\/comments?post=8268"}],"wp:featuredmedia":[{"embeddable":true,"href":"https:\/\/everydaychemshop.com\/fr\/wp-json\/wp\/v2\/media\/8270"}],"wp:attachment":[{"href":"https:\/\/everydaychemshop.com\/fr\/wp-json\/wp\/v2\/media?parent=8268"}],"wp:term":[{"taxonomy":"product_brand","embeddable":true,"href":"https:\/\/everydaychemshop.com\/fr\/wp-json\/wp\/v2\/product_brand?post=8268"},{"taxonomy":"product_cat","embeddable":true,"href":"https:\/\/everydaychemshop.com\/fr\/wp-json\/wp\/v2\/product_cat?post=8268"},{"taxonomy":"product_tag","embeddable":true,"href":"https:\/\/everydaychemshop.com\/fr\/wp-json\/wp\/v2\/product_tag?post=8268"}],"curies":[{"name":"wp","href":"https:\/\/api.w.org\/{rel}","templated":true}]}}