{"id":8271,"date":"2022-11-20T06:36:40","date_gmt":"2022-11-20T06:36:40","guid":{"rendered":"https:\/\/everydaychemshop.com\/fr\/?post_type=product&#038;p=8271"},"modified":"2023-04-07T10:39:38","modified_gmt":"2023-04-07T10:39:38","slug":"mure-kush","status":"publish","type":"product","link":"https:\/\/everydaychemshop.com\/fr\/product\/mure-kush\/","title":{"rendered":"Blackberry Kush"},"content":{"rendered":"<h1 class=\"fusion-woocommerce-tab-title fusion-responsive-typography-calculated\" data-fontsize=\"29\" data-lineheight=\"33.06px\">Blackberry Kush de qualit\u00e9 sup\u00e9rieure<\/h1>\n<p><a href=\"https:\/\/everydaychemshop.com\/fr\/product\/mure-kush\/\">Blackberry Kush de qualit\u00e9 sup\u00e9rieure<\/a>. Les plus connues pour son ar\u00f4me distinctif de skunk mais fruit\u00e9, la marijuana Blackberry Kush est l&#8217;une de ces vari\u00e9t\u00e9s principalement indica qui est puissamment calmante et excellente pour g\u00e9rer la douleur chronique.<\/p>\n<p>Se situant entre 16\u00a0% et 20\u00a0% de THC, Blackberry La marijuana Kush est plut\u00f4t puissante, mais <a href=\"https:\/\/fr.wikipedia.org\/wiki\/CBD\">ce<\/a> gros frappeur est excellent pour inverser une humeur aigre et fournir une dose de douce relaxation qui \u00e9limine le stress et l&#8217;anxi\u00e9t\u00e9. Coupl\u00e9 \u00e0 son profil attrayant, Blackberry Kush est devenu populaire dans la communaut\u00e9 m\u00e9dicale pour sa capacit\u00e9 \u00e0 inverser habilement les d\u00e9tresses mentales, l&#8217;insomnie et les effets secondaires li\u00e9s au cancer.<\/p>\n<p>Les graines de marijuana Blackberry Kush sont consid\u00e9r\u00e9es comme faciles \u00e0 cultiver et produire des plantes r\u00e9sistantes \u00e0 la moisissure et \u00e0 d&#8217;autres ravageurs courants, mais il est pr\u00e9f\u00e9rable de la cultiver \u00e0 l&#8217;int\u00e9rieur, o\u00f9 l&#8217;on peut prendre soin de maintenir sa hauteur et sa forme. Blackberry Kush passera entre 7 et 9 semaines de floraison et sera pr\u00eate avec un rendement impressionnant &#8211; entre 14 et 42 onces, selon l&#8217;environnement choisi.<\/p>\n","protected":false},"excerpt":{"rendered":"<p>La marijuana Blackberry Kush est bien connue pour son parfum doux et son profil polyvalent. Facile pour les d\u00e9butants, il fleurit rapidement et offre un rendement impressionnant.<\/p>\n","protected":false},"featured_media":8273,"comment_status":"open","ping_status":"closed","template":"","meta":{"inline_featured_image":false},"product_brand":[],"product_cat":[60],"product_tag":[],"class_list":{"0":"post-8271","1":"product","2":"type-product","3":"status-publish","4":"has-post-thumbnail","6":"product_cat-cbd-chanvre-fleur","8":"first","9":"instock","10":"shipping-taxable","11":"purchasable","12":"product-type-variable","13":"has-default-attributes"},"yoast_head":"<!-- This site is optimized with the Yoast SEO Premium plugin v19.2 (Yoast SEO v27.3) - https:\/\/yoast.com\/product\/yoast-seo-premium-wordpress\/ -->\n<title>Blackberry Kush de qualit\u00e9 sup\u00e9rieure - Everyday Chem Shop<\/title>\n<meta name=\"description\" content=\"Blackberry Kush de qualit\u00e9 sup\u00e9rieure. Nous vendons en ligne la meilleure qualit\u00e9 de Blackberry Kush. Veuillez contacter pour plus d&#039;informations et les prix.\" \/>\n<meta name=\"robots\" content=\"index, follow, max-snippet:-1, max-image-preview:large, max-video-preview:-1\" \/>\n<link rel=\"canonical\" href=\"https:\/\/everydaychemshop.com\/fr\/product\/mure-kush\/\" \/>\n<meta property=\"og:locale\" content=\"en_US\" \/>\n<meta property=\"og:type\" content=\"article\" \/>\n<meta property=\"og:title\" content=\"Blackberry Kush\" \/>\n<meta property=\"og:description\" content=\"Blackberry Kush de qualit\u00e9 sup\u00e9rieure. Nous vendons en ligne la meilleure qualit\u00e9 de Blackberry Kush. Veuillez contacter pour plus d&#039;informations et les prix.\" \/>\n<meta property=\"og:url\" content=\"https:\/\/everydaychemshop.com\/fr\/product\/mure-kush\/\" \/>\n<meta property=\"og:site_name\" content=\"Everyday Chem Shop\" \/>\n<meta property=\"article:modified_time\" content=\"2023-04-07T10:39:38+00:00\" \/>\n<meta property=\"og:image\" content=\"https:\/\/everydaychemshop.com\/fr\/wp-content\/uploads\/sites\/5\/2022\/11\/buy-best-marijuana-seeds-backberry-kush.jpg\" \/>\n\t<meta property=\"og:image:width\" content=\"360\" \/>\n\t<meta property=\"og:image:height\" content=\"450\" \/>\n\t<meta property=\"og:image:type\" content=\"image\/jpeg\" \/>\n<meta name=\"twitter:card\" content=\"summary_large_image\" \/>\n<meta name=\"twitter:label1\" content=\"Est. reading time\" \/>\n\t<meta name=\"twitter:data1\" content=\"1 minute\" \/>\n<script type=\"application\/ld+json\" class=\"yoast-schema-graph\">{\"@context\":\"https:\\\/\\\/schema.org\",\"@graph\":[{\"@type\":\"WebPage\",\"@id\":\"https:\\\/\\\/everydaychemshop.com\\\/fr\\\/product\\\/mure-kush\\\/\",\"url\":\"https:\\\/\\\/everydaychemshop.com\\\/fr\\\/product\\\/mure-kush\\\/\",\"name\":\"Blackberry Kush de qualit\u00e9 sup\u00e9rieure - Everyday Chem Shop\",\"isPartOf\":{\"@id\":\"https:\\\/\\\/everydaychemshop.com\\\/fr\\\/#website\"},\"primaryImageOfPage\":{\"@id\":\"https:\\\/\\\/everydaychemshop.com\\\/fr\\\/product\\\/mure-kush\\\/#primaryimage\"},\"image\":{\"@id\":\"https:\\\/\\\/everydaychemshop.com\\\/fr\\\/product\\\/mure-kush\\\/#primaryimage\"},\"thumbnailUrl\":\"https:\\\/\\\/everydaychemshop.com\\\/fr\\\/wp-content\\\/uploads\\\/sites\\\/5\\\/2022\\\/11\\\/buy-best-marijuana-seeds-backberry-kush.jpg\",\"datePublished\":\"2022-11-20T06:36:40+00:00\",\"dateModified\":\"2023-04-07T10:39:38+00:00\",\"description\":\"Blackberry Kush de qualit\u00e9 sup\u00e9rieure. Nous vendons en ligne la meilleure qualit\u00e9 de Blackberry Kush. Veuillez contacter pour plus d'informations et les prix.\",\"breadcrumb\":{\"@id\":\"https:\\\/\\\/everydaychemshop.com\\\/fr\\\/product\\\/mure-kush\\\/#breadcrumb\"},\"inLanguage\":\"en-US\",\"potentialAction\":[{\"@type\":\"ReadAction\",\"target\":[\"https:\\\/\\\/everydaychemshop.com\\\/fr\\\/product\\\/mure-kush\\\/\"]}]},{\"@type\":\"ImageObject\",\"inLanguage\":\"en-US\",\"@id\":\"https:\\\/\\\/everydaychemshop.com\\\/fr\\\/product\\\/mure-kush\\\/#primaryimage\",\"url\":\"https:\\\/\\\/everydaychemshop.com\\\/fr\\\/wp-content\\\/uploads\\\/sites\\\/5\\\/2022\\\/11\\\/buy-best-marijuana-seeds-backberry-kush.jpg\",\"contentUrl\":\"https:\\\/\\\/everydaychemshop.com\\\/fr\\\/wp-content\\\/uploads\\\/sites\\\/5\\\/2022\\\/11\\\/buy-best-marijuana-seeds-backberry-kush.jpg\",\"width\":360,\"height\":450,\"caption\":\"Blackberry Kush de qualit\u00e9 sup\u00e9rieure\"},{\"@type\":\"BreadcrumbList\",\"@id\":\"https:\\\/\\\/everydaychemshop.com\\\/fr\\\/product\\\/mure-kush\\\/#breadcrumb\",\"itemListElement\":[{\"@type\":\"ListItem\",\"position\":1,\"name\":\"Home\",\"item\":\"https:\\\/\\\/everydaychemshop.com\\\/fr\\\/\"},{\"@type\":\"ListItem\",\"position\":2,\"name\":\"Des produits\",\"item\":\"https:\\\/\\\/everydaychemshop.com\\\/fr\\\/des-produits\\\/\"},{\"@type\":\"ListItem\",\"position\":3,\"name\":\"Blackberry Kush\"}]},{\"@type\":\"WebSite\",\"@id\":\"https:\\\/\\\/everydaychemshop.com\\\/fr\\\/#website\",\"url\":\"https:\\\/\\\/everydaychemshop.com\\\/fr\\\/\",\"name\":\"Everyday Chem Shop\",\"description\":\"\",\"potentialAction\":[{\"@type\":\"SearchAction\",\"target\":{\"@type\":\"EntryPoint\",\"urlTemplate\":\"https:\\\/\\\/everydaychemshop.com\\\/fr\\\/?s={search_term_string}\"},\"query-input\":{\"@type\":\"PropertyValueSpecification\",\"valueRequired\":true,\"valueName\":\"search_term_string\"}}],\"inLanguage\":\"en-US\"}]}<\/script>\n<!-- \/ Yoast SEO Premium plugin. -->","yoast_head_json":{"title":"Blackberry Kush de qualit\u00e9 sup\u00e9rieure - Everyday Chem Shop","description":"Blackberry Kush de qualit\u00e9 sup\u00e9rieure. Nous vendons en ligne la meilleure qualit\u00e9 de Blackberry Kush. Veuillez contacter pour plus d'informations et les prix.","robots":{"index":"index","follow":"follow","max-snippet":"max-snippet:-1","max-image-preview":"max-image-preview:large","max-video-preview":"max-video-preview:-1"},"canonical":"https:\/\/everydaychemshop.com\/fr\/product\/mure-kush\/","og_locale":"en_US","og_type":"article","og_title":"Blackberry Kush","og_description":"Blackberry Kush de qualit\u00e9 sup\u00e9rieure. Nous vendons en ligne la meilleure qualit\u00e9 de Blackberry Kush. Veuillez contacter pour plus d'informations et les prix.","og_url":"https:\/\/everydaychemshop.com\/fr\/product\/mure-kush\/","og_site_name":"Everyday Chem Shop","article_modified_time":"2023-04-07T10:39:38+00:00","og_image":[{"width":360,"height":450,"url":"https:\/\/everydaychemshop.com\/fr\/wp-content\/uploads\/sites\/5\/2022\/11\/buy-best-marijuana-seeds-backberry-kush.jpg","type":"image\/jpeg"}],"twitter_card":"summary_large_image","twitter_misc":{"Est. reading time":"1 minute"},"schema":{"@context":"https:\/\/schema.org","@graph":[{"@type":"WebPage","@id":"https:\/\/everydaychemshop.com\/fr\/product\/mure-kush\/","url":"https:\/\/everydaychemshop.com\/fr\/product\/mure-kush\/","name":"Blackberry Kush de qualit\u00e9 sup\u00e9rieure - Everyday Chem Shop","isPartOf":{"@id":"https:\/\/everydaychemshop.com\/fr\/#website"},"primaryImageOfPage":{"@id":"https:\/\/everydaychemshop.com\/fr\/product\/mure-kush\/#primaryimage"},"image":{"@id":"https:\/\/everydaychemshop.com\/fr\/product\/mure-kush\/#primaryimage"},"thumbnailUrl":"https:\/\/everydaychemshop.com\/fr\/wp-content\/uploads\/sites\/5\/2022\/11\/buy-best-marijuana-seeds-backberry-kush.jpg","datePublished":"2022-11-20T06:36:40+00:00","dateModified":"2023-04-07T10:39:38+00:00","description":"Blackberry Kush de qualit\u00e9 sup\u00e9rieure. Nous vendons en ligne la meilleure qualit\u00e9 de Blackberry Kush. Veuillez contacter pour plus d'informations et les prix.","breadcrumb":{"@id":"https:\/\/everydaychemshop.com\/fr\/product\/mure-kush\/#breadcrumb"},"inLanguage":"en-US","potentialAction":[{"@type":"ReadAction","target":["https:\/\/everydaychemshop.com\/fr\/product\/mure-kush\/"]}]},{"@type":"ImageObject","inLanguage":"en-US","@id":"https:\/\/everydaychemshop.com\/fr\/product\/mure-kush\/#primaryimage","url":"https:\/\/everydaychemshop.com\/fr\/wp-content\/uploads\/sites\/5\/2022\/11\/buy-best-marijuana-seeds-backberry-kush.jpg","contentUrl":"https:\/\/everydaychemshop.com\/fr\/wp-content\/uploads\/sites\/5\/2022\/11\/buy-best-marijuana-seeds-backberry-kush.jpg","width":360,"height":450,"caption":"Blackberry Kush de qualit\u00e9 sup\u00e9rieure"},{"@type":"BreadcrumbList","@id":"https:\/\/everydaychemshop.com\/fr\/product\/mure-kush\/#breadcrumb","itemListElement":[{"@type":"ListItem","position":1,"name":"Home","item":"https:\/\/everydaychemshop.com\/fr\/"},{"@type":"ListItem","position":2,"name":"Des produits","item":"https:\/\/everydaychemshop.com\/fr\/des-produits\/"},{"@type":"ListItem","position":3,"name":"Blackberry Kush"}]},{"@type":"WebSite","@id":"https:\/\/everydaychemshop.com\/fr\/#website","url":"https:\/\/everydaychemshop.com\/fr\/","name":"Everyday Chem Shop","description":"","potentialAction":[{"@type":"SearchAction","target":{"@type":"EntryPoint","urlTemplate":"https:\/\/everydaychemshop.com\/fr\/?s={search_term_string}"},"query-input":{"@type":"PropertyValueSpecification","valueRequired":true,"valueName":"search_term_string"}}],"inLanguage":"en-US"}]}},"_links":{"self":[{"href":"https:\/\/everydaychemshop.com\/fr\/wp-json\/wp\/v2\/product\/8271","targetHints":{"allow":["GET"]}}],"collection":[{"href":"https:\/\/everydaychemshop.com\/fr\/wp-json\/wp\/v2\/product"}],"about":[{"href":"https:\/\/everydaychemshop.com\/fr\/wp-json\/wp\/v2\/types\/product"}],"replies":[{"embeddable":true,"href":"https:\/\/everydaychemshop.com\/fr\/wp-json\/wp\/v2\/comments?post=8271"}],"wp:featuredmedia":[{"embeddable":true,"href":"https:\/\/everydaychemshop.com\/fr\/wp-json\/wp\/v2\/media\/8273"}],"wp:attachment":[{"href":"https:\/\/everydaychemshop.com\/fr\/wp-json\/wp\/v2\/media?parent=8271"}],"wp:term":[{"taxonomy":"product_brand","embeddable":true,"href":"https:\/\/everydaychemshop.com\/fr\/wp-json\/wp\/v2\/product_brand?post=8271"},{"taxonomy":"product_cat","embeddable":true,"href":"https:\/\/everydaychemshop.com\/fr\/wp-json\/wp\/v2\/product_cat?post=8271"},{"taxonomy":"product_tag","embeddable":true,"href":"https:\/\/everydaychemshop.com\/fr\/wp-json\/wp\/v2\/product_tag?post=8271"}],"curies":[{"name":"wp","href":"https:\/\/api.w.org\/{rel}","templated":true}]}}