{"id":8278,"date":"2022-11-20T06:44:49","date_gmt":"2022-11-20T06:44:49","guid":{"rendered":"https:\/\/everydaychemshop.com\/fr\/?post_type=product&#038;p=8278"},"modified":"2023-04-07T10:38:19","modified_gmt":"2023-04-07T10:38:19","slug":"blue-dream-souche","status":"publish","type":"product","link":"https:\/\/everydaychemshop.com\/fr\/product\/blue-dream-souche\/","title":{"rendered":"Souche Blue Dream"},"content":{"rendered":"<h1>Blue Dream Graines F\u00e9minis\u00e9es<\/h1>\n<p><a href=\"https:\/\/everydaychemshop.com\/fr\/product\/blue-dream-souche\/\">Blue Dream Graines F\u00e9minis\u00e9es<\/a>. Sans aucun doute, les graines de Blue Dream sont l&#8217;une des vari\u00e9t\u00e9s de marijuana les plus populaires aux \u00c9tats-Unis. Blue Dream donne cet effet &#8220;Cool West Coast Vibe&#8221; les hybrides \u00e0 dominance sativa\u00a0sont connus. C&#8217;est votre d\u00e9but id\u00e9al pour une journ\u00e9e relaxante et revigorante qui vous plongera plus <a href=\"https:\/\/fr.wikipedia.org\/wiki\/CBD\">tard<\/a> dans une euphorie facile. Si vous \u00eates \u00e0 la recherche d&#8217;un bon high pendant la journ\u00e9e, ne cherchez pas plus loin.<\/p>\n<p>Blue Dream propose un taux \u00e9lev\u00e9 de THC\u00a0de 21\u00a0%, le doux parfum des baies lorsqu&#8217;il est fum\u00e9 et un effet s\u00e9datif qui soulage divers sympt\u00f4mes. Si vous cherchez de l&#8217;aide pour les naus\u00e9es, la d\u00e9pression ou la douleur, vous allez adorer l&#8217;exp\u00e9rience riche en THC qu&#8217;apporte Blue Dream\u00a0!<\/p>\n<table>\n<tbody>\n<tr>\n<td>Type de plante<\/td>\n<td>20\u00a0%\u00a0indica\u00a080\u00a0%\u00a0sativa<\/td>\n<\/tr>\n<tr>\n<td>THC<\/td>\n<td>Jusqu&#8217;\u00e0 21\u00a0%<\/td>\n<\/tr>\n<tr>\n<td>CBD<\/td>\n<td>Jusqu&#8217;\u00e0 2\u00a0%<\/td>\n<\/tr>\n<tr>\n<td>Difficult\u00e9<\/td>\n<td>Mod\u00e9r\u00e9<\/td>\n<\/tr>\n<tr>\n<td>Climat<\/td>\n<td>\u00c0 l&#8217;int\u00e9rieur\u00a0| Temp\u00e9r\u00e9\u00a0| M\u00e9diterran\u00e9e<\/td>\n<\/tr>\n<tr>\n<td>Taille de la plante<\/td>\n<td>Grande<\/td>\n<\/tr>\n<tr>\n<td>Stade v\u00e9g\u00e9tatif<\/td>\n<td>4 \u00e0 8 semaines<\/td>\n<\/tr>\n<tr>\n<td>\u00c9poque de floraison<\/td>\n<td>9 \u00e0 12 semaines<\/td>\n<\/tr>\n<tr>\n<td>Rendements<\/td>\n<td>21 oz par plante<\/td>\n<\/tr>\n<tr>\n<td>Go\u00fbt et odeur<\/td>\n<td>Baie | Terreux | \u00c0 base de plantes | Doux | Vanilla<\/td>\n<\/tr>\n<\/tbody>\n<\/table>\n<h3>Origine de la vari\u00e9t\u00e9 Blue Dream<\/h3>\n<p>Cette vari\u00e9t\u00e9 est originaire de la sc\u00e8ne californienne de la marijuana m\u00e9dicale. Il est devenu connu pour offrir cette ambiance californienne synonyme de hauts sommets pendant la journ\u00e9e. La vari\u00e9t\u00e9 est l&#8217;une des plus demand\u00e9es sur le march\u00e9 en raison de son excellent m\u00e9lange entre\u00a0Blueberry indica\u00a0et\u00a0Super Silver Haze.<\/p>\n<p>Blue Dream est le cannabis haut de gamme. Il a une excellente r\u00e9putation pour ses effets faciles \u00e0 vivre toute la journ\u00e9e, ce qui en fait le choix incontournable pour les fumeurs de jour. Si vous voulez un bon high qui peut vous porter toute la journ\u00e9e sans vous \u00e9craser sur le canap\u00e9, c&#8217;est pour vous.<\/p>\n<p>Parents de Blue Dream<\/p>\n<ul>\n<li>Blueberry indica<\/li>\n<li>Haze sativa<\/li>\n<\/ul>\n","protected":false},"excerpt":{"rendered":"<p>Hybride 20\u00a0% indica 80\u00a0% sativa<br \/>\ncheckmarkNiveaux \u00e9lev\u00e9s de THC jusqu&#8217;\u00e0 21\u00a0%<br \/>\ncheckmarkRendements \u00e9lev\u00e9s et constants<br \/>\ncheckmarkEffet facile pour un usage quotidien<br \/>\ncheckmarkGraines f\u00e9minis\u00e9es pour des bourgeons garantis<\/p>\n","protected":false},"featured_media":8280,"comment_status":"open","ping_status":"closed","template":"","meta":{"inline_featured_image":false},"product_brand":[],"product_cat":[60],"product_tag":[],"class_list":{"0":"post-8278","1":"product","2":"type-product","3":"status-publish","4":"has-post-thumbnail","6":"product_cat-cbd-chanvre-fleur","8":"first","9":"instock","10":"shipping-taxable","11":"purchasable","12":"product-type-variable","13":"has-default-attributes"},"yoast_head":"<!-- This site is optimized with the Yoast SEO Premium plugin v19.2 (Yoast SEO v27.3) - https:\/\/yoast.com\/product\/yoast-seo-premium-wordpress\/ -->\n<title>Blue Dream Graines F\u00e9minis\u00e9es - Everyday Chem Shop<\/title>\n<meta name=\"description\" content=\"Blue Dream Graines F\u00e9minis\u00e9es. Sans aucun doute, les graines de Blue Dream sont l&#039;une des vari\u00e9t\u00e9s de marijuana les plus populaires aux \u00c9tats-Unis.\" \/>\n<meta name=\"robots\" content=\"index, follow, max-snippet:-1, max-image-preview:large, max-video-preview:-1\" \/>\n<link rel=\"canonical\" href=\"https:\/\/everydaychemshop.com\/fr\/product\/blue-dream-souche\/\" \/>\n<meta property=\"og:locale\" content=\"en_US\" \/>\n<meta property=\"og:type\" content=\"article\" \/>\n<meta property=\"og:title\" content=\"Souche Blue Dream\" \/>\n<meta property=\"og:description\" content=\"Blue Dream Graines F\u00e9minis\u00e9es. Sans aucun doute, les graines de Blue Dream sont l&#039;une des vari\u00e9t\u00e9s de marijuana les plus populaires aux \u00c9tats-Unis.\" \/>\n<meta property=\"og:url\" content=\"https:\/\/everydaychemshop.com\/fr\/product\/blue-dream-souche\/\" \/>\n<meta property=\"og:site_name\" content=\"Everyday Chem Shop\" \/>\n<meta property=\"article:modified_time\" content=\"2023-04-07T10:38:19+00:00\" \/>\n<meta property=\"og:image\" content=\"https:\/\/everydaychemshop.com\/fr\/wp-content\/uploads\/sites\/5\/2022\/11\/blue-dream-marijuana-seeds_feminized.jpg\" \/>\n\t<meta property=\"og:image:width\" content=\"480\" \/>\n\t<meta property=\"og:image:height\" content=\"480\" \/>\n\t<meta property=\"og:image:type\" content=\"image\/jpeg\" \/>\n<meta name=\"twitter:card\" content=\"summary_large_image\" \/>\n<meta name=\"twitter:label1\" content=\"Est. reading time\" \/>\n\t<meta name=\"twitter:data1\" content=\"2 minutes\" \/>\n<script type=\"application\/ld+json\" class=\"yoast-schema-graph\">{\"@context\":\"https:\\\/\\\/schema.org\",\"@graph\":[{\"@type\":\"WebPage\",\"@id\":\"https:\\\/\\\/everydaychemshop.com\\\/fr\\\/product\\\/blue-dream-souche\\\/\",\"url\":\"https:\\\/\\\/everydaychemshop.com\\\/fr\\\/product\\\/blue-dream-souche\\\/\",\"name\":\"Blue Dream Graines F\u00e9minis\u00e9es - Everyday Chem Shop\",\"isPartOf\":{\"@id\":\"https:\\\/\\\/everydaychemshop.com\\\/fr\\\/#website\"},\"primaryImageOfPage\":{\"@id\":\"https:\\\/\\\/everydaychemshop.com\\\/fr\\\/product\\\/blue-dream-souche\\\/#primaryimage\"},\"image\":{\"@id\":\"https:\\\/\\\/everydaychemshop.com\\\/fr\\\/product\\\/blue-dream-souche\\\/#primaryimage\"},\"thumbnailUrl\":\"https:\\\/\\\/everydaychemshop.com\\\/fr\\\/wp-content\\\/uploads\\\/sites\\\/5\\\/2022\\\/11\\\/blue-dream-marijuana-seeds_feminized.jpg\",\"datePublished\":\"2022-11-20T06:44:49+00:00\",\"dateModified\":\"2023-04-07T10:38:19+00:00\",\"description\":\"Blue Dream Graines F\u00e9minis\u00e9es. Sans aucun doute, les graines de Blue Dream sont l'une des vari\u00e9t\u00e9s de marijuana les plus populaires aux \u00c9tats-Unis.\",\"breadcrumb\":{\"@id\":\"https:\\\/\\\/everydaychemshop.com\\\/fr\\\/product\\\/blue-dream-souche\\\/#breadcrumb\"},\"inLanguage\":\"en-US\",\"potentialAction\":[{\"@type\":\"ReadAction\",\"target\":[\"https:\\\/\\\/everydaychemshop.com\\\/fr\\\/product\\\/blue-dream-souche\\\/\"]}]},{\"@type\":\"ImageObject\",\"inLanguage\":\"en-US\",\"@id\":\"https:\\\/\\\/everydaychemshop.com\\\/fr\\\/product\\\/blue-dream-souche\\\/#primaryimage\",\"url\":\"https:\\\/\\\/everydaychemshop.com\\\/fr\\\/wp-content\\\/uploads\\\/sites\\\/5\\\/2022\\\/11\\\/blue-dream-marijuana-seeds_feminized.jpg\",\"contentUrl\":\"https:\\\/\\\/everydaychemshop.com\\\/fr\\\/wp-content\\\/uploads\\\/sites\\\/5\\\/2022\\\/11\\\/blue-dream-marijuana-seeds_feminized.jpg\",\"width\":480,\"height\":480,\"caption\":\"Blue Dream Graines F\u00e9minis\u00e9es\"},{\"@type\":\"BreadcrumbList\",\"@id\":\"https:\\\/\\\/everydaychemshop.com\\\/fr\\\/product\\\/blue-dream-souche\\\/#breadcrumb\",\"itemListElement\":[{\"@type\":\"ListItem\",\"position\":1,\"name\":\"Home\",\"item\":\"https:\\\/\\\/everydaychemshop.com\\\/fr\\\/\"},{\"@type\":\"ListItem\",\"position\":2,\"name\":\"Des produits\",\"item\":\"https:\\\/\\\/everydaychemshop.com\\\/fr\\\/des-produits\\\/\"},{\"@type\":\"ListItem\",\"position\":3,\"name\":\"Souche Blue Dream\"}]},{\"@type\":\"WebSite\",\"@id\":\"https:\\\/\\\/everydaychemshop.com\\\/fr\\\/#website\",\"url\":\"https:\\\/\\\/everydaychemshop.com\\\/fr\\\/\",\"name\":\"Everyday Chem Shop\",\"description\":\"\",\"potentialAction\":[{\"@type\":\"SearchAction\",\"target\":{\"@type\":\"EntryPoint\",\"urlTemplate\":\"https:\\\/\\\/everydaychemshop.com\\\/fr\\\/?s={search_term_string}\"},\"query-input\":{\"@type\":\"PropertyValueSpecification\",\"valueRequired\":true,\"valueName\":\"search_term_string\"}}],\"inLanguage\":\"en-US\"}]}<\/script>\n<!-- \/ Yoast SEO Premium plugin. -->","yoast_head_json":{"title":"Blue Dream Graines F\u00e9minis\u00e9es - Everyday Chem Shop","description":"Blue Dream Graines F\u00e9minis\u00e9es. Sans aucun doute, les graines de Blue Dream sont l'une des vari\u00e9t\u00e9s de marijuana les plus populaires aux \u00c9tats-Unis.","robots":{"index":"index","follow":"follow","max-snippet":"max-snippet:-1","max-image-preview":"max-image-preview:large","max-video-preview":"max-video-preview:-1"},"canonical":"https:\/\/everydaychemshop.com\/fr\/product\/blue-dream-souche\/","og_locale":"en_US","og_type":"article","og_title":"Souche Blue Dream","og_description":"Blue Dream Graines F\u00e9minis\u00e9es. Sans aucun doute, les graines de Blue Dream sont l'une des vari\u00e9t\u00e9s de marijuana les plus populaires aux \u00c9tats-Unis.","og_url":"https:\/\/everydaychemshop.com\/fr\/product\/blue-dream-souche\/","og_site_name":"Everyday Chem Shop","article_modified_time":"2023-04-07T10:38:19+00:00","og_image":[{"width":480,"height":480,"url":"https:\/\/everydaychemshop.com\/fr\/wp-content\/uploads\/sites\/5\/2022\/11\/blue-dream-marijuana-seeds_feminized.jpg","type":"image\/jpeg"}],"twitter_card":"summary_large_image","twitter_misc":{"Est. reading time":"2 minutes"},"schema":{"@context":"https:\/\/schema.org","@graph":[{"@type":"WebPage","@id":"https:\/\/everydaychemshop.com\/fr\/product\/blue-dream-souche\/","url":"https:\/\/everydaychemshop.com\/fr\/product\/blue-dream-souche\/","name":"Blue Dream Graines F\u00e9minis\u00e9es - Everyday Chem Shop","isPartOf":{"@id":"https:\/\/everydaychemshop.com\/fr\/#website"},"primaryImageOfPage":{"@id":"https:\/\/everydaychemshop.com\/fr\/product\/blue-dream-souche\/#primaryimage"},"image":{"@id":"https:\/\/everydaychemshop.com\/fr\/product\/blue-dream-souche\/#primaryimage"},"thumbnailUrl":"https:\/\/everydaychemshop.com\/fr\/wp-content\/uploads\/sites\/5\/2022\/11\/blue-dream-marijuana-seeds_feminized.jpg","datePublished":"2022-11-20T06:44:49+00:00","dateModified":"2023-04-07T10:38:19+00:00","description":"Blue Dream Graines F\u00e9minis\u00e9es. Sans aucun doute, les graines de Blue Dream sont l'une des vari\u00e9t\u00e9s de marijuana les plus populaires aux \u00c9tats-Unis.","breadcrumb":{"@id":"https:\/\/everydaychemshop.com\/fr\/product\/blue-dream-souche\/#breadcrumb"},"inLanguage":"en-US","potentialAction":[{"@type":"ReadAction","target":["https:\/\/everydaychemshop.com\/fr\/product\/blue-dream-souche\/"]}]},{"@type":"ImageObject","inLanguage":"en-US","@id":"https:\/\/everydaychemshop.com\/fr\/product\/blue-dream-souche\/#primaryimage","url":"https:\/\/everydaychemshop.com\/fr\/wp-content\/uploads\/sites\/5\/2022\/11\/blue-dream-marijuana-seeds_feminized.jpg","contentUrl":"https:\/\/everydaychemshop.com\/fr\/wp-content\/uploads\/sites\/5\/2022\/11\/blue-dream-marijuana-seeds_feminized.jpg","width":480,"height":480,"caption":"Blue Dream Graines F\u00e9minis\u00e9es"},{"@type":"BreadcrumbList","@id":"https:\/\/everydaychemshop.com\/fr\/product\/blue-dream-souche\/#breadcrumb","itemListElement":[{"@type":"ListItem","position":1,"name":"Home","item":"https:\/\/everydaychemshop.com\/fr\/"},{"@type":"ListItem","position":2,"name":"Des produits","item":"https:\/\/everydaychemshop.com\/fr\/des-produits\/"},{"@type":"ListItem","position":3,"name":"Souche Blue Dream"}]},{"@type":"WebSite","@id":"https:\/\/everydaychemshop.com\/fr\/#website","url":"https:\/\/everydaychemshop.com\/fr\/","name":"Everyday Chem Shop","description":"","potentialAction":[{"@type":"SearchAction","target":{"@type":"EntryPoint","urlTemplate":"https:\/\/everydaychemshop.com\/fr\/?s={search_term_string}"},"query-input":{"@type":"PropertyValueSpecification","valueRequired":true,"valueName":"search_term_string"}}],"inLanguage":"en-US"}]}},"_links":{"self":[{"href":"https:\/\/everydaychemshop.com\/fr\/wp-json\/wp\/v2\/product\/8278","targetHints":{"allow":["GET"]}}],"collection":[{"href":"https:\/\/everydaychemshop.com\/fr\/wp-json\/wp\/v2\/product"}],"about":[{"href":"https:\/\/everydaychemshop.com\/fr\/wp-json\/wp\/v2\/types\/product"}],"replies":[{"embeddable":true,"href":"https:\/\/everydaychemshop.com\/fr\/wp-json\/wp\/v2\/comments?post=8278"}],"wp:featuredmedia":[{"embeddable":true,"href":"https:\/\/everydaychemshop.com\/fr\/wp-json\/wp\/v2\/media\/8280"}],"wp:attachment":[{"href":"https:\/\/everydaychemshop.com\/fr\/wp-json\/wp\/v2\/media?parent=8278"}],"wp:term":[{"taxonomy":"product_brand","embeddable":true,"href":"https:\/\/everydaychemshop.com\/fr\/wp-json\/wp\/v2\/product_brand?post=8278"},{"taxonomy":"product_cat","embeddable":true,"href":"https:\/\/everydaychemshop.com\/fr\/wp-json\/wp\/v2\/product_cat?post=8278"},{"taxonomy":"product_tag","embeddable":true,"href":"https:\/\/everydaychemshop.com\/fr\/wp-json\/wp\/v2\/product_tag?post=8278"}],"curies":[{"name":"wp","href":"https:\/\/api.w.org\/{rel}","templated":true}]}}