{"id":8284,"date":"2022-11-20T06:47:12","date_gmt":"2022-11-20T06:47:12","guid":{"rendered":"https:\/\/everydaychemshop.com\/fr\/?post_type=product&#038;p=8284"},"modified":"2023-04-07T10:37:17","modified_gmt":"2023-04-07T10:37:17","slug":"cerise-gorille-colle","status":"publish","type":"product","link":"https:\/\/everydaychemshop.com\/fr\/product\/cerise-gorille-colle\/","title":{"rendered":"Cherry Gorilla alias Cherry Gorilla Glue"},"content":{"rendered":"<h1>Gorille cerise de qualit\u00e9 sup\u00e9rieure<\/h1>\n<p><a href=\"https:\/\/everydaychemshop.com\/fr\/product\/cerise-gorille-colle\/\">Gorille cerise de qualit\u00e9 sup\u00e9rieure<\/a>. Cherry Gorilla, \u00e9galement connue sous le nom de &#8220;Cherry Gorilla Glue&#8221;, est une vari\u00e9t\u00e9 de marijuana hybride. Les effets de Cherry Gorilla sont plus calmants qu&#8217;\u00e9nergisants. <a href=\"https:\/\/fr.wikipedia.org\/wiki\/CBD\">Les<\/a> consommateurs disent que cette vari\u00e9t\u00e9 offre un high incroyable avec des sensations instantan\u00e9es d&#8217;euphorie avant de finalement vous amener \u00e0 un \u00e9tat de somnolence. Cherry Gorilla contient 17 % de THC, mais les vari\u00e9t\u00e9s de cette vari\u00e9t\u00e9 ont \u00e9t\u00e9 test\u00e9es jusqu&#8217;\u00e0 20 % de THC ou plus. Pour cette raison, Cherry Gorilla est mieux r\u00e9serv\u00e9e aux consommateurs de cannabis exp\u00e9riment\u00e9s ayant une tol\u00e9rance \u00e9lev\u00e9e au THC. Cette vari\u00e9t\u00e9 produit un profil de saveur terreuse soutenu par des notes de baies et de diesel. Les patients qui consomment de la marijuana \u00e0 des fins m\u00e9dicales peuvent choisir Cherry Gorilla pour soulager les sympt\u00f4mes associ\u00e9s \u00e0 la d\u00e9pression, au stress et \u00e0 la douleur.<\/p>\n","protected":false},"excerpt":{"rendered":"<p>Cherry Gorilla, \u00e9galement connue sous le nom de &#8220;Cherry Gorilla Glue&#8221;, est une vari\u00e9t\u00e9 de marijuana hybride. Les effets de Cherry Gorilla sont plus calmants qu&#8217;\u00e9nergisants. Les consommateurs disent que cette vari\u00e9t\u00e9 offre un high incroyable avec des sensations instantan\u00e9es d&#8217;euphorie avant de finalement vous amener \u00e0 un \u00e9tat de somnolence.<\/p>\n","protected":false},"featured_media":8286,"comment_status":"open","ping_status":"closed","template":"","meta":{"inline_featured_image":false},"product_brand":[],"product_cat":[60],"product_tag":[],"class_list":{"0":"post-8284","1":"product","2":"type-product","3":"status-publish","4":"has-post-thumbnail","6":"product_cat-cbd-chanvre-fleur","8":"first","9":"instock","10":"shipping-taxable","11":"purchasable","12":"product-type-variable","13":"has-default-attributes"},"yoast_head":"<!-- This site is optimized with the Yoast SEO Premium plugin v19.2 (Yoast SEO v27.3) - https:\/\/yoast.com\/product\/yoast-seo-premium-wordpress\/ -->\n<title>Gorille cerise de qualit\u00e9 sup\u00e9rieure- Everyday Chem Shop<\/title>\n<meta name=\"description\" content=\"Gorille cerise de qualit\u00e9 sup\u00e9rieure. Nous vendons en ligne la meilleure qualit\u00e9 de Cherry Gorilla. Veuillez contacter pour plus d&#039;informations et les prix.\" \/>\n<meta name=\"robots\" content=\"index, follow, max-snippet:-1, max-image-preview:large, max-video-preview:-1\" \/>\n<link rel=\"canonical\" href=\"https:\/\/everydaychemshop.com\/fr\/product\/cerise-gorille-colle\/\" \/>\n<meta property=\"og:locale\" content=\"en_US\" \/>\n<meta property=\"og:type\" content=\"article\" \/>\n<meta property=\"og:title\" content=\"Cherry Gorilla alias Cherry Gorilla Glue\" \/>\n<meta property=\"og:description\" content=\"Gorille cerise de qualit\u00e9 sup\u00e9rieure. Nous vendons en ligne la meilleure qualit\u00e9 de Cherry Gorilla. Veuillez contacter pour plus d&#039;informations et les prix.\" \/>\n<meta property=\"og:url\" content=\"https:\/\/everydaychemshop.com\/fr\/product\/cerise-gorille-colle\/\" \/>\n<meta property=\"og:site_name\" content=\"Everyday Chem Shop\" \/>\n<meta property=\"article:modified_time\" content=\"2023-04-07T10:37:17+00:00\" \/>\n<meta property=\"og:image\" content=\"https:\/\/everydaychemshop.com\/fr\/wp-content\/uploads\/sites\/5\/2022\/11\/Cherry-Gorilla-C-scaled-1.jpeg\" \/>\n\t<meta property=\"og:image:width\" content=\"1920\" \/>\n\t<meta property=\"og:image:height\" content=\"2560\" \/>\n\t<meta property=\"og:image:type\" content=\"image\/jpeg\" \/>\n<meta name=\"twitter:card\" content=\"summary_large_image\" \/>\n<meta name=\"twitter:label1\" content=\"Est. reading time\" \/>\n\t<meta name=\"twitter:data1\" content=\"1 minute\" \/>\n<script type=\"application\/ld+json\" class=\"yoast-schema-graph\">{\"@context\":\"https:\\\/\\\/schema.org\",\"@graph\":[{\"@type\":\"WebPage\",\"@id\":\"https:\\\/\\\/everydaychemshop.com\\\/fr\\\/product\\\/cerise-gorille-colle\\\/\",\"url\":\"https:\\\/\\\/everydaychemshop.com\\\/fr\\\/product\\\/cerise-gorille-colle\\\/\",\"name\":\"Gorille cerise de qualit\u00e9 sup\u00e9rieure- Everyday Chem Shop\",\"isPartOf\":{\"@id\":\"https:\\\/\\\/everydaychemshop.com\\\/fr\\\/#website\"},\"primaryImageOfPage\":{\"@id\":\"https:\\\/\\\/everydaychemshop.com\\\/fr\\\/product\\\/cerise-gorille-colle\\\/#primaryimage\"},\"image\":{\"@id\":\"https:\\\/\\\/everydaychemshop.com\\\/fr\\\/product\\\/cerise-gorille-colle\\\/#primaryimage\"},\"thumbnailUrl\":\"https:\\\/\\\/everydaychemshop.com\\\/fr\\\/wp-content\\\/uploads\\\/sites\\\/5\\\/2022\\\/11\\\/Cherry-Gorilla-C-scaled-1.jpeg\",\"datePublished\":\"2022-11-20T06:47:12+00:00\",\"dateModified\":\"2023-04-07T10:37:17+00:00\",\"description\":\"Gorille cerise de qualit\u00e9 sup\u00e9rieure. Nous vendons en ligne la meilleure qualit\u00e9 de Cherry Gorilla. Veuillez contacter pour plus d'informations et les prix.\",\"breadcrumb\":{\"@id\":\"https:\\\/\\\/everydaychemshop.com\\\/fr\\\/product\\\/cerise-gorille-colle\\\/#breadcrumb\"},\"inLanguage\":\"en-US\",\"potentialAction\":[{\"@type\":\"ReadAction\",\"target\":[\"https:\\\/\\\/everydaychemshop.com\\\/fr\\\/product\\\/cerise-gorille-colle\\\/\"]}]},{\"@type\":\"ImageObject\",\"inLanguage\":\"en-US\",\"@id\":\"https:\\\/\\\/everydaychemshop.com\\\/fr\\\/product\\\/cerise-gorille-colle\\\/#primaryimage\",\"url\":\"https:\\\/\\\/everydaychemshop.com\\\/fr\\\/wp-content\\\/uploads\\\/sites\\\/5\\\/2022\\\/11\\\/Cherry-Gorilla-C-scaled-1.jpeg\",\"contentUrl\":\"https:\\\/\\\/everydaychemshop.com\\\/fr\\\/wp-content\\\/uploads\\\/sites\\\/5\\\/2022\\\/11\\\/Cherry-Gorilla-C-scaled-1.jpeg\",\"width\":1920,\"height\":2560,\"caption\":\"Gorille cerise de qualit\u00e9 sup\u00e9rieure\"},{\"@type\":\"BreadcrumbList\",\"@id\":\"https:\\\/\\\/everydaychemshop.com\\\/fr\\\/product\\\/cerise-gorille-colle\\\/#breadcrumb\",\"itemListElement\":[{\"@type\":\"ListItem\",\"position\":1,\"name\":\"Home\",\"item\":\"https:\\\/\\\/everydaychemshop.com\\\/fr\\\/\"},{\"@type\":\"ListItem\",\"position\":2,\"name\":\"Des produits\",\"item\":\"https:\\\/\\\/everydaychemshop.com\\\/fr\\\/des-produits\\\/\"},{\"@type\":\"ListItem\",\"position\":3,\"name\":\"Cherry Gorilla alias Cherry Gorilla Glue\"}]},{\"@type\":\"WebSite\",\"@id\":\"https:\\\/\\\/everydaychemshop.com\\\/fr\\\/#website\",\"url\":\"https:\\\/\\\/everydaychemshop.com\\\/fr\\\/\",\"name\":\"Everyday Chem Shop\",\"description\":\"\",\"potentialAction\":[{\"@type\":\"SearchAction\",\"target\":{\"@type\":\"EntryPoint\",\"urlTemplate\":\"https:\\\/\\\/everydaychemshop.com\\\/fr\\\/?s={search_term_string}\"},\"query-input\":{\"@type\":\"PropertyValueSpecification\",\"valueRequired\":true,\"valueName\":\"search_term_string\"}}],\"inLanguage\":\"en-US\"}]}<\/script>\n<!-- \/ Yoast SEO Premium plugin. -->","yoast_head_json":{"title":"Gorille cerise de qualit\u00e9 sup\u00e9rieure- Everyday Chem Shop","description":"Gorille cerise de qualit\u00e9 sup\u00e9rieure. Nous vendons en ligne la meilleure qualit\u00e9 de Cherry Gorilla. Veuillez contacter pour plus d'informations et les prix.","robots":{"index":"index","follow":"follow","max-snippet":"max-snippet:-1","max-image-preview":"max-image-preview:large","max-video-preview":"max-video-preview:-1"},"canonical":"https:\/\/everydaychemshop.com\/fr\/product\/cerise-gorille-colle\/","og_locale":"en_US","og_type":"article","og_title":"Cherry Gorilla alias Cherry Gorilla Glue","og_description":"Gorille cerise de qualit\u00e9 sup\u00e9rieure. Nous vendons en ligne la meilleure qualit\u00e9 de Cherry Gorilla. Veuillez contacter pour plus d'informations et les prix.","og_url":"https:\/\/everydaychemshop.com\/fr\/product\/cerise-gorille-colle\/","og_site_name":"Everyday Chem Shop","article_modified_time":"2023-04-07T10:37:17+00:00","og_image":[{"width":1920,"height":2560,"url":"https:\/\/everydaychemshop.com\/fr\/wp-content\/uploads\/sites\/5\/2022\/11\/Cherry-Gorilla-C-scaled-1.jpeg","type":"image\/jpeg"}],"twitter_card":"summary_large_image","twitter_misc":{"Est. reading time":"1 minute"},"schema":{"@context":"https:\/\/schema.org","@graph":[{"@type":"WebPage","@id":"https:\/\/everydaychemshop.com\/fr\/product\/cerise-gorille-colle\/","url":"https:\/\/everydaychemshop.com\/fr\/product\/cerise-gorille-colle\/","name":"Gorille cerise de qualit\u00e9 sup\u00e9rieure- Everyday Chem Shop","isPartOf":{"@id":"https:\/\/everydaychemshop.com\/fr\/#website"},"primaryImageOfPage":{"@id":"https:\/\/everydaychemshop.com\/fr\/product\/cerise-gorille-colle\/#primaryimage"},"image":{"@id":"https:\/\/everydaychemshop.com\/fr\/product\/cerise-gorille-colle\/#primaryimage"},"thumbnailUrl":"https:\/\/everydaychemshop.com\/fr\/wp-content\/uploads\/sites\/5\/2022\/11\/Cherry-Gorilla-C-scaled-1.jpeg","datePublished":"2022-11-20T06:47:12+00:00","dateModified":"2023-04-07T10:37:17+00:00","description":"Gorille cerise de qualit\u00e9 sup\u00e9rieure. Nous vendons en ligne la meilleure qualit\u00e9 de Cherry Gorilla. Veuillez contacter pour plus d'informations et les prix.","breadcrumb":{"@id":"https:\/\/everydaychemshop.com\/fr\/product\/cerise-gorille-colle\/#breadcrumb"},"inLanguage":"en-US","potentialAction":[{"@type":"ReadAction","target":["https:\/\/everydaychemshop.com\/fr\/product\/cerise-gorille-colle\/"]}]},{"@type":"ImageObject","inLanguage":"en-US","@id":"https:\/\/everydaychemshop.com\/fr\/product\/cerise-gorille-colle\/#primaryimage","url":"https:\/\/everydaychemshop.com\/fr\/wp-content\/uploads\/sites\/5\/2022\/11\/Cherry-Gorilla-C-scaled-1.jpeg","contentUrl":"https:\/\/everydaychemshop.com\/fr\/wp-content\/uploads\/sites\/5\/2022\/11\/Cherry-Gorilla-C-scaled-1.jpeg","width":1920,"height":2560,"caption":"Gorille cerise de qualit\u00e9 sup\u00e9rieure"},{"@type":"BreadcrumbList","@id":"https:\/\/everydaychemshop.com\/fr\/product\/cerise-gorille-colle\/#breadcrumb","itemListElement":[{"@type":"ListItem","position":1,"name":"Home","item":"https:\/\/everydaychemshop.com\/fr\/"},{"@type":"ListItem","position":2,"name":"Des produits","item":"https:\/\/everydaychemshop.com\/fr\/des-produits\/"},{"@type":"ListItem","position":3,"name":"Cherry Gorilla alias Cherry Gorilla Glue"}]},{"@type":"WebSite","@id":"https:\/\/everydaychemshop.com\/fr\/#website","url":"https:\/\/everydaychemshop.com\/fr\/","name":"Everyday Chem Shop","description":"","potentialAction":[{"@type":"SearchAction","target":{"@type":"EntryPoint","urlTemplate":"https:\/\/everydaychemshop.com\/fr\/?s={search_term_string}"},"query-input":{"@type":"PropertyValueSpecification","valueRequired":true,"valueName":"search_term_string"}}],"inLanguage":"en-US"}]}},"_links":{"self":[{"href":"https:\/\/everydaychemshop.com\/fr\/wp-json\/wp\/v2\/product\/8284","targetHints":{"allow":["GET"]}}],"collection":[{"href":"https:\/\/everydaychemshop.com\/fr\/wp-json\/wp\/v2\/product"}],"about":[{"href":"https:\/\/everydaychemshop.com\/fr\/wp-json\/wp\/v2\/types\/product"}],"replies":[{"embeddable":true,"href":"https:\/\/everydaychemshop.com\/fr\/wp-json\/wp\/v2\/comments?post=8284"}],"wp:featuredmedia":[{"embeddable":true,"href":"https:\/\/everydaychemshop.com\/fr\/wp-json\/wp\/v2\/media\/8286"}],"wp:attachment":[{"href":"https:\/\/everydaychemshop.com\/fr\/wp-json\/wp\/v2\/media?parent=8284"}],"wp:term":[{"taxonomy":"product_brand","embeddable":true,"href":"https:\/\/everydaychemshop.com\/fr\/wp-json\/wp\/v2\/product_brand?post=8284"},{"taxonomy":"product_cat","embeddable":true,"href":"https:\/\/everydaychemshop.com\/fr\/wp-json\/wp\/v2\/product_cat?post=8284"},{"taxonomy":"product_tag","embeddable":true,"href":"https:\/\/everydaychemshop.com\/fr\/wp-json\/wp\/v2\/product_tag?post=8284"}],"curies":[{"name":"wp","href":"https:\/\/api.w.org\/{rel}","templated":true}]}}