{"id":8293,"date":"2022-11-20T06:59:04","date_gmt":"2022-11-20T06:59:04","guid":{"rendered":"https:\/\/everydaychemshop.com\/fr\/?post_type=product&#038;p=8293"},"modified":"2023-04-07T10:35:57","modified_gmt":"2023-04-07T10:35:57","slug":"fleur-de-pin-hawaien-chanvre","status":"publish","type":"product","link":"https:\/\/everydaychemshop.com\/fr\/product\/fleur-de-pin-hawaien-chanvre\/","title":{"rendered":"Fleur de chanvre de pin hawa\u00efen"},"content":{"rendered":"<h1><strong>Fleur de chanvre de pin hawa\u00efen<\/strong><\/h1>\n<p><a href=\"https:\/\/everydaychemshop.com\/fr\/product\/fleur-de-pin-hawaien-chanvre\/\">Fleur de chanvre de pin hawa\u00efen<\/a>. Envolez-vous vers les tropiques avec notre hybride all\u00e9chant, la Hawaiian Haze ! Cette vari\u00e9t\u00e9 CBD sp\u00e9ciale Plain Jane poss\u00e8de des saveurs et des effets exceptionnels qui vous laisseront tranquille et joyeux. Cultiv\u00e9es sous le ciel ensoleill\u00e9 de l&#8217;Oregon, les fleurs de Hawaiian Haze CBD sont parfaitement taill\u00e9es, <a href=\"https:\/\/fr.wikipedia.org\/wiki\/CBD\">pr\u00eates<\/a> \u00e0 l&#8217;emploi. Ses t\u00eates s\u00e9ch\u00e9es lib\u00e8rent un ar\u00f4me tropical intense qui ressemble \u00e0 la papaye, \u00e0 l&#8217;ananas et au fruit de la passion. Les douces saveurs fruit\u00e9es cr\u00e9\u00e9es par ses terp\u00e8nes sont compl\u00e9t\u00e9es par des notes douces de pin et de bois. Les fleurs de chanvre Hawaiian Haze sont audacieuses et belles ! Ils poss\u00e8dent une riche couleur vert pin et sont souvent recouverts d&#8217;une \u00e9paisse couche de pistils d&#8217;orange sanguine vibrants. Maintenant, les fleurs de Plain Jane Hawaiian Haze CBD contiennent une abondance de cannabino\u00efdes et de terp\u00e8nes, les deux agissent en synergie, cr\u00e9ant des effets apaisants et relaxants. Lorsqu&#8217;ils sont fum\u00e9s ou vaporis\u00e9s, les fans d\u00e9crivent souvent les effets comme \u00e9nergisants combin\u00e9s \u00e0 une relaxation progressive des muscles et de l&#8217;esprit. Le niveau principal de CBD de cette vari\u00e9t\u00e9 est 11,0226 %. Et, les principaux terp\u00e8nes trouv\u00e9s dans ses fleurs sont l&#8217;alpha-pin\u00e8ne, le myrc\u00e8ne et le terpinol\u00e8ne.<\/p>\n<p>Toutes les fleurs de chanvre Plain Jane sont conformes \u00e0 la Farm Bill de 2018, de sorte qu&#8217;elles contiennent des niveaux de THC inf\u00e9rieurs \u00e0 0,3\u00a0%. Cela signifie que nos fleurs de chanvre Hawaiian Haze n&#8217;auront pas d&#8217;effets psychoactifs enivrants. Les fleurs de CBD Plain Jane Hawaiian Haze contiennent des niveaux de CBD de\u00a011,0226\u00a0%.<\/p>\n<h2><strong>Instructions<\/strong><\/h2>\n<p>Les fleurs de chanvre Plain Jane Hawaiian Haze CBD sont mieux consomm\u00e9es en fumant ou en vapotant. De nombreux fans choisissent de broyer, rouler et fumer leurs fleurs de chanvre Plain Jane. Cependant, vous pouvez \u00e9galement consommer des fleurs de chanvre \u00e0 l&#8217;aide de bangs et de vaporisateurs secs.<\/p>\n<p>D\u00e9couvrez nos\u00a0Plain Jane bruts et enti\u00e8rement naturels feuilles \u00e0 rouler\u00a0!<\/p>\n<h2><strong>Qu&#8217;est-ce que le CBD\u00a0?<\/strong><\/h2>\n<p>Le CBD, alias cannabidiol, est un cannabino\u00efde bien \u00e9tudi\u00e9 dominant dans nos fleurs de chanvre Plain Jane . Les fleurs de chanvre riches en CBD ne sont pas psychoactives, ce qui signifie qu&#8217;elles ne feront pas planer son utilisateur. Aujourd&#8217;hui, le CBD est consid\u00e9r\u00e9 comme l&#8217;un des cannabino\u00efdes les plus \u00e9tudi\u00e9s de la plante de chanvre, principalement parce qu&#8217;il est cens\u00e9 avoir une gamme de propri\u00e9t\u00e9s th\u00e9rapeutiques.<\/p>\n<p>Certains des avantages les plus courants signal\u00e9s par les clients incluent\u00a0:<\/p>\n<ul>\n<li style=\"list-style-type: none\">\n<ul>\n<li>Soulagement de l&#8217;anxi\u00e9t\u00e9<\/li>\n<\/ul>\n<\/li>\n<\/ul>\n<p>&nbsp;<\/p>\n<ul>\n<li>\n<ul>\n<li>Soulagement des migraines et des maux de t\u00eate<\/li>\n<\/ul>\n<\/li>\n<\/ul>\n<p>Plain Jane stocke actuellement du CBD de haute qualit\u00e9 produit aux \u00c9tats-Unis. Certains de nos meilleurs vendeurs incluent nos \u00a0huiles et topiques CBD,\u00a0fleurs de chanvre CBD,\u00a0g\u00e9lifi\u00e9s CBD, et plus !<\/p>\n<h2><strong>Attention<\/strong><\/h2>\n<p>&nbsp;<\/p>\n<ul>\n<li>\n<ul>\n<li>N&#8217;utilisez pas le produit lorsque vous conduisez un v\u00e9hicule ou de la machinerie lourde.<\/li>\n<\/ul>\n<\/li>\n<\/ul>\n<p>&nbsp;<\/p>\n<ul>\n<li>\n<ul>\n<li>Utiliser de mani\u00e8re responsable et tenir hors de port\u00e9e des enfants.<\/li>\n<\/ul>\n<\/li>\n<\/ul>\n<p>&nbsp;<\/p>\n<ul>\n<li style=\"list-style-type: none\">\n<ul>\n<li>\u00a0Si vous faites l&#8217;objet d&#8217;un d\u00e9pistage r\u00e9gulier ou al\u00e9atoire de drogues, il est pr\u00e9f\u00e9rable de ne pas consommer ce produit. La plupart des tests de d\u00e9pistage de drogue standard ne pourront pas faire la diff\u00e9rence entre le Delta-8-THC et le Delta-9.<\/li>\n<\/ul>\n<\/li>\n<\/ul>\n<p>&nbsp;<\/p>\n<ul>\n<li style=\"list-style-type: none\">\n<ul>\n<li>\u00a0Plain\u00a0Jane ne peut \u00eatre tenu responsable de toute personne qui consomme ce produit.<\/li>\n<\/ul>\n<\/li>\n<\/ul>\n<p>&nbsp;<\/p>\n<ul>\n<li>\n<ul>\n<li>\u00a0Le\u00a0Food and Drug Administration\u00a0n&#8217;a pas \u00e9valu\u00e9 ces d\u00e9clarations.<\/li>\n<\/ul>\n<\/li>\n<\/ul>\n<p>&nbsp;<\/p>\n<ul>\n<li style=\"list-style-type: none\">\n<ul>\n<li>\u00a0Ce produit n&#8217;est pas destin\u00e9 \u00e0 diagnostiquer, traiter, gu\u00e9rir ou pr\u00e9venir une maladie. \u00c0 utiliser avec prudence.<\/li>\n<\/ul>\n<\/li>\n<\/ul>\n<p>&nbsp;<\/p>\n<ul>\n<li style=\"list-style-type: none\">\n<ul>\n<li>Ne pas utiliser si vous \u00eates enceinte.<\/li>\n<\/ul>\n<\/li>\n<\/ul>\n<p>&nbsp;<\/p>\n<h2><strong>Politique d&#8217;exp\u00e9dition de Plain Jane<\/strong><\/h2>\n<p>Plain Jane vise toujours \u00e0 exp\u00e9dier les commandes depuis notre centre de distribution dans un d\u00e9lai de 1 \u00e0 3 jours ouvrables. Cependant, le temps qu&#8217;il faut pour que votre colis arrive d\u00e9pend de la m\u00e9thode d&#8217;exp\u00e9dition que vous avez choisie.<\/p>\n<p>Si vous choisissez la livraison express, le produit arrivera 1 \u00e0 2 jours ouvrables apr\u00e8s avoir \u00e9t\u00e9 exp\u00e9di\u00e9.<\/p>\n<p>Remarque\u00a0: Notre estimation du d\u00e9lai de livraison commence lorsque votre colis a \u00e9t\u00e9 exp\u00e9di\u00e9, ce qui peut prendre jusqu&#8217;\u00e0 3 \u00e0 7\u00a0jours ouvrables apr\u00e8s le traitement de votre achat.<\/p>\n<p>Nous offrons la livraison gratuite pour toutes les commandes aux \u00c9tats-Unis de plus de 40\u00a0$ . Ces commandes seront envoy\u00e9es via USPS First class shipping. Si vous avez besoin de votre produit plus t\u00f4t, vous avez toujours la possibilit\u00e9 de choisir une autre m\u00e9thode d&#8217;exp\u00e9dition lors du paiement. En raison de la r\u00e9glementation en vigueur, la signature d&#8217;un adulte est requise sur certains articles et sera exp\u00e9di\u00e9e par UPS. Des frais d&#8217;exp\u00e9dition suppl\u00e9mentaires seront visibles lors du paiement.<\/p>\n<p>Nous envoyons un e-mail de confirmation avec un num\u00e9ro de suivi lorsque votre commande a \u00e9t\u00e9 exp\u00e9di\u00e9e. Les frais d&#8217;exp\u00e9dition ne sont pas remboursables. Nous exp\u00e9dions uniquement aux \u00c9tats-Unis et dans les territoires des \u00c9tats-Unis.<\/p>\n<p>Plain Jane s&#8217;efforce d&#8217;assurer une satisfaction client maximale \u00e0 chaque achat.<\/p>\n<p>Envoyez-nous un e-mail \u00e0\u00a0hi@tryplainjane.com\u00a0pour nous en informer vous retournez un produit. Nous vous fournirons une adresse de livraison. Veuillez envisager d&#8217;utiliser des services d&#8217;exp\u00e9dition tra\u00e7ables pour tous les retours de plus de 75 $. Nous ne pouvons pas garantir que nous recevrons vos produits retourn\u00e9s. Une fois les produits re\u00e7us, nous proc\u00e9derons au remboursement des articles non ouverts et non utilis\u00e9s. Les frais d&#8217;exp\u00e9dition ne sont pas remboursables. Veuillez pr\u00e9voir jusqu&#8217;\u00e0 10 jours ouvrables pour que le remboursement soit trait\u00e9.<\/p>\n<p>Si vous recevez des produits endommag\u00e9s ou d\u00e9fectueux, faites-le nous savoir et nous vous rembourserons ou remplacerons vos articles. Nous n&#8217;acceptons que les retours et les remboursements pour les achats effectu\u00e9s via notre boutique en ligne.<\/p>\n<p>Nous n&#8217;avons pas de garantie de remboursement, car le CBD affecte chaque individu diff\u00e9remment.<\/p>\n<p>Nous n&#8217;offrons pas de remboursement sur produits qui ont \u00e9t\u00e9 utilis\u00e9s ou ouverts.<\/p>\n<p>Si votre colis est perdu ou retard\u00e9, nous vous recommandons de contacter votre transporteur. Ce sera g\u00e9n\u00e9ralement USPS. Si vous avez des questions, vous pouvez contacter USPS au 800-ASK-USPS. Si vous \u00eates pass\u00e9 par UPS, contactez-les au 866-PICK-UPS.<\/p>\n<p>Pour les commandes de fleurs utilisant First Class Mail, il n&#8217;y a pas de police d&#8217;assurance. Par cons\u00e9quent, si le colis est perdu, nous n&#8217;offrirons pas de remplacement ou de remboursement.<\/p>\n<p>Nous ne sommes pas responsables des colis vol\u00e9s dans votre bo\u00eete aux lettres ou \u00e0 votre porte<\/p>\n","protected":false},"excerpt":{"rendered":"<p>Envolez-vous vers les tropiques avec notre succulente hybride, la Hawaiian Haze\u00a0! Cette vari\u00e9t\u00e9 CBD sp\u00e9ciale Plain Jane poss\u00e8de des saveurs et des effets exceptionnels qui vous laisseront tranquille et joyeux.<\/p>\n","protected":false},"featured_media":8295,"comment_status":"open","ping_status":"closed","template":"","meta":{"inline_featured_image":false},"product_brand":[],"product_cat":[60],"product_tag":[],"class_list":{"0":"post-8293","1":"product","2":"type-product","3":"status-publish","4":"has-post-thumbnail","6":"product_cat-cbd-chanvre-fleur","8":"first","9":"instock","10":"shipping-taxable","11":"purchasable","12":"product-type-variable","13":"has-default-attributes"},"yoast_head":"<!-- This site is optimized with the Yoast SEO Premium plugin v19.2 (Yoast SEO v27.3) - https:\/\/yoast.com\/product\/yoast-seo-premium-wordpress\/ -->\n<title>Fleur de chanvre de pin hawa\u00efen - Everyday Chem Shop<\/title>\n<meta name=\"description\" content=\"Fleur de chanvre de pin hawa\u00efen. Nous vendons en ligne des fleurs de chanvre de pin hawa\u00efen de qualit\u00e9 sup\u00e9rieure. Veuillez contacter pour plus d&#039;informations et les prix.\" \/>\n<meta name=\"robots\" content=\"index, follow, max-snippet:-1, max-image-preview:large, max-video-preview:-1\" \/>\n<link rel=\"canonical\" href=\"https:\/\/everydaychemshop.com\/fr\/product\/fleur-de-pin-hawaien-chanvre\/\" \/>\n<meta property=\"og:locale\" content=\"en_US\" \/>\n<meta property=\"og:type\" content=\"article\" \/>\n<meta property=\"og:title\" content=\"Fleur de chanvre de pin hawa\u00efen\" \/>\n<meta property=\"og:description\" content=\"Fleur de chanvre de pin hawa\u00efen. Nous vendons en ligne des fleurs de chanvre de pin hawa\u00efen de qualit\u00e9 sup\u00e9rieure. Veuillez contacter pour plus d&#039;informations et les prix.\" \/>\n<meta property=\"og:url\" content=\"https:\/\/everydaychemshop.com\/fr\/product\/fleur-de-pin-hawaien-chanvre\/\" \/>\n<meta property=\"og:site_name\" content=\"Everyday Chem Shop\" \/>\n<meta property=\"article:modified_time\" content=\"2023-04-07T10:35:57+00:00\" \/>\n<meta property=\"og:image\" content=\"https:\/\/everydaychemshop.com\/fr\/wp-content\/uploads\/sites\/5\/2022\/11\/plain_jane_-_hawaiian_haze_02__46672_1592418041_1280_1280__73248.jpg\" \/>\n\t<meta property=\"og:image:width\" content=\"640\" \/>\n\t<meta property=\"og:image:height\" content=\"640\" \/>\n\t<meta property=\"og:image:type\" content=\"image\/jpeg\" \/>\n<meta name=\"twitter:card\" content=\"summary_large_image\" \/>\n<meta name=\"twitter:label1\" content=\"Est. reading time\" \/>\n\t<meta name=\"twitter:data1\" content=\"5 minutes\" \/>\n<script type=\"application\/ld+json\" class=\"yoast-schema-graph\">{\"@context\":\"https:\\\/\\\/schema.org\",\"@graph\":[{\"@type\":\"WebPage\",\"@id\":\"https:\\\/\\\/everydaychemshop.com\\\/fr\\\/product\\\/fleur-de-pin-hawaien-chanvre\\\/\",\"url\":\"https:\\\/\\\/everydaychemshop.com\\\/fr\\\/product\\\/fleur-de-pin-hawaien-chanvre\\\/\",\"name\":\"Fleur de chanvre de pin hawa\u00efen - Everyday Chem Shop\",\"isPartOf\":{\"@id\":\"https:\\\/\\\/everydaychemshop.com\\\/fr\\\/#website\"},\"primaryImageOfPage\":{\"@id\":\"https:\\\/\\\/everydaychemshop.com\\\/fr\\\/product\\\/fleur-de-pin-hawaien-chanvre\\\/#primaryimage\"},\"image\":{\"@id\":\"https:\\\/\\\/everydaychemshop.com\\\/fr\\\/product\\\/fleur-de-pin-hawaien-chanvre\\\/#primaryimage\"},\"thumbnailUrl\":\"https:\\\/\\\/everydaychemshop.com\\\/fr\\\/wp-content\\\/uploads\\\/sites\\\/5\\\/2022\\\/11\\\/plain_jane_-_hawaiian_haze_02__46672_1592418041_1280_1280__73248.jpg\",\"datePublished\":\"2022-11-20T06:59:04+00:00\",\"dateModified\":\"2023-04-07T10:35:57+00:00\",\"description\":\"Fleur de chanvre de pin hawa\u00efen. Nous vendons en ligne des fleurs de chanvre de pin hawa\u00efen de qualit\u00e9 sup\u00e9rieure. Veuillez contacter pour plus d'informations et les prix.\",\"breadcrumb\":{\"@id\":\"https:\\\/\\\/everydaychemshop.com\\\/fr\\\/product\\\/fleur-de-pin-hawaien-chanvre\\\/#breadcrumb\"},\"inLanguage\":\"en-US\",\"potentialAction\":[{\"@type\":\"ReadAction\",\"target\":[\"https:\\\/\\\/everydaychemshop.com\\\/fr\\\/product\\\/fleur-de-pin-hawaien-chanvre\\\/\"]}]},{\"@type\":\"ImageObject\",\"inLanguage\":\"en-US\",\"@id\":\"https:\\\/\\\/everydaychemshop.com\\\/fr\\\/product\\\/fleur-de-pin-hawaien-chanvre\\\/#primaryimage\",\"url\":\"https:\\\/\\\/everydaychemshop.com\\\/fr\\\/wp-content\\\/uploads\\\/sites\\\/5\\\/2022\\\/11\\\/plain_jane_-_hawaiian_haze_02__46672_1592418041_1280_1280__73248.jpg\",\"contentUrl\":\"https:\\\/\\\/everydaychemshop.com\\\/fr\\\/wp-content\\\/uploads\\\/sites\\\/5\\\/2022\\\/11\\\/plain_jane_-_hawaiian_haze_02__46672_1592418041_1280_1280__73248.jpg\",\"width\":640,\"height\":640,\"caption\":\"Fleur de chanvre de pin hawa\u00efen\"},{\"@type\":\"BreadcrumbList\",\"@id\":\"https:\\\/\\\/everydaychemshop.com\\\/fr\\\/product\\\/fleur-de-pin-hawaien-chanvre\\\/#breadcrumb\",\"itemListElement\":[{\"@type\":\"ListItem\",\"position\":1,\"name\":\"Home\",\"item\":\"https:\\\/\\\/everydaychemshop.com\\\/fr\\\/\"},{\"@type\":\"ListItem\",\"position\":2,\"name\":\"Des produits\",\"item\":\"https:\\\/\\\/everydaychemshop.com\\\/fr\\\/des-produits\\\/\"},{\"@type\":\"ListItem\",\"position\":3,\"name\":\"Fleur de chanvre de pin hawa\u00efen\"}]},{\"@type\":\"WebSite\",\"@id\":\"https:\\\/\\\/everydaychemshop.com\\\/fr\\\/#website\",\"url\":\"https:\\\/\\\/everydaychemshop.com\\\/fr\\\/\",\"name\":\"Everyday Chem Shop\",\"description\":\"\",\"potentialAction\":[{\"@type\":\"SearchAction\",\"target\":{\"@type\":\"EntryPoint\",\"urlTemplate\":\"https:\\\/\\\/everydaychemshop.com\\\/fr\\\/?s={search_term_string}\"},\"query-input\":{\"@type\":\"PropertyValueSpecification\",\"valueRequired\":true,\"valueName\":\"search_term_string\"}}],\"inLanguage\":\"en-US\"}]}<\/script>\n<!-- \/ Yoast SEO Premium plugin. -->","yoast_head_json":{"title":"Fleur de chanvre de pin hawa\u00efen - Everyday Chem Shop","description":"Fleur de chanvre de pin hawa\u00efen. Nous vendons en ligne des fleurs de chanvre de pin hawa\u00efen de qualit\u00e9 sup\u00e9rieure. Veuillez contacter pour plus d'informations et les prix.","robots":{"index":"index","follow":"follow","max-snippet":"max-snippet:-1","max-image-preview":"max-image-preview:large","max-video-preview":"max-video-preview:-1"},"canonical":"https:\/\/everydaychemshop.com\/fr\/product\/fleur-de-pin-hawaien-chanvre\/","og_locale":"en_US","og_type":"article","og_title":"Fleur de chanvre de pin hawa\u00efen","og_description":"Fleur de chanvre de pin hawa\u00efen. Nous vendons en ligne des fleurs de chanvre de pin hawa\u00efen de qualit\u00e9 sup\u00e9rieure. Veuillez contacter pour plus d'informations et les prix.","og_url":"https:\/\/everydaychemshop.com\/fr\/product\/fleur-de-pin-hawaien-chanvre\/","og_site_name":"Everyday Chem Shop","article_modified_time":"2023-04-07T10:35:57+00:00","og_image":[{"width":640,"height":640,"url":"https:\/\/everydaychemshop.com\/fr\/wp-content\/uploads\/sites\/5\/2022\/11\/plain_jane_-_hawaiian_haze_02__46672_1592418041_1280_1280__73248.jpg","type":"image\/jpeg"}],"twitter_card":"summary_large_image","twitter_misc":{"Est. reading time":"5 minutes"},"schema":{"@context":"https:\/\/schema.org","@graph":[{"@type":"WebPage","@id":"https:\/\/everydaychemshop.com\/fr\/product\/fleur-de-pin-hawaien-chanvre\/","url":"https:\/\/everydaychemshop.com\/fr\/product\/fleur-de-pin-hawaien-chanvre\/","name":"Fleur de chanvre de pin hawa\u00efen - Everyday Chem Shop","isPartOf":{"@id":"https:\/\/everydaychemshop.com\/fr\/#website"},"primaryImageOfPage":{"@id":"https:\/\/everydaychemshop.com\/fr\/product\/fleur-de-pin-hawaien-chanvre\/#primaryimage"},"image":{"@id":"https:\/\/everydaychemshop.com\/fr\/product\/fleur-de-pin-hawaien-chanvre\/#primaryimage"},"thumbnailUrl":"https:\/\/everydaychemshop.com\/fr\/wp-content\/uploads\/sites\/5\/2022\/11\/plain_jane_-_hawaiian_haze_02__46672_1592418041_1280_1280__73248.jpg","datePublished":"2022-11-20T06:59:04+00:00","dateModified":"2023-04-07T10:35:57+00:00","description":"Fleur de chanvre de pin hawa\u00efen. Nous vendons en ligne des fleurs de chanvre de pin hawa\u00efen de qualit\u00e9 sup\u00e9rieure. Veuillez contacter pour plus d'informations et les prix.","breadcrumb":{"@id":"https:\/\/everydaychemshop.com\/fr\/product\/fleur-de-pin-hawaien-chanvre\/#breadcrumb"},"inLanguage":"en-US","potentialAction":[{"@type":"ReadAction","target":["https:\/\/everydaychemshop.com\/fr\/product\/fleur-de-pin-hawaien-chanvre\/"]}]},{"@type":"ImageObject","inLanguage":"en-US","@id":"https:\/\/everydaychemshop.com\/fr\/product\/fleur-de-pin-hawaien-chanvre\/#primaryimage","url":"https:\/\/everydaychemshop.com\/fr\/wp-content\/uploads\/sites\/5\/2022\/11\/plain_jane_-_hawaiian_haze_02__46672_1592418041_1280_1280__73248.jpg","contentUrl":"https:\/\/everydaychemshop.com\/fr\/wp-content\/uploads\/sites\/5\/2022\/11\/plain_jane_-_hawaiian_haze_02__46672_1592418041_1280_1280__73248.jpg","width":640,"height":640,"caption":"Fleur de chanvre de pin hawa\u00efen"},{"@type":"BreadcrumbList","@id":"https:\/\/everydaychemshop.com\/fr\/product\/fleur-de-pin-hawaien-chanvre\/#breadcrumb","itemListElement":[{"@type":"ListItem","position":1,"name":"Home","item":"https:\/\/everydaychemshop.com\/fr\/"},{"@type":"ListItem","position":2,"name":"Des produits","item":"https:\/\/everydaychemshop.com\/fr\/des-produits\/"},{"@type":"ListItem","position":3,"name":"Fleur de chanvre de pin hawa\u00efen"}]},{"@type":"WebSite","@id":"https:\/\/everydaychemshop.com\/fr\/#website","url":"https:\/\/everydaychemshop.com\/fr\/","name":"Everyday Chem Shop","description":"","potentialAction":[{"@type":"SearchAction","target":{"@type":"EntryPoint","urlTemplate":"https:\/\/everydaychemshop.com\/fr\/?s={search_term_string}"},"query-input":{"@type":"PropertyValueSpecification","valueRequired":true,"valueName":"search_term_string"}}],"inLanguage":"en-US"}]}},"_links":{"self":[{"href":"https:\/\/everydaychemshop.com\/fr\/wp-json\/wp\/v2\/product\/8293","targetHints":{"allow":["GET"]}}],"collection":[{"href":"https:\/\/everydaychemshop.com\/fr\/wp-json\/wp\/v2\/product"}],"about":[{"href":"https:\/\/everydaychemshop.com\/fr\/wp-json\/wp\/v2\/types\/product"}],"replies":[{"embeddable":true,"href":"https:\/\/everydaychemshop.com\/fr\/wp-json\/wp\/v2\/comments?post=8293"}],"wp:featuredmedia":[{"embeddable":true,"href":"https:\/\/everydaychemshop.com\/fr\/wp-json\/wp\/v2\/media\/8295"}],"wp:attachment":[{"href":"https:\/\/everydaychemshop.com\/fr\/wp-json\/wp\/v2\/media?parent=8293"}],"wp:term":[{"taxonomy":"product_brand","embeddable":true,"href":"https:\/\/everydaychemshop.com\/fr\/wp-json\/wp\/v2\/product_brand?post=8293"},{"taxonomy":"product_cat","embeddable":true,"href":"https:\/\/everydaychemshop.com\/fr\/wp-json\/wp\/v2\/product_cat?post=8293"},{"taxonomy":"product_tag","embeddable":true,"href":"https:\/\/everydaychemshop.com\/fr\/wp-json\/wp\/v2\/product_tag?post=8293"}],"curies":[{"name":"wp","href":"https:\/\/api.w.org\/{rel}","templated":true}]}}