{"id":8299,"date":"2022-11-20T07:08:50","date_gmt":"2022-11-20T07:08:50","guid":{"rendered":"https:\/\/everydaychemshop.com\/fr\/?post_type=product&#038;p=8299"},"modified":"2023-04-07T10:34:36","modified_gmt":"2023-04-07T10:34:36","slug":"otto-x-cerise-cbd-chanvre-fleur","status":"publish","type":"product","link":"https:\/\/everydaychemshop.com\/fr\/product\/otto-x-cerise-cbd-chanvre-fleur\/","title":{"rendered":"Fleur de chanvre OTTO X Cerise CBD"},"content":{"rendered":"<h1>Fleur de chanvre OTTO X Cerise CBD<\/h1>\n<p><a href=\"https:\/\/everydaychemshop.com\/fr\/product\/otto-x-cerise-cbd-chanvre-fleur\/\">Fleur de chanvre OTTO X Cerise CBD<\/a>. Notre fleur f\u00e9minine Otto Cherry CBD contient moins de 0,3 % de THC avec 21 % de CBD, ce qui en fait le pantalon parfait pour tous les fabricants de tous les pays.<\/p>\n<p>Cherry X Otto est une combinaison unique de la g\u00e9n\u00e9tique originale de Cherry, associ\u00e9e \u00e0 <a href=\"https:\/\/fr.wikipedia.org\/wiki\/CBD\">la<\/a> g\u00e9n\u00e9tique prim\u00e9e Otto II pour cr\u00e9er un croisement entre deux types de forces CBD.<\/p>\n<p>L&#8217;effet est \u00e9difiant, fruit\u00e9 mais color\u00e9, l\u00e9g\u00e8rement sucr\u00e9. Cette d\u00e9licieuse vari\u00e9t\u00e9 cultiv\u00e9e dans l&#8217;Oregon est connue pour son effet calmant et garde votre esprit clair et concentr\u00e9.<\/p>\n","protected":false},"excerpt":{"rendered":"<p>Otto x Cherry\u00a0grown\u00a0a un excellent rem\u00e8de comme le Jazzyman. Il est cultiv\u00e9 biologiquement et a une odeur incroyable.<\/p>\n<p>Teneur en CBD\u00a0: 21,5\u00a0%<\/p>\n<p>Teneur en Thc\u00a0: inf\u00e9rieure \u00e0 0,3 %<\/p>\n","protected":false},"featured_media":8301,"comment_status":"open","ping_status":"closed","template":"","meta":{"inline_featured_image":false},"product_brand":[],"product_cat":[60],"product_tag":[],"class_list":{"0":"post-8299","1":"product","2":"type-product","3":"status-publish","4":"has-post-thumbnail","6":"product_cat-cbd-chanvre-fleur","8":"first","9":"instock","10":"shipping-taxable","11":"purchasable","12":"product-type-variable","13":"has-default-attributes"},"yoast_head":"<!-- This site is optimized with the Yoast SEO Premium plugin v19.2 (Yoast SEO v27.3) - https:\/\/yoast.com\/product\/yoast-seo-premium-wordpress\/ -->\n<title>Fleur de chanvre OTTO X Cerise CBD - Everyday Chem Shop<\/title>\n<meta name=\"description\" content=\"Fleur de chanvre OTTO X Cerise CBD. Nous vendons en ligne des fleurs de chanvre OTTO X Cherry CBD de haute qualit\u00e9. Veuillez contacter pour plus d&#039;informations\" \/>\n<meta name=\"robots\" content=\"index, follow, max-snippet:-1, max-image-preview:large, max-video-preview:-1\" \/>\n<link rel=\"canonical\" href=\"https:\/\/everydaychemshop.com\/fr\/product\/otto-x-cerise-cbd-chanvre-fleur\/\" \/>\n<meta property=\"og:locale\" content=\"en_US\" \/>\n<meta property=\"og:type\" content=\"article\" \/>\n<meta property=\"og:title\" content=\"Fleur de chanvre OTTO X Cerise CBD\" \/>\n<meta property=\"og:description\" content=\"Fleur de chanvre OTTO X Cerise CBD. Nous vendons en ligne des fleurs de chanvre OTTO X Cherry CBD de haute qualit\u00e9. Veuillez contacter pour plus d&#039;informations\" \/>\n<meta property=\"og:url\" content=\"https:\/\/everydaychemshop.com\/fr\/product\/otto-x-cerise-cbd-chanvre-fleur\/\" \/>\n<meta property=\"og:site_name\" content=\"Everyday Chem Shop\" \/>\n<meta property=\"article:modified_time\" content=\"2023-04-07T10:34:36+00:00\" \/>\n<meta property=\"og:image\" content=\"https:\/\/everydaychemshop.com\/fr\/wp-content\/uploads\/sites\/5\/2022\/11\/Buy-OTTO-X-Cherry-CBD-Hemp-Flower-Online.jpg\" \/>\n\t<meta property=\"og:image:width\" content=\"600\" \/>\n\t<meta property=\"og:image:height\" content=\"600\" \/>\n\t<meta property=\"og:image:type\" content=\"image\/jpeg\" \/>\n<meta name=\"twitter:card\" content=\"summary_large_image\" \/>\n<meta name=\"twitter:label1\" content=\"Est. reading time\" \/>\n\t<meta name=\"twitter:data1\" content=\"1 minute\" \/>\n<script type=\"application\/ld+json\" class=\"yoast-schema-graph\">{\"@context\":\"https:\\\/\\\/schema.org\",\"@graph\":[{\"@type\":\"WebPage\",\"@id\":\"https:\\\/\\\/everydaychemshop.com\\\/fr\\\/product\\\/otto-x-cerise-cbd-chanvre-fleur\\\/\",\"url\":\"https:\\\/\\\/everydaychemshop.com\\\/fr\\\/product\\\/otto-x-cerise-cbd-chanvre-fleur\\\/\",\"name\":\"Fleur de chanvre OTTO X Cerise CBD - Everyday Chem Shop\",\"isPartOf\":{\"@id\":\"https:\\\/\\\/everydaychemshop.com\\\/fr\\\/#website\"},\"primaryImageOfPage\":{\"@id\":\"https:\\\/\\\/everydaychemshop.com\\\/fr\\\/product\\\/otto-x-cerise-cbd-chanvre-fleur\\\/#primaryimage\"},\"image\":{\"@id\":\"https:\\\/\\\/everydaychemshop.com\\\/fr\\\/product\\\/otto-x-cerise-cbd-chanvre-fleur\\\/#primaryimage\"},\"thumbnailUrl\":\"https:\\\/\\\/everydaychemshop.com\\\/fr\\\/wp-content\\\/uploads\\\/sites\\\/5\\\/2022\\\/11\\\/Buy-OTTO-X-Cherry-CBD-Hemp-Flower-Online.jpg\",\"datePublished\":\"2022-11-20T07:08:50+00:00\",\"dateModified\":\"2023-04-07T10:34:36+00:00\",\"description\":\"Fleur de chanvre OTTO X Cerise CBD. Nous vendons en ligne des fleurs de chanvre OTTO X Cherry CBD de haute qualit\u00e9. Veuillez contacter pour plus d'informations\",\"breadcrumb\":{\"@id\":\"https:\\\/\\\/everydaychemshop.com\\\/fr\\\/product\\\/otto-x-cerise-cbd-chanvre-fleur\\\/#breadcrumb\"},\"inLanguage\":\"en-US\",\"potentialAction\":[{\"@type\":\"ReadAction\",\"target\":[\"https:\\\/\\\/everydaychemshop.com\\\/fr\\\/product\\\/otto-x-cerise-cbd-chanvre-fleur\\\/\"]}]},{\"@type\":\"ImageObject\",\"inLanguage\":\"en-US\",\"@id\":\"https:\\\/\\\/everydaychemshop.com\\\/fr\\\/product\\\/otto-x-cerise-cbd-chanvre-fleur\\\/#primaryimage\",\"url\":\"https:\\\/\\\/everydaychemshop.com\\\/fr\\\/wp-content\\\/uploads\\\/sites\\\/5\\\/2022\\\/11\\\/Buy-OTTO-X-Cherry-CBD-Hemp-Flower-Online.jpg\",\"contentUrl\":\"https:\\\/\\\/everydaychemshop.com\\\/fr\\\/wp-content\\\/uploads\\\/sites\\\/5\\\/2022\\\/11\\\/Buy-OTTO-X-Cherry-CBD-Hemp-Flower-Online.jpg\",\"width\":600,\"height\":600,\"caption\":\"Fleur de chanvre OTTO X Cerise CBD\"},{\"@type\":\"BreadcrumbList\",\"@id\":\"https:\\\/\\\/everydaychemshop.com\\\/fr\\\/product\\\/otto-x-cerise-cbd-chanvre-fleur\\\/#breadcrumb\",\"itemListElement\":[{\"@type\":\"ListItem\",\"position\":1,\"name\":\"Home\",\"item\":\"https:\\\/\\\/everydaychemshop.com\\\/fr\\\/\"},{\"@type\":\"ListItem\",\"position\":2,\"name\":\"Des produits\",\"item\":\"https:\\\/\\\/everydaychemshop.com\\\/fr\\\/des-produits\\\/\"},{\"@type\":\"ListItem\",\"position\":3,\"name\":\"Fleur de chanvre OTTO X Cerise CBD\"}]},{\"@type\":\"WebSite\",\"@id\":\"https:\\\/\\\/everydaychemshop.com\\\/fr\\\/#website\",\"url\":\"https:\\\/\\\/everydaychemshop.com\\\/fr\\\/\",\"name\":\"Everyday Chem Shop\",\"description\":\"\",\"potentialAction\":[{\"@type\":\"SearchAction\",\"target\":{\"@type\":\"EntryPoint\",\"urlTemplate\":\"https:\\\/\\\/everydaychemshop.com\\\/fr\\\/?s={search_term_string}\"},\"query-input\":{\"@type\":\"PropertyValueSpecification\",\"valueRequired\":true,\"valueName\":\"search_term_string\"}}],\"inLanguage\":\"en-US\"}]}<\/script>\n<!-- \/ Yoast SEO Premium plugin. -->","yoast_head_json":{"title":"Fleur de chanvre OTTO X Cerise CBD - Everyday Chem Shop","description":"Fleur de chanvre OTTO X Cerise CBD. Nous vendons en ligne des fleurs de chanvre OTTO X Cherry CBD de haute qualit\u00e9. Veuillez contacter pour plus d'informations","robots":{"index":"index","follow":"follow","max-snippet":"max-snippet:-1","max-image-preview":"max-image-preview:large","max-video-preview":"max-video-preview:-1"},"canonical":"https:\/\/everydaychemshop.com\/fr\/product\/otto-x-cerise-cbd-chanvre-fleur\/","og_locale":"en_US","og_type":"article","og_title":"Fleur de chanvre OTTO X Cerise CBD","og_description":"Fleur de chanvre OTTO X Cerise CBD. Nous vendons en ligne des fleurs de chanvre OTTO X Cherry CBD de haute qualit\u00e9. Veuillez contacter pour plus d'informations","og_url":"https:\/\/everydaychemshop.com\/fr\/product\/otto-x-cerise-cbd-chanvre-fleur\/","og_site_name":"Everyday Chem Shop","article_modified_time":"2023-04-07T10:34:36+00:00","og_image":[{"width":600,"height":600,"url":"https:\/\/everydaychemshop.com\/fr\/wp-content\/uploads\/sites\/5\/2022\/11\/Buy-OTTO-X-Cherry-CBD-Hemp-Flower-Online.jpg","type":"image\/jpeg"}],"twitter_card":"summary_large_image","twitter_misc":{"Est. reading time":"1 minute"},"schema":{"@context":"https:\/\/schema.org","@graph":[{"@type":"WebPage","@id":"https:\/\/everydaychemshop.com\/fr\/product\/otto-x-cerise-cbd-chanvre-fleur\/","url":"https:\/\/everydaychemshop.com\/fr\/product\/otto-x-cerise-cbd-chanvre-fleur\/","name":"Fleur de chanvre OTTO X Cerise CBD - Everyday Chem Shop","isPartOf":{"@id":"https:\/\/everydaychemshop.com\/fr\/#website"},"primaryImageOfPage":{"@id":"https:\/\/everydaychemshop.com\/fr\/product\/otto-x-cerise-cbd-chanvre-fleur\/#primaryimage"},"image":{"@id":"https:\/\/everydaychemshop.com\/fr\/product\/otto-x-cerise-cbd-chanvre-fleur\/#primaryimage"},"thumbnailUrl":"https:\/\/everydaychemshop.com\/fr\/wp-content\/uploads\/sites\/5\/2022\/11\/Buy-OTTO-X-Cherry-CBD-Hemp-Flower-Online.jpg","datePublished":"2022-11-20T07:08:50+00:00","dateModified":"2023-04-07T10:34:36+00:00","description":"Fleur de chanvre OTTO X Cerise CBD. Nous vendons en ligne des fleurs de chanvre OTTO X Cherry CBD de haute qualit\u00e9. Veuillez contacter pour plus d'informations","breadcrumb":{"@id":"https:\/\/everydaychemshop.com\/fr\/product\/otto-x-cerise-cbd-chanvre-fleur\/#breadcrumb"},"inLanguage":"en-US","potentialAction":[{"@type":"ReadAction","target":["https:\/\/everydaychemshop.com\/fr\/product\/otto-x-cerise-cbd-chanvre-fleur\/"]}]},{"@type":"ImageObject","inLanguage":"en-US","@id":"https:\/\/everydaychemshop.com\/fr\/product\/otto-x-cerise-cbd-chanvre-fleur\/#primaryimage","url":"https:\/\/everydaychemshop.com\/fr\/wp-content\/uploads\/sites\/5\/2022\/11\/Buy-OTTO-X-Cherry-CBD-Hemp-Flower-Online.jpg","contentUrl":"https:\/\/everydaychemshop.com\/fr\/wp-content\/uploads\/sites\/5\/2022\/11\/Buy-OTTO-X-Cherry-CBD-Hemp-Flower-Online.jpg","width":600,"height":600,"caption":"Fleur de chanvre OTTO X Cerise CBD"},{"@type":"BreadcrumbList","@id":"https:\/\/everydaychemshop.com\/fr\/product\/otto-x-cerise-cbd-chanvre-fleur\/#breadcrumb","itemListElement":[{"@type":"ListItem","position":1,"name":"Home","item":"https:\/\/everydaychemshop.com\/fr\/"},{"@type":"ListItem","position":2,"name":"Des produits","item":"https:\/\/everydaychemshop.com\/fr\/des-produits\/"},{"@type":"ListItem","position":3,"name":"Fleur de chanvre OTTO X Cerise CBD"}]},{"@type":"WebSite","@id":"https:\/\/everydaychemshop.com\/fr\/#website","url":"https:\/\/everydaychemshop.com\/fr\/","name":"Everyday Chem Shop","description":"","potentialAction":[{"@type":"SearchAction","target":{"@type":"EntryPoint","urlTemplate":"https:\/\/everydaychemshop.com\/fr\/?s={search_term_string}"},"query-input":{"@type":"PropertyValueSpecification","valueRequired":true,"valueName":"search_term_string"}}],"inLanguage":"en-US"}]}},"_links":{"self":[{"href":"https:\/\/everydaychemshop.com\/fr\/wp-json\/wp\/v2\/product\/8299","targetHints":{"allow":["GET"]}}],"collection":[{"href":"https:\/\/everydaychemshop.com\/fr\/wp-json\/wp\/v2\/product"}],"about":[{"href":"https:\/\/everydaychemshop.com\/fr\/wp-json\/wp\/v2\/types\/product"}],"replies":[{"embeddable":true,"href":"https:\/\/everydaychemshop.com\/fr\/wp-json\/wp\/v2\/comments?post=8299"}],"wp:featuredmedia":[{"embeddable":true,"href":"https:\/\/everydaychemshop.com\/fr\/wp-json\/wp\/v2\/media\/8301"}],"wp:attachment":[{"href":"https:\/\/everydaychemshop.com\/fr\/wp-json\/wp\/v2\/media?parent=8299"}],"wp:term":[{"taxonomy":"product_brand","embeddable":true,"href":"https:\/\/everydaychemshop.com\/fr\/wp-json\/wp\/v2\/product_brand?post=8299"},{"taxonomy":"product_cat","embeddable":true,"href":"https:\/\/everydaychemshop.com\/fr\/wp-json\/wp\/v2\/product_cat?post=8299"},{"taxonomy":"product_tag","embeddable":true,"href":"https:\/\/everydaychemshop.com\/fr\/wp-json\/wp\/v2\/product_tag?post=8299"}],"curies":[{"name":"wp","href":"https:\/\/api.w.org\/{rel}","templated":true}]}}