{"id":8309,"date":"2022-11-20T07:19:03","date_gmt":"2022-11-20T07:19:03","guid":{"rendered":"https:\/\/everydaychemshop.com\/fr\/?post_type=product&#038;p=8309"},"modified":"2023-04-07T10:33:35","modified_gmt":"2023-04-07T10:33:35","slug":"aigre-diesel-cbd-fleur-de-chanvre","status":"publish","type":"product","link":"https:\/\/everydaychemshop.com\/fr\/product\/aigre-diesel-cbd-fleur-de-chanvre\/","title":{"rendered":"Fleur de chanvre CBD Sour Diesel"},"content":{"rendered":"<h1><strong>Fleur de chanvre CBD Sour Diesel<\/strong><\/h1>\n<p><a href=\"https:\/\/everydaychemshop.com\/fr\/product\/aigre-diesel-cbd-fleur-de-chanvre\/\">Fleur de chanvre CBD Sour Diesel<\/a>. Les fleurs de chanvre Sour Diesel CBD originales sont une vari\u00e9t\u00e9 hybride partageant sa lign\u00e9e avec les embl\u00e9matiques Chemdog 91 et Super Skunk. Les fleurs de chanvre Plain Jane Sour Diesel sont le choix parfait pour les connaisseurs qui cherchent \u00e0 d\u00e9couvrir l&#8217;excellente saveur d&#8217;essence que nous associons souvent \u00e0 la vari\u00e9t\u00e9 Sour Diesel. Lorsque vous achetez pour la premi\u00e8re fois ces fleurs de CBD cultiv\u00e9es en Oregon, vous remarquerez qu&#8217;elles sont assez denses et juteuses. Chaque fleur de CBD taill\u00e9e \u00e0 la main d\u00e9gagera un ar\u00f4me intense d&#8217;essence et d&#8217;agrumes qui s&#8217;infiltrera \u00e0 travers son emballage. Lorsqu&#8217;elles sont fum\u00e9es ou vaporis\u00e9es, ces fleurs aromatiques cr\u00e9ent une tra\u00een\u00e9e douce et une fum\u00e9e cr\u00e9meuse qui laissera une saveur d&#8217;agrumes particuli\u00e8rement piquante sur vos papilles. L&#8217;apparition des effets a tendance \u00e0 <a href=\"https:\/\/fr.wikipedia.org\/wiki\/CBD\">\u00eatre<\/a> une combinaison \u00e0 la fois relaxante et \u00e9nergisante. Cela peut commencer par une profonde vague de calme, soulageant les tensions musculaires et le stress. Progressivement, les effets du CBD peuvent \u00e9voluer, \u00e9nergisant son utilisateur et clarifiant l&#8217;esprit. Les fleurs de chanvre Sour Diesel CBD de Plain Jane poss\u00e8dent un profil diversifi\u00e9 de cannabino\u00efdes, c&#8217;est donc un excellent choix pour ceux qui cherchent \u00e0 profiter des avantages de l&#8217;effet d&#8217;entourage. Les principaux cannabino\u00efdes qui fleurissent dans ses t\u00eates sont le CBDA, le CBGA, le CBD et le THCA. Maintenant, si vous vous demandez si le profil terp\u00e9nique est tout aussi color\u00e9, alors nous avons de bonnes nouvelles ! Les fleurs de chanvre Sour Diesel poss\u00e8dent en effet un profil diversifi\u00e9 de terp\u00e8nes, dont la plupart comprennent du caryophyll\u00e8ne, du d-limon\u00e8ne, du myrc\u00e8ne, du b\u00eata-pin\u00e8ne et du linalol.<\/p>\n<p>Toutes les fleurs de chanvre Plain Jane sont conformes au Farm Bill 2018 de sorte qu&#8217;ils contiennent des niveaux de THC inf\u00e9rieurs \u00e0 0,3 %. Cela signifie que nos fleurs de chanvre Sour Diesel n&#8217;auront pas d&#8217;effets psychoactifs enivrants. Les fleurs de CBD Plain Jane Sour Diesel peuvent contenir des niveaux de CBD allant de 19\u00a0% \u00e0 25\u00a0%.<\/p>\n<h2><b>Instructions<\/b><\/h2>\n<p>Les fleurs de chanvre Plain Jane Sour Diesel CBD sont mieux consomm\u00e9es en fumant ou en vapotant. De nombreux fans choisissent de broyer, rouler et fumer leurs fleurs de chanvre Plain Jane. Cependant, vous pouvez \u00e9galement consommer des fleurs de chanvre via des bangs et des vaporisateurs secs.<\/p>\n<h2><b>Qu&#8217;est-ce que le CBD\u00a0?<\/b><\/h2>\n<p>Le CBD, alias cannabidiol, est un cannabino\u00efde bien document\u00e9 dominant dans nos fleurs de chanvre Plain Jane. Les fleurs de chanvre riches en CBD ne sont pas psychoactives, ce qui signifie qu&#8217;elles ne feront pas planer son utilisateur. Aujourd&#8217;hui, le CBD est consid\u00e9r\u00e9 comme l&#8217;un des cannabino\u00efdes les plus \u00e9tudi\u00e9s de la plante de chanvre, principalement parce qu&#8217;il est cens\u00e9 avoir une gamme de propri\u00e9t\u00e9s th\u00e9rapeutiques.<\/p>\n<p>Certains des avantages les plus courants signal\u00e9s par les clients incluent\u00a0:<\/p>\n<ul>\n<li style=\"list-style-type: none\">\n<ul>\n<li>Soulagement de l&#8217;anxi\u00e9t\u00e9<\/li>\n<\/ul>\n<\/li>\n<\/ul>\n<p>&nbsp;<\/p>\n<ul>\n<li>\n<ul>\n<li>Soulagement des migraines et des maux de t\u00eate<\/li>\n<\/ul>\n<\/li>\n<\/ul>\n<p>Plain Jane stocke actuellement du CBD de haute qualit\u00e9 produit aux \u00c9tats-Unis. Certains de nos meilleurs vendeurs incluent nos\u00a0huiles et topiques CBD,\u00a0fleurs de chanvre CBD,\u00a0g\u00e9lifi\u00e9s CBD, et plus\u00a0!<\/p>\n<h2><b>Attention<\/b><\/h2>\n<p>&nbsp;<\/p>\n<ul>\n<li>\n<ul>\n<li style=\"list-style-type: none\">\n<ul>\n<li>N&#8217;utilisez pas le produit lorsque vous conduisez un v\u00e9hicule ou de la machinerie lourde.<\/li>\n<\/ul>\n<\/li>\n<\/ul>\n<ul>\n<li style=\"list-style-type: none\">\n<ul>\n<li>Utiliser de mani\u00e8re responsable et tenir hors de port\u00e9e des enfants.<\/li>\n<\/ul>\n<\/li>\n<\/ul>\n<ul>\n<li style=\"list-style-type: none\">\n<ul>\n<li>\u00a0Si vous faites l&#8217;objet d&#8217;un d\u00e9pistage r\u00e9gulier ou al\u00e9atoire, il est pr\u00e9f\u00e9rable de ne pas consommer ce produit. La plupart des tests de d\u00e9pistage de drogue standard ne pourront pas faire la diff\u00e9rence entre le Delta-8-THC et le Delta-9.<\/li>\n<\/ul>\n<\/li>\n<\/ul>\n<ul>\n<li>\n<ul>\n<li>\u00a0Plain\u00a0Jane ne peut \u00eatre tenu responsable de toute personne qui consomme ce produit.<\/li>\n<\/ul>\n<\/li>\n<\/ul>\n<ul>\n<li>\n<ul>\n<li>\u00a0La\u00a0Food and Drug Administration\u00a0n&#8217;a pas \u00e9valu\u00e9 ces d\u00e9clarations.<\/li>\n<\/ul>\n<\/li>\n<\/ul>\n<ul>\n<li style=\"list-style-type: none\">\n<ul>\n<li>\u00a0Ce produit n&#8217;est pas destin\u00e9 \u00e0 diagnostiquer, traiter, gu\u00e9rir ou pr\u00e9venir une maladie. \u00c0 utiliser avec prudence.<\/li>\n<\/ul>\n<\/li>\n<\/ul>\n<ul>\n<li>Ne pas utiliser si vous \u00eates enceinte.<\/li>\n<\/ul>\n<\/li>\n<\/ul>\n","protected":false},"excerpt":{"rendered":"<p>Les fleurs de chanvre Sour Diesel CBD originales sont une vari\u00e9t\u00e9 hybride partageant sa lign\u00e9e avec les vari\u00e9t\u00e9s embl\u00e9matiques Chemdog 91 et Super Skunk.<\/p>\n","protected":false},"featured_media":8311,"comment_status":"open","ping_status":"closed","template":"","meta":{"inline_featured_image":false},"product_brand":[],"product_cat":[60],"product_tag":[],"class_list":{"0":"post-8309","1":"product","2":"type-product","3":"status-publish","4":"has-post-thumbnail","6":"product_cat-cbd-chanvre-fleur","8":"first","9":"instock","10":"shipping-taxable","11":"purchasable","12":"product-type-variable","13":"has-default-attributes"},"yoast_head":"<!-- This site is optimized with the Yoast SEO Premium plugin v19.2 (Yoast SEO v27.3) - https:\/\/yoast.com\/product\/yoast-seo-premium-wordpress\/ -->\n<title>Fleur de chanvre CBD Sour Diesel - Everyday Chem Shop<\/title>\n<meta name=\"description\" content=\"Fleur de chanvre CBD Sour Diesel. Nous vendons en ligne des fleurs de chanvre CBD Sour Diesel de haute qualit\u00e9. Veuillez contacter pour plus d&#039;informations et les prix.\" \/>\n<meta name=\"robots\" content=\"index, follow, max-snippet:-1, max-image-preview:large, max-video-preview:-1\" \/>\n<link rel=\"canonical\" href=\"https:\/\/everydaychemshop.com\/fr\/product\/aigre-diesel-cbd-fleur-de-chanvre\/\" \/>\n<meta property=\"og:locale\" content=\"en_US\" \/>\n<meta property=\"og:type\" content=\"article\" \/>\n<meta property=\"og:title\" content=\"Fleur de chanvre CBD Sour Diesel\" \/>\n<meta property=\"og:description\" content=\"Fleur de chanvre CBD Sour Diesel. Nous vendons en ligne des fleurs de chanvre CBD Sour Diesel de haute qualit\u00e9. Veuillez contacter pour plus d&#039;informations et les prix.\" \/>\n<meta property=\"og:url\" content=\"https:\/\/everydaychemshop.com\/fr\/product\/aigre-diesel-cbd-fleur-de-chanvre\/\" \/>\n<meta property=\"og:site_name\" content=\"Everyday Chem Shop\" \/>\n<meta property=\"article:modified_time\" content=\"2023-04-07T10:33:35+00:00\" \/>\n<meta property=\"og:image\" content=\"https:\/\/everydaychemshop.com\/fr\/wp-content\/uploads\/sites\/5\/2022\/11\/Sour-Diesel-CBD-Hemp-Flower.jpg\" \/>\n\t<meta property=\"og:image:width\" content=\"640\" \/>\n\t<meta property=\"og:image:height\" content=\"965\" \/>\n\t<meta property=\"og:image:type\" content=\"image\/jpeg\" \/>\n<meta name=\"twitter:card\" content=\"summary_large_image\" \/>\n<meta name=\"twitter:label1\" content=\"Est. reading time\" \/>\n\t<meta name=\"twitter:data1\" content=\"3 minutes\" \/>\n<script type=\"application\/ld+json\" class=\"yoast-schema-graph\">{\"@context\":\"https:\\\/\\\/schema.org\",\"@graph\":[{\"@type\":\"WebPage\",\"@id\":\"https:\\\/\\\/everydaychemshop.com\\\/fr\\\/product\\\/aigre-diesel-cbd-fleur-de-chanvre\\\/\",\"url\":\"https:\\\/\\\/everydaychemshop.com\\\/fr\\\/product\\\/aigre-diesel-cbd-fleur-de-chanvre\\\/\",\"name\":\"Fleur de chanvre CBD Sour Diesel - Everyday Chem Shop\",\"isPartOf\":{\"@id\":\"https:\\\/\\\/everydaychemshop.com\\\/fr\\\/#website\"},\"primaryImageOfPage\":{\"@id\":\"https:\\\/\\\/everydaychemshop.com\\\/fr\\\/product\\\/aigre-diesel-cbd-fleur-de-chanvre\\\/#primaryimage\"},\"image\":{\"@id\":\"https:\\\/\\\/everydaychemshop.com\\\/fr\\\/product\\\/aigre-diesel-cbd-fleur-de-chanvre\\\/#primaryimage\"},\"thumbnailUrl\":\"https:\\\/\\\/everydaychemshop.com\\\/fr\\\/wp-content\\\/uploads\\\/sites\\\/5\\\/2022\\\/11\\\/Sour-Diesel-CBD-Hemp-Flower.jpg\",\"datePublished\":\"2022-11-20T07:19:03+00:00\",\"dateModified\":\"2023-04-07T10:33:35+00:00\",\"description\":\"Fleur de chanvre CBD Sour Diesel. Nous vendons en ligne des fleurs de chanvre CBD Sour Diesel de haute qualit\u00e9. Veuillez contacter pour plus d'informations et les prix.\",\"breadcrumb\":{\"@id\":\"https:\\\/\\\/everydaychemshop.com\\\/fr\\\/product\\\/aigre-diesel-cbd-fleur-de-chanvre\\\/#breadcrumb\"},\"inLanguage\":\"en-US\",\"potentialAction\":[{\"@type\":\"ReadAction\",\"target\":[\"https:\\\/\\\/everydaychemshop.com\\\/fr\\\/product\\\/aigre-diesel-cbd-fleur-de-chanvre\\\/\"]}]},{\"@type\":\"ImageObject\",\"inLanguage\":\"en-US\",\"@id\":\"https:\\\/\\\/everydaychemshop.com\\\/fr\\\/product\\\/aigre-diesel-cbd-fleur-de-chanvre\\\/#primaryimage\",\"url\":\"https:\\\/\\\/everydaychemshop.com\\\/fr\\\/wp-content\\\/uploads\\\/sites\\\/5\\\/2022\\\/11\\\/Sour-Diesel-CBD-Hemp-Flower.jpg\",\"contentUrl\":\"https:\\\/\\\/everydaychemshop.com\\\/fr\\\/wp-content\\\/uploads\\\/sites\\\/5\\\/2022\\\/11\\\/Sour-Diesel-CBD-Hemp-Flower.jpg\",\"width\":640,\"height\":965,\"caption\":\"Fleur de chanvre CBD Sour Diesel\"},{\"@type\":\"BreadcrumbList\",\"@id\":\"https:\\\/\\\/everydaychemshop.com\\\/fr\\\/product\\\/aigre-diesel-cbd-fleur-de-chanvre\\\/#breadcrumb\",\"itemListElement\":[{\"@type\":\"ListItem\",\"position\":1,\"name\":\"Home\",\"item\":\"https:\\\/\\\/everydaychemshop.com\\\/fr\\\/\"},{\"@type\":\"ListItem\",\"position\":2,\"name\":\"Des produits\",\"item\":\"https:\\\/\\\/everydaychemshop.com\\\/fr\\\/des-produits\\\/\"},{\"@type\":\"ListItem\",\"position\":3,\"name\":\"Fleur de chanvre CBD Sour Diesel\"}]},{\"@type\":\"WebSite\",\"@id\":\"https:\\\/\\\/everydaychemshop.com\\\/fr\\\/#website\",\"url\":\"https:\\\/\\\/everydaychemshop.com\\\/fr\\\/\",\"name\":\"Everyday Chem Shop\",\"description\":\"\",\"potentialAction\":[{\"@type\":\"SearchAction\",\"target\":{\"@type\":\"EntryPoint\",\"urlTemplate\":\"https:\\\/\\\/everydaychemshop.com\\\/fr\\\/?s={search_term_string}\"},\"query-input\":{\"@type\":\"PropertyValueSpecification\",\"valueRequired\":true,\"valueName\":\"search_term_string\"}}],\"inLanguage\":\"en-US\"}]}<\/script>\n<!-- \/ Yoast SEO Premium plugin. -->","yoast_head_json":{"title":"Fleur de chanvre CBD Sour Diesel - Everyday Chem Shop","description":"Fleur de chanvre CBD Sour Diesel. Nous vendons en ligne des fleurs de chanvre CBD Sour Diesel de haute qualit\u00e9. Veuillez contacter pour plus d'informations et les prix.","robots":{"index":"index","follow":"follow","max-snippet":"max-snippet:-1","max-image-preview":"max-image-preview:large","max-video-preview":"max-video-preview:-1"},"canonical":"https:\/\/everydaychemshop.com\/fr\/product\/aigre-diesel-cbd-fleur-de-chanvre\/","og_locale":"en_US","og_type":"article","og_title":"Fleur de chanvre CBD Sour Diesel","og_description":"Fleur de chanvre CBD Sour Diesel. Nous vendons en ligne des fleurs de chanvre CBD Sour Diesel de haute qualit\u00e9. Veuillez contacter pour plus d'informations et les prix.","og_url":"https:\/\/everydaychemshop.com\/fr\/product\/aigre-diesel-cbd-fleur-de-chanvre\/","og_site_name":"Everyday Chem Shop","article_modified_time":"2023-04-07T10:33:35+00:00","og_image":[{"width":640,"height":965,"url":"https:\/\/everydaychemshop.com\/fr\/wp-content\/uploads\/sites\/5\/2022\/11\/Sour-Diesel-CBD-Hemp-Flower.jpg","type":"image\/jpeg"}],"twitter_card":"summary_large_image","twitter_misc":{"Est. reading time":"3 minutes"},"schema":{"@context":"https:\/\/schema.org","@graph":[{"@type":"WebPage","@id":"https:\/\/everydaychemshop.com\/fr\/product\/aigre-diesel-cbd-fleur-de-chanvre\/","url":"https:\/\/everydaychemshop.com\/fr\/product\/aigre-diesel-cbd-fleur-de-chanvre\/","name":"Fleur de chanvre CBD Sour Diesel - Everyday Chem Shop","isPartOf":{"@id":"https:\/\/everydaychemshop.com\/fr\/#website"},"primaryImageOfPage":{"@id":"https:\/\/everydaychemshop.com\/fr\/product\/aigre-diesel-cbd-fleur-de-chanvre\/#primaryimage"},"image":{"@id":"https:\/\/everydaychemshop.com\/fr\/product\/aigre-diesel-cbd-fleur-de-chanvre\/#primaryimage"},"thumbnailUrl":"https:\/\/everydaychemshop.com\/fr\/wp-content\/uploads\/sites\/5\/2022\/11\/Sour-Diesel-CBD-Hemp-Flower.jpg","datePublished":"2022-11-20T07:19:03+00:00","dateModified":"2023-04-07T10:33:35+00:00","description":"Fleur de chanvre CBD Sour Diesel. Nous vendons en ligne des fleurs de chanvre CBD Sour Diesel de haute qualit\u00e9. Veuillez contacter pour plus d'informations et les prix.","breadcrumb":{"@id":"https:\/\/everydaychemshop.com\/fr\/product\/aigre-diesel-cbd-fleur-de-chanvre\/#breadcrumb"},"inLanguage":"en-US","potentialAction":[{"@type":"ReadAction","target":["https:\/\/everydaychemshop.com\/fr\/product\/aigre-diesel-cbd-fleur-de-chanvre\/"]}]},{"@type":"ImageObject","inLanguage":"en-US","@id":"https:\/\/everydaychemshop.com\/fr\/product\/aigre-diesel-cbd-fleur-de-chanvre\/#primaryimage","url":"https:\/\/everydaychemshop.com\/fr\/wp-content\/uploads\/sites\/5\/2022\/11\/Sour-Diesel-CBD-Hemp-Flower.jpg","contentUrl":"https:\/\/everydaychemshop.com\/fr\/wp-content\/uploads\/sites\/5\/2022\/11\/Sour-Diesel-CBD-Hemp-Flower.jpg","width":640,"height":965,"caption":"Fleur de chanvre CBD Sour Diesel"},{"@type":"BreadcrumbList","@id":"https:\/\/everydaychemshop.com\/fr\/product\/aigre-diesel-cbd-fleur-de-chanvre\/#breadcrumb","itemListElement":[{"@type":"ListItem","position":1,"name":"Home","item":"https:\/\/everydaychemshop.com\/fr\/"},{"@type":"ListItem","position":2,"name":"Des produits","item":"https:\/\/everydaychemshop.com\/fr\/des-produits\/"},{"@type":"ListItem","position":3,"name":"Fleur de chanvre CBD Sour Diesel"}]},{"@type":"WebSite","@id":"https:\/\/everydaychemshop.com\/fr\/#website","url":"https:\/\/everydaychemshop.com\/fr\/","name":"Everyday Chem Shop","description":"","potentialAction":[{"@type":"SearchAction","target":{"@type":"EntryPoint","urlTemplate":"https:\/\/everydaychemshop.com\/fr\/?s={search_term_string}"},"query-input":{"@type":"PropertyValueSpecification","valueRequired":true,"valueName":"search_term_string"}}],"inLanguage":"en-US"}]}},"_links":{"self":[{"href":"https:\/\/everydaychemshop.com\/fr\/wp-json\/wp\/v2\/product\/8309","targetHints":{"allow":["GET"]}}],"collection":[{"href":"https:\/\/everydaychemshop.com\/fr\/wp-json\/wp\/v2\/product"}],"about":[{"href":"https:\/\/everydaychemshop.com\/fr\/wp-json\/wp\/v2\/types\/product"}],"replies":[{"embeddable":true,"href":"https:\/\/everydaychemshop.com\/fr\/wp-json\/wp\/v2\/comments?post=8309"}],"wp:featuredmedia":[{"embeddable":true,"href":"https:\/\/everydaychemshop.com\/fr\/wp-json\/wp\/v2\/media\/8311"}],"wp:attachment":[{"href":"https:\/\/everydaychemshop.com\/fr\/wp-json\/wp\/v2\/media?parent=8309"}],"wp:term":[{"taxonomy":"product_brand","embeddable":true,"href":"https:\/\/everydaychemshop.com\/fr\/wp-json\/wp\/v2\/product_brand?post=8309"},{"taxonomy":"product_cat","embeddable":true,"href":"https:\/\/everydaychemshop.com\/fr\/wp-json\/wp\/v2\/product_cat?post=8309"},{"taxonomy":"product_tag","embeddable":true,"href":"https:\/\/everydaychemshop.com\/fr\/wp-json\/wp\/v2\/product_tag?post=8309"}],"curies":[{"name":"wp","href":"https:\/\/api.w.org\/{rel}","templated":true}]}}