{"id":8315,"date":"2022-11-20T07:29:18","date_gmt":"2022-11-20T07:29:18","guid":{"rendered":"https:\/\/everydaychemshop.com\/fr\/?post_type=product&#038;p=8315"},"modified":"2023-04-07T10:32:25","modified_gmt":"2023-04-07T10:32:25","slug":"suzy-q-cbd-fleur-de-chanvre","status":"publish","type":"product","link":"https:\/\/everydaychemshop.com\/fr\/product\/suzy-q-cbd-fleur-de-chanvre\/","title":{"rendered":"Fleur de chanvre Suzy Q CBD"},"content":{"rendered":"<h1>Achetez la fleur de chanvre Suzy Q CBD en ligne<\/h1>\n<p><a href=\"https:\/\/everydaychemshop.com\/fr\/product\/suzy-q-cbd-fleur-de-chanvre\/\">Achetez la fleur de chanvre Suzy Q CBD en ligne<\/a>. Garantir la qualit\u00e9 de la fleur de chanvre de la ferme \u00e0 la vente<\/p>\n<p>La fleur de chanvre Suzy Q est cultiv\u00e9e dans une belle ferme de 100 acres dans le nord de la Californie. <a href=\"https:\/\/fr.wikipedia.org\/wiki\/CBD\">Le<\/a> climat idyllique du nord de la Californie ressemble \u00e0 un \u00e9t\u00e9 sans fin, et ces journ\u00e9es s\u00e8ches et lumineuses signifient des r\u00e9coltes exceptionnelles de fleurs magnifiques qui ne souffrent pas de moisissure ou d&#8217;o\u00efdium.<\/p>\n<p>Notre ferme est biologique, ce qui signifie que nous ne utiliser des engrais chimiques ou des pesticides. Nous prenons grand soin d&#8217;assurer une bonne permaculture &#8211; un \u00e9cosyst\u00e8me agricole durable et autosuffisant. Une fa\u00e7on de le faire est d&#8217;utiliser un engrais top-dressing, qui oblige les racines \u00e0 travailler plus fort pour promouvoir un sol sain dans lequel nos plantes prosp\u00e9reront.<\/p>\n<p>Une fois qu&#8217;elles ont atteint leur plein potentiel, nos plantes de chanvre sont suspendues \u00e0 l&#8217;envers pour s\u00e9cher, puis saumur\u00e9 \u00e0 sec et taill\u00e9 \u00e0 la main. Le cannabis est une culture d\u00e9licate. M\u00eame de petites erreurs lors de la culture ou de la r\u00e9colte peuvent rapidement alt\u00e9rer la qualit\u00e9 des bourgeons. Nous insistons sur la transparence totale et le contr\u00f4le de la qualit\u00e9\u2026 et vous aussi. Les fleurs de chanvre n&#8217;exigent rien de moins.<\/p>\n<p>Tests ind\u00e9pendants sur notre fleur de chanvre CBD<br \/>\nChaque culture est test\u00e9e pour sa puret\u00e9 et sa puissance \u00e0 un\u00a0laboratoire ind\u00e9pendant\u00a0enregistr\u00e9 DEA, accr\u00e9dit\u00e9 ISO 17025, accr\u00e9dit\u00e9 AHCA et accr\u00e9dit\u00e9 CLIA. Les tests sur panel complet examinent\u00a0:<\/p>\n<p>La puissance du CBD, du THC et d&#8217;autres cannabino\u00efdes.<br \/>\nLes m\u00e9taux lourds (plomb, mercure, arsenic, cadmium).<br \/>\nLes bact\u00e9ries telles que le coli et autres agents pathog\u00e8nes.<br \/>\nMycotoxines et autres contaminants.<br \/>\nNous incluons un certificat d&#8217;analyse avec chaque commande, afin que vous sachiez toujours exactement ce que vous obtenez lorsque vous achetez Crescent Flower.<\/p>\n","protected":false},"excerpt":{"rendered":"<p>Achetez Suzy Q CBD Fleur de chanvre \u00e0 spectre complet Fleur de chanvre. Suzy Q est une vari\u00e9t\u00e9 riche en CBD et faible en THC avec un go\u00fbt de pin qui aide \u00e0 traiter les sympt\u00f4mes avec peu ou pas d&#8217;effet euphorique.<\/p>\n<p>Suzy Q est une vari\u00e9t\u00e9 riche en CBD et faible en THC avec un go\u00fbt de pin qui aide \u00e0 traiter les sympt\u00f4mes avec peu ou pas d&#8217;effet \u00e9lev\u00e9. Une excellente vari\u00e9t\u00e9 \u00e0 ajouter \u00e0 la famille CBD.<br \/>\nCbd\u00a0: 15-17\u00a0%<\/p>\n<p>Thc\u00a0: 0,2\u00a0%<\/p>\n","protected":false},"featured_media":8317,"comment_status":"open","ping_status":"closed","template":"","meta":{"inline_featured_image":false},"product_brand":[],"product_cat":[60],"product_tag":[],"class_list":{"0":"post-8315","1":"product","2":"type-product","3":"status-publish","4":"has-post-thumbnail","6":"product_cat-cbd-chanvre-fleur","8":"first","9":"instock","10":"shipping-taxable","11":"purchasable","12":"product-type-variable","13":"has-default-attributes"},"yoast_head":"<!-- This site is optimized with the Yoast SEO Premium plugin v19.2 (Yoast SEO v27.3) - https:\/\/yoast.com\/product\/yoast-seo-premium-wordpress\/ -->\n<title>Achetez la fleur de chanvre Suzy Q CBD - Everyday Chem Shop<\/title>\n<meta name=\"description\" content=\"Achetez la fleur de chanvre Suzy Q CBD en ligne. Nous vendons des fleurs de chanvre Suzy Q CBD de haute qualit\u00e9. Contactez-nous pour plus d&#039;informations et les prix sur la fa\u00e7on de commander.\" \/>\n<meta name=\"robots\" content=\"index, follow, max-snippet:-1, max-image-preview:large, max-video-preview:-1\" \/>\n<link rel=\"canonical\" href=\"https:\/\/everydaychemshop.com\/fr\/product\/suzy-q-cbd-fleur-de-chanvre\/\" \/>\n<meta property=\"og:locale\" content=\"en_US\" \/>\n<meta property=\"og:type\" content=\"article\" \/>\n<meta property=\"og:title\" content=\"Fleur de chanvre Suzy Q CBD\" \/>\n<meta property=\"og:description\" content=\"Achetez la fleur de chanvre Suzy Q CBD en ligne. Nous vendons des fleurs de chanvre Suzy Q CBD de haute qualit\u00e9. Contactez-nous pour plus d&#039;informations et les prix sur la fa\u00e7on de commander.\" \/>\n<meta property=\"og:url\" content=\"https:\/\/everydaychemshop.com\/fr\/product\/suzy-q-cbd-fleur-de-chanvre\/\" \/>\n<meta property=\"og:site_name\" content=\"Everyday Chem Shop\" \/>\n<meta property=\"article:modified_time\" content=\"2023-04-07T10:32:25+00:00\" \/>\n<meta property=\"og:image\" content=\"https:\/\/everydaychemshop.com\/fr\/wp-content\/uploads\/sites\/5\/2022\/11\/Buy-Suzy-Q-CBD-Hemp-Flower-Online.jpg\" \/>\n\t<meta property=\"og:image:width\" content=\"600\" \/>\n\t<meta property=\"og:image:height\" content=\"600\" \/>\n\t<meta property=\"og:image:type\" content=\"image\/jpeg\" \/>\n<meta name=\"twitter:card\" content=\"summary_large_image\" \/>\n<meta name=\"twitter:label1\" content=\"Est. reading time\" \/>\n\t<meta name=\"twitter:data1\" content=\"2 minutes\" \/>\n<script type=\"application\/ld+json\" class=\"yoast-schema-graph\">{\"@context\":\"https:\\\/\\\/schema.org\",\"@graph\":[{\"@type\":\"WebPage\",\"@id\":\"https:\\\/\\\/everydaychemshop.com\\\/fr\\\/product\\\/suzy-q-cbd-fleur-de-chanvre\\\/\",\"url\":\"https:\\\/\\\/everydaychemshop.com\\\/fr\\\/product\\\/suzy-q-cbd-fleur-de-chanvre\\\/\",\"name\":\"Achetez la fleur de chanvre Suzy Q CBD - Everyday Chem Shop\",\"isPartOf\":{\"@id\":\"https:\\\/\\\/everydaychemshop.com\\\/fr\\\/#website\"},\"primaryImageOfPage\":{\"@id\":\"https:\\\/\\\/everydaychemshop.com\\\/fr\\\/product\\\/suzy-q-cbd-fleur-de-chanvre\\\/#primaryimage\"},\"image\":{\"@id\":\"https:\\\/\\\/everydaychemshop.com\\\/fr\\\/product\\\/suzy-q-cbd-fleur-de-chanvre\\\/#primaryimage\"},\"thumbnailUrl\":\"https:\\\/\\\/everydaychemshop.com\\\/fr\\\/wp-content\\\/uploads\\\/sites\\\/5\\\/2022\\\/11\\\/Buy-Suzy-Q-CBD-Hemp-Flower-Online.jpg\",\"datePublished\":\"2022-11-20T07:29:18+00:00\",\"dateModified\":\"2023-04-07T10:32:25+00:00\",\"description\":\"Achetez la fleur de chanvre Suzy Q CBD en ligne. Nous vendons des fleurs de chanvre Suzy Q CBD de haute qualit\u00e9. Contactez-nous pour plus d'informations et les prix sur la fa\u00e7on de commander.\",\"breadcrumb\":{\"@id\":\"https:\\\/\\\/everydaychemshop.com\\\/fr\\\/product\\\/suzy-q-cbd-fleur-de-chanvre\\\/#breadcrumb\"},\"inLanguage\":\"en-US\",\"potentialAction\":[{\"@type\":\"ReadAction\",\"target\":[\"https:\\\/\\\/everydaychemshop.com\\\/fr\\\/product\\\/suzy-q-cbd-fleur-de-chanvre\\\/\"]}]},{\"@type\":\"ImageObject\",\"inLanguage\":\"en-US\",\"@id\":\"https:\\\/\\\/everydaychemshop.com\\\/fr\\\/product\\\/suzy-q-cbd-fleur-de-chanvre\\\/#primaryimage\",\"url\":\"https:\\\/\\\/everydaychemshop.com\\\/fr\\\/wp-content\\\/uploads\\\/sites\\\/5\\\/2022\\\/11\\\/Buy-Suzy-Q-CBD-Hemp-Flower-Online.jpg\",\"contentUrl\":\"https:\\\/\\\/everydaychemshop.com\\\/fr\\\/wp-content\\\/uploads\\\/sites\\\/5\\\/2022\\\/11\\\/Buy-Suzy-Q-CBD-Hemp-Flower-Online.jpg\",\"width\":600,\"height\":600,\"caption\":\"Achetez la fleur de chanvre Suzy Q CBD en ligne\"},{\"@type\":\"BreadcrumbList\",\"@id\":\"https:\\\/\\\/everydaychemshop.com\\\/fr\\\/product\\\/suzy-q-cbd-fleur-de-chanvre\\\/#breadcrumb\",\"itemListElement\":[{\"@type\":\"ListItem\",\"position\":1,\"name\":\"Home\",\"item\":\"https:\\\/\\\/everydaychemshop.com\\\/fr\\\/\"},{\"@type\":\"ListItem\",\"position\":2,\"name\":\"Des produits\",\"item\":\"https:\\\/\\\/everydaychemshop.com\\\/fr\\\/des-produits\\\/\"},{\"@type\":\"ListItem\",\"position\":3,\"name\":\"Fleur de chanvre Suzy Q CBD\"}]},{\"@type\":\"WebSite\",\"@id\":\"https:\\\/\\\/everydaychemshop.com\\\/fr\\\/#website\",\"url\":\"https:\\\/\\\/everydaychemshop.com\\\/fr\\\/\",\"name\":\"Everyday Chem Shop\",\"description\":\"\",\"potentialAction\":[{\"@type\":\"SearchAction\",\"target\":{\"@type\":\"EntryPoint\",\"urlTemplate\":\"https:\\\/\\\/everydaychemshop.com\\\/fr\\\/?s={search_term_string}\"},\"query-input\":{\"@type\":\"PropertyValueSpecification\",\"valueRequired\":true,\"valueName\":\"search_term_string\"}}],\"inLanguage\":\"en-US\"}]}<\/script>\n<!-- \/ Yoast SEO Premium plugin. -->","yoast_head_json":{"title":"Achetez la fleur de chanvre Suzy Q CBD - Everyday Chem Shop","description":"Achetez la fleur de chanvre Suzy Q CBD en ligne. Nous vendons des fleurs de chanvre Suzy Q CBD de haute qualit\u00e9. Contactez-nous pour plus d'informations et les prix sur la fa\u00e7on de commander.","robots":{"index":"index","follow":"follow","max-snippet":"max-snippet:-1","max-image-preview":"max-image-preview:large","max-video-preview":"max-video-preview:-1"},"canonical":"https:\/\/everydaychemshop.com\/fr\/product\/suzy-q-cbd-fleur-de-chanvre\/","og_locale":"en_US","og_type":"article","og_title":"Fleur de chanvre Suzy Q CBD","og_description":"Achetez la fleur de chanvre Suzy Q CBD en ligne. Nous vendons des fleurs de chanvre Suzy Q CBD de haute qualit\u00e9. Contactez-nous pour plus d'informations et les prix sur la fa\u00e7on de commander.","og_url":"https:\/\/everydaychemshop.com\/fr\/product\/suzy-q-cbd-fleur-de-chanvre\/","og_site_name":"Everyday Chem Shop","article_modified_time":"2023-04-07T10:32:25+00:00","og_image":[{"width":600,"height":600,"url":"https:\/\/everydaychemshop.com\/fr\/wp-content\/uploads\/sites\/5\/2022\/11\/Buy-Suzy-Q-CBD-Hemp-Flower-Online.jpg","type":"image\/jpeg"}],"twitter_card":"summary_large_image","twitter_misc":{"Est. reading time":"2 minutes"},"schema":{"@context":"https:\/\/schema.org","@graph":[{"@type":"WebPage","@id":"https:\/\/everydaychemshop.com\/fr\/product\/suzy-q-cbd-fleur-de-chanvre\/","url":"https:\/\/everydaychemshop.com\/fr\/product\/suzy-q-cbd-fleur-de-chanvre\/","name":"Achetez la fleur de chanvre Suzy Q CBD - Everyday Chem Shop","isPartOf":{"@id":"https:\/\/everydaychemshop.com\/fr\/#website"},"primaryImageOfPage":{"@id":"https:\/\/everydaychemshop.com\/fr\/product\/suzy-q-cbd-fleur-de-chanvre\/#primaryimage"},"image":{"@id":"https:\/\/everydaychemshop.com\/fr\/product\/suzy-q-cbd-fleur-de-chanvre\/#primaryimage"},"thumbnailUrl":"https:\/\/everydaychemshop.com\/fr\/wp-content\/uploads\/sites\/5\/2022\/11\/Buy-Suzy-Q-CBD-Hemp-Flower-Online.jpg","datePublished":"2022-11-20T07:29:18+00:00","dateModified":"2023-04-07T10:32:25+00:00","description":"Achetez la fleur de chanvre Suzy Q CBD en ligne. Nous vendons des fleurs de chanvre Suzy Q CBD de haute qualit\u00e9. Contactez-nous pour plus d'informations et les prix sur la fa\u00e7on de commander.","breadcrumb":{"@id":"https:\/\/everydaychemshop.com\/fr\/product\/suzy-q-cbd-fleur-de-chanvre\/#breadcrumb"},"inLanguage":"en-US","potentialAction":[{"@type":"ReadAction","target":["https:\/\/everydaychemshop.com\/fr\/product\/suzy-q-cbd-fleur-de-chanvre\/"]}]},{"@type":"ImageObject","inLanguage":"en-US","@id":"https:\/\/everydaychemshop.com\/fr\/product\/suzy-q-cbd-fleur-de-chanvre\/#primaryimage","url":"https:\/\/everydaychemshop.com\/fr\/wp-content\/uploads\/sites\/5\/2022\/11\/Buy-Suzy-Q-CBD-Hemp-Flower-Online.jpg","contentUrl":"https:\/\/everydaychemshop.com\/fr\/wp-content\/uploads\/sites\/5\/2022\/11\/Buy-Suzy-Q-CBD-Hemp-Flower-Online.jpg","width":600,"height":600,"caption":"Achetez la fleur de chanvre Suzy Q CBD en ligne"},{"@type":"BreadcrumbList","@id":"https:\/\/everydaychemshop.com\/fr\/product\/suzy-q-cbd-fleur-de-chanvre\/#breadcrumb","itemListElement":[{"@type":"ListItem","position":1,"name":"Home","item":"https:\/\/everydaychemshop.com\/fr\/"},{"@type":"ListItem","position":2,"name":"Des produits","item":"https:\/\/everydaychemshop.com\/fr\/des-produits\/"},{"@type":"ListItem","position":3,"name":"Fleur de chanvre Suzy Q CBD"}]},{"@type":"WebSite","@id":"https:\/\/everydaychemshop.com\/fr\/#website","url":"https:\/\/everydaychemshop.com\/fr\/","name":"Everyday Chem Shop","description":"","potentialAction":[{"@type":"SearchAction","target":{"@type":"EntryPoint","urlTemplate":"https:\/\/everydaychemshop.com\/fr\/?s={search_term_string}"},"query-input":{"@type":"PropertyValueSpecification","valueRequired":true,"valueName":"search_term_string"}}],"inLanguage":"en-US"}]}},"_links":{"self":[{"href":"https:\/\/everydaychemshop.com\/fr\/wp-json\/wp\/v2\/product\/8315","targetHints":{"allow":["GET"]}}],"collection":[{"href":"https:\/\/everydaychemshop.com\/fr\/wp-json\/wp\/v2\/product"}],"about":[{"href":"https:\/\/everydaychemshop.com\/fr\/wp-json\/wp\/v2\/types\/product"}],"replies":[{"embeddable":true,"href":"https:\/\/everydaychemshop.com\/fr\/wp-json\/wp\/v2\/comments?post=8315"}],"wp:featuredmedia":[{"embeddable":true,"href":"https:\/\/everydaychemshop.com\/fr\/wp-json\/wp\/v2\/media\/8317"}],"wp:attachment":[{"href":"https:\/\/everydaychemshop.com\/fr\/wp-json\/wp\/v2\/media?parent=8315"}],"wp:term":[{"taxonomy":"product_brand","embeddable":true,"href":"https:\/\/everydaychemshop.com\/fr\/wp-json\/wp\/v2\/product_brand?post=8315"},{"taxonomy":"product_cat","embeddable":true,"href":"https:\/\/everydaychemshop.com\/fr\/wp-json\/wp\/v2\/product_cat?post=8315"},{"taxonomy":"product_tag","embeddable":true,"href":"https:\/\/everydaychemshop.com\/fr\/wp-json\/wp\/v2\/product_tag?post=8315"}],"curies":[{"name":"wp","href":"https:\/\/api.w.org\/{rel}","templated":true}]}}