{"id":8320,"date":"2022-11-20T07:45:50","date_gmt":"2022-11-20T07:45:50","guid":{"rendered":"https:\/\/everydaychemshop.com\/fr\/?post_type=product&#038;p=8320"},"modified":"2023-04-07T10:31:12","modified_gmt":"2023-04-07T10:31:12","slug":"rick-simpson-oil-acheter-rso-cbd-oil","status":"publish","type":"product","link":"https:\/\/everydaychemshop.com\/fr\/product\/rick-simpson-oil-acheter-rso-cbd-oil\/","title":{"rendered":"Huile de Rick Simpson | Acheter de l&#8217;huile de CBD RSO"},"content":{"rendered":"<h1>Huile de CBD Rick Simpson (RSO)<\/h1>\n<p><a href=\"https:\/\/everydaychemshop.com\/fr\/product\/rick-simpson-oil-acheter-rso-cbd-oil\/\">Huile de CBD Rick Simpson (RSO)<\/a> \u2013 L&#8217;huile de cannabis Rick Simpson est un type d&#8217;huile de chanvre formul\u00e9e par l&#8217;activiste de la marijuana m\u00e9dicale Rick Simpson. Apr\u00e8s avoir d\u00e9couvert les pouvoirs de gu\u00e9rison de l&#8217;huile de cannabis <a href=\"https:\/\/fr.wikipedia.org\/wiki\/CBD\">et<\/a> s&#8217;\u00eatre gu\u00e9ri de son cancer de la peau m\u00e9tastatique en 2003, Rick Simpson a d\u00e9cid\u00e9 de partager ses connaissances.<\/p>\n<p>Le pouvoir m\u00e9dicinal du cannabis<br \/>\nUtilis\u00e9 comme traitement contre le cancer et un gamme d&#8217;autres maux, l&#8217;huile s&#8217;appelle l&#8217;huile de cannabis Rick Simpson et l&#8217;huile de chanvre Rick Simpson. L&#8217;huile capitalise sur les pouvoirs de gu\u00e9rison de la plante de cannabis, dont certaines parties sont utilis\u00e9es \u00e0 des fins m\u00e9dicinales depuis des si\u00e8cles. L&#8217;huile est l&#8217;un des produits curatifs modernes les plus efficaces d\u00e9riv\u00e9s de la plante de cannabis.<\/p>\n<p>vous pouvez non seulement apprendre \u00e0 fabriquer l&#8217;huile vous-m\u00eame, mais aussi acheter facilement de l&#8217;huile de cannabis pr\u00eate \u00e0 l&#8217;emploi au meilleur prix.<\/p>\n<p>Recette d&#8217;huile de Rick Simpson<br \/>\nDe nombreuses personnes recherchent la recette d&#8217;huile de Rick Simpson pour cr\u00e9er le rem\u00e8de contre le cancer et de nombreuses autres affections. Vous trouverez ci-dessous la proc\u00e9dure de fabrication de l&#8217;huile de cannabis Rick Simpson. Vous pouvez suivre les instructions mais gardez \u00e0 l&#8217;esprit que trouver l\u00e9galement la plante de cannabis et sa fibre (chanvre) est assez difficile. C&#8217;est pourquoi nous fournissons \u00e0 la fois la recette d&#8217;huile de Rick Simpson et l&#8217;huile elle-m\u00eame pour commencer \u00e0 l&#8217;utiliser d\u00e8s la sortie de la bouteille.<\/p>\n<p>Comment faire de l&#8217;huile de cannabis Rick Simpson<br \/>\nImportant\u00a0:Soyez TR\u00c8S prudent lorsque vous faire bouillir le solvant. N&#8217;utilisez pas de plaques de cuisson ou d&#8217;\u00e9l\u00e9ments chauffants chauff\u00e9s au rouge. Aussi, \u00e9vitez les \u00e9tincelles, le tabagisme et assurez-vous d&#8217;utiliser un ventilateur pour \u00e9loigner les vapeurs du pot. L&#8217;ensemble du processus doit \u00eatre effectu\u00e9 dans un endroit bien ventil\u00e9.<\/p>\n<p>1. Mettez la plante enti\u00e8rement s\u00e9ch\u00e9e dans un r\u00e9cipient en plastique.<\/p>\n<p>2. Utilisez un solvant (\u00e9ther, naphta pur, butane, alcool opropylique \u00e0 99\u00a0% ou eau) pour humidifier le mat\u00e9riau. Pour une livre de mat\u00e9riau, vous aurez besoin de deux gallons de solvant. Pour 1 oz, 500 ml suffisent.<\/p>\n<p>3. Utilisez un b\u00e2ton en bois propre (non trait\u00e9) pour \u00e9craser la plante. Un autre outil similaire peut \u00e9galement \u00eatre utilis\u00e9.<\/p>\n<p>4. Imbibez compl\u00e8tement le mat\u00e9riel v\u00e9g\u00e9tal avec le solvant tout en continuant le broyage. Agiter le m\u00e9lange pendant trois minutes.<\/p>\n<p>5. Versez le m\u00e9lange dans un autre r\u00e9cipient.<\/p>\n<p>6. Ajoutez plus de solvant au m\u00e9lange, puis remuez pendant encore trois minutes.<\/p>\n<p>7. Versez ce m\u00e9lange d&#8217;huile de solvant dans le seau.<\/p>\n<p>8. Retirez le mat\u00e9riel v\u00e9g\u00e9tal.<\/p>\n<p>9. \u00c0 l&#8217;aide d&#8217;un filtre \u00e0 caf\u00e9, versez le m\u00e9lange dans un autre r\u00e9cipient propre.<\/p>\n<p>10. Faites bouillir le solvant. Assurez-vous que vous \u00eates en s\u00e9curit\u00e9 \u00e0 tout moment. Un cuiseur \u00e0 riz vous aidera \u00e0 r\u00e9ussir parfaitement.<\/p>\n<p>11. Remplissez 75% de la cuisini\u00e8re avec le solvant et mettez-le \u00e0 feu \u00c9LEV\u00c9. Continuez \u00e0 ajouter le m\u00e9lange au fur et \u00e0 mesure que le solvant s&#8217;\u00e9vapore. Versez tout le m\u00e9lange dans la mijoteuse.<\/p>\n<p>12. Lorsque le niveau du m\u00e9lange baisse pour la derni\u00e8re fois, ajoutez un peu d&#8217;eau (10 gouttes pour 1 lb de mati\u00e8re s\u00e8che).<\/p>\n<p>13. Prenez la cuisini\u00e8re (utilisez des gants de cuisine) et remuez le m\u00e9lange lorsqu&#8217;il reste un pouce de m\u00e9lange.<\/p>\n<p>14. Mettez l&#8217;appareil \u00e0 feu BAS une fois que vous avez fait bouillir le solvant. Gardez \u00e0 l&#8217;esprit que l&#8217;huile doit toujours rester en dessous de 140\u00a0\u00b0C (290\u00a0\u00b0F).<\/p>\n<p>15. Versez d\u00e9licatement l&#8217;huile dans un r\u00e9cipient en acier inoxydable.<\/p>\n<p>16. Mettez ce r\u00e9cipient dans un d\u00e9shydrateur ou sur un appareil chauffant doux comme un chauffe-caf\u00e9. Attendez que les terp\u00e8nes volatils et l&#8217;eau s&#8217;\u00e9vaporent. Une fois que l&#8217;activit\u00e9 de surface diminue dans l&#8217;huile, elle est pr\u00eate \u00e0 l&#8217;emploi.<\/p>\n<p>17. Remplissez l&#8217;huile dans une seringue en plastique ou tout autre r\u00e9cipient de votre choix.<\/p>\n<p>Mat\u00e9riel de cannabis et huile de Rick Simpson \u00e0 vendre<br \/>\nSi vous recherchez une m\u00e9thode plus simple pour obtenir l&#8217;incroyable huile de chanvre Rick Simpson , obtenez-le facilement ici aux prix les plus raisonnables que vous pouvez trouver en ligne.<\/p>\n<p>Nous vous apportons du cannabis de haute qualit\u00e9 pour fabriquer l&#8217;huile de cannabis Risk Simpson ici. Vous pouvez \u00e9galement acheter l&#8217;huile pr\u00eate \u00e0 l&#8217;emploi aux meilleurs prix. Dites-nous ce dont vous avez besoin et nous vous aiderons \u00e0 vous rapprocher de la victoire contre le cancer ou d&#8217;autres maladies que vous souhaitez vaincre.<\/p>\n<p>&nbsp;<\/p>\n","protected":false},"excerpt":{"rendered":"<ul>\n<li>Exp\u00e9dition dans le monde entier<\/li>\n<li><strong>Contactez-nous<\/strong>\u00a0pour les commandes plus importantes<\/li>\n<\/ul>\n<p>Nous fournissons des produits de haute puret\u00e9 avec une exp\u00e9dition tr\u00e8s bonne et discr\u00e8te syst\u00e8me. Avec une exp\u00e9rience de 12 ans dans la livraison de produits chimiques de recherche\u00a0; nous nous concentrons sur la s\u00e9curit\u00e9.<\/p>\n<p>Nous sommes fiables, dignes de confiance, une livraison rapide et des produits de haute qualit\u00e9 uniquement \u00e0 un prix abordable.<\/p>\n","protected":false},"featured_media":8328,"comment_status":"open","ping_status":"closed","template":"","meta":{"inline_featured_image":false},"product_brand":[],"product_cat":[61],"product_tag":[547,556,560,563,559,584,541,545,548,555,564,558,557,571,570,561,562,552,569,567,551,549,574,575,581,579,572,544,543,546,573,577,550,542,582,576,565,568,554,566,580,553,583,578],"class_list":{"0":"post-8320","1":"product","2":"type-product","3":"status-publish","4":"has-post-thumbnail","6":"product_cat-produits-du-cannabis","7":"product_tag-acheter-huile-cbd-en-ligne","8":"product_tag-acheter-huile-cbd-en-ligne-alberta","9":"product_tag-acheter-huile-cbd-en-ligne-canada-reddit","10":"product_tag-acheter-huile-cbd-en-ligne-espagne","11":"product_tag-acheter-huile-cbd-en-ligne-ny","12":"product_tag-acheter-huile-de-cannabis-rso","13":"product_tag-acheter-cbd-huile","14":"product_tag-acheter-huile-cbd-amazon","15":"product_tag-acheter-cbd-huile-en-gros","16":"product_tag-acheter-huile-cbd-en-ligne-californie","17":"product_tag-acheter-huile-cbd-en-ligne-edmonton","18":"product_tag-acheter-huile-cbd-en-ligne-europe","19":"product_tag-acheter-huile-cbd-en-ligne-livraison-internationale","20":"product_tag-acheter-huile-cbd-legal-en-ligne","21":"product_tag-acheter-huile-cbd-sunmed-en-ligne","22":"product_tag-acheter-huile-cbd-en-ligne-france","23":"product_tag-acheter-cbd-huile-coupon-en-ligne","24":"product_tag-avantages-de-lhuile-de-cbd","25":"product_tag-buying-cbd-oil-online","26":"product_tag-can-you-buy-cbd-oil-online-uk","27":"product_tag-cannabidiol-acheter","28":"product_tag-cbd-oil","29":"product_tag-cbd-oil-near-me","30":"product_tag-cbd-oil-reviews","31":"product_tag-effets-cbd-rso","32":"product_tag-haut-cbd-rso","33":"product_tag-cbd-huile-amazone","34":"product_tag-huile-de-cbd-biologique","35":"product_tag-cbd-huile-pour-la-douleur","36":"product_tag-huile-cbd-pour-anxit","37":"product_tag-huile-royal-cbd","38":"product_tag-rso-cbd-huile-pour-anxit","39":"product_tag-huile-de-cbd-naturelle-pure","40":"product_tag-huile-de-cbd-pure","41":"product_tag-huile-rso-a-vendre-en-ohio","42":"product_tag-rso-huile-pour-la-douleur","43":"product_tag-is-it-legal-to-buy-cbd-oil-online","44":"product_tag-is-it-safe-to-buy-cbd-oil-online","45":"product_tag-meilleure-huile-cbd","46":"product_tag-pouvez-vous-acheter-de-l-huile-de-cbd-en-ligne-lgalement","47":"product_tag-rso-prix-du-ptrole","48":"product_tag-produits-cbd","49":"product_tag-rick-simpson-huile-acheter-floride","50":"product_tag-rso-en-ligne","52":"first","53":"instock","54":"shipping-taxable","55":"purchasable","56":"product-type-variable","57":"has-default-attributes"},"yoast_head":"<!-- This site is optimized with the Yoast SEO Premium plugin v19.2 (Yoast SEO v27.3) - https:\/\/yoast.com\/product\/yoast-seo-premium-wordpress\/ -->\n<title>Huile de CBD Rick Simpson (RSO) - Everyday Chem Shop<\/title>\n<meta name=\"description\" content=\"Huile de CBD Rick Simpson (RSO). Nous vendons de l&#039;huile de CBD Rick Simpson (RSO) de haute qualit\u00e9. Veuillez contacter pour plus d&#039;informations sur les prix et comment commander.\" \/>\n<meta name=\"robots\" content=\"index, follow, max-snippet:-1, max-image-preview:large, max-video-preview:-1\" \/>\n<link rel=\"canonical\" href=\"https:\/\/everydaychemshop.com\/fr\/product\/rick-simpson-oil-acheter-rso-cbd-oil\/\" \/>\n<meta property=\"og:locale\" content=\"en_US\" \/>\n<meta property=\"og:type\" content=\"article\" \/>\n<meta property=\"og:title\" content=\"Huile de Rick Simpson | Acheter de l&#039;huile de CBD RSO\" \/>\n<meta property=\"og:description\" content=\"Huile de CBD Rick Simpson (RSO). Nous vendons de l&#039;huile de CBD Rick Simpson (RSO) de haute qualit\u00e9. Veuillez contacter pour plus d&#039;informations sur les prix et comment commander.\" \/>\n<meta property=\"og:url\" content=\"https:\/\/everydaychemshop.com\/fr\/product\/rick-simpson-oil-acheter-rso-cbd-oil\/\" \/>\n<meta property=\"og:site_name\" content=\"Everyday Chem Shop\" \/>\n<meta property=\"article:modified_time\" content=\"2023-04-07T10:31:12+00:00\" \/>\n<meta property=\"og:image\" content=\"https:\/\/everydaychemshop.com\/fr\/wp-content\/uploads\/sites\/5\/2022\/11\/Buy-RSO-CBD-Oil.jpg\" \/>\n\t<meta property=\"og:image:width\" content=\"600\" \/>\n\t<meta property=\"og:image:height\" content=\"600\" \/>\n\t<meta property=\"og:image:type\" content=\"image\/jpeg\" \/>\n<meta name=\"twitter:card\" content=\"summary_large_image\" \/>\n<meta name=\"twitter:label1\" content=\"Est. reading time\" \/>\n\t<meta name=\"twitter:data1\" content=\"4 minutes\" \/>\n<script type=\"application\/ld+json\" class=\"yoast-schema-graph\">{\"@context\":\"https:\\\/\\\/schema.org\",\"@graph\":[{\"@type\":\"WebPage\",\"@id\":\"https:\\\/\\\/everydaychemshop.com\\\/fr\\\/product\\\/rick-simpson-oil-acheter-rso-cbd-oil\\\/\",\"url\":\"https:\\\/\\\/everydaychemshop.com\\\/fr\\\/product\\\/rick-simpson-oil-acheter-rso-cbd-oil\\\/\",\"name\":\"Huile de CBD Rick Simpson (RSO) - Everyday Chem Shop\",\"isPartOf\":{\"@id\":\"https:\\\/\\\/everydaychemshop.com\\\/fr\\\/#website\"},\"primaryImageOfPage\":{\"@id\":\"https:\\\/\\\/everydaychemshop.com\\\/fr\\\/product\\\/rick-simpson-oil-acheter-rso-cbd-oil\\\/#primaryimage\"},\"image\":{\"@id\":\"https:\\\/\\\/everydaychemshop.com\\\/fr\\\/product\\\/rick-simpson-oil-acheter-rso-cbd-oil\\\/#primaryimage\"},\"thumbnailUrl\":\"https:\\\/\\\/everydaychemshop.com\\\/fr\\\/wp-content\\\/uploads\\\/sites\\\/5\\\/2022\\\/11\\\/Buy-RSO-CBD-Oil.jpg\",\"datePublished\":\"2022-11-20T07:45:50+00:00\",\"dateModified\":\"2023-04-07T10:31:12+00:00\",\"description\":\"Huile de CBD Rick Simpson (RSO). Nous vendons de l'huile de CBD Rick Simpson (RSO) de haute qualit\u00e9. Veuillez contacter pour plus d'informations sur les prix et comment commander.\",\"breadcrumb\":{\"@id\":\"https:\\\/\\\/everydaychemshop.com\\\/fr\\\/product\\\/rick-simpson-oil-acheter-rso-cbd-oil\\\/#breadcrumb\"},\"inLanguage\":\"en-US\",\"potentialAction\":[{\"@type\":\"ReadAction\",\"target\":[\"https:\\\/\\\/everydaychemshop.com\\\/fr\\\/product\\\/rick-simpson-oil-acheter-rso-cbd-oil\\\/\"]}]},{\"@type\":\"ImageObject\",\"inLanguage\":\"en-US\",\"@id\":\"https:\\\/\\\/everydaychemshop.com\\\/fr\\\/product\\\/rick-simpson-oil-acheter-rso-cbd-oil\\\/#primaryimage\",\"url\":\"https:\\\/\\\/everydaychemshop.com\\\/fr\\\/wp-content\\\/uploads\\\/sites\\\/5\\\/2022\\\/11\\\/Buy-RSO-CBD-Oil.jpg\",\"contentUrl\":\"https:\\\/\\\/everydaychemshop.com\\\/fr\\\/wp-content\\\/uploads\\\/sites\\\/5\\\/2022\\\/11\\\/Buy-RSO-CBD-Oil.jpg\",\"width\":600,\"height\":600,\"caption\":\"Huile de CBD Rick Simpson (RSO)\"},{\"@type\":\"BreadcrumbList\",\"@id\":\"https:\\\/\\\/everydaychemshop.com\\\/fr\\\/product\\\/rick-simpson-oil-acheter-rso-cbd-oil\\\/#breadcrumb\",\"itemListElement\":[{\"@type\":\"ListItem\",\"position\":1,\"name\":\"Home\",\"item\":\"https:\\\/\\\/everydaychemshop.com\\\/fr\\\/\"},{\"@type\":\"ListItem\",\"position\":2,\"name\":\"Des produits\",\"item\":\"https:\\\/\\\/everydaychemshop.com\\\/fr\\\/des-produits\\\/\"},{\"@type\":\"ListItem\",\"position\":3,\"name\":\"Huile de Rick Simpson | Acheter de l&#8217;huile de CBD RSO\"}]},{\"@type\":\"WebSite\",\"@id\":\"https:\\\/\\\/everydaychemshop.com\\\/fr\\\/#website\",\"url\":\"https:\\\/\\\/everydaychemshop.com\\\/fr\\\/\",\"name\":\"Everyday Chem Shop\",\"description\":\"\",\"potentialAction\":[{\"@type\":\"SearchAction\",\"target\":{\"@type\":\"EntryPoint\",\"urlTemplate\":\"https:\\\/\\\/everydaychemshop.com\\\/fr\\\/?s={search_term_string}\"},\"query-input\":{\"@type\":\"PropertyValueSpecification\",\"valueRequired\":true,\"valueName\":\"search_term_string\"}}],\"inLanguage\":\"en-US\"}]}<\/script>\n<!-- \/ Yoast SEO Premium plugin. -->","yoast_head_json":{"title":"Huile de CBD Rick Simpson (RSO) - Everyday Chem Shop","description":"Huile de CBD Rick Simpson (RSO). Nous vendons de l'huile de CBD Rick Simpson (RSO) de haute qualit\u00e9. Veuillez contacter pour plus d'informations sur les prix et comment commander.","robots":{"index":"index","follow":"follow","max-snippet":"max-snippet:-1","max-image-preview":"max-image-preview:large","max-video-preview":"max-video-preview:-1"},"canonical":"https:\/\/everydaychemshop.com\/fr\/product\/rick-simpson-oil-acheter-rso-cbd-oil\/","og_locale":"en_US","og_type":"article","og_title":"Huile de Rick Simpson | Acheter de l'huile de CBD RSO","og_description":"Huile de CBD Rick Simpson (RSO). Nous vendons de l'huile de CBD Rick Simpson (RSO) de haute qualit\u00e9. Veuillez contacter pour plus d'informations sur les prix et comment commander.","og_url":"https:\/\/everydaychemshop.com\/fr\/product\/rick-simpson-oil-acheter-rso-cbd-oil\/","og_site_name":"Everyday Chem Shop","article_modified_time":"2023-04-07T10:31:12+00:00","og_image":[{"width":600,"height":600,"url":"https:\/\/everydaychemshop.com\/fr\/wp-content\/uploads\/sites\/5\/2022\/11\/Buy-RSO-CBD-Oil.jpg","type":"image\/jpeg"}],"twitter_card":"summary_large_image","twitter_misc":{"Est. reading time":"4 minutes"},"schema":{"@context":"https:\/\/schema.org","@graph":[{"@type":"WebPage","@id":"https:\/\/everydaychemshop.com\/fr\/product\/rick-simpson-oil-acheter-rso-cbd-oil\/","url":"https:\/\/everydaychemshop.com\/fr\/product\/rick-simpson-oil-acheter-rso-cbd-oil\/","name":"Huile de CBD Rick Simpson (RSO) - Everyday Chem Shop","isPartOf":{"@id":"https:\/\/everydaychemshop.com\/fr\/#website"},"primaryImageOfPage":{"@id":"https:\/\/everydaychemshop.com\/fr\/product\/rick-simpson-oil-acheter-rso-cbd-oil\/#primaryimage"},"image":{"@id":"https:\/\/everydaychemshop.com\/fr\/product\/rick-simpson-oil-acheter-rso-cbd-oil\/#primaryimage"},"thumbnailUrl":"https:\/\/everydaychemshop.com\/fr\/wp-content\/uploads\/sites\/5\/2022\/11\/Buy-RSO-CBD-Oil.jpg","datePublished":"2022-11-20T07:45:50+00:00","dateModified":"2023-04-07T10:31:12+00:00","description":"Huile de CBD Rick Simpson (RSO). Nous vendons de l'huile de CBD Rick Simpson (RSO) de haute qualit\u00e9. Veuillez contacter pour plus d'informations sur les prix et comment commander.","breadcrumb":{"@id":"https:\/\/everydaychemshop.com\/fr\/product\/rick-simpson-oil-acheter-rso-cbd-oil\/#breadcrumb"},"inLanguage":"en-US","potentialAction":[{"@type":"ReadAction","target":["https:\/\/everydaychemshop.com\/fr\/product\/rick-simpson-oil-acheter-rso-cbd-oil\/"]}]},{"@type":"ImageObject","inLanguage":"en-US","@id":"https:\/\/everydaychemshop.com\/fr\/product\/rick-simpson-oil-acheter-rso-cbd-oil\/#primaryimage","url":"https:\/\/everydaychemshop.com\/fr\/wp-content\/uploads\/sites\/5\/2022\/11\/Buy-RSO-CBD-Oil.jpg","contentUrl":"https:\/\/everydaychemshop.com\/fr\/wp-content\/uploads\/sites\/5\/2022\/11\/Buy-RSO-CBD-Oil.jpg","width":600,"height":600,"caption":"Huile de CBD Rick Simpson (RSO)"},{"@type":"BreadcrumbList","@id":"https:\/\/everydaychemshop.com\/fr\/product\/rick-simpson-oil-acheter-rso-cbd-oil\/#breadcrumb","itemListElement":[{"@type":"ListItem","position":1,"name":"Home","item":"https:\/\/everydaychemshop.com\/fr\/"},{"@type":"ListItem","position":2,"name":"Des produits","item":"https:\/\/everydaychemshop.com\/fr\/des-produits\/"},{"@type":"ListItem","position":3,"name":"Huile de Rick Simpson | Acheter de l&#8217;huile de CBD RSO"}]},{"@type":"WebSite","@id":"https:\/\/everydaychemshop.com\/fr\/#website","url":"https:\/\/everydaychemshop.com\/fr\/","name":"Everyday Chem Shop","description":"","potentialAction":[{"@type":"SearchAction","target":{"@type":"EntryPoint","urlTemplate":"https:\/\/everydaychemshop.com\/fr\/?s={search_term_string}"},"query-input":{"@type":"PropertyValueSpecification","valueRequired":true,"valueName":"search_term_string"}}],"inLanguage":"en-US"}]}},"_links":{"self":[{"href":"https:\/\/everydaychemshop.com\/fr\/wp-json\/wp\/v2\/product\/8320","targetHints":{"allow":["GET"]}}],"collection":[{"href":"https:\/\/everydaychemshop.com\/fr\/wp-json\/wp\/v2\/product"}],"about":[{"href":"https:\/\/everydaychemshop.com\/fr\/wp-json\/wp\/v2\/types\/product"}],"replies":[{"embeddable":true,"href":"https:\/\/everydaychemshop.com\/fr\/wp-json\/wp\/v2\/comments?post=8320"}],"wp:featuredmedia":[{"embeddable":true,"href":"https:\/\/everydaychemshop.com\/fr\/wp-json\/wp\/v2\/media\/8328"}],"wp:attachment":[{"href":"https:\/\/everydaychemshop.com\/fr\/wp-json\/wp\/v2\/media?parent=8320"}],"wp:term":[{"taxonomy":"product_brand","embeddable":true,"href":"https:\/\/everydaychemshop.com\/fr\/wp-json\/wp\/v2\/product_brand?post=8320"},{"taxonomy":"product_cat","embeddable":true,"href":"https:\/\/everydaychemshop.com\/fr\/wp-json\/wp\/v2\/product_cat?post=8320"},{"taxonomy":"product_tag","embeddable":true,"href":"https:\/\/everydaychemshop.com\/fr\/wp-json\/wp\/v2\/product_tag?post=8320"}],"curies":[{"name":"wp","href":"https:\/\/api.w.org\/{rel}","templated":true}]}}