{"id":8332,"date":"2022-11-22T22:31:34","date_gmt":"2022-11-22T22:31:34","guid":{"rendered":"https:\/\/everydaychemshop.com\/fr\/?post_type=product&#038;p=8332"},"modified":"2023-04-07T10:29:57","modified_gmt":"2023-04-07T10:29:57","slug":"acheter-gateau-de-mariage-thc-distillat-top-shelf","status":"publish","type":"product","link":"https:\/\/everydaychemshop.com\/fr\/product\/acheter-gateau-de-mariage-thc-distillat-top-shelf\/","title":{"rendered":"Distillat de THC pour g\u00e2teau de mariage \u2013 \u00e9tag\u00e8re sup\u00e9rieure"},"content":{"rendered":"<h1>Acheter Wedding Cake Distillat de THC en ligne<\/h1>\n<p><a href=\"https:\/\/everydaychemshop.com\/fr\/product\/acheter-gateau-de-mariage-thc-distillat-top-shelf\/\">Acheter Wedding Cake Distillat de THC en ligne<\/a> \u2013 Plateau sup\u00e9rieur \u2013 Distillat de THC\u00a0distillat \u00a0est un extrait de cannabis purifi\u00e9 et sans solvant qui contient du\u00a0THC niveaux\u00a0de 98\u00a0% . C&#8217;est un concentr\u00e9 dor\u00e9 clair qui est purg\u00e9 de toutes les cires, graisses et huiles pendant le processus de filtration\/distillation en utilisant la technologie la <a href=\"https:\/\/fr.wikipedia.org\/wiki\/T%C3%A9trahydrocannabinol\">plus<\/a> avanc\u00e9e pour produire une huile pure et \u00e9paisse qui peut \u00eatre consomm\u00e9e comme comestible, utilis\u00e9e comme topique ou fum\u00e9e\/vaporis\u00e9e. ! Il s&#8217;agit d&#8217;une huile extr\u00eamement \u00e9paisse dans une seringue en verre. R\u00e9chauffez doucement la seringue avant utilisation.<\/p>\n","protected":false},"excerpt":{"rendered":"<p>Exp\u00e9dition dans le monde entier<br \/>\nLa quantit\u00e9 minimum de commande est de 2<br \/>\nContactez-nous pour des commandes plus importantes<br \/>\nNous fournissons des produits de haute puret\u00e9 avec un syst\u00e8me d&#8217;exp\u00e9dition tr\u00e8s bon et discret. Avec une exp\u00e9rience de 12 ans dans la livraison de produits chimiques de recherche\u00a0; nous nous concentrons sur la s\u00e9curit\u00e9.<\/p>\n<p>Nous sommes fiables, dignes de confiance, une livraison rapide et des produits de haute qualit\u00e9 uniquement \u00e0 un prix abordable.<\/p>\n","protected":false},"featured_media":8340,"comment_status":"open","ping_status":"closed","template":"","meta":{"inline_featured_image":false},"product_brand":[],"product_cat":[61],"product_tag":[604,589,592,588,591,593,594,585,598,586,587,609,607,599,621,590,615,618,614,617,619,620,601,612,613,616,602,603,597,596,595,600,610,605,606,608,611],"class_list":{"0":"post-8332","1":"product","2":"type-product","3":"status-publish","4":"has-post-thumbnail","6":"product_cat-produits-du-cannabis","7":"product_tag-achat-distillat-thc","8":"product_tag-acheter-huile-de-distillat-de-thc-en-ligne","9":"product_tag-acheter-huile-de-distillat-de-thc-en-ligne-royaume-uni","10":"product_tag-acheter-thc-distillate-oil-online-usa","11":"product_tag-acheter-thc-distillat-huile-en-ligne-canada","12":"product_tag-acheter-cbd-distillat","13":"product_tag-acheter-distillat-cbd-france","14":"product_tag-acheter-thc-distillat","15":"product_tag-acheter-distillat-thc-colorado","16":"product_tag-acheter-thc-distillat-en-ligne","17":"product_tag-acheter-distillat-thc-en-ligne-usa","18":"product_tag-acheter-en-vrac-thc-distillat","19":"product_tag-acheter-distillat-thc-pas-cher","20":"product_tag-acheter-oz-de-distillat-de-thc","21":"product_tag-acheter-gteau-de-mariage-distillat-de-thc","22":"product_tag-acheter-thc-distillat-seringue","23":"product_tag-commander-thc-distillate-oil-en-ligne","24":"product_tag-commander-de-l-huile-de-distillat-de-thc-en-ligne-royaume-uni","25":"product_tag-commander-thc-distillate-oil-online-usa","26":"product_tag-commander-thc-distillate-oil-en-ligne-canada","27":"product_tag-commander-cbd-distillat","28":"product_tag-commander-cbd-distillat-fr","29":"product_tag-commander-thc-distillat","30":"product_tag-commander-thc-distillat-en-ligne","31":"product_tag-commander-du-distillat-de-thc-en-ligne-etats-unis","32":"product_tag-commander-thc-distillat-seringue","33":"product_tag-thc-distillat--vendre","34":"product_tag-equipement-de-distillation-thc","35":"product_tag-o-acheter-du-distillat-de-thc-en-californie","36":"product_tag-o-acheter-du-distillat-de-thc-en-ligne","37":"product_tag-ou-acheter-du-distillat-de-thc","38":"product_tag-prix-du-distillat-de-thc","39":"product_tag-prix-du-distillat-thc-vrac","40":"product_tag-temprature-de-distillation-thc","41":"product_tag-thc-distillat-temprature","42":"product_tag-thc-distillat-chimique","43":"product_tag-vente-en-gros-de-distillat-de-thc","45":"first","46":"instock","47":"shipping-taxable","48":"purchasable","49":"product-type-variable","50":"has-default-attributes"},"yoast_head":"<!-- This site is optimized with the Yoast SEO Premium plugin v19.2 (Yoast SEO v27.3) - https:\/\/yoast.com\/product\/yoast-seo-premium-wordpress\/ -->\n<title>Acheter Wedding Cake Distillat de THC - Everyday Chem Shop<\/title>\n<meta name=\"description\" content=\"Acheter Wedding Cake Distillat de THC en ligne. Nous vendons du distillat de THC de qualit\u00e9 sup\u00e9rieure. Contactez-nous pour plus d&#039;informations sur les prix et comment commander.\" \/>\n<meta name=\"robots\" content=\"index, follow, max-snippet:-1, max-image-preview:large, max-video-preview:-1\" \/>\n<link rel=\"canonical\" href=\"https:\/\/everydaychemshop.com\/fr\/product\/acheter-gateau-de-mariage-thc-distillat-top-shelf\/\" \/>\n<meta property=\"og:locale\" content=\"en_US\" \/>\n<meta property=\"og:type\" content=\"article\" \/>\n<meta property=\"og:title\" content=\"Distillat de THC pour g\u00e2teau de mariage \u2013 \u00e9tag\u00e8re sup\u00e9rieure\" \/>\n<meta property=\"og:description\" content=\"Acheter Wedding Cake Distillat de THC en ligne. Nous vendons du distillat de THC de qualit\u00e9 sup\u00e9rieure. Contactez-nous pour plus d&#039;informations sur les prix et comment commander.\" \/>\n<meta property=\"og:url\" content=\"https:\/\/everydaychemshop.com\/fr\/product\/acheter-gateau-de-mariage-thc-distillat-top-shelf\/\" \/>\n<meta property=\"og:site_name\" content=\"Everyday Chem Shop\" \/>\n<meta property=\"article:modified_time\" content=\"2023-04-07T10:29:57+00:00\" \/>\n<meta property=\"og:image\" content=\"https:\/\/everydaychemshop.com\/fr\/wp-content\/uploads\/sites\/5\/2022\/11\/Buy-Wedding-Cake-THC-Distillate-\u2013-Top-Shelf.jpg\" \/>\n\t<meta property=\"og:image:width\" content=\"600\" \/>\n\t<meta property=\"og:image:height\" content=\"600\" \/>\n\t<meta property=\"og:image:type\" content=\"image\/jpeg\" \/>\n<meta name=\"twitter:card\" content=\"summary_large_image\" \/>\n<meta name=\"twitter:label1\" content=\"Est. reading time\" \/>\n\t<meta name=\"twitter:data1\" content=\"1 minute\" \/>\n<script type=\"application\/ld+json\" class=\"yoast-schema-graph\">{\"@context\":\"https:\\\/\\\/schema.org\",\"@graph\":[{\"@type\":\"WebPage\",\"@id\":\"https:\\\/\\\/everydaychemshop.com\\\/fr\\\/product\\\/acheter-gateau-de-mariage-thc-distillat-top-shelf\\\/\",\"url\":\"https:\\\/\\\/everydaychemshop.com\\\/fr\\\/product\\\/acheter-gateau-de-mariage-thc-distillat-top-shelf\\\/\",\"name\":\"Acheter Wedding Cake Distillat de THC - Everyday Chem Shop\",\"isPartOf\":{\"@id\":\"https:\\\/\\\/everydaychemshop.com\\\/fr\\\/#website\"},\"primaryImageOfPage\":{\"@id\":\"https:\\\/\\\/everydaychemshop.com\\\/fr\\\/product\\\/acheter-gateau-de-mariage-thc-distillat-top-shelf\\\/#primaryimage\"},\"image\":{\"@id\":\"https:\\\/\\\/everydaychemshop.com\\\/fr\\\/product\\\/acheter-gateau-de-mariage-thc-distillat-top-shelf\\\/#primaryimage\"},\"thumbnailUrl\":\"https:\\\/\\\/everydaychemshop.com\\\/fr\\\/wp-content\\\/uploads\\\/sites\\\/5\\\/2022\\\/11\\\/Buy-Wedding-Cake-THC-Distillate-\u2013-Top-Shelf.jpg\",\"datePublished\":\"2022-11-22T22:31:34+00:00\",\"dateModified\":\"2023-04-07T10:29:57+00:00\",\"description\":\"Acheter Wedding Cake Distillat de THC en ligne. Nous vendons du distillat de THC de qualit\u00e9 sup\u00e9rieure. Contactez-nous pour plus d'informations sur les prix et comment commander.\",\"breadcrumb\":{\"@id\":\"https:\\\/\\\/everydaychemshop.com\\\/fr\\\/product\\\/acheter-gateau-de-mariage-thc-distillat-top-shelf\\\/#breadcrumb\"},\"inLanguage\":\"en-US\",\"potentialAction\":[{\"@type\":\"ReadAction\",\"target\":[\"https:\\\/\\\/everydaychemshop.com\\\/fr\\\/product\\\/acheter-gateau-de-mariage-thc-distillat-top-shelf\\\/\"]}]},{\"@type\":\"ImageObject\",\"inLanguage\":\"en-US\",\"@id\":\"https:\\\/\\\/everydaychemshop.com\\\/fr\\\/product\\\/acheter-gateau-de-mariage-thc-distillat-top-shelf\\\/#primaryimage\",\"url\":\"https:\\\/\\\/everydaychemshop.com\\\/fr\\\/wp-content\\\/uploads\\\/sites\\\/5\\\/2022\\\/11\\\/Buy-Wedding-Cake-THC-Distillate-\u2013-Top-Shelf.jpg\",\"contentUrl\":\"https:\\\/\\\/everydaychemshop.com\\\/fr\\\/wp-content\\\/uploads\\\/sites\\\/5\\\/2022\\\/11\\\/Buy-Wedding-Cake-THC-Distillate-\u2013-Top-Shelf.jpg\",\"width\":600,\"height\":600,\"caption\":\"Acheter Wedding Cake Distillat de THC en ligne\"},{\"@type\":\"BreadcrumbList\",\"@id\":\"https:\\\/\\\/everydaychemshop.com\\\/fr\\\/product\\\/acheter-gateau-de-mariage-thc-distillat-top-shelf\\\/#breadcrumb\",\"itemListElement\":[{\"@type\":\"ListItem\",\"position\":1,\"name\":\"Home\",\"item\":\"https:\\\/\\\/everydaychemshop.com\\\/fr\\\/\"},{\"@type\":\"ListItem\",\"position\":2,\"name\":\"Des produits\",\"item\":\"https:\\\/\\\/everydaychemshop.com\\\/fr\\\/des-produits\\\/\"},{\"@type\":\"ListItem\",\"position\":3,\"name\":\"Distillat de THC pour g\u00e2teau de mariage \u2013 \u00e9tag\u00e8re sup\u00e9rieure\"}]},{\"@type\":\"WebSite\",\"@id\":\"https:\\\/\\\/everydaychemshop.com\\\/fr\\\/#website\",\"url\":\"https:\\\/\\\/everydaychemshop.com\\\/fr\\\/\",\"name\":\"Everyday Chem Shop\",\"description\":\"\",\"potentialAction\":[{\"@type\":\"SearchAction\",\"target\":{\"@type\":\"EntryPoint\",\"urlTemplate\":\"https:\\\/\\\/everydaychemshop.com\\\/fr\\\/?s={search_term_string}\"},\"query-input\":{\"@type\":\"PropertyValueSpecification\",\"valueRequired\":true,\"valueName\":\"search_term_string\"}}],\"inLanguage\":\"en-US\"}]}<\/script>\n<!-- \/ Yoast SEO Premium plugin. -->","yoast_head_json":{"title":"Acheter Wedding Cake Distillat de THC - Everyday Chem Shop","description":"Acheter Wedding Cake Distillat de THC en ligne. Nous vendons du distillat de THC de qualit\u00e9 sup\u00e9rieure. Contactez-nous pour plus d'informations sur les prix et comment commander.","robots":{"index":"index","follow":"follow","max-snippet":"max-snippet:-1","max-image-preview":"max-image-preview:large","max-video-preview":"max-video-preview:-1"},"canonical":"https:\/\/everydaychemshop.com\/fr\/product\/acheter-gateau-de-mariage-thc-distillat-top-shelf\/","og_locale":"en_US","og_type":"article","og_title":"Distillat de THC pour g\u00e2teau de mariage \u2013 \u00e9tag\u00e8re sup\u00e9rieure","og_description":"Acheter Wedding Cake Distillat de THC en ligne. Nous vendons du distillat de THC de qualit\u00e9 sup\u00e9rieure. Contactez-nous pour plus d'informations sur les prix et comment commander.","og_url":"https:\/\/everydaychemshop.com\/fr\/product\/acheter-gateau-de-mariage-thc-distillat-top-shelf\/","og_site_name":"Everyday Chem Shop","article_modified_time":"2023-04-07T10:29:57+00:00","og_image":[{"width":600,"height":600,"url":"https:\/\/everydaychemshop.com\/fr\/wp-content\/uploads\/sites\/5\/2022\/11\/Buy-Wedding-Cake-THC-Distillate-\u2013-Top-Shelf.jpg","type":"image\/jpeg"}],"twitter_card":"summary_large_image","twitter_misc":{"Est. reading time":"1 minute"},"schema":{"@context":"https:\/\/schema.org","@graph":[{"@type":"WebPage","@id":"https:\/\/everydaychemshop.com\/fr\/product\/acheter-gateau-de-mariage-thc-distillat-top-shelf\/","url":"https:\/\/everydaychemshop.com\/fr\/product\/acheter-gateau-de-mariage-thc-distillat-top-shelf\/","name":"Acheter Wedding Cake Distillat de THC - Everyday Chem Shop","isPartOf":{"@id":"https:\/\/everydaychemshop.com\/fr\/#website"},"primaryImageOfPage":{"@id":"https:\/\/everydaychemshop.com\/fr\/product\/acheter-gateau-de-mariage-thc-distillat-top-shelf\/#primaryimage"},"image":{"@id":"https:\/\/everydaychemshop.com\/fr\/product\/acheter-gateau-de-mariage-thc-distillat-top-shelf\/#primaryimage"},"thumbnailUrl":"https:\/\/everydaychemshop.com\/fr\/wp-content\/uploads\/sites\/5\/2022\/11\/Buy-Wedding-Cake-THC-Distillate-\u2013-Top-Shelf.jpg","datePublished":"2022-11-22T22:31:34+00:00","dateModified":"2023-04-07T10:29:57+00:00","description":"Acheter Wedding Cake Distillat de THC en ligne. Nous vendons du distillat de THC de qualit\u00e9 sup\u00e9rieure. Contactez-nous pour plus d'informations sur les prix et comment commander.","breadcrumb":{"@id":"https:\/\/everydaychemshop.com\/fr\/product\/acheter-gateau-de-mariage-thc-distillat-top-shelf\/#breadcrumb"},"inLanguage":"en-US","potentialAction":[{"@type":"ReadAction","target":["https:\/\/everydaychemshop.com\/fr\/product\/acheter-gateau-de-mariage-thc-distillat-top-shelf\/"]}]},{"@type":"ImageObject","inLanguage":"en-US","@id":"https:\/\/everydaychemshop.com\/fr\/product\/acheter-gateau-de-mariage-thc-distillat-top-shelf\/#primaryimage","url":"https:\/\/everydaychemshop.com\/fr\/wp-content\/uploads\/sites\/5\/2022\/11\/Buy-Wedding-Cake-THC-Distillate-\u2013-Top-Shelf.jpg","contentUrl":"https:\/\/everydaychemshop.com\/fr\/wp-content\/uploads\/sites\/5\/2022\/11\/Buy-Wedding-Cake-THC-Distillate-\u2013-Top-Shelf.jpg","width":600,"height":600,"caption":"Acheter Wedding Cake Distillat de THC en ligne"},{"@type":"BreadcrumbList","@id":"https:\/\/everydaychemshop.com\/fr\/product\/acheter-gateau-de-mariage-thc-distillat-top-shelf\/#breadcrumb","itemListElement":[{"@type":"ListItem","position":1,"name":"Home","item":"https:\/\/everydaychemshop.com\/fr\/"},{"@type":"ListItem","position":2,"name":"Des produits","item":"https:\/\/everydaychemshop.com\/fr\/des-produits\/"},{"@type":"ListItem","position":3,"name":"Distillat de THC pour g\u00e2teau de mariage \u2013 \u00e9tag\u00e8re sup\u00e9rieure"}]},{"@type":"WebSite","@id":"https:\/\/everydaychemshop.com\/fr\/#website","url":"https:\/\/everydaychemshop.com\/fr\/","name":"Everyday Chem Shop","description":"","potentialAction":[{"@type":"SearchAction","target":{"@type":"EntryPoint","urlTemplate":"https:\/\/everydaychemshop.com\/fr\/?s={search_term_string}"},"query-input":{"@type":"PropertyValueSpecification","valueRequired":true,"valueName":"search_term_string"}}],"inLanguage":"en-US"}]}},"_links":{"self":[{"href":"https:\/\/everydaychemshop.com\/fr\/wp-json\/wp\/v2\/product\/8332","targetHints":{"allow":["GET"]}}],"collection":[{"href":"https:\/\/everydaychemshop.com\/fr\/wp-json\/wp\/v2\/product"}],"about":[{"href":"https:\/\/everydaychemshop.com\/fr\/wp-json\/wp\/v2\/types\/product"}],"replies":[{"embeddable":true,"href":"https:\/\/everydaychemshop.com\/fr\/wp-json\/wp\/v2\/comments?post=8332"}],"wp:featuredmedia":[{"embeddable":true,"href":"https:\/\/everydaychemshop.com\/fr\/wp-json\/wp\/v2\/media\/8340"}],"wp:attachment":[{"href":"https:\/\/everydaychemshop.com\/fr\/wp-json\/wp\/v2\/media?parent=8332"}],"wp:term":[{"taxonomy":"product_brand","embeddable":true,"href":"https:\/\/everydaychemshop.com\/fr\/wp-json\/wp\/v2\/product_brand?post=8332"},{"taxonomy":"product_cat","embeddable":true,"href":"https:\/\/everydaychemshop.com\/fr\/wp-json\/wp\/v2\/product_cat?post=8332"},{"taxonomy":"product_tag","embeddable":true,"href":"https:\/\/everydaychemshop.com\/fr\/wp-json\/wp\/v2\/product_tag?post=8332"}],"curies":[{"name":"wp","href":"https:\/\/api.w.org\/{rel}","templated":true}]}}