{"id":8341,"date":"2022-11-22T22:43:59","date_gmt":"2022-11-22T22:43:59","guid":{"rendered":"https:\/\/everydaychemshop.com\/fr\/?post_type=product&#038;p=8341"},"modified":"2023-04-07T10:28:37","modified_gmt":"2023-04-07T10:28:37","slug":"cbd-premium-huile-extraite-co2","status":"publish","type":"product","link":"https:\/\/everydaychemshop.com\/fr\/product\/cbd-premium-huile-extraite-co2\/","title":{"rendered":"Huile extraite au CO2 CBD Premium"},"content":{"rendered":"<h1>Huile extraite au CO2 CBD Premium en ligne<\/h1>\n<p><a href=\"https:\/\/everydaychemshop.com\/fr\/product\/cbd-premium-huile-extraite-co2\/\">Huile extraite au CO2 CBD Premium en ligne<\/a>. Achetez de l&#8217;huile extraite au CO2 de qualit\u00e9 sup\u00e9rieure \u00e0 haute teneur en CBD en ligne aux \u00c9tats-Unis.<\/p>\n<p>Les cannabino\u00efdes sont collect\u00e9s lors de l&#8217;extraction au CO2. Ce qui semble produire une huile beaucoup plus facile \u00e0 inhaler sans aucune duret\u00e9.<br \/>\nCe lot particulier de m\u00e9dicament est d\u00e9riv\u00e9 de\u00a0ACDC, une souche de cannabis connue pour \u00eatre riche en CBD.<\/p>\n<p>&nbsp;<\/p>\n<p>Les cannabino\u00efdes ont \u00e9t\u00e9 collect\u00e9s lors de l&#8217;extraction au CO2. Cela semble <a href=\"https:\/\/fr.wikipedia.org\/wiki\/CBD\">donner<\/a> une huile beaucoup plus facile \u00e0 respirer sans \u00eatre agressive.<br \/>\nCe lot particulier de m\u00e9dicaments est fabriqu\u00e9 \u00e0 partir d&#8217;ACDC, une vari\u00e9t\u00e9 de cannabis connue pour \u00eatre test\u00e9e pour des niveaux \u00e9lev\u00e9s de CBD.<\/p>\n<p>Nos cartouches de vape oil sont parmi les plus puissantes du march\u00e9. Ce que vous voyez est ce que vous b\u00e2illez. Nos tests de laboratoire pour chaque lot sont imprim\u00e9s sur l&#8217;emballage et la plupart des lots testent plus de 70 % de THC. De plus, le go\u00fbt et l&#8217;extraction de nos cartouches sont tr\u00e8s d\u00e9licats en raison de notre proc\u00e9d\u00e9 naturel o\u00f9 nous utilisons des terp\u00e8nes qui se trouvent naturellement dans les fleurs. mais<\/p>\n<p>Acheter une cartouche d&#8217;huile avec stylo vape THC, cartouche THC \u00e0 vendre en ligne, cartouche d&#8217;huile pour stylo vape, cartouche pr\u00e9remplie avec huile de hasch \u00e0 vendre<\/p>\n<p>Notre huile est l&#8217;une des plus fortes sur le march\u00e9. Contrairement \u00e0 de nombreuses autres marques qui vous donnent un rendement brut puis dilu\u00e9, avec Pure, ce que vous voyez est ce que vous vaporisez. Nos tests de laboratoire pour chaque lot sont imprim\u00e9s sur l&#8217;emballage et la plupart des lots testent plus de 70 % de THC. De plus, le go\u00fbt et l&#8217;extraction de nos cartouches sont tr\u00e8s d\u00e9licats en raison de notre proc\u00e9d\u00e9 naturel o\u00f9 nous utilisons des terp\u00e8nes qui se trouvent naturellement dans les fleurs.<\/p>\n","protected":false},"excerpt":{"rendered":"<p>Huile extraite au CO2 de qualit\u00e9 sup\u00e9rieure \u00e0 haute teneur en CBD\u00a0\u00e0 Green Valley CBD USA. Huile de CO2 premium \u00e0 haute teneur en CBD. Cannabino\u00efdes actifs totaux\u00a0: 80\u00a0% THC\u00a0: 24\u00a0% CBD\u00a0: 56\u00a0% cartouche d&#8217;huile de marijuana extraite au CO2. Livr\u00e9 en 1\u00a0g. Commandez de l&#8217;huile CBD Co2 en ligne.<\/p>\n<p>&nbsp;<\/p>\n<p>Cannabino\u00efdes actifs totaux\u00a0: 80\u00a0%<br \/>\nTHC\u00a0: 24\u00a0%<br \/>\nCBD\u00a0: 56\u00a0%<\/p>\n<h3>Acheter des cartouches d&#8217;huile de cannabis THC<\/h3>\n<p>le prix du produit est le suivant\u00a0: par cartouche de 1\u00a0g<br \/>\n<strong>La quantit\u00e9 minimum de commande est\u00a0: 3\u00a0cartouches<\/strong><\/p>\n","protected":false},"featured_media":8349,"comment_status":"open","ping_status":"closed","template":"","meta":{"inline_featured_image":false},"product_brand":[],"product_cat":[61],"product_tag":[627,623,633,641,626,628,631,624,632,622,625,629,630,640,642,638,637,639,636,634,635,643],"class_list":{"0":"post-8341","1":"product","2":"type-product","3":"status-publish","4":"has-post-thumbnail","6":"product_cat-produits-du-cannabis","7":"product_tag-acheter-cbd-premium-co2","8":"product_tag-acheter-cbd-premium-co2-en-ligne","9":"product_tag-acheter-cbd-premium-co2-extrait","10":"product_tag-acheter-cbd-premium-co2-extrait-en-ligne-usa","11":"product_tag-acheter-cbd-premium-co2-extrait-en-ligne","12":"product_tag-acheter-huile-de-cannabis-extraite-co2","13":"product_tag-acheter-huile-extraite-de-co2","14":"product_tag-acheter-cbd-premium-huile-extraite-de-co2-en-ligne","15":"product_tag-acheter-huile-extraite-co2-premium-haute-cbd","16":"product_tag-acheter-huile-extraite-de-cbd-premium-co2-en-ligne-usa-huile-extraite-de-cbd-premium-co2-pour-la-vente-en-ligne","17":"product_tag-acheter-huile-extraite-de-co2-en-ligne-usa","18":"product_tag-acheter-haute-cbd-premium-co2","19":"product_tag-acheter-huile-extraite-co2-haute-cbd-premium-en-ligne","20":"product_tag-cbd-premium-co2-extracted-legal-in-usa","21":"product_tag-comment-commander-cbd-premium-co2-extrait","22":"product_tag-haut-haut-cbd-premium--vendre","23":"product_tag-huile-de-cannabis--haute-teneur-en-thc--vendre","24":"product_tag-huile-extraite-au-co2","25":"product_tag-huile-extraite-au-co2--vendre","26":"product_tag-cbd-premium-huile-extraite-co2","27":"product_tag-cbd-premium-huile-extraite-de-co2-a-vendre","28":"product_tag-is-cbd-premium-co2-extracted-legal-in-canada","30":"first","31":"instock","32":"shipping-taxable","33":"purchasable","34":"product-type-variable","35":"has-default-attributes"},"yoast_head":"<!-- This site is optimized with the Yoast SEO Premium plugin v19.2 (Yoast SEO v27.3) - https:\/\/yoast.com\/product\/yoast-seo-premium-wordpress\/ -->\n<title>Huile extraite au CO2 CBD Premium - Everyday Chem Shop<\/title>\n<meta name=\"description\" content=\"Huile extraite au CO2 CBD Premium en ligne. Vous pouvez acheter CBD Premium CO2 Extracted Oil Online USA en ligne. Contact pour plus d&#039;infos et tarifs.\" \/>\n<meta name=\"robots\" content=\"index, follow, max-snippet:-1, max-image-preview:large, max-video-preview:-1\" \/>\n<link rel=\"canonical\" href=\"https:\/\/everydaychemshop.com\/fr\/product\/cbd-premium-huile-extraite-co2\/\" \/>\n<meta property=\"og:locale\" content=\"en_US\" \/>\n<meta property=\"og:type\" content=\"article\" \/>\n<meta property=\"og:title\" content=\"Huile extraite au CO2 CBD Premium\" \/>\n<meta property=\"og:description\" content=\"Huile extraite au CO2 CBD Premium en ligne. Vous pouvez acheter CBD Premium CO2 Extracted Oil Online USA en ligne. Contact pour plus d&#039;infos et tarifs.\" \/>\n<meta property=\"og:url\" content=\"https:\/\/everydaychemshop.com\/fr\/product\/cbd-premium-huile-extraite-co2\/\" \/>\n<meta property=\"og:site_name\" content=\"Everyday Chem Shop\" \/>\n<meta property=\"article:modified_time\" content=\"2023-04-07T10:28:37+00:00\" \/>\n<meta property=\"og:image\" content=\"https:\/\/everydaychemshop.com\/fr\/wp-content\/uploads\/sites\/5\/2022\/11\/Buy-High-CBD-Premium-CO2-Extracted-Oil-Online-USA.jpg\" \/>\n\t<meta property=\"og:image:width\" content=\"600\" \/>\n\t<meta property=\"og:image:height\" content=\"600\" \/>\n\t<meta property=\"og:image:type\" content=\"image\/jpeg\" \/>\n<meta name=\"twitter:card\" content=\"summary_large_image\" \/>\n<meta name=\"twitter:label1\" content=\"Est. reading time\" \/>\n\t<meta name=\"twitter:data1\" content=\"2 minutes\" \/>\n<script type=\"application\/ld+json\" class=\"yoast-schema-graph\">{\"@context\":\"https:\\\/\\\/schema.org\",\"@graph\":[{\"@type\":\"WebPage\",\"@id\":\"https:\\\/\\\/everydaychemshop.com\\\/fr\\\/product\\\/cbd-premium-huile-extraite-co2\\\/\",\"url\":\"https:\\\/\\\/everydaychemshop.com\\\/fr\\\/product\\\/cbd-premium-huile-extraite-co2\\\/\",\"name\":\"Huile extraite au CO2 CBD Premium - Everyday Chem Shop\",\"isPartOf\":{\"@id\":\"https:\\\/\\\/everydaychemshop.com\\\/fr\\\/#website\"},\"primaryImageOfPage\":{\"@id\":\"https:\\\/\\\/everydaychemshop.com\\\/fr\\\/product\\\/cbd-premium-huile-extraite-co2\\\/#primaryimage\"},\"image\":{\"@id\":\"https:\\\/\\\/everydaychemshop.com\\\/fr\\\/product\\\/cbd-premium-huile-extraite-co2\\\/#primaryimage\"},\"thumbnailUrl\":\"https:\\\/\\\/everydaychemshop.com\\\/fr\\\/wp-content\\\/uploads\\\/sites\\\/5\\\/2022\\\/11\\\/Buy-High-CBD-Premium-CO2-Extracted-Oil-Online-USA.jpg\",\"datePublished\":\"2022-11-22T22:43:59+00:00\",\"dateModified\":\"2023-04-07T10:28:37+00:00\",\"description\":\"Huile extraite au CO2 CBD Premium en ligne. Vous pouvez acheter CBD Premium CO2 Extracted Oil Online USA en ligne. Contact pour plus d'infos et tarifs.\",\"breadcrumb\":{\"@id\":\"https:\\\/\\\/everydaychemshop.com\\\/fr\\\/product\\\/cbd-premium-huile-extraite-co2\\\/#breadcrumb\"},\"inLanguage\":\"en-US\",\"potentialAction\":[{\"@type\":\"ReadAction\",\"target\":[\"https:\\\/\\\/everydaychemshop.com\\\/fr\\\/product\\\/cbd-premium-huile-extraite-co2\\\/\"]}]},{\"@type\":\"ImageObject\",\"inLanguage\":\"en-US\",\"@id\":\"https:\\\/\\\/everydaychemshop.com\\\/fr\\\/product\\\/cbd-premium-huile-extraite-co2\\\/#primaryimage\",\"url\":\"https:\\\/\\\/everydaychemshop.com\\\/fr\\\/wp-content\\\/uploads\\\/sites\\\/5\\\/2022\\\/11\\\/Buy-High-CBD-Premium-CO2-Extracted-Oil-Online-USA.jpg\",\"contentUrl\":\"https:\\\/\\\/everydaychemshop.com\\\/fr\\\/wp-content\\\/uploads\\\/sites\\\/5\\\/2022\\\/11\\\/Buy-High-CBD-Premium-CO2-Extracted-Oil-Online-USA.jpg\",\"width\":600,\"height\":600,\"caption\":\"Huile extraite au CO2 CBD Premium en ligne\"},{\"@type\":\"BreadcrumbList\",\"@id\":\"https:\\\/\\\/everydaychemshop.com\\\/fr\\\/product\\\/cbd-premium-huile-extraite-co2\\\/#breadcrumb\",\"itemListElement\":[{\"@type\":\"ListItem\",\"position\":1,\"name\":\"Home\",\"item\":\"https:\\\/\\\/everydaychemshop.com\\\/fr\\\/\"},{\"@type\":\"ListItem\",\"position\":2,\"name\":\"Des produits\",\"item\":\"https:\\\/\\\/everydaychemshop.com\\\/fr\\\/des-produits\\\/\"},{\"@type\":\"ListItem\",\"position\":3,\"name\":\"Huile extraite au CO2 CBD Premium\"}]},{\"@type\":\"WebSite\",\"@id\":\"https:\\\/\\\/everydaychemshop.com\\\/fr\\\/#website\",\"url\":\"https:\\\/\\\/everydaychemshop.com\\\/fr\\\/\",\"name\":\"Everyday Chem Shop\",\"description\":\"\",\"potentialAction\":[{\"@type\":\"SearchAction\",\"target\":{\"@type\":\"EntryPoint\",\"urlTemplate\":\"https:\\\/\\\/everydaychemshop.com\\\/fr\\\/?s={search_term_string}\"},\"query-input\":{\"@type\":\"PropertyValueSpecification\",\"valueRequired\":true,\"valueName\":\"search_term_string\"}}],\"inLanguage\":\"en-US\"}]}<\/script>\n<!-- \/ Yoast SEO Premium plugin. -->","yoast_head_json":{"title":"Huile extraite au CO2 CBD Premium - Everyday Chem Shop","description":"Huile extraite au CO2 CBD Premium en ligne. Vous pouvez acheter CBD Premium CO2 Extracted Oil Online USA en ligne. Contact pour plus d'infos et tarifs.","robots":{"index":"index","follow":"follow","max-snippet":"max-snippet:-1","max-image-preview":"max-image-preview:large","max-video-preview":"max-video-preview:-1"},"canonical":"https:\/\/everydaychemshop.com\/fr\/product\/cbd-premium-huile-extraite-co2\/","og_locale":"en_US","og_type":"article","og_title":"Huile extraite au CO2 CBD Premium","og_description":"Huile extraite au CO2 CBD Premium en ligne. Vous pouvez acheter CBD Premium CO2 Extracted Oil Online USA en ligne. Contact pour plus d'infos et tarifs.","og_url":"https:\/\/everydaychemshop.com\/fr\/product\/cbd-premium-huile-extraite-co2\/","og_site_name":"Everyday Chem Shop","article_modified_time":"2023-04-07T10:28:37+00:00","og_image":[{"width":600,"height":600,"url":"https:\/\/everydaychemshop.com\/fr\/wp-content\/uploads\/sites\/5\/2022\/11\/Buy-High-CBD-Premium-CO2-Extracted-Oil-Online-USA.jpg","type":"image\/jpeg"}],"twitter_card":"summary_large_image","twitter_misc":{"Est. reading time":"2 minutes"},"schema":{"@context":"https:\/\/schema.org","@graph":[{"@type":"WebPage","@id":"https:\/\/everydaychemshop.com\/fr\/product\/cbd-premium-huile-extraite-co2\/","url":"https:\/\/everydaychemshop.com\/fr\/product\/cbd-premium-huile-extraite-co2\/","name":"Huile extraite au CO2 CBD Premium - Everyday Chem Shop","isPartOf":{"@id":"https:\/\/everydaychemshop.com\/fr\/#website"},"primaryImageOfPage":{"@id":"https:\/\/everydaychemshop.com\/fr\/product\/cbd-premium-huile-extraite-co2\/#primaryimage"},"image":{"@id":"https:\/\/everydaychemshop.com\/fr\/product\/cbd-premium-huile-extraite-co2\/#primaryimage"},"thumbnailUrl":"https:\/\/everydaychemshop.com\/fr\/wp-content\/uploads\/sites\/5\/2022\/11\/Buy-High-CBD-Premium-CO2-Extracted-Oil-Online-USA.jpg","datePublished":"2022-11-22T22:43:59+00:00","dateModified":"2023-04-07T10:28:37+00:00","description":"Huile extraite au CO2 CBD Premium en ligne. Vous pouvez acheter CBD Premium CO2 Extracted Oil Online USA en ligne. Contact pour plus d'infos et tarifs.","breadcrumb":{"@id":"https:\/\/everydaychemshop.com\/fr\/product\/cbd-premium-huile-extraite-co2\/#breadcrumb"},"inLanguage":"en-US","potentialAction":[{"@type":"ReadAction","target":["https:\/\/everydaychemshop.com\/fr\/product\/cbd-premium-huile-extraite-co2\/"]}]},{"@type":"ImageObject","inLanguage":"en-US","@id":"https:\/\/everydaychemshop.com\/fr\/product\/cbd-premium-huile-extraite-co2\/#primaryimage","url":"https:\/\/everydaychemshop.com\/fr\/wp-content\/uploads\/sites\/5\/2022\/11\/Buy-High-CBD-Premium-CO2-Extracted-Oil-Online-USA.jpg","contentUrl":"https:\/\/everydaychemshop.com\/fr\/wp-content\/uploads\/sites\/5\/2022\/11\/Buy-High-CBD-Premium-CO2-Extracted-Oil-Online-USA.jpg","width":600,"height":600,"caption":"Huile extraite au CO2 CBD Premium en ligne"},{"@type":"BreadcrumbList","@id":"https:\/\/everydaychemshop.com\/fr\/product\/cbd-premium-huile-extraite-co2\/#breadcrumb","itemListElement":[{"@type":"ListItem","position":1,"name":"Home","item":"https:\/\/everydaychemshop.com\/fr\/"},{"@type":"ListItem","position":2,"name":"Des produits","item":"https:\/\/everydaychemshop.com\/fr\/des-produits\/"},{"@type":"ListItem","position":3,"name":"Huile extraite au CO2 CBD Premium"}]},{"@type":"WebSite","@id":"https:\/\/everydaychemshop.com\/fr\/#website","url":"https:\/\/everydaychemshop.com\/fr\/","name":"Everyday Chem Shop","description":"","potentialAction":[{"@type":"SearchAction","target":{"@type":"EntryPoint","urlTemplate":"https:\/\/everydaychemshop.com\/fr\/?s={search_term_string}"},"query-input":{"@type":"PropertyValueSpecification","valueRequired":true,"valueName":"search_term_string"}}],"inLanguage":"en-US"}]}},"_links":{"self":[{"href":"https:\/\/everydaychemshop.com\/fr\/wp-json\/wp\/v2\/product\/8341","targetHints":{"allow":["GET"]}}],"collection":[{"href":"https:\/\/everydaychemshop.com\/fr\/wp-json\/wp\/v2\/product"}],"about":[{"href":"https:\/\/everydaychemshop.com\/fr\/wp-json\/wp\/v2\/types\/product"}],"replies":[{"embeddable":true,"href":"https:\/\/everydaychemshop.com\/fr\/wp-json\/wp\/v2\/comments?post=8341"}],"wp:featuredmedia":[{"embeddable":true,"href":"https:\/\/everydaychemshop.com\/fr\/wp-json\/wp\/v2\/media\/8349"}],"wp:attachment":[{"href":"https:\/\/everydaychemshop.com\/fr\/wp-json\/wp\/v2\/media?parent=8341"}],"wp:term":[{"taxonomy":"product_brand","embeddable":true,"href":"https:\/\/everydaychemshop.com\/fr\/wp-json\/wp\/v2\/product_brand?post=8341"},{"taxonomy":"product_cat","embeddable":true,"href":"https:\/\/everydaychemshop.com\/fr\/wp-json\/wp\/v2\/product_cat?post=8341"},{"taxonomy":"product_tag","embeddable":true,"href":"https:\/\/everydaychemshop.com\/fr\/wp-json\/wp\/v2\/product_tag?post=8341"}],"curies":[{"name":"wp","href":"https:\/\/api.w.org\/{rel}","templated":true}]}}