{"id":8350,"date":"2022-11-22T22:49:42","date_gmt":"2022-11-22T22:49:42","guid":{"rendered":"https:\/\/everydaychemshop.com\/fr\/?post_type=product&#038;p=8350"},"modified":"2023-04-07T10:27:18","modified_gmt":"2023-04-07T10:27:18","slug":"capsules-dhuile-de-graines-de-chanvre-a-100-mg-de-thc","status":"publish","type":"product","link":"https:\/\/everydaychemshop.com\/fr\/product\/capsules-dhuile-de-graines-de-chanvre-a-100-mg-de-thc\/","title":{"rendered":"Capsules d&#8217;huile de graines de chanvre 100mg THC"},"content":{"rendered":"<h1>Capsules d&#8217;huile de graines de 100 mg de THC<\/h1>\n<p><a href=\"https:\/\/everydaychemshop.com\/fr\/product\/capsules-dhuile-de-graines-de-chanvre-a-100-mg-de-thc\/\">Capsules d&#8217;huile de graines de 100 mg de THC<\/a>. \u00c0 ne pas confondre avec les capsules de poudre de THC populaires mais inf\u00e9rieures, chacune de ces capsules contient 100 mg d&#8217;huile de graines de chanvre. Vendues par paquet de 3<\/p>\n<p>Nos capsules d&#8217;huile de THC sont formul\u00e9es \u00e0 partir de la plante enti\u00e8re de Cannabis et sont riches en terp\u00e8nes. Ces capsules contiennent du THC et de l&#8217;huile de graines de chanvre de la <a href=\"https:\/\/fr.wikipedia.org\/wiki\/T%C3%A9trahydrocannabinol\">plus<\/a> haute qualit\u00e9. L&#8217;huile de graines de chanvre a un rapport de 3 \u00e0 1 d&#8217;om\u00e9ga 6 \u00e0 om\u00e9ga 3, fournissant les exigences optimales pour une sant\u00e9 \u00e0 long terme. Toute notre huile THC est test\u00e9e en laboratoire pour garantir la plus haute qualit\u00e9 et s\u00e9curit\u00e9.<\/p>\n","protected":false},"excerpt":{"rendered":"<p>L&#8217;huile de chanvre est r\u00e9guli\u00e8rement utilis\u00e9e comme apr\u00e8s-shampooing ou comme cr\u00e8me pour la peau. Quelques examens ont montr\u00e9 que l&#8217;huile de graines de chanvre pouvait agir sur les peaux s\u00e8ches et irrit\u00e9es et aider les effets secondaires de la dermatite, une affection cutan\u00e9e typique. Lorsqu&#8217;il est utilis\u00e9 pour les manifestations de dermatite, il peut r\u00e9duire le besoin de m\u00e9dicament approuv\u00e9 par un m\u00e9decin<\/p>\n<p>&nbsp;<\/p>\n<ul>\n<li>Exp\u00e9dition dans le monde entier<\/li>\n<li>Chaque capsule contient 100 mg de THC .<\/li>\n<li>Chaque flacon contient 3\u00a0capsules.<\/li>\n<li>La quantit\u00e9 minimale de commande est de\u00a0<strong><em>3 flacons<\/em><\/strong><\/li>\n<li>Contactez-nous pour les grosses commandes<\/li>\n<\/ul>\n","protected":false},"featured_media":8357,"comment_status":"open","ping_status":"closed","template":"","meta":{"inline_featured_image":false},"product_brand":[],"product_cat":[61],"product_tag":[652,656,662,644,646,645,650,654,648,663,657,653,658,649,664,661,659,647,651,655,660],"class_list":{"0":"post-8350","1":"product","2":"type-product","3":"status-publish","4":"has-post-thumbnail","6":"product_cat-produits-du-cannabis","7":"product_tag-1000mg-thc-oil-for-sale-in-usa","8":"product_tag-acheter","9":"product_tag-acheter-1000mg-thc-huile-en-ligne-usa","10":"product_tag-acheter-capsules-d-huile-de-graines-de-chanvre-100mg-thc-acheter-capsules-de-thc","11":"product_tag-acheter-thc-capsules-en-ligne","12":"product_tag-acheter-des-graines-de-chanvre","13":"product_tag-acheter-des-graines-de-chanvre-thc-en-ligne","14":"product_tag-canada","15":"product_tag-1000mg-thc-chanvre-huile-capsule--vendre","16":"product_tag-comment-commander-capsule-1000mg-thc","17":"product_tag-en-ligne","18":"product_tag-etats-unis","19":"product_tag-fournisseurs","20":"product_tag-thc-graines-de-chanvre-a-vendre","21":"product_tag-est-1000mg-thc-huile-de-chanvre-lgal-au-canada","22":"product_tag-is-1000mg-thc-chanvre-huile-capsule-lgal-aux-tats-unis","23":"product_tag-livraison-en-toute-scurit","24":"product_tag-o-acheter-1000mg-thc-chanvre-huile","25":"product_tag-o-acheter-thc-oil-en-ligne","26":"product_tag-royaume-uni","27":"product_tag-vous-pouvez-toujours-obtenir-1000mg-thc-capsule","29":"first","30":"instock","31":"shipping-taxable","32":"purchasable","33":"product-type-variable","34":"has-default-attributes"},"yoast_head":"<!-- This site is optimized with the Yoast SEO Premium plugin v19.2 (Yoast SEO v27.3) - https:\/\/yoast.com\/product\/yoast-seo-premium-wordpress\/ -->\n<title>Capsules d&#039;huile de graines de 100 mg de THC - Everyday Chem Shop<\/title>\n<meta name=\"description\" content=\"Capsules d&#039;huile de graines de 100 mg de THC. Nous vendons les meilleures capsules d&#039;huile de graines de chanvre de 100 mg de THC, veuillez nous contacter pour plus d&#039;informations et les prix.\" \/>\n<meta name=\"robots\" content=\"index, follow, max-snippet:-1, max-image-preview:large, max-video-preview:-1\" \/>\n<link rel=\"canonical\" href=\"https:\/\/everydaychemshop.com\/fr\/product\/capsules-dhuile-de-graines-de-chanvre-a-100-mg-de-thc\/\" \/>\n<meta property=\"og:locale\" content=\"en_US\" \/>\n<meta property=\"og:type\" content=\"article\" \/>\n<meta property=\"og:title\" content=\"Capsules d&#039;huile de graines de chanvre 100mg THC\" \/>\n<meta property=\"og:description\" content=\"Capsules d&#039;huile de graines de 100 mg de THC. Nous vendons les meilleures capsules d&#039;huile de graines de chanvre de 100 mg de THC, veuillez nous contacter pour plus d&#039;informations et les prix.\" \/>\n<meta property=\"og:url\" content=\"https:\/\/everydaychemshop.com\/fr\/product\/capsules-dhuile-de-graines-de-chanvre-a-100-mg-de-thc\/\" \/>\n<meta property=\"og:site_name\" content=\"Everyday Chem Shop\" \/>\n<meta property=\"article:modified_time\" content=\"2023-04-07T10:27:18+00:00\" \/>\n<meta property=\"og:image\" content=\"https:\/\/everydaychemshop.com\/fr\/wp-content\/uploads\/sites\/5\/2022\/11\/Buy-100mg-THC-Hemp-Seed-Oil-Capsules.jpg\" \/>\n\t<meta property=\"og:image:width\" content=\"600\" \/>\n\t<meta property=\"og:image:height\" content=\"600\" \/>\n\t<meta property=\"og:image:type\" content=\"image\/jpeg\" \/>\n<meta name=\"twitter:card\" content=\"summary_large_image\" \/>\n<meta name=\"twitter:label1\" content=\"Est. reading time\" \/>\n\t<meta name=\"twitter:data1\" content=\"1 minute\" \/>\n<script type=\"application\/ld+json\" class=\"yoast-schema-graph\">{\"@context\":\"https:\\\/\\\/schema.org\",\"@graph\":[{\"@type\":\"WebPage\",\"@id\":\"https:\\\/\\\/everydaychemshop.com\\\/fr\\\/product\\\/capsules-dhuile-de-graines-de-chanvre-a-100-mg-de-thc\\\/\",\"url\":\"https:\\\/\\\/everydaychemshop.com\\\/fr\\\/product\\\/capsules-dhuile-de-graines-de-chanvre-a-100-mg-de-thc\\\/\",\"name\":\"Capsules d'huile de graines de 100 mg de THC - Everyday Chem Shop\",\"isPartOf\":{\"@id\":\"https:\\\/\\\/everydaychemshop.com\\\/fr\\\/#website\"},\"primaryImageOfPage\":{\"@id\":\"https:\\\/\\\/everydaychemshop.com\\\/fr\\\/product\\\/capsules-dhuile-de-graines-de-chanvre-a-100-mg-de-thc\\\/#primaryimage\"},\"image\":{\"@id\":\"https:\\\/\\\/everydaychemshop.com\\\/fr\\\/product\\\/capsules-dhuile-de-graines-de-chanvre-a-100-mg-de-thc\\\/#primaryimage\"},\"thumbnailUrl\":\"https:\\\/\\\/everydaychemshop.com\\\/fr\\\/wp-content\\\/uploads\\\/sites\\\/5\\\/2022\\\/11\\\/Buy-100mg-THC-Hemp-Seed-Oil-Capsules.jpg\",\"datePublished\":\"2022-11-22T22:49:42+00:00\",\"dateModified\":\"2023-04-07T10:27:18+00:00\",\"description\":\"Capsules d'huile de graines de 100 mg de THC. Nous vendons les meilleures capsules d'huile de graines de chanvre de 100 mg de THC, veuillez nous contacter pour plus d'informations et les prix.\",\"breadcrumb\":{\"@id\":\"https:\\\/\\\/everydaychemshop.com\\\/fr\\\/product\\\/capsules-dhuile-de-graines-de-chanvre-a-100-mg-de-thc\\\/#breadcrumb\"},\"inLanguage\":\"en-US\",\"potentialAction\":[{\"@type\":\"ReadAction\",\"target\":[\"https:\\\/\\\/everydaychemshop.com\\\/fr\\\/product\\\/capsules-dhuile-de-graines-de-chanvre-a-100-mg-de-thc\\\/\"]}]},{\"@type\":\"ImageObject\",\"inLanguage\":\"en-US\",\"@id\":\"https:\\\/\\\/everydaychemshop.com\\\/fr\\\/product\\\/capsules-dhuile-de-graines-de-chanvre-a-100-mg-de-thc\\\/#primaryimage\",\"url\":\"https:\\\/\\\/everydaychemshop.com\\\/fr\\\/wp-content\\\/uploads\\\/sites\\\/5\\\/2022\\\/11\\\/Buy-100mg-THC-Hemp-Seed-Oil-Capsules.jpg\",\"contentUrl\":\"https:\\\/\\\/everydaychemshop.com\\\/fr\\\/wp-content\\\/uploads\\\/sites\\\/5\\\/2022\\\/11\\\/Buy-100mg-THC-Hemp-Seed-Oil-Capsules.jpg\",\"width\":600,\"height\":600,\"caption\":\"Capsules d'huile de graines de 100 mg de THC\"},{\"@type\":\"BreadcrumbList\",\"@id\":\"https:\\\/\\\/everydaychemshop.com\\\/fr\\\/product\\\/capsules-dhuile-de-graines-de-chanvre-a-100-mg-de-thc\\\/#breadcrumb\",\"itemListElement\":[{\"@type\":\"ListItem\",\"position\":1,\"name\":\"Home\",\"item\":\"https:\\\/\\\/everydaychemshop.com\\\/fr\\\/\"},{\"@type\":\"ListItem\",\"position\":2,\"name\":\"Des produits\",\"item\":\"https:\\\/\\\/everydaychemshop.com\\\/fr\\\/des-produits\\\/\"},{\"@type\":\"ListItem\",\"position\":3,\"name\":\"Capsules d&#8217;huile de graines de chanvre 100mg THC\"}]},{\"@type\":\"WebSite\",\"@id\":\"https:\\\/\\\/everydaychemshop.com\\\/fr\\\/#website\",\"url\":\"https:\\\/\\\/everydaychemshop.com\\\/fr\\\/\",\"name\":\"Everyday Chem Shop\",\"description\":\"\",\"potentialAction\":[{\"@type\":\"SearchAction\",\"target\":{\"@type\":\"EntryPoint\",\"urlTemplate\":\"https:\\\/\\\/everydaychemshop.com\\\/fr\\\/?s={search_term_string}\"},\"query-input\":{\"@type\":\"PropertyValueSpecification\",\"valueRequired\":true,\"valueName\":\"search_term_string\"}}],\"inLanguage\":\"en-US\"}]}<\/script>\n<!-- \/ Yoast SEO Premium plugin. -->","yoast_head_json":{"title":"Capsules d'huile de graines de 100 mg de THC - Everyday Chem Shop","description":"Capsules d'huile de graines de 100 mg de THC. Nous vendons les meilleures capsules d'huile de graines de chanvre de 100 mg de THC, veuillez nous contacter pour plus d'informations et les prix.","robots":{"index":"index","follow":"follow","max-snippet":"max-snippet:-1","max-image-preview":"max-image-preview:large","max-video-preview":"max-video-preview:-1"},"canonical":"https:\/\/everydaychemshop.com\/fr\/product\/capsules-dhuile-de-graines-de-chanvre-a-100-mg-de-thc\/","og_locale":"en_US","og_type":"article","og_title":"Capsules d'huile de graines de chanvre 100mg THC","og_description":"Capsules d'huile de graines de 100 mg de THC. Nous vendons les meilleures capsules d'huile de graines de chanvre de 100 mg de THC, veuillez nous contacter pour plus d'informations et les prix.","og_url":"https:\/\/everydaychemshop.com\/fr\/product\/capsules-dhuile-de-graines-de-chanvre-a-100-mg-de-thc\/","og_site_name":"Everyday Chem Shop","article_modified_time":"2023-04-07T10:27:18+00:00","og_image":[{"width":600,"height":600,"url":"https:\/\/everydaychemshop.com\/fr\/wp-content\/uploads\/sites\/5\/2022\/11\/Buy-100mg-THC-Hemp-Seed-Oil-Capsules.jpg","type":"image\/jpeg"}],"twitter_card":"summary_large_image","twitter_misc":{"Est. reading time":"1 minute"},"schema":{"@context":"https:\/\/schema.org","@graph":[{"@type":"WebPage","@id":"https:\/\/everydaychemshop.com\/fr\/product\/capsules-dhuile-de-graines-de-chanvre-a-100-mg-de-thc\/","url":"https:\/\/everydaychemshop.com\/fr\/product\/capsules-dhuile-de-graines-de-chanvre-a-100-mg-de-thc\/","name":"Capsules d'huile de graines de 100 mg de THC - Everyday Chem Shop","isPartOf":{"@id":"https:\/\/everydaychemshop.com\/fr\/#website"},"primaryImageOfPage":{"@id":"https:\/\/everydaychemshop.com\/fr\/product\/capsules-dhuile-de-graines-de-chanvre-a-100-mg-de-thc\/#primaryimage"},"image":{"@id":"https:\/\/everydaychemshop.com\/fr\/product\/capsules-dhuile-de-graines-de-chanvre-a-100-mg-de-thc\/#primaryimage"},"thumbnailUrl":"https:\/\/everydaychemshop.com\/fr\/wp-content\/uploads\/sites\/5\/2022\/11\/Buy-100mg-THC-Hemp-Seed-Oil-Capsules.jpg","datePublished":"2022-11-22T22:49:42+00:00","dateModified":"2023-04-07T10:27:18+00:00","description":"Capsules d'huile de graines de 100 mg de THC. Nous vendons les meilleures capsules d'huile de graines de chanvre de 100 mg de THC, veuillez nous contacter pour plus d'informations et les prix.","breadcrumb":{"@id":"https:\/\/everydaychemshop.com\/fr\/product\/capsules-dhuile-de-graines-de-chanvre-a-100-mg-de-thc\/#breadcrumb"},"inLanguage":"en-US","potentialAction":[{"@type":"ReadAction","target":["https:\/\/everydaychemshop.com\/fr\/product\/capsules-dhuile-de-graines-de-chanvre-a-100-mg-de-thc\/"]}]},{"@type":"ImageObject","inLanguage":"en-US","@id":"https:\/\/everydaychemshop.com\/fr\/product\/capsules-dhuile-de-graines-de-chanvre-a-100-mg-de-thc\/#primaryimage","url":"https:\/\/everydaychemshop.com\/fr\/wp-content\/uploads\/sites\/5\/2022\/11\/Buy-100mg-THC-Hemp-Seed-Oil-Capsules.jpg","contentUrl":"https:\/\/everydaychemshop.com\/fr\/wp-content\/uploads\/sites\/5\/2022\/11\/Buy-100mg-THC-Hemp-Seed-Oil-Capsules.jpg","width":600,"height":600,"caption":"Capsules d'huile de graines de 100 mg de THC"},{"@type":"BreadcrumbList","@id":"https:\/\/everydaychemshop.com\/fr\/product\/capsules-dhuile-de-graines-de-chanvre-a-100-mg-de-thc\/#breadcrumb","itemListElement":[{"@type":"ListItem","position":1,"name":"Home","item":"https:\/\/everydaychemshop.com\/fr\/"},{"@type":"ListItem","position":2,"name":"Des produits","item":"https:\/\/everydaychemshop.com\/fr\/des-produits\/"},{"@type":"ListItem","position":3,"name":"Capsules d&#8217;huile de graines de chanvre 100mg THC"}]},{"@type":"WebSite","@id":"https:\/\/everydaychemshop.com\/fr\/#website","url":"https:\/\/everydaychemshop.com\/fr\/","name":"Everyday Chem Shop","description":"","potentialAction":[{"@type":"SearchAction","target":{"@type":"EntryPoint","urlTemplate":"https:\/\/everydaychemshop.com\/fr\/?s={search_term_string}"},"query-input":{"@type":"PropertyValueSpecification","valueRequired":true,"valueName":"search_term_string"}}],"inLanguage":"en-US"}]}},"_links":{"self":[{"href":"https:\/\/everydaychemshop.com\/fr\/wp-json\/wp\/v2\/product\/8350","targetHints":{"allow":["GET"]}}],"collection":[{"href":"https:\/\/everydaychemshop.com\/fr\/wp-json\/wp\/v2\/product"}],"about":[{"href":"https:\/\/everydaychemshop.com\/fr\/wp-json\/wp\/v2\/types\/product"}],"replies":[{"embeddable":true,"href":"https:\/\/everydaychemshop.com\/fr\/wp-json\/wp\/v2\/comments?post=8350"}],"wp:featuredmedia":[{"embeddable":true,"href":"https:\/\/everydaychemshop.com\/fr\/wp-json\/wp\/v2\/media\/8357"}],"wp:attachment":[{"href":"https:\/\/everydaychemshop.com\/fr\/wp-json\/wp\/v2\/media?parent=8350"}],"wp:term":[{"taxonomy":"product_brand","embeddable":true,"href":"https:\/\/everydaychemshop.com\/fr\/wp-json\/wp\/v2\/product_brand?post=8350"},{"taxonomy":"product_cat","embeddable":true,"href":"https:\/\/everydaychemshop.com\/fr\/wp-json\/wp\/v2\/product_cat?post=8350"},{"taxonomy":"product_tag","embeddable":true,"href":"https:\/\/everydaychemshop.com\/fr\/wp-json\/wp\/v2\/product_tag?post=8350"}],"curies":[{"name":"wp","href":"https:\/\/api.w.org\/{rel}","templated":true}]}}