{"id":8358,"date":"2022-11-22T22:53:32","date_gmt":"2022-11-22T22:53:32","guid":{"rendered":"https:\/\/everydaychemshop.com\/fr\/?post_type=product&#038;p=8358"},"modified":"2023-04-07T10:25:34","modified_gmt":"2023-04-07T10:25:34","slug":"acheter-1000mg-teinture-arome-thc-keey","status":"publish","type":"product","link":"https:\/\/everydaychemshop.com\/fr\/product\/acheter-1000mg-teinture-arome-thc-keey\/","title":{"rendered":"1000 mg de teinture aromatis\u00e9e au THC \u2013 Keey"},"content":{"rendered":"<h1>1000 mg de teinture aromatis\u00e9e au THC<\/h1>\n<p><a href=\"https:\/\/everydaychemshop.com\/fr\/product\/acheter-1000mg-teinture-arome-thc-keey\/\">1000 mg de teinture aromatis\u00e9e au THC<\/a>. Acheter 1000 mg THC Teinture aromatis\u00e9e \u2013 Keey est probablement le produit le plus populaire sur le march\u00e9. C&#8217;est parce que c&#8217;est une bonne dose pour les d\u00e9butants et les gros utilisateurs, et cela vous durera longtemps avant que vous n&#8217;ayez besoin de plus. L&#8217;utilisation du THC pr\u00e9sente \u00e9galement de nombreux avantages pour la sant\u00e9.<\/p>\n<p>Nous sommes l\u00e0 pour vous aider avec tous vos besoins et exigences. Contactez <a href=\"https:\/\/fr.wikipedia.org\/wiki\/T%C3%A9trahydrocannabinol\">simplement<\/a> notre boutique en ligne et effectuez votre achat en toute simplicit\u00e9. Vos besoins sont maintenant \u00e0 port\u00e9e de clic. Contactez-nous imm\u00e9diatement\u00a0!<\/p>\n<p>Les teintures de THC peuvent \u00e9galement \u00eatre ajout\u00e9es \u00e0 vos aliments et rafra\u00eechissements pr\u00e9f\u00e9r\u00e9s, pour les personnes \u00e0 la recherche d&#8217;effets fiables. Rappelles toi; dans tous les cas, cette chaleur peut corrompre les cannabino\u00efdes, alors ajoutez votre portion de THC \u00e0 votre souper ou \u00e0 votre rafra\u00eechissement lorsqu&#8217;il est pr\u00eat \u00e0 \u00eatre servi<\/p>\n<p>Exp\u00e9dition dans le monde entier<br \/>\n1000 mg de THC par 30 ml<br \/>\nMinimum la quantit\u00e9 command\u00e9e est de 2<br \/>\nContactez-nous pour les commandes plus importantes<\/p>\n","protected":false},"excerpt":{"rendered":"<p>Les teintures offrent d&#8217;\u00e9normes avantages par rapport aux diff\u00e9rentes techniques de r\u00e9gulation des cannabino\u00efdes cliniques. Nos teintures Keey THC arrivent dans une bouteille en verre de 30 ml avec un ustensile en perles simple \u00e0 utiliser qui prend en compte des dosages exacts et contr\u00f4l\u00e9s sans faute. Les teintures peuvent \u00eatre contr\u00f4l\u00e9es de diff\u00e9rentes mani\u00e8res et proposer un moyen attentif pour les individus de calmer. L&#8217;huile de THC peut \u00eatre prise par voie sublinguale, en appliquant les teintures sous la langue et en la maintenant pendant environ 60 secondes pour envisager la r\u00e9tention par le couloir sublingual sous la langue. L&#8217;examen a observ\u00e9 que cette strat\u00e9gie de transport prend en compte les cannabino\u00efdes pour s&#8217;av\u00e9rer d&#8217;autant plus efficacement et rapidement accessibles \u00e0 l&#8217;organisme pour \u00eatre absorb\u00e9s dans le syst\u00e8me circulatoire.<\/p>\n<p>&nbsp;<\/p>\n<ul>\n<li>Exp\u00e9dition dans le monde entier<\/li>\n<li>La quantit\u00e9 minimum de commande est\u00a0<strong>2<\/strong><\/li>\n<li>Contactez-nous pour des commandes plus importantes<\/li>\n<\/ul>\n<p>&amp;nbsp\u00a0;<\/p>\n","protected":false},"featured_media":8360,"comment_status":"open","ping_status":"closed","template":"","meta":{"inline_featured_image":false},"product_brand":[],"product_cat":[61],"product_tag":[669,673,656,676,666,665,671,667,654,677,657,653,658,675,678,659,668,672,655,670,674],"class_list":{"0":"post-8358","1":"product","2":"type-product","3":"status-publish","4":"has-post-thumbnail","6":"product_cat-produits-du-cannabis","7":"product_tag-1000mg-thc-tincture-for-sale","8":"product_tag-1000mg-thc-tincture-for-sale-in-usa","9":"product_tag-acheter","10":"product_tag-acheter-1000mg-thc-teinture-en-ligne-usa","11":"product_tag-acheter-teinture-aromatisee","12":"product_tag-acheter-1000mg-teinture-arome-thc-acheter-teinture-thc","13":"product_tag-acheter-teinture-en-ligne","14":"product_tag-acheter-teinture-thc-en-ligne","15":"product_tag-canada","16":"product_tag-comment-commander-1000mg-teinture-thc","17":"product_tag-en-ligne","18":"product_tag-etats-unis","19":"product_tag-fournisseurs","20":"product_tag-is-1000mg-thc-aromatis-teinture-legal-in-usa","21":"product_tag-is-1000mg-thc-teinture-legal-in-canada","22":"product_tag-livraison-en-toute-scurit","23":"product_tag-o-acheter-1000mg-teinture-thc","24":"product_tag-o-acheter-la-teinture-de-thc-en-ligne","25":"product_tag-royaume-uni","26":"product_tag-thc-teinture-a-vendre","27":"product_tag-vous-pouvez-toujours-obtenir-1000mg-thc-teinture","29":"first","30":"instock","31":"shipping-taxable","32":"purchasable","33":"product-type-simple"},"yoast_head":"<!-- This site is optimized with the Yoast SEO Premium plugin v19.2 (Yoast SEO v27.3) - https:\/\/yoast.com\/product\/yoast-seo-premium-wordpress\/ -->\n<title>1000 mg de teinture aromatis\u00e9e au THC - Everyday Chem Shop<\/title>\n<meta name=\"description\" content=\"1000 mg de teinture aromatis\u00e9e au THC. Les teintures offrent d&#039;\u00e9normes avantages par rapport aux diff\u00e9rentes techniques de r\u00e9gulation des cannabino\u00efdes cliniques.\" \/>\n<meta name=\"robots\" content=\"index, follow, max-snippet:-1, max-image-preview:large, max-video-preview:-1\" \/>\n<link rel=\"canonical\" href=\"https:\/\/everydaychemshop.com\/fr\/product\/acheter-1000mg-teinture-arome-thc-keey\/\" \/>\n<meta property=\"og:locale\" content=\"en_US\" \/>\n<meta property=\"og:type\" content=\"article\" \/>\n<meta property=\"og:title\" content=\"1000 mg de teinture aromatis\u00e9e au THC \u2013 Keey\" \/>\n<meta property=\"og:description\" content=\"1000 mg de teinture aromatis\u00e9e au THC. Les teintures offrent d&#039;\u00e9normes avantages par rapport aux diff\u00e9rentes techniques de r\u00e9gulation des cannabino\u00efdes cliniques.\" \/>\n<meta property=\"og:url\" content=\"https:\/\/everydaychemshop.com\/fr\/product\/acheter-1000mg-teinture-arome-thc-keey\/\" \/>\n<meta property=\"og:site_name\" content=\"Everyday Chem Shop\" \/>\n<meta property=\"article:modified_time\" content=\"2023-04-07T10:25:34+00:00\" \/>\n<meta property=\"og:image\" content=\"https:\/\/everydaychemshop.com\/fr\/wp-content\/uploads\/sites\/5\/2022\/11\/Buy-1000mg-THC-Flavoured-Tincture.jpg\" \/>\n\t<meta property=\"og:image:width\" content=\"600\" \/>\n\t<meta property=\"og:image:height\" content=\"600\" \/>\n\t<meta property=\"og:image:type\" content=\"image\/jpeg\" \/>\n<meta name=\"twitter:card\" content=\"summary_large_image\" \/>\n<meta name=\"twitter:label1\" content=\"Est. reading time\" \/>\n\t<meta name=\"twitter:data1\" content=\"1 minute\" \/>\n<script type=\"application\/ld+json\" class=\"yoast-schema-graph\">{\"@context\":\"https:\\\/\\\/schema.org\",\"@graph\":[{\"@type\":\"WebPage\",\"@id\":\"https:\\\/\\\/everydaychemshop.com\\\/fr\\\/product\\\/acheter-1000mg-teinture-arome-thc-keey\\\/\",\"url\":\"https:\\\/\\\/everydaychemshop.com\\\/fr\\\/product\\\/acheter-1000mg-teinture-arome-thc-keey\\\/\",\"name\":\"1000 mg de teinture aromatis\u00e9e au THC - Everyday Chem Shop\",\"isPartOf\":{\"@id\":\"https:\\\/\\\/everydaychemshop.com\\\/fr\\\/#website\"},\"primaryImageOfPage\":{\"@id\":\"https:\\\/\\\/everydaychemshop.com\\\/fr\\\/product\\\/acheter-1000mg-teinture-arome-thc-keey\\\/#primaryimage\"},\"image\":{\"@id\":\"https:\\\/\\\/everydaychemshop.com\\\/fr\\\/product\\\/acheter-1000mg-teinture-arome-thc-keey\\\/#primaryimage\"},\"thumbnailUrl\":\"https:\\\/\\\/everydaychemshop.com\\\/fr\\\/wp-content\\\/uploads\\\/sites\\\/5\\\/2022\\\/11\\\/Buy-1000mg-THC-Flavoured-Tincture.jpg\",\"datePublished\":\"2022-11-22T22:53:32+00:00\",\"dateModified\":\"2023-04-07T10:25:34+00:00\",\"description\":\"1000 mg de teinture aromatis\u00e9e au THC. Les teintures offrent d'\u00e9normes avantages par rapport aux diff\u00e9rentes techniques de r\u00e9gulation des cannabino\u00efdes cliniques.\",\"breadcrumb\":{\"@id\":\"https:\\\/\\\/everydaychemshop.com\\\/fr\\\/product\\\/acheter-1000mg-teinture-arome-thc-keey\\\/#breadcrumb\"},\"inLanguage\":\"en-US\",\"potentialAction\":[{\"@type\":\"ReadAction\",\"target\":[\"https:\\\/\\\/everydaychemshop.com\\\/fr\\\/product\\\/acheter-1000mg-teinture-arome-thc-keey\\\/\"]}]},{\"@type\":\"ImageObject\",\"inLanguage\":\"en-US\",\"@id\":\"https:\\\/\\\/everydaychemshop.com\\\/fr\\\/product\\\/acheter-1000mg-teinture-arome-thc-keey\\\/#primaryimage\",\"url\":\"https:\\\/\\\/everydaychemshop.com\\\/fr\\\/wp-content\\\/uploads\\\/sites\\\/5\\\/2022\\\/11\\\/Buy-1000mg-THC-Flavoured-Tincture.jpg\",\"contentUrl\":\"https:\\\/\\\/everydaychemshop.com\\\/fr\\\/wp-content\\\/uploads\\\/sites\\\/5\\\/2022\\\/11\\\/Buy-1000mg-THC-Flavoured-Tincture.jpg\",\"width\":600,\"height\":600,\"caption\":\"1000 mg de teinture aromatis\u00e9e au THC\"},{\"@type\":\"BreadcrumbList\",\"@id\":\"https:\\\/\\\/everydaychemshop.com\\\/fr\\\/product\\\/acheter-1000mg-teinture-arome-thc-keey\\\/#breadcrumb\",\"itemListElement\":[{\"@type\":\"ListItem\",\"position\":1,\"name\":\"Home\",\"item\":\"https:\\\/\\\/everydaychemshop.com\\\/fr\\\/\"},{\"@type\":\"ListItem\",\"position\":2,\"name\":\"Des produits\",\"item\":\"https:\\\/\\\/everydaychemshop.com\\\/fr\\\/des-produits\\\/\"},{\"@type\":\"ListItem\",\"position\":3,\"name\":\"1000 mg de teinture aromatis\u00e9e au THC \u2013 Keey\"}]},{\"@type\":\"WebSite\",\"@id\":\"https:\\\/\\\/everydaychemshop.com\\\/fr\\\/#website\",\"url\":\"https:\\\/\\\/everydaychemshop.com\\\/fr\\\/\",\"name\":\"Everyday Chem Shop\",\"description\":\"\",\"potentialAction\":[{\"@type\":\"SearchAction\",\"target\":{\"@type\":\"EntryPoint\",\"urlTemplate\":\"https:\\\/\\\/everydaychemshop.com\\\/fr\\\/?s={search_term_string}\"},\"query-input\":{\"@type\":\"PropertyValueSpecification\",\"valueRequired\":true,\"valueName\":\"search_term_string\"}}],\"inLanguage\":\"en-US\"}]}<\/script>\n<!-- \/ Yoast SEO Premium plugin. -->","yoast_head_json":{"title":"1000 mg de teinture aromatis\u00e9e au THC - Everyday Chem Shop","description":"1000 mg de teinture aromatis\u00e9e au THC. Les teintures offrent d'\u00e9normes avantages par rapport aux diff\u00e9rentes techniques de r\u00e9gulation des cannabino\u00efdes cliniques.","robots":{"index":"index","follow":"follow","max-snippet":"max-snippet:-1","max-image-preview":"max-image-preview:large","max-video-preview":"max-video-preview:-1"},"canonical":"https:\/\/everydaychemshop.com\/fr\/product\/acheter-1000mg-teinture-arome-thc-keey\/","og_locale":"en_US","og_type":"article","og_title":"1000 mg de teinture aromatis\u00e9e au THC \u2013 Keey","og_description":"1000 mg de teinture aromatis\u00e9e au THC. Les teintures offrent d'\u00e9normes avantages par rapport aux diff\u00e9rentes techniques de r\u00e9gulation des cannabino\u00efdes cliniques.","og_url":"https:\/\/everydaychemshop.com\/fr\/product\/acheter-1000mg-teinture-arome-thc-keey\/","og_site_name":"Everyday Chem Shop","article_modified_time":"2023-04-07T10:25:34+00:00","og_image":[{"width":600,"height":600,"url":"https:\/\/everydaychemshop.com\/fr\/wp-content\/uploads\/sites\/5\/2022\/11\/Buy-1000mg-THC-Flavoured-Tincture.jpg","type":"image\/jpeg"}],"twitter_card":"summary_large_image","twitter_misc":{"Est. reading time":"1 minute"},"schema":{"@context":"https:\/\/schema.org","@graph":[{"@type":"WebPage","@id":"https:\/\/everydaychemshop.com\/fr\/product\/acheter-1000mg-teinture-arome-thc-keey\/","url":"https:\/\/everydaychemshop.com\/fr\/product\/acheter-1000mg-teinture-arome-thc-keey\/","name":"1000 mg de teinture aromatis\u00e9e au THC - Everyday Chem Shop","isPartOf":{"@id":"https:\/\/everydaychemshop.com\/fr\/#website"},"primaryImageOfPage":{"@id":"https:\/\/everydaychemshop.com\/fr\/product\/acheter-1000mg-teinture-arome-thc-keey\/#primaryimage"},"image":{"@id":"https:\/\/everydaychemshop.com\/fr\/product\/acheter-1000mg-teinture-arome-thc-keey\/#primaryimage"},"thumbnailUrl":"https:\/\/everydaychemshop.com\/fr\/wp-content\/uploads\/sites\/5\/2022\/11\/Buy-1000mg-THC-Flavoured-Tincture.jpg","datePublished":"2022-11-22T22:53:32+00:00","dateModified":"2023-04-07T10:25:34+00:00","description":"1000 mg de teinture aromatis\u00e9e au THC. Les teintures offrent d'\u00e9normes avantages par rapport aux diff\u00e9rentes techniques de r\u00e9gulation des cannabino\u00efdes cliniques.","breadcrumb":{"@id":"https:\/\/everydaychemshop.com\/fr\/product\/acheter-1000mg-teinture-arome-thc-keey\/#breadcrumb"},"inLanguage":"en-US","potentialAction":[{"@type":"ReadAction","target":["https:\/\/everydaychemshop.com\/fr\/product\/acheter-1000mg-teinture-arome-thc-keey\/"]}]},{"@type":"ImageObject","inLanguage":"en-US","@id":"https:\/\/everydaychemshop.com\/fr\/product\/acheter-1000mg-teinture-arome-thc-keey\/#primaryimage","url":"https:\/\/everydaychemshop.com\/fr\/wp-content\/uploads\/sites\/5\/2022\/11\/Buy-1000mg-THC-Flavoured-Tincture.jpg","contentUrl":"https:\/\/everydaychemshop.com\/fr\/wp-content\/uploads\/sites\/5\/2022\/11\/Buy-1000mg-THC-Flavoured-Tincture.jpg","width":600,"height":600,"caption":"1000 mg de teinture aromatis\u00e9e au THC"},{"@type":"BreadcrumbList","@id":"https:\/\/everydaychemshop.com\/fr\/product\/acheter-1000mg-teinture-arome-thc-keey\/#breadcrumb","itemListElement":[{"@type":"ListItem","position":1,"name":"Home","item":"https:\/\/everydaychemshop.com\/fr\/"},{"@type":"ListItem","position":2,"name":"Des produits","item":"https:\/\/everydaychemshop.com\/fr\/des-produits\/"},{"@type":"ListItem","position":3,"name":"1000 mg de teinture aromatis\u00e9e au THC \u2013 Keey"}]},{"@type":"WebSite","@id":"https:\/\/everydaychemshop.com\/fr\/#website","url":"https:\/\/everydaychemshop.com\/fr\/","name":"Everyday Chem Shop","description":"","potentialAction":[{"@type":"SearchAction","target":{"@type":"EntryPoint","urlTemplate":"https:\/\/everydaychemshop.com\/fr\/?s={search_term_string}"},"query-input":{"@type":"PropertyValueSpecification","valueRequired":true,"valueName":"search_term_string"}}],"inLanguage":"en-US"}]}},"_links":{"self":[{"href":"https:\/\/everydaychemshop.com\/fr\/wp-json\/wp\/v2\/product\/8358","targetHints":{"allow":["GET"]}}],"collection":[{"href":"https:\/\/everydaychemshop.com\/fr\/wp-json\/wp\/v2\/product"}],"about":[{"href":"https:\/\/everydaychemshop.com\/fr\/wp-json\/wp\/v2\/types\/product"}],"replies":[{"embeddable":true,"href":"https:\/\/everydaychemshop.com\/fr\/wp-json\/wp\/v2\/comments?post=8358"}],"wp:featuredmedia":[{"embeddable":true,"href":"https:\/\/everydaychemshop.com\/fr\/wp-json\/wp\/v2\/media\/8360"}],"wp:attachment":[{"href":"https:\/\/everydaychemshop.com\/fr\/wp-json\/wp\/v2\/media?parent=8358"}],"wp:term":[{"taxonomy":"product_brand","embeddable":true,"href":"https:\/\/everydaychemshop.com\/fr\/wp-json\/wp\/v2\/product_brand?post=8358"},{"taxonomy":"product_cat","embeddable":true,"href":"https:\/\/everydaychemshop.com\/fr\/wp-json\/wp\/v2\/product_cat?post=8358"},{"taxonomy":"product_tag","embeddable":true,"href":"https:\/\/everydaychemshop.com\/fr\/wp-json\/wp\/v2\/product_tag?post=8358"}],"curies":[{"name":"wp","href":"https:\/\/api.w.org\/{rel}","templated":true}]}}