{"id":3985,"date":"2018-09-11T13:11:53","date_gmt":"2018-09-11T13:11:53","guid":{"rendered":"https:\/\/www.ekko-wp.com\/?page_id=3985"},"modified":"2023-01-04T12:03:03","modified_gmt":"2023-01-04T12:03:03","slug":"termini-e-condizioni","status":"publish","type":"page","link":"https:\/\/everydaychemshop.com\/it\/termini-e-condizioni\/","title":{"rendered":"Termini e Condizioni"},"content":{"rendered":"<h3>Informazione Generale<\/h3>\n<p>Una delle nostre principali priorit\u00e0 \u00e8 la privacy dei nostri visitatori. Questo documento sulla politica sulla privacy contiene i tipi di informazioni raccolte e registrate da Everyday Chem Shop e il modo in cui le utilizziamo.<\/p>\n<p>Se hai ulteriori domande o richiedi maggiori informazioni sulla nostra Informativa sulla privacy, non esitare a contattarci tramite e-mail all&#8217;indirizzo Incubator.<\/p>\n<h3>Log files<\/h3>\n<p>Ogni giorno Chem Shop segue una procedura standard di utilizzo dei file di registro. Questi file registrano i visitatori quando visitano i siti web. Tutte le societ\u00e0 di hosting fanno questo e una parte dell&#8217;analisi dei servizi di hosting. Le informazioni raccolte dai file di registro includono:<\/p>\n<ul>\n<li>indirizzi di protocollo Internet (IP).<\/li>\n<li>tipo di browser, provider di servizi Internet (ISP)<\/li>\n<li>data e ora, pagine di riferimento\/uscita<\/li>\n<li>possibilmente il numero di clic<\/li>\n<\/ul>\n<h3>Politiche sulla privacy<\/h3>\n<p>\u00c8 possibile consultare questo elenco per trovare l&#8217;Informativa sulla privacy per ciascuno dei partner pubblicitari di Incubator.<\/p>\n<p>Gli ad server o le reti pubblicitarie di terze parti utilizzano tecnologie come cookie, JavaScript o Web Beacon utilizzati nelle rispettive pubblicit\u00e0 e collegamenti visualizzati su Incubator, che vengono inviati direttamente al browser degli utenti. Ricevono automaticamente il tuo indirizzo IP quando ci\u00f2 si verifica. Queste tecnologie vengono utilizzate per misurare l&#8217;efficacia delle loro campagne pubblicitarie e\/o per personalizzare il contenuto pubblicitario che vedi sui siti web che visiti.<\/p>\n<p>Si noti che Everyday Chem Shop non ha accesso o controllo su questi cookie utilizzati da inserzionisti di terze parti.<\/p>\n<h3>Politiche di terze parti<\/h3>\n<p>L&#8217;informativa sulla privacy di Incubator non si applica ad altri inserzionisti o siti web. Pertanto, ti consigliamo di consultare le rispettive Informative sulla privacy di questi ad server di terze parti per informazioni pi\u00f9 dettagliate. Pu\u00f2 includere le loro pratiche e istruzioni su come rinunciare a determinate opzioni. \u00c8 possibile trovare un elenco completo di queste informative sulla privacy e dei relativi collegamenti qui: collegamenti all&#8217;informativa sulla privacy.<\/p>\n<p>Puoi scegliere di disabilitare i cookie attraverso le opzioni del tuo browser. Per conoscere informazioni pi\u00f9 dettagliate sulla gestione dei cookie con browser Web specifici, \u00e8 possibile trovarle sui rispettivi siti Web dei browser. Cosa sono i cookie?<\/p>\n<h3>Informazioni sui bambini<\/h3>\n<p>Un&#8217;altra parte della nostra priorit\u00e0 \u00e8 l&#8217;aggiunta di protezione per i bambini durante l&#8217;utilizzo di Internet. Incoraggiamo genitori e tutori a osservare, partecipare e\/o monitorare e guidare la loro attivit\u00e0 online.<\/p>\n<p>Incubator non raccoglie consapevolmente alcuna informazione di identificazione personale da bambini di et\u00e0 inferiore ai 13 anni. Se ritieni che tuo figlio abbia fornito questo tipo di informazioni sul nostro sito Web, ti invitiamo vivamente a contattarci immediatamente e faremo del nostro meglio per rimuovere prontamente tali informazioni dai nostri archivi.<\/p>\n<h3>Riservatezza in linea<\/h3>\n<p>Questa politica sulla privacy si applica solo alle nostre attivit\u00e0 online ed \u00e8 valida per i visitatori del nostro sito Web per quanto riguarda le informazioni che hanno condiviso e\/o raccolto in Everyday Chem Shop. Questa politica non \u00e8 applicabile alle informazioni raccolte offline o tramite canali diversi da questo sito web.<br \/>\nUtilizzando il nostro sito Web, acconsenti alla nostra Informativa sulla privacy e accetti i suoi Termini e condizioni.<\/p>\n<h3>Aggiornare<\/h3>\n<p>La presente Informativa sulla privacy \u00e8 stata aggiornata l&#8217;ultima volta il 20 maggio 2022. Se ci saranno aggiornamenti, emendamenti o modifiche alla nostra Informativa sulla privacy, questi verranno pubblicati su questa pagina.<\/p>\n","protected":false},"excerpt":{"rendered":"<p>Informazione Generale Una delle nostre principali priorit\u00e0 \u00e8 la privacy dei nostri visitatori. Questo documento sulla politica sulla privacy contiene [&hellip;]<\/p>\n","protected":false},"author":1,"featured_media":0,"parent":0,"menu_order":0,"comment_status":"closed","ping_status":"closed","template":"","meta":{"inline_featured_image":false,"footnotes":""},"class_list":["post-3985","page","type-page","status-publish","hentry"],"yoast_head":"<!-- This site is optimized with the Yoast SEO Premium plugin v19.2 (Yoast SEO v27.3) - https:\/\/yoast.com\/product\/yoast-seo-premium-wordpress\/ -->\n<title>Termini e Condizioni - Everyday Chem Shop<\/title>\n<meta name=\"robots\" content=\"index, follow, max-snippet:-1, max-image-preview:large, max-video-preview:-1\" \/>\n<link rel=\"canonical\" href=\"https:\/\/everydaychemshop.com\/it\/termini-e-condizioni\/\" \/>\n<meta property=\"og:locale\" content=\"en_US\" \/>\n<meta property=\"og:type\" content=\"article\" \/>\n<meta property=\"og:title\" content=\"Termini e Condizioni\" \/>\n<meta property=\"og:description\" content=\"Informazione Generale Una delle nostre principali priorit\u00e0 \u00e8 la privacy dei nostri visitatori. Questo documento sulla politica sulla privacy contiene [&hellip;]\" \/>\n<meta property=\"og:url\" content=\"https:\/\/everydaychemshop.com\/it\/termini-e-condizioni\/\" \/>\n<meta property=\"og:site_name\" content=\"Everyday Chem Shop\" \/>\n<meta property=\"article:modified_time\" content=\"2023-01-04T12:03:03+00:00\" \/>\n<meta name=\"twitter:card\" content=\"summary_large_image\" \/>\n<meta name=\"twitter:label1\" content=\"Est. reading time\" \/>\n\t<meta name=\"twitter:data1\" content=\"3 minutes\" \/>\n<script type=\"application\/ld+json\" class=\"yoast-schema-graph\">{\"@context\":\"https:\\\/\\\/schema.org\",\"@graph\":[{\"@type\":\"WebPage\",\"@id\":\"https:\\\/\\\/everydaychemshop.com\\\/it\\\/termini-e-condizioni\\\/\",\"url\":\"https:\\\/\\\/everydaychemshop.com\\\/it\\\/termini-e-condizioni\\\/\",\"name\":\"Termini e Condizioni - Everyday Chem Shop\",\"isPartOf\":{\"@id\":\"https:\\\/\\\/everydaychemshop.com\\\/it\\\/#website\"},\"datePublished\":\"2018-09-11T13:11:53+00:00\",\"dateModified\":\"2023-01-04T12:03:03+00:00\",\"breadcrumb\":{\"@id\":\"https:\\\/\\\/everydaychemshop.com\\\/it\\\/termini-e-condizioni\\\/#breadcrumb\"},\"inLanguage\":\"en-US\",\"potentialAction\":[{\"@type\":\"ReadAction\",\"target\":[\"https:\\\/\\\/everydaychemshop.com\\\/it\\\/termini-e-condizioni\\\/\"]}]},{\"@type\":\"BreadcrumbList\",\"@id\":\"https:\\\/\\\/everydaychemshop.com\\\/it\\\/termini-e-condizioni\\\/#breadcrumb\",\"itemListElement\":[{\"@type\":\"ListItem\",\"position\":1,\"name\":\"Home\",\"item\":\"https:\\\/\\\/everydaychemshop.com\\\/it\\\/\"},{\"@type\":\"ListItem\",\"position\":2,\"name\":\"Termini e Condizioni\"}]},{\"@type\":\"WebSite\",\"@id\":\"https:\\\/\\\/everydaychemshop.com\\\/it\\\/#website\",\"url\":\"https:\\\/\\\/everydaychemshop.com\\\/it\\\/\",\"name\":\"Everyday Chem Shop\",\"description\":\"\",\"potentialAction\":[{\"@type\":\"SearchAction\",\"target\":{\"@type\":\"EntryPoint\",\"urlTemplate\":\"https:\\\/\\\/everydaychemshop.com\\\/it\\\/?s={search_term_string}\"},\"query-input\":{\"@type\":\"PropertyValueSpecification\",\"valueRequired\":true,\"valueName\":\"search_term_string\"}}],\"inLanguage\":\"en-US\"}]}<\/script>\n<!-- \/ Yoast SEO Premium plugin. -->","yoast_head_json":{"title":"Termini e Condizioni - Everyday Chem Shop","robots":{"index":"index","follow":"follow","max-snippet":"max-snippet:-1","max-image-preview":"max-image-preview:large","max-video-preview":"max-video-preview:-1"},"canonical":"https:\/\/everydaychemshop.com\/it\/termini-e-condizioni\/","og_locale":"en_US","og_type":"article","og_title":"Termini e Condizioni","og_description":"Informazione Generale Una delle nostre principali priorit\u00e0 \u00e8 la privacy dei nostri visitatori. Questo documento sulla politica sulla privacy contiene [&hellip;]","og_url":"https:\/\/everydaychemshop.com\/it\/termini-e-condizioni\/","og_site_name":"Everyday Chem Shop","article_modified_time":"2023-01-04T12:03:03+00:00","twitter_card":"summary_large_image","twitter_misc":{"Est. reading time":"3 minutes"},"schema":{"@context":"https:\/\/schema.org","@graph":[{"@type":"WebPage","@id":"https:\/\/everydaychemshop.com\/it\/termini-e-condizioni\/","url":"https:\/\/everydaychemshop.com\/it\/termini-e-condizioni\/","name":"Termini e Condizioni - Everyday Chem Shop","isPartOf":{"@id":"https:\/\/everydaychemshop.com\/it\/#website"},"datePublished":"2018-09-11T13:11:53+00:00","dateModified":"2023-01-04T12:03:03+00:00","breadcrumb":{"@id":"https:\/\/everydaychemshop.com\/it\/termini-e-condizioni\/#breadcrumb"},"inLanguage":"en-US","potentialAction":[{"@type":"ReadAction","target":["https:\/\/everydaychemshop.com\/it\/termini-e-condizioni\/"]}]},{"@type":"BreadcrumbList","@id":"https:\/\/everydaychemshop.com\/it\/termini-e-condizioni\/#breadcrumb","itemListElement":[{"@type":"ListItem","position":1,"name":"Home","item":"https:\/\/everydaychemshop.com\/it\/"},{"@type":"ListItem","position":2,"name":"Termini e Condizioni"}]},{"@type":"WebSite","@id":"https:\/\/everydaychemshop.com\/it\/#website","url":"https:\/\/everydaychemshop.com\/it\/","name":"Everyday Chem Shop","description":"","potentialAction":[{"@type":"SearchAction","target":{"@type":"EntryPoint","urlTemplate":"https:\/\/everydaychemshop.com\/it\/?s={search_term_string}"},"query-input":{"@type":"PropertyValueSpecification","valueRequired":true,"valueName":"search_term_string"}}],"inLanguage":"en-US"}]}},"_links":{"self":[{"href":"https:\/\/everydaychemshop.com\/it\/wp-json\/wp\/v2\/pages\/3985","targetHints":{"allow":["GET"]}}],"collection":[{"href":"https:\/\/everydaychemshop.com\/it\/wp-json\/wp\/v2\/pages"}],"about":[{"href":"https:\/\/everydaychemshop.com\/it\/wp-json\/wp\/v2\/types\/page"}],"author":[{"embeddable":true,"href":"https:\/\/everydaychemshop.com\/it\/wp-json\/wp\/v2\/users\/1"}],"replies":[{"embeddable":true,"href":"https:\/\/everydaychemshop.com\/it\/wp-json\/wp\/v2\/comments?post=3985"}],"version-history":[{"count":3,"href":"https:\/\/everydaychemshop.com\/it\/wp-json\/wp\/v2\/pages\/3985\/revisions"}],"predecessor-version":[{"id":8503,"href":"https:\/\/everydaychemshop.com\/it\/wp-json\/wp\/v2\/pages\/3985\/revisions\/8503"}],"wp:attachment":[{"href":"https:\/\/everydaychemshop.com\/it\/wp-json\/wp\/v2\/media?parent=3985"}],"curies":[{"name":"wp","href":"https:\/\/api.w.org\/{rel}","templated":true}]}}