{"id":7583,"date":"2022-11-16T09:42:03","date_gmt":"2022-11-16T09:42:03","guid":{"rendered":"https:\/\/everydaychemshop.com\/it\/?post_type=product&#038;p=7583"},"modified":"2023-04-06T23:03:40","modified_gmt":"2023-04-06T23:03:40","slug":"compra-aprobarbitone-online","status":"publish","type":"product","link":"https:\/\/everydaychemshop.com\/it\/product\/compra-aprobarbitone-online\/","title":{"rendered":"Aprobarbitone"},"content":{"rendered":"<h1>Acquista pillole di aprobarbitone online<\/h1>\n<p class=\"tt\"><a href=\"https:\/\/everydaychemshop.com\/it\/product\/compra-aprobarbitone-online\/\">Acquista pillole di aprobarbitone online<\/a>. Acquista l&#8217;aprobarbitone online dalla farmacia online di prim&#8217;ordine del Nembutal<\/p>\n<p>La farmacia online del Nembutal lavora in questo settore da molto tempo. Ora abbiamo compreso completamente le prospettive e le esigenze dei clienti di tutto il mondo. Siamo qui per completare tutti i requisiti riguardanti Aprobarbitone. Se vuoi acquistare Aprobarbitone online, allora la nostra farmacia \u00e8 la migliore per farlo. Siamo disponibili <a href=\"https:\/\/en.wikipedia.org\/wiki\/Aprobarbital\">con<\/a> questo medicinale a prezzi modici. Puoi acquistarlo comodamente da noi e te lo consegneremo entro il tempo indicato <a href=\"https:\/\/en.wikipedia.org\/wiki\/Aprobarbital\">span<\/a>.<\/p>\n<h4 class=\"tt\">Cosa pu\u00f2 fare l&#8217;aprobarbitone per te?<\/h4>\n<p>L&#8217;uso dell&#8217;aprobarbitone pu\u00f2 aiutarti a dormire bene la notte. In breve, \u00e8 un trattamento perfetto per le persone insonni. \u00c8 noto per le sue incredibili propriet\u00e0 di essere un sedativo, ipnotico e anticonvulsivante.<\/p>\n<h4 class=\"tt\">Perch\u00e9 dovresti scegliere noi per acquistare l&#8217;aprobarbitone online?<\/h4>\n<p>Siamo un team specializzato di persone con profonda esperienza nel campo dei medicinali e dei farmaci. Inoltre, stiamo rendendo Aprobarbitone e altri prodotti disponibili in tutte le parti del mondo. Ora puoi acquistare Aprobarbitone online al miglior prezzo da casa tua. Siamo a portata di clic. Invia il tuo ordine per acquistare Aprobarbitone online oggi e ricevilo presto al tuo indirizzo indicato.<\/p>\n<p><strong>Sai dove acquistare Aprobarbitone senza ricetta?<\/strong><\/p>\n<p>Aprobarbitone in vendita, Brallobarbital street value, dosaggio di Aprobarbitone, come fare Aprobarbitone, dove posso acquistare Aprobarbitone online, dove trovare Aprobarbitone, cos&#8217;\u00e8 Aprobarbitone, Aprobarbitone di qualit\u00e0 Premium in vendita. Tutte queste domande senza risposta possono ottenere le loro risposte attraverso di noi. Devi solo visitare il nostro sito Web e otterrai le risposte su come e dove puoi acquistare le pillole di Aprobarbitone senza ricetta online.<\/p>\n<p>E l&#8217;Aprobarbitone? Sai anche dove acquistare Aprobarbitone in vendita online senza ricetta? comprare l&#8217;aprobarbitone in vendita, come fare l&#8217;aprobarbitone, che aspetto ha l&#8217;aprobarbitone, il prezzo di strada dell&#8217;aprobarbitone, il prezzo dell&#8217;aprobarbitone, dove acquistare l&#8217;aprobarbitone, l&#8217;aprobarbitone puro, dove posso acquistare l&#8217;aprobarbitone online senza prescrizione medica, acquistare l&#8217;aprobarbitone puro online senza prescrizione medica.<\/p>\n<p>Aprobarbitone di buona qualit\u00e0 (Vesparax) online: \u00e8 del tutto chiaro che le persone non si fidano rapidamente della qualit\u00e0 dell&#8217;Aprobarbitone online venduto online perch\u00e9 non possono esaminarlo fisicamente. Ma non \u00e8 la stessa cosa con i fornitori online di Aprobarbitone online. I prodotti qui sono fedeli alla loro descrizione con una manutenzione di alta qualit\u00e0 eseguita sotto la supervisione degli esperti.<\/p>\n<p>Fast &amp; Spedizione discreta: la consegna dell&#8217;Aprobarbitone online dopo aver ricevuto l&#8217;ordine viene effettuata entro i tempi promessi. Il team di spedizione si impegna al massimo per rendere la procedura di spedizione e consegna agevole e veloce. Puoi anche aspettarti servizi eccellenti quando acquisti Aprobarbitone online dal professionista sulla piattaforma online.<\/p>\n","protected":false},"excerpt":{"rendered":"<p><strong>Come ordinare l&#8217;aprobarbitone presso la farmacia online del Nembutal?<\/strong><\/p>\n<p>La farmacia online del Nembutal \u00e8 una destinazione perfetta per soddisfare le tue esigenze e le tue esigenze in merito all&#8217;aprobarbitale. Puoi semplicemente aggiungere il tuo medicinale al carrello, completare la procedura di pagamento ed effettuare un ordine sul nostro sito web. Raggiungi subito la nostra farmacia e ottieni il meglio per la tua salute. Ottieni Aprobarbital in vendita oggi!<\/p>\n","protected":false},"featured_media":7613,"comment_status":"open","ping_status":"closed","template":"","meta":{"inline_featured_image":false},"product_brand":[],"product_cat":[58],"product_tag":[],"class_list":{"0":"post-7583","1":"product","2":"type-product","3":"status-publish","4":"has-post-thumbnail","6":"product_cat-prodotti-nembutali","8":"first","9":"instock","10":"featured","11":"shipping-taxable","12":"purchasable","13":"product-type-variable","14":"has-default-attributes"},"yoast_head":"<!-- This site is optimized with the Yoast SEO Premium plugin v19.2 (Yoast SEO v27.3) - https:\/\/yoast.com\/product\/yoast-seo-premium-wordpress\/ -->\n<title>Acquista pillole di aprobarbitone online - Everyday Chem Shop<\/title>\n<meta name=\"description\" content=\"Acquista pillole di aprobarbitone online. Se stai cercando come acquistare Aprobarbitone, allora sei nel posto giusto per acquistare Aprobarbitone online.\" \/>\n<meta name=\"robots\" content=\"index, follow, max-snippet:-1, max-image-preview:large, max-video-preview:-1\" \/>\n<link rel=\"canonical\" href=\"https:\/\/everydaychemshop.com\/it\/product\/compra-aprobarbitone-online\/\" \/>\n<meta property=\"og:locale\" content=\"en_US\" \/>\n<meta property=\"og:type\" content=\"article\" \/>\n<meta property=\"og:title\" content=\"Aprobarbitone\" \/>\n<meta property=\"og:description\" content=\"Acquista pillole di aprobarbitone online. Se stai cercando come acquistare Aprobarbitone, allora sei nel posto giusto per acquistare Aprobarbitone online.\" \/>\n<meta property=\"og:url\" content=\"https:\/\/everydaychemshop.com\/it\/product\/compra-aprobarbitone-online\/\" \/>\n<meta property=\"og:site_name\" content=\"Everyday Chem Shop\" \/>\n<meta property=\"article:modified_time\" content=\"2023-04-06T23:03:40+00:00\" \/>\n<meta property=\"og:image\" content=\"https:\/\/everydaychemshop.com\/it\/wp-content\/uploads\/sites\/6\/2022\/11\/Aprobarbitone-1.jpg\" \/>\n\t<meta property=\"og:image:width\" content=\"600\" \/>\n\t<meta property=\"og:image:height\" content=\"600\" \/>\n\t<meta property=\"og:image:type\" content=\"image\/jpeg\" \/>\n<meta name=\"twitter:card\" content=\"summary_large_image\" \/>\n<meta name=\"twitter:label1\" content=\"Est. reading time\" \/>\n\t<meta name=\"twitter:data1\" content=\"2 minutes\" \/>\n<script type=\"application\/ld+json\" class=\"yoast-schema-graph\">{\"@context\":\"https:\\\/\\\/schema.org\",\"@graph\":[{\"@type\":\"WebPage\",\"@id\":\"https:\\\/\\\/everydaychemshop.com\\\/it\\\/product\\\/compra-aprobarbitone-online\\\/\",\"url\":\"https:\\\/\\\/everydaychemshop.com\\\/it\\\/product\\\/compra-aprobarbitone-online\\\/\",\"name\":\"Acquista pillole di aprobarbitone online - Everyday Chem Shop\",\"isPartOf\":{\"@id\":\"https:\\\/\\\/everydaychemshop.com\\\/it\\\/#website\"},\"primaryImageOfPage\":{\"@id\":\"https:\\\/\\\/everydaychemshop.com\\\/it\\\/product\\\/compra-aprobarbitone-online\\\/#primaryimage\"},\"image\":{\"@id\":\"https:\\\/\\\/everydaychemshop.com\\\/it\\\/product\\\/compra-aprobarbitone-online\\\/#primaryimage\"},\"thumbnailUrl\":\"https:\\\/\\\/everydaychemshop.com\\\/it\\\/wp-content\\\/uploads\\\/sites\\\/6\\\/2022\\\/11\\\/Aprobarbitone-1.jpg\",\"datePublished\":\"2022-11-16T09:42:03+00:00\",\"dateModified\":\"2023-04-06T23:03:40+00:00\",\"description\":\"Acquista pillole di aprobarbitone online. Se stai cercando come acquistare Aprobarbitone, allora sei nel posto giusto per acquistare Aprobarbitone online.\",\"breadcrumb\":{\"@id\":\"https:\\\/\\\/everydaychemshop.com\\\/it\\\/product\\\/compra-aprobarbitone-online\\\/#breadcrumb\"},\"inLanguage\":\"en-US\",\"potentialAction\":[{\"@type\":\"ReadAction\",\"target\":[\"https:\\\/\\\/everydaychemshop.com\\\/it\\\/product\\\/compra-aprobarbitone-online\\\/\"]}]},{\"@type\":\"ImageObject\",\"inLanguage\":\"en-US\",\"@id\":\"https:\\\/\\\/everydaychemshop.com\\\/it\\\/product\\\/compra-aprobarbitone-online\\\/#primaryimage\",\"url\":\"https:\\\/\\\/everydaychemshop.com\\\/it\\\/wp-content\\\/uploads\\\/sites\\\/6\\\/2022\\\/11\\\/Aprobarbitone-1.jpg\",\"contentUrl\":\"https:\\\/\\\/everydaychemshop.com\\\/it\\\/wp-content\\\/uploads\\\/sites\\\/6\\\/2022\\\/11\\\/Aprobarbitone-1.jpg\",\"width\":600,\"height\":600,\"caption\":\"Acquista pillole di aprobarbitone online\"},{\"@type\":\"BreadcrumbList\",\"@id\":\"https:\\\/\\\/everydaychemshop.com\\\/it\\\/product\\\/compra-aprobarbitone-online\\\/#breadcrumb\",\"itemListElement\":[{\"@type\":\"ListItem\",\"position\":1,\"name\":\"Home\",\"item\":\"https:\\\/\\\/everydaychemshop.com\\\/it\\\/\"},{\"@type\":\"ListItem\",\"position\":2,\"name\":\"Prodotti\",\"item\":\"https:\\\/\\\/everydaychemshop.com\\\/it\\\/prodotti\\\/\"},{\"@type\":\"ListItem\",\"position\":3,\"name\":\"Aprobarbitone\"}]},{\"@type\":\"WebSite\",\"@id\":\"https:\\\/\\\/everydaychemshop.com\\\/it\\\/#website\",\"url\":\"https:\\\/\\\/everydaychemshop.com\\\/it\\\/\",\"name\":\"Everyday Chem Shop\",\"description\":\"\",\"potentialAction\":[{\"@type\":\"SearchAction\",\"target\":{\"@type\":\"EntryPoint\",\"urlTemplate\":\"https:\\\/\\\/everydaychemshop.com\\\/it\\\/?s={search_term_string}\"},\"query-input\":{\"@type\":\"PropertyValueSpecification\",\"valueRequired\":true,\"valueName\":\"search_term_string\"}}],\"inLanguage\":\"en-US\"}]}<\/script>\n<!-- \/ Yoast SEO Premium plugin. -->","yoast_head_json":{"title":"Acquista pillole di aprobarbitone online - Everyday Chem Shop","description":"Acquista pillole di aprobarbitone online. Se stai cercando come acquistare Aprobarbitone, allora sei nel posto giusto per acquistare Aprobarbitone online.","robots":{"index":"index","follow":"follow","max-snippet":"max-snippet:-1","max-image-preview":"max-image-preview:large","max-video-preview":"max-video-preview:-1"},"canonical":"https:\/\/everydaychemshop.com\/it\/product\/compra-aprobarbitone-online\/","og_locale":"en_US","og_type":"article","og_title":"Aprobarbitone","og_description":"Acquista pillole di aprobarbitone online. Se stai cercando come acquistare Aprobarbitone, allora sei nel posto giusto per acquistare Aprobarbitone online.","og_url":"https:\/\/everydaychemshop.com\/it\/product\/compra-aprobarbitone-online\/","og_site_name":"Everyday Chem Shop","article_modified_time":"2023-04-06T23:03:40+00:00","og_image":[{"width":600,"height":600,"url":"https:\/\/everydaychemshop.com\/it\/wp-content\/uploads\/sites\/6\/2022\/11\/Aprobarbitone-1.jpg","type":"image\/jpeg"}],"twitter_card":"summary_large_image","twitter_misc":{"Est. reading time":"2 minutes"},"schema":{"@context":"https:\/\/schema.org","@graph":[{"@type":"WebPage","@id":"https:\/\/everydaychemshop.com\/it\/product\/compra-aprobarbitone-online\/","url":"https:\/\/everydaychemshop.com\/it\/product\/compra-aprobarbitone-online\/","name":"Acquista pillole di aprobarbitone online - Everyday Chem Shop","isPartOf":{"@id":"https:\/\/everydaychemshop.com\/it\/#website"},"primaryImageOfPage":{"@id":"https:\/\/everydaychemshop.com\/it\/product\/compra-aprobarbitone-online\/#primaryimage"},"image":{"@id":"https:\/\/everydaychemshop.com\/it\/product\/compra-aprobarbitone-online\/#primaryimage"},"thumbnailUrl":"https:\/\/everydaychemshop.com\/it\/wp-content\/uploads\/sites\/6\/2022\/11\/Aprobarbitone-1.jpg","datePublished":"2022-11-16T09:42:03+00:00","dateModified":"2023-04-06T23:03:40+00:00","description":"Acquista pillole di aprobarbitone online. Se stai cercando come acquistare Aprobarbitone, allora sei nel posto giusto per acquistare Aprobarbitone online.","breadcrumb":{"@id":"https:\/\/everydaychemshop.com\/it\/product\/compra-aprobarbitone-online\/#breadcrumb"},"inLanguage":"en-US","potentialAction":[{"@type":"ReadAction","target":["https:\/\/everydaychemshop.com\/it\/product\/compra-aprobarbitone-online\/"]}]},{"@type":"ImageObject","inLanguage":"en-US","@id":"https:\/\/everydaychemshop.com\/it\/product\/compra-aprobarbitone-online\/#primaryimage","url":"https:\/\/everydaychemshop.com\/it\/wp-content\/uploads\/sites\/6\/2022\/11\/Aprobarbitone-1.jpg","contentUrl":"https:\/\/everydaychemshop.com\/it\/wp-content\/uploads\/sites\/6\/2022\/11\/Aprobarbitone-1.jpg","width":600,"height":600,"caption":"Acquista pillole di aprobarbitone online"},{"@type":"BreadcrumbList","@id":"https:\/\/everydaychemshop.com\/it\/product\/compra-aprobarbitone-online\/#breadcrumb","itemListElement":[{"@type":"ListItem","position":1,"name":"Home","item":"https:\/\/everydaychemshop.com\/it\/"},{"@type":"ListItem","position":2,"name":"Prodotti","item":"https:\/\/everydaychemshop.com\/it\/prodotti\/"},{"@type":"ListItem","position":3,"name":"Aprobarbitone"}]},{"@type":"WebSite","@id":"https:\/\/everydaychemshop.com\/it\/#website","url":"https:\/\/everydaychemshop.com\/it\/","name":"Everyday Chem Shop","description":"","potentialAction":[{"@type":"SearchAction","target":{"@type":"EntryPoint","urlTemplate":"https:\/\/everydaychemshop.com\/it\/?s={search_term_string}"},"query-input":{"@type":"PropertyValueSpecification","valueRequired":true,"valueName":"search_term_string"}}],"inLanguage":"en-US"}]}},"_links":{"self":[{"href":"https:\/\/everydaychemshop.com\/it\/wp-json\/wp\/v2\/product\/7583","targetHints":{"allow":["GET"]}}],"collection":[{"href":"https:\/\/everydaychemshop.com\/it\/wp-json\/wp\/v2\/product"}],"about":[{"href":"https:\/\/everydaychemshop.com\/it\/wp-json\/wp\/v2\/types\/product"}],"replies":[{"embeddable":true,"href":"https:\/\/everydaychemshop.com\/it\/wp-json\/wp\/v2\/comments?post=7583"}],"wp:featuredmedia":[{"embeddable":true,"href":"https:\/\/everydaychemshop.com\/it\/wp-json\/wp\/v2\/media\/7613"}],"wp:attachment":[{"href":"https:\/\/everydaychemshop.com\/it\/wp-json\/wp\/v2\/media?parent=7583"}],"wp:term":[{"taxonomy":"product_brand","embeddable":true,"href":"https:\/\/everydaychemshop.com\/it\/wp-json\/wp\/v2\/product_brand?post=7583"},{"taxonomy":"product_cat","embeddable":true,"href":"https:\/\/everydaychemshop.com\/it\/wp-json\/wp\/v2\/product_cat?post=7583"},{"taxonomy":"product_tag","embeddable":true,"href":"https:\/\/everydaychemshop.com\/it\/wp-json\/wp\/v2\/product_tag?post=7583"}],"curies":[{"name":"wp","href":"https:\/\/api.w.org\/{rel}","templated":true}]}}