{"id":7584,"date":"2022-11-16T09:42:03","date_gmt":"2022-11-16T09:42:03","guid":{"rendered":"https:\/\/everydaychemshop.com\/it\/?post_type=product&#038;p=7584"},"modified":"2023-04-06T23:02:26","modified_gmt":"2023-04-06T23:02:26","slug":"acquista-brallobarbital-vesparax-online","status":"publish","type":"product","link":"https:\/\/everydaychemshop.com\/it\/product\/acquista-brallobarbital-vesparax-online\/","title":{"rendered":"Brallobarbital (Vesparax)"},"content":{"rendered":"<h1>Acquista pillole di Brallobarbital online<\/h1>\n<p class=\"tt\"><a href=\"https:\/\/everydaychemshop.com\/it\/product\/acquista-brallobarbital-vesparax-online\/\">Acquista pillole di Brallobarbital online<\/a>. Acquista Brallobarbital (Vesparax) online dalla farmacia professionale<\/p>\n<p>La farmacia online Nembutal si occupa di Brallobarbital (Vesparax) sulla piattaforma online e lo consegna entro i tempi previsti ai clienti che ne hanno effettuato l&#8217;ordine. Siamo una farmacia online professionale da cui puoi acquistare Vesparax online ai migliori prezzi disponibili. I nostri prezzi sono impareggiabili e alla portata di tutti. Abbiamo anche un team <a href=\"https:\/\/en.wikipedia.org\/wiki\/Brallobarbital\">che<\/a> soddisfer\u00e0 le tue esigenze e richieste relative al Nembutal Brallobarbital in modo conveniente. Ora puoi acquistare in modo efficiente Nembutal Brallobarbital dalla nostra farmacia e riceverlo a breve a portata di mano.<\/p>\n<h4 class=\"tt\">Cos&#8217;\u00e8 il Brallobarbital (Vesparax) e quali sono i suoi usi?<\/h4>\n<p>Vesparax \u00e8 ampiamente considerato un farmaco antipsicotico atipico. Funziona alterando <a href=\"https:\/\/it.wikipedia.org\/wiki\/Barbiturici\">le<\/a> attivit\u00e0 delle sostanze chimiche presenti nel cervello. Questo farmaco \u00e8 stato ritenuto adatto per essere utilizzato solo da adulti e non deve essere somministrato a persone di et\u00e0 inferiore ai 18 anni.<\/p>\n<h4><strong>Gli usi di Vesparax includono quanto segue:<\/strong><\/h4>\n<ul>\n<li>Aiuta nel trattamento della schizofrenia negli adulti e nei bambini<\/li>\n<li>Indicato per il trattamento del disturbo bipolare negli adulti e nei bambini<\/li>\n<li>usato in combinazione con antidepressivi per trattare la depressione maggiore disturbo negli adulti&nbsp;\n<p>&nbsp;<\/p>\n<p><strong>Sai dove acquistare Brallobarbital (Vesparax) senza ricetta?<\/strong><\/p>\n<p>Brallobarbital per vendita, valore di strada Brallobarbital, dosaggio Brallobarbital, come fare Brallobarbital, dove posso acquistare Brallobarbital online, dove trovare Brallobarbital, cos&#8217;\u00e8 Brallobarbital, Brallobarbital di qualit\u00e0 Premium in vendita. Tutte queste domande senza risposta possono ottenere le loro risposte attraverso di noi. Devi solo visitare il nostro sito Web e otterrai le risposte su come e dove puoi acquistare le pillole di Brallobarbital senza ricetta online.<\/p>\n<p>E il Brallobarbital (Vesparax)? Sai anche dove trovare Brallobarbital in vendita online senza ricetta? comprare Brallobarbital in vendita, come fare Brallobarbital, che aspetto ha Brallobarbital, Brallobarbital prezzo di strada, prezzo Butabarbital, dove acquistare Brallobarbital, Brallobarbital puro, dove posso acquistare Brallobarbital online senza prescrizione medica, acquistare Brallobarbital puro online senza prescrizione medica.<\/p>\n<p>Buona qualit\u00e0 Brallobarbital (Vesparax) online: \u00e8 del tutto chiaro che le persone non si fidano rapidamente della qualit\u00e0 del Brallobarbital online venduto online perch\u00e9 non possono esaminarlo fisicamente. Ma non \u00e8 la stessa cosa con i fornitori online di Brallobarbital online. I prodotti qui sono fedeli alla loro descrizione con una manutenzione di alta qualit\u00e0 eseguita sotto la supervisione degli esperti.<\/p>\n<p>Fast &amp; Spedizione discreta: La consegna del Brallobarbital online dopo aver ricevuto l&#8217;ordine viene effettuata nei tempi promessi. Il team di spedizione si impegna al massimo per rendere la procedura di spedizione e consegna agevole e veloce. Puoi anche aspettarti servizi eccellenti quando acquisti Brallobarbital online dal professionista sulla piattaforma online.<\/li>\n<\/ul>\n<p>&nbsp;<\/p>\n","protected":false},"excerpt":{"rendered":"<p><strong>Entra in contatto con la farmacia online del Nembutal<\/strong><\/p>\n<p>La farmacia online del Nembutal \u00e8 ora a portata di clic! Puoi chiamarci, inviare un SMS o un&#8217;e-mail per risolvere le tue domande. Realizzeremo sicuramente il tuo ordine entro il periodo di tempo promesso. Invia subito il tuo ordine per acquistare Vesparax online!<\/p>\n","protected":false},"featured_media":7614,"comment_status":"open","ping_status":"closed","template":"","meta":{"inline_featured_image":false},"product_brand":[],"product_cat":[58],"product_tag":[],"class_list":{"0":"post-7584","1":"product","2":"type-product","3":"status-publish","4":"has-post-thumbnail","6":"product_cat-prodotti-nembutali","8":"first","9":"instock","10":"shipping-taxable","11":"purchasable","12":"product-type-variable","13":"has-default-attributes"},"yoast_head":"<!-- This site is optimized with the Yoast SEO Premium plugin v19.2 (Yoast SEO v27.3) - https:\/\/yoast.com\/product\/yoast-seo-premium-wordpress\/ -->\n<title>Acquista pillole di Brallobarbital online - Everyday Chem Shop<\/title>\n<meta name=\"description\" content=\"Acquista pillole di Brallobarbital online. Se stai cercando come acquistare Brallobarbital, allora sei nel posto giusto per acquistare Brallobarbital online.\" \/>\n<meta name=\"robots\" content=\"index, follow, max-snippet:-1, max-image-preview:large, max-video-preview:-1\" \/>\n<link rel=\"canonical\" href=\"https:\/\/everydaychemshop.com\/it\/product\/acquista-brallobarbital-vesparax-online\/\" \/>\n<meta property=\"og:locale\" content=\"en_US\" \/>\n<meta property=\"og:type\" content=\"article\" \/>\n<meta property=\"og:title\" content=\"Brallobarbital (Vesparax)\" \/>\n<meta property=\"og:description\" content=\"Acquista pillole di Brallobarbital online. Se stai cercando come acquistare Brallobarbital, allora sei nel posto giusto per acquistare Brallobarbital online.\" \/>\n<meta property=\"og:url\" content=\"https:\/\/everydaychemshop.com\/it\/product\/acquista-brallobarbital-vesparax-online\/\" \/>\n<meta property=\"og:site_name\" content=\"Everyday Chem Shop\" \/>\n<meta property=\"article:modified_time\" content=\"2023-04-06T23:02:26+00:00\" \/>\n<meta property=\"og:image\" content=\"https:\/\/everydaychemshop.com\/it\/wp-content\/uploads\/sites\/6\/2022\/11\/brallobarbital-Vesparax.jpg\" \/>\n\t<meta property=\"og:image:width\" content=\"600\" \/>\n\t<meta property=\"og:image:height\" content=\"600\" \/>\n\t<meta property=\"og:image:type\" content=\"image\/jpeg\" \/>\n<meta name=\"twitter:card\" content=\"summary_large_image\" \/>\n<meta name=\"twitter:label1\" content=\"Est. reading time\" \/>\n\t<meta name=\"twitter:data1\" content=\"2 minutes\" \/>\n<script type=\"application\/ld+json\" class=\"yoast-schema-graph\">{\"@context\":\"https:\\\/\\\/schema.org\",\"@graph\":[{\"@type\":\"WebPage\",\"@id\":\"https:\\\/\\\/everydaychemshop.com\\\/it\\\/product\\\/acquista-brallobarbital-vesparax-online\\\/\",\"url\":\"https:\\\/\\\/everydaychemshop.com\\\/it\\\/product\\\/acquista-brallobarbital-vesparax-online\\\/\",\"name\":\"Acquista pillole di Brallobarbital online - Everyday Chem Shop\",\"isPartOf\":{\"@id\":\"https:\\\/\\\/everydaychemshop.com\\\/it\\\/#website\"},\"primaryImageOfPage\":{\"@id\":\"https:\\\/\\\/everydaychemshop.com\\\/it\\\/product\\\/acquista-brallobarbital-vesparax-online\\\/#primaryimage\"},\"image\":{\"@id\":\"https:\\\/\\\/everydaychemshop.com\\\/it\\\/product\\\/acquista-brallobarbital-vesparax-online\\\/#primaryimage\"},\"thumbnailUrl\":\"https:\\\/\\\/everydaychemshop.com\\\/it\\\/wp-content\\\/uploads\\\/sites\\\/6\\\/2022\\\/11\\\/brallobarbital-Vesparax.jpg\",\"datePublished\":\"2022-11-16T09:42:03+00:00\",\"dateModified\":\"2023-04-06T23:02:26+00:00\",\"description\":\"Acquista pillole di Brallobarbital online. Se stai cercando come acquistare Brallobarbital, allora sei nel posto giusto per acquistare Brallobarbital online.\",\"breadcrumb\":{\"@id\":\"https:\\\/\\\/everydaychemshop.com\\\/it\\\/product\\\/acquista-brallobarbital-vesparax-online\\\/#breadcrumb\"},\"inLanguage\":\"en-US\",\"potentialAction\":[{\"@type\":\"ReadAction\",\"target\":[\"https:\\\/\\\/everydaychemshop.com\\\/it\\\/product\\\/acquista-brallobarbital-vesparax-online\\\/\"]}]},{\"@type\":\"ImageObject\",\"inLanguage\":\"en-US\",\"@id\":\"https:\\\/\\\/everydaychemshop.com\\\/it\\\/product\\\/acquista-brallobarbital-vesparax-online\\\/#primaryimage\",\"url\":\"https:\\\/\\\/everydaychemshop.com\\\/it\\\/wp-content\\\/uploads\\\/sites\\\/6\\\/2022\\\/11\\\/brallobarbital-Vesparax.jpg\",\"contentUrl\":\"https:\\\/\\\/everydaychemshop.com\\\/it\\\/wp-content\\\/uploads\\\/sites\\\/6\\\/2022\\\/11\\\/brallobarbital-Vesparax.jpg\",\"width\":600,\"height\":600,\"caption\":\"Acquista pillole di Brallobarbital online\"},{\"@type\":\"BreadcrumbList\",\"@id\":\"https:\\\/\\\/everydaychemshop.com\\\/it\\\/product\\\/acquista-brallobarbital-vesparax-online\\\/#breadcrumb\",\"itemListElement\":[{\"@type\":\"ListItem\",\"position\":1,\"name\":\"Home\",\"item\":\"https:\\\/\\\/everydaychemshop.com\\\/it\\\/\"},{\"@type\":\"ListItem\",\"position\":2,\"name\":\"Prodotti\",\"item\":\"https:\\\/\\\/everydaychemshop.com\\\/it\\\/prodotti\\\/\"},{\"@type\":\"ListItem\",\"position\":3,\"name\":\"Brallobarbital (Vesparax)\"}]},{\"@type\":\"WebSite\",\"@id\":\"https:\\\/\\\/everydaychemshop.com\\\/it\\\/#website\",\"url\":\"https:\\\/\\\/everydaychemshop.com\\\/it\\\/\",\"name\":\"Everyday Chem Shop\",\"description\":\"\",\"potentialAction\":[{\"@type\":\"SearchAction\",\"target\":{\"@type\":\"EntryPoint\",\"urlTemplate\":\"https:\\\/\\\/everydaychemshop.com\\\/it\\\/?s={search_term_string}\"},\"query-input\":{\"@type\":\"PropertyValueSpecification\",\"valueRequired\":true,\"valueName\":\"search_term_string\"}}],\"inLanguage\":\"en-US\"}]}<\/script>\n<!-- \/ Yoast SEO Premium plugin. -->","yoast_head_json":{"title":"Acquista pillole di Brallobarbital online - Everyday Chem Shop","description":"Acquista pillole di Brallobarbital online. Se stai cercando come acquistare Brallobarbital, allora sei nel posto giusto per acquistare Brallobarbital online.","robots":{"index":"index","follow":"follow","max-snippet":"max-snippet:-1","max-image-preview":"max-image-preview:large","max-video-preview":"max-video-preview:-1"},"canonical":"https:\/\/everydaychemshop.com\/it\/product\/acquista-brallobarbital-vesparax-online\/","og_locale":"en_US","og_type":"article","og_title":"Brallobarbital (Vesparax)","og_description":"Acquista pillole di Brallobarbital online. Se stai cercando come acquistare Brallobarbital, allora sei nel posto giusto per acquistare Brallobarbital online.","og_url":"https:\/\/everydaychemshop.com\/it\/product\/acquista-brallobarbital-vesparax-online\/","og_site_name":"Everyday Chem Shop","article_modified_time":"2023-04-06T23:02:26+00:00","og_image":[{"width":600,"height":600,"url":"https:\/\/everydaychemshop.com\/it\/wp-content\/uploads\/sites\/6\/2022\/11\/brallobarbital-Vesparax.jpg","type":"image\/jpeg"}],"twitter_card":"summary_large_image","twitter_misc":{"Est. reading time":"2 minutes"},"schema":{"@context":"https:\/\/schema.org","@graph":[{"@type":"WebPage","@id":"https:\/\/everydaychemshop.com\/it\/product\/acquista-brallobarbital-vesparax-online\/","url":"https:\/\/everydaychemshop.com\/it\/product\/acquista-brallobarbital-vesparax-online\/","name":"Acquista pillole di Brallobarbital online - Everyday Chem Shop","isPartOf":{"@id":"https:\/\/everydaychemshop.com\/it\/#website"},"primaryImageOfPage":{"@id":"https:\/\/everydaychemshop.com\/it\/product\/acquista-brallobarbital-vesparax-online\/#primaryimage"},"image":{"@id":"https:\/\/everydaychemshop.com\/it\/product\/acquista-brallobarbital-vesparax-online\/#primaryimage"},"thumbnailUrl":"https:\/\/everydaychemshop.com\/it\/wp-content\/uploads\/sites\/6\/2022\/11\/brallobarbital-Vesparax.jpg","datePublished":"2022-11-16T09:42:03+00:00","dateModified":"2023-04-06T23:02:26+00:00","description":"Acquista pillole di Brallobarbital online. Se stai cercando come acquistare Brallobarbital, allora sei nel posto giusto per acquistare Brallobarbital online.","breadcrumb":{"@id":"https:\/\/everydaychemshop.com\/it\/product\/acquista-brallobarbital-vesparax-online\/#breadcrumb"},"inLanguage":"en-US","potentialAction":[{"@type":"ReadAction","target":["https:\/\/everydaychemshop.com\/it\/product\/acquista-brallobarbital-vesparax-online\/"]}]},{"@type":"ImageObject","inLanguage":"en-US","@id":"https:\/\/everydaychemshop.com\/it\/product\/acquista-brallobarbital-vesparax-online\/#primaryimage","url":"https:\/\/everydaychemshop.com\/it\/wp-content\/uploads\/sites\/6\/2022\/11\/brallobarbital-Vesparax.jpg","contentUrl":"https:\/\/everydaychemshop.com\/it\/wp-content\/uploads\/sites\/6\/2022\/11\/brallobarbital-Vesparax.jpg","width":600,"height":600,"caption":"Acquista pillole di Brallobarbital online"},{"@type":"BreadcrumbList","@id":"https:\/\/everydaychemshop.com\/it\/product\/acquista-brallobarbital-vesparax-online\/#breadcrumb","itemListElement":[{"@type":"ListItem","position":1,"name":"Home","item":"https:\/\/everydaychemshop.com\/it\/"},{"@type":"ListItem","position":2,"name":"Prodotti","item":"https:\/\/everydaychemshop.com\/it\/prodotti\/"},{"@type":"ListItem","position":3,"name":"Brallobarbital (Vesparax)"}]},{"@type":"WebSite","@id":"https:\/\/everydaychemshop.com\/it\/#website","url":"https:\/\/everydaychemshop.com\/it\/","name":"Everyday Chem Shop","description":"","potentialAction":[{"@type":"SearchAction","target":{"@type":"EntryPoint","urlTemplate":"https:\/\/everydaychemshop.com\/it\/?s={search_term_string}"},"query-input":{"@type":"PropertyValueSpecification","valueRequired":true,"valueName":"search_term_string"}}],"inLanguage":"en-US"}]}},"_links":{"self":[{"href":"https:\/\/everydaychemshop.com\/it\/wp-json\/wp\/v2\/product\/7584","targetHints":{"allow":["GET"]}}],"collection":[{"href":"https:\/\/everydaychemshop.com\/it\/wp-json\/wp\/v2\/product"}],"about":[{"href":"https:\/\/everydaychemshop.com\/it\/wp-json\/wp\/v2\/types\/product"}],"replies":[{"embeddable":true,"href":"https:\/\/everydaychemshop.com\/it\/wp-json\/wp\/v2\/comments?post=7584"}],"wp:featuredmedia":[{"embeddable":true,"href":"https:\/\/everydaychemshop.com\/it\/wp-json\/wp\/v2\/media\/7614"}],"wp:attachment":[{"href":"https:\/\/everydaychemshop.com\/it\/wp-json\/wp\/v2\/media?parent=7584"}],"wp:term":[{"taxonomy":"product_brand","embeddable":true,"href":"https:\/\/everydaychemshop.com\/it\/wp-json\/wp\/v2\/product_brand?post=7584"},{"taxonomy":"product_cat","embeddable":true,"href":"https:\/\/everydaychemshop.com\/it\/wp-json\/wp\/v2\/product_cat?post=7584"},{"taxonomy":"product_tag","embeddable":true,"href":"https:\/\/everydaychemshop.com\/it\/wp-json\/wp\/v2\/product_tag?post=7584"}],"curies":[{"name":"wp","href":"https:\/\/api.w.org\/{rel}","templated":true}]}}