{"id":7587,"date":"2022-11-16T09:42:04","date_gmt":"2022-11-16T09:42:04","guid":{"rendered":"https:\/\/everydaychemshop.com\/it\/?post_type=product&#038;p=7587"},"modified":"2023-04-06T22:56:38","modified_gmt":"2023-04-06T22:56:38","slug":"acquista-capsule-di-nembutal-online","status":"publish","type":"product","link":"https:\/\/everydaychemshop.com\/it\/product\/acquista-capsule-di-nembutal-online\/","title":{"rendered":"Capsule di Nembutal"},"content":{"rendered":"<h1><strong>Acquista le capsule di Nembutal online<\/strong><\/h1>\n<p><a href=\"https:\/\/everydaychemshop.com\/it\/product\/acquista-capsule-di-nembutal-online\/\">Acquista le capsule di Nembutal online<\/a>. Incontra i migliori fornitori e rivenditori di capsule di Nembutal nella nostra farmacia online di Nembutal<\/p>\n<p>Stai cercando una farmacia online affidabile e professionale che possa aiutarti ad acquistare le capsule di Nembutal online al miglior prezzo? Se s\u00ec, allora sei sicuramente nel posto giusto. Siamo una farmacia online riconosciuta conosciuta con il nome di Online Nembutal Pharmacy. Essendo i migliori venditori e fornitori nel mercato online, abbiamo acquisito molti clienti fedeli che acquistano regolarmente le capsule di Nembutal dalla nostra farmacia online.<\/p>\n<p>Anche se stai acquistando le capsule di Nembutal per la prima volta dalla nostra farmacia online, non preoccuparti di nulla. Otterrai solo il meglio da qui. Siamo sempre qui per aiutarti ad acquistare le capsule di Nembutal online in modo conveniente. Stiamo seguendo gli standard di settore adeguati e fornendo ai nostri clienti i loro prodotti allo stesso modo. Non \u00e8 stato fatto alcun <a href=\"https:\/\/en.wikipedia.org\/wiki\/Pentobarbital\">compromesso<\/a> con la qualit\u00e0, l&#8217;imballaggio o la consegna delle capsule di Nembutal da parte della nostra farmacia online. Se non vedi l&#8217;ora di acquistare le capsule di Nembutal, contattaci oggi e soddisfa le tue esigenze in breve tempo.<\/p>\n<p class=\"tt\"><strong>Perch\u00e9 scegliere la farmacia di Nembutal online \u00e8 la decisione migliore per l&#8217;acquisto Capsule di Nembutal?<\/strong><\/p>\n<p>Se desideri capsule di Nembutal in modo preciso, con qualit\u00e0 controllata e facilit\u00e0 <a href=\"https:\/\/it.wikipedia.org\/wiki\/Pentobarbital\">di<\/a> consegna rapida, scegliere noi \u00e8 sempre la scelta migliore. Online Nembutal Pharmacy vende capsule di Nembutal della migliore qualit\u00e0 a prezzi convenienti in tutto il mondo. Una cosa che ci tiene in pista \u00e8 che non utilizziamo intermediari nel nostro processo di transazione. Comunichiamo direttamente con i clienti e completiamo il loro ordine in tempo.<\/p>\n<p>Per aver lavorato in questo settore per un lungo periodo, siamo stati apprezzati dai nostri clienti sotto forma di recensioni e feedback positivi. Il nostro team garantisce che le capsule di Nembutal raggiungano i clienti in modo sicuro e protetto. Con ogni prodotto, forniamo un set di istruzioni allegato. Queste istruzioni ti aiuteranno a gestire i tuoi farmaci con le capsule di Nembutal in modo protetto.<\/p>\n<p>I nostri eccellenti servizi sono sempre a tua disposizione. Puoi ottenere maggiori informazioni sul farmaco sulle capsule di Nembutal con l&#8217;aiuto della nostra farmacia online. In precedenza, le persone avevano difficolt\u00e0 ad acquistare le capsule di Nembutal. Ma con l&#8217;avanzare del tempo, la nostra farmacia online \u00e8 arrivata con i prodotti Nembutal. Puoi acquistarli sempre e ovunque.<\/p>\n<p><strong>Sai dove acquistare capsule di nembutal online?<\/strong><\/p>\n<p>capsule di nembutal in vendita, valore di strada delle capsule di nembutal, nembutal dosaggio delle capsule, come fare le pillole di nembutal, dove posso acquistare le capsule di nembutal online, dove trovare le capsule di nembutal, cos&#8217;\u00e8 le capsule di nembutal, capsule di nembutal di qualit\u00e0 premium in vendita. Tutte queste domande senza risposta possono ottenere le loro risposte attraverso di noi. Devi solo visitare il nostro sito Web e otterrai le risposte su come e dove puoi acquistare le capsule di nembutal online.<\/p>\n<p>E le capsule di nembutal? Sai anche dove trovare le capsule di nembutal in vendita online? comprare capsule di nembutal in vendita, come fare capsule di nembutal, che aspetto hanno le capsule di nembutal, prezzo di strada delle capsule di nembutal, prezzo della polvere di nembutal, dove acquistare capsule di nembutal, polvere di nembutal pura, dove posso acquistare capsule di nembutal online, Pillole di nembutal seconal, acquista capsule di nembutal puro online.<\/p>\n<p>Capsule di nembutal online di buona qualit\u00e0: \u00e8 chiaro che le persone non si fidano rapidamente della qualit\u00e0 delle capsule di nembutal vendute online perch\u00e9 non possono esaminarle fisicamente. Ma non \u00e8 la stessa cosa con i fornitori online di capsule di nembutal online. I prodotti qui sono fedeli alla loro descrizione con una manutenzione di alta qualit\u00e0 eseguita sotto il supervisione degli esperti.<\/p>\n<p>Fast &amp; Spedizione discreta: la consegna delle capsule di nembutal online dopo aver ricevuto l&#8217;ordine viene effettuata entro i tempi promessi. Il team di spedizione si impegna al massimo per rendere la procedura di spedizione e consegna agevole e veloce. Puoi anche aspettarti servizi eccellenti quando acquisti capsule di nembutal online dal professionista sulla piattaforma online.<\/p>\n","protected":false},"excerpt":{"rendered":"<p><strong>Come effettuare un ordine per le capsule di Nembutal online?<\/strong><\/p>\n<p>Sul nostro sito web ufficiale, puoi aggiungere la tua richiesta per acquistare le capsule di Nembutal online al miglior prezzo e ottenerlo realizzato in un breve periodo di tempo. Il tuo ordine \u00e8 nostra responsabilit\u00e0. Contattaci oggi e ottieni le capsule di Nembutal in vendita nel modo pi\u00f9 semplice!<\/p>\n","protected":false},"featured_media":7617,"comment_status":"closed","ping_status":"closed","template":"","meta":{"inline_featured_image":false},"product_brand":[],"product_cat":[58],"product_tag":[],"class_list":{"0":"post-7587","1":"product","2":"type-product","3":"status-publish","4":"has-post-thumbnail","6":"product_cat-prodotti-nembutali","8":"first","9":"instock","10":"featured","11":"shipping-taxable","12":"purchasable","13":"product-type-variable","14":"has-default-attributes"},"yoast_head":"<!-- This site is optimized with the Yoast SEO Premium plugin v19.2 (Yoast SEO v27.3) - https:\/\/yoast.com\/product\/yoast-seo-premium-wordpress\/ -->\n<title>Acquista le capsule di Nembutal online - Everyday Chem Shop<\/title>\n<meta name=\"description\" content=\"Acquista le capsule di Nembutal online. Se stai cercando come acquistare le capsule di Nembutal, allora sei nel posto giusto per acquistare le capsule di Nembutal online.\" \/>\n<meta name=\"robots\" content=\"index, follow, max-snippet:-1, max-image-preview:large, max-video-preview:-1\" \/>\n<link rel=\"canonical\" href=\"https:\/\/everydaychemshop.com\/it\/product\/acquista-capsule-di-nembutal-online\/\" \/>\n<meta property=\"og:locale\" content=\"en_US\" \/>\n<meta property=\"og:type\" content=\"article\" \/>\n<meta property=\"og:title\" content=\"Capsule di Nembutal\" \/>\n<meta property=\"og:description\" content=\"Acquista le capsule di Nembutal online. Se stai cercando come acquistare le capsule di Nembutal, allora sei nel posto giusto per acquistare le capsule di Nembutal online.\" \/>\n<meta property=\"og:url\" content=\"https:\/\/everydaychemshop.com\/it\/product\/acquista-capsule-di-nembutal-online\/\" \/>\n<meta property=\"og:site_name\" content=\"Everyday Chem Shop\" \/>\n<meta property=\"article:modified_time\" content=\"2023-04-06T22:56:38+00:00\" \/>\n<meta property=\"og:image\" content=\"https:\/\/everydaychemshop.com\/it\/wp-content\/uploads\/sites\/6\/2022\/11\/nembutal-capsules.jpg\" \/>\n\t<meta property=\"og:image:width\" content=\"600\" \/>\n\t<meta property=\"og:image:height\" content=\"600\" \/>\n\t<meta property=\"og:image:type\" content=\"image\/jpeg\" \/>\n<meta name=\"twitter:card\" content=\"summary_large_image\" \/>\n<meta name=\"twitter:label1\" content=\"Est. reading time\" \/>\n\t<meta name=\"twitter:data1\" content=\"4 minutes\" \/>\n<script type=\"application\/ld+json\" class=\"yoast-schema-graph\">{\"@context\":\"https:\\\/\\\/schema.org\",\"@graph\":[{\"@type\":\"WebPage\",\"@id\":\"https:\\\/\\\/everydaychemshop.com\\\/it\\\/product\\\/acquista-capsule-di-nembutal-online\\\/\",\"url\":\"https:\\\/\\\/everydaychemshop.com\\\/it\\\/product\\\/acquista-capsule-di-nembutal-online\\\/\",\"name\":\"Acquista le capsule di Nembutal online - Everyday Chem Shop\",\"isPartOf\":{\"@id\":\"https:\\\/\\\/everydaychemshop.com\\\/it\\\/#website\"},\"primaryImageOfPage\":{\"@id\":\"https:\\\/\\\/everydaychemshop.com\\\/it\\\/product\\\/acquista-capsule-di-nembutal-online\\\/#primaryimage\"},\"image\":{\"@id\":\"https:\\\/\\\/everydaychemshop.com\\\/it\\\/product\\\/acquista-capsule-di-nembutal-online\\\/#primaryimage\"},\"thumbnailUrl\":\"https:\\\/\\\/everydaychemshop.com\\\/it\\\/wp-content\\\/uploads\\\/sites\\\/6\\\/2022\\\/11\\\/nembutal-capsules.jpg\",\"datePublished\":\"2022-11-16T09:42:04+00:00\",\"dateModified\":\"2023-04-06T22:56:38+00:00\",\"description\":\"Acquista le capsule di Nembutal online. Se stai cercando come acquistare le capsule di Nembutal, allora sei nel posto giusto per acquistare le capsule di Nembutal online.\",\"breadcrumb\":{\"@id\":\"https:\\\/\\\/everydaychemshop.com\\\/it\\\/product\\\/acquista-capsule-di-nembutal-online\\\/#breadcrumb\"},\"inLanguage\":\"en-US\",\"potentialAction\":[{\"@type\":\"ReadAction\",\"target\":[\"https:\\\/\\\/everydaychemshop.com\\\/it\\\/product\\\/acquista-capsule-di-nembutal-online\\\/\"]}]},{\"@type\":\"ImageObject\",\"inLanguage\":\"en-US\",\"@id\":\"https:\\\/\\\/everydaychemshop.com\\\/it\\\/product\\\/acquista-capsule-di-nembutal-online\\\/#primaryimage\",\"url\":\"https:\\\/\\\/everydaychemshop.com\\\/it\\\/wp-content\\\/uploads\\\/sites\\\/6\\\/2022\\\/11\\\/nembutal-capsules.jpg\",\"contentUrl\":\"https:\\\/\\\/everydaychemshop.com\\\/it\\\/wp-content\\\/uploads\\\/sites\\\/6\\\/2022\\\/11\\\/nembutal-capsules.jpg\",\"width\":600,\"height\":600,\"caption\":\"Acquista le capsule di Nembutal online\"},{\"@type\":\"BreadcrumbList\",\"@id\":\"https:\\\/\\\/everydaychemshop.com\\\/it\\\/product\\\/acquista-capsule-di-nembutal-online\\\/#breadcrumb\",\"itemListElement\":[{\"@type\":\"ListItem\",\"position\":1,\"name\":\"Home\",\"item\":\"https:\\\/\\\/everydaychemshop.com\\\/it\\\/\"},{\"@type\":\"ListItem\",\"position\":2,\"name\":\"Prodotti\",\"item\":\"https:\\\/\\\/everydaychemshop.com\\\/it\\\/prodotti\\\/\"},{\"@type\":\"ListItem\",\"position\":3,\"name\":\"Capsule di Nembutal\"}]},{\"@type\":\"WebSite\",\"@id\":\"https:\\\/\\\/everydaychemshop.com\\\/it\\\/#website\",\"url\":\"https:\\\/\\\/everydaychemshop.com\\\/it\\\/\",\"name\":\"Everyday Chem Shop\",\"description\":\"\",\"potentialAction\":[{\"@type\":\"SearchAction\",\"target\":{\"@type\":\"EntryPoint\",\"urlTemplate\":\"https:\\\/\\\/everydaychemshop.com\\\/it\\\/?s={search_term_string}\"},\"query-input\":{\"@type\":\"PropertyValueSpecification\",\"valueRequired\":true,\"valueName\":\"search_term_string\"}}],\"inLanguage\":\"en-US\"}]}<\/script>\n<!-- \/ Yoast SEO Premium plugin. -->","yoast_head_json":{"title":"Acquista le capsule di Nembutal online - Everyday Chem Shop","description":"Acquista le capsule di Nembutal online. Se stai cercando come acquistare le capsule di Nembutal, allora sei nel posto giusto per acquistare le capsule di Nembutal online.","robots":{"index":"index","follow":"follow","max-snippet":"max-snippet:-1","max-image-preview":"max-image-preview:large","max-video-preview":"max-video-preview:-1"},"canonical":"https:\/\/everydaychemshop.com\/it\/product\/acquista-capsule-di-nembutal-online\/","og_locale":"en_US","og_type":"article","og_title":"Capsule di Nembutal","og_description":"Acquista le capsule di Nembutal online. Se stai cercando come acquistare le capsule di Nembutal, allora sei nel posto giusto per acquistare le capsule di Nembutal online.","og_url":"https:\/\/everydaychemshop.com\/it\/product\/acquista-capsule-di-nembutal-online\/","og_site_name":"Everyday Chem Shop","article_modified_time":"2023-04-06T22:56:38+00:00","og_image":[{"width":600,"height":600,"url":"https:\/\/everydaychemshop.com\/it\/wp-content\/uploads\/sites\/6\/2022\/11\/nembutal-capsules.jpg","type":"image\/jpeg"}],"twitter_card":"summary_large_image","twitter_misc":{"Est. reading time":"4 minutes"},"schema":{"@context":"https:\/\/schema.org","@graph":[{"@type":"WebPage","@id":"https:\/\/everydaychemshop.com\/it\/product\/acquista-capsule-di-nembutal-online\/","url":"https:\/\/everydaychemshop.com\/it\/product\/acquista-capsule-di-nembutal-online\/","name":"Acquista le capsule di Nembutal online - Everyday Chem Shop","isPartOf":{"@id":"https:\/\/everydaychemshop.com\/it\/#website"},"primaryImageOfPage":{"@id":"https:\/\/everydaychemshop.com\/it\/product\/acquista-capsule-di-nembutal-online\/#primaryimage"},"image":{"@id":"https:\/\/everydaychemshop.com\/it\/product\/acquista-capsule-di-nembutal-online\/#primaryimage"},"thumbnailUrl":"https:\/\/everydaychemshop.com\/it\/wp-content\/uploads\/sites\/6\/2022\/11\/nembutal-capsules.jpg","datePublished":"2022-11-16T09:42:04+00:00","dateModified":"2023-04-06T22:56:38+00:00","description":"Acquista le capsule di Nembutal online. Se stai cercando come acquistare le capsule di Nembutal, allora sei nel posto giusto per acquistare le capsule di Nembutal online.","breadcrumb":{"@id":"https:\/\/everydaychemshop.com\/it\/product\/acquista-capsule-di-nembutal-online\/#breadcrumb"},"inLanguage":"en-US","potentialAction":[{"@type":"ReadAction","target":["https:\/\/everydaychemshop.com\/it\/product\/acquista-capsule-di-nembutal-online\/"]}]},{"@type":"ImageObject","inLanguage":"en-US","@id":"https:\/\/everydaychemshop.com\/it\/product\/acquista-capsule-di-nembutal-online\/#primaryimage","url":"https:\/\/everydaychemshop.com\/it\/wp-content\/uploads\/sites\/6\/2022\/11\/nembutal-capsules.jpg","contentUrl":"https:\/\/everydaychemshop.com\/it\/wp-content\/uploads\/sites\/6\/2022\/11\/nembutal-capsules.jpg","width":600,"height":600,"caption":"Acquista le capsule di Nembutal online"},{"@type":"BreadcrumbList","@id":"https:\/\/everydaychemshop.com\/it\/product\/acquista-capsule-di-nembutal-online\/#breadcrumb","itemListElement":[{"@type":"ListItem","position":1,"name":"Home","item":"https:\/\/everydaychemshop.com\/it\/"},{"@type":"ListItem","position":2,"name":"Prodotti","item":"https:\/\/everydaychemshop.com\/it\/prodotti\/"},{"@type":"ListItem","position":3,"name":"Capsule di Nembutal"}]},{"@type":"WebSite","@id":"https:\/\/everydaychemshop.com\/it\/#website","url":"https:\/\/everydaychemshop.com\/it\/","name":"Everyday Chem Shop","description":"","potentialAction":[{"@type":"SearchAction","target":{"@type":"EntryPoint","urlTemplate":"https:\/\/everydaychemshop.com\/it\/?s={search_term_string}"},"query-input":{"@type":"PropertyValueSpecification","valueRequired":true,"valueName":"search_term_string"}}],"inLanguage":"en-US"}]}},"_links":{"self":[{"href":"https:\/\/everydaychemshop.com\/it\/wp-json\/wp\/v2\/product\/7587","targetHints":{"allow":["GET"]}}],"collection":[{"href":"https:\/\/everydaychemshop.com\/it\/wp-json\/wp\/v2\/product"}],"about":[{"href":"https:\/\/everydaychemshop.com\/it\/wp-json\/wp\/v2\/types\/product"}],"replies":[{"embeddable":true,"href":"https:\/\/everydaychemshop.com\/it\/wp-json\/wp\/v2\/comments?post=7587"}],"wp:featuredmedia":[{"embeddable":true,"href":"https:\/\/everydaychemshop.com\/it\/wp-json\/wp\/v2\/media\/7617"}],"wp:attachment":[{"href":"https:\/\/everydaychemshop.com\/it\/wp-json\/wp\/v2\/media?parent=7587"}],"wp:term":[{"taxonomy":"product_brand","embeddable":true,"href":"https:\/\/everydaychemshop.com\/it\/wp-json\/wp\/v2\/product_brand?post=7587"},{"taxonomy":"product_cat","embeddable":true,"href":"https:\/\/everydaychemshop.com\/it\/wp-json\/wp\/v2\/product_cat?post=7587"},{"taxonomy":"product_tag","embeddable":true,"href":"https:\/\/everydaychemshop.com\/it\/wp-json\/wp\/v2\/product_tag?post=7587"}],"curies":[{"name":"wp","href":"https:\/\/api.w.org\/{rel}","templated":true}]}}