{"id":7626,"date":"2022-11-16T09:42:44","date_gmt":"2022-11-16T09:42:44","guid":{"rendered":"https:\/\/everydaychemshop.com\/it\/?post_type=product&#038;p=7626"},"modified":"2023-04-06T22:52:43","modified_gmt":"2023-04-06T22:52:43","slug":"acquistare-seconal-sodio-online","status":"publish","type":"product","link":"https:\/\/everydaychemshop.com\/it\/product\/acquistare-seconal-sodio-online\/","title":{"rendered":"Seconal Sodio"},"content":{"rendered":"<h1 class=\"tt\">Acquista Seconal Sodio online<\/h1>\n<p><a href=\"https:\/\/everydaychemshop.com\/it\/product\/acquistare-seconal-sodio-online\/\">Acquista Seconal Sodio online<\/a>. Everyday Chem Shop \u00e8 ora disponibile con Seconal Sodium ai migliori prezzi. Se desideri acquistare Seconal Sodium online, allora raggiungi le tue esigenze presso la nostra farmacia online oggi e realizzale in un breve lasso di tempo. Tutto quello che devi fare \u00e8 ordinare Seconal Sodium e i membri del nostro team lo prepareranno e lo imballeranno per te, seguito da una consegna tempestiva. Siamo una farmacia professionale e affidabile che opera costantemente in questo settore da decenni. Puoi contare su di noi in termini di ottenere i medicinali della migliore qualit\u00e0 e anche questo entro il periodo di tempo indicato.<\/p>\n<h3 class=\"tt\">Cosa pu\u00f2 fornirti Seconal Sodium? Perch\u00e9 scegliere noi per acquistarlo?<\/h3>\n<p>Seconal Sodium viene utilizzato per calmarti appena prima dell&#8217;intervento chirurgico. Seconal Sodium ha un posto con una classe di farmaci noti come ipnotici barbiturici. Funziona influenzando alcune <a href=\"https:\/\/it.wikipedia.org\/wiki\/Secobarbital\">parti<\/a> del cervello per calmarti. Gli anziani dovrebbero parlare dei rischi e dei vantaggi di questo farmaco con il proprio medico o specialista in farmaci, proprio come altri trattamenti potenti e presumibilmente pi\u00f9 sicuri. Consulta la Guida ai farmaci fornita insieme al prodotto dalla nostra farmacia online prima di iniziare a prendere Seconal Sodium e ogni volta che ottieni un massimo. In caso di domande, consultare il proprio medico o specialista in farmaci. Prendi questo farmaco per via orale a stomaco vuoto come coordinato dal tuo medico prima dell&#8217;intervento chirurgico.<\/p>\n<p><strong>Seconal Sodium \u00e8 usato esclusivamente per le seguenti condizioni:<\/strong><\/p>\n<ul>\n<li>ulteriore anestesia locale<\/li>\n<li>agente aggiuntivo per indurre l&#8217;anestesia generale<\/li>\n<\/ul>\n<p>Seconal Sodium Secobarbital in vendita presso Online Nembutal Pharmacy e noi consegneremo lo stesso nella tua posizione preferita non appena possibile. Permettici di servirti nel miglior modo possibile. Puoi affidarti completamente alla nostra farmacia online di Nembutal e aspettarti il \u200b\u200bmeglio da noi. Siamo sempre disponibili per i nostri clienti importanti nel soddisfare le loro esigenze e richieste. Contattaci subito!<\/p>\n<p><strong>Sai dove acquistare Seconal Sodium online?<\/strong><\/p>\n<p>Seconal Sodium in vendita, Seconal Sodium street value, Seconal Sodium dosaggio, come fare Seconal Sodium, dove posso acquistare Seconal Sodium online, dove trovare Seconal Sodium, cos&#8217;\u00e8 Seconal Sodium, Seconal Sodium di qualit\u00e0 Premium in vendita. Tutte queste domande senza risposta possono ottenere le loro risposte attraverso di noi. Devi solo visitare il nostro sito Web e otterrai le risposte su come e dove puoi acquistare Seconal Sodium online.<\/p>\n<p>E seconal Sodium? Sai anche dove trovare Seconal Sodium in vendita online? comprare Seconal Sodium in vendita, come fare Seconal Sodium, che aspetto ha Seconal Sodium, Seconal Sodium street price, Seconal Sodium price, dove acquistare Seconal Sodium, pure Seconal Sodium, dove posso acquistare Seconal Sodium online, Seconal Sodium fornitori, acquista puro Seconal Sodium online.<\/p>\n<p>Sodio Seconal online di buona qualit\u00e0: \u00e8 del tutto chiaro che le persone non si fidano rapidamente della qualit\u00e0 del Seconal Sodium online venduto online perch\u00e9 non possono esaminarlo fisicamente. Ma non \u00e8 la stessa cosa con i fornitori online di Seconal Sodium online. I prodotti qui sono fedeli alla loro descrizione con una manutenzione di alta qualit\u00e0 eseguita sotto la supervisione degli esperti.<\/p>\n<p>Fast &amp; Spedizione discreta: la consegna del Seconal Sodium online dopo aver ricevuto l&#8217;ordine viene effettuata entro i tempi promessi. Il team di spedizione si impegna al massimo per rendere la procedura di spedizione e consegna agevole e veloce. Puoi anche aspettarti servizi eccellenti quando acquisti Seconal Sodium online dal professionista sulla piattaforma online.<\/p>\n","protected":false},"excerpt":{"rendered":"<p><strong>Entra in contatto con la farmacia Nembutal online<\/strong><\/p>\n<p>La farmacia Nembutal online \u00e8 disponibile per tutte le persone in tutto il mondo. Puoi raggiungerci sempre e ovunque. Rispondiamo sempre ai nostri clienti entro pochi istanti e li aiutiamo con le loro domande. Una volta che abbiamo ricevuto i dettagli dell&#8217;ordine da te, iniziamo a confezionare lo stesso nel momento successivo. Ci assicuriamo che tutti i medicinali raggiungano i nostri clienti in un imballaggio sicuro e adeguato senza essere danneggiati. Con noi, non devi preoccuparti n\u00e9 della qualit\u00e0 dei medicinali n\u00e9 dello stato della consegna. Siamo presenti per assumerci tutte le responsabilit\u00e0. Da qui riceverai solo il meglio per la tua salute. Puoi chiamarci, inviarci un&#8217;e-mail o inviarci un messaggio. Acquista Seconal Sodium Secobarbital 100mg oggi e ricevilo consegnato in un breve periodo di tempo da Online Nembutal Pharmacy.<\/p>\n","protected":false},"featured_media":7629,"comment_status":"closed","ping_status":"closed","template":"","meta":{"inline_featured_image":false},"product_brand":[],"product_cat":[58],"product_tag":[],"class_list":{"0":"post-7626","1":"product","2":"type-product","3":"status-publish","4":"has-post-thumbnail","6":"product_cat-prodotti-nembutali","8":"first","9":"instock","10":"shipping-taxable","11":"purchasable","12":"product-type-variable","13":"has-default-attributes"},"yoast_head":"<!-- This site is optimized with the Yoast SEO Premium plugin v19.2 (Yoast SEO v27.3) - https:\/\/yoast.com\/product\/yoast-seo-premium-wordpress\/ -->\n<title>Acquista Seconal Sodio online - Everyday Chem Shop<\/title>\n<meta name=\"description\" content=\"Acquista Seconal Sodio online. Alla Everyday Chem Shop vendiamo Seconal Sodium online a un prezzo buono e conveniente. Non esitare a contattarci se desideri acquistare Seconal Sodium online\" \/>\n<meta name=\"robots\" content=\"index, follow, max-snippet:-1, max-image-preview:large, max-video-preview:-1\" \/>\n<link rel=\"canonical\" href=\"https:\/\/everydaychemshop.com\/it\/product\/acquistare-seconal-sodio-online\/\" \/>\n<meta property=\"og:locale\" content=\"en_US\" \/>\n<meta property=\"og:type\" content=\"article\" \/>\n<meta property=\"og:title\" content=\"Seconal Sodio\" \/>\n<meta property=\"og:description\" content=\"Acquista Seconal Sodio online. Alla Everyday Chem Shop vendiamo Seconal Sodium online a un prezzo buono e conveniente. Non esitare a contattarci se desideri acquistare Seconal Sodium online\" \/>\n<meta property=\"og:url\" content=\"https:\/\/everydaychemshop.com\/it\/product\/acquistare-seconal-sodio-online\/\" \/>\n<meta property=\"og:site_name\" content=\"Everyday Chem Shop\" \/>\n<meta property=\"article:modified_time\" content=\"2023-04-06T22:52:43+00:00\" \/>\n<meta property=\"og:image\" content=\"https:\/\/everydaychemshop.com\/it\/wp-content\/uploads\/sites\/6\/2022\/11\/seconal-sodium.jpg\" \/>\n\t<meta property=\"og:image:width\" content=\"600\" \/>\n\t<meta property=\"og:image:height\" content=\"600\" \/>\n\t<meta property=\"og:image:type\" content=\"image\/jpeg\" \/>\n<meta name=\"twitter:card\" content=\"summary_large_image\" \/>\n<meta name=\"twitter:label1\" content=\"Est. reading time\" \/>\n\t<meta name=\"twitter:data1\" content=\"3 minutes\" \/>\n<script type=\"application\/ld+json\" class=\"yoast-schema-graph\">{\"@context\":\"https:\\\/\\\/schema.org\",\"@graph\":[{\"@type\":\"WebPage\",\"@id\":\"https:\\\/\\\/everydaychemshop.com\\\/it\\\/product\\\/acquistare-seconal-sodio-online\\\/\",\"url\":\"https:\\\/\\\/everydaychemshop.com\\\/it\\\/product\\\/acquistare-seconal-sodio-online\\\/\",\"name\":\"Acquista Seconal Sodio online - Everyday Chem Shop\",\"isPartOf\":{\"@id\":\"https:\\\/\\\/everydaychemshop.com\\\/it\\\/#website\"},\"primaryImageOfPage\":{\"@id\":\"https:\\\/\\\/everydaychemshop.com\\\/it\\\/product\\\/acquistare-seconal-sodio-online\\\/#primaryimage\"},\"image\":{\"@id\":\"https:\\\/\\\/everydaychemshop.com\\\/it\\\/product\\\/acquistare-seconal-sodio-online\\\/#primaryimage\"},\"thumbnailUrl\":\"https:\\\/\\\/everydaychemshop.com\\\/it\\\/wp-content\\\/uploads\\\/sites\\\/6\\\/2022\\\/11\\\/seconal-sodium.jpg\",\"datePublished\":\"2022-11-16T09:42:44+00:00\",\"dateModified\":\"2023-04-06T22:52:43+00:00\",\"description\":\"Acquista Seconal Sodio online. Alla Everyday Chem Shop vendiamo Seconal Sodium online a un prezzo buono e conveniente. Non esitare a contattarci se desideri acquistare Seconal Sodium online\",\"breadcrumb\":{\"@id\":\"https:\\\/\\\/everydaychemshop.com\\\/it\\\/product\\\/acquistare-seconal-sodio-online\\\/#breadcrumb\"},\"inLanguage\":\"en-US\",\"potentialAction\":[{\"@type\":\"ReadAction\",\"target\":[\"https:\\\/\\\/everydaychemshop.com\\\/it\\\/product\\\/acquistare-seconal-sodio-online\\\/\"]}]},{\"@type\":\"ImageObject\",\"inLanguage\":\"en-US\",\"@id\":\"https:\\\/\\\/everydaychemshop.com\\\/it\\\/product\\\/acquistare-seconal-sodio-online\\\/#primaryimage\",\"url\":\"https:\\\/\\\/everydaychemshop.com\\\/it\\\/wp-content\\\/uploads\\\/sites\\\/6\\\/2022\\\/11\\\/seconal-sodium.jpg\",\"contentUrl\":\"https:\\\/\\\/everydaychemshop.com\\\/it\\\/wp-content\\\/uploads\\\/sites\\\/6\\\/2022\\\/11\\\/seconal-sodium.jpg\",\"width\":600,\"height\":600,\"caption\":\"Acquista Seconal Sodio online\"},{\"@type\":\"BreadcrumbList\",\"@id\":\"https:\\\/\\\/everydaychemshop.com\\\/it\\\/product\\\/acquistare-seconal-sodio-online\\\/#breadcrumb\",\"itemListElement\":[{\"@type\":\"ListItem\",\"position\":1,\"name\":\"Home\",\"item\":\"https:\\\/\\\/everydaychemshop.com\\\/it\\\/\"},{\"@type\":\"ListItem\",\"position\":2,\"name\":\"Prodotti\",\"item\":\"https:\\\/\\\/everydaychemshop.com\\\/it\\\/prodotti\\\/\"},{\"@type\":\"ListItem\",\"position\":3,\"name\":\"Seconal Sodio\"}]},{\"@type\":\"WebSite\",\"@id\":\"https:\\\/\\\/everydaychemshop.com\\\/it\\\/#website\",\"url\":\"https:\\\/\\\/everydaychemshop.com\\\/it\\\/\",\"name\":\"Everyday Chem Shop\",\"description\":\"\",\"potentialAction\":[{\"@type\":\"SearchAction\",\"target\":{\"@type\":\"EntryPoint\",\"urlTemplate\":\"https:\\\/\\\/everydaychemshop.com\\\/it\\\/?s={search_term_string}\"},\"query-input\":{\"@type\":\"PropertyValueSpecification\",\"valueRequired\":true,\"valueName\":\"search_term_string\"}}],\"inLanguage\":\"en-US\"}]}<\/script>\n<!-- \/ Yoast SEO Premium plugin. -->","yoast_head_json":{"title":"Acquista Seconal Sodio online - Everyday Chem Shop","description":"Acquista Seconal Sodio online. Alla Everyday Chem Shop vendiamo Seconal Sodium online a un prezzo buono e conveniente. Non esitare a contattarci se desideri acquistare Seconal Sodium online","robots":{"index":"index","follow":"follow","max-snippet":"max-snippet:-1","max-image-preview":"max-image-preview:large","max-video-preview":"max-video-preview:-1"},"canonical":"https:\/\/everydaychemshop.com\/it\/product\/acquistare-seconal-sodio-online\/","og_locale":"en_US","og_type":"article","og_title":"Seconal Sodio","og_description":"Acquista Seconal Sodio online. Alla Everyday Chem Shop vendiamo Seconal Sodium online a un prezzo buono e conveniente. Non esitare a contattarci se desideri acquistare Seconal Sodium online","og_url":"https:\/\/everydaychemshop.com\/it\/product\/acquistare-seconal-sodio-online\/","og_site_name":"Everyday Chem Shop","article_modified_time":"2023-04-06T22:52:43+00:00","og_image":[{"width":600,"height":600,"url":"https:\/\/everydaychemshop.com\/it\/wp-content\/uploads\/sites\/6\/2022\/11\/seconal-sodium.jpg","type":"image\/jpeg"}],"twitter_card":"summary_large_image","twitter_misc":{"Est. reading time":"3 minutes"},"schema":{"@context":"https:\/\/schema.org","@graph":[{"@type":"WebPage","@id":"https:\/\/everydaychemshop.com\/it\/product\/acquistare-seconal-sodio-online\/","url":"https:\/\/everydaychemshop.com\/it\/product\/acquistare-seconal-sodio-online\/","name":"Acquista Seconal Sodio online - Everyday Chem Shop","isPartOf":{"@id":"https:\/\/everydaychemshop.com\/it\/#website"},"primaryImageOfPage":{"@id":"https:\/\/everydaychemshop.com\/it\/product\/acquistare-seconal-sodio-online\/#primaryimage"},"image":{"@id":"https:\/\/everydaychemshop.com\/it\/product\/acquistare-seconal-sodio-online\/#primaryimage"},"thumbnailUrl":"https:\/\/everydaychemshop.com\/it\/wp-content\/uploads\/sites\/6\/2022\/11\/seconal-sodium.jpg","datePublished":"2022-11-16T09:42:44+00:00","dateModified":"2023-04-06T22:52:43+00:00","description":"Acquista Seconal Sodio online. Alla Everyday Chem Shop vendiamo Seconal Sodium online a un prezzo buono e conveniente. Non esitare a contattarci se desideri acquistare Seconal Sodium online","breadcrumb":{"@id":"https:\/\/everydaychemshop.com\/it\/product\/acquistare-seconal-sodio-online\/#breadcrumb"},"inLanguage":"en-US","potentialAction":[{"@type":"ReadAction","target":["https:\/\/everydaychemshop.com\/it\/product\/acquistare-seconal-sodio-online\/"]}]},{"@type":"ImageObject","inLanguage":"en-US","@id":"https:\/\/everydaychemshop.com\/it\/product\/acquistare-seconal-sodio-online\/#primaryimage","url":"https:\/\/everydaychemshop.com\/it\/wp-content\/uploads\/sites\/6\/2022\/11\/seconal-sodium.jpg","contentUrl":"https:\/\/everydaychemshop.com\/it\/wp-content\/uploads\/sites\/6\/2022\/11\/seconal-sodium.jpg","width":600,"height":600,"caption":"Acquista Seconal Sodio online"},{"@type":"BreadcrumbList","@id":"https:\/\/everydaychemshop.com\/it\/product\/acquistare-seconal-sodio-online\/#breadcrumb","itemListElement":[{"@type":"ListItem","position":1,"name":"Home","item":"https:\/\/everydaychemshop.com\/it\/"},{"@type":"ListItem","position":2,"name":"Prodotti","item":"https:\/\/everydaychemshop.com\/it\/prodotti\/"},{"@type":"ListItem","position":3,"name":"Seconal Sodio"}]},{"@type":"WebSite","@id":"https:\/\/everydaychemshop.com\/it\/#website","url":"https:\/\/everydaychemshop.com\/it\/","name":"Everyday Chem Shop","description":"","potentialAction":[{"@type":"SearchAction","target":{"@type":"EntryPoint","urlTemplate":"https:\/\/everydaychemshop.com\/it\/?s={search_term_string}"},"query-input":{"@type":"PropertyValueSpecification","valueRequired":true,"valueName":"search_term_string"}}],"inLanguage":"en-US"}]}},"_links":{"self":[{"href":"https:\/\/everydaychemshop.com\/it\/wp-json\/wp\/v2\/product\/7626","targetHints":{"allow":["GET"]}}],"collection":[{"href":"https:\/\/everydaychemshop.com\/it\/wp-json\/wp\/v2\/product"}],"about":[{"href":"https:\/\/everydaychemshop.com\/it\/wp-json\/wp\/v2\/types\/product"}],"replies":[{"embeddable":true,"href":"https:\/\/everydaychemshop.com\/it\/wp-json\/wp\/v2\/comments?post=7626"}],"wp:featuredmedia":[{"embeddable":true,"href":"https:\/\/everydaychemshop.com\/it\/wp-json\/wp\/v2\/media\/7629"}],"wp:attachment":[{"href":"https:\/\/everydaychemshop.com\/it\/wp-json\/wp\/v2\/media?parent=7626"}],"wp:term":[{"taxonomy":"product_brand","embeddable":true,"href":"https:\/\/everydaychemshop.com\/it\/wp-json\/wp\/v2\/product_brand?post=7626"},{"taxonomy":"product_cat","embeddable":true,"href":"https:\/\/everydaychemshop.com\/it\/wp-json\/wp\/v2\/product_cat?post=7626"},{"taxonomy":"product_tag","embeddable":true,"href":"https:\/\/everydaychemshop.com\/it\/wp-json\/wp\/v2\/product_tag?post=7626"}],"curies":[{"name":"wp","href":"https:\/\/api.w.org\/{rel}","templated":true}]}}