{"id":7634,"date":"2022-11-16T09:43:11","date_gmt":"2022-11-16T09:43:11","guid":{"rendered":"https:\/\/everydaychemshop.com\/it\/?post_type=product&#038;p=7634"},"modified":"2023-04-06T22:51:03","modified_gmt":"2023-04-06T22:51:03","slug":"acquistare-fenobarbital-fenobarbital-luminale","status":"publish","type":"product","link":"https:\/\/everydaychemshop.com\/it\/product\/acquistare-fenobarbital-fenobarbital-luminale\/","title":{"rendered":"Fenobarbital (fenobarbital) \/ Luminal"},"content":{"rendered":"<h1 class=\"tt\">Acquista le pillole di fenobarbital online<\/h1>\n<p><a href=\"https:\/\/everydaychemshop.com\/it\/product\/acquistare-fenobarbital-fenobarbital-luminale\/\">Acquista le pillole di fenobarbital online<\/a>. Everyday Chem Shop \u00e8 una farmacia affidabile che <a href=\"https:\/\/en.wikipedia.org\/wiki\/Phenobarbital\">aiuta<\/a> le persone a ricevere farmaci e farmaci in modo conveniente. Se desideri acquistare Fenobarbital Luminal online, non perdere l&#8217;occasione di visitarci online. Stiamo vendendo questo farmaco a prezzi convenienti qui.<\/p>\n<p>La nostra farmacia online \u00e8 stata costante nel fornire ai clienti farmaci di prima qualit\u00e0. Tutti i farmaci vengono consegnati qui entro il tempo assegnato ai clienti. Non intratteniamo alcun ritardo nel nostro lavoro e siamo veloci in ogni elaborazione. Se stai cercando una farmacia online come noi, allora connettiti con noi oggi e ordina per acquistare Fenobarbital Luminal online al miglior prezzo e ricevilo presto!<\/p>\n<h3 class=\"tt\">Come possiamo aiutarti in sicurezza Usi il fenobarbital Luminal?<\/h3>\n<p>Il fenobarbital Luminal \u00e8 un farmaco efficace ampiamente utilizzato per controllare alcuni tipi di convulsioni. Puoi anche usare questo farmaco per il trattamento di ansia, problemi di sonno e altri. \u00c8 molto importante che parli con il medico prima di usare questo medicinale. Parla con il tuo medico per i dettagli completi e poi inizia il trattamento con Fenobarbital Luminal.<\/p>\n<p>La nostra farmacia online fornisce una guida ai farmaci insieme a tutti i prodotti. Pertanto, puoi seguire le indicazioni e utilizzare questo farmaco in modo sicuro. Siamo qui per aiutarti ad acquistare Fenobarbital Luminal online in modo semplice. Raggiungici oggi e approfitta dei benefici di questo farmaco. Siamo qui per servirti con un supporto costante.<\/p>\n<p><strong>Sai dove acquistare Fenobarbital Luminal online?<\/strong><\/p>\n<p>Phenobarbital Luminal in vendita, Phenobarbital Luminal street value , Fenobarbital Luminal dosaggio, come fare il fenobarbital Luminal, dove posso acquistare il fenobarbital Luminal online, dove trovare il fenobarbital Luminal online, cos&#8217;\u00e8 il fenobarbital Luminal, il fenobarbital Luminal di qualit\u00e0 Premium in vendita. Tutte <a href=\"https:\/\/it.wikipedia.org\/wiki\/Fenobarbital\">queste<\/a> domande senza risposta possono ottenere le loro risposte attraverso di noi. Devi solo visitare il nostro sito web e otterrai le risposte su come e dove acquistare Fenobarbital Luminal online.<\/p>\n<p>E il Fenobarbital Luminal? Sai anche dove trovare il fenobarbital in vendita online? comprare Fenobarbital Luminal Fenobarbital Luminal in vendita, come fare il Fenobarbital Luminal, che aspetto ha il Fenobarbital Luminal, il prezzo al pubblico del Fenobarbital Luminal, il prezzo del Fenobarbital Luminal, dove acquistare il Fenobarbital Luminal, il Fenobarbital puro, dove posso acquistare il Fenobarbital Luminal online, la polvere di Fentanyl fornitori, acquista online Fenobarbital Luminal puro.<\/p>\n<p>Fenobarbital Luminal online di buona qualit\u00e0: \u00e8 del tutto chiaro che le persone non si fidano rapidamente della qualit\u00e0 del Fenobarbital Luminal online venduto online perch\u00e9 non possono esaminarlo fisicamente. Ma non \u00e8 la stessa cosa con i fornitori online di Fenobarbital Luminal online. I prodotti qui sono fedeli alla loro descrizione con una manutenzione di alta qualit\u00e0 eseguita sotto la supervisione degli esperti.<\/p>\n<p>Fast &amp; Spedizione discreta: la consegna del Fenobarbital Luminal online dopo aver ricevuto l&#8217;ordine viene effettuata entro i tempi promessi. Il team di spedizione si impegna al massimo per rendere la procedura di spedizione e consegna agevole e veloce. Puoi anche aspettarti servizi eccellenti quando acquisti Fenobarbital Luminal online dal professionista sulla piattaforma online.<\/p>\n","protected":false},"excerpt":{"rendered":"<p><strong>Dove posso acquistare il fenobarbital Luminal al miglior prezzo?<\/strong><\/p>\n<p>Ora puoi effettuare l&#8217;acquisto del fenobarbital Luminal presso la farmacia online del Nembutal. Il tuo ordine per la vendita di Fenobarbital Luminal verr\u00e0 completato nel pi\u00f9 breve tempo possibile. Tutto quello che devi fare \u00e8 chiamarci, inviare un SMS o un&#8217;e-mail oggi e ricevere presto i tuoi farmaci. Connettiti ora!<\/p>\n","protected":false},"featured_media":7660,"comment_status":"closed","ping_status":"closed","template":"","meta":{"inline_featured_image":false},"product_brand":[],"product_cat":[58],"product_tag":[],"class_list":{"0":"post-7634","1":"product","2":"type-product","3":"status-publish","4":"has-post-thumbnail","6":"product_cat-prodotti-nembutali","8":"first","9":"instock","10":"shipping-taxable","11":"purchasable","12":"product-type-variable","13":"has-default-attributes"},"yoast_head":"<!-- This site is optimized with the Yoast SEO Premium plugin v19.2 (Yoast SEO v27.3) - https:\/\/yoast.com\/product\/yoast-seo-premium-wordpress\/ -->\n<title>Acquista le pillole di fenobarbital online - Everyday Chem Shop<\/title>\n<meta name=\"description\" content=\"Acquista le pillole di fenobarbital online. Se stai cercando come acquistare Fenobarbital Luminal online, allora sei nel posto giusto per acquistare Fenobarbital Luminal online.\" \/>\n<meta name=\"robots\" content=\"index, follow, max-snippet:-1, max-image-preview:large, max-video-preview:-1\" \/>\n<link rel=\"canonical\" href=\"https:\/\/everydaychemshop.com\/it\/product\/acquistare-fenobarbital-fenobarbital-luminale\/\" \/>\n<meta property=\"og:locale\" content=\"en_US\" \/>\n<meta property=\"og:type\" content=\"article\" \/>\n<meta property=\"og:title\" content=\"Fenobarbital (fenobarbital) \/ Luminal\" \/>\n<meta property=\"og:description\" content=\"Acquista le pillole di fenobarbital online. Se stai cercando come acquistare Fenobarbital Luminal online, allora sei nel posto giusto per acquistare Fenobarbital Luminal online.\" \/>\n<meta property=\"og:url\" content=\"https:\/\/everydaychemshop.com\/it\/product\/acquistare-fenobarbital-fenobarbital-luminale\/\" \/>\n<meta property=\"og:site_name\" content=\"Everyday Chem Shop\" \/>\n<meta property=\"article:modified_time\" content=\"2023-04-06T22:51:03+00:00\" \/>\n<meta property=\"og:image\" content=\"https:\/\/everydaychemshop.com\/it\/wp-content\/uploads\/sites\/6\/2022\/11\/PhenobarbitalLuminal.jpg\" \/>\n\t<meta property=\"og:image:width\" content=\"600\" \/>\n\t<meta property=\"og:image:height\" content=\"600\" \/>\n\t<meta property=\"og:image:type\" content=\"image\/jpeg\" \/>\n<meta name=\"twitter:card\" content=\"summary_large_image\" \/>\n<meta name=\"twitter:label1\" content=\"Est. reading time\" \/>\n\t<meta name=\"twitter:data1\" content=\"3 minutes\" \/>\n<script type=\"application\/ld+json\" class=\"yoast-schema-graph\">{\"@context\":\"https:\\\/\\\/schema.org\",\"@graph\":[{\"@type\":\"WebPage\",\"@id\":\"https:\\\/\\\/everydaychemshop.com\\\/it\\\/product\\\/acquistare-fenobarbital-fenobarbital-luminale\\\/\",\"url\":\"https:\\\/\\\/everydaychemshop.com\\\/it\\\/product\\\/acquistare-fenobarbital-fenobarbital-luminale\\\/\",\"name\":\"Acquista le pillole di fenobarbital online - Everyday Chem Shop\",\"isPartOf\":{\"@id\":\"https:\\\/\\\/everydaychemshop.com\\\/it\\\/#website\"},\"primaryImageOfPage\":{\"@id\":\"https:\\\/\\\/everydaychemshop.com\\\/it\\\/product\\\/acquistare-fenobarbital-fenobarbital-luminale\\\/#primaryimage\"},\"image\":{\"@id\":\"https:\\\/\\\/everydaychemshop.com\\\/it\\\/product\\\/acquistare-fenobarbital-fenobarbital-luminale\\\/#primaryimage\"},\"thumbnailUrl\":\"https:\\\/\\\/everydaychemshop.com\\\/it\\\/wp-content\\\/uploads\\\/sites\\\/6\\\/2022\\\/11\\\/PhenobarbitalLuminal.jpg\",\"datePublished\":\"2022-11-16T09:43:11+00:00\",\"dateModified\":\"2023-04-06T22:51:03+00:00\",\"description\":\"Acquista le pillole di fenobarbital online. Se stai cercando come acquistare Fenobarbital Luminal online, allora sei nel posto giusto per acquistare Fenobarbital Luminal online.\",\"breadcrumb\":{\"@id\":\"https:\\\/\\\/everydaychemshop.com\\\/it\\\/product\\\/acquistare-fenobarbital-fenobarbital-luminale\\\/#breadcrumb\"},\"inLanguage\":\"en-US\",\"potentialAction\":[{\"@type\":\"ReadAction\",\"target\":[\"https:\\\/\\\/everydaychemshop.com\\\/it\\\/product\\\/acquistare-fenobarbital-fenobarbital-luminale\\\/\"]}]},{\"@type\":\"ImageObject\",\"inLanguage\":\"en-US\",\"@id\":\"https:\\\/\\\/everydaychemshop.com\\\/it\\\/product\\\/acquistare-fenobarbital-fenobarbital-luminale\\\/#primaryimage\",\"url\":\"https:\\\/\\\/everydaychemshop.com\\\/it\\\/wp-content\\\/uploads\\\/sites\\\/6\\\/2022\\\/11\\\/PhenobarbitalLuminal.jpg\",\"contentUrl\":\"https:\\\/\\\/everydaychemshop.com\\\/it\\\/wp-content\\\/uploads\\\/sites\\\/6\\\/2022\\\/11\\\/PhenobarbitalLuminal.jpg\",\"width\":600,\"height\":600,\"caption\":\"Acquista le pillole di fenobarbital online\"},{\"@type\":\"BreadcrumbList\",\"@id\":\"https:\\\/\\\/everydaychemshop.com\\\/it\\\/product\\\/acquistare-fenobarbital-fenobarbital-luminale\\\/#breadcrumb\",\"itemListElement\":[{\"@type\":\"ListItem\",\"position\":1,\"name\":\"Home\",\"item\":\"https:\\\/\\\/everydaychemshop.com\\\/it\\\/\"},{\"@type\":\"ListItem\",\"position\":2,\"name\":\"Prodotti\",\"item\":\"https:\\\/\\\/everydaychemshop.com\\\/it\\\/prodotti\\\/\"},{\"@type\":\"ListItem\",\"position\":3,\"name\":\"Fenobarbital (fenobarbital) \\\/ Luminal\"}]},{\"@type\":\"WebSite\",\"@id\":\"https:\\\/\\\/everydaychemshop.com\\\/it\\\/#website\",\"url\":\"https:\\\/\\\/everydaychemshop.com\\\/it\\\/\",\"name\":\"Everyday Chem Shop\",\"description\":\"\",\"potentialAction\":[{\"@type\":\"SearchAction\",\"target\":{\"@type\":\"EntryPoint\",\"urlTemplate\":\"https:\\\/\\\/everydaychemshop.com\\\/it\\\/?s={search_term_string}\"},\"query-input\":{\"@type\":\"PropertyValueSpecification\",\"valueRequired\":true,\"valueName\":\"search_term_string\"}}],\"inLanguage\":\"en-US\"}]}<\/script>\n<!-- \/ Yoast SEO Premium plugin. -->","yoast_head_json":{"title":"Acquista le pillole di fenobarbital online - Everyday Chem Shop","description":"Acquista le pillole di fenobarbital online. Se stai cercando come acquistare Fenobarbital Luminal online, allora sei nel posto giusto per acquistare Fenobarbital Luminal online.","robots":{"index":"index","follow":"follow","max-snippet":"max-snippet:-1","max-image-preview":"max-image-preview:large","max-video-preview":"max-video-preview:-1"},"canonical":"https:\/\/everydaychemshop.com\/it\/product\/acquistare-fenobarbital-fenobarbital-luminale\/","og_locale":"en_US","og_type":"article","og_title":"Fenobarbital (fenobarbital) \/ Luminal","og_description":"Acquista le pillole di fenobarbital online. Se stai cercando come acquistare Fenobarbital Luminal online, allora sei nel posto giusto per acquistare Fenobarbital Luminal online.","og_url":"https:\/\/everydaychemshop.com\/it\/product\/acquistare-fenobarbital-fenobarbital-luminale\/","og_site_name":"Everyday Chem Shop","article_modified_time":"2023-04-06T22:51:03+00:00","og_image":[{"width":600,"height":600,"url":"https:\/\/everydaychemshop.com\/it\/wp-content\/uploads\/sites\/6\/2022\/11\/PhenobarbitalLuminal.jpg","type":"image\/jpeg"}],"twitter_card":"summary_large_image","twitter_misc":{"Est. reading time":"3 minutes"},"schema":{"@context":"https:\/\/schema.org","@graph":[{"@type":"WebPage","@id":"https:\/\/everydaychemshop.com\/it\/product\/acquistare-fenobarbital-fenobarbital-luminale\/","url":"https:\/\/everydaychemshop.com\/it\/product\/acquistare-fenobarbital-fenobarbital-luminale\/","name":"Acquista le pillole di fenobarbital online - Everyday Chem Shop","isPartOf":{"@id":"https:\/\/everydaychemshop.com\/it\/#website"},"primaryImageOfPage":{"@id":"https:\/\/everydaychemshop.com\/it\/product\/acquistare-fenobarbital-fenobarbital-luminale\/#primaryimage"},"image":{"@id":"https:\/\/everydaychemshop.com\/it\/product\/acquistare-fenobarbital-fenobarbital-luminale\/#primaryimage"},"thumbnailUrl":"https:\/\/everydaychemshop.com\/it\/wp-content\/uploads\/sites\/6\/2022\/11\/PhenobarbitalLuminal.jpg","datePublished":"2022-11-16T09:43:11+00:00","dateModified":"2023-04-06T22:51:03+00:00","description":"Acquista le pillole di fenobarbital online. Se stai cercando come acquistare Fenobarbital Luminal online, allora sei nel posto giusto per acquistare Fenobarbital Luminal online.","breadcrumb":{"@id":"https:\/\/everydaychemshop.com\/it\/product\/acquistare-fenobarbital-fenobarbital-luminale\/#breadcrumb"},"inLanguage":"en-US","potentialAction":[{"@type":"ReadAction","target":["https:\/\/everydaychemshop.com\/it\/product\/acquistare-fenobarbital-fenobarbital-luminale\/"]}]},{"@type":"ImageObject","inLanguage":"en-US","@id":"https:\/\/everydaychemshop.com\/it\/product\/acquistare-fenobarbital-fenobarbital-luminale\/#primaryimage","url":"https:\/\/everydaychemshop.com\/it\/wp-content\/uploads\/sites\/6\/2022\/11\/PhenobarbitalLuminal.jpg","contentUrl":"https:\/\/everydaychemshop.com\/it\/wp-content\/uploads\/sites\/6\/2022\/11\/PhenobarbitalLuminal.jpg","width":600,"height":600,"caption":"Acquista le pillole di fenobarbital online"},{"@type":"BreadcrumbList","@id":"https:\/\/everydaychemshop.com\/it\/product\/acquistare-fenobarbital-fenobarbital-luminale\/#breadcrumb","itemListElement":[{"@type":"ListItem","position":1,"name":"Home","item":"https:\/\/everydaychemshop.com\/it\/"},{"@type":"ListItem","position":2,"name":"Prodotti","item":"https:\/\/everydaychemshop.com\/it\/prodotti\/"},{"@type":"ListItem","position":3,"name":"Fenobarbital (fenobarbital) \/ Luminal"}]},{"@type":"WebSite","@id":"https:\/\/everydaychemshop.com\/it\/#website","url":"https:\/\/everydaychemshop.com\/it\/","name":"Everyday Chem Shop","description":"","potentialAction":[{"@type":"SearchAction","target":{"@type":"EntryPoint","urlTemplate":"https:\/\/everydaychemshop.com\/it\/?s={search_term_string}"},"query-input":{"@type":"PropertyValueSpecification","valueRequired":true,"valueName":"search_term_string"}}],"inLanguage":"en-US"}]}},"_links":{"self":[{"href":"https:\/\/everydaychemshop.com\/it\/wp-json\/wp\/v2\/product\/7634","targetHints":{"allow":["GET"]}}],"collection":[{"href":"https:\/\/everydaychemshop.com\/it\/wp-json\/wp\/v2\/product"}],"about":[{"href":"https:\/\/everydaychemshop.com\/it\/wp-json\/wp\/v2\/types\/product"}],"replies":[{"embeddable":true,"href":"https:\/\/everydaychemshop.com\/it\/wp-json\/wp\/v2\/comments?post=7634"}],"wp:featuredmedia":[{"embeddable":true,"href":"https:\/\/everydaychemshop.com\/it\/wp-json\/wp\/v2\/media\/7660"}],"wp:attachment":[{"href":"https:\/\/everydaychemshop.com\/it\/wp-json\/wp\/v2\/media?parent=7634"}],"wp:term":[{"taxonomy":"product_brand","embeddable":true,"href":"https:\/\/everydaychemshop.com\/it\/wp-json\/wp\/v2\/product_brand?post=7634"},{"taxonomy":"product_cat","embeddable":true,"href":"https:\/\/everydaychemshop.com\/it\/wp-json\/wp\/v2\/product_cat?post=7634"},{"taxonomy":"product_tag","embeddable":true,"href":"https:\/\/everydaychemshop.com\/it\/wp-json\/wp\/v2\/product_tag?post=7634"}],"curies":[{"name":"wp","href":"https:\/\/api.w.org\/{rel}","templated":true}]}}