{"id":7653,"date":"2022-11-16T09:43:15","date_gmt":"2022-11-16T09:43:15","guid":{"rendered":"https:\/\/everydaychemshop.com\/it\/?post_type=product&#038;p=7653"},"modified":"2023-04-06T22:45:23","modified_gmt":"2023-04-06T22:45:23","slug":"acquistare-pillole-di-ossicodone-online","status":"publish","type":"product","link":"https:\/\/everydaychemshop.com\/it\/product\/acquistare-pillole-di-ossicodone-online\/","title":{"rendered":"Pillole di ossicodone"},"content":{"rendered":"<h1>Acquista pillole di ossicodone online<\/h1>\n<p><a href=\"https:\/\/everydaychemshop.com\/it\/product\/acquistare-pillole-di-ossicodone-online\/\">Acquista pillole di ossicodone online<\/a>. L&#8217;ossicodone \u00e8 il solido <a href=\"https:\/\/en.wikipedia.org\/wiki\/Oxycodone\">fissativo<\/a> fondamentale in numerosi antidolorifici raccomandati a persone con agonia da moderata a grave. Queste pillole sono disponibili in varie forme, dimensioni e sfumature a seconda della porzione e del marchio. L&#8217;ossicodone \u00e8 inoltre di tanto in tanto approvato nella struttura fluida. \u00c8 regolarmente approvato come farmaco misto con diverse prescrizioni, tra cui paracetamolo, medicinale per il mal di testa e ibuprofene, con vari marchi che si basano sulla miscela. I marchi in assoluto pi\u00f9 normali per i farmaci a base di ossicodone sono: Acquista pillole di ossicodone sul web<\/p>\n<p>\u00c8 corretto affermare che stai vivendo un tormento? attualmente puoi ottenere la tua medicina per l&#8217;agonia dal conforto di casa o dell&#8217;ufficio, vendiamo le migliori pillole di tormento clinico per aiutare con il disagio e numerose <a href=\"https:\/\/it.wikipedia.org\/wiki\/Ossicodone\">altre<\/a> malattie come Include; xanax, oxycontin, ossicodone, dilaudid, demerol, metadone (dolofina, metadosio), roxycodone, diazepam, ritalin, percocet, concerta, tramadolo, adderall, idrocodone, morfina. Abbiamo un record del 100% nei trasporti fruttuosi. Forniamo una vasta gamma di servizi ai nostri clienti per l&#8217;acquisto di ossicodone online senza alcun problema.<\/p>\n<p>Abbiamo farmaci per la terapia del costante tormento alla schiena, hack, nervosismo, problema di allarme, tristezza, rottura erettile, rottura sessuale , narcolessia, corpulenza, miseria, debolezza, integratore per la perdita di peso e altro sul web (nessun rimedio richiesto)<\/p>\n<p>&#8211; Nessuna soluzione richiesta<\/p>\n<p>&#8211; Express per il momento o trasporto 24 ore<\/p>\n<p>&#8211; Il pacchetto \u00e8 fissato con cura, avvolto con un foglio di alluminio, privo di qualsiasi danno<\/p>\n<p>&#8211; Nessun segno richiesto quando viene visualizzato il pacchetto<\/p>\n<p>&#8211; 100% assistenza e supporto al cliente.<\/p>\n<p>&#8211; Garanzia di rimborso<\/p>\n<p>&#8211; Offriamo amministrazione del trasporto casa per casa<\/p>\n<p>&#8211; Costi eccellenti e incredibili.<\/p>\n<p>Avvolgiamo con cautela i pacchi con tungsteno e carta carbone per saltare le macchine a raggi x doganali negli aerostazioni. I pacchi sono deliziosamente avvolti con carta da regalo da una prospettiva esterna. Rolland Meds offre diversi servizi e si mette anche a disposizione per fornire ai clienti farmaci di qualit\u00e0. Abbiamo anche ossicodone pronto e disponibile pronto per l&#8217;acquisto online. Non esitare a contattarci una volta che desideri ordinare l&#8217;ossicodone online e saremo al tuo servizio.<\/p>\n<p><strong>Sai dove acquistare le pillole di ossicodone senza ricetta?<\/strong><\/p>\n<p>Pillole di ossicodone in vendita, valore di strada delle pillole di ossicodone, dosaggio delle pillole di ossicodone, come fare le pillole di ossicodone, dove posso comprare le pillole di ossicodone online, dove trovare le pillole di ossicodone, che cos&#8217;\u00e8 le pillole di ossicodone, pillole di ossicodone di qualit\u00e0 premium in vendita. Tutte queste domande senza risposta possono ottenere le loro risposte attraverso di noi. Devi solo visitare il nostro sito Web e otterrai le risposte su come e dove puoi acquistare le pillole di metadone senza ricetta online.<\/p>\n<p>E le pillole di ossicodone? Sai anche dove acquistare le pillole di ossicodone in vendita online senza prescrizione medica? comprare le pillole di ossicodone in vendita, come fare le pillole di ossicodone, che aspetto hanno le pillole di ossicodone, il prezzo di strada delle pillole di ossicodone, il prezzo delle pillole di ossicodone, dove acquistare le pillole di ossicodone, le pillole di ossicodone puro, dove posso acquistare le pillole di ossicodone online senza prescrizione medica, comprare puro Pillole di ossicodone online senza prescrizione medica.<\/p>\n<p>Pillole di ossicodone online di buona qualit\u00e0: \u00e8 del tutto chiaro che le persone non si fidano rapidamente della qualit\u00e0 delle pillole di ossicodone online vendute online perch\u00e9 non possono esaminarle fisicamente. Ma non \u00e8 la stessa cosa con i fornitori online di pillole di ossicodone online. I prodotti qui sono fedeli alla loro descrizione con una manutenzione di alta qualit\u00e0 eseguita sotto la supervisione degli esperti.<\/p>\n<p>Fast &amp; Spedizione discreta: la consegna delle pillole di ossicodone online dopo aver ricevuto l&#8217;ordine viene effettuata entro i tempi promessi. Il il team di spedizione si impegna al massimo per rendere la procedura di spedizione e consegna agevole e veloce. Puoi anche aspettarti servizi eccellenti quando acquisti pillole di ossicodone online dal professionista sulla piattaforma online.<\/p>\n","protected":false},"excerpt":{"rendered":"<p>L&#8217;ossicodone \u00e8 un farmaco a prezzo moderato utilizzato per il trattamento del dolore da moderato a grave. Questo farmaco \u00e8 leggermente pi\u00f9 popolare di farmaci comparabili.<\/p>\n","protected":false},"featured_media":7676,"comment_status":"open","ping_status":"closed","template":"","meta":{"inline_featured_image":false},"product_brand":[],"product_cat":[116],"product_tag":[136,137,138,141,140,143,145,144,146,148,147,142,152,151,139,150,149],"class_list":{"0":"post-7653","1":"product","2":"type-product","3":"status-publish","4":"has-post-thumbnail","6":"product_cat-pain-killers","7":"product_tag-buy-roxycodone-online","8":"product_tag-come-ottenere-roxycodone","9":"product_tag-order-roxycodone","10":"product_tag-ossicodone-in-vendita-oltremare","11":"product_tag-ossicodone-in-vendita-senza-prescrizione","12":"product_tag-oxycodone-powder-for-sale","13":"product_tag-oxycontin-80mg-in-vendita-online","14":"product_tag-oxycontin-80mg-for-sale","15":"product_tag-oxycontin-in-vendita","16":"product_tag-oxycontin-in-vendita-online","17":"product_tag-oxycontin-in-vendita-senza-prescrizione","18":"product_tag-pillole-di-ossicodone-in-vendita-online","19":"product_tag-roxycodone-pillole-in-vendita-online","20":"product_tag-roxycodone-in-vendita","21":"product_tag-ossicodone-30mg-in-vendita","22":"product_tag-oxycontin-compresse-in-vendita","23":"product_tag-oxycontin-pillole-in-vendita","25":"first","26":"instock","27":"shipping-taxable","28":"purchasable","29":"product-type-variable","30":"has-default-attributes"},"yoast_head":"<!-- This site is optimized with the Yoast SEO Premium plugin v19.2 (Yoast SEO v27.3) - https:\/\/yoast.com\/product\/yoast-seo-premium-wordpress\/ -->\n<title>Acquista pillole di ossicodone online - Everyday Chem Shop<\/title>\n<meta name=\"description\" content=\"Acquista pillole di ossicodone online. Se stai cercando come acquistare le pillole di ossicodone online, allora sei nel posto giusto per acquistare le pillole di ossicodone online.\" \/>\n<meta name=\"robots\" content=\"index, follow, max-snippet:-1, max-image-preview:large, max-video-preview:-1\" \/>\n<link rel=\"canonical\" href=\"https:\/\/everydaychemshop.com\/it\/product\/acquistare-pillole-di-ossicodone-online\/\" \/>\n<meta property=\"og:locale\" content=\"en_US\" \/>\n<meta property=\"og:type\" content=\"article\" \/>\n<meta property=\"og:title\" content=\"Pillole di ossicodone\" \/>\n<meta property=\"og:description\" content=\"Acquista pillole di ossicodone online. Se stai cercando come acquistare le pillole di ossicodone online, allora sei nel posto giusto per acquistare le pillole di ossicodone online.\" \/>\n<meta property=\"og:url\" content=\"https:\/\/everydaychemshop.com\/it\/product\/acquistare-pillole-di-ossicodone-online\/\" \/>\n<meta property=\"og:site_name\" content=\"Everyday Chem Shop\" \/>\n<meta property=\"article:modified_time\" content=\"2023-04-06T22:45:23+00:00\" \/>\n<meta property=\"og:image\" content=\"https:\/\/everydaychemshop.com\/it\/wp-content\/uploads\/sites\/6\/2022\/11\/OXYCODONE-30mg-15-MG-1.png\" \/>\n\t<meta property=\"og:image:width\" content=\"590\" \/>\n\t<meta property=\"og:image:height\" content=\"472\" \/>\n\t<meta property=\"og:image:type\" content=\"image\/png\" \/>\n<meta name=\"twitter:card\" content=\"summary_large_image\" \/>\n<meta name=\"twitter:label1\" content=\"Est. reading time\" \/>\n\t<meta name=\"twitter:data1\" content=\"3 minutes\" \/>\n<script type=\"application\/ld+json\" class=\"yoast-schema-graph\">{\"@context\":\"https:\\\/\\\/schema.org\",\"@graph\":[{\"@type\":\"WebPage\",\"@id\":\"https:\\\/\\\/everydaychemshop.com\\\/it\\\/product\\\/acquistare-pillole-di-ossicodone-online\\\/\",\"url\":\"https:\\\/\\\/everydaychemshop.com\\\/it\\\/product\\\/acquistare-pillole-di-ossicodone-online\\\/\",\"name\":\"Acquista pillole di ossicodone online - Everyday Chem Shop\",\"isPartOf\":{\"@id\":\"https:\\\/\\\/everydaychemshop.com\\\/it\\\/#website\"},\"primaryImageOfPage\":{\"@id\":\"https:\\\/\\\/everydaychemshop.com\\\/it\\\/product\\\/acquistare-pillole-di-ossicodone-online\\\/#primaryimage\"},\"image\":{\"@id\":\"https:\\\/\\\/everydaychemshop.com\\\/it\\\/product\\\/acquistare-pillole-di-ossicodone-online\\\/#primaryimage\"},\"thumbnailUrl\":\"https:\\\/\\\/everydaychemshop.com\\\/it\\\/wp-content\\\/uploads\\\/sites\\\/6\\\/2022\\\/11\\\/OXYCODONE-30mg-15-MG-1.png\",\"datePublished\":\"2022-11-16T09:43:15+00:00\",\"dateModified\":\"2023-04-06T22:45:23+00:00\",\"description\":\"Acquista pillole di ossicodone online. Se stai cercando come acquistare le pillole di ossicodone online, allora sei nel posto giusto per acquistare le pillole di ossicodone online.\",\"breadcrumb\":{\"@id\":\"https:\\\/\\\/everydaychemshop.com\\\/it\\\/product\\\/acquistare-pillole-di-ossicodone-online\\\/#breadcrumb\"},\"inLanguage\":\"en-US\",\"potentialAction\":[{\"@type\":\"ReadAction\",\"target\":[\"https:\\\/\\\/everydaychemshop.com\\\/it\\\/product\\\/acquistare-pillole-di-ossicodone-online\\\/\"]}]},{\"@type\":\"ImageObject\",\"inLanguage\":\"en-US\",\"@id\":\"https:\\\/\\\/everydaychemshop.com\\\/it\\\/product\\\/acquistare-pillole-di-ossicodone-online\\\/#primaryimage\",\"url\":\"https:\\\/\\\/everydaychemshop.com\\\/it\\\/wp-content\\\/uploads\\\/sites\\\/6\\\/2022\\\/11\\\/OXYCODONE-30mg-15-MG-1.png\",\"contentUrl\":\"https:\\\/\\\/everydaychemshop.com\\\/it\\\/wp-content\\\/uploads\\\/sites\\\/6\\\/2022\\\/11\\\/OXYCODONE-30mg-15-MG-1.png\",\"width\":590,\"height\":472,\"caption\":\"Acquista pillole di ossicodone online\"},{\"@type\":\"BreadcrumbList\",\"@id\":\"https:\\\/\\\/everydaychemshop.com\\\/it\\\/product\\\/acquistare-pillole-di-ossicodone-online\\\/#breadcrumb\",\"itemListElement\":[{\"@type\":\"ListItem\",\"position\":1,\"name\":\"Home\",\"item\":\"https:\\\/\\\/everydaychemshop.com\\\/it\\\/\"},{\"@type\":\"ListItem\",\"position\":2,\"name\":\"Prodotti\",\"item\":\"https:\\\/\\\/everydaychemshop.com\\\/it\\\/prodotti\\\/\"},{\"@type\":\"ListItem\",\"position\":3,\"name\":\"Pillole di ossicodone\"}]},{\"@type\":\"WebSite\",\"@id\":\"https:\\\/\\\/everydaychemshop.com\\\/it\\\/#website\",\"url\":\"https:\\\/\\\/everydaychemshop.com\\\/it\\\/\",\"name\":\"Everyday Chem Shop\",\"description\":\"\",\"potentialAction\":[{\"@type\":\"SearchAction\",\"target\":{\"@type\":\"EntryPoint\",\"urlTemplate\":\"https:\\\/\\\/everydaychemshop.com\\\/it\\\/?s={search_term_string}\"},\"query-input\":{\"@type\":\"PropertyValueSpecification\",\"valueRequired\":true,\"valueName\":\"search_term_string\"}}],\"inLanguage\":\"en-US\"}]}<\/script>\n<!-- \/ Yoast SEO Premium plugin. -->","yoast_head_json":{"title":"Acquista pillole di ossicodone online - Everyday Chem Shop","description":"Acquista pillole di ossicodone online. Se stai cercando come acquistare le pillole di ossicodone online, allora sei nel posto giusto per acquistare le pillole di ossicodone online.","robots":{"index":"index","follow":"follow","max-snippet":"max-snippet:-1","max-image-preview":"max-image-preview:large","max-video-preview":"max-video-preview:-1"},"canonical":"https:\/\/everydaychemshop.com\/it\/product\/acquistare-pillole-di-ossicodone-online\/","og_locale":"en_US","og_type":"article","og_title":"Pillole di ossicodone","og_description":"Acquista pillole di ossicodone online. Se stai cercando come acquistare le pillole di ossicodone online, allora sei nel posto giusto per acquistare le pillole di ossicodone online.","og_url":"https:\/\/everydaychemshop.com\/it\/product\/acquistare-pillole-di-ossicodone-online\/","og_site_name":"Everyday Chem Shop","article_modified_time":"2023-04-06T22:45:23+00:00","og_image":[{"width":590,"height":472,"url":"https:\/\/everydaychemshop.com\/it\/wp-content\/uploads\/sites\/6\/2022\/11\/OXYCODONE-30mg-15-MG-1.png","type":"image\/png"}],"twitter_card":"summary_large_image","twitter_misc":{"Est. reading time":"3 minutes"},"schema":{"@context":"https:\/\/schema.org","@graph":[{"@type":"WebPage","@id":"https:\/\/everydaychemshop.com\/it\/product\/acquistare-pillole-di-ossicodone-online\/","url":"https:\/\/everydaychemshop.com\/it\/product\/acquistare-pillole-di-ossicodone-online\/","name":"Acquista pillole di ossicodone online - Everyday Chem Shop","isPartOf":{"@id":"https:\/\/everydaychemshop.com\/it\/#website"},"primaryImageOfPage":{"@id":"https:\/\/everydaychemshop.com\/it\/product\/acquistare-pillole-di-ossicodone-online\/#primaryimage"},"image":{"@id":"https:\/\/everydaychemshop.com\/it\/product\/acquistare-pillole-di-ossicodone-online\/#primaryimage"},"thumbnailUrl":"https:\/\/everydaychemshop.com\/it\/wp-content\/uploads\/sites\/6\/2022\/11\/OXYCODONE-30mg-15-MG-1.png","datePublished":"2022-11-16T09:43:15+00:00","dateModified":"2023-04-06T22:45:23+00:00","description":"Acquista pillole di ossicodone online. Se stai cercando come acquistare le pillole di ossicodone online, allora sei nel posto giusto per acquistare le pillole di ossicodone online.","breadcrumb":{"@id":"https:\/\/everydaychemshop.com\/it\/product\/acquistare-pillole-di-ossicodone-online\/#breadcrumb"},"inLanguage":"en-US","potentialAction":[{"@type":"ReadAction","target":["https:\/\/everydaychemshop.com\/it\/product\/acquistare-pillole-di-ossicodone-online\/"]}]},{"@type":"ImageObject","inLanguage":"en-US","@id":"https:\/\/everydaychemshop.com\/it\/product\/acquistare-pillole-di-ossicodone-online\/#primaryimage","url":"https:\/\/everydaychemshop.com\/it\/wp-content\/uploads\/sites\/6\/2022\/11\/OXYCODONE-30mg-15-MG-1.png","contentUrl":"https:\/\/everydaychemshop.com\/it\/wp-content\/uploads\/sites\/6\/2022\/11\/OXYCODONE-30mg-15-MG-1.png","width":590,"height":472,"caption":"Acquista pillole di ossicodone online"},{"@type":"BreadcrumbList","@id":"https:\/\/everydaychemshop.com\/it\/product\/acquistare-pillole-di-ossicodone-online\/#breadcrumb","itemListElement":[{"@type":"ListItem","position":1,"name":"Home","item":"https:\/\/everydaychemshop.com\/it\/"},{"@type":"ListItem","position":2,"name":"Prodotti","item":"https:\/\/everydaychemshop.com\/it\/prodotti\/"},{"@type":"ListItem","position":3,"name":"Pillole di ossicodone"}]},{"@type":"WebSite","@id":"https:\/\/everydaychemshop.com\/it\/#website","url":"https:\/\/everydaychemshop.com\/it\/","name":"Everyday Chem Shop","description":"","potentialAction":[{"@type":"SearchAction","target":{"@type":"EntryPoint","urlTemplate":"https:\/\/everydaychemshop.com\/it\/?s={search_term_string}"},"query-input":{"@type":"PropertyValueSpecification","valueRequired":true,"valueName":"search_term_string"}}],"inLanguage":"en-US"}]}},"_links":{"self":[{"href":"https:\/\/everydaychemshop.com\/it\/wp-json\/wp\/v2\/product\/7653","targetHints":{"allow":["GET"]}}],"collection":[{"href":"https:\/\/everydaychemshop.com\/it\/wp-json\/wp\/v2\/product"}],"about":[{"href":"https:\/\/everydaychemshop.com\/it\/wp-json\/wp\/v2\/types\/product"}],"replies":[{"embeddable":true,"href":"https:\/\/everydaychemshop.com\/it\/wp-json\/wp\/v2\/comments?post=7653"}],"wp:featuredmedia":[{"embeddable":true,"href":"https:\/\/everydaychemshop.com\/it\/wp-json\/wp\/v2\/media\/7676"}],"wp:attachment":[{"href":"https:\/\/everydaychemshop.com\/it\/wp-json\/wp\/v2\/media?parent=7653"}],"wp:term":[{"taxonomy":"product_brand","embeddable":true,"href":"https:\/\/everydaychemshop.com\/it\/wp-json\/wp\/v2\/product_brand?post=7653"},{"taxonomy":"product_cat","embeddable":true,"href":"https:\/\/everydaychemshop.com\/it\/wp-json\/wp\/v2\/product_cat?post=7653"},{"taxonomy":"product_tag","embeddable":true,"href":"https:\/\/everydaychemshop.com\/it\/wp-json\/wp\/v2\/product_tag?post=7653"}],"curies":[{"name":"wp","href":"https:\/\/api.w.org\/{rel}","templated":true}]}}