{"id":7666,"date":"2022-11-16T09:43:44","date_gmt":"2022-11-16T09:43:44","guid":{"rendered":"https:\/\/everydaychemshop.com\/it\/?post_type=product&#038;p=7666"},"modified":"2023-04-06T22:43:49","modified_gmt":"2023-04-06T22:43:49","slug":"comprare-adderall-pillole-online","status":"publish","type":"product","link":"https:\/\/everydaychemshop.com\/it\/product\/comprare-adderall-pillole-online\/","title":{"rendered":"Pillole Adderall"},"content":{"rendered":"<h1>Acquista pillole Adderall online<\/h1>\n<p><a href=\"https:\/\/everydaychemshop.com\/it\/product\/comprare-adderall-pillole-online\/\">Acquista pillole Adderall online<\/a>. Adderall 30 MG \u00e8 un tipo di farmaco che si forma combinando e destroanfetamina. Questi due componenti servono come stimolanti primari di sistema nervoso. Inoltre, questi stimolanti hanno un impatto sulle sostanze chimiche e sui nervi del cervello per controllare l&#8217;impulso e l&#8217;iperattivit\u00e0. Il farmaco <a href=\"https:\/\/it.wikipedia.org\/wiki\/Adderall\">\u00e8<\/a> fondamentalmente utilizzato per curare la narcolessia e il disturbo da iperattivit\u00e0 (ADHD). \u00c8 consentito consumarlo in paesi specifici, prevalentemente Canada e Stati Uniti.<\/p>\n<p>Il problema pi\u00f9 grande nell&#8217;<em>acquisto di Adderall 30Mg<\/em>\u00a0online si riduce a questa parola che inizia con WOgni figlia o figlio lo \u00e8 nato con una memoria decente<\/p>\n<p><em>Acquista Adderall 30mg<\/em>. Nessuna prescrizione richiesta. Spedizione sicura e discreta al 100%. La consegna durante la notte \u00e8 disponibile. Garanzia di rimborso.<\/p>\n<p>Puoi\u00a0<em>acquistare Adderall<\/em>\u00a0pillole online senza prescrizione medica, adderall sul computer aperto, posso\u00a0<em>acquistare Adderall<\/em>\u00a0online?<\/p>\n<h4><strong>Precauzioni relative al dosaggio:<\/strong><\/h4>\n<p>Potrebbe essere necessario assumere\u00a0Adderall XR<strong><em>\u00a0<\/em><\/strong>in una persona, ma \u00e8 necessario consultare un medico prima della prima dose se soffre di tiroide iperattiva, ipertensione da moderata a grave, glaucoma, qualsiasi malattia cardiaca o anche se una persona era precedentemente tossicodipendente o alcolista. Si consiglia inoltre alle persone di non abusare del suo dosaggio in quanto potrebbe causare gravi effetti collaterali sul cuore o, peggio ancora, la morte.<\/p>\n<h4><strong>Risultato positivo:<\/strong><\/h4>\n<p>Poich\u00e9 il consumo di droghe di qualsiasi tipo ha effetti sia negativi che positivi. Anche Adderall 30 MG<strong><em>\u00a0<\/em><\/strong>ha. Ci\u00f2 \u00e8 stato osservato che l&#8217;utilizzo per un periodo pi\u00f9 breve come indicato dal medico, ha un impatto positivo sulla salute della persona a causa della prevenzione dei sintomi dell&#8217;ADHD. Succede perch\u00e9:<\/p>\n<ul>\n<li>Aumenta la presenza di neurotrasmettitori nel nostro cervello come la dopamina e la norepinefrina. Inoltre, queste sostanze chimiche specifiche nel cervello funzionano anche per aumentare i livelli di energia, la prontezza e l&#8217;attenzione.<\/li>\n<li>Il farmaco pu\u00f2 aumentare la frequenza cardiaca e mantenere il flusso di sangue ai muscoli.<\/li>\n<li>Costante il suo utilizzo secondo i consigli dei medici pu\u00f2 generare maggiore energia e rinvigorimento che si dice sia simile al consumo di cocaina.<\/li>\n<\/ul>\n<h4><strong>Risultato negativo:<\/strong><\/h4>\n<p>Poich\u00e9 \u00e8 uno dei farmaci sensibili e il consumo di Adderall 30 MG<strong><em>\u00a0<\/em><\/strong>anche dopo la prescrizione di un esperto potrebbe avere un impatto negativo sulla salute.<\/p>\n<ul>\n<li>Irritabilit\u00e0<\/li>\n<li>Perdita di peso malsana dovuta alla soppressione dell&#8217;appetito<\/li>\n<li>Irrequietezza e disturbi del sonno<\/li>\n<li>Gravi problemi cardiaci<\/li>\n<\/ul>\n<h4><strong> In caso di abuso:<\/strong><\/h4>\n<p>I medici hanno sempre avvertito i pazienti di assumere farmaci in modo acuto e, anche se controvoglia, l&#8217;assunzione di Adderall 30 MG\u00a0\u00e8 stata abusata, si tradurrebbe in un aumento dei livelli di energia insieme a un intenso rinvigorimento. Inoltre, l&#8217;abuso di quest&#8217;ultimo farmaco pu\u00f2 generare sintomi fastidiosi come:<\/p>\n<ul>\n<li>Riduzione della concentrazione sulle cose<\/li>\n<li>Depressione e letargia<\/li>\n<li>Fatica<\/li>\n<\/ul>\n<h4><strong>Punti da tenere a mente:<\/strong><\/h4>\n<p>Inoltre, prima di assumere Adderall 30 MG<strong><em>\u00a0<\/em><\/strong>ci sono pochi punti su cui riflettere.<\/p>\n<p>I ricercatori hanno suggerito alle persone di non consumarlo se hanno utilizzato inibitori MAO tra cui linezoild, iniezione di blu di metilene, isocarbossazide, rasagilina e altri negli ultimi 14 giorni in quanto potrebbe provocare un&#8217;intensa interazione tra farmaci che senza dubbio non \u00e8 salutare.<\/p>\n<p>Inoltre, una persona con allergie ai farmaci stimolanti dovrebbe evitarlo o se ha gi\u00e0 a che fare con:<\/p>\n<ul>\n<li>Qualsiasi cuore grave o arteria coronaria malattia<\/li>\n<li>Pressione sanguigna (da normale ad alta)<\/li>\n<li>Ansia e tensione intense<\/li>\n<li>Dipendenza da droghe o alcol<\/li>\n<\/ul>\n<h4><strong>Cosa succede se una persona \u00e8 dipendente da Adderall XR?<\/strong><\/h4>\n<p>Dipendenza da tale la droga avrebbe due tipi di esito, cio\u00e8 psicologico e fisico.<\/p>\n<p>A persona lo troverebbe psicologicamente dipendente o dipendente da esso se lo prende quotidianamente e diventa parte della sua vita. Inoltre, un minore accesso ad esso per qualsiasi motivo potrebbe essere inquietante e lo stress o il mal di testa si verificherebbero frequentemente per le persone psicologicamente dipendenti.<\/p>\n<p>Inoltre, in primo luogo, per le persone psicologicamente dipendenti che lo consumavano spesso portava a livelli pericolosi e hanno continuarne l&#8217;assunzione anche se significa mettere a rischio la propria vita. Tuttavia, in tal caso, \u00e8 disponibile una cura. Questa abitudine pu\u00f2 essere migliorata con un trattamento psicologico per modificare i modelli di comportamento. Una terapia chiamata terapia cognitivo-comportamentale potrebbe essere utile, secondo gli esperti.<\/p>\n<p>In secondo luogo, quando la persona \u00e8 abituata alla disponibilit\u00e0 di dopamina di livello superiore nel suo cervello e limita l&#8217;Adderall XR<em><strong>\u00a0<\/strong> <\/em>in tal caso potrebbe diminuire il livello di dopamina e la persona deve quindi affrontare:<\/p>\n<p>&nbsp;<\/p>\n<ul>\n<li>Depressione o stanchezza<\/li>\n<li>Dormire in modo anomalo o restare sveglio per orari insoliti<\/li>\n<\/ul>\n<p>\u00c8 pertinente menzionare qui che questa dipendenza fisica pu\u00f2 <a href=\"https:\/\/cs.wikipedia.org\/wiki\/Adderall\">suscitare<\/a> sollecitare a consumarlo di pi\u00f9 per rimanere soddisfatti, il che potrebbe portare una persona verso diversi effetti e sovradosaggio.<\/p>\n<p>Tuttavia, consumarli solo dopo il consiglio di un esperto o misurare ogni possibile precauzione pu\u00f2 impedire alle persone di esiti negativi<\/p>\n<p>&nbsp;<\/p>\n","protected":false},"excerpt":{"rendered":"<p>Adderall 30 MG \u00e8 un tipo di farmaco che si forma combinando e destroanfetamina. Questi due componenti servono come stimolanti primari di sistema nervoso. Inoltre, questi stimolanti hanno un impatto sulle sostanze chimiche e sui nervi del cervello per controllare gli impulsi e l&#8217;iperattivit\u00e0<\/p>\n","protected":false},"featured_media":7692,"comment_status":"open","ping_status":"closed","template":"","meta":{"inline_featured_image":false},"product_brand":[],"product_cat":[116],"product_tag":[154,153,155,159,158,156],"class_list":{"0":"post-7666","1":"product","2":"type-product","3":"status-publish","4":"has-post-thumbnail","6":"product_cat-pain-killers","7":"product_tag-acquistare-adderall-30-mg-online","8":"product_tag-adderall-30-mg-for-sale","9":"product_tag-come-acquistare-adderall-30-mg-online","10":"product_tag-dove-acquistare-adderall-30-mg-online","11":"product_tag-il-posto-migliore-per-acquistare-adderall-30-mg-online","12":"product_tag-ordine-adderall-30-mg-online","14":"first","15":"instock","16":"shipping-taxable","17":"purchasable","18":"product-type-variable","19":"has-default-attributes"},"yoast_head":"<!-- This site is optimized with the Yoast SEO Premium plugin v19.2 (Yoast SEO v27.3) - https:\/\/yoast.com\/product\/yoast-seo-premium-wordpress\/ -->\n<title>Acquista pillole Adderall online - Everyday Chem Shop<\/title>\n<meta name=\"description\" content=\"Acquista pillole Adderall online. Se stai cercando come acquistare le pillole Adderall online, allora sei nel posto giusto per acquistare le pillole Adderall online.\" \/>\n<meta name=\"robots\" content=\"index, follow, max-snippet:-1, max-image-preview:large, max-video-preview:-1\" \/>\n<link rel=\"canonical\" href=\"https:\/\/everydaychemshop.com\/it\/product\/comprare-adderall-pillole-online\/\" \/>\n<meta property=\"og:locale\" content=\"en_US\" \/>\n<meta property=\"og:type\" content=\"article\" \/>\n<meta property=\"og:title\" content=\"Pillole Adderall\" \/>\n<meta property=\"og:description\" content=\"Acquista pillole Adderall online. Se stai cercando come acquistare le pillole Adderall online, allora sei nel posto giusto per acquistare le pillole Adderall online.\" \/>\n<meta property=\"og:url\" content=\"https:\/\/everydaychemshop.com\/it\/product\/comprare-adderall-pillole-online\/\" \/>\n<meta property=\"og:site_name\" content=\"Everyday Chem Shop\" \/>\n<meta property=\"article:modified_time\" content=\"2023-04-06T22:43:49+00:00\" \/>\n<meta property=\"og:image\" content=\"https:\/\/everydaychemshop.com\/it\/wp-content\/uploads\/sites\/6\/2022\/11\/Buy-Adderall-30-MG.jpg\" \/>\n\t<meta property=\"og:image:width\" content=\"1200\" \/>\n\t<meta property=\"og:image:height\" content=\"1200\" \/>\n\t<meta property=\"og:image:type\" content=\"image\/jpeg\" \/>\n<meta name=\"twitter:card\" content=\"summary_large_image\" \/>\n<meta name=\"twitter:label1\" content=\"Est. reading time\" \/>\n\t<meta name=\"twitter:data1\" content=\"4 minutes\" \/>\n<script type=\"application\/ld+json\" class=\"yoast-schema-graph\">{\"@context\":\"https:\\\/\\\/schema.org\",\"@graph\":[{\"@type\":\"WebPage\",\"@id\":\"https:\\\/\\\/everydaychemshop.com\\\/it\\\/product\\\/comprare-adderall-pillole-online\\\/\",\"url\":\"https:\\\/\\\/everydaychemshop.com\\\/it\\\/product\\\/comprare-adderall-pillole-online\\\/\",\"name\":\"Acquista pillole Adderall online - Everyday Chem Shop\",\"isPartOf\":{\"@id\":\"https:\\\/\\\/everydaychemshop.com\\\/it\\\/#website\"},\"primaryImageOfPage\":{\"@id\":\"https:\\\/\\\/everydaychemshop.com\\\/it\\\/product\\\/comprare-adderall-pillole-online\\\/#primaryimage\"},\"image\":{\"@id\":\"https:\\\/\\\/everydaychemshop.com\\\/it\\\/product\\\/comprare-adderall-pillole-online\\\/#primaryimage\"},\"thumbnailUrl\":\"https:\\\/\\\/everydaychemshop.com\\\/it\\\/wp-content\\\/uploads\\\/sites\\\/6\\\/2022\\\/11\\\/Buy-Adderall-30-MG.jpg\",\"datePublished\":\"2022-11-16T09:43:44+00:00\",\"dateModified\":\"2023-04-06T22:43:49+00:00\",\"description\":\"Acquista pillole Adderall online. Se stai cercando come acquistare le pillole Adderall online, allora sei nel posto giusto per acquistare le pillole Adderall online.\",\"breadcrumb\":{\"@id\":\"https:\\\/\\\/everydaychemshop.com\\\/it\\\/product\\\/comprare-adderall-pillole-online\\\/#breadcrumb\"},\"inLanguage\":\"en-US\",\"potentialAction\":[{\"@type\":\"ReadAction\",\"target\":[\"https:\\\/\\\/everydaychemshop.com\\\/it\\\/product\\\/comprare-adderall-pillole-online\\\/\"]}]},{\"@type\":\"ImageObject\",\"inLanguage\":\"en-US\",\"@id\":\"https:\\\/\\\/everydaychemshop.com\\\/it\\\/product\\\/comprare-adderall-pillole-online\\\/#primaryimage\",\"url\":\"https:\\\/\\\/everydaychemshop.com\\\/it\\\/wp-content\\\/uploads\\\/sites\\\/6\\\/2022\\\/11\\\/Buy-Adderall-30-MG.jpg\",\"contentUrl\":\"https:\\\/\\\/everydaychemshop.com\\\/it\\\/wp-content\\\/uploads\\\/sites\\\/6\\\/2022\\\/11\\\/Buy-Adderall-30-MG.jpg\",\"width\":1200,\"height\":1200,\"caption\":\"Acquista pillole Adderall online\"},{\"@type\":\"BreadcrumbList\",\"@id\":\"https:\\\/\\\/everydaychemshop.com\\\/it\\\/product\\\/comprare-adderall-pillole-online\\\/#breadcrumb\",\"itemListElement\":[{\"@type\":\"ListItem\",\"position\":1,\"name\":\"Home\",\"item\":\"https:\\\/\\\/everydaychemshop.com\\\/it\\\/\"},{\"@type\":\"ListItem\",\"position\":2,\"name\":\"Prodotti\",\"item\":\"https:\\\/\\\/everydaychemshop.com\\\/it\\\/prodotti\\\/\"},{\"@type\":\"ListItem\",\"position\":3,\"name\":\"Pillole Adderall\"}]},{\"@type\":\"WebSite\",\"@id\":\"https:\\\/\\\/everydaychemshop.com\\\/it\\\/#website\",\"url\":\"https:\\\/\\\/everydaychemshop.com\\\/it\\\/\",\"name\":\"Everyday Chem Shop\",\"description\":\"\",\"potentialAction\":[{\"@type\":\"SearchAction\",\"target\":{\"@type\":\"EntryPoint\",\"urlTemplate\":\"https:\\\/\\\/everydaychemshop.com\\\/it\\\/?s={search_term_string}\"},\"query-input\":{\"@type\":\"PropertyValueSpecification\",\"valueRequired\":true,\"valueName\":\"search_term_string\"}}],\"inLanguage\":\"en-US\"}]}<\/script>\n<!-- \/ Yoast SEO Premium plugin. -->","yoast_head_json":{"title":"Acquista pillole Adderall online - Everyday Chem Shop","description":"Acquista pillole Adderall online. Se stai cercando come acquistare le pillole Adderall online, allora sei nel posto giusto per acquistare le pillole Adderall online.","robots":{"index":"index","follow":"follow","max-snippet":"max-snippet:-1","max-image-preview":"max-image-preview:large","max-video-preview":"max-video-preview:-1"},"canonical":"https:\/\/everydaychemshop.com\/it\/product\/comprare-adderall-pillole-online\/","og_locale":"en_US","og_type":"article","og_title":"Pillole Adderall","og_description":"Acquista pillole Adderall online. Se stai cercando come acquistare le pillole Adderall online, allora sei nel posto giusto per acquistare le pillole Adderall online.","og_url":"https:\/\/everydaychemshop.com\/it\/product\/comprare-adderall-pillole-online\/","og_site_name":"Everyday Chem Shop","article_modified_time":"2023-04-06T22:43:49+00:00","og_image":[{"width":1200,"height":1200,"url":"https:\/\/everydaychemshop.com\/it\/wp-content\/uploads\/sites\/6\/2022\/11\/Buy-Adderall-30-MG.jpg","type":"image\/jpeg"}],"twitter_card":"summary_large_image","twitter_misc":{"Est. reading time":"4 minutes"},"schema":{"@context":"https:\/\/schema.org","@graph":[{"@type":"WebPage","@id":"https:\/\/everydaychemshop.com\/it\/product\/comprare-adderall-pillole-online\/","url":"https:\/\/everydaychemshop.com\/it\/product\/comprare-adderall-pillole-online\/","name":"Acquista pillole Adderall online - Everyday Chem Shop","isPartOf":{"@id":"https:\/\/everydaychemshop.com\/it\/#website"},"primaryImageOfPage":{"@id":"https:\/\/everydaychemshop.com\/it\/product\/comprare-adderall-pillole-online\/#primaryimage"},"image":{"@id":"https:\/\/everydaychemshop.com\/it\/product\/comprare-adderall-pillole-online\/#primaryimage"},"thumbnailUrl":"https:\/\/everydaychemshop.com\/it\/wp-content\/uploads\/sites\/6\/2022\/11\/Buy-Adderall-30-MG.jpg","datePublished":"2022-11-16T09:43:44+00:00","dateModified":"2023-04-06T22:43:49+00:00","description":"Acquista pillole Adderall online. Se stai cercando come acquistare le pillole Adderall online, allora sei nel posto giusto per acquistare le pillole Adderall online.","breadcrumb":{"@id":"https:\/\/everydaychemshop.com\/it\/product\/comprare-adderall-pillole-online\/#breadcrumb"},"inLanguage":"en-US","potentialAction":[{"@type":"ReadAction","target":["https:\/\/everydaychemshop.com\/it\/product\/comprare-adderall-pillole-online\/"]}]},{"@type":"ImageObject","inLanguage":"en-US","@id":"https:\/\/everydaychemshop.com\/it\/product\/comprare-adderall-pillole-online\/#primaryimage","url":"https:\/\/everydaychemshop.com\/it\/wp-content\/uploads\/sites\/6\/2022\/11\/Buy-Adderall-30-MG.jpg","contentUrl":"https:\/\/everydaychemshop.com\/it\/wp-content\/uploads\/sites\/6\/2022\/11\/Buy-Adderall-30-MG.jpg","width":1200,"height":1200,"caption":"Acquista pillole Adderall online"},{"@type":"BreadcrumbList","@id":"https:\/\/everydaychemshop.com\/it\/product\/comprare-adderall-pillole-online\/#breadcrumb","itemListElement":[{"@type":"ListItem","position":1,"name":"Home","item":"https:\/\/everydaychemshop.com\/it\/"},{"@type":"ListItem","position":2,"name":"Prodotti","item":"https:\/\/everydaychemshop.com\/it\/prodotti\/"},{"@type":"ListItem","position":3,"name":"Pillole Adderall"}]},{"@type":"WebSite","@id":"https:\/\/everydaychemshop.com\/it\/#website","url":"https:\/\/everydaychemshop.com\/it\/","name":"Everyday Chem Shop","description":"","potentialAction":[{"@type":"SearchAction","target":{"@type":"EntryPoint","urlTemplate":"https:\/\/everydaychemshop.com\/it\/?s={search_term_string}"},"query-input":{"@type":"PropertyValueSpecification","valueRequired":true,"valueName":"search_term_string"}}],"inLanguage":"en-US"}]}},"_links":{"self":[{"href":"https:\/\/everydaychemshop.com\/it\/wp-json\/wp\/v2\/product\/7666","targetHints":{"allow":["GET"]}}],"collection":[{"href":"https:\/\/everydaychemshop.com\/it\/wp-json\/wp\/v2\/product"}],"about":[{"href":"https:\/\/everydaychemshop.com\/it\/wp-json\/wp\/v2\/types\/product"}],"replies":[{"embeddable":true,"href":"https:\/\/everydaychemshop.com\/it\/wp-json\/wp\/v2\/comments?post=7666"}],"wp:featuredmedia":[{"embeddable":true,"href":"https:\/\/everydaychemshop.com\/it\/wp-json\/wp\/v2\/media\/7692"}],"wp:attachment":[{"href":"https:\/\/everydaychemshop.com\/it\/wp-json\/wp\/v2\/media?parent=7666"}],"wp:term":[{"taxonomy":"product_brand","embeddable":true,"href":"https:\/\/everydaychemshop.com\/it\/wp-json\/wp\/v2\/product_brand?post=7666"},{"taxonomy":"product_cat","embeddable":true,"href":"https:\/\/everydaychemshop.com\/it\/wp-json\/wp\/v2\/product_cat?post=7666"},{"taxonomy":"product_tag","embeddable":true,"href":"https:\/\/everydaychemshop.com\/it\/wp-json\/wp\/v2\/product_tag?post=7666"}],"curies":[{"name":"wp","href":"https:\/\/api.w.org\/{rel}","templated":true}]}}