{"id":7746,"date":"2022-11-16T09:45:59","date_gmt":"2022-11-16T09:45:59","guid":{"rendered":"https:\/\/everydaychemshop.com\/it\/?post_type=product&#038;p=7746"},"modified":"2023-04-06T22:29:14","modified_gmt":"2023-04-06T22:29:14","slug":"acquistare-metilone-online","status":"publish","type":"product","link":"https:\/\/everydaychemshop.com\/it\/product\/acquistare-metilone-online\/","title":{"rendered":"Metilone"},"content":{"rendered":"<h1>Acquista cristallo di metilone online<\/h1>\n<p><a href=\"https:\/\/everydaychemshop.com\/it\/product\/acquistare-metilone-online\/\">Acquista cristallo di metilone online<\/a>. Acquista Methylone economico (Bk-MDMA) online &#8211; Droga globale Offriamo polvere Bk-MDMA a basso costo e <em>cristalli<\/em>\u00a0nel Regno Unito,<br \/>\nEuropa, Germania, Russia, Stati Uniti che sono di altissima qualit\u00e0. p&gt;<\/p>\n<p>Ethylone\u00a0<em>Cristallo<\/em>\u00a0BK-ebdp 4-CMC\u00a0<em>Cristallo<\/em>\u00a03-CMC\u00a0<em>Cristallo<\/em>\u00a04CMC\u00a0<em>Cristallo<\/em>\u00a04- BMC,\u00a0<em>crystal<\/em>\u00a0Mefedrone 4mmc MDPV\u00a0<em>Metilone<\/em>\u00a0(bk-MDMA)<\/p>\n<p>Il metilone \u00e8 una droga chimica molto simile\u00a0nella struttura all&#8217;MDMA e ha effetti comparabili .<\/p>\n<p>Il metilone \u00e8 uno stimolante con un lieve effetto allucinogeno. Poich\u00e9 \u00e8 una sostanza relativamente nuova, si chiama sostanza chimica di ricerca. Si raccomanda di trattare il metilone con cautela: a causa della sua breve esistenza non sono state condotte molte ricerche e non si sa molto sugli effetti a lungo termine o sui tassi di dipendenza.<\/p>\n<p>Di solito viene offerto sotto forma di polvere, ma le pillole lo sono anche in circolazione. Come per l&#8217;XTC, queste compresse possono differire per dimensioni, colore e forza.<\/p>\n<p>Il metilone pu\u00f2 essere acquistato da\u00a0First Trust Chemical\u00a0in una qualsiasi delle tre\u00a0forme: cristalli grandi (i nostri pi\u00f9 popolari), polvere farmaceutica fine o piccoli cristalli . Si prega di consultare il nostro elenco di altri ottimi prodotti disponibili ora. First Trust Chemical \u00e8 il tuo fornitore di prodotti di alta qualit\u00e0 e puoi\u00a0acquistare <a href=\"https:\/\/it.wikipedia.org\/wiki\/Metilone\">ora<\/a>.<\/p>\n<h3>IL TUO ACCOUNT SAR\u00c0 TRATTATO CON CURA PER ACQUISTARE METHYLONE<\/h3>\n<p>Tutte le richieste di vendita sono mantenute riservate. Quando diventi un cliente, le informazioni del tuo account non vengono mai condivise o distribuite. Potremmo farti delle domande prima di procedere con la vendita da te richiesta, ma questo \u00e8 per la tua sicurezza. First Trust Chemical vuole essere conosciuta solo per l&#8217;alta qualit\u00e0 e la soddisfazione del cliente.<\/p>\n<p>Una volta che il tuo acquisto \u00e8 stato approvato da First Trust Chemical, acquista . La tua consegna \u00e8 garantita. Non promettiamo la vendita di alcun ordine che non possiamo consegnare.<\/p>\n<p>Il metilone \u00e8 un farmaco chimico che \u00e8 molto simile nella struttura all&#8217;MDMA e ha effetti comparabili. \u00e8 uno stimolante con un lieve effetto allucinogeno. Poich\u00e9 \u00e8 una sostanza relativamente nuova, si chiama sostanza chimica di ricerca. Si raccomanda di trattare il metilone con cautela: a causa della sua breve esistenza non sono state condotte molte ricerche e non si sa molto sugli effetti a lungo termine o sui tassi di dipendenza.<\/p>\n<p>Di solito viene offerto sotto forma di polvere, ma le pillole lo sono anche in circolazione. Come con XTC, queste compresse possono differire per dimensioni, colore e forza.<\/p>\n<p><strong>Sai dove acquistare Methylone?<\/strong><\/p>\n<p>Methylone in vendita, Methylone street valore, dosaggio di metilone, come produrre metilone, dove posso acquistare metilone online, dove trovare metilone, cos&#8217;\u00e8 metilone, metilone di qualit\u00e0 premium in vendita. Tutte queste domande senza risposta possono ottenere le loro risposte attraverso di noi. Devi solo visitare il nostro sito Web e otterrai le risposte su come e dove puoi acquistare Methylone online.<\/p>\n<p>E il Methylone? Sai anche dove trovare Methylone in vendita online? comprare Methylone in vendita, come fare Methylone, che aspetto ha Methylone, Methylone street price, Methylone price, dove acquistare Methylone, Methylone puro, dove posso acquistare Methylone online, comprare Methylone puro online.<\/p>\n<p>Methylone di buona qualit\u00e0 online: \u00e8 del tutto chiaro che le persone non si fidano rapidamente della qualit\u00e0 del Methylone online venduto online perch\u00e9 non possono esaminarlo fisicamente. Ma non \u00e8 la stessa cosa con i fornitori online di Methylone online. I prodotti qui sono fedeli alla loro descrizione con una manutenzione di alta qualit\u00e0 eseguita sotto la supervisione degli esperti.<\/p>\n<p>Fast &amp; Spedizione discreta: la consegna del Methylone online dopo aver ricevuto l&#8217;ordine viene effettuata entro i tempi promessi. Il team di spedizione si impegna al massimo per rendere la procedura di spedizione e consegna agevole e veloce. Puoi anche aspettarti servizi eccellenti quando acquisti Methylone online dal professionista sulla piattaforma online.<\/p>\n","protected":false},"excerpt":{"rendered":"<p>Il metilone \u00e8 uno stimolante con un lieve effetto allucinogeno. Poich\u00e9 \u00e8 una sostanza relativamente nuova, si chiama sostanza chimica di ricerca. Si raccomanda di trattare il metilone con cautela: a causa della sua breve esistenza non sono state condotte molte ricerche e non si sa molto sugli effetti a lungo termine o sui tassi di dipendenza.<\/p>\n","protected":false},"featured_media":7773,"comment_status":"open","ping_status":"closed","template":"","meta":{"inline_featured_image":false},"product_brand":[],"product_cat":[264],"product_tag":[324,325,330,327,326,328],"class_list":{"0":"post-7746","1":"product","2":"type-product","3":"status-publish","4":"has-post-thumbnail","6":"product_cat-ricerca-chimica","7":"product_tag-acquistare-metilone-online","8":"product_tag-come-acquistare-metilone-online","9":"product_tag-dove-acquistare-methylone-online","10":"product_tag-methylone-for-sale","11":"product_tag-metilone","12":"product_tag-order-methylone-online","14":"first","15":"instock","16":"shipping-taxable","17":"purchasable","18":"product-type-variable","19":"has-default-attributes"},"yoast_head":"<!-- This site is optimized with the Yoast SEO Premium plugin v19.2 (Yoast SEO v27.3) - https:\/\/yoast.com\/product\/yoast-seo-premium-wordpress\/ -->\n<title>Acquista cristallo di metilone online - Everyday Chem Shop<\/title>\n<meta name=\"description\" content=\"Acquista cristallo di metilone online. Se stai cercando come acquistare Methylone online, allora sei nel posto giusto per acquistare Methylone online.\" \/>\n<meta name=\"robots\" content=\"index, follow, max-snippet:-1, max-image-preview:large, max-video-preview:-1\" \/>\n<link rel=\"canonical\" href=\"https:\/\/everydaychemshop.com\/it\/product\/acquistare-metilone-online\/\" \/>\n<meta property=\"og:locale\" content=\"en_US\" \/>\n<meta property=\"og:type\" content=\"article\" \/>\n<meta property=\"og:title\" content=\"Metilone\" \/>\n<meta property=\"og:description\" content=\"Acquista cristallo di metilone online. Se stai cercando come acquistare Methylone online, allora sei nel posto giusto per acquistare Methylone online.\" \/>\n<meta property=\"og:url\" content=\"https:\/\/everydaychemshop.com\/it\/product\/acquistare-metilone-online\/\" \/>\n<meta property=\"og:site_name\" content=\"Everyday Chem Shop\" \/>\n<meta property=\"article:modified_time\" content=\"2023-04-06T22:29:14+00:00\" \/>\n<meta property=\"og:image\" content=\"https:\/\/everydaychemshop.com\/it\/wp-content\/uploads\/sites\/6\/2022\/11\/Buy-METHYLONE-CRYSTAL.jpg\" \/>\n\t<meta property=\"og:image:width\" content=\"1200\" \/>\n\t<meta property=\"og:image:height\" content=\"1200\" \/>\n\t<meta property=\"og:image:type\" content=\"image\/jpeg\" \/>\n<meta name=\"twitter:card\" content=\"summary_large_image\" \/>\n<meta name=\"twitter:label1\" content=\"Est. reading time\" \/>\n\t<meta name=\"twitter:data1\" content=\"3 minutes\" \/>\n<script type=\"application\/ld+json\" class=\"yoast-schema-graph\">{\"@context\":\"https:\\\/\\\/schema.org\",\"@graph\":[{\"@type\":\"WebPage\",\"@id\":\"https:\\\/\\\/everydaychemshop.com\\\/it\\\/product\\\/acquistare-metilone-online\\\/\",\"url\":\"https:\\\/\\\/everydaychemshop.com\\\/it\\\/product\\\/acquistare-metilone-online\\\/\",\"name\":\"Acquista cristallo di metilone online - Everyday Chem Shop\",\"isPartOf\":{\"@id\":\"https:\\\/\\\/everydaychemshop.com\\\/it\\\/#website\"},\"primaryImageOfPage\":{\"@id\":\"https:\\\/\\\/everydaychemshop.com\\\/it\\\/product\\\/acquistare-metilone-online\\\/#primaryimage\"},\"image\":{\"@id\":\"https:\\\/\\\/everydaychemshop.com\\\/it\\\/product\\\/acquistare-metilone-online\\\/#primaryimage\"},\"thumbnailUrl\":\"https:\\\/\\\/everydaychemshop.com\\\/it\\\/wp-content\\\/uploads\\\/sites\\\/6\\\/2022\\\/11\\\/Buy-METHYLONE-CRYSTAL.jpg\",\"datePublished\":\"2022-11-16T09:45:59+00:00\",\"dateModified\":\"2023-04-06T22:29:14+00:00\",\"description\":\"Acquista cristallo di metilone online. Se stai cercando come acquistare Methylone online, allora sei nel posto giusto per acquistare Methylone online.\",\"breadcrumb\":{\"@id\":\"https:\\\/\\\/everydaychemshop.com\\\/it\\\/product\\\/acquistare-metilone-online\\\/#breadcrumb\"},\"inLanguage\":\"en-US\",\"potentialAction\":[{\"@type\":\"ReadAction\",\"target\":[\"https:\\\/\\\/everydaychemshop.com\\\/it\\\/product\\\/acquistare-metilone-online\\\/\"]}]},{\"@type\":\"ImageObject\",\"inLanguage\":\"en-US\",\"@id\":\"https:\\\/\\\/everydaychemshop.com\\\/it\\\/product\\\/acquistare-metilone-online\\\/#primaryimage\",\"url\":\"https:\\\/\\\/everydaychemshop.com\\\/it\\\/wp-content\\\/uploads\\\/sites\\\/6\\\/2022\\\/11\\\/Buy-METHYLONE-CRYSTAL.jpg\",\"contentUrl\":\"https:\\\/\\\/everydaychemshop.com\\\/it\\\/wp-content\\\/uploads\\\/sites\\\/6\\\/2022\\\/11\\\/Buy-METHYLONE-CRYSTAL.jpg\",\"width\":1200,\"height\":1200,\"caption\":\"Acquista cristallo di metilone online\"},{\"@type\":\"BreadcrumbList\",\"@id\":\"https:\\\/\\\/everydaychemshop.com\\\/it\\\/product\\\/acquistare-metilone-online\\\/#breadcrumb\",\"itemListElement\":[{\"@type\":\"ListItem\",\"position\":1,\"name\":\"Home\",\"item\":\"https:\\\/\\\/everydaychemshop.com\\\/it\\\/\"},{\"@type\":\"ListItem\",\"position\":2,\"name\":\"Prodotti\",\"item\":\"https:\\\/\\\/everydaychemshop.com\\\/it\\\/prodotti\\\/\"},{\"@type\":\"ListItem\",\"position\":3,\"name\":\"Metilone\"}]},{\"@type\":\"WebSite\",\"@id\":\"https:\\\/\\\/everydaychemshop.com\\\/it\\\/#website\",\"url\":\"https:\\\/\\\/everydaychemshop.com\\\/it\\\/\",\"name\":\"Everyday Chem Shop\",\"description\":\"\",\"potentialAction\":[{\"@type\":\"SearchAction\",\"target\":{\"@type\":\"EntryPoint\",\"urlTemplate\":\"https:\\\/\\\/everydaychemshop.com\\\/it\\\/?s={search_term_string}\"},\"query-input\":{\"@type\":\"PropertyValueSpecification\",\"valueRequired\":true,\"valueName\":\"search_term_string\"}}],\"inLanguage\":\"en-US\"}]}<\/script>\n<!-- \/ Yoast SEO Premium plugin. -->","yoast_head_json":{"title":"Acquista cristallo di metilone online - Everyday Chem Shop","description":"Acquista cristallo di metilone online. Se stai cercando come acquistare Methylone online, allora sei nel posto giusto per acquistare Methylone online.","robots":{"index":"index","follow":"follow","max-snippet":"max-snippet:-1","max-image-preview":"max-image-preview:large","max-video-preview":"max-video-preview:-1"},"canonical":"https:\/\/everydaychemshop.com\/it\/product\/acquistare-metilone-online\/","og_locale":"en_US","og_type":"article","og_title":"Metilone","og_description":"Acquista cristallo di metilone online. Se stai cercando come acquistare Methylone online, allora sei nel posto giusto per acquistare Methylone online.","og_url":"https:\/\/everydaychemshop.com\/it\/product\/acquistare-metilone-online\/","og_site_name":"Everyday Chem Shop","article_modified_time":"2023-04-06T22:29:14+00:00","og_image":[{"width":1200,"height":1200,"url":"https:\/\/everydaychemshop.com\/it\/wp-content\/uploads\/sites\/6\/2022\/11\/Buy-METHYLONE-CRYSTAL.jpg","type":"image\/jpeg"}],"twitter_card":"summary_large_image","twitter_misc":{"Est. reading time":"3 minutes"},"schema":{"@context":"https:\/\/schema.org","@graph":[{"@type":"WebPage","@id":"https:\/\/everydaychemshop.com\/it\/product\/acquistare-metilone-online\/","url":"https:\/\/everydaychemshop.com\/it\/product\/acquistare-metilone-online\/","name":"Acquista cristallo di metilone online - Everyday Chem Shop","isPartOf":{"@id":"https:\/\/everydaychemshop.com\/it\/#website"},"primaryImageOfPage":{"@id":"https:\/\/everydaychemshop.com\/it\/product\/acquistare-metilone-online\/#primaryimage"},"image":{"@id":"https:\/\/everydaychemshop.com\/it\/product\/acquistare-metilone-online\/#primaryimage"},"thumbnailUrl":"https:\/\/everydaychemshop.com\/it\/wp-content\/uploads\/sites\/6\/2022\/11\/Buy-METHYLONE-CRYSTAL.jpg","datePublished":"2022-11-16T09:45:59+00:00","dateModified":"2023-04-06T22:29:14+00:00","description":"Acquista cristallo di metilone online. Se stai cercando come acquistare Methylone online, allora sei nel posto giusto per acquistare Methylone online.","breadcrumb":{"@id":"https:\/\/everydaychemshop.com\/it\/product\/acquistare-metilone-online\/#breadcrumb"},"inLanguage":"en-US","potentialAction":[{"@type":"ReadAction","target":["https:\/\/everydaychemshop.com\/it\/product\/acquistare-metilone-online\/"]}]},{"@type":"ImageObject","inLanguage":"en-US","@id":"https:\/\/everydaychemshop.com\/it\/product\/acquistare-metilone-online\/#primaryimage","url":"https:\/\/everydaychemshop.com\/it\/wp-content\/uploads\/sites\/6\/2022\/11\/Buy-METHYLONE-CRYSTAL.jpg","contentUrl":"https:\/\/everydaychemshop.com\/it\/wp-content\/uploads\/sites\/6\/2022\/11\/Buy-METHYLONE-CRYSTAL.jpg","width":1200,"height":1200,"caption":"Acquista cristallo di metilone online"},{"@type":"BreadcrumbList","@id":"https:\/\/everydaychemshop.com\/it\/product\/acquistare-metilone-online\/#breadcrumb","itemListElement":[{"@type":"ListItem","position":1,"name":"Home","item":"https:\/\/everydaychemshop.com\/it\/"},{"@type":"ListItem","position":2,"name":"Prodotti","item":"https:\/\/everydaychemshop.com\/it\/prodotti\/"},{"@type":"ListItem","position":3,"name":"Metilone"}]},{"@type":"WebSite","@id":"https:\/\/everydaychemshop.com\/it\/#website","url":"https:\/\/everydaychemshop.com\/it\/","name":"Everyday Chem Shop","description":"","potentialAction":[{"@type":"SearchAction","target":{"@type":"EntryPoint","urlTemplate":"https:\/\/everydaychemshop.com\/it\/?s={search_term_string}"},"query-input":{"@type":"PropertyValueSpecification","valueRequired":true,"valueName":"search_term_string"}}],"inLanguage":"en-US"}]}},"_links":{"self":[{"href":"https:\/\/everydaychemshop.com\/it\/wp-json\/wp\/v2\/product\/7746","targetHints":{"allow":["GET"]}}],"collection":[{"href":"https:\/\/everydaychemshop.com\/it\/wp-json\/wp\/v2\/product"}],"about":[{"href":"https:\/\/everydaychemshop.com\/it\/wp-json\/wp\/v2\/types\/product"}],"replies":[{"embeddable":true,"href":"https:\/\/everydaychemshop.com\/it\/wp-json\/wp\/v2\/comments?post=7746"}],"wp:featuredmedia":[{"embeddable":true,"href":"https:\/\/everydaychemshop.com\/it\/wp-json\/wp\/v2\/media\/7773"}],"wp:attachment":[{"href":"https:\/\/everydaychemshop.com\/it\/wp-json\/wp\/v2\/media?parent=7746"}],"wp:term":[{"taxonomy":"product_brand","embeddable":true,"href":"https:\/\/everydaychemshop.com\/it\/wp-json\/wp\/v2\/product_brand?post=7746"},{"taxonomy":"product_cat","embeddable":true,"href":"https:\/\/everydaychemshop.com\/it\/wp-json\/wp\/v2\/product_cat?post=7746"},{"taxonomy":"product_tag","embeddable":true,"href":"https:\/\/everydaychemshop.com\/it\/wp-json\/wp\/v2\/product_tag?post=7746"}],"curies":[{"name":"wp","href":"https:\/\/api.w.org\/{rel}","templated":true}]}}