{"id":7762,"date":"2022-11-16T09:46:33","date_gmt":"2022-11-16T09:46:33","guid":{"rendered":"https:\/\/everydaychemshop.com\/it\/?post_type=product&#038;p=7762"},"modified":"2023-04-06T22:25:02","modified_gmt":"2023-04-06T22:25:02","slug":"acquista-jwh-250-online","status":"publish","type":"product","link":"https:\/\/everydaychemshop.com\/it\/product\/acquista-jwh-250-online\/","title":{"rendered":"JWH-250"},"content":{"rendered":"<h1>Acquista la polvere JWH-250 online<\/h1>\n<p><a href=\"https:\/\/everydaychemshop.com\/it\/product\/acquista-jwh-250-online\/\">Acquista la polvere JWH-250 online<\/a>. JWH-250 \u00e8 un agonista del recettore dei cannabinoidi fabbricato che \u00e8 stato identificato negli articoli dall&#8217;ultima parte degli anni 2000. \u00c8 stato creato dal Dr. John W. Huffman e un rapporto su di esso \u00e8 stato distribuito nel 2005 da Huffman et al Purchase JWH-250 sul web.<\/p>\n<p>Il farmaco \u00e8 un fenilacetilindolo e funziona come un agonista ai recettori CB1 e CB2. Ha <a href=\"https:\/\/en.wikipedia.org\/wiki\/JWH-250\">una<\/a> parzialit\u00e0 di ~11 nM a CB1 e ~33 nM a CB2.<\/p>\n<p>Un paio di anni dopo che \u00e8 stato citato per la prima volta in scrittura, JWH-250 \u00e8 arrivato sul mercato, con l&#8217;identificazione primaria proveniente dalla polizia tedesca nel maggio 2009. Hanno scoperto il farmaco in una miscela naturale per il fumo. Acquista JWH-250 sul web<\/p>\n<p>\u00c8 stato riconosciuto anche in polveri e combinazioni vendute via web agli analisti in Giappone. Questi esempi contenevano 77-165 mg per ogni articolo.<\/p>\n<p>A causa del modo in cui \u00e8 stato venduto, quasi certamente, le persone sono entrate in contatto con JWH-250 senza riconoscerlo.<\/p>\n<p>Massa molare: 335,439 g\/mol<\/p>\n<p>ChEMBL Id: 188031<\/p>\n<p>ChemSpider ID: 23256117<\/p>\n<p>PubChem CID: 44397540<\/p>\n<p>Ricetta: C22H25NO2<\/p>\n<p><strong>Sai dove acquistare JWH-250?<\/strong><\/p>\n<p>JWH-250 in vendita, JWH-250 street value, JWH-250 dosaggio, come per fare JWH-250, dove posso JWH-250 online, dove trovare JWH-250, cos&#8217;\u00e8 JWH-250, qualit\u00e0 Premium JWH-250 in vendita. Tutte queste domande senza risposta possono ottenere le loro risposte attraverso di noi. Devi solo visitare il nostro sito Web e otterrai le risposte su come e dove puoi acquistare JWH-250 online.<\/p>\n<p>E JWH-250? Sai anche dove trovare JWH-250 in vendita online? acquistare JWH-250 in vendita, come realizzare JWH-250, che aspetto ha JWH-250, prezzo di strada JWH-250, prezzo JWH-250, dove acquistare JWH-250, puro JWH-250, dove posso acquistare JWH -250 online, acquista puro JWH-250 online.<\/p>\n<p>Buona qualit\u00e0 JWH-250 online: \u00e8 completamente chiaro che le persone non si fidano rapidamente della qualit\u00e0 del JWH-250 venduto online perch\u00e9 non possono esaminarlo fisicamente. Ma non \u00e8 la stessa cosa con i fornitori online JWH-250 online. I prodotti qui sono fedeli alla loro descrizione con una manutenzione di alta qualit\u00e0 eseguita sotto la supervisione degli esperti.<\/p>\n<p>Fast &amp; Spedizione discreta: la consegna del JWH-250 online dopo aver ricevuto l&#8217;ordine viene effettuata entro i tempi promessi. Il team di spedizione si impegna al massimo per rendere la procedura di spedizione e consegna agevole e veloce. Puoi anche aspettarti servizi eccellenti quando acquisti JWH-250 online dal professionista sulla piattaforma online.<\/p>\n","protected":false},"excerpt":{"rendered":"<p>Acquista\u00a0<a href=\"https:\/\/en.wikipedia.org\/wiki\/JWH-250\">JWH-250<\/a>\u00a0sul Web. JWH-250 \u00e8 un agonista del recettore dei cannabinoidi fabbricato che \u00e8 stato identificato negli articoli dall&#8217;ultima parte degli anni 2000. \u00c8 stato creato dal Dr. John W. Huffman e un rapporto su di esso \u00e8 stato distribuito nel 2005 da Huffman et al Purchase JWH-250 sul web.<\/p>\n","protected":false},"featured_media":7790,"comment_status":"open","ping_status":"closed","template":"","meta":{"inline_featured_image":false},"product_brand":[],"product_cat":[264],"product_tag":[352,347,350,349,348,375,370,377,351,353,346,372,374,376,362,373,357,354,355,383,384,385,386,382,358,360,356,361,359,381,366,367,368,369,380,345,378,379,364,365,363],"class_list":{"0":"post-7762","1":"product","2":"type-product","3":"status-publish","4":"has-post-thumbnail","6":"product_cat-ricerca-chimica","7":"product_tag-acquista-modest-jwh-250-online","8":"product_tag-compra-jwh-250-a-prezzi-accessibili","9":"product_tag-acquista-legit-jwh-250-per-la-vendita-pagina-web","10":"product_tag-acquista-jwh-250-online","11":"product_tag-compra-jwh-250-per-uso-personale","12":"product_tag-acquisto-jwh-250-sul-web","13":"product_tag-acquisto-genuino-jwh-250-disponibile-per-essere-acquistato-pagina","14":"product_tag-acquisto-modesto-jwh-250","15":"product_tag-acquista-modest-jwh-250-per-impianto-uso","16":"product_tag-acquista-modest-mefedrone-online","17":"product_tag-compra-jwh-250","18":"product_tag-acquisto-jwh-250-a-valore-modesto","19":"product_tag-acquisto-jwh-250-per-uso-individuale","20":"product_tag-acquisto-messa-jwh-250","21":"product_tag-jwh-250-acquisto","22":"product_tag-acquisto-jwh-250-disponibile-per-essere-acquistato","23":"product_tag-jwh-250-affare","24":"product_tag-come-acquistare-a-buon-mercato-jwh-250-spedizione-in-tutto-il-mondo","25":"product_tag-how-to-buy-modest-jwh-250-worldwide-dispatching","26":"product_tag-dove-acquistare-jwh-250","27":"product_tag-dove-acquistare-jwh-250per-uso-individuale","28":"product_tag-dove-acquistare-modest-jwh-250-shop","29":"product_tag-dove-potrei-acquistare-jwh-250","30":"product_tag-dove-trovare-jwh-250-disponibile-per-essere-acquistato","31":"product_tag-jwh-250-droga-in-vendita","32":"product_tag-jwh-250-medicinali-disponibili-per-essere-acquistati","33":"product_tag-jwh-250-disponibile-per-essere-acquistato","34":"product_tag-jwh-250-nutrimento-per-piante-in-vendita","35":"product_tag-jwh-250-in-vendita","36":"product_tag-puro-jwh-250","37":"product_tag-jwh-250-store","38":"product_tag-jwh-250-where-to-purchase","39":"product_tag-jwh-250-wholesale","40":"product_tag-mjwh-250-providers","41":"product_tag-negozio-jwh-250","42":"product_tag-miglior-punto-per-acquistare-jwh-250","43":"product_tag-qualit-jwh-250-disponibile-per-essere-acquistato","44":"product_tag-qualit-jwh-250-in-vendita","45":"product_tag-jwh-250-richiesta","46":"product_tag-jwh-250-sali-da-doccia-disponibili-per-essere-acquistati","47":"product_tag-jwh-250-acquisti-siti","49":"first","50":"instock","51":"sale","52":"featured","53":"shipping-taxable","54":"purchasable","55":"product-type-variable","56":"has-default-attributes"},"yoast_head":"<!-- This site is optimized with the Yoast SEO Premium plugin v19.2 (Yoast SEO v27.3) - https:\/\/yoast.com\/product\/yoast-seo-premium-wordpress\/ -->\n<title>Acquista la polvere JWH-250 online - Everyday Chem Shop<\/title>\n<meta name=\"description\" content=\"Acquista la polvere JWH-250 online. Se stai cercando come acquistare JWH-250 online, allora sei nel posto giusto per acquistare JWH-250 online.\" \/>\n<meta name=\"robots\" content=\"index, follow, max-snippet:-1, max-image-preview:large, max-video-preview:-1\" \/>\n<link rel=\"canonical\" href=\"https:\/\/everydaychemshop.com\/it\/product\/acquista-jwh-250-online\/\" \/>\n<meta property=\"og:locale\" content=\"en_US\" \/>\n<meta property=\"og:type\" content=\"article\" \/>\n<meta property=\"og:title\" content=\"JWH-250\" \/>\n<meta property=\"og:description\" content=\"Acquista la polvere JWH-250 online. Se stai cercando come acquistare JWH-250 online, allora sei nel posto giusto per acquistare JWH-250 online.\" \/>\n<meta property=\"og:url\" content=\"https:\/\/everydaychemshop.com\/it\/product\/acquista-jwh-250-online\/\" \/>\n<meta property=\"og:site_name\" content=\"Everyday Chem Shop\" \/>\n<meta property=\"article:modified_time\" content=\"2023-04-06T22:25:02+00:00\" \/>\n<meta property=\"og:image\" content=\"https:\/\/everydaychemshop.com\/it\/wp-content\/uploads\/sites\/6\/2022\/11\/jwh-250.jpg\" \/>\n\t<meta property=\"og:image:width\" content=\"1200\" \/>\n\t<meta property=\"og:image:height\" content=\"1200\" \/>\n\t<meta property=\"og:image:type\" content=\"image\/jpeg\" \/>\n<meta name=\"twitter:card\" content=\"summary_large_image\" \/>\n<meta name=\"twitter:label1\" content=\"Est. reading time\" \/>\n\t<meta name=\"twitter:data1\" content=\"2 minutes\" \/>\n<script type=\"application\/ld+json\" class=\"yoast-schema-graph\">{\"@context\":\"https:\\\/\\\/schema.org\",\"@graph\":[{\"@type\":\"WebPage\",\"@id\":\"https:\\\/\\\/everydaychemshop.com\\\/it\\\/product\\\/acquista-jwh-250-online\\\/\",\"url\":\"https:\\\/\\\/everydaychemshop.com\\\/it\\\/product\\\/acquista-jwh-250-online\\\/\",\"name\":\"Acquista la polvere JWH-250 online - Everyday Chem Shop\",\"isPartOf\":{\"@id\":\"https:\\\/\\\/everydaychemshop.com\\\/it\\\/#website\"},\"primaryImageOfPage\":{\"@id\":\"https:\\\/\\\/everydaychemshop.com\\\/it\\\/product\\\/acquista-jwh-250-online\\\/#primaryimage\"},\"image\":{\"@id\":\"https:\\\/\\\/everydaychemshop.com\\\/it\\\/product\\\/acquista-jwh-250-online\\\/#primaryimage\"},\"thumbnailUrl\":\"https:\\\/\\\/everydaychemshop.com\\\/it\\\/wp-content\\\/uploads\\\/sites\\\/6\\\/2022\\\/11\\\/jwh-250.jpg\",\"datePublished\":\"2022-11-16T09:46:33+00:00\",\"dateModified\":\"2023-04-06T22:25:02+00:00\",\"description\":\"Acquista la polvere JWH-250 online. Se stai cercando come acquistare JWH-250 online, allora sei nel posto giusto per acquistare JWH-250 online.\",\"breadcrumb\":{\"@id\":\"https:\\\/\\\/everydaychemshop.com\\\/it\\\/product\\\/acquista-jwh-250-online\\\/#breadcrumb\"},\"inLanguage\":\"en-US\",\"potentialAction\":[{\"@type\":\"ReadAction\",\"target\":[\"https:\\\/\\\/everydaychemshop.com\\\/it\\\/product\\\/acquista-jwh-250-online\\\/\"]}]},{\"@type\":\"ImageObject\",\"inLanguage\":\"en-US\",\"@id\":\"https:\\\/\\\/everydaychemshop.com\\\/it\\\/product\\\/acquista-jwh-250-online\\\/#primaryimage\",\"url\":\"https:\\\/\\\/everydaychemshop.com\\\/it\\\/wp-content\\\/uploads\\\/sites\\\/6\\\/2022\\\/11\\\/jwh-250.jpg\",\"contentUrl\":\"https:\\\/\\\/everydaychemshop.com\\\/it\\\/wp-content\\\/uploads\\\/sites\\\/6\\\/2022\\\/11\\\/jwh-250.jpg\",\"width\":1200,\"height\":1200,\"caption\":\"Acquista la polvere JWH-250 online\"},{\"@type\":\"BreadcrumbList\",\"@id\":\"https:\\\/\\\/everydaychemshop.com\\\/it\\\/product\\\/acquista-jwh-250-online\\\/#breadcrumb\",\"itemListElement\":[{\"@type\":\"ListItem\",\"position\":1,\"name\":\"Home\",\"item\":\"https:\\\/\\\/everydaychemshop.com\\\/it\\\/\"},{\"@type\":\"ListItem\",\"position\":2,\"name\":\"Prodotti\",\"item\":\"https:\\\/\\\/everydaychemshop.com\\\/it\\\/prodotti\\\/\"},{\"@type\":\"ListItem\",\"position\":3,\"name\":\"JWH-250\"}]},{\"@type\":\"WebSite\",\"@id\":\"https:\\\/\\\/everydaychemshop.com\\\/it\\\/#website\",\"url\":\"https:\\\/\\\/everydaychemshop.com\\\/it\\\/\",\"name\":\"Everyday Chem Shop\",\"description\":\"\",\"potentialAction\":[{\"@type\":\"SearchAction\",\"target\":{\"@type\":\"EntryPoint\",\"urlTemplate\":\"https:\\\/\\\/everydaychemshop.com\\\/it\\\/?s={search_term_string}\"},\"query-input\":{\"@type\":\"PropertyValueSpecification\",\"valueRequired\":true,\"valueName\":\"search_term_string\"}}],\"inLanguage\":\"en-US\"}]}<\/script>\n<!-- \/ Yoast SEO Premium plugin. -->","yoast_head_json":{"title":"Acquista la polvere JWH-250 online - Everyday Chem Shop","description":"Acquista la polvere JWH-250 online. Se stai cercando come acquistare JWH-250 online, allora sei nel posto giusto per acquistare JWH-250 online.","robots":{"index":"index","follow":"follow","max-snippet":"max-snippet:-1","max-image-preview":"max-image-preview:large","max-video-preview":"max-video-preview:-1"},"canonical":"https:\/\/everydaychemshop.com\/it\/product\/acquista-jwh-250-online\/","og_locale":"en_US","og_type":"article","og_title":"JWH-250","og_description":"Acquista la polvere JWH-250 online. Se stai cercando come acquistare JWH-250 online, allora sei nel posto giusto per acquistare JWH-250 online.","og_url":"https:\/\/everydaychemshop.com\/it\/product\/acquista-jwh-250-online\/","og_site_name":"Everyday Chem Shop","article_modified_time":"2023-04-06T22:25:02+00:00","og_image":[{"width":1200,"height":1200,"url":"https:\/\/everydaychemshop.com\/it\/wp-content\/uploads\/sites\/6\/2022\/11\/jwh-250.jpg","type":"image\/jpeg"}],"twitter_card":"summary_large_image","twitter_misc":{"Est. reading time":"2 minutes"},"schema":{"@context":"https:\/\/schema.org","@graph":[{"@type":"WebPage","@id":"https:\/\/everydaychemshop.com\/it\/product\/acquista-jwh-250-online\/","url":"https:\/\/everydaychemshop.com\/it\/product\/acquista-jwh-250-online\/","name":"Acquista la polvere JWH-250 online - Everyday Chem Shop","isPartOf":{"@id":"https:\/\/everydaychemshop.com\/it\/#website"},"primaryImageOfPage":{"@id":"https:\/\/everydaychemshop.com\/it\/product\/acquista-jwh-250-online\/#primaryimage"},"image":{"@id":"https:\/\/everydaychemshop.com\/it\/product\/acquista-jwh-250-online\/#primaryimage"},"thumbnailUrl":"https:\/\/everydaychemshop.com\/it\/wp-content\/uploads\/sites\/6\/2022\/11\/jwh-250.jpg","datePublished":"2022-11-16T09:46:33+00:00","dateModified":"2023-04-06T22:25:02+00:00","description":"Acquista la polvere JWH-250 online. Se stai cercando come acquistare JWH-250 online, allora sei nel posto giusto per acquistare JWH-250 online.","breadcrumb":{"@id":"https:\/\/everydaychemshop.com\/it\/product\/acquista-jwh-250-online\/#breadcrumb"},"inLanguage":"en-US","potentialAction":[{"@type":"ReadAction","target":["https:\/\/everydaychemshop.com\/it\/product\/acquista-jwh-250-online\/"]}]},{"@type":"ImageObject","inLanguage":"en-US","@id":"https:\/\/everydaychemshop.com\/it\/product\/acquista-jwh-250-online\/#primaryimage","url":"https:\/\/everydaychemshop.com\/it\/wp-content\/uploads\/sites\/6\/2022\/11\/jwh-250.jpg","contentUrl":"https:\/\/everydaychemshop.com\/it\/wp-content\/uploads\/sites\/6\/2022\/11\/jwh-250.jpg","width":1200,"height":1200,"caption":"Acquista la polvere JWH-250 online"},{"@type":"BreadcrumbList","@id":"https:\/\/everydaychemshop.com\/it\/product\/acquista-jwh-250-online\/#breadcrumb","itemListElement":[{"@type":"ListItem","position":1,"name":"Home","item":"https:\/\/everydaychemshop.com\/it\/"},{"@type":"ListItem","position":2,"name":"Prodotti","item":"https:\/\/everydaychemshop.com\/it\/prodotti\/"},{"@type":"ListItem","position":3,"name":"JWH-250"}]},{"@type":"WebSite","@id":"https:\/\/everydaychemshop.com\/it\/#website","url":"https:\/\/everydaychemshop.com\/it\/","name":"Everyday Chem Shop","description":"","potentialAction":[{"@type":"SearchAction","target":{"@type":"EntryPoint","urlTemplate":"https:\/\/everydaychemshop.com\/it\/?s={search_term_string}"},"query-input":{"@type":"PropertyValueSpecification","valueRequired":true,"valueName":"search_term_string"}}],"inLanguage":"en-US"}]}},"_links":{"self":[{"href":"https:\/\/everydaychemshop.com\/it\/wp-json\/wp\/v2\/product\/7762","targetHints":{"allow":["GET"]}}],"collection":[{"href":"https:\/\/everydaychemshop.com\/it\/wp-json\/wp\/v2\/product"}],"about":[{"href":"https:\/\/everydaychemshop.com\/it\/wp-json\/wp\/v2\/types\/product"}],"replies":[{"embeddable":true,"href":"https:\/\/everydaychemshop.com\/it\/wp-json\/wp\/v2\/comments?post=7762"}],"wp:featuredmedia":[{"embeddable":true,"href":"https:\/\/everydaychemshop.com\/it\/wp-json\/wp\/v2\/media\/7790"}],"wp:attachment":[{"href":"https:\/\/everydaychemshop.com\/it\/wp-json\/wp\/v2\/media?parent=7762"}],"wp:term":[{"taxonomy":"product_brand","embeddable":true,"href":"https:\/\/everydaychemshop.com\/it\/wp-json\/wp\/v2\/product_brand?post=7762"},{"taxonomy":"product_cat","embeddable":true,"href":"https:\/\/everydaychemshop.com\/it\/wp-json\/wp\/v2\/product_cat?post=7762"},{"taxonomy":"product_tag","embeddable":true,"href":"https:\/\/everydaychemshop.com\/it\/wp-json\/wp\/v2\/product_tag?post=7762"}],"curies":[{"name":"wp","href":"https:\/\/api.w.org\/{rel}","templated":true}]}}