{"id":7794,"date":"2022-11-16T09:47:42","date_gmt":"2022-11-16T09:47:42","guid":{"rendered":"https:\/\/everydaychemshop.com\/it\/?post_type=product&#038;p=7794"},"modified":"2023-04-06T22:19:08","modified_gmt":"2023-04-06T22:19:08","slug":"buy-butilene-online","status":"publish","type":"product","link":"https:\/\/everydaychemshop.com\/it\/product\/buy-butilene-online\/","title":{"rendered":"Acquista butilone online"},"content":{"rendered":"<h1>Acquista la polvere di butilone online<\/h1>\n<p><a href=\"https:\/\/everydaychemshop.com\/it\/product\/buy-butilene-online\/\">Acquista la polvere di butilone online<\/a>.\u00a0 Il butilone (noto anche come \u03b2-cheto-N-metilbenzodiossolilbutanamina, \u03b2k-MBDB o B1) \u00e8 un entactogeno sintetico e stimolante delle classi fenetilammina e catinone. Il butilone \u00e8 l&#8217;analogo \u03b2-cheto di MBDB e l&#8217;analogo metilendiossi sostituito del bufedrone.<\/p>\n<p>In quanto farmaco di design, \u00e8 comunemente venduto per strada insieme all&#8217;etilone come sostituto o contraffatto dell&#8217;MDMA e del metilone (tutti dei quali sono collettivamente chiamati &#8220;Molly&#8221;) a causa della diminuzione della disponibilit\u00e0 del metilone sul mercato dei prodotti chimici di ricerca.<\/p>\n<p>Tuttavia, nonostante i comportamenti e farmacologico somiglianze tra butilone e MDMA, gli effetti soggettivi osservati di entrambe le sostanze non sono completamente identici.<\/p>\n<p>Il butilone ha solo una breve storia di uso umano ed \u00e8 segnalato per essere meno potente <a href=\"https:\/\/it.wikipedia.org\/wiki\/Butilone\">dei<\/a> suoi parenti metilone ed etilone oltre a possedere effetti stimolanti pi\u00f9 classici rispetto a quelli entactogenici.<\/p>\n<p>Chiamata anche \u03b2-cheto-N-metilbenzodiossolilbutanamina, \u00e8 una molecola sintetica della famiglia dei catinoni. I catinoni sono strutturalmente simili alle anfetamine in quanto contengono un nucleo di fenetilammina caratterizzato da un anello fenilico legato a un gruppo amminico (NH2) attraverso una catena etilica con un&#8217;ulteriore sostituzione etilica in R\u03b1. I catinoni come il butilone sono fenetilamine alfa-metilate (cio\u00e8 anfetamine) ma differiscono da esse per l&#8217;aggiunta di un gruppo funzionale chetonico (un gruppo carbonilico in R\u03b2). Il butilone contiene una sostituzione metilica a RN, una sostituzione condivisa con MDEA, etilone, 4-MEC e alcuni altri stimolanti ed entactogeni. Inoltre, il butilone contiene sostituzioni in R3 e R4 dell&#8217;anello fenilico con gruppi di ossigeno. Questi gruppi di ossigeno sono incorporati in un anello metilendiossi attraverso una catena metilene. Il butilone condivide questo anello metilendiossi con MDA, MDAI e MDMA.<\/p>\n<p>agisce come un inibitore misto della ricaptazione\/agente di rilascio di serotonina, norepinefrina e dopamina. Questi sono i neurotrasmettitori responsabili del piacere, della ricompensa, della motivazione e della concentrazione. Ci\u00f2 avviene inibendo la ricaptazione e il riassorbimento dei neurotrasmettitori dopo che hanno svolto la loro funzione di trasmissione di un impulso neurale, consentendo essenzialmente loro di accumularsi e di essere riutilizzati, provocando effetti fisicamente stimolanti ed euforici.<\/p>\n<p><strong> Sai dove acquistare Butylone online?<\/strong><\/p>\n<p>Butylone in vendita, Butylone street value, Butylone dosaggio, come fare Butylone in polvere, dove posso comprare Butylone online, dove trovare Butylone online, cos&#8217;\u00e8 Butylone, polvere di butylone di qualit\u00e0 premium in vendita. Tutte queste domande senza risposta possono ottenere le loro risposte attraverso di noi. Devi solo visitare il nostro sito Web e otterrai le risposte su come e dove puoi acquistare le pillole di fentanyl online.<\/p>\n<p>E la polvere di butilone? Sapete anche dove trovare Butylone in vendita online? comprare la polvere di butilone, la polvere di butilone in vendita, come fare la polvere di butilone, che aspetto ha la polvere di butilone, il prezzo di strada della polvere di butilone, il prezzo della polvere di butilone, dove acquistare la polvere di butilone, la polvere di butilone pura, dove posso acquistare la polvere di butilone online, il butilone fornitori di polvere, forma di polvere di butilone, acquisto di polvere di butilone puro, prezzo di polvere di butilone<\/p>\n<p>Butylone di buona qualit\u00e0 online: \u00e8 del tutto chiaro che le persone non si fidano rapidamente della qualit\u00e0 del butilone venduto online perch\u00e9 non possono esaminare fisicamente. Ma non \u00e8 la stessa cosa con i fornitori di Butylone Online. I prodotti qui sono fedeli alla loro descrizione con una manutenzione di alta qualit\u00e0 eseguita sotto la supervisione degli esperti.<\/p>\n<p>Fast &amp; Spedizione discreta: la consegna del Butylone dopo aver ricevuto l&#8217;ordine viene effettuata entro i tempi promessi. Il team di spedizione si impegna al massimo per rendere la procedura di spedizione e consegna agevole e veloce. Puoi anche aspettarti servizi eccellenti quando acquisti Butylone da il professionista sulla piattaforma online.<\/p>\n","protected":false},"excerpt":{"rendered":"<p>Il butylone (noto anche come \u03b2-cheto-N-metilbenzodiossolilbutanamina, \u03b2k-MBDB o B1) \u00e8 un entactogeno sintetico e stimolante delle classi fenetilammina e catinone. Il butilone \u00e8 l&#8217;analogo \u03b2-cheto di MBDB e l&#8217;analogo metilendiossi sostituito del bufedrone.<\/p>\n","protected":false},"featured_media":7808,"comment_status":"open","ping_status":"closed","template":"","meta":{"inline_featured_image":false},"product_brand":[],"product_cat":[264],"product_tag":[437,434,446,447,438,430,439,432,433,428,429,431,436,442,435,449,450,451,441,448,443,444,440],"class_list":{"0":"post-7794","1":"product","2":"type-product","3":"status-publish","4":"has-post-thumbnail","6":"product_cat-ricerca-chimica","7":"product_tag-acquistare-butile-a-buon-mercato-online","8":"product_tag-comprare-butilene-cristallo-online","9":"product_tag-acquisto-butilene-online","10":"product_tag-acquisto-butilene-con-bitcoin","11":"product_tag-acquista-etilone-polvere-e-cristallo-online","12":"product_tag-butylone-bk-mbdb-in-vendita","13":"product_tag-butylone-a-buon-mercato-in-vendita","14":"product_tag-butylone-cristallo-in-vendita","15":"product_tag-butylone-in-vendita","16":"product_tag-99-purezza-butylone-online","17":"product_tag-butylone","18":"product_tag-butylone-bk-mbdb-in-vendita-in-tutto-il-mondo","19":"product_tag-buy-butylone-powder-and-crystals-online-buy-methylone-powder-and-crystal-online","20":"product_tag-come-acquistare-butylone-online","21":"product_tag-comprare-butilene-online","22":"product_tag-dove-acquistare-butylone-bk-mbdb","23":"product_tag-dove-acquistare-butylone-crystal-online","24":"product_tag-dove-acquistare-butylone-online","25":"product_tag-how-to-buy-butylone-crystal-online","26":"product_tag-il-posto-migliore-per-acquistare-butylone-online","27":"product_tag-order-butylone-crystal-online","28":"product_tag-order-butylone-online","29":"product_tag-fast-delivery-ricerca-chimica","31":"first","32":"instock","33":"sale","34":"shipping-taxable","35":"purchasable","36":"product-type-variable","37":"has-default-attributes"},"yoast_head":"<!-- This site is optimized with the Yoast SEO Premium plugin v19.2 (Yoast SEO v27.3) - https:\/\/yoast.com\/product\/yoast-seo-premium-wordpress\/ -->\n<title>Acquista la polvere di butilone online - Everyday Chem Shop<\/title>\n<meta name=\"description\" content=\"Acquista la polvere di butilone online. Se stai cercando come acquistare Butylone online, allora sei nel posto giusto per acquistare Butylone online.\" \/>\n<meta name=\"robots\" content=\"index, follow, max-snippet:-1, max-image-preview:large, max-video-preview:-1\" \/>\n<link rel=\"canonical\" href=\"https:\/\/everydaychemshop.com\/it\/product\/buy-butilene-online\/\" \/>\n<meta property=\"og:locale\" content=\"en_US\" \/>\n<meta property=\"og:type\" content=\"article\" \/>\n<meta property=\"og:title\" content=\"Acquista butilone online\" \/>\n<meta property=\"og:description\" content=\"Acquista la polvere di butilone online. Se stai cercando come acquistare Butylone online, allora sei nel posto giusto per acquistare Butylone online.\" \/>\n<meta property=\"og:url\" content=\"https:\/\/everydaychemshop.com\/it\/product\/buy-butilene-online\/\" \/>\n<meta property=\"og:site_name\" content=\"Everyday Chem Shop\" \/>\n<meta property=\"article:modified_time\" content=\"2023-04-06T22:19:08+00:00\" \/>\n<meta property=\"og:image\" content=\"https:\/\/everydaychemshop.com\/it\/wp-content\/uploads\/sites\/6\/2022\/11\/Buy-Butylone-powder.jpg\" \/>\n\t<meta property=\"og:image:width\" content=\"1200\" \/>\n\t<meta property=\"og:image:height\" content=\"1200\" \/>\n\t<meta property=\"og:image:type\" content=\"image\/jpeg\" \/>\n<meta name=\"twitter:card\" content=\"summary_large_image\" \/>\n<meta name=\"twitter:label1\" content=\"Est. reading time\" \/>\n\t<meta name=\"twitter:data1\" content=\"3 minutes\" \/>\n<script type=\"application\/ld+json\" class=\"yoast-schema-graph\">{\"@context\":\"https:\\\/\\\/schema.org\",\"@graph\":[{\"@type\":\"WebPage\",\"@id\":\"https:\\\/\\\/everydaychemshop.com\\\/it\\\/product\\\/buy-butilene-online\\\/\",\"url\":\"https:\\\/\\\/everydaychemshop.com\\\/it\\\/product\\\/buy-butilene-online\\\/\",\"name\":\"Acquista la polvere di butilone online - Everyday Chem Shop\",\"isPartOf\":{\"@id\":\"https:\\\/\\\/everydaychemshop.com\\\/it\\\/#website\"},\"primaryImageOfPage\":{\"@id\":\"https:\\\/\\\/everydaychemshop.com\\\/it\\\/product\\\/buy-butilene-online\\\/#primaryimage\"},\"image\":{\"@id\":\"https:\\\/\\\/everydaychemshop.com\\\/it\\\/product\\\/buy-butilene-online\\\/#primaryimage\"},\"thumbnailUrl\":\"https:\\\/\\\/everydaychemshop.com\\\/it\\\/wp-content\\\/uploads\\\/sites\\\/6\\\/2022\\\/11\\\/Buy-Butylone-powder.jpg\",\"datePublished\":\"2022-11-16T09:47:42+00:00\",\"dateModified\":\"2023-04-06T22:19:08+00:00\",\"description\":\"Acquista la polvere di butilone online. Se stai cercando come acquistare Butylone online, allora sei nel posto giusto per acquistare Butylone online.\",\"breadcrumb\":{\"@id\":\"https:\\\/\\\/everydaychemshop.com\\\/it\\\/product\\\/buy-butilene-online\\\/#breadcrumb\"},\"inLanguage\":\"en-US\",\"potentialAction\":[{\"@type\":\"ReadAction\",\"target\":[\"https:\\\/\\\/everydaychemshop.com\\\/it\\\/product\\\/buy-butilene-online\\\/\"]}]},{\"@type\":\"ImageObject\",\"inLanguage\":\"en-US\",\"@id\":\"https:\\\/\\\/everydaychemshop.com\\\/it\\\/product\\\/buy-butilene-online\\\/#primaryimage\",\"url\":\"https:\\\/\\\/everydaychemshop.com\\\/it\\\/wp-content\\\/uploads\\\/sites\\\/6\\\/2022\\\/11\\\/Buy-Butylone-powder.jpg\",\"contentUrl\":\"https:\\\/\\\/everydaychemshop.com\\\/it\\\/wp-content\\\/uploads\\\/sites\\\/6\\\/2022\\\/11\\\/Buy-Butylone-powder.jpg\",\"width\":1200,\"height\":1200,\"caption\":\"Acquista la polvere di butilone online\"},{\"@type\":\"BreadcrumbList\",\"@id\":\"https:\\\/\\\/everydaychemshop.com\\\/it\\\/product\\\/buy-butilene-online\\\/#breadcrumb\",\"itemListElement\":[{\"@type\":\"ListItem\",\"position\":1,\"name\":\"Home\",\"item\":\"https:\\\/\\\/everydaychemshop.com\\\/it\\\/\"},{\"@type\":\"ListItem\",\"position\":2,\"name\":\"Prodotti\",\"item\":\"https:\\\/\\\/everydaychemshop.com\\\/it\\\/prodotti\\\/\"},{\"@type\":\"ListItem\",\"position\":3,\"name\":\"Acquista butilone online\"}]},{\"@type\":\"WebSite\",\"@id\":\"https:\\\/\\\/everydaychemshop.com\\\/it\\\/#website\",\"url\":\"https:\\\/\\\/everydaychemshop.com\\\/it\\\/\",\"name\":\"Everyday Chem Shop\",\"description\":\"\",\"potentialAction\":[{\"@type\":\"SearchAction\",\"target\":{\"@type\":\"EntryPoint\",\"urlTemplate\":\"https:\\\/\\\/everydaychemshop.com\\\/it\\\/?s={search_term_string}\"},\"query-input\":{\"@type\":\"PropertyValueSpecification\",\"valueRequired\":true,\"valueName\":\"search_term_string\"}}],\"inLanguage\":\"en-US\"}]}<\/script>\n<!-- \/ Yoast SEO Premium plugin. -->","yoast_head_json":{"title":"Acquista la polvere di butilone online - Everyday Chem Shop","description":"Acquista la polvere di butilone online. Se stai cercando come acquistare Butylone online, allora sei nel posto giusto per acquistare Butylone online.","robots":{"index":"index","follow":"follow","max-snippet":"max-snippet:-1","max-image-preview":"max-image-preview:large","max-video-preview":"max-video-preview:-1"},"canonical":"https:\/\/everydaychemshop.com\/it\/product\/buy-butilene-online\/","og_locale":"en_US","og_type":"article","og_title":"Acquista butilone online","og_description":"Acquista la polvere di butilone online. Se stai cercando come acquistare Butylone online, allora sei nel posto giusto per acquistare Butylone online.","og_url":"https:\/\/everydaychemshop.com\/it\/product\/buy-butilene-online\/","og_site_name":"Everyday Chem Shop","article_modified_time":"2023-04-06T22:19:08+00:00","og_image":[{"width":1200,"height":1200,"url":"https:\/\/everydaychemshop.com\/it\/wp-content\/uploads\/sites\/6\/2022\/11\/Buy-Butylone-powder.jpg","type":"image\/jpeg"}],"twitter_card":"summary_large_image","twitter_misc":{"Est. reading time":"3 minutes"},"schema":{"@context":"https:\/\/schema.org","@graph":[{"@type":"WebPage","@id":"https:\/\/everydaychemshop.com\/it\/product\/buy-butilene-online\/","url":"https:\/\/everydaychemshop.com\/it\/product\/buy-butilene-online\/","name":"Acquista la polvere di butilone online - Everyday Chem Shop","isPartOf":{"@id":"https:\/\/everydaychemshop.com\/it\/#website"},"primaryImageOfPage":{"@id":"https:\/\/everydaychemshop.com\/it\/product\/buy-butilene-online\/#primaryimage"},"image":{"@id":"https:\/\/everydaychemshop.com\/it\/product\/buy-butilene-online\/#primaryimage"},"thumbnailUrl":"https:\/\/everydaychemshop.com\/it\/wp-content\/uploads\/sites\/6\/2022\/11\/Buy-Butylone-powder.jpg","datePublished":"2022-11-16T09:47:42+00:00","dateModified":"2023-04-06T22:19:08+00:00","description":"Acquista la polvere di butilone online. Se stai cercando come acquistare Butylone online, allora sei nel posto giusto per acquistare Butylone online.","breadcrumb":{"@id":"https:\/\/everydaychemshop.com\/it\/product\/buy-butilene-online\/#breadcrumb"},"inLanguage":"en-US","potentialAction":[{"@type":"ReadAction","target":["https:\/\/everydaychemshop.com\/it\/product\/buy-butilene-online\/"]}]},{"@type":"ImageObject","inLanguage":"en-US","@id":"https:\/\/everydaychemshop.com\/it\/product\/buy-butilene-online\/#primaryimage","url":"https:\/\/everydaychemshop.com\/it\/wp-content\/uploads\/sites\/6\/2022\/11\/Buy-Butylone-powder.jpg","contentUrl":"https:\/\/everydaychemshop.com\/it\/wp-content\/uploads\/sites\/6\/2022\/11\/Buy-Butylone-powder.jpg","width":1200,"height":1200,"caption":"Acquista la polvere di butilone online"},{"@type":"BreadcrumbList","@id":"https:\/\/everydaychemshop.com\/it\/product\/buy-butilene-online\/#breadcrumb","itemListElement":[{"@type":"ListItem","position":1,"name":"Home","item":"https:\/\/everydaychemshop.com\/it\/"},{"@type":"ListItem","position":2,"name":"Prodotti","item":"https:\/\/everydaychemshop.com\/it\/prodotti\/"},{"@type":"ListItem","position":3,"name":"Acquista butilone online"}]},{"@type":"WebSite","@id":"https:\/\/everydaychemshop.com\/it\/#website","url":"https:\/\/everydaychemshop.com\/it\/","name":"Everyday Chem Shop","description":"","potentialAction":[{"@type":"SearchAction","target":{"@type":"EntryPoint","urlTemplate":"https:\/\/everydaychemshop.com\/it\/?s={search_term_string}"},"query-input":{"@type":"PropertyValueSpecification","valueRequired":true,"valueName":"search_term_string"}}],"inLanguage":"en-US"}]}},"_links":{"self":[{"href":"https:\/\/everydaychemshop.com\/it\/wp-json\/wp\/v2\/product\/7794","targetHints":{"allow":["GET"]}}],"collection":[{"href":"https:\/\/everydaychemshop.com\/it\/wp-json\/wp\/v2\/product"}],"about":[{"href":"https:\/\/everydaychemshop.com\/it\/wp-json\/wp\/v2\/types\/product"}],"replies":[{"embeddable":true,"href":"https:\/\/everydaychemshop.com\/it\/wp-json\/wp\/v2\/comments?post=7794"}],"wp:featuredmedia":[{"embeddable":true,"href":"https:\/\/everydaychemshop.com\/it\/wp-json\/wp\/v2\/media\/7808"}],"wp:attachment":[{"href":"https:\/\/everydaychemshop.com\/it\/wp-json\/wp\/v2\/media?parent=7794"}],"wp:term":[{"taxonomy":"product_brand","embeddable":true,"href":"https:\/\/everydaychemshop.com\/it\/wp-json\/wp\/v2\/product_brand?post=7794"},{"taxonomy":"product_cat","embeddable":true,"href":"https:\/\/everydaychemshop.com\/it\/wp-json\/wp\/v2\/product_cat?post=7794"},{"taxonomy":"product_tag","embeddable":true,"href":"https:\/\/everydaychemshop.com\/it\/wp-json\/wp\/v2\/product_tag?post=7794"}],"curies":[{"name":"wp","href":"https:\/\/api.w.org\/{rel}","templated":true}]}}