{"id":7800,"date":"2022-11-16T09:47:44","date_gmt":"2022-11-16T09:47:44","guid":{"rendered":"https:\/\/everydaychemshop.com\/it\/?post_type=product&#038;p=7800"},"modified":"2023-04-06T21:45:14","modified_gmt":"2023-04-06T21:45:14","slug":"acquistare-buphedrone-online","status":"publish","type":"product","link":"https:\/\/everydaychemshop.com\/it\/product\/acquistare-buphedrone-online\/","title":{"rendered":"Bufedrone"},"content":{"rendered":"<h1>Acquista polvere di bufedrone online<\/h1>\n<p><a href=\"https:\/\/everydaychemshop.com\/it\/product\/acquistare-buphedrone-online\/\">Acquista polvere di bufedrone online<\/a>. La storia del bufedrone inizia nel 1928. Quando la sostanza chimica di ricerca fu sintetizzata per la prima volta, fu inclusa nella classe delle fenetilamine e dei catinoni. \u00c8 vietato consumare il bufedrone per la vendita, ma \u00e8 disponibile nel mercato dei prodotti chimici di ricerca per scopi di ricerca e forensi. Nel <a href=\"https:\/\/en.wikipedia.org\/wiki\/Buphedrone\">nostro<\/a> negozio online di buphedrone trovi in \u200b\u200bvendita Buphedrone e molti altri stimolanti in vendita simili a Buphedrone.<\/p>\n<p>Conosciuto come MABP, questo farmaco di design \u00e8 un beta-chetone. Se hai bisogno di acquistare analoghi della metanfetamina, MABP sar\u00e0 una buona scelta.<\/p>\n<p>Puoi acquistare MABP online con consegna in tutto il mondo. La nostra azienda \u00e8 impegnata nel commercio all&#8217;ingrosso di MABP. Essendo incluso nella ricerca nell&#8217;area grigia, il MABP chimico \u00e8 ampiamente utilizzato tra i ricercatori e gli scienziati in vari test ed esperimenti. Quando hai bisogno di MABP Acquista online SOLO da fornitori di fiducia. In questo modo otterrai sostanze pure a un prezzo accessibile.<\/p>\n<p>Prima che i clienti ordinino MABP online, consigliamo di leggere le informazioni sugli effetti MABP e sugli effetti collaterali per sapere cosa aspettarsi dall&#8217;esperienza MABP. \u00c8 anche possibile conoscere i rapporti di viaggio MABP e i casi di morte MABP, nonch\u00e9 i brutti viaggi e gli infortuni MABP dalle dichiarazioni degli utenti precedenti che hanno visitato la pagina MABP Erowid.<\/p>\n<p>La sensazione di euforia \u00e8 stata dichiarata da tutti gli utenti MABP. Hanno anche ammesso che \u00e8 molto importante come prendere e usare MABP. Porta non solo a un umore elevato, ma le persone diventano pi\u00f9 loquaci, la loro frequenza cardiaca aumenta. Il loro discorso \u00e8 diventato confuso e non riescono ad addormentarsi. Si sentivano irrequieti e avevano maggiori capacit\u00e0 di comunicazione e motivazione.<\/p>\n<p>MABP \u00e8 un potente rilascio di dopamina. Il confronto tra MABP e metamfetamina MABP \u00e8 pi\u00f9 euforico e meno stimolante.<\/p>\n<p>La sensazione di euforia \u00e8 stata dichiarata da tutti gli utilizzatori di Buphedrone. Hanno anche ammesso che \u00e8 molto importante come prendere e usare Buphedrone. Porta non solo a un umore elevato, ma le persone diventano pi\u00f9 loquaci, la loro frequenza cardiaca aumenta. Il loro discorso \u00e8 diventato confuso e non riescono ad addormentarsi. Si sentivano irrequieti e avevano maggiori capacit\u00e0 di comunicazione e motivazione.<\/p>\n<p>Sai dove acquistare Buphedrone online?<\/p>\n<p>Buphedrone in vendita, Buphedrone street value, Buphedrone dosaggio, come fare Buphedrone in polvere, dove posso acquistare Buphedrone online, dove trovare Buphedrone online, cos&#8217;\u00e8 Buphedrone, Buphedrone in polvere di qualit\u00e0 Premium in vendita. Tutte queste domande senza risposta possono ottenere le loro risposte attraverso di noi. Devi solo visitare il nostro sito Web e otterrai le risposte su come e dove puoi acquistare le pillole di fentanyl online.<\/p>\n<p>E la polvere di Buphedrone? Sai anche dove trovare Buphedrone in vendita online? comprare la polvere di Buphedrone, la polvere di Buphedrone in vendita, come fare la polvere di Buphedrone, che aspetto ha la polvere di Buphedrone, il prezzo di strada della polvere di Buphedrone, il prezzo della polvere di Buphedrone, dove acquistare la polvere di Buphedrone, la polvere di Buphedrone pura, dove posso acquistare la polvere di Buphedrone online, Buphedrone fornitori di polvere, forma di polvere di Buphedrone, acquisto di polvere di Buphedrone puro, prezzo di polvere di Buphedrone<\/p>\n<p>Buphedrone di buona qualit\u00e0 online: \u00e8 chiaro che le persone non si fidano rapidamente della qualit\u00e0 del Buphedrone venduto online perch\u00e9 non possono esaminare fisicamente. Ma non \u00e8 la stessa cosa con i fornitori online di Buphedrone. I prodotti qui sono fedeli alla loro descrizione con una manutenzione di alta qualit\u00e0 eseguita sotto la supervisione degli esperti.<\/p>\n<p>Fast &amp; Spedizione discreta: la consegna del Buphedrone dopo aver ricevuto l&#8217;ordine viene effettuata entro i tempi promessi. Il team di spedizione si impegna al massimo per rendere la procedura di spedizione e consegna agevole e veloce. Puoi anche aspettarti servizi eccellenti quando acquisti Buphedrone dal professionista sulla piattaforma online.<\/p>\n","protected":false},"excerpt":{"rendered":"<p>Acquista Buphedrone online<a href=\"https:\/\/en.wikipedia.org\/wiki\/Buphedrone\">. La storia del bufedrone<\/a> inizia nel 1928. Quando la sostanza chimica di ricerca fu sintetizzata per la prima volta, fu inclusa nella classe delle fenetilamine e dei catinoni. \u00c8 vietato consumare il bufedrone per la vendita, ma \u00e8 disponibile nel mercato dei prodotti chimici di ricerca per scopi di ricerca e forensi. Nel nostro negozio online di buphedrone trovi in \u200b\u200bvendita Buphedrone e molti altri stimolanti in vendita simili al Buphedrone.<\/p>\n","protected":false},"featured_media":7824,"comment_status":"open","ping_status":"closed","template":"","meta":{"inline_featured_image":false},"product_brand":[],"product_cat":[264],"product_tag":[458,457,454,455,452,456,453,459,460],"class_list":{"0":"post-7800","1":"product","2":"type-product","3":"status-publish","4":"has-post-thumbnail","6":"product_cat-ricerca-chimica","7":"product_tag-acquista-mabp-online","8":"product_tag-compra-mabp","9":"product_tag-bufedrone-in-vendita","10":"product_tag-buphedrone-priz","11":"product_tag-buphedrone","12":"product_tag-acquistare-buphedrone-online","13":"product_tag-buphedrone-buy","14":"product_tag-mabp-in-vendita","15":"product_tag-order-buphedrone","17":"first","18":"instock","19":"shipping-taxable","20":"purchasable","21":"product-type-variable","22":"has-default-attributes"},"yoast_head":"<!-- This site is optimized with the Yoast SEO Premium plugin v19.2 (Yoast SEO v27.3) - https:\/\/yoast.com\/product\/yoast-seo-premium-wordpress\/ -->\n<title>Acquista polvere di bufedrone online - Everyday Chem Shop<\/title>\n<meta name=\"description\" content=\"Acquista polvere di bufedrone online. Se stai cercando come acquistare Buphedrone online, allora sei nel posto giusto per acquistare Buphedrone online.\" \/>\n<meta name=\"robots\" content=\"index, follow, max-snippet:-1, max-image-preview:large, max-video-preview:-1\" \/>\n<link rel=\"canonical\" href=\"https:\/\/everydaychemshop.com\/it\/product\/acquistare-buphedrone-online\/\" \/>\n<meta property=\"og:locale\" content=\"en_US\" \/>\n<meta property=\"og:type\" content=\"article\" \/>\n<meta property=\"og:title\" content=\"Bufedrone\" \/>\n<meta property=\"og:description\" content=\"Acquista polvere di bufedrone online. Se stai cercando come acquistare Buphedrone online, allora sei nel posto giusto per acquistare Buphedrone online.\" \/>\n<meta property=\"og:url\" content=\"https:\/\/everydaychemshop.com\/it\/product\/acquistare-buphedrone-online\/\" \/>\n<meta property=\"og:site_name\" content=\"Everyday Chem Shop\" \/>\n<meta property=\"article:modified_time\" content=\"2023-04-06T21:45:14+00:00\" \/>\n<meta property=\"og:image\" content=\"https:\/\/everydaychemshop.com\/it\/wp-content\/uploads\/sites\/6\/2022\/11\/Buphedrone.jpg\" \/>\n\t<meta property=\"og:image:width\" content=\"1200\" \/>\n\t<meta property=\"og:image:height\" content=\"1200\" \/>\n\t<meta property=\"og:image:type\" content=\"image\/jpeg\" \/>\n<meta name=\"twitter:card\" content=\"summary_large_image\" \/>\n<meta name=\"twitter:label1\" content=\"Est. reading time\" \/>\n\t<meta name=\"twitter:data1\" content=\"3 minutes\" \/>\n<script type=\"application\/ld+json\" class=\"yoast-schema-graph\">{\"@context\":\"https:\\\/\\\/schema.org\",\"@graph\":[{\"@type\":\"WebPage\",\"@id\":\"https:\\\/\\\/everydaychemshop.com\\\/it\\\/product\\\/acquistare-buphedrone-online\\\/\",\"url\":\"https:\\\/\\\/everydaychemshop.com\\\/it\\\/product\\\/acquistare-buphedrone-online\\\/\",\"name\":\"Acquista polvere di bufedrone online - Everyday Chem Shop\",\"isPartOf\":{\"@id\":\"https:\\\/\\\/everydaychemshop.com\\\/it\\\/#website\"},\"primaryImageOfPage\":{\"@id\":\"https:\\\/\\\/everydaychemshop.com\\\/it\\\/product\\\/acquistare-buphedrone-online\\\/#primaryimage\"},\"image\":{\"@id\":\"https:\\\/\\\/everydaychemshop.com\\\/it\\\/product\\\/acquistare-buphedrone-online\\\/#primaryimage\"},\"thumbnailUrl\":\"https:\\\/\\\/everydaychemshop.com\\\/it\\\/wp-content\\\/uploads\\\/sites\\\/6\\\/2022\\\/11\\\/Buphedrone.jpg\",\"datePublished\":\"2022-11-16T09:47:44+00:00\",\"dateModified\":\"2023-04-06T21:45:14+00:00\",\"description\":\"Acquista polvere di bufedrone online. Se stai cercando come acquistare Buphedrone online, allora sei nel posto giusto per acquistare Buphedrone online.\",\"breadcrumb\":{\"@id\":\"https:\\\/\\\/everydaychemshop.com\\\/it\\\/product\\\/acquistare-buphedrone-online\\\/#breadcrumb\"},\"inLanguage\":\"en-US\",\"potentialAction\":[{\"@type\":\"ReadAction\",\"target\":[\"https:\\\/\\\/everydaychemshop.com\\\/it\\\/product\\\/acquistare-buphedrone-online\\\/\"]}]},{\"@type\":\"ImageObject\",\"inLanguage\":\"en-US\",\"@id\":\"https:\\\/\\\/everydaychemshop.com\\\/it\\\/product\\\/acquistare-buphedrone-online\\\/#primaryimage\",\"url\":\"https:\\\/\\\/everydaychemshop.com\\\/it\\\/wp-content\\\/uploads\\\/sites\\\/6\\\/2022\\\/11\\\/Buphedrone.jpg\",\"contentUrl\":\"https:\\\/\\\/everydaychemshop.com\\\/it\\\/wp-content\\\/uploads\\\/sites\\\/6\\\/2022\\\/11\\\/Buphedrone.jpg\",\"width\":1200,\"height\":1200,\"caption\":\"Acquista polvere di bufedrone online\"},{\"@type\":\"BreadcrumbList\",\"@id\":\"https:\\\/\\\/everydaychemshop.com\\\/it\\\/product\\\/acquistare-buphedrone-online\\\/#breadcrumb\",\"itemListElement\":[{\"@type\":\"ListItem\",\"position\":1,\"name\":\"Home\",\"item\":\"https:\\\/\\\/everydaychemshop.com\\\/it\\\/\"},{\"@type\":\"ListItem\",\"position\":2,\"name\":\"Prodotti\",\"item\":\"https:\\\/\\\/everydaychemshop.com\\\/it\\\/prodotti\\\/\"},{\"@type\":\"ListItem\",\"position\":3,\"name\":\"Bufedrone\"}]},{\"@type\":\"WebSite\",\"@id\":\"https:\\\/\\\/everydaychemshop.com\\\/it\\\/#website\",\"url\":\"https:\\\/\\\/everydaychemshop.com\\\/it\\\/\",\"name\":\"Everyday Chem Shop\",\"description\":\"\",\"potentialAction\":[{\"@type\":\"SearchAction\",\"target\":{\"@type\":\"EntryPoint\",\"urlTemplate\":\"https:\\\/\\\/everydaychemshop.com\\\/it\\\/?s={search_term_string}\"},\"query-input\":{\"@type\":\"PropertyValueSpecification\",\"valueRequired\":true,\"valueName\":\"search_term_string\"}}],\"inLanguage\":\"en-US\"}]}<\/script>\n<!-- \/ Yoast SEO Premium plugin. -->","yoast_head_json":{"title":"Acquista polvere di bufedrone online - Everyday Chem Shop","description":"Acquista polvere di bufedrone online. Se stai cercando come acquistare Buphedrone online, allora sei nel posto giusto per acquistare Buphedrone online.","robots":{"index":"index","follow":"follow","max-snippet":"max-snippet:-1","max-image-preview":"max-image-preview:large","max-video-preview":"max-video-preview:-1"},"canonical":"https:\/\/everydaychemshop.com\/it\/product\/acquistare-buphedrone-online\/","og_locale":"en_US","og_type":"article","og_title":"Bufedrone","og_description":"Acquista polvere di bufedrone online. Se stai cercando come acquistare Buphedrone online, allora sei nel posto giusto per acquistare Buphedrone online.","og_url":"https:\/\/everydaychemshop.com\/it\/product\/acquistare-buphedrone-online\/","og_site_name":"Everyday Chem Shop","article_modified_time":"2023-04-06T21:45:14+00:00","og_image":[{"width":1200,"height":1200,"url":"https:\/\/everydaychemshop.com\/it\/wp-content\/uploads\/sites\/6\/2022\/11\/Buphedrone.jpg","type":"image\/jpeg"}],"twitter_card":"summary_large_image","twitter_misc":{"Est. reading time":"3 minutes"},"schema":{"@context":"https:\/\/schema.org","@graph":[{"@type":"WebPage","@id":"https:\/\/everydaychemshop.com\/it\/product\/acquistare-buphedrone-online\/","url":"https:\/\/everydaychemshop.com\/it\/product\/acquistare-buphedrone-online\/","name":"Acquista polvere di bufedrone online - Everyday Chem Shop","isPartOf":{"@id":"https:\/\/everydaychemshop.com\/it\/#website"},"primaryImageOfPage":{"@id":"https:\/\/everydaychemshop.com\/it\/product\/acquistare-buphedrone-online\/#primaryimage"},"image":{"@id":"https:\/\/everydaychemshop.com\/it\/product\/acquistare-buphedrone-online\/#primaryimage"},"thumbnailUrl":"https:\/\/everydaychemshop.com\/it\/wp-content\/uploads\/sites\/6\/2022\/11\/Buphedrone.jpg","datePublished":"2022-11-16T09:47:44+00:00","dateModified":"2023-04-06T21:45:14+00:00","description":"Acquista polvere di bufedrone online. Se stai cercando come acquistare Buphedrone online, allora sei nel posto giusto per acquistare Buphedrone online.","breadcrumb":{"@id":"https:\/\/everydaychemshop.com\/it\/product\/acquistare-buphedrone-online\/#breadcrumb"},"inLanguage":"en-US","potentialAction":[{"@type":"ReadAction","target":["https:\/\/everydaychemshop.com\/it\/product\/acquistare-buphedrone-online\/"]}]},{"@type":"ImageObject","inLanguage":"en-US","@id":"https:\/\/everydaychemshop.com\/it\/product\/acquistare-buphedrone-online\/#primaryimage","url":"https:\/\/everydaychemshop.com\/it\/wp-content\/uploads\/sites\/6\/2022\/11\/Buphedrone.jpg","contentUrl":"https:\/\/everydaychemshop.com\/it\/wp-content\/uploads\/sites\/6\/2022\/11\/Buphedrone.jpg","width":1200,"height":1200,"caption":"Acquista polvere di bufedrone online"},{"@type":"BreadcrumbList","@id":"https:\/\/everydaychemshop.com\/it\/product\/acquistare-buphedrone-online\/#breadcrumb","itemListElement":[{"@type":"ListItem","position":1,"name":"Home","item":"https:\/\/everydaychemshop.com\/it\/"},{"@type":"ListItem","position":2,"name":"Prodotti","item":"https:\/\/everydaychemshop.com\/it\/prodotti\/"},{"@type":"ListItem","position":3,"name":"Bufedrone"}]},{"@type":"WebSite","@id":"https:\/\/everydaychemshop.com\/it\/#website","url":"https:\/\/everydaychemshop.com\/it\/","name":"Everyday Chem Shop","description":"","potentialAction":[{"@type":"SearchAction","target":{"@type":"EntryPoint","urlTemplate":"https:\/\/everydaychemshop.com\/it\/?s={search_term_string}"},"query-input":{"@type":"PropertyValueSpecification","valueRequired":true,"valueName":"search_term_string"}}],"inLanguage":"en-US"}]}},"_links":{"self":[{"href":"https:\/\/everydaychemshop.com\/it\/wp-json\/wp\/v2\/product\/7800","targetHints":{"allow":["GET"]}}],"collection":[{"href":"https:\/\/everydaychemshop.com\/it\/wp-json\/wp\/v2\/product"}],"about":[{"href":"https:\/\/everydaychemshop.com\/it\/wp-json\/wp\/v2\/types\/product"}],"replies":[{"embeddable":true,"href":"https:\/\/everydaychemshop.com\/it\/wp-json\/wp\/v2\/comments?post=7800"}],"wp:featuredmedia":[{"embeddable":true,"href":"https:\/\/everydaychemshop.com\/it\/wp-json\/wp\/v2\/media\/7824"}],"wp:attachment":[{"href":"https:\/\/everydaychemshop.com\/it\/wp-json\/wp\/v2\/media?parent=7800"}],"wp:term":[{"taxonomy":"product_brand","embeddable":true,"href":"https:\/\/everydaychemshop.com\/it\/wp-json\/wp\/v2\/product_brand?post=7800"},{"taxonomy":"product_cat","embeddable":true,"href":"https:\/\/everydaychemshop.com\/it\/wp-json\/wp\/v2\/product_cat?post=7800"},{"taxonomy":"product_tag","embeddable":true,"href":"https:\/\/everydaychemshop.com\/it\/wp-json\/wp\/v2\/product_tag?post=7800"}],"curies":[{"name":"wp","href":"https:\/\/api.w.org\/{rel}","templated":true}]}}