{"id":7830,"date":"2022-11-16T18:06:49","date_gmt":"2022-11-16T18:06:49","guid":{"rendered":"https:\/\/everydaychemshop.com\/it\/?post_type=product&#038;p=7830"},"modified":"2023-04-06T21:39:03","modified_gmt":"2023-04-06T21:39:03","slug":"k2-carta","status":"publish","type":"product","link":"https:\/\/everydaychemshop.com\/it\/product\/k2-carta\/","title":{"rendered":"Carta K2"},"content":{"rendered":"<h1>Acquista carta K2 online<\/h1>\n<p><a href=\"https:\/\/everydaychemshop.com\/it\/product\/k2-carta\/\">Acquista carta K2 online<\/a>. Benvenuto nel posto migliore per acquistare carta k2 in vendita negli Stati Uniti senza complicazioni o poliziotti. Siamo specializzati nella fornitura di carta k2 della migliore qualit\u00e0 online. abbiamo metodi di pagamento flessibili che non ti stresseranno quando vorrai ordinare fogli di carta k2. ottieni un incenso gratuito, acquista carta k2 all&#8217;ingrosso online, fogli di carta k2 in vendita. Non scherziamo quando si tratta di consegna dei prodotti perch\u00e9 <a href=\"https:\/\/it.wikipedia.org\/wiki\/Cannabinoidi\">questa<\/a> \u00e8 l&#8217;attivit\u00e0 che utilizzo per pagare le mie bollette ed \u00e8 per questo che mi assicuro sempre che tu riceva il miglior prodotto perch\u00e9 un buon affare \u00e8 pi\u00f9 affari. la nostra consegna avviene durante la notte, quindi non hai problemi quando ordini la carta k2 in vendita negli Stati Uniti. Se risiedi negli Stati Uniti e desideri acquistare carta k2 in vendita negli Stati Uniti a un prezzo economico. <span class=\"css-a5m6co-text css-p8ym46-fontFamily css-11397xj-fontSize css-18j1nfb-display\">fogli di carta k2 in vendita.<\/span>fogli di carta k2 liquidi,<\/p>\n<p>&amp;nbsp ;<\/p>\n<p><img loading=\"lazy\" decoding=\"async\" class=\"alignnone size-medium wp-image-7833\" src=\"https:\/\/everydaychemshop.com\/it\/wp-content\/uploads\/sites\/6\/2022\/11\/ K2-Paper-spraying-300x169.jpg\" alt=\"\" width=\"300\" height=\"169\" \/><\/p>\n<p>Acquista carta k2 in vendita senza problemi, se non capisci come effettua un ordine, dovresti sempre contattare il nostro WhatsApp, l&#8217;indirizzo e-mail e anche la chat dal vivo. Carta K2 in vendita USA Quando si tratta di potenza, abbiamo una delle cartine k2 pi\u00f9 potenti in vendita. \u00c8 disponibile il pot-pourri con presa mortale, carta k2 fogli in vendita, e carta speziata k2 alta legale, Se non sai come fare il tuo ordine, non dimenticare di contattarci. Siamo sempre aperti, quindi se vuoi ordinare i nostri prodotti oggi godrai di uno sconto del 20% su tutti i tuoi prodotti. Cogli subito questa opportunit\u00e0 e fai il tuo ordine perch\u00e9 non giochiamo con prodotti economici. k2 Spice spray su carta in vendita.<\/p>\n<p>Spice K2 Liquid Spray su carta, acquista Spice Liquid K2 su carta,\u00a0acquista K2 Liquid spray su carta,\u00a0 spray k2 su carta in vendita,\u00a0 spray speziato per carta, k2 liquido su carta online,\u00a0spray k2 liquido su carta in vendita vicino a me, spray k2 su carta,<strong data-key=\"carta infusa k2 in vendita\">\u00a0<\/strong>carta speziata k2 legale alta<strong data-key=\"k2 infused paper for sale\">,<\/strong>\u00a0carta K2 in vendita USA, spray k2 pi\u00f9 forte su carta, cos&#8217;\u00e8 lo spray k2 su carta, acquista a4 carta imbevuta, fogli di carta k2 economici, acquista carta k2 online<\/p>\n<h2>Acquista carta K2 all&#8217;ingrosso online negli Stati Uniti con consegna il giorno successivo<\/h2>\n<p>Capiamo quando non hai carte k2 ed \u00e8 per questo che noi sempre assicurati che la prossima spedizione durante la notte per tutti i nostri prodotti, se ordini carta k2 in vendita dal\u00a0nostro negozio, dovresti sempre assicurarti di essere al sicuro quando acquisti carta k2 online da noi. Se vuoi il tuo pacco al pi\u00f9 presto dovresti provarci e vedere di cosa sto parlando, se sei negli Stati Uniti o in Europa, carta k2 all&#8217;ingrosso online. carta in vendita acquista k2, il nostro processo di spedizione \u00e8 lo stesso, quindi non hai problemi ad acquistare carta k2 in vendita a un prezzo economico. Vogliamo assicurarci che tu sia sempre pronto in caso di partita.<\/p>\n<p>\u00c8 sempre consigliabile essere sul posto durante la consegna in modo da non avere problemi con la polizia. Visita sempre il nostro negozio per il tuo\u00a0incenso alle erbe\u00a0e anche per la carta liquida. carta infusa k2 e Acquista carta k2 liquida quando si tratta di qualit\u00e0 del prodotto e confezione discreta ci siamo guadagnati il \u200b\u200bmiglior regalo quest&#8217;anno.<span class=\"css-a5m6co-text css-p8ym46-fontFamily css-11397xj-fontSize css- 18j1nfb-display\">fogli di carta k2 in vendita,<\/span>\u00a0In ciascuna delle nostre carte, la massima qualit\u00e0 viene spruzzata su entrambi i lati della\u00a0carta, Ogni foglio A4 \u00e8 infuso con 25 ml=0,845351 once fluide di K2 liquido<\/p>\n<p>Se sei in prigione e vuoi ordinare la carta k2 online, non sei il migliore perch\u00e9 la maggior parte dei nostri clienti \u00e8 in prigione, i nostri prodotti sono meglio conosciuti per il loro odore incolore e inodore. Fogli di carta k2 economici, acquista k2 cartaceo in linea. I nostri prodotti sono purissimi perch\u00e9 realizzati da tecnici di laboratorio che operano nel settore da oltre 15 anni. Dimentica i sentimenti, la nostra palla \u00e8 la cosa migliore da fare in questo momento. Se sei un vecchio cliente puoi ordinare i nostri prodotti senza stress.<\/p>\n<h3>Acquista K2 Sheets Online Prezzo economico<\/h3>\n<p>I prezzi economici ti faranno risparmiare molto quando ordini la carta per spezie k2 online dal nostro negozio. non \u00e8 necessario acquistare fogli k2 online a un prezzo economico con bassa qualit\u00e0. ci sono molte persone l\u00e0 fuori che hanno bisogno della carta k2 della migliore qualit\u00e0. Vogliamo che tu possa goderti la migliore esperienza online. Acquista carta K2 all&#8217;ingrosso online, fogli di carta K2 in vendita<br \/>\nCarta K2 in vendita USA, i nostri prezzi sono molto competitivi, quindi se non vuoi stressarti acquistando carta K2 da negozi inaffidabili, dovresti invece ordinare da noi perch\u00e9 ti abbiamo coperto.<\/p>\n<p>Offriamo anche la spedizione durante la notte gratuitamente quando \u00e8 la prima volta che acquisti k2 spray online. Vogliamo fornirti i prodotti della migliore qualit\u00e0 in tutto il mondo. Carta K2 in vendita USA\u00a0 La migliore carta K2 disponibile in vendita online \u00e8 ora disponibile nel nostro negozio. fogli di carta k2 economici, acquista carta k2 online, forniamo a tutti\u00a0<a href=\"https:\/\/www.50states.com\/\" target=\"_blank\" rel=\"noopener\">50 stati<\/a>\u00a0negli USA , se vuoi valutare il nostro ospedale, tutto ci\u00f2 di cui hai bisogno \u00e8 visitare il nostro negozio ed effettuare il tuo ordine. Acquista carta k2 in vendita da noi e fatti consegnare il prodotto il giorno successivo tramite FedEx o\u00a0<a href=\"https:\/\/www.dhl.com\/\" target=\"_blank\" rel=\"noopener\">DHL<\/a> . Se trovi difficile ordinare le carte k2 dal nostro negozio, contattaci in modo che possiamo elaborare immediatamente il tuo ordine.<\/p>\n<h3>Fogli di carta K2 in vendita all&#8217;ingrosso<\/h3>\n<p>Se sei un rivenditore e stai cercando le migliori offerte sulla carta k2 online, considera di visitare il nostro negozio in modo che possiamo servirti con i migliori prodotti e anche molto economici. -fontSize css-18j1nfb-display&#8221;&gt;k2 fogli di carta in vendita. Sei sicuro di acquistare da noi perch\u00e9 il nostro metodo di consegna \u00e8 imbattibile. Vogliamo assicurarci che i prodotti che ricevi non siano altro che i migliori. Se desideri acquistare fogli da 10 k2 e oltre, dovresti considerare di visitarci perch\u00e9 ti offriremo un prezzo economico senza complicazioni.<\/p>\n<p><img decoding=\"async\" class=\"alignnone size-medium wp-image-7832\" src=\"https:\/\/everydaychemshop.com\/it\/wp-content\/uploads\/sites\/6\/2022\/11\/K2-Paper-rolled-300x300.png\" alt=\"\" width=\"300\" height=\"300 \" srcset=\"https:\/\/everydaychemshop.com\/it\/wp-content\/uploads\/sites\/6\/2022\/11\/K2-Paper-rolled-300x300.png 300w, https:\/\/everydaychemshop.com\/it\/wp-content\/uploads\/sites\/6\/2022\/11\/K2-Paper-rolled-150x150.png 150w, https:\/\/everydaychemshop.com\/it\/wp-content\/uploads\/sites\/6\/2022\/11\/K2-Paper-rolled-320x320.png 320w, https:\/\/everydaychemshop.com\/it\/wp-content\/uploads\/sites\/6\/2022\/11\/K2-Paper-rolled.png 600w\" sizes=\"(max-width: 300px) 100vw, 300px\" \/><\/p>\n","protected":false},"excerpt":{"rendered":"<p>Ordina la migliore qualit\u00e0 di carta k2 in vendita online negli Stati Uniti con consegna garantita il giorno successivo dal dispensario online pi\u00f9 affidabile e affidabile senza complicazioni, siamo qui per renderti felice e rendere molto facile per chiunque ordinare carta k2 online senza problemi. carta k2 all&#8217;ingrosso online, acquista carta k2 all&#8217;ingrosso onlinefogli di carta k2 in vendita<\/p>\n","protected":false},"featured_media":7834,"comment_status":"open","ping_status":"closed","template":"","meta":{"inline_featured_image":false},"product_brand":[],"product_cat":[116],"product_tag":[],"class_list":{"0":"post-7830","1":"product","2":"type-product","3":"status-publish","4":"has-post-thumbnail","6":"product_cat-pain-killers","8":"first","9":"instock","10":"shipping-taxable","11":"purchasable","12":"product-type-variable","13":"has-default-attributes"},"yoast_head":"<!-- This site is optimized with the Yoast SEO Premium plugin v19.2 (Yoast SEO v27.3) - https:\/\/yoast.com\/product\/yoast-seo-premium-wordpress\/ -->\n<title>Acquista carta K2 online - Everyday Chem Shop<\/title>\n<meta name=\"description\" content=\"Acquista carta K2 online. Vendiamo carta K2 della migliore qualit\u00e0 online. Vi preghiamo di contattarci per ulteriori informazioni e prezzi.\" \/>\n<meta name=\"robots\" content=\"index, follow, max-snippet:-1, max-image-preview:large, max-video-preview:-1\" \/>\n<link rel=\"canonical\" href=\"https:\/\/everydaychemshop.com\/it\/product\/k2-carta\/\" \/>\n<meta property=\"og:locale\" content=\"en_US\" \/>\n<meta property=\"og:type\" content=\"article\" \/>\n<meta property=\"og:title\" content=\"Carta K2\" \/>\n<meta property=\"og:description\" content=\"Acquista carta K2 online. Vendiamo carta K2 della migliore qualit\u00e0 online. Vi preghiamo di contattarci per ulteriori informazioni e prezzi.\" \/>\n<meta property=\"og:url\" content=\"https:\/\/everydaychemshop.com\/it\/product\/k2-carta\/\" \/>\n<meta property=\"og:site_name\" content=\"Everyday Chem Shop\" \/>\n<meta property=\"article:modified_time\" content=\"2023-04-06T21:39:03+00:00\" \/>\n<meta property=\"og:image\" content=\"https:\/\/everydaychemshop.com\/it\/wp-content\/uploads\/sites\/6\/2022\/11\/Legal-High-K2-Spice-Paper.jpg\" \/>\n\t<meta property=\"og:image:width\" content=\"225\" \/>\n\t<meta property=\"og:image:height\" content=\"225\" \/>\n\t<meta property=\"og:image:type\" content=\"image\/jpeg\" \/>\n<meta name=\"twitter:card\" content=\"summary_large_image\" \/>\n<meta name=\"twitter:label1\" content=\"Est. reading time\" \/>\n\t<meta name=\"twitter:data1\" content=\"5 minutes\" \/>\n<script type=\"application\/ld+json\" class=\"yoast-schema-graph\">{\"@context\":\"https:\\\/\\\/schema.org\",\"@graph\":[{\"@type\":\"WebPage\",\"@id\":\"https:\\\/\\\/everydaychemshop.com\\\/it\\\/product\\\/k2-carta\\\/\",\"url\":\"https:\\\/\\\/everydaychemshop.com\\\/it\\\/product\\\/k2-carta\\\/\",\"name\":\"Acquista carta K2 online - Everyday Chem Shop\",\"isPartOf\":{\"@id\":\"https:\\\/\\\/everydaychemshop.com\\\/it\\\/#website\"},\"primaryImageOfPage\":{\"@id\":\"https:\\\/\\\/everydaychemshop.com\\\/it\\\/product\\\/k2-carta\\\/#primaryimage\"},\"image\":{\"@id\":\"https:\\\/\\\/everydaychemshop.com\\\/it\\\/product\\\/k2-carta\\\/#primaryimage\"},\"thumbnailUrl\":\"https:\\\/\\\/everydaychemshop.com\\\/it\\\/wp-content\\\/uploads\\\/sites\\\/6\\\/2022\\\/11\\\/Legal-High-K2-Spice-Paper.jpg\",\"datePublished\":\"2022-11-16T18:06:49+00:00\",\"dateModified\":\"2023-04-06T21:39:03+00:00\",\"description\":\"Acquista carta K2 online. Vendiamo carta K2 della migliore qualit\u00e0 online. Vi preghiamo di contattarci per ulteriori informazioni e prezzi.\",\"breadcrumb\":{\"@id\":\"https:\\\/\\\/everydaychemshop.com\\\/it\\\/product\\\/k2-carta\\\/#breadcrumb\"},\"inLanguage\":\"en-US\",\"potentialAction\":[{\"@type\":\"ReadAction\",\"target\":[\"https:\\\/\\\/everydaychemshop.com\\\/it\\\/product\\\/k2-carta\\\/\"]}]},{\"@type\":\"ImageObject\",\"inLanguage\":\"en-US\",\"@id\":\"https:\\\/\\\/everydaychemshop.com\\\/it\\\/product\\\/k2-carta\\\/#primaryimage\",\"url\":\"https:\\\/\\\/everydaychemshop.com\\\/it\\\/wp-content\\\/uploads\\\/sites\\\/6\\\/2022\\\/11\\\/Legal-High-K2-Spice-Paper.jpg\",\"contentUrl\":\"https:\\\/\\\/everydaychemshop.com\\\/it\\\/wp-content\\\/uploads\\\/sites\\\/6\\\/2022\\\/11\\\/Legal-High-K2-Spice-Paper.jpg\",\"width\":225,\"height\":225,\"caption\":\"Acquista carta K2 online\"},{\"@type\":\"BreadcrumbList\",\"@id\":\"https:\\\/\\\/everydaychemshop.com\\\/it\\\/product\\\/k2-carta\\\/#breadcrumb\",\"itemListElement\":[{\"@type\":\"ListItem\",\"position\":1,\"name\":\"Home\",\"item\":\"https:\\\/\\\/everydaychemshop.com\\\/it\\\/\"},{\"@type\":\"ListItem\",\"position\":2,\"name\":\"Prodotti\",\"item\":\"https:\\\/\\\/everydaychemshop.com\\\/it\\\/prodotti\\\/\"},{\"@type\":\"ListItem\",\"position\":3,\"name\":\"Carta K2\"}]},{\"@type\":\"WebSite\",\"@id\":\"https:\\\/\\\/everydaychemshop.com\\\/it\\\/#website\",\"url\":\"https:\\\/\\\/everydaychemshop.com\\\/it\\\/\",\"name\":\"Everyday Chem Shop\",\"description\":\"\",\"potentialAction\":[{\"@type\":\"SearchAction\",\"target\":{\"@type\":\"EntryPoint\",\"urlTemplate\":\"https:\\\/\\\/everydaychemshop.com\\\/it\\\/?s={search_term_string}\"},\"query-input\":{\"@type\":\"PropertyValueSpecification\",\"valueRequired\":true,\"valueName\":\"search_term_string\"}}],\"inLanguage\":\"en-US\"}]}<\/script>\n<!-- \/ Yoast SEO Premium plugin. -->","yoast_head_json":{"title":"Acquista carta K2 online - Everyday Chem Shop","description":"Acquista carta K2 online. Vendiamo carta K2 della migliore qualit\u00e0 online. Vi preghiamo di contattarci per ulteriori informazioni e prezzi.","robots":{"index":"index","follow":"follow","max-snippet":"max-snippet:-1","max-image-preview":"max-image-preview:large","max-video-preview":"max-video-preview:-1"},"canonical":"https:\/\/everydaychemshop.com\/it\/product\/k2-carta\/","og_locale":"en_US","og_type":"article","og_title":"Carta K2","og_description":"Acquista carta K2 online. Vendiamo carta K2 della migliore qualit\u00e0 online. Vi preghiamo di contattarci per ulteriori informazioni e prezzi.","og_url":"https:\/\/everydaychemshop.com\/it\/product\/k2-carta\/","og_site_name":"Everyday Chem Shop","article_modified_time":"2023-04-06T21:39:03+00:00","og_image":[{"width":225,"height":225,"url":"https:\/\/everydaychemshop.com\/it\/wp-content\/uploads\/sites\/6\/2022\/11\/Legal-High-K2-Spice-Paper.jpg","type":"image\/jpeg"}],"twitter_card":"summary_large_image","twitter_misc":{"Est. reading time":"5 minutes"},"schema":{"@context":"https:\/\/schema.org","@graph":[{"@type":"WebPage","@id":"https:\/\/everydaychemshop.com\/it\/product\/k2-carta\/","url":"https:\/\/everydaychemshop.com\/it\/product\/k2-carta\/","name":"Acquista carta K2 online - Everyday Chem Shop","isPartOf":{"@id":"https:\/\/everydaychemshop.com\/it\/#website"},"primaryImageOfPage":{"@id":"https:\/\/everydaychemshop.com\/it\/product\/k2-carta\/#primaryimage"},"image":{"@id":"https:\/\/everydaychemshop.com\/it\/product\/k2-carta\/#primaryimage"},"thumbnailUrl":"https:\/\/everydaychemshop.com\/it\/wp-content\/uploads\/sites\/6\/2022\/11\/Legal-High-K2-Spice-Paper.jpg","datePublished":"2022-11-16T18:06:49+00:00","dateModified":"2023-04-06T21:39:03+00:00","description":"Acquista carta K2 online. Vendiamo carta K2 della migliore qualit\u00e0 online. Vi preghiamo di contattarci per ulteriori informazioni e prezzi.","breadcrumb":{"@id":"https:\/\/everydaychemshop.com\/it\/product\/k2-carta\/#breadcrumb"},"inLanguage":"en-US","potentialAction":[{"@type":"ReadAction","target":["https:\/\/everydaychemshop.com\/it\/product\/k2-carta\/"]}]},{"@type":"ImageObject","inLanguage":"en-US","@id":"https:\/\/everydaychemshop.com\/it\/product\/k2-carta\/#primaryimage","url":"https:\/\/everydaychemshop.com\/it\/wp-content\/uploads\/sites\/6\/2022\/11\/Legal-High-K2-Spice-Paper.jpg","contentUrl":"https:\/\/everydaychemshop.com\/it\/wp-content\/uploads\/sites\/6\/2022\/11\/Legal-High-K2-Spice-Paper.jpg","width":225,"height":225,"caption":"Acquista carta K2 online"},{"@type":"BreadcrumbList","@id":"https:\/\/everydaychemshop.com\/it\/product\/k2-carta\/#breadcrumb","itemListElement":[{"@type":"ListItem","position":1,"name":"Home","item":"https:\/\/everydaychemshop.com\/it\/"},{"@type":"ListItem","position":2,"name":"Prodotti","item":"https:\/\/everydaychemshop.com\/it\/prodotti\/"},{"@type":"ListItem","position":3,"name":"Carta K2"}]},{"@type":"WebSite","@id":"https:\/\/everydaychemshop.com\/it\/#website","url":"https:\/\/everydaychemshop.com\/it\/","name":"Everyday Chem Shop","description":"","potentialAction":[{"@type":"SearchAction","target":{"@type":"EntryPoint","urlTemplate":"https:\/\/everydaychemshop.com\/it\/?s={search_term_string}"},"query-input":{"@type":"PropertyValueSpecification","valueRequired":true,"valueName":"search_term_string"}}],"inLanguage":"en-US"}]}},"_links":{"self":[{"href":"https:\/\/everydaychemshop.com\/it\/wp-json\/wp\/v2\/product\/7830","targetHints":{"allow":["GET"]}}],"collection":[{"href":"https:\/\/everydaychemshop.com\/it\/wp-json\/wp\/v2\/product"}],"about":[{"href":"https:\/\/everydaychemshop.com\/it\/wp-json\/wp\/v2\/types\/product"}],"replies":[{"embeddable":true,"href":"https:\/\/everydaychemshop.com\/it\/wp-json\/wp\/v2\/comments?post=7830"}],"wp:featuredmedia":[{"embeddable":true,"href":"https:\/\/everydaychemshop.com\/it\/wp-json\/wp\/v2\/media\/7834"}],"wp:attachment":[{"href":"https:\/\/everydaychemshop.com\/it\/wp-json\/wp\/v2\/media?parent=7830"}],"wp:term":[{"taxonomy":"product_brand","embeddable":true,"href":"https:\/\/everydaychemshop.com\/it\/wp-json\/wp\/v2\/product_brand?post=7830"},{"taxonomy":"product_cat","embeddable":true,"href":"https:\/\/everydaychemshop.com\/it\/wp-json\/wp\/v2\/product_cat?post=7830"},{"taxonomy":"product_tag","embeddable":true,"href":"https:\/\/everydaychemshop.com\/it\/wp-json\/wp\/v2\/product_tag?post=7830"}],"curies":[{"name":"wp","href":"https:\/\/api.w.org\/{rel}","templated":true}]}}