{"id":7885,"date":"2022-11-16T19:26:10","date_gmt":"2022-11-16T19:26:10","guid":{"rendered":"https:\/\/everydaychemshop.com\/it\/?post_type=product&#038;p=7885"},"modified":"2023-04-06T21:37:49","modified_gmt":"2023-04-06T21:37:49","slug":"clear-k2-incenso-spray","status":"publish","type":"product","link":"https:\/\/everydaychemshop.com\/it\/product\/clear-k2-incenso-spray\/","title":{"rendered":"Spray per incenso K2 trasparente"},"content":{"rendered":"<h1>Acquista lo spray per incenso K2 online<\/h1>\n<p><a href=\"https:\/\/everydaychemshop.com\/it\/product\/clear-k2-incenso-spray\/\">Acquista lo spray per incenso K2 online<\/a>. I cannabinoidi sintetici sono considerati attraverso alcuni dei nomi emblematici che includono K2, Spice, Arizona, Black Mamba, Bombay Blue, Genie, Zohai, Banana Cream Nuke, Krypton, Lava Red e molti altri.<\/p>\n<p>In alcuni paesi di lingua spagnola, inclusi Cile e Argentina,<\/p>\n<p>Tali gli arrangiamenti vengono regolarmente definiti &#8220;cripy&#8221;.<\/p>\n<p>Nelson afferma che rispetto alla marijuana, i prodotti contenenti cannabinoidi artificiali &#8220;sono <a href=\"https:\/\/it.wikipedia.org\/wiki\/Cannabinoidi\">onestamente<\/a> piuttosto diversi e le conseguenze sono molto pi\u00f9 imprevedibili<\/p>\n<p>I cannabinoidi sintetici sono considerati attraverso alcuni dei nomi emblematici che includono K2, Spice, Arizona, Black Mamba, Bombay Blue, Genie, Zohai, Banana Cream Nuke, Krypton, Lava Red e molti altri.<\/p>\n<p>In a pochi paesi di lingua spagnola, compresi il Cile e l&#8217;Argentina,<\/p>\n<p>Tali accordi vengono regolarmente definiti &#8220;croccanti&#8221;.<\/p>\n<p>Essi vengono regolarmente chiamati &#8220;marijuana artificiale&#8221;, &#8220;erbe aromatiche&#8221;, &#8220;incenso naturale&#8221;<\/p>\n<p>Liquido K2 su carta<\/p>\n<p>Ti presentiamo virtualmente i prodotti perfetti che potresti acquistare. \u00c8 una perfetta variazione di e-liquid di incenso naturale che abbiamo mai sperimentato. Puoi raccogliere alcuni dei nomi pi\u00f9 famosi del settore o ottenere le loro miscele viventi personalizzate che ti offrono nuove quantit\u00e0 di aroma in cui non pensavi fosse possibile avere successo. Regno Unito. Pre-roll si riferisce ad alcune canne che sono state pre-rollate. I dispensari in genere vendono pre-roll. Le canne pre-roll hanno la tendenza ad essere incredibilmente economiche, pi\u00f9 piccole e discrete. Sono perfetti.<\/p>\n<p>K2 Liquid Spray<\/p>\n<p>Sappi cosa stai ottenendo selezionando questa miscela. Le miscele naturali al 100% sono state selezionate a mano per darti la miscela pi\u00f9 liscia. Abbiamo elencato gli elementi dello spray per carta pulita sopra in modo che tu riconosca ci\u00f2 che stai alzando in primo piano perch\u00e9 la base del nostro prodotto.<\/p>\n<p>\u00c8 facile vedere perch\u00e9 lo spray per carta pulita k2 \u00e8 stato un costante internazionale incenso pi\u00f9 venduto per noi da oltre 10 anni. Acquista lo spray per incenso K2 online<\/p>\n","protected":false},"excerpt":{"rendered":"<p>Spray di incenso K2 inodore e incolore disponibile in vendita a prezzi bassi economici. Hai bisogno di un flacone da 25 ml per spruzzare un foglio di carta A4 completo.<\/p>\n","protected":false},"featured_media":7892,"comment_status":"open","ping_status":"closed","template":"","meta":{"inline_featured_image":false},"product_brand":[],"product_cat":[116],"product_tag":[],"class_list":{"0":"post-7885","1":"product","2":"type-product","3":"status-publish","4":"has-post-thumbnail","6":"product_cat-pain-killers","8":"first","9":"instock","10":"shipping-taxable","11":"purchasable","12":"product-type-variable","13":"has-default-attributes"},"yoast_head":"<!-- This site is optimized with the Yoast SEO Premium plugin v19.2 (Yoast SEO v27.3) - https:\/\/yoast.com\/product\/yoast-seo-premium-wordpress\/ -->\n<title>Acquista lo spray per incenso K2 online - Everyday Chem Shop<\/title>\n<meta name=\"description\" content=\"Acquista lo spray per incenso K2 online. Vendiamo spray di incenso K2 della migliore qualit\u00e0 online. Vi preghiamo di contattarci per ulteriori informazioni e prezzi.\" \/>\n<meta name=\"robots\" content=\"index, follow, max-snippet:-1, max-image-preview:large, max-video-preview:-1\" \/>\n<link rel=\"canonical\" href=\"https:\/\/everydaychemshop.com\/it\/product\/clear-k2-incenso-spray\/\" \/>\n<meta property=\"og:locale\" content=\"en_US\" \/>\n<meta property=\"og:type\" content=\"article\" \/>\n<meta property=\"og:title\" content=\"Spray per incenso K2 trasparente\" \/>\n<meta property=\"og:description\" content=\"Acquista lo spray per incenso K2 online. Vendiamo spray di incenso K2 della migliore qualit\u00e0 online. Vi preghiamo di contattarci per ulteriori informazioni e prezzi.\" \/>\n<meta property=\"og:url\" content=\"https:\/\/everydaychemshop.com\/it\/product\/clear-k2-incenso-spray\/\" \/>\n<meta property=\"og:site_name\" content=\"Everyday Chem Shop\" \/>\n<meta property=\"article:modified_time\" content=\"2023-04-06T21:37:49+00:00\" \/>\n<meta property=\"og:image\" content=\"https:\/\/everydaychemshop.com\/it\/wp-content\/uploads\/sites\/6\/2022\/11\/fa7e91aea60b0795348e8f445e66ce46.jpg\" \/>\n\t<meta property=\"og:image:width\" content=\"280\" \/>\n\t<meta property=\"og:image:height\" content=\"280\" \/>\n\t<meta property=\"og:image:type\" content=\"image\/jpeg\" \/>\n<meta name=\"twitter:card\" content=\"summary_large_image\" \/>\n<meta name=\"twitter:label1\" content=\"Est. reading time\" \/>\n\t<meta name=\"twitter:data1\" content=\"2 minutes\" \/>\n<script type=\"application\/ld+json\" class=\"yoast-schema-graph\">{\"@context\":\"https:\\\/\\\/schema.org\",\"@graph\":[{\"@type\":\"WebPage\",\"@id\":\"https:\\\/\\\/everydaychemshop.com\\\/it\\\/product\\\/clear-k2-incenso-spray\\\/\",\"url\":\"https:\\\/\\\/everydaychemshop.com\\\/it\\\/product\\\/clear-k2-incenso-spray\\\/\",\"name\":\"Acquista lo spray per incenso K2 online - Everyday Chem Shop\",\"isPartOf\":{\"@id\":\"https:\\\/\\\/everydaychemshop.com\\\/it\\\/#website\"},\"primaryImageOfPage\":{\"@id\":\"https:\\\/\\\/everydaychemshop.com\\\/it\\\/product\\\/clear-k2-incenso-spray\\\/#primaryimage\"},\"image\":{\"@id\":\"https:\\\/\\\/everydaychemshop.com\\\/it\\\/product\\\/clear-k2-incenso-spray\\\/#primaryimage\"},\"thumbnailUrl\":\"https:\\\/\\\/everydaychemshop.com\\\/it\\\/wp-content\\\/uploads\\\/sites\\\/6\\\/2022\\\/11\\\/fa7e91aea60b0795348e8f445e66ce46.jpg\",\"datePublished\":\"2022-11-16T19:26:10+00:00\",\"dateModified\":\"2023-04-06T21:37:49+00:00\",\"description\":\"Acquista lo spray per incenso K2 online. Vendiamo spray di incenso K2 della migliore qualit\u00e0 online. Vi preghiamo di contattarci per ulteriori informazioni e prezzi.\",\"breadcrumb\":{\"@id\":\"https:\\\/\\\/everydaychemshop.com\\\/it\\\/product\\\/clear-k2-incenso-spray\\\/#breadcrumb\"},\"inLanguage\":\"en-US\",\"potentialAction\":[{\"@type\":\"ReadAction\",\"target\":[\"https:\\\/\\\/everydaychemshop.com\\\/it\\\/product\\\/clear-k2-incenso-spray\\\/\"]}]},{\"@type\":\"ImageObject\",\"inLanguage\":\"en-US\",\"@id\":\"https:\\\/\\\/everydaychemshop.com\\\/it\\\/product\\\/clear-k2-incenso-spray\\\/#primaryimage\",\"url\":\"https:\\\/\\\/everydaychemshop.com\\\/it\\\/wp-content\\\/uploads\\\/sites\\\/6\\\/2022\\\/11\\\/fa7e91aea60b0795348e8f445e66ce46.jpg\",\"contentUrl\":\"https:\\\/\\\/everydaychemshop.com\\\/it\\\/wp-content\\\/uploads\\\/sites\\\/6\\\/2022\\\/11\\\/fa7e91aea60b0795348e8f445e66ce46.jpg\",\"width\":280,\"height\":280,\"caption\":\"Acquista lo spray per incenso K2 online\"},{\"@type\":\"BreadcrumbList\",\"@id\":\"https:\\\/\\\/everydaychemshop.com\\\/it\\\/product\\\/clear-k2-incenso-spray\\\/#breadcrumb\",\"itemListElement\":[{\"@type\":\"ListItem\",\"position\":1,\"name\":\"Home\",\"item\":\"https:\\\/\\\/everydaychemshop.com\\\/it\\\/\"},{\"@type\":\"ListItem\",\"position\":2,\"name\":\"Prodotti\",\"item\":\"https:\\\/\\\/everydaychemshop.com\\\/it\\\/prodotti\\\/\"},{\"@type\":\"ListItem\",\"position\":3,\"name\":\"Spray per incenso K2 trasparente\"}]},{\"@type\":\"WebSite\",\"@id\":\"https:\\\/\\\/everydaychemshop.com\\\/it\\\/#website\",\"url\":\"https:\\\/\\\/everydaychemshop.com\\\/it\\\/\",\"name\":\"Everyday Chem Shop\",\"description\":\"\",\"potentialAction\":[{\"@type\":\"SearchAction\",\"target\":{\"@type\":\"EntryPoint\",\"urlTemplate\":\"https:\\\/\\\/everydaychemshop.com\\\/it\\\/?s={search_term_string}\"},\"query-input\":{\"@type\":\"PropertyValueSpecification\",\"valueRequired\":true,\"valueName\":\"search_term_string\"}}],\"inLanguage\":\"en-US\"}]}<\/script>\n<!-- \/ Yoast SEO Premium plugin. -->","yoast_head_json":{"title":"Acquista lo spray per incenso K2 online - Everyday Chem Shop","description":"Acquista lo spray per incenso K2 online. Vendiamo spray di incenso K2 della migliore qualit\u00e0 online. Vi preghiamo di contattarci per ulteriori informazioni e prezzi.","robots":{"index":"index","follow":"follow","max-snippet":"max-snippet:-1","max-image-preview":"max-image-preview:large","max-video-preview":"max-video-preview:-1"},"canonical":"https:\/\/everydaychemshop.com\/it\/product\/clear-k2-incenso-spray\/","og_locale":"en_US","og_type":"article","og_title":"Spray per incenso K2 trasparente","og_description":"Acquista lo spray per incenso K2 online. Vendiamo spray di incenso K2 della migliore qualit\u00e0 online. Vi preghiamo di contattarci per ulteriori informazioni e prezzi.","og_url":"https:\/\/everydaychemshop.com\/it\/product\/clear-k2-incenso-spray\/","og_site_name":"Everyday Chem Shop","article_modified_time":"2023-04-06T21:37:49+00:00","og_image":[{"width":280,"height":280,"url":"https:\/\/everydaychemshop.com\/it\/wp-content\/uploads\/sites\/6\/2022\/11\/fa7e91aea60b0795348e8f445e66ce46.jpg","type":"image\/jpeg"}],"twitter_card":"summary_large_image","twitter_misc":{"Est. reading time":"2 minutes"},"schema":{"@context":"https:\/\/schema.org","@graph":[{"@type":"WebPage","@id":"https:\/\/everydaychemshop.com\/it\/product\/clear-k2-incenso-spray\/","url":"https:\/\/everydaychemshop.com\/it\/product\/clear-k2-incenso-spray\/","name":"Acquista lo spray per incenso K2 online - Everyday Chem Shop","isPartOf":{"@id":"https:\/\/everydaychemshop.com\/it\/#website"},"primaryImageOfPage":{"@id":"https:\/\/everydaychemshop.com\/it\/product\/clear-k2-incenso-spray\/#primaryimage"},"image":{"@id":"https:\/\/everydaychemshop.com\/it\/product\/clear-k2-incenso-spray\/#primaryimage"},"thumbnailUrl":"https:\/\/everydaychemshop.com\/it\/wp-content\/uploads\/sites\/6\/2022\/11\/fa7e91aea60b0795348e8f445e66ce46.jpg","datePublished":"2022-11-16T19:26:10+00:00","dateModified":"2023-04-06T21:37:49+00:00","description":"Acquista lo spray per incenso K2 online. Vendiamo spray di incenso K2 della migliore qualit\u00e0 online. Vi preghiamo di contattarci per ulteriori informazioni e prezzi.","breadcrumb":{"@id":"https:\/\/everydaychemshop.com\/it\/product\/clear-k2-incenso-spray\/#breadcrumb"},"inLanguage":"en-US","potentialAction":[{"@type":"ReadAction","target":["https:\/\/everydaychemshop.com\/it\/product\/clear-k2-incenso-spray\/"]}]},{"@type":"ImageObject","inLanguage":"en-US","@id":"https:\/\/everydaychemshop.com\/it\/product\/clear-k2-incenso-spray\/#primaryimage","url":"https:\/\/everydaychemshop.com\/it\/wp-content\/uploads\/sites\/6\/2022\/11\/fa7e91aea60b0795348e8f445e66ce46.jpg","contentUrl":"https:\/\/everydaychemshop.com\/it\/wp-content\/uploads\/sites\/6\/2022\/11\/fa7e91aea60b0795348e8f445e66ce46.jpg","width":280,"height":280,"caption":"Acquista lo spray per incenso K2 online"},{"@type":"BreadcrumbList","@id":"https:\/\/everydaychemshop.com\/it\/product\/clear-k2-incenso-spray\/#breadcrumb","itemListElement":[{"@type":"ListItem","position":1,"name":"Home","item":"https:\/\/everydaychemshop.com\/it\/"},{"@type":"ListItem","position":2,"name":"Prodotti","item":"https:\/\/everydaychemshop.com\/it\/prodotti\/"},{"@type":"ListItem","position":3,"name":"Spray per incenso K2 trasparente"}]},{"@type":"WebSite","@id":"https:\/\/everydaychemshop.com\/it\/#website","url":"https:\/\/everydaychemshop.com\/it\/","name":"Everyday Chem Shop","description":"","potentialAction":[{"@type":"SearchAction","target":{"@type":"EntryPoint","urlTemplate":"https:\/\/everydaychemshop.com\/it\/?s={search_term_string}"},"query-input":{"@type":"PropertyValueSpecification","valueRequired":true,"valueName":"search_term_string"}}],"inLanguage":"en-US"}]}},"_links":{"self":[{"href":"https:\/\/everydaychemshop.com\/it\/wp-json\/wp\/v2\/product\/7885","targetHints":{"allow":["GET"]}}],"collection":[{"href":"https:\/\/everydaychemshop.com\/it\/wp-json\/wp\/v2\/product"}],"about":[{"href":"https:\/\/everydaychemshop.com\/it\/wp-json\/wp\/v2\/types\/product"}],"replies":[{"embeddable":true,"href":"https:\/\/everydaychemshop.com\/it\/wp-json\/wp\/v2\/comments?post=7885"}],"wp:featuredmedia":[{"embeddable":true,"href":"https:\/\/everydaychemshop.com\/it\/wp-json\/wp\/v2\/media\/7892"}],"wp:attachment":[{"href":"https:\/\/everydaychemshop.com\/it\/wp-json\/wp\/v2\/media?parent=7885"}],"wp:term":[{"taxonomy":"product_brand","embeddable":true,"href":"https:\/\/everydaychemshop.com\/it\/wp-json\/wp\/v2\/product_brand?post=7885"},{"taxonomy":"product_cat","embeddable":true,"href":"https:\/\/everydaychemshop.com\/it\/wp-json\/wp\/v2\/product_cat?post=7885"},{"taxonomy":"product_tag","embeddable":true,"href":"https:\/\/everydaychemshop.com\/it\/wp-json\/wp\/v2\/product_tag?post=7885"}],"curies":[{"name":"wp","href":"https:\/\/api.w.org\/{rel}","templated":true}]}}