{"id":7964,"date":"2022-11-17T10:07:48","date_gmt":"2022-11-17T10:07:48","guid":{"rendered":"https:\/\/everydaychemshop.com\/it\/?post_type=product&#038;p=7964"},"modified":"2023-04-06T21:29:45","modified_gmt":"2023-04-06T21:29:45","slug":"comprare-w-18-pillole","status":"publish","type":"product","link":"https:\/\/everydaychemshop.com\/it\/product\/comprare-w-18-pillole\/","title":{"rendered":"Acquista pillole W-18"},"content":{"rendered":"<h1>Acquista pillole W-18 online<\/h1>\n<p><a href=\"https:\/\/everydaychemshop.com\/it\/product\/comprare-w-18-pillole\/\">Acquista pillole W-18 online<\/a>. W-18 \u00e8 un composto in una serie di 32 sostanze (denominate da W-1 a W-32) che sono state sintetizzate per la prima volta nella ricerca accademica sulla scoperta di farmaci analgesici negli anni &#8217;80 e sono apparse come droghe di design negli anni 2010. Acquista polvere W-18 in vendita online.<\/p>\n<p>Il W-18 \u00e8 stato inventato all&#8217;Universit\u00e0 di Alberta da un laboratorio che lavorava alla scoperta di farmaci analgesici negli anni &#8217;80. Studi preliminari sugli animali hanno mostrato che aveva attivit\u00e0 antidolorifica <a href=\"https:\/\/en.wikipedia.org\/wiki\/W-18\">nei<\/a> topi.<\/p>\n<p>In Europa e negli Stati Uniti nel 2013, la molecola \u00e8 stata scoperta nell&#8217;uso di droghe ricreative in sostituzione di altri stupefacenti proibiti. Nel dicembre 2015, Alberta Law Enforcement Response Teams (ALERT) ha scoperto quattro chilogrammi di W-18 in un arresto per droga a Edmonton. Health Canada ha trovato W-18 in almeno tre delle 110 compresse di fentanyl confiscate da una casa di Calgary nell&#8217;agosto 2015.<\/p>\n<p>Negli anni 2010, W-18 \u00e8 stato ampiamente affermato dalla stampa popolare come un oppioide. Tuttavia, questo \u00e8 stato successivamente smentito. Sia i recettori sigma che la proteina traslocatrice sono risultati scarsamente attivi quando \u00e8 stato testato il W-18 (recettore periferico delle benzodiazepine). Ha anche un&#8217;affinit\u00e0 micromolare per il canale del potassio hERG, che potrebbe causare aritmia cardiaca a dosi elevate. una droga di strada di design scoperta durante la ricerca sugli antidolorifici analgesici negli anni &#8217;80. Durante i primi test, la sostanza era cento volte pi\u00f9 potente del fentanil. \u00c8 un potente antidolorifico oppioide che \u00e8 50 volte pi\u00f9 forte dell&#8217;eroina e 10.000 volte pi\u00f9 potente della morfina. 1. Le aziende farmaceutiche non hanno mai ritirato il farmaco. Tuttavia, il W-18 \u00e8 diventato disponibile per l&#8217;acquisto su Internet negli ultimi anni, con forniture provenienti dall&#8217;esterno del Canada, dove il medicinale \u00e8 stato prodotto per la prima volta. Il W-18 ha rapidamente guadagnato popolarit\u00e0 come droga di strada pericolosa e potenzialmente fatale in Nord America e in Europa grazie alla sua accessibilit\u00e0.<\/p>\n<p>Il W-18 \u00e8 stato descritto come il seguente nuovo farmaco nella continua pandemia di oppioidi in molte storie all&#8217;inizio di quest&#8217;anno. Il W-18 \u00e8 stato soprannominato un farmaco oppioide di eccezionale letalit\u00e0 poich\u00e9 \u00e8 stato sviluppato durante la ricerca sugli antidolorifici. I suoi effetti sono stati confrontati con quelli degli oppioidi. 2 W-18, d&#8217;altra parte, era diverso dai farmaci oppiacei e da altri farmaci oppiacei in diversi modi. Ad esempio, il farmaco non \u00e8 rilevabile in qualsiasi screening farmacologico standard, compresi quelli progettati in particolare per identificare gli antidolorifici. Inoltre, il naloxone, destinato a invertire un&#8217;overdose di oppioidi in caso di emergenza, non ha alcun impatto su chi soffre di overdose di W-18. Nonostante queste anomalie, il W-18 \u00e8 stato comunque classificato come un oppioide, a causa dell&#8217;aumento dei decessi per overdose legati al suo uso.<\/p>\n<p>I decessi per overdose sono saliti alle stelle a causa del W-18<br \/>\nIn precedenza, gli spacciatori di eroina avrebbero diluito i loro fornisce prodotti chimici come il bicarbonato di sodio per massimizzare la quantit\u00e0 di eroina che potrebbero vendere. Tuttavia, poich\u00e9 ci\u00f2 ridurrebbe la potenza dell&#8217;eroina, aggiungerebbero piccole dosi di fentanil per aumentare la potenza della miscela notevolmente danneggiata. Come risultato dell&#8217;eroina a base di fentanil che i tossicodipendenti stavano assumendo, c&#8217;\u00e8 stato un aumento dei decessi per overdose, in particolare lungo la costa orientale americana. Di conseguenza, era solo una questione di tempo prima che il W-18, che si dice crei uno sballo simile all&#8217;eroina pur essendo molte volte pi\u00f9 pericoloso del fentanil, fosse usato allo stesso modo, portando ad un aumento dei decessi per overdose. 3 W-18 \u00e8 disponibile anche in polvere bianca, il che lo rende facile da confondere con l&#8217;eroina o la versione in polvere del fentanyl.<\/p>\n<p>La sostanza \u00e8 un oppioide sintetico senza alcuna applicazione clinica riconosciuta. Il farmaco \u00e8 stato creato da un gruppo di scienziati canadesi negli anni &#8217;80 come parte di una serie di antidolorifici sperimentali, ma non \u00e8 mai stato testato sugli esseri umani. Di conseguenza, la maggior parte dei suoi possibili effetti avversi sulle persone sono sconosciuti: il W-18 \u00e8 stato valutato solo su topi di laboratorio.<\/p>\n<p>Il W-18 \u00e8 100 volte pi\u00f9 potente del fentanil in termini di potenza. Il fentanil \u00e8 un farmaco 100 volte pi\u00f9 potente della morfina. Il W-18 \u00e8 10.000 volte pi\u00f9 potente degli oppiacei tradizionali.<\/p>\n","protected":false},"excerpt":{"rendered":"<p>Acquista pillole W-18 in vendita online in USA, Canada, Regno Unito, Asia ed Europa La nostra spedizione e consegna \u00e8 sicura, protetta e discreta al 100%.<\/p>\n","protected":false},"featured_media":7969,"comment_status":"open","ping_status":"closed","template":"","meta":{"inline_featured_image":false},"product_brand":[],"product_cat":[116],"product_tag":[465,466,476,462,463,464,467,470,471,472,468,469,474,473,475,477,478,506,505,489,479,461,481,480,482,483,484,486,485,487,490,491,499,494,492,493,495,496,497,502,500,501,503,504,488],"class_list":{"0":"post-7964","1":"product","2":"type-product","3":"status-publish","4":"has-post-thumbnail","6":"product_cat-pain-killers","7":"product_tag-acquista-w-18-droga-online","8":"product_tag-comprare-w-18-droghe","9":"product_tag-comprare-w-18-pillole","10":"product_tag-compra-w-18","11":"product_tag-acquista-w-18-2mg-online","12":"product_tag-compra-w-18-australia","13":"product_tag-acquista-w-18-europa","14":"product_tag-acquista-w-18-germania-online","15":"product_tag-compra-w-18-in-australia","16":"product_tag-compra-w-18-in-canada","17":"product_tag-compra-w-18-in-vendita","18":"product_tag-acquista-w-18-in-vendita-usa-online","19":"product_tag-compra-w-18-negli-usa","20":"product_tag-acquista-w-18-in-uk","21":"product_tag-acquista-w-18-online","22":"product_tag-compra-w-18-uk","23":"product_tag-compra-w-18-usa","24":"product_tag-dove-acquistare-w-18-pillole","25":"product_tag-dove-acquistare-w-18-online","26":"product_tag-w-18-droghe","27":"product_tag--w-18-legale","28":"product_tag-il-posto-migliore-per-acquistare-w-18-online","29":"product_tag-ordine-w-18-online","30":"product_tag-ordine-w-18-in-vendita","31":"product_tag-qualit-w-18-in-vendita","32":"product_tag-w-18-comprare","33":"product_tag-w-18-acquista-canada","34":"product_tag-w-18-buy-uk","35":"product_tag-w-18-acquista-online","36":"product_tag-w-18-buy-usa","37":"product_tag-w-18-drugs-for-sale","38":"product_tag-effetto-w-18","39":"product_tag-w-18-pillole-effetto","40":"product_tag-w-18-online","41":"product_tag-w-18-in-vendita","42":"product_tag-w-18-in-vendita-online","43":"product_tag-w-18-online-buy","44":"product_tag-w-18-online-negli-usa","45":"product_tag-w-18-ordine","46":"product_tag-w-18-pillole-allingrosso","47":"product_tag-w-18-pillole-in-vendita","48":"product_tag-w-18-pillole-ordine","49":"product_tag-w-18-prezzo-online","50":"product_tag-w-18-reddit","51":"product_tag-w-18-secondi","53":"first","54":"instock","55":"shipping-taxable","56":"purchasable","57":"product-type-variable","58":"has-default-attributes"},"yoast_head":"<!-- This site is optimized with the Yoast SEO Premium plugin v19.2 (Yoast SEO v27.3) - https:\/\/yoast.com\/product\/yoast-seo-premium-wordpress\/ -->\n<title>Acquista pillole W-18 online- Everyday Chem Shop<\/title>\n<meta name=\"description\" content=\"Acquista pillole W-18 online. Vendiamo pillole W-18 online. Si prega di contattarci per ulteriori informazioni per ulteriori informazioni e prezzi.\" \/>\n<meta name=\"robots\" content=\"index, follow, max-snippet:-1, max-image-preview:large, max-video-preview:-1\" \/>\n<link rel=\"canonical\" href=\"https:\/\/everydaychemshop.com\/it\/product\/comprare-w-18-pillole\/\" \/>\n<meta property=\"og:locale\" content=\"en_US\" \/>\n<meta property=\"og:type\" content=\"article\" \/>\n<meta property=\"og:title\" content=\"Acquista pillole W-18\" \/>\n<meta property=\"og:description\" content=\"Acquista pillole W-18 online. Vendiamo pillole W-18 online. Si prega di contattarci per ulteriori informazioni per ulteriori informazioni e prezzi.\" \/>\n<meta property=\"og:url\" content=\"https:\/\/everydaychemshop.com\/it\/product\/comprare-w-18-pillole\/\" \/>\n<meta property=\"og:site_name\" content=\"Everyday Chem Shop\" \/>\n<meta property=\"article:modified_time\" content=\"2023-04-06T21:29:45+00:00\" \/>\n<meta property=\"og:image\" content=\"https:\/\/everydaychemshop.com\/it\/wp-content\/uploads\/sites\/6\/2022\/11\/Buy-W-18-Pills.jpg\" \/>\n\t<meta property=\"og:image:width\" content=\"840\" \/>\n\t<meta property=\"og:image:height\" content=\"781\" \/>\n\t<meta property=\"og:image:type\" content=\"image\/jpeg\" \/>\n<meta name=\"twitter:card\" content=\"summary_large_image\" \/>\n<meta name=\"twitter:label1\" content=\"Est. reading time\" \/>\n\t<meta name=\"twitter:data1\" content=\"4 minutes\" \/>\n<script type=\"application\/ld+json\" class=\"yoast-schema-graph\">{\"@context\":\"https:\\\/\\\/schema.org\",\"@graph\":[{\"@type\":\"WebPage\",\"@id\":\"https:\\\/\\\/everydaychemshop.com\\\/it\\\/product\\\/comprare-w-18-pillole\\\/\",\"url\":\"https:\\\/\\\/everydaychemshop.com\\\/it\\\/product\\\/comprare-w-18-pillole\\\/\",\"name\":\"Acquista pillole W-18 online- Everyday Chem Shop\",\"isPartOf\":{\"@id\":\"https:\\\/\\\/everydaychemshop.com\\\/it\\\/#website\"},\"primaryImageOfPage\":{\"@id\":\"https:\\\/\\\/everydaychemshop.com\\\/it\\\/product\\\/comprare-w-18-pillole\\\/#primaryimage\"},\"image\":{\"@id\":\"https:\\\/\\\/everydaychemshop.com\\\/it\\\/product\\\/comprare-w-18-pillole\\\/#primaryimage\"},\"thumbnailUrl\":\"https:\\\/\\\/everydaychemshop.com\\\/it\\\/wp-content\\\/uploads\\\/sites\\\/6\\\/2022\\\/11\\\/Buy-W-18-Pills.jpg\",\"datePublished\":\"2022-11-17T10:07:48+00:00\",\"dateModified\":\"2023-04-06T21:29:45+00:00\",\"description\":\"Acquista pillole W-18 online. Vendiamo pillole W-18 online. Si prega di contattarci per ulteriori informazioni per ulteriori informazioni e prezzi.\",\"breadcrumb\":{\"@id\":\"https:\\\/\\\/everydaychemshop.com\\\/it\\\/product\\\/comprare-w-18-pillole\\\/#breadcrumb\"},\"inLanguage\":\"en-US\",\"potentialAction\":[{\"@type\":\"ReadAction\",\"target\":[\"https:\\\/\\\/everydaychemshop.com\\\/it\\\/product\\\/comprare-w-18-pillole\\\/\"]}]},{\"@type\":\"ImageObject\",\"inLanguage\":\"en-US\",\"@id\":\"https:\\\/\\\/everydaychemshop.com\\\/it\\\/product\\\/comprare-w-18-pillole\\\/#primaryimage\",\"url\":\"https:\\\/\\\/everydaychemshop.com\\\/it\\\/wp-content\\\/uploads\\\/sites\\\/6\\\/2022\\\/11\\\/Buy-W-18-Pills.jpg\",\"contentUrl\":\"https:\\\/\\\/everydaychemshop.com\\\/it\\\/wp-content\\\/uploads\\\/sites\\\/6\\\/2022\\\/11\\\/Buy-W-18-Pills.jpg\",\"width\":840,\"height\":781,\"caption\":\"Acquista pillole W-18 online\"},{\"@type\":\"BreadcrumbList\",\"@id\":\"https:\\\/\\\/everydaychemshop.com\\\/it\\\/product\\\/comprare-w-18-pillole\\\/#breadcrumb\",\"itemListElement\":[{\"@type\":\"ListItem\",\"position\":1,\"name\":\"Home\",\"item\":\"https:\\\/\\\/everydaychemshop.com\\\/it\\\/\"},{\"@type\":\"ListItem\",\"position\":2,\"name\":\"Prodotti\",\"item\":\"https:\\\/\\\/everydaychemshop.com\\\/it\\\/prodotti\\\/\"},{\"@type\":\"ListItem\",\"position\":3,\"name\":\"Acquista pillole W-18\"}]},{\"@type\":\"WebSite\",\"@id\":\"https:\\\/\\\/everydaychemshop.com\\\/it\\\/#website\",\"url\":\"https:\\\/\\\/everydaychemshop.com\\\/it\\\/\",\"name\":\"Everyday Chem Shop\",\"description\":\"\",\"potentialAction\":[{\"@type\":\"SearchAction\",\"target\":{\"@type\":\"EntryPoint\",\"urlTemplate\":\"https:\\\/\\\/everydaychemshop.com\\\/it\\\/?s={search_term_string}\"},\"query-input\":{\"@type\":\"PropertyValueSpecification\",\"valueRequired\":true,\"valueName\":\"search_term_string\"}}],\"inLanguage\":\"en-US\"}]}<\/script>\n<!-- \/ Yoast SEO Premium plugin. -->","yoast_head_json":{"title":"Acquista pillole W-18 online- Everyday Chem Shop","description":"Acquista pillole W-18 online. Vendiamo pillole W-18 online. Si prega di contattarci per ulteriori informazioni per ulteriori informazioni e prezzi.","robots":{"index":"index","follow":"follow","max-snippet":"max-snippet:-1","max-image-preview":"max-image-preview:large","max-video-preview":"max-video-preview:-1"},"canonical":"https:\/\/everydaychemshop.com\/it\/product\/comprare-w-18-pillole\/","og_locale":"en_US","og_type":"article","og_title":"Acquista pillole W-18","og_description":"Acquista pillole W-18 online. Vendiamo pillole W-18 online. Si prega di contattarci per ulteriori informazioni per ulteriori informazioni e prezzi.","og_url":"https:\/\/everydaychemshop.com\/it\/product\/comprare-w-18-pillole\/","og_site_name":"Everyday Chem Shop","article_modified_time":"2023-04-06T21:29:45+00:00","og_image":[{"width":840,"height":781,"url":"https:\/\/everydaychemshop.com\/it\/wp-content\/uploads\/sites\/6\/2022\/11\/Buy-W-18-Pills.jpg","type":"image\/jpeg"}],"twitter_card":"summary_large_image","twitter_misc":{"Est. reading time":"4 minutes"},"schema":{"@context":"https:\/\/schema.org","@graph":[{"@type":"WebPage","@id":"https:\/\/everydaychemshop.com\/it\/product\/comprare-w-18-pillole\/","url":"https:\/\/everydaychemshop.com\/it\/product\/comprare-w-18-pillole\/","name":"Acquista pillole W-18 online- Everyday Chem Shop","isPartOf":{"@id":"https:\/\/everydaychemshop.com\/it\/#website"},"primaryImageOfPage":{"@id":"https:\/\/everydaychemshop.com\/it\/product\/comprare-w-18-pillole\/#primaryimage"},"image":{"@id":"https:\/\/everydaychemshop.com\/it\/product\/comprare-w-18-pillole\/#primaryimage"},"thumbnailUrl":"https:\/\/everydaychemshop.com\/it\/wp-content\/uploads\/sites\/6\/2022\/11\/Buy-W-18-Pills.jpg","datePublished":"2022-11-17T10:07:48+00:00","dateModified":"2023-04-06T21:29:45+00:00","description":"Acquista pillole W-18 online. Vendiamo pillole W-18 online. Si prega di contattarci per ulteriori informazioni per ulteriori informazioni e prezzi.","breadcrumb":{"@id":"https:\/\/everydaychemshop.com\/it\/product\/comprare-w-18-pillole\/#breadcrumb"},"inLanguage":"en-US","potentialAction":[{"@type":"ReadAction","target":["https:\/\/everydaychemshop.com\/it\/product\/comprare-w-18-pillole\/"]}]},{"@type":"ImageObject","inLanguage":"en-US","@id":"https:\/\/everydaychemshop.com\/it\/product\/comprare-w-18-pillole\/#primaryimage","url":"https:\/\/everydaychemshop.com\/it\/wp-content\/uploads\/sites\/6\/2022\/11\/Buy-W-18-Pills.jpg","contentUrl":"https:\/\/everydaychemshop.com\/it\/wp-content\/uploads\/sites\/6\/2022\/11\/Buy-W-18-Pills.jpg","width":840,"height":781,"caption":"Acquista pillole W-18 online"},{"@type":"BreadcrumbList","@id":"https:\/\/everydaychemshop.com\/it\/product\/comprare-w-18-pillole\/#breadcrumb","itemListElement":[{"@type":"ListItem","position":1,"name":"Home","item":"https:\/\/everydaychemshop.com\/it\/"},{"@type":"ListItem","position":2,"name":"Prodotti","item":"https:\/\/everydaychemshop.com\/it\/prodotti\/"},{"@type":"ListItem","position":3,"name":"Acquista pillole W-18"}]},{"@type":"WebSite","@id":"https:\/\/everydaychemshop.com\/it\/#website","url":"https:\/\/everydaychemshop.com\/it\/","name":"Everyday Chem Shop","description":"","potentialAction":[{"@type":"SearchAction","target":{"@type":"EntryPoint","urlTemplate":"https:\/\/everydaychemshop.com\/it\/?s={search_term_string}"},"query-input":{"@type":"PropertyValueSpecification","valueRequired":true,"valueName":"search_term_string"}}],"inLanguage":"en-US"}]}},"_links":{"self":[{"href":"https:\/\/everydaychemshop.com\/it\/wp-json\/wp\/v2\/product\/7964","targetHints":{"allow":["GET"]}}],"collection":[{"href":"https:\/\/everydaychemshop.com\/it\/wp-json\/wp\/v2\/product"}],"about":[{"href":"https:\/\/everydaychemshop.com\/it\/wp-json\/wp\/v2\/types\/product"}],"replies":[{"embeddable":true,"href":"https:\/\/everydaychemshop.com\/it\/wp-json\/wp\/v2\/comments?post=7964"}],"wp:featuredmedia":[{"embeddable":true,"href":"https:\/\/everydaychemshop.com\/it\/wp-json\/wp\/v2\/media\/7969"}],"wp:attachment":[{"href":"https:\/\/everydaychemshop.com\/it\/wp-json\/wp\/v2\/media?parent=7964"}],"wp:term":[{"taxonomy":"product_brand","embeddable":true,"href":"https:\/\/everydaychemshop.com\/it\/wp-json\/wp\/v2\/product_brand?post=7964"},{"taxonomy":"product_cat","embeddable":true,"href":"https:\/\/everydaychemshop.com\/it\/wp-json\/wp\/v2\/product_cat?post=7964"},{"taxonomy":"product_tag","embeddable":true,"href":"https:\/\/everydaychemshop.com\/it\/wp-json\/wp\/v2\/product_tag?post=7964"}],"curies":[{"name":"wp","href":"https:\/\/api.w.org\/{rel}","templated":true}]}}