{"id":7970,"date":"2022-11-17T10:15:18","date_gmt":"2022-11-17T10:15:18","guid":{"rendered":"https:\/\/everydaychemshop.com\/it\/?post_type=product&#038;p=7970"},"modified":"2023-04-06T21:28:06","modified_gmt":"2023-04-06T21:28:06","slug":"acquista-ald-52-blotter","status":"publish","type":"product","link":"https:\/\/everydaychemshop.com\/it\/product\/acquista-ald-52-blotter\/","title":{"rendered":"Acquista le carte assorbenti ALD-52"},"content":{"rendered":"<h1>Acquista le carte assorbenti ALD-52 online<\/h1>\n<p><a href=\"https:\/\/everydaychemshop.com\/it\/product\/acquista-ald-52-blotter\/\">Acquista le carte assorbenti ALD-52 online<\/a>. ALD-52 \u00e8 un farmaco alla moda che si distingue consolidato da varie ricerche chimiche sentendosi legato alla storia differita dell&#8217;ALD-52 e diversi altri nomi ALD-52. I ricercatori acquistano ALD-52 online da utilizzare nel dominio dei farmaci, in obiettivi ricreativi e di indagine. Gli attribuiti psicotropi ALD-52 lo hanno reso indiscutibile tra i lavoratori di laboratorio e gli esperti in materia. Una vasta gamma di clienti tipici sceglie di acquistare accessibile per essere acquistato per avere eccitazione, soddisfazione, mantenere le riserve di energia, <a href=\"https:\/\/en.wikipedia.org\/wiki\/ALD-52\">aumentare<\/a> l&#8217;attivit\u00e0 sessuale.<\/p>\n<p>Nota per scegliere ALD-52 prodotto attraverso i migliori tipi di progressi con metodi per misure di raccolta totalmente controllate. Ampi contributi sulla ricerca di miscele prodotte disponibili per l&#8217;acquisto \u00e8 reso possibile dal mercato per regolare lo stato di lavorazione creando misure nei laboratori cinesi dove vengono prodotti tutti i sali da doccia.<\/p>\n<p>In qualit\u00e0 di fornitore senza pari, la nostra associazione prende un interesse diretto con associazioni cinesi legittime. Concede la licenza per il commercio di sali da doccia della massima impeccabilit\u00e0 e qualit\u00e0 di prim&#8217;ordine. ALD-52 \u00e8 mescolato sotto la piena supervisione e come dichiarato da tutti i principi. Mettere in modo decisivo i dati coerenti contemporanei messi a disposizione per dare la spesa pi\u00f9 abbagliante sul miglior sito per acquistare materiali ingegnerizzati di ricerca. Nei laboratori cinesi vengono trasportati pellet ALD-52, superfici macchiate ALD-52, polveri ALD-52. Lo spedizioniere ALD-52 spedisce ALD-52 in qualsiasi paese. La stretta collaborazione con fornitori legittimi di ALD-52 garantisce conseguenze ritardate epocali dei test e delle indagini.<\/p>\n<p>Il fornitore \u00e8 stato un creatore affidabile di sostanze chimiche di valutazione per molto tempo. Il sito ha dato ai clienti una reputazione schiacciante nell&#8217;intera rete di res chems. ald 52 in vendita, ald 52 acquista, acquista ald 52, ald-52 acquista Come affidabili fornitori di RC ogni giorno aiutano l&#8217;organizzazione con dirigenti esperti attraverso conversazioni dal vivo, che dispongono di dati significativi per aiutarti in qualsiasi condizione problematica. \/p&gt;<\/p>\n<p>Sull&#8217;indagine in sospeso progettata aggrava le conversazioni disponibili per l&#8217;acquisto esistenti sul web puoi trovare reazioni positive da parte dei nostri acquirenti, che sono stati attualmente contenti del tipo di aiuto offerto e delle cose migliori acquistate da questo online<\/p>\n","protected":false},"excerpt":{"rendered":"<p><em>ALD<\/em>\u2013<em>52<\/em>\u00a0in vendita in Europa,\u00a0<em>acquista<\/em>\u00a0con Bitcoin, spedizione discreta dall&#8217;UE. <em>Acquista ALD<\/em>\u2013<em>52 Blotters<\/em>,\u00a0<em>ALD<\/em>\u2013<em>52<\/em>\u00a0polvere grezza, fornitore di prodotti chimici di ricerca.<\/p>\n","protected":false},"featured_media":7979,"comment_status":"open","ping_status":"closed","template":"","meta":{"inline_featured_image":false},"product_brand":[],"product_cat":[116],"product_tag":[],"class_list":{"0":"post-7970","1":"product","2":"type-product","3":"status-publish","4":"has-post-thumbnail","6":"product_cat-pain-killers","8":"first","9":"instock","10":"shipping-taxable","11":"purchasable","12":"product-type-variable","13":"has-default-attributes"},"yoast_head":"<!-- This site is optimized with the Yoast SEO Premium plugin v19.2 (Yoast SEO v27.3) - https:\/\/yoast.com\/product\/yoast-seo-premium-wordpress\/ -->\n<title>Acquista le carte assorbenti ALD-52 online- Everyday Chem Shop<\/title>\n<meta name=\"description\" content=\"Acquista le carte assorbenti ALD-52 online. Vendiamo carte assorbenti ALD-52 della migliore qualit\u00e0 online. Si prega di contattare per ulteriori informazioni e prezzi.\" \/>\n<meta name=\"robots\" content=\"index, follow, max-snippet:-1, max-image-preview:large, max-video-preview:-1\" \/>\n<link rel=\"canonical\" href=\"https:\/\/everydaychemshop.com\/it\/product\/acquista-ald-52-blotter\/\" \/>\n<meta property=\"og:locale\" content=\"en_US\" \/>\n<meta property=\"og:type\" content=\"article\" \/>\n<meta property=\"og:title\" content=\"Acquista le carte assorbenti ALD-52\" \/>\n<meta property=\"og:description\" content=\"Acquista le carte assorbenti ALD-52 online. Vendiamo carte assorbenti ALD-52 della migliore qualit\u00e0 online. Si prega di contattare per ulteriori informazioni e prezzi.\" \/>\n<meta property=\"og:url\" content=\"https:\/\/everydaychemshop.com\/it\/product\/acquista-ald-52-blotter\/\" \/>\n<meta property=\"og:site_name\" content=\"Everyday Chem Shop\" \/>\n<meta property=\"article:modified_time\" content=\"2023-04-06T21:28:06+00:00\" \/>\n<meta property=\"og:image\" content=\"https:\/\/everydaychemshop.com\/it\/wp-content\/uploads\/sites\/6\/2022\/11\/Buy-ALD-52-Blotters.jpg\" \/>\n\t<meta property=\"og:image:width\" content=\"350\" \/>\n\t<meta property=\"og:image:height\" content=\"350\" \/>\n\t<meta property=\"og:image:type\" content=\"image\/jpeg\" \/>\n<meta name=\"twitter:card\" content=\"summary_large_image\" \/>\n<meta name=\"twitter:label1\" content=\"Est. reading time\" \/>\n\t<meta name=\"twitter:data1\" content=\"2 minutes\" \/>\n<script type=\"application\/ld+json\" class=\"yoast-schema-graph\">{\"@context\":\"https:\\\/\\\/schema.org\",\"@graph\":[{\"@type\":\"WebPage\",\"@id\":\"https:\\\/\\\/everydaychemshop.com\\\/it\\\/product\\\/acquista-ald-52-blotter\\\/\",\"url\":\"https:\\\/\\\/everydaychemshop.com\\\/it\\\/product\\\/acquista-ald-52-blotter\\\/\",\"name\":\"Acquista le carte assorbenti ALD-52 online- Everyday Chem Shop\",\"isPartOf\":{\"@id\":\"https:\\\/\\\/everydaychemshop.com\\\/it\\\/#website\"},\"primaryImageOfPage\":{\"@id\":\"https:\\\/\\\/everydaychemshop.com\\\/it\\\/product\\\/acquista-ald-52-blotter\\\/#primaryimage\"},\"image\":{\"@id\":\"https:\\\/\\\/everydaychemshop.com\\\/it\\\/product\\\/acquista-ald-52-blotter\\\/#primaryimage\"},\"thumbnailUrl\":\"https:\\\/\\\/everydaychemshop.com\\\/it\\\/wp-content\\\/uploads\\\/sites\\\/6\\\/2022\\\/11\\\/Buy-ALD-52-Blotters.jpg\",\"datePublished\":\"2022-11-17T10:15:18+00:00\",\"dateModified\":\"2023-04-06T21:28:06+00:00\",\"description\":\"Acquista le carte assorbenti ALD-52 online. Vendiamo carte assorbenti ALD-52 della migliore qualit\u00e0 online. Si prega di contattare per ulteriori informazioni e prezzi.\",\"breadcrumb\":{\"@id\":\"https:\\\/\\\/everydaychemshop.com\\\/it\\\/product\\\/acquista-ald-52-blotter\\\/#breadcrumb\"},\"inLanguage\":\"en-US\",\"potentialAction\":[{\"@type\":\"ReadAction\",\"target\":[\"https:\\\/\\\/everydaychemshop.com\\\/it\\\/product\\\/acquista-ald-52-blotter\\\/\"]}]},{\"@type\":\"ImageObject\",\"inLanguage\":\"en-US\",\"@id\":\"https:\\\/\\\/everydaychemshop.com\\\/it\\\/product\\\/acquista-ald-52-blotter\\\/#primaryimage\",\"url\":\"https:\\\/\\\/everydaychemshop.com\\\/it\\\/wp-content\\\/uploads\\\/sites\\\/6\\\/2022\\\/11\\\/Buy-ALD-52-Blotters.jpg\",\"contentUrl\":\"https:\\\/\\\/everydaychemshop.com\\\/it\\\/wp-content\\\/uploads\\\/sites\\\/6\\\/2022\\\/11\\\/Buy-ALD-52-Blotters.jpg\",\"width\":350,\"height\":350,\"caption\":\"Acquista le carte assorbenti ALD-52 online\"},{\"@type\":\"BreadcrumbList\",\"@id\":\"https:\\\/\\\/everydaychemshop.com\\\/it\\\/product\\\/acquista-ald-52-blotter\\\/#breadcrumb\",\"itemListElement\":[{\"@type\":\"ListItem\",\"position\":1,\"name\":\"Home\",\"item\":\"https:\\\/\\\/everydaychemshop.com\\\/it\\\/\"},{\"@type\":\"ListItem\",\"position\":2,\"name\":\"Prodotti\",\"item\":\"https:\\\/\\\/everydaychemshop.com\\\/it\\\/prodotti\\\/\"},{\"@type\":\"ListItem\",\"position\":3,\"name\":\"Acquista le carte assorbenti ALD-52\"}]},{\"@type\":\"WebSite\",\"@id\":\"https:\\\/\\\/everydaychemshop.com\\\/it\\\/#website\",\"url\":\"https:\\\/\\\/everydaychemshop.com\\\/it\\\/\",\"name\":\"Everyday Chem Shop\",\"description\":\"\",\"potentialAction\":[{\"@type\":\"SearchAction\",\"target\":{\"@type\":\"EntryPoint\",\"urlTemplate\":\"https:\\\/\\\/everydaychemshop.com\\\/it\\\/?s={search_term_string}\"},\"query-input\":{\"@type\":\"PropertyValueSpecification\",\"valueRequired\":true,\"valueName\":\"search_term_string\"}}],\"inLanguage\":\"en-US\"}]}<\/script>\n<!-- \/ Yoast SEO Premium plugin. -->","yoast_head_json":{"title":"Acquista le carte assorbenti ALD-52 online- Everyday Chem Shop","description":"Acquista le carte assorbenti ALD-52 online. Vendiamo carte assorbenti ALD-52 della migliore qualit\u00e0 online. Si prega di contattare per ulteriori informazioni e prezzi.","robots":{"index":"index","follow":"follow","max-snippet":"max-snippet:-1","max-image-preview":"max-image-preview:large","max-video-preview":"max-video-preview:-1"},"canonical":"https:\/\/everydaychemshop.com\/it\/product\/acquista-ald-52-blotter\/","og_locale":"en_US","og_type":"article","og_title":"Acquista le carte assorbenti ALD-52","og_description":"Acquista le carte assorbenti ALD-52 online. Vendiamo carte assorbenti ALD-52 della migliore qualit\u00e0 online. Si prega di contattare per ulteriori informazioni e prezzi.","og_url":"https:\/\/everydaychemshop.com\/it\/product\/acquista-ald-52-blotter\/","og_site_name":"Everyday Chem Shop","article_modified_time":"2023-04-06T21:28:06+00:00","og_image":[{"width":350,"height":350,"url":"https:\/\/everydaychemshop.com\/it\/wp-content\/uploads\/sites\/6\/2022\/11\/Buy-ALD-52-Blotters.jpg","type":"image\/jpeg"}],"twitter_card":"summary_large_image","twitter_misc":{"Est. reading time":"2 minutes"},"schema":{"@context":"https:\/\/schema.org","@graph":[{"@type":"WebPage","@id":"https:\/\/everydaychemshop.com\/it\/product\/acquista-ald-52-blotter\/","url":"https:\/\/everydaychemshop.com\/it\/product\/acquista-ald-52-blotter\/","name":"Acquista le carte assorbenti ALD-52 online- Everyday Chem Shop","isPartOf":{"@id":"https:\/\/everydaychemshop.com\/it\/#website"},"primaryImageOfPage":{"@id":"https:\/\/everydaychemshop.com\/it\/product\/acquista-ald-52-blotter\/#primaryimage"},"image":{"@id":"https:\/\/everydaychemshop.com\/it\/product\/acquista-ald-52-blotter\/#primaryimage"},"thumbnailUrl":"https:\/\/everydaychemshop.com\/it\/wp-content\/uploads\/sites\/6\/2022\/11\/Buy-ALD-52-Blotters.jpg","datePublished":"2022-11-17T10:15:18+00:00","dateModified":"2023-04-06T21:28:06+00:00","description":"Acquista le carte assorbenti ALD-52 online. Vendiamo carte assorbenti ALD-52 della migliore qualit\u00e0 online. Si prega di contattare per ulteriori informazioni e prezzi.","breadcrumb":{"@id":"https:\/\/everydaychemshop.com\/it\/product\/acquista-ald-52-blotter\/#breadcrumb"},"inLanguage":"en-US","potentialAction":[{"@type":"ReadAction","target":["https:\/\/everydaychemshop.com\/it\/product\/acquista-ald-52-blotter\/"]}]},{"@type":"ImageObject","inLanguage":"en-US","@id":"https:\/\/everydaychemshop.com\/it\/product\/acquista-ald-52-blotter\/#primaryimage","url":"https:\/\/everydaychemshop.com\/it\/wp-content\/uploads\/sites\/6\/2022\/11\/Buy-ALD-52-Blotters.jpg","contentUrl":"https:\/\/everydaychemshop.com\/it\/wp-content\/uploads\/sites\/6\/2022\/11\/Buy-ALD-52-Blotters.jpg","width":350,"height":350,"caption":"Acquista le carte assorbenti ALD-52 online"},{"@type":"BreadcrumbList","@id":"https:\/\/everydaychemshop.com\/it\/product\/acquista-ald-52-blotter\/#breadcrumb","itemListElement":[{"@type":"ListItem","position":1,"name":"Home","item":"https:\/\/everydaychemshop.com\/it\/"},{"@type":"ListItem","position":2,"name":"Prodotti","item":"https:\/\/everydaychemshop.com\/it\/prodotti\/"},{"@type":"ListItem","position":3,"name":"Acquista le carte assorbenti ALD-52"}]},{"@type":"WebSite","@id":"https:\/\/everydaychemshop.com\/it\/#website","url":"https:\/\/everydaychemshop.com\/it\/","name":"Everyday Chem Shop","description":"","potentialAction":[{"@type":"SearchAction","target":{"@type":"EntryPoint","urlTemplate":"https:\/\/everydaychemshop.com\/it\/?s={search_term_string}"},"query-input":{"@type":"PropertyValueSpecification","valueRequired":true,"valueName":"search_term_string"}}],"inLanguage":"en-US"}]}},"_links":{"self":[{"href":"https:\/\/everydaychemshop.com\/it\/wp-json\/wp\/v2\/product\/7970","targetHints":{"allow":["GET"]}}],"collection":[{"href":"https:\/\/everydaychemshop.com\/it\/wp-json\/wp\/v2\/product"}],"about":[{"href":"https:\/\/everydaychemshop.com\/it\/wp-json\/wp\/v2\/types\/product"}],"replies":[{"embeddable":true,"href":"https:\/\/everydaychemshop.com\/it\/wp-json\/wp\/v2\/comments?post=7970"}],"wp:featuredmedia":[{"embeddable":true,"href":"https:\/\/everydaychemshop.com\/it\/wp-json\/wp\/v2\/media\/7979"}],"wp:attachment":[{"href":"https:\/\/everydaychemshop.com\/it\/wp-json\/wp\/v2\/media?parent=7970"}],"wp:term":[{"taxonomy":"product_brand","embeddable":true,"href":"https:\/\/everydaychemshop.com\/it\/wp-json\/wp\/v2\/product_brand?post=7970"},{"taxonomy":"product_cat","embeddable":true,"href":"https:\/\/everydaychemshop.com\/it\/wp-json\/wp\/v2\/product_cat?post=7970"},{"taxonomy":"product_tag","embeddable":true,"href":"https:\/\/everydaychemshop.com\/it\/wp-json\/wp\/v2\/product_tag?post=7970"}],"curies":[{"name":"wp","href":"https:\/\/api.w.org\/{rel}","templated":true}]}}