{"id":7988,"date":"2022-11-18T17:54:58","date_gmt":"2022-11-18T17:54:58","guid":{"rendered":"https:\/\/everydaychemshop.com\/it\/?post_type=product&#038;p=7988"},"modified":"2025-01-15T09:24:45","modified_gmt":"2025-01-15T09:24:45","slug":"2-fluorometamfetamina-2-fma-hcl","status":"publish","type":"product","link":"https:\/\/everydaychemshop.com\/it\/product\/2-fluorometamfetamina-2-fma-hcl\/","title":{"rendered":"2-fluorometamfetamina (2-FMA HCl)"},"content":{"rendered":"<h1>Acquista 2-FMA HCl online<\/h1>\n<p><a href=\"https:\/\/everydaychemshop.com\/it\/product\/2-fluorometamfetamina-2-fma-hcl\/\">Acquista 2-FMA HCl online<\/a>. 2-FMA \u00e8 l&#8217;abbreviazione di 2-Fluoromethamphetamine. 2-FMA \u00e8 una sostanza chimica di ricerca\u00a0che rientra nella classe delle anfetamine. 2-FMA \u00e8 molto simile ad altri stimolanti come 2-FA, 3-FA e 4-FMA. \u00c8 comunemente indicato come un sostituto dell&#8217;anfetamina. Si ritiene che il 2-FMA produca i suoi risultati di ricerca agendo sui recettori della dopamina e della norepinefrina nel cervello. Sta diventando uno dei preferiti dai ricercatori di laboratorio che preferiscono sperimentare con gli stimolanti. I risultati sperimentali per 2-FMA includono frequentemente stimolazione, euforia fisica, miglioramento tattile, deriva, aumento della libido, miglioramento della concentrazione, disinibizione, accelerazione del pensiero, distorsione temporale, aumento dell&#8217;apprezzamento della musica e miglioramento della resistenza.<\/p>\n<p>&nbsp;<\/p>\n<h2><b>Dove acquistare 2-FMA?<\/b><\/h2>\n<p>Qui a Chemical Planet vendiamo 2-FMA di altissima qualit\u00e0, generalmente sotto <a href=\"https:\/\/en.wikipedia.org\/wiki\/2-Fluoromethamphetamine\">forma<\/a> di polvere. Se desideri un modulo diverso, tuttavia, non esitare a contattarci per vedere se ne abbiamo un altro disponibile, perch\u00e9 lo facciamo spesso. Devi avere almeno 18 anni per acquistare 2-FMA da noi e devi anche essere in piena conformit\u00e0 con le leggi sulla ricerca chimica della tua nazione. I nostri prodotti chimici non sono progettati per il consumo umano o animale, sono destinati esclusivamente a scopi di ricerca.<\/p>\n<p>&nbsp;<\/p>\n<h2><b>2-FMA Legality<\/b><\/h2>\n<p>2-FMA \u00e8 illegale in Canada, Cina, Germania, Nuova Zelanda e Regno Unito. Potrebbe anche essere potenzialmente illegale in altre nazioni con severe leggi analoghe, come gli Stati Uniti.<\/p>\n<p><strong>Conservare sempre in un luogo fresco e asciutto per la massima durata di conservazione. Questo prodotto \u00e8 destinato esclusivamente ad applicazioni forensi e di ricerca. Pertanto NON \u00e8 destinato al consumo umano o a test in vivo di alcun tipo su animali o organismi viventi.<\/strong><\/p>\n","protected":false},"excerpt":{"rendered":"<p>Che cos&#8217;\u00e8 2-FMA? 2-FMA \u00e8 l&#8217;abbreviazione di 2-fluorometamfetamina. 2-FMA \u00e8 una sostanza chimica di ricerca che rientra nella classe delle anfetamine.<\/p>\n","protected":false},"featured_media":7990,"comment_status":"open","ping_status":"closed","template":"","meta":{"inline_featured_image":false},"product_brand":[],"product_cat":[264],"product_tag":[],"class_list":{"0":"post-7988","1":"product","2":"type-product","3":"status-publish","4":"has-post-thumbnail","6":"product_cat-ricerca-chimica","8":"first","9":"instock","10":"shipping-taxable","11":"purchasable","12":"product-type-variable","13":"has-default-attributes"},"yoast_head":"<!-- This site is optimized with the Yoast SEO Premium plugin v19.2 (Yoast SEO v27.3) - https:\/\/yoast.com\/product\/yoast-seo-premium-wordpress\/ -->\n<title>Acquista 2-FMA HCl online - Everyday Chem Shop<\/title>\n<meta name=\"description\" content=\"Acquista 2-FMA HCl online. Vendiamo 2-FMA HCl della migliore qualit\u00e0 online. Si prega di contattare per ulteriori informazioni e prezzi su come ordinare.\" \/>\n<meta name=\"robots\" content=\"index, follow, max-snippet:-1, max-image-preview:large, max-video-preview:-1\" \/>\n<link rel=\"canonical\" href=\"https:\/\/everydaychemshop.com\/it\/product\/2-fluorometamfetamina-2-fma-hcl\/\" \/>\n<meta property=\"og:locale\" content=\"en_US\" \/>\n<meta property=\"og:type\" content=\"article\" \/>\n<meta property=\"og:title\" content=\"2-fluorometamfetamina (2-FMA HCl)\" \/>\n<meta property=\"og:description\" content=\"Acquista 2-FMA HCl online. Vendiamo 2-FMA HCl della migliore qualit\u00e0 online. Si prega di contattare per ulteriori informazioni e prezzi su come ordinare.\" \/>\n<meta property=\"og:url\" content=\"https:\/\/everydaychemshop.com\/it\/product\/2-fluorometamfetamina-2-fma-hcl\/\" \/>\n<meta property=\"og:site_name\" content=\"Everyday Chem Shop\" \/>\n<meta property=\"article:modified_time\" content=\"2025-01-15T09:24:45+00:00\" \/>\n<meta property=\"og:image\" content=\"https:\/\/everydaychemshop.com\/it\/wp-content\/uploads\/sites\/6\/2022\/11\/2-Fluoromethamphetamine-2-FMA-HCL.png\" \/>\n\t<meta property=\"og:image:width\" content=\"289\" \/>\n\t<meta property=\"og:image:height\" content=\"200\" \/>\n\t<meta property=\"og:image:type\" content=\"image\/png\" \/>\n<meta name=\"twitter:card\" content=\"summary_large_image\" \/>\n<meta name=\"twitter:label1\" content=\"Est. reading time\" \/>\n\t<meta name=\"twitter:data1\" content=\"2 minutes\" \/>\n<script type=\"application\/ld+json\" class=\"yoast-schema-graph\">{\"@context\":\"https:\\\/\\\/schema.org\",\"@graph\":[{\"@type\":\"WebPage\",\"@id\":\"https:\\\/\\\/everydaychemshop.com\\\/it\\\/product\\\/2-fluorometamfetamina-2-fma-hcl\\\/\",\"url\":\"https:\\\/\\\/everydaychemshop.com\\\/it\\\/product\\\/2-fluorometamfetamina-2-fma-hcl\\\/\",\"name\":\"Acquista 2-FMA HCl online - Everyday Chem Shop\",\"isPartOf\":{\"@id\":\"https:\\\/\\\/everydaychemshop.com\\\/it\\\/#website\"},\"primaryImageOfPage\":{\"@id\":\"https:\\\/\\\/everydaychemshop.com\\\/it\\\/product\\\/2-fluorometamfetamina-2-fma-hcl\\\/#primaryimage\"},\"image\":{\"@id\":\"https:\\\/\\\/everydaychemshop.com\\\/it\\\/product\\\/2-fluorometamfetamina-2-fma-hcl\\\/#primaryimage\"},\"thumbnailUrl\":\"https:\\\/\\\/everydaychemshop.com\\\/it\\\/wp-content\\\/uploads\\\/sites\\\/6\\\/2022\\\/11\\\/2-Fluoromethamphetamine-2-FMA-HCL.png\",\"datePublished\":\"2022-11-18T17:54:58+00:00\",\"dateModified\":\"2025-01-15T09:24:45+00:00\",\"description\":\"Acquista 2-FMA HCl online. Vendiamo 2-FMA HCl della migliore qualit\u00e0 online. Si prega di contattare per ulteriori informazioni e prezzi su come ordinare.\",\"breadcrumb\":{\"@id\":\"https:\\\/\\\/everydaychemshop.com\\\/it\\\/product\\\/2-fluorometamfetamina-2-fma-hcl\\\/#breadcrumb\"},\"inLanguage\":\"en-US\",\"potentialAction\":[{\"@type\":\"ReadAction\",\"target\":[\"https:\\\/\\\/everydaychemshop.com\\\/it\\\/product\\\/2-fluorometamfetamina-2-fma-hcl\\\/\"]}]},{\"@type\":\"ImageObject\",\"inLanguage\":\"en-US\",\"@id\":\"https:\\\/\\\/everydaychemshop.com\\\/it\\\/product\\\/2-fluorometamfetamina-2-fma-hcl\\\/#primaryimage\",\"url\":\"https:\\\/\\\/everydaychemshop.com\\\/it\\\/wp-content\\\/uploads\\\/sites\\\/6\\\/2022\\\/11\\\/2-Fluoromethamphetamine-2-FMA-HCL.png\",\"contentUrl\":\"https:\\\/\\\/everydaychemshop.com\\\/it\\\/wp-content\\\/uploads\\\/sites\\\/6\\\/2022\\\/11\\\/2-Fluoromethamphetamine-2-FMA-HCL.png\",\"width\":289,\"height\":200,\"caption\":\"Acquista 2-FMA HCl online\"},{\"@type\":\"BreadcrumbList\",\"@id\":\"https:\\\/\\\/everydaychemshop.com\\\/it\\\/product\\\/2-fluorometamfetamina-2-fma-hcl\\\/#breadcrumb\",\"itemListElement\":[{\"@type\":\"ListItem\",\"position\":1,\"name\":\"Home\",\"item\":\"https:\\\/\\\/everydaychemshop.com\\\/it\\\/\"},{\"@type\":\"ListItem\",\"position\":2,\"name\":\"Prodotti\",\"item\":\"https:\\\/\\\/everydaychemshop.com\\\/it\\\/prodotti\\\/\"},{\"@type\":\"ListItem\",\"position\":3,\"name\":\"2-fluorometamfetamina (2-FMA HCl)\"}]},{\"@type\":\"WebSite\",\"@id\":\"https:\\\/\\\/everydaychemshop.com\\\/it\\\/#website\",\"url\":\"https:\\\/\\\/everydaychemshop.com\\\/it\\\/\",\"name\":\"Everyday Chem Shop\",\"description\":\"\",\"potentialAction\":[{\"@type\":\"SearchAction\",\"target\":{\"@type\":\"EntryPoint\",\"urlTemplate\":\"https:\\\/\\\/everydaychemshop.com\\\/it\\\/?s={search_term_string}\"},\"query-input\":{\"@type\":\"PropertyValueSpecification\",\"valueRequired\":true,\"valueName\":\"search_term_string\"}}],\"inLanguage\":\"en-US\"}]}<\/script>\n<!-- \/ Yoast SEO Premium plugin. -->","yoast_head_json":{"title":"Acquista 2-FMA HCl online - Everyday Chem Shop","description":"Acquista 2-FMA HCl online. Vendiamo 2-FMA HCl della migliore qualit\u00e0 online. Si prega di contattare per ulteriori informazioni e prezzi su come ordinare.","robots":{"index":"index","follow":"follow","max-snippet":"max-snippet:-1","max-image-preview":"max-image-preview:large","max-video-preview":"max-video-preview:-1"},"canonical":"https:\/\/everydaychemshop.com\/it\/product\/2-fluorometamfetamina-2-fma-hcl\/","og_locale":"en_US","og_type":"article","og_title":"2-fluorometamfetamina (2-FMA HCl)","og_description":"Acquista 2-FMA HCl online. Vendiamo 2-FMA HCl della migliore qualit\u00e0 online. Si prega di contattare per ulteriori informazioni e prezzi su come ordinare.","og_url":"https:\/\/everydaychemshop.com\/it\/product\/2-fluorometamfetamina-2-fma-hcl\/","og_site_name":"Everyday Chem Shop","article_modified_time":"2025-01-15T09:24:45+00:00","og_image":[{"width":289,"height":200,"url":"https:\/\/everydaychemshop.com\/it\/wp-content\/uploads\/sites\/6\/2022\/11\/2-Fluoromethamphetamine-2-FMA-HCL.png","type":"image\/png"}],"twitter_card":"summary_large_image","twitter_misc":{"Est. reading time":"2 minutes"},"schema":{"@context":"https:\/\/schema.org","@graph":[{"@type":"WebPage","@id":"https:\/\/everydaychemshop.com\/it\/product\/2-fluorometamfetamina-2-fma-hcl\/","url":"https:\/\/everydaychemshop.com\/it\/product\/2-fluorometamfetamina-2-fma-hcl\/","name":"Acquista 2-FMA HCl online - Everyday Chem Shop","isPartOf":{"@id":"https:\/\/everydaychemshop.com\/it\/#website"},"primaryImageOfPage":{"@id":"https:\/\/everydaychemshop.com\/it\/product\/2-fluorometamfetamina-2-fma-hcl\/#primaryimage"},"image":{"@id":"https:\/\/everydaychemshop.com\/it\/product\/2-fluorometamfetamina-2-fma-hcl\/#primaryimage"},"thumbnailUrl":"https:\/\/everydaychemshop.com\/it\/wp-content\/uploads\/sites\/6\/2022\/11\/2-Fluoromethamphetamine-2-FMA-HCL.png","datePublished":"2022-11-18T17:54:58+00:00","dateModified":"2025-01-15T09:24:45+00:00","description":"Acquista 2-FMA HCl online. Vendiamo 2-FMA HCl della migliore qualit\u00e0 online. Si prega di contattare per ulteriori informazioni e prezzi su come ordinare.","breadcrumb":{"@id":"https:\/\/everydaychemshop.com\/it\/product\/2-fluorometamfetamina-2-fma-hcl\/#breadcrumb"},"inLanguage":"en-US","potentialAction":[{"@type":"ReadAction","target":["https:\/\/everydaychemshop.com\/it\/product\/2-fluorometamfetamina-2-fma-hcl\/"]}]},{"@type":"ImageObject","inLanguage":"en-US","@id":"https:\/\/everydaychemshop.com\/it\/product\/2-fluorometamfetamina-2-fma-hcl\/#primaryimage","url":"https:\/\/everydaychemshop.com\/it\/wp-content\/uploads\/sites\/6\/2022\/11\/2-Fluoromethamphetamine-2-FMA-HCL.png","contentUrl":"https:\/\/everydaychemshop.com\/it\/wp-content\/uploads\/sites\/6\/2022\/11\/2-Fluoromethamphetamine-2-FMA-HCL.png","width":289,"height":200,"caption":"Acquista 2-FMA HCl online"},{"@type":"BreadcrumbList","@id":"https:\/\/everydaychemshop.com\/it\/product\/2-fluorometamfetamina-2-fma-hcl\/#breadcrumb","itemListElement":[{"@type":"ListItem","position":1,"name":"Home","item":"https:\/\/everydaychemshop.com\/it\/"},{"@type":"ListItem","position":2,"name":"Prodotti","item":"https:\/\/everydaychemshop.com\/it\/prodotti\/"},{"@type":"ListItem","position":3,"name":"2-fluorometamfetamina (2-FMA HCl)"}]},{"@type":"WebSite","@id":"https:\/\/everydaychemshop.com\/it\/#website","url":"https:\/\/everydaychemshop.com\/it\/","name":"Everyday Chem Shop","description":"","potentialAction":[{"@type":"SearchAction","target":{"@type":"EntryPoint","urlTemplate":"https:\/\/everydaychemshop.com\/it\/?s={search_term_string}"},"query-input":{"@type":"PropertyValueSpecification","valueRequired":true,"valueName":"search_term_string"}}],"inLanguage":"en-US"}]}},"_links":{"self":[{"href":"https:\/\/everydaychemshop.com\/it\/wp-json\/wp\/v2\/product\/7988","targetHints":{"allow":["GET"]}}],"collection":[{"href":"https:\/\/everydaychemshop.com\/it\/wp-json\/wp\/v2\/product"}],"about":[{"href":"https:\/\/everydaychemshop.com\/it\/wp-json\/wp\/v2\/types\/product"}],"replies":[{"embeddable":true,"href":"https:\/\/everydaychemshop.com\/it\/wp-json\/wp\/v2\/comments?post=7988"}],"wp:featuredmedia":[{"embeddable":true,"href":"https:\/\/everydaychemshop.com\/it\/wp-json\/wp\/v2\/media\/7990"}],"wp:attachment":[{"href":"https:\/\/everydaychemshop.com\/it\/wp-json\/wp\/v2\/media?parent=7988"}],"wp:term":[{"taxonomy":"product_brand","embeddable":true,"href":"https:\/\/everydaychemshop.com\/it\/wp-json\/wp\/v2\/product_brand?post=7988"},{"taxonomy":"product_cat","embeddable":true,"href":"https:\/\/everydaychemshop.com\/it\/wp-json\/wp\/v2\/product_cat?post=7988"},{"taxonomy":"product_tag","embeddable":true,"href":"https:\/\/everydaychemshop.com\/it\/wp-json\/wp\/v2\/product_tag?post=7988"}],"curies":[{"name":"wp","href":"https:\/\/api.w.org\/{rel}","templated":true}]}}