{"id":8010,"date":"2022-11-18T20:32:27","date_gmt":"2022-11-18T20:32:27","guid":{"rendered":"https:\/\/everydaychemshop.com\/it\/?post_type=product&#038;p=8010"},"modified":"2023-04-06T21:23:07","modified_gmt":"2023-04-06T21:23:07","slug":"acquista-2c-e-ricerca-chimica","status":"publish","type":"product","link":"https:\/\/everydaychemshop.com\/it\/product\/acquista-2c-e-ricerca-chimica\/","title":{"rendered":"Acquista un prodotto chimico di ricerca 2C-E"},"content":{"rendered":"<h1>Acquista prodotti chimici di ricerca 2C-E online<\/h1>\n<p class=\"one\"><a href=\"https:\/\/everydaychemshop.com\/it\/product\/acquista-2c-e-ricerca-chimica\/\">Acquista prodotti chimici di ricerca 2C-E online<\/a>. L&#8217;agente chimico 2C-E (trip) appartiene alla famiglia 2C, cos\u00ec come 2C-I e 2C-H. 2C-E possiede\u00a0effetti\u00a0psichedelici ed \u00e8\u00a0feniletilamina. Dopo una serie di esperimenti di ricerca, ora scopriamo che mentre si riceve la polvere 2C-E per via intranasale, la sua dose standard non dovrebbe superare pi\u00f9 di 5 milligrammi. Tuttavia, durante l&#8217;assunzione per via orale, la dose non dovrebbe essere superiore a circa 10-20 milligrammi. Si <a href=\"https:\/\/en.wikipedia.org\/wiki\/2C-E\">nota<\/a> che durante l&#8217;inalazione attraverso il naso, osserviamo\u00a0un forte bruciore in circa 10 minuti. Nel libro PiHKAL, Shulgin riferisce la sostanza 2C-E alla \u00abmezza dozzina magica\u00bb, insieme a mescalina, 2C-T-2, 2C-B e 2C-T-7. <strong>Acquista prodotti chimici di ricerca 2C-E online<\/strong><\/p>\n<p>Possiamo osservare i seguenti effetti di 2C-E: un&#8217;esplosione di energia, aumento della creativit\u00e0, effetti visivi, aumento della tattilit\u00e0. Inoltre, ci sono alcuni cambiamenti nella coscienza, difficolt\u00e0 nel tentativo di concentrarsi, il polso accelera e la temperatura corporea pu\u00f2 aumentare leggermente. Tra gli effetti collaterali del 2C-E ci sono anche\u00a0vertigini,\u00a0nausea, elevata sensibilit\u00e0 al rumore e paura. 2C-E in vendita online<\/p>\n<p>La durata dell&#8217;azione di 2C-E \u00e8 in media dalle 4 alle 9 ore. Se confrontiamo 2C-E con 2C-I, nel corso del test, notiamo che 2C-E provoca effetti visivi e sonori pi\u00f9 significativi.<\/p>\n<p>Sul nostro sito web puoi acquistare 2C-E\u00a0(viaggio )\u00a0solo per studi chimici e test di laboratorio, ma prima scopri se questa preparazione \u00e8 legale nella tua zona in cui vivi. Offriamo sostanze di alta qualit\u00e0.<\/p>\n","protected":false},"excerpt":{"rendered":"<p>1 &#8211; 3 giorni per USA\/CANADA<br \/>\n2 &#8211; 10 giorni per TUTTI GLI ALTRI PAESI<\/p>\n","protected":false},"featured_media":8023,"comment_status":"open","ping_status":"closed","template":"","meta":{"inline_featured_image":false},"product_brand":[],"product_cat":[264],"product_tag":[],"class_list":{"0":"post-8010","1":"product","2":"type-product","3":"status-publish","4":"has-post-thumbnail","6":"product_cat-ricerca-chimica","8":"first","9":"instock","10":"sale","11":"shipping-taxable","12":"purchasable","13":"product-type-variable","14":"has-default-attributes"},"yoast_head":"<!-- This site is optimized with the Yoast SEO Premium plugin v19.2 (Yoast SEO v27.3) - https:\/\/yoast.com\/product\/yoast-seo-premium-wordpress\/ -->\n<title>Acquista prodotti chimici di ricerca 2C-E - Everyday Chem Shop<\/title>\n<meta name=\"description\" content=\"Acquista prodotti chimici di ricerca 2C-E online. Vendiamo prodotti chimici di ricerca 2C-E della migliore qualit\u00e0 online. Si prega di contattare per ulteriori informazioni e prezzi.\" \/>\n<meta name=\"robots\" content=\"index, follow, max-snippet:-1, max-image-preview:large, max-video-preview:-1\" \/>\n<link rel=\"canonical\" href=\"https:\/\/everydaychemshop.com\/it\/product\/acquista-2c-e-ricerca-chimica\/\" \/>\n<meta property=\"og:locale\" content=\"en_US\" \/>\n<meta property=\"og:type\" content=\"article\" \/>\n<meta property=\"og:title\" content=\"Acquista un prodotto chimico di ricerca 2C-E\" \/>\n<meta property=\"og:description\" content=\"Acquista prodotti chimici di ricerca 2C-E online. Vendiamo prodotti chimici di ricerca 2C-E della migliore qualit\u00e0 online. Si prega di contattare per ulteriori informazioni e prezzi.\" \/>\n<meta property=\"og:url\" content=\"https:\/\/everydaychemshop.com\/it\/product\/acquista-2c-e-ricerca-chimica\/\" \/>\n<meta property=\"og:site_name\" content=\"Everyday Chem Shop\" \/>\n<meta property=\"article:modified_time\" content=\"2023-04-06T21:23:07+00:00\" \/>\n<meta property=\"og:image\" content=\"https:\/\/everydaychemshop.com\/it\/wp-content\/uploads\/sites\/6\/2022\/11\/2ce.jpg\" \/>\n\t<meta property=\"og:image:width\" content=\"600\" \/>\n\t<meta property=\"og:image:height\" content=\"400\" \/>\n\t<meta property=\"og:image:type\" content=\"image\/jpeg\" \/>\n<meta name=\"twitter:card\" content=\"summary_large_image\" \/>\n<meta name=\"twitter:label1\" content=\"Est. reading time\" \/>\n\t<meta name=\"twitter:data1\" content=\"2 minutes\" \/>\n<script type=\"application\/ld+json\" class=\"yoast-schema-graph\">{\"@context\":\"https:\\\/\\\/schema.org\",\"@graph\":[{\"@type\":\"WebPage\",\"@id\":\"https:\\\/\\\/everydaychemshop.com\\\/it\\\/product\\\/acquista-2c-e-ricerca-chimica\\\/\",\"url\":\"https:\\\/\\\/everydaychemshop.com\\\/it\\\/product\\\/acquista-2c-e-ricerca-chimica\\\/\",\"name\":\"Acquista prodotti chimici di ricerca 2C-E - Everyday Chem Shop\",\"isPartOf\":{\"@id\":\"https:\\\/\\\/everydaychemshop.com\\\/it\\\/#website\"},\"primaryImageOfPage\":{\"@id\":\"https:\\\/\\\/everydaychemshop.com\\\/it\\\/product\\\/acquista-2c-e-ricerca-chimica\\\/#primaryimage\"},\"image\":{\"@id\":\"https:\\\/\\\/everydaychemshop.com\\\/it\\\/product\\\/acquista-2c-e-ricerca-chimica\\\/#primaryimage\"},\"thumbnailUrl\":\"https:\\\/\\\/everydaychemshop.com\\\/it\\\/wp-content\\\/uploads\\\/sites\\\/6\\\/2022\\\/11\\\/2ce.jpg\",\"datePublished\":\"2022-11-18T20:32:27+00:00\",\"dateModified\":\"2023-04-06T21:23:07+00:00\",\"description\":\"Acquista prodotti chimici di ricerca 2C-E online. Vendiamo prodotti chimici di ricerca 2C-E della migliore qualit\u00e0 online. Si prega di contattare per ulteriori informazioni e prezzi.\",\"breadcrumb\":{\"@id\":\"https:\\\/\\\/everydaychemshop.com\\\/it\\\/product\\\/acquista-2c-e-ricerca-chimica\\\/#breadcrumb\"},\"inLanguage\":\"en-US\",\"potentialAction\":[{\"@type\":\"ReadAction\",\"target\":[\"https:\\\/\\\/everydaychemshop.com\\\/it\\\/product\\\/acquista-2c-e-ricerca-chimica\\\/\"]}]},{\"@type\":\"ImageObject\",\"inLanguage\":\"en-US\",\"@id\":\"https:\\\/\\\/everydaychemshop.com\\\/it\\\/product\\\/acquista-2c-e-ricerca-chimica\\\/#primaryimage\",\"url\":\"https:\\\/\\\/everydaychemshop.com\\\/it\\\/wp-content\\\/uploads\\\/sites\\\/6\\\/2022\\\/11\\\/2ce.jpg\",\"contentUrl\":\"https:\\\/\\\/everydaychemshop.com\\\/it\\\/wp-content\\\/uploads\\\/sites\\\/6\\\/2022\\\/11\\\/2ce.jpg\",\"width\":600,\"height\":400,\"caption\":\"Acquista prodotti chimici di ricerca 2C-E online\"},{\"@type\":\"BreadcrumbList\",\"@id\":\"https:\\\/\\\/everydaychemshop.com\\\/it\\\/product\\\/acquista-2c-e-ricerca-chimica\\\/#breadcrumb\",\"itemListElement\":[{\"@type\":\"ListItem\",\"position\":1,\"name\":\"Home\",\"item\":\"https:\\\/\\\/everydaychemshop.com\\\/it\\\/\"},{\"@type\":\"ListItem\",\"position\":2,\"name\":\"Prodotti\",\"item\":\"https:\\\/\\\/everydaychemshop.com\\\/it\\\/prodotti\\\/\"},{\"@type\":\"ListItem\",\"position\":3,\"name\":\"Acquista un prodotto chimico di ricerca 2C-E\"}]},{\"@type\":\"WebSite\",\"@id\":\"https:\\\/\\\/everydaychemshop.com\\\/it\\\/#website\",\"url\":\"https:\\\/\\\/everydaychemshop.com\\\/it\\\/\",\"name\":\"Everyday Chem Shop\",\"description\":\"\",\"potentialAction\":[{\"@type\":\"SearchAction\",\"target\":{\"@type\":\"EntryPoint\",\"urlTemplate\":\"https:\\\/\\\/everydaychemshop.com\\\/it\\\/?s={search_term_string}\"},\"query-input\":{\"@type\":\"PropertyValueSpecification\",\"valueRequired\":true,\"valueName\":\"search_term_string\"}}],\"inLanguage\":\"en-US\"}]}<\/script>\n<!-- \/ Yoast SEO Premium plugin. -->","yoast_head_json":{"title":"Acquista prodotti chimici di ricerca 2C-E - Everyday Chem Shop","description":"Acquista prodotti chimici di ricerca 2C-E online. Vendiamo prodotti chimici di ricerca 2C-E della migliore qualit\u00e0 online. Si prega di contattare per ulteriori informazioni e prezzi.","robots":{"index":"index","follow":"follow","max-snippet":"max-snippet:-1","max-image-preview":"max-image-preview:large","max-video-preview":"max-video-preview:-1"},"canonical":"https:\/\/everydaychemshop.com\/it\/product\/acquista-2c-e-ricerca-chimica\/","og_locale":"en_US","og_type":"article","og_title":"Acquista un prodotto chimico di ricerca 2C-E","og_description":"Acquista prodotti chimici di ricerca 2C-E online. Vendiamo prodotti chimici di ricerca 2C-E della migliore qualit\u00e0 online. Si prega di contattare per ulteriori informazioni e prezzi.","og_url":"https:\/\/everydaychemshop.com\/it\/product\/acquista-2c-e-ricerca-chimica\/","og_site_name":"Everyday Chem Shop","article_modified_time":"2023-04-06T21:23:07+00:00","og_image":[{"width":600,"height":400,"url":"https:\/\/everydaychemshop.com\/it\/wp-content\/uploads\/sites\/6\/2022\/11\/2ce.jpg","type":"image\/jpeg"}],"twitter_card":"summary_large_image","twitter_misc":{"Est. reading time":"2 minutes"},"schema":{"@context":"https:\/\/schema.org","@graph":[{"@type":"WebPage","@id":"https:\/\/everydaychemshop.com\/it\/product\/acquista-2c-e-ricerca-chimica\/","url":"https:\/\/everydaychemshop.com\/it\/product\/acquista-2c-e-ricerca-chimica\/","name":"Acquista prodotti chimici di ricerca 2C-E - Everyday Chem Shop","isPartOf":{"@id":"https:\/\/everydaychemshop.com\/it\/#website"},"primaryImageOfPage":{"@id":"https:\/\/everydaychemshop.com\/it\/product\/acquista-2c-e-ricerca-chimica\/#primaryimage"},"image":{"@id":"https:\/\/everydaychemshop.com\/it\/product\/acquista-2c-e-ricerca-chimica\/#primaryimage"},"thumbnailUrl":"https:\/\/everydaychemshop.com\/it\/wp-content\/uploads\/sites\/6\/2022\/11\/2ce.jpg","datePublished":"2022-11-18T20:32:27+00:00","dateModified":"2023-04-06T21:23:07+00:00","description":"Acquista prodotti chimici di ricerca 2C-E online. Vendiamo prodotti chimici di ricerca 2C-E della migliore qualit\u00e0 online. Si prega di contattare per ulteriori informazioni e prezzi.","breadcrumb":{"@id":"https:\/\/everydaychemshop.com\/it\/product\/acquista-2c-e-ricerca-chimica\/#breadcrumb"},"inLanguage":"en-US","potentialAction":[{"@type":"ReadAction","target":["https:\/\/everydaychemshop.com\/it\/product\/acquista-2c-e-ricerca-chimica\/"]}]},{"@type":"ImageObject","inLanguage":"en-US","@id":"https:\/\/everydaychemshop.com\/it\/product\/acquista-2c-e-ricerca-chimica\/#primaryimage","url":"https:\/\/everydaychemshop.com\/it\/wp-content\/uploads\/sites\/6\/2022\/11\/2ce.jpg","contentUrl":"https:\/\/everydaychemshop.com\/it\/wp-content\/uploads\/sites\/6\/2022\/11\/2ce.jpg","width":600,"height":400,"caption":"Acquista prodotti chimici di ricerca 2C-E online"},{"@type":"BreadcrumbList","@id":"https:\/\/everydaychemshop.com\/it\/product\/acquista-2c-e-ricerca-chimica\/#breadcrumb","itemListElement":[{"@type":"ListItem","position":1,"name":"Home","item":"https:\/\/everydaychemshop.com\/it\/"},{"@type":"ListItem","position":2,"name":"Prodotti","item":"https:\/\/everydaychemshop.com\/it\/prodotti\/"},{"@type":"ListItem","position":3,"name":"Acquista un prodotto chimico di ricerca 2C-E"}]},{"@type":"WebSite","@id":"https:\/\/everydaychemshop.com\/it\/#website","url":"https:\/\/everydaychemshop.com\/it\/","name":"Everyday Chem Shop","description":"","potentialAction":[{"@type":"SearchAction","target":{"@type":"EntryPoint","urlTemplate":"https:\/\/everydaychemshop.com\/it\/?s={search_term_string}"},"query-input":{"@type":"PropertyValueSpecification","valueRequired":true,"valueName":"search_term_string"}}],"inLanguage":"en-US"}]}},"_links":{"self":[{"href":"https:\/\/everydaychemshop.com\/it\/wp-json\/wp\/v2\/product\/8010","targetHints":{"allow":["GET"]}}],"collection":[{"href":"https:\/\/everydaychemshop.com\/it\/wp-json\/wp\/v2\/product"}],"about":[{"href":"https:\/\/everydaychemshop.com\/it\/wp-json\/wp\/v2\/types\/product"}],"replies":[{"embeddable":true,"href":"https:\/\/everydaychemshop.com\/it\/wp-json\/wp\/v2\/comments?post=8010"}],"wp:featuredmedia":[{"embeddable":true,"href":"https:\/\/everydaychemshop.com\/it\/wp-json\/wp\/v2\/media\/8023"}],"wp:attachment":[{"href":"https:\/\/everydaychemshop.com\/it\/wp-json\/wp\/v2\/media?parent=8010"}],"wp:term":[{"taxonomy":"product_brand","embeddable":true,"href":"https:\/\/everydaychemshop.com\/it\/wp-json\/wp\/v2\/product_brand?post=8010"},{"taxonomy":"product_cat","embeddable":true,"href":"https:\/\/everydaychemshop.com\/it\/wp-json\/wp\/v2\/product_cat?post=8010"},{"taxonomy":"product_tag","embeddable":true,"href":"https:\/\/everydaychemshop.com\/it\/wp-json\/wp\/v2\/product_tag?post=8010"}],"curies":[{"name":"wp","href":"https:\/\/api.w.org\/{rel}","templated":true}]}}