{"id":8033,"date":"2022-11-18T20:51:32","date_gmt":"2022-11-18T20:51:32","guid":{"rendered":"https:\/\/everydaychemshop.com\/it\/?post_type=product&#038;p=8033"},"modified":"2023-04-06T21:19:50","modified_gmt":"2023-04-06T21:19:50","slug":"3-fpm-3-fluorofenmetrazina","status":"publish","type":"product","link":"https:\/\/everydaychemshop.com\/it\/product\/3-fpm-3-fluorofenmetrazina\/","title":{"rendered":"3-FPM (3-Fluorofenmetrazina)"},"content":{"rendered":"<h1>Acquista la polvere 3-FPM online<\/h1>\n<p><span data-preserver-spaces=\" true\"><a href=\"https:\/\/everydaychemshop.com\/it\/product\/3-fpm-3-fluorofenmetrazina\/\">Acquista la polvere 3-FPM online<\/a>. La sintesi e la farmacologia del 3-FPM sono state riportate per la prima volta in un brevetto depositato nel 2011. I rapporti sull&#8217;uso umano sono emersi per la prima volta all&#8217;inizio del 2015 dopo che \u00e8 apparso in vendita online <\/span><span data-preserver-spaces=\"true\">ricerca chimica<\/span><span data-preserver-spaces=\"true\">\u00a0mercato. Acquista 3-FPM Crystal online<\/span><\/p>\n<p><span data-preserver-spaces=\"true\">3-FPM \u00e8 l&#8217;abbreviazione di 3-Fluorophenmetrazine. 3-FPM \u00e8 una sostanza chimica di ricerca che ha solide propriet\u00e0 stimolanti. 3-FPM rientra nella classe di sostanze chimiche fenolo morfolina. I risultati sperimentali del 3-FPM sono generalmente considerati molto simili e quasi identici a quelli dell&#8217;anfetamina. Gli esperimenti con 3-FPM in genere producono maggiore concentrazione e motivazione, accelerazione del pensiero ed euforia. Tuttavia, questi risultati sono spesso descritti come meno intensi dell&#8217;anfetamina o di altri stimolanti. Il nervosismo e l&#8217;insonnia sono due risultati che sono generalmente <a href=\"https:\/\/en.wikipedia.org\/wiki\/3-Fluorophenmetrazine\">meno<\/a> visti o visti a tassi ridotti con 3-FPM. Acquista polvere 3-FPM, 3-FPM in vendita online, acquista pellet 3-FPM in vendita, acquista 3-FPM Crystal online<\/span><\/p>\n<h2><strong>Dove acquistare 3-FPM?<\/strong><\/h2>\n<p><span data-preserver-spaces=\"true\">Qui a Best Globel Med, abbiamo un livello molto alto -qualit\u00e0 3-FPM in vendita. Il nostro 3-FPM \u00e8 disponibile sia in polvere che in pellet. Quindi, indipendentemente dallo stato chimico che preferisci tra queste due opzioni, abbiamo quello che fa per te.<\/span><\/p>\n<p><span data-preserver-spaces=\"true\">Il 3-FPM disponibile per la vendita \u00e8 solo destinati a scopi di ricerca. Non \u00e8 pensato per uso interno. Devi anche avere pi\u00f9 di 18 anni per acquistare 3-FPM da noi ed essere in piena conformit\u00e0 legale con le leggi della tua nazione.<\/span><\/p>\n<h2><strong><span data-preserver-spaces=\"true\">3-FPM Stato legale<\/span><\/strong><\/h2>\n<p><span data-preserver-spaces=\"true\">3-FPM \u00e8 illegale da acquistare, vendere o possedere in Israele, Svizzera e Stati Uniti. Nel Regno Unito, \u00e8 considerato un analogo della fenmetrazina, un farmaco della tabella II utilizzato per il consumo umano.<\/span><\/p>\n<p><span data-preserver-spaces=\"true\">Conservare sempre in un luogo fresco , luogo asciutto per la massima conservabilit\u00e0. Questo prodotto \u00e8 destinato esclusivamente ad applicazioni forensi e di ricerca. Pertanto, NON \u00e8 destinato al consumo umano o a test in vivo di alcun tipo su animali o organismi viventi.<\/span><\/p>\n","protected":false},"excerpt":{"rendered":"<p><span data-preserver-spaces=\"true\">Acquista 3-FMP online. <b>3-Fluorophenmetrazine\u00a0<\/b>(noto anche come\u00a0<b>3-FPM<\/b>,\u00a0<b>3-FPH<\/b>\u00a0e\u00a0<b>PAL-593<\/b>) \u00e8 disponibile per vendita nel Regno Unito, USA, Europa (UE). Si prega di acquistarlo da Fairpricemedical.com con alta qualit\u00e0.<\/span><\/p>\n<p><span data-preserver-spaces=\"true\">Acquista 3-FMP Powder comodamente da casa o dall&#8217;ufficio e noi lo spedir\u00e0 e lo consegner\u00e0 al tuo indirizzo.<\/span><\/p>\n","protected":false},"featured_media":8039,"comment_status":"open","ping_status":"closed","template":"","meta":{"inline_featured_image":false},"product_brand":[],"product_cat":[264],"product_tag":[],"class_list":{"0":"post-8033","1":"product","2":"type-product","3":"status-publish","4":"has-post-thumbnail","6":"product_cat-ricerca-chimica","8":"first","9":"instock","10":"shipping-taxable","11":"purchasable","12":"product-type-variable","13":"has-default-attributes"},"yoast_head":"<!-- This site is optimized with the Yoast SEO Premium plugin v19.2 (Yoast SEO v27.3) - https:\/\/yoast.com\/product\/yoast-seo-premium-wordpress\/ -->\n<title>Acquista la polvere 3-FPM online - Everyday Chem Shop<\/title>\n<meta name=\"description\" content=\"Acquista la polvere 3-FPM online. Vendiamo polvere 3-FPM della migliore qualit\u00e0 online. Vi preghiamo di contattarci per ulteriori informazioni e prezzi.\" \/>\n<meta name=\"robots\" content=\"index, follow, max-snippet:-1, max-image-preview:large, max-video-preview:-1\" \/>\n<link rel=\"canonical\" href=\"https:\/\/everydaychemshop.com\/it\/product\/3-fpm-3-fluorofenmetrazina\/\" \/>\n<meta property=\"og:locale\" content=\"en_US\" \/>\n<meta property=\"og:type\" content=\"article\" \/>\n<meta property=\"og:title\" content=\"3-FPM (3-Fluorofenmetrazina)\" \/>\n<meta property=\"og:description\" content=\"Acquista la polvere 3-FPM online. Vendiamo polvere 3-FPM della migliore qualit\u00e0 online. Vi preghiamo di contattarci per ulteriori informazioni e prezzi.\" \/>\n<meta property=\"og:url\" content=\"https:\/\/everydaychemshop.com\/it\/product\/3-fpm-3-fluorofenmetrazina\/\" \/>\n<meta property=\"og:site_name\" content=\"Everyday Chem Shop\" \/>\n<meta property=\"article:modified_time\" content=\"2023-04-06T21:19:50+00:00\" \/>\n<meta property=\"og:image\" content=\"https:\/\/everydaychemshop.com\/it\/wp-content\/uploads\/sites\/6\/2022\/11\/3fpm.jpg\" \/>\n\t<meta property=\"og:image:width\" content=\"600\" \/>\n\t<meta property=\"og:image:height\" content=\"600\" \/>\n\t<meta property=\"og:image:type\" content=\"image\/jpeg\" \/>\n<meta name=\"twitter:card\" content=\"summary_large_image\" \/>\n<meta name=\"twitter:label1\" content=\"Est. reading time\" \/>\n\t<meta name=\"twitter:data1\" content=\"2 minutes\" \/>\n<script type=\"application\/ld+json\" class=\"yoast-schema-graph\">{\"@context\":\"https:\\\/\\\/schema.org\",\"@graph\":[{\"@type\":\"WebPage\",\"@id\":\"https:\\\/\\\/everydaychemshop.com\\\/it\\\/product\\\/3-fpm-3-fluorofenmetrazina\\\/\",\"url\":\"https:\\\/\\\/everydaychemshop.com\\\/it\\\/product\\\/3-fpm-3-fluorofenmetrazina\\\/\",\"name\":\"Acquista la polvere 3-FPM online - Everyday Chem Shop\",\"isPartOf\":{\"@id\":\"https:\\\/\\\/everydaychemshop.com\\\/it\\\/#website\"},\"primaryImageOfPage\":{\"@id\":\"https:\\\/\\\/everydaychemshop.com\\\/it\\\/product\\\/3-fpm-3-fluorofenmetrazina\\\/#primaryimage\"},\"image\":{\"@id\":\"https:\\\/\\\/everydaychemshop.com\\\/it\\\/product\\\/3-fpm-3-fluorofenmetrazina\\\/#primaryimage\"},\"thumbnailUrl\":\"https:\\\/\\\/everydaychemshop.com\\\/it\\\/wp-content\\\/uploads\\\/sites\\\/6\\\/2022\\\/11\\\/3fpm.jpg\",\"datePublished\":\"2022-11-18T20:51:32+00:00\",\"dateModified\":\"2023-04-06T21:19:50+00:00\",\"description\":\"Acquista la polvere 3-FPM online. Vendiamo polvere 3-FPM della migliore qualit\u00e0 online. Vi preghiamo di contattarci per ulteriori informazioni e prezzi.\",\"breadcrumb\":{\"@id\":\"https:\\\/\\\/everydaychemshop.com\\\/it\\\/product\\\/3-fpm-3-fluorofenmetrazina\\\/#breadcrumb\"},\"inLanguage\":\"en-US\",\"potentialAction\":[{\"@type\":\"ReadAction\",\"target\":[\"https:\\\/\\\/everydaychemshop.com\\\/it\\\/product\\\/3-fpm-3-fluorofenmetrazina\\\/\"]}]},{\"@type\":\"ImageObject\",\"inLanguage\":\"en-US\",\"@id\":\"https:\\\/\\\/everydaychemshop.com\\\/it\\\/product\\\/3-fpm-3-fluorofenmetrazina\\\/#primaryimage\",\"url\":\"https:\\\/\\\/everydaychemshop.com\\\/it\\\/wp-content\\\/uploads\\\/sites\\\/6\\\/2022\\\/11\\\/3fpm.jpg\",\"contentUrl\":\"https:\\\/\\\/everydaychemshop.com\\\/it\\\/wp-content\\\/uploads\\\/sites\\\/6\\\/2022\\\/11\\\/3fpm.jpg\",\"width\":600,\"height\":600,\"caption\":\"Acquista la polvere 3-FPM online\"},{\"@type\":\"BreadcrumbList\",\"@id\":\"https:\\\/\\\/everydaychemshop.com\\\/it\\\/product\\\/3-fpm-3-fluorofenmetrazina\\\/#breadcrumb\",\"itemListElement\":[{\"@type\":\"ListItem\",\"position\":1,\"name\":\"Home\",\"item\":\"https:\\\/\\\/everydaychemshop.com\\\/it\\\/\"},{\"@type\":\"ListItem\",\"position\":2,\"name\":\"Prodotti\",\"item\":\"https:\\\/\\\/everydaychemshop.com\\\/it\\\/prodotti\\\/\"},{\"@type\":\"ListItem\",\"position\":3,\"name\":\"3-FPM (3-Fluorofenmetrazina)\"}]},{\"@type\":\"WebSite\",\"@id\":\"https:\\\/\\\/everydaychemshop.com\\\/it\\\/#website\",\"url\":\"https:\\\/\\\/everydaychemshop.com\\\/it\\\/\",\"name\":\"Everyday Chem Shop\",\"description\":\"\",\"potentialAction\":[{\"@type\":\"SearchAction\",\"target\":{\"@type\":\"EntryPoint\",\"urlTemplate\":\"https:\\\/\\\/everydaychemshop.com\\\/it\\\/?s={search_term_string}\"},\"query-input\":{\"@type\":\"PropertyValueSpecification\",\"valueRequired\":true,\"valueName\":\"search_term_string\"}}],\"inLanguage\":\"en-US\"}]}<\/script>\n<!-- \/ Yoast SEO Premium plugin. -->","yoast_head_json":{"title":"Acquista la polvere 3-FPM online - Everyday Chem Shop","description":"Acquista la polvere 3-FPM online. Vendiamo polvere 3-FPM della migliore qualit\u00e0 online. Vi preghiamo di contattarci per ulteriori informazioni e prezzi.","robots":{"index":"index","follow":"follow","max-snippet":"max-snippet:-1","max-image-preview":"max-image-preview:large","max-video-preview":"max-video-preview:-1"},"canonical":"https:\/\/everydaychemshop.com\/it\/product\/3-fpm-3-fluorofenmetrazina\/","og_locale":"en_US","og_type":"article","og_title":"3-FPM (3-Fluorofenmetrazina)","og_description":"Acquista la polvere 3-FPM online. Vendiamo polvere 3-FPM della migliore qualit\u00e0 online. Vi preghiamo di contattarci per ulteriori informazioni e prezzi.","og_url":"https:\/\/everydaychemshop.com\/it\/product\/3-fpm-3-fluorofenmetrazina\/","og_site_name":"Everyday Chem Shop","article_modified_time":"2023-04-06T21:19:50+00:00","og_image":[{"width":600,"height":600,"url":"https:\/\/everydaychemshop.com\/it\/wp-content\/uploads\/sites\/6\/2022\/11\/3fpm.jpg","type":"image\/jpeg"}],"twitter_card":"summary_large_image","twitter_misc":{"Est. reading time":"2 minutes"},"schema":{"@context":"https:\/\/schema.org","@graph":[{"@type":"WebPage","@id":"https:\/\/everydaychemshop.com\/it\/product\/3-fpm-3-fluorofenmetrazina\/","url":"https:\/\/everydaychemshop.com\/it\/product\/3-fpm-3-fluorofenmetrazina\/","name":"Acquista la polvere 3-FPM online - Everyday Chem Shop","isPartOf":{"@id":"https:\/\/everydaychemshop.com\/it\/#website"},"primaryImageOfPage":{"@id":"https:\/\/everydaychemshop.com\/it\/product\/3-fpm-3-fluorofenmetrazina\/#primaryimage"},"image":{"@id":"https:\/\/everydaychemshop.com\/it\/product\/3-fpm-3-fluorofenmetrazina\/#primaryimage"},"thumbnailUrl":"https:\/\/everydaychemshop.com\/it\/wp-content\/uploads\/sites\/6\/2022\/11\/3fpm.jpg","datePublished":"2022-11-18T20:51:32+00:00","dateModified":"2023-04-06T21:19:50+00:00","description":"Acquista la polvere 3-FPM online. Vendiamo polvere 3-FPM della migliore qualit\u00e0 online. Vi preghiamo di contattarci per ulteriori informazioni e prezzi.","breadcrumb":{"@id":"https:\/\/everydaychemshop.com\/it\/product\/3-fpm-3-fluorofenmetrazina\/#breadcrumb"},"inLanguage":"en-US","potentialAction":[{"@type":"ReadAction","target":["https:\/\/everydaychemshop.com\/it\/product\/3-fpm-3-fluorofenmetrazina\/"]}]},{"@type":"ImageObject","inLanguage":"en-US","@id":"https:\/\/everydaychemshop.com\/it\/product\/3-fpm-3-fluorofenmetrazina\/#primaryimage","url":"https:\/\/everydaychemshop.com\/it\/wp-content\/uploads\/sites\/6\/2022\/11\/3fpm.jpg","contentUrl":"https:\/\/everydaychemshop.com\/it\/wp-content\/uploads\/sites\/6\/2022\/11\/3fpm.jpg","width":600,"height":600,"caption":"Acquista la polvere 3-FPM online"},{"@type":"BreadcrumbList","@id":"https:\/\/everydaychemshop.com\/it\/product\/3-fpm-3-fluorofenmetrazina\/#breadcrumb","itemListElement":[{"@type":"ListItem","position":1,"name":"Home","item":"https:\/\/everydaychemshop.com\/it\/"},{"@type":"ListItem","position":2,"name":"Prodotti","item":"https:\/\/everydaychemshop.com\/it\/prodotti\/"},{"@type":"ListItem","position":3,"name":"3-FPM (3-Fluorofenmetrazina)"}]},{"@type":"WebSite","@id":"https:\/\/everydaychemshop.com\/it\/#website","url":"https:\/\/everydaychemshop.com\/it\/","name":"Everyday Chem Shop","description":"","potentialAction":[{"@type":"SearchAction","target":{"@type":"EntryPoint","urlTemplate":"https:\/\/everydaychemshop.com\/it\/?s={search_term_string}"},"query-input":{"@type":"PropertyValueSpecification","valueRequired":true,"valueName":"search_term_string"}}],"inLanguage":"en-US"}]}},"_links":{"self":[{"href":"https:\/\/everydaychemshop.com\/it\/wp-json\/wp\/v2\/product\/8033","targetHints":{"allow":["GET"]}}],"collection":[{"href":"https:\/\/everydaychemshop.com\/it\/wp-json\/wp\/v2\/product"}],"about":[{"href":"https:\/\/everydaychemshop.com\/it\/wp-json\/wp\/v2\/types\/product"}],"replies":[{"embeddable":true,"href":"https:\/\/everydaychemshop.com\/it\/wp-json\/wp\/v2\/comments?post=8033"}],"wp:featuredmedia":[{"embeddable":true,"href":"https:\/\/everydaychemshop.com\/it\/wp-json\/wp\/v2\/media\/8039"}],"wp:attachment":[{"href":"https:\/\/everydaychemshop.com\/it\/wp-json\/wp\/v2\/media?parent=8033"}],"wp:term":[{"taxonomy":"product_brand","embeddable":true,"href":"https:\/\/everydaychemshop.com\/it\/wp-json\/wp\/v2\/product_brand?post=8033"},{"taxonomy":"product_cat","embeddable":true,"href":"https:\/\/everydaychemshop.com\/it\/wp-json\/wp\/v2\/product_cat?post=8033"},{"taxonomy":"product_tag","embeddable":true,"href":"https:\/\/everydaychemshop.com\/it\/wp-json\/wp\/v2\/product_tag?post=8033"}],"curies":[{"name":"wp","href":"https:\/\/api.w.org\/{rel}","templated":true}]}}