{"id":8060,"date":"2022-11-18T21:27:31","date_gmt":"2022-11-18T21:27:31","guid":{"rendered":"https:\/\/everydaychemshop.com\/it\/?post_type=product&#038;p=8060"},"modified":"2023-04-06T21:14:02","modified_gmt":"2023-04-06T21:14:02","slug":"acquista-4-cl-pvp-cristalli","status":"publish","type":"product","link":"https:\/\/everydaychemshop.com\/it\/product\/acquista-4-cl-pvp-cristalli\/","title":{"rendered":"Acquista cristalli 4-CL-PVP"},"content":{"rendered":"<h1>Acquista cristalli 4-CL-PVP online<\/h1>\n<p><a href=\"https:\/\/everydaychemshop.com\/it\/product\/acquista-4-cl-pvp-cristalli\/\">Acquista cristalli 4-CL-PVP online<\/a>. 4-CL-PVP \u00e8 un analogo cristallino dell&#8217;a-PVP. \u00c8 uno stimolante da manuale. Gli esperimenti di ricerca con 4-CL-PVP tendono a produrre risultati di loquacit\u00e0, maggiore vigilanza, alta energia e altri risultati stimolanti. I risultati di 4-CL-PVP tendono a durare meno di tre ore. La sostanza chimica \u00e8 anche nota per produrre risultati euforici da moderati a estremi. I ricercatori che stanno cercando un&#8217;alternativa all&#8217;a-PVP scopriranno che 4-CL-PVP \u00e8 un&#8217;alternativa adatta. 4-CL-PVP \u00e8 un inibitore della ricaptazione della norepinefrina-dopamina. Le scoperte stimolanti di <a href=\"https:\/\/en.wikipedia.org\/wiki\/4-Chloro-alpha-pyrrolidinovalerophenone\">questa<\/a> sostanza chimica sono in gran parte dovute a questo fatto.<\/p>\n<h2><b>Dove acquistare 4-CL-PVP?<\/b><\/h2>\n<p>Qui a Chemical Planet, abbiamo di altissima qualit\u00e0 4-CL-PVP disponibile per la vendita. Il nostro 4-CL-PVP \u00e8 tipicamente disponibile in forma di cristallo. Se non vedi il modulo desiderato, non esitare a contattarci per vedere quando torner\u00e0.<\/p>\n<p>Se prevedi di acquistare 4-Cl-PVP da Chemical Planet, devi essere almeno 18 anni di et\u00e0 ed essere in piena conformit\u00e0 a tutte le leggi sulla ricerca chimica nel tuo paese. I nostri prodotti chimici sono progettati solo per la ricerca e non sono destinati all&#8217;uso umano o animale.<\/p>\n<p>&nbsp;<\/p>\n<h2><b>4-CL-PVP Legalit\u00e0<\/b><\/h2>\n<p>La maggior parte dei governi di tutto il mondo non ha dichiarato il 4-CL-PVP una sostanza chimica illegale. Ci\u00f2 significa che non \u00e8 programmato nella maggior parte dei luoghi. Contatta il tuo governo federale per chiarimenti sullo stato legale di 4-CL-PVP se hai bisogno di ulteriori informazioni.<\/p>\n<p><strong>Conservare sempre in un luogo fresco e asciutto per la massima durata di conservazione. Questo prodotto \u00e8 destinato esclusivamente ad applicazioni forensi e di ricerca. Pertanto NON \u00e8 destinato al consumo umano o a test in vivo di alcun tipo su animali o organismi viventi.<\/strong><\/p>\n","protected":false},"excerpt":{"rendered":"<p>Acquista cristalli 4-CL-PVP in vendita nel Regno Unito, Europa, UE. Acquista cristalli 4-CL-PVP online, spedizione gratuita di alta qualit\u00e0 disponibile in tutto il mondo, pi\u00f9 economico di sempre, miglior prezzo per ordinare.<\/p>\n<p><em>4<\/em>\u2013<em>CL<\/em>\u2013<em>Cristalli PVP in<\/em>\u00a0vendita. <em>Acquista 4<\/em>\u2013<em>CL<\/em>\u2013<em>cristalli PVP<\/em>\u00a0Online, spedizione gratuita di alta qualit\u00e0 disponibile in tutto il mondo, il pi\u00f9 economico in assoluto, il miglior prezzo per ordinare.<\/p>\n<p>Acquista online cristalli 4-CL-PVP economici. 4-CL-PVP Crystal \u00e8 un prodotto stimolante relativamente nuovo e un analogo del composto estremamente popolare a-PVP.<\/p>\n","protected":false},"featured_media":8067,"comment_status":"open","ping_status":"closed","template":"","meta":{"inline_featured_image":false},"product_brand":[],"product_cat":[264],"product_tag":[],"class_list":{"0":"post-8060","1":"product","2":"type-product","3":"status-publish","4":"has-post-thumbnail","6":"product_cat-ricerca-chimica","8":"first","9":"instock","10":"shipping-taxable","11":"purchasable","12":"product-type-variable","13":"has-default-attributes"},"yoast_head":"<!-- This site is optimized with the Yoast SEO Premium plugin v19.2 (Yoast SEO v27.3) - https:\/\/yoast.com\/product\/yoast-seo-premium-wordpress\/ -->\n<title>Acquista cristalli 4-CL-PVP online - Everyday Chem Shop<\/title>\n<meta name=\"description\" content=\"Acquista cristalli 4-CL-PVP online. Vendiamo cristalli 4-CL-PVP online. Si prega di contattare per ulteriori informazioni e prezzi per il vostro ordine.\" \/>\n<meta name=\"robots\" content=\"index, follow, max-snippet:-1, max-image-preview:large, max-video-preview:-1\" \/>\n<link rel=\"canonical\" href=\"https:\/\/everydaychemshop.com\/it\/product\/acquista-4-cl-pvp-cristalli\/\" \/>\n<meta property=\"og:locale\" content=\"en_US\" \/>\n<meta property=\"og:type\" content=\"article\" \/>\n<meta property=\"og:title\" content=\"Acquista cristalli 4-CL-PVP\" \/>\n<meta property=\"og:description\" content=\"Acquista cristalli 4-CL-PVP online. Vendiamo cristalli 4-CL-PVP online. Si prega di contattare per ulteriori informazioni e prezzi per il vostro ordine.\" \/>\n<meta property=\"og:url\" content=\"https:\/\/everydaychemshop.com\/it\/product\/acquista-4-cl-pvp-cristalli\/\" \/>\n<meta property=\"og:site_name\" content=\"Everyday Chem Shop\" \/>\n<meta property=\"article:modified_time\" content=\"2023-04-06T21:14:02+00:00\" \/>\n<meta property=\"og:image\" content=\"https:\/\/everydaychemshop.com\/it\/wp-content\/uploads\/sites\/6\/2022\/11\/Buy-4-CL-PVP-Crystals.jpg\" \/>\n\t<meta property=\"og:image:width\" content=\"275\" \/>\n\t<meta property=\"og:image:height\" content=\"183\" \/>\n\t<meta property=\"og:image:type\" content=\"image\/jpeg\" \/>\n<meta name=\"twitter:card\" content=\"summary_large_image\" \/>\n<meta name=\"twitter:label1\" content=\"Est. reading time\" \/>\n\t<meta name=\"twitter:data1\" content=\"2 minutes\" \/>\n<script type=\"application\/ld+json\" class=\"yoast-schema-graph\">{\"@context\":\"https:\\\/\\\/schema.org\",\"@graph\":[{\"@type\":\"WebPage\",\"@id\":\"https:\\\/\\\/everydaychemshop.com\\\/it\\\/product\\\/acquista-4-cl-pvp-cristalli\\\/\",\"url\":\"https:\\\/\\\/everydaychemshop.com\\\/it\\\/product\\\/acquista-4-cl-pvp-cristalli\\\/\",\"name\":\"Acquista cristalli 4-CL-PVP online - Everyday Chem Shop\",\"isPartOf\":{\"@id\":\"https:\\\/\\\/everydaychemshop.com\\\/it\\\/#website\"},\"primaryImageOfPage\":{\"@id\":\"https:\\\/\\\/everydaychemshop.com\\\/it\\\/product\\\/acquista-4-cl-pvp-cristalli\\\/#primaryimage\"},\"image\":{\"@id\":\"https:\\\/\\\/everydaychemshop.com\\\/it\\\/product\\\/acquista-4-cl-pvp-cristalli\\\/#primaryimage\"},\"thumbnailUrl\":\"https:\\\/\\\/everydaychemshop.com\\\/it\\\/wp-content\\\/uploads\\\/sites\\\/6\\\/2022\\\/11\\\/Buy-4-CL-PVP-Crystals.jpg\",\"datePublished\":\"2022-11-18T21:27:31+00:00\",\"dateModified\":\"2023-04-06T21:14:02+00:00\",\"description\":\"Acquista cristalli 4-CL-PVP online. Vendiamo cristalli 4-CL-PVP online. Si prega di contattare per ulteriori informazioni e prezzi per il vostro ordine.\",\"breadcrumb\":{\"@id\":\"https:\\\/\\\/everydaychemshop.com\\\/it\\\/product\\\/acquista-4-cl-pvp-cristalli\\\/#breadcrumb\"},\"inLanguage\":\"en-US\",\"potentialAction\":[{\"@type\":\"ReadAction\",\"target\":[\"https:\\\/\\\/everydaychemshop.com\\\/it\\\/product\\\/acquista-4-cl-pvp-cristalli\\\/\"]}]},{\"@type\":\"ImageObject\",\"inLanguage\":\"en-US\",\"@id\":\"https:\\\/\\\/everydaychemshop.com\\\/it\\\/product\\\/acquista-4-cl-pvp-cristalli\\\/#primaryimage\",\"url\":\"https:\\\/\\\/everydaychemshop.com\\\/it\\\/wp-content\\\/uploads\\\/sites\\\/6\\\/2022\\\/11\\\/Buy-4-CL-PVP-Crystals.jpg\",\"contentUrl\":\"https:\\\/\\\/everydaychemshop.com\\\/it\\\/wp-content\\\/uploads\\\/sites\\\/6\\\/2022\\\/11\\\/Buy-4-CL-PVP-Crystals.jpg\",\"width\":275,\"height\":183,\"caption\":\"Acquista cristalli 4-CL-PVP online\"},{\"@type\":\"BreadcrumbList\",\"@id\":\"https:\\\/\\\/everydaychemshop.com\\\/it\\\/product\\\/acquista-4-cl-pvp-cristalli\\\/#breadcrumb\",\"itemListElement\":[{\"@type\":\"ListItem\",\"position\":1,\"name\":\"Home\",\"item\":\"https:\\\/\\\/everydaychemshop.com\\\/it\\\/\"},{\"@type\":\"ListItem\",\"position\":2,\"name\":\"Prodotti\",\"item\":\"https:\\\/\\\/everydaychemshop.com\\\/it\\\/prodotti\\\/\"},{\"@type\":\"ListItem\",\"position\":3,\"name\":\"Acquista cristalli 4-CL-PVP\"}]},{\"@type\":\"WebSite\",\"@id\":\"https:\\\/\\\/everydaychemshop.com\\\/it\\\/#website\",\"url\":\"https:\\\/\\\/everydaychemshop.com\\\/it\\\/\",\"name\":\"Everyday Chem Shop\",\"description\":\"\",\"potentialAction\":[{\"@type\":\"SearchAction\",\"target\":{\"@type\":\"EntryPoint\",\"urlTemplate\":\"https:\\\/\\\/everydaychemshop.com\\\/it\\\/?s={search_term_string}\"},\"query-input\":{\"@type\":\"PropertyValueSpecification\",\"valueRequired\":true,\"valueName\":\"search_term_string\"}}],\"inLanguage\":\"en-US\"}]}<\/script>\n<!-- \/ Yoast SEO Premium plugin. -->","yoast_head_json":{"title":"Acquista cristalli 4-CL-PVP online - Everyday Chem Shop","description":"Acquista cristalli 4-CL-PVP online. Vendiamo cristalli 4-CL-PVP online. Si prega di contattare per ulteriori informazioni e prezzi per il vostro ordine.","robots":{"index":"index","follow":"follow","max-snippet":"max-snippet:-1","max-image-preview":"max-image-preview:large","max-video-preview":"max-video-preview:-1"},"canonical":"https:\/\/everydaychemshop.com\/it\/product\/acquista-4-cl-pvp-cristalli\/","og_locale":"en_US","og_type":"article","og_title":"Acquista cristalli 4-CL-PVP","og_description":"Acquista cristalli 4-CL-PVP online. Vendiamo cristalli 4-CL-PVP online. Si prega di contattare per ulteriori informazioni e prezzi per il vostro ordine.","og_url":"https:\/\/everydaychemshop.com\/it\/product\/acquista-4-cl-pvp-cristalli\/","og_site_name":"Everyday Chem Shop","article_modified_time":"2023-04-06T21:14:02+00:00","og_image":[{"width":275,"height":183,"url":"https:\/\/everydaychemshop.com\/it\/wp-content\/uploads\/sites\/6\/2022\/11\/Buy-4-CL-PVP-Crystals.jpg","type":"image\/jpeg"}],"twitter_card":"summary_large_image","twitter_misc":{"Est. reading time":"2 minutes"},"schema":{"@context":"https:\/\/schema.org","@graph":[{"@type":"WebPage","@id":"https:\/\/everydaychemshop.com\/it\/product\/acquista-4-cl-pvp-cristalli\/","url":"https:\/\/everydaychemshop.com\/it\/product\/acquista-4-cl-pvp-cristalli\/","name":"Acquista cristalli 4-CL-PVP online - Everyday Chem Shop","isPartOf":{"@id":"https:\/\/everydaychemshop.com\/it\/#website"},"primaryImageOfPage":{"@id":"https:\/\/everydaychemshop.com\/it\/product\/acquista-4-cl-pvp-cristalli\/#primaryimage"},"image":{"@id":"https:\/\/everydaychemshop.com\/it\/product\/acquista-4-cl-pvp-cristalli\/#primaryimage"},"thumbnailUrl":"https:\/\/everydaychemshop.com\/it\/wp-content\/uploads\/sites\/6\/2022\/11\/Buy-4-CL-PVP-Crystals.jpg","datePublished":"2022-11-18T21:27:31+00:00","dateModified":"2023-04-06T21:14:02+00:00","description":"Acquista cristalli 4-CL-PVP online. Vendiamo cristalli 4-CL-PVP online. Si prega di contattare per ulteriori informazioni e prezzi per il vostro ordine.","breadcrumb":{"@id":"https:\/\/everydaychemshop.com\/it\/product\/acquista-4-cl-pvp-cristalli\/#breadcrumb"},"inLanguage":"en-US","potentialAction":[{"@type":"ReadAction","target":["https:\/\/everydaychemshop.com\/it\/product\/acquista-4-cl-pvp-cristalli\/"]}]},{"@type":"ImageObject","inLanguage":"en-US","@id":"https:\/\/everydaychemshop.com\/it\/product\/acquista-4-cl-pvp-cristalli\/#primaryimage","url":"https:\/\/everydaychemshop.com\/it\/wp-content\/uploads\/sites\/6\/2022\/11\/Buy-4-CL-PVP-Crystals.jpg","contentUrl":"https:\/\/everydaychemshop.com\/it\/wp-content\/uploads\/sites\/6\/2022\/11\/Buy-4-CL-PVP-Crystals.jpg","width":275,"height":183,"caption":"Acquista cristalli 4-CL-PVP online"},{"@type":"BreadcrumbList","@id":"https:\/\/everydaychemshop.com\/it\/product\/acquista-4-cl-pvp-cristalli\/#breadcrumb","itemListElement":[{"@type":"ListItem","position":1,"name":"Home","item":"https:\/\/everydaychemshop.com\/it\/"},{"@type":"ListItem","position":2,"name":"Prodotti","item":"https:\/\/everydaychemshop.com\/it\/prodotti\/"},{"@type":"ListItem","position":3,"name":"Acquista cristalli 4-CL-PVP"}]},{"@type":"WebSite","@id":"https:\/\/everydaychemshop.com\/it\/#website","url":"https:\/\/everydaychemshop.com\/it\/","name":"Everyday Chem Shop","description":"","potentialAction":[{"@type":"SearchAction","target":{"@type":"EntryPoint","urlTemplate":"https:\/\/everydaychemshop.com\/it\/?s={search_term_string}"},"query-input":{"@type":"PropertyValueSpecification","valueRequired":true,"valueName":"search_term_string"}}],"inLanguage":"en-US"}]}},"_links":{"self":[{"href":"https:\/\/everydaychemshop.com\/it\/wp-json\/wp\/v2\/product\/8060","targetHints":{"allow":["GET"]}}],"collection":[{"href":"https:\/\/everydaychemshop.com\/it\/wp-json\/wp\/v2\/product"}],"about":[{"href":"https:\/\/everydaychemshop.com\/it\/wp-json\/wp\/v2\/types\/product"}],"replies":[{"embeddable":true,"href":"https:\/\/everydaychemshop.com\/it\/wp-json\/wp\/v2\/comments?post=8060"}],"wp:featuredmedia":[{"embeddable":true,"href":"https:\/\/everydaychemshop.com\/it\/wp-json\/wp\/v2\/media\/8067"}],"wp:attachment":[{"href":"https:\/\/everydaychemshop.com\/it\/wp-json\/wp\/v2\/media?parent=8060"}],"wp:term":[{"taxonomy":"product_brand","embeddable":true,"href":"https:\/\/everydaychemshop.com\/it\/wp-json\/wp\/v2\/product_brand?post=8060"},{"taxonomy":"product_cat","embeddable":true,"href":"https:\/\/everydaychemshop.com\/it\/wp-json\/wp\/v2\/product_cat?post=8060"},{"taxonomy":"product_tag","embeddable":true,"href":"https:\/\/everydaychemshop.com\/it\/wp-json\/wp\/v2\/product_tag?post=8060"}],"curies":[{"name":"wp","href":"https:\/\/api.w.org\/{rel}","templated":true}]}}