{"id":8068,"date":"2022-11-18T21:32:32","date_gmt":"2022-11-18T21:32:32","guid":{"rendered":"https:\/\/everydaychemshop.com\/it\/?post_type=product&#038;p=8068"},"modified":"2023-04-06T21:12:47","modified_gmt":"2023-04-06T21:12:47","slug":"4-etilmetcatinone-4-ecc","status":"publish","type":"product","link":"https:\/\/everydaychemshop.com\/it\/product\/4-etilmetcatinone-4-ecc\/","title":{"rendered":"4- Etilmetcatinone (4-EMC)"},"content":{"rendered":"<h1>Acquista 4- Ethylmethcathinone (4-EMC) online<\/h1>\n<p><a href=\"https:\/\/everydaychemshop.com\/it\/product\/4-etilmetcatinone-4-ecc\/\">Acquista 4- Ethylmethcathinone (4-EMC) online<\/a>. 4-EMC acquista online, Acquista 4-EMC Powder USA, Acquista 4-EMC Crystal Australia, 4-EMC Powder online acquista, Acquista 4-EMC Crystal Europe, Acquista 4-FA Crystal Canada, Dove acquistare 4 -EM Sali C, Acquista polvere 4-EMC in vendita, Cristallo 4-EMC online, Acquista cristallo 4-EMC online, Polvere 4-EMC in vendita, Cristallo 4-EMC in vendita USA online, Cristallo 4-EM in vendita, \u00e8 4- EMC Crystal legal, 4-EMC prodotto chimico per la ricerca sul cloridrato, 4-EMC prodotto chimico in vendita, 4-EMC per la ricerca, Acquista 4-EMC prodotto chimico per la ricerca all&#8217;ingrosso<\/p>\n<div class=\"mb-5 row\">\n<div class=\"w-100 col\">\n<div class=\"row\">\n<div class=\"col\">\n<div class=\"row\" data-attribute=\"synonyms\">\n<div class=\"text-lg-right vertical -rule product-info-left float-left pl-3 pr-2 pb-3 col-6 col-md-5 col-lg-4 col-xl-3\">Sinonimi<\/div>\n<div class=\"float -right pl-3 text-xsm product-info-right col-6 col-md-7 col-lg-8 col-xl-9\">\n<ul class=\" p-0 mb-3 list-unstyled\">\n<li class=\"undefined text-lato-bold\"><span class=\"\">4-EMC<\/span><\/li>\n<\/ul>\n<\/div>\n<\/div>\n<\/div>\n<\/div>\n<\/div>\n<\/div>\n<div class=\"mb-5 row\">\n<div class=\"w-100 col\">\n<h5>Informazioni tecniche<\/h5>\n<div class=\"row\">\n<div class=\"col\">\n<div class=\"row\" data-attribute=\"formalName\">\n<div class=\"text -lg-right vertical-rule product-info-left float-left pl-3 pr-2 pb-3 col-6 col-md-5 col-lg-4 col-xl-3\">Nome formale<\/div>\n<div class=\"float-right pl-3 text-xsm product-info-right col-6 col-md-7 col-lg-8 col-xl-9\">1-(4-etilfenil)-2-( metilammino)propan-1-one, monocloridrato<\/div>\n<\/div>\n<div class=\"row\" data-attribute=\"casNumber\">\n<div class=\"text-lg-right vertical-rule product-info-left float-left pl-3 pr-2 pb-3 col-6 col-md-5 col-lg-4 col-xl-3\">Numero CAS<\/div>\n<div class=\"float-right pl-3 text -xsm product-info-right col-6 col-md-7 col-lg-8 col-xl-9\">1391053-87-4<\/div>\n<\/div>\n<div class=\"row\" data-attribute=\"molecularFormula\">\n<div class=\"text-lg-right vertical-rule product-info-left float-left pl-3 pr-2 pb-3 col-6 col-md-5 col-lg-4 col- xl-3\">Formula molecolare<\/div>\n<div class=\"float-right pl-3 text-xsm product-info-right col-6 col-md-7 col-lg-8 col-xl-9\">C<sub><small>12<\/small><\/sub>H<sub><small>17<\/small><\/sub>NO \u2022 HCl<\/div>\n<\/div>\n<div class=\"row\" data-attribute=\"formulaWeight\">\n<div class=\"text-lg-right vertical-rule product-info-left float-left pl-3 pr-2 pb-3 col-6 col-md-5 col-lg-4 col-xl-3\">Peso formula<\/div>\n<div class=\"float-right pl-3 text-xsm product-info-right col-6 col-md-7 col-lg-8 col-xl-9\">227,7<\/div>\n<\/div>\n<div class=\"row\" data-attribute=\"purity\">\n<div class=\"text-lg-right vertical-rule product-info-left float-left pl-3 pr-2 pb-3 col-6 col-md-5 col-lg-4 col-xl-3\">Purezza<\/div>\n<div class=\"float-right pl-3 text-xsm product-info-right col-6 col-md-7 col-lg-8 col-xl-9\">\u226597%<\/div>\n<\/div>\n<div class=\"row\" data-attribute=\"formulation\">\n<div class=\"text-lg-right vertical-rule product-info-left float-left pl-3 pr-2 pb-3 col- 6 col-md-5 col-lg-4 col-xl-3\">Formulazione<\/div>\n<div class=\"float-right pl-3 text-xsm product-info-right col-6 col-md-7 col-lg-8 col-xl-9\">Un solido cristallino<\/div>\n<\/div>\n<div class=\"row\" data-attribute=\"solubility\">\n<div class=\"text-lg-right vertical- rule product-info-left float-left pl-3 pr-2 pb-3 col-6 col-md-5 col-lg-4 col-xl-3\">Solubilit\u00e0<small>(Ulteriori informazioni sulla varianza nella solubilit\u00e0 )<\/small><\/div>\n<div class=\"float-right pl-3 text-xsm product-info-right col-6 col-md-7 co l-lg-8 col-xl-9\">\n<ul class=\" p-0 mb-3 list-unstyled\">\n<li class=\"undefined text-lato-bold\"><span class=\"\">DMF: 1 mg\/ml<\/span><\/li>\n<li class=\"undefined text-lato-bold\"><span class=\"\">DMSO: 2,5 mg\/ml<\/span><\/li>\n<li class=\"undefined text-lato-bold\"><span class=\"\">Etanolo: 5 mg\/ml<\/span><\/li>\n<li class=\"undefined text-lato-bold\"><span class=\"\"> PBS (pH 7.2): 10 mg\/ml<\/span><\/li>\n<\/ul>\n<p>4-EMC Crystal acquista Canada, 4-EMC Crystal acquista Regno Unito, 4-EMC Crystal acquista USA, 4-EMC Crystal acquista USA, 4-EMC Crystal acquista prezzo online, qualit\u00e0 4-EMC Crystal in vendita,<\/p>\n<\/div>\n<\/div>\n<div class=\"row\" data-attribute=\"lambdaMax\">\n<div class=\"text-lg-right vertical- regola info-prodotto-left float-left pl-3 pr-2 pb-3 col-6 col-md-5 col-lg-4 col-xl-3\">\u03bb<sub>max<\/sub><\/div>\n<div class=\"float-right pl-3 text-xsm product-info-right col-6 col-md-7 col-lg-8 col-xl-9\">260 nm<\/div>\n<\/div>\n<div class=\"row\" data-attribute=\"smiles\">\n<div class=\"text-lg-right vertical-rule product-info-left float-left pl-3 pr-2 pb-3 col-6 col- md-5 col-lg-4 col-xl-3\">SMILES<\/div>\n<div class=\"float-right pl-3 text-xsm product-info-right col-6 col-md-7 col-lg-8 col-xl-9\">CCC1=CC=C(C (C(NC)C)=O)C=C1<\/div>\n<\/div>\n<div class=\"row\" data-attribute=\"inchi\">\n<div class=\"text-lg-right vertical-rule product -info-left float-left pl-3 pr-2 pb-3 col-6 col-md-5 col-lg-4 col-xl-3\">Codice InChi<\/div>\n<div class=\"float-right pl-3 text-xsm product-info-right col-6 col-md-7 col-lg-8 col-xl-9\">InChI=1S\/C12H17NO.ClH\/c1-4-10-5-7-11 (8-6-10)12(14)9(2)13-3;\/h5-9,13H,4H2,1-3H3;1H<\/div>\n<\/div>\n<div class=\"row\">\n<div class=\"text-lg-right vertical-rule product-info-left float-left pl-3 pr-2 pb-3 col-6 col-md-5 col-lg-4 col -xl-3\">InChi Key<\/div>\n<div class=\"float-right pl-3 text-xsm product-info-right col-6 col-md-7 col-lg-8 col-xl-9\">GGAVBQDFUOWSJS-UHFFFAOYSA-N<\/div>\n<\/div>\n<div class=\"row\" data-attribute=\"deaSchedule\">\n<div class=\"text-lg-right vertical-rule product-info-left float-left pl-3 pr-2 pb-3 col-6 col-md-5 col-lg-4 col-xl-3\">Programma DEA<\/div>\n<div>I<\/div>\n<\/div>\n<\/div>\n<\/div>\n<\/div>\n<\/div>\n<div class=\"row\">\n<div class=\"col\">\n<h5>Spedizione e spedizione; Informazioni sull&#8217;archiviazione<\/h5>\n<div class=\"row\">\n<div class=\"col\">\n<div class=\"row\" data-attribute=\"storageTemp\">\n<div class=\"text-lg-right vertical-rule product-info-left float-left pl-3 pr-2 pb-3 col-6 col-md-5 col-lg-4 col-xl-3\">Archiviazione<\/div>\n<div class=\"float-right pl-3 text-xsm product-info-right col-6 col-md-7 col-lg-8 col-xl-9\">-20\u00b0C<\/div>\n<\/div>\n<div class=\"row\" data-attribute=\"indirizzo\">\n<div class=\"text-lg-right vertical-rule product-info-left float-left pl-3 pr-2 pb-3 col-6 col-md-5 col-lg- 4 col-xl-3\">Spedizione<\/div>\n<div class=\"float-right pl-3 text-xsm product-info-right col-6 col-md-7 col-lg-8 col-xl-9 \">Temperatura ambiente\u00a0negli Stati Uniti continentali; pu\u00f2 variare altrove<\/div>\n<\/div>\n<div class=\"row\" data-attribute=\"stabilityDisplay\">\n<div class=\"text-lg-right vertical-rule product-info-left float-left pl-3 pr-2 pb-3 col-6 col-md-5 col-lg-4 col-xl-3\">Stabilit\u00e0<\/div>\n<div class=\"float-right pl-3 text-xsm product-info-right col-6 col-md-7 col-lg-8 col-xl-9\">\u2265 2 anni<\/div>\n<\/div>\n<\/div>\n<\/div>\n<\/div>\n<\/div>\n<p><span data-preserver-spaces=\"true\">La sostanza chimica di ricerca chiamata 4-EMC appartiene alle classi chimiche della fenetilammina\u00a0e delle anfetamine e ha la formula molecolare C12H17NO. Il peso della formula ha un valore di 191,270 g\/mese. Acquista 4-EMC online<\/span><\/p>\n<p><span data-preserver-spaces=\"true\">A causa dell&#8217;intenso interesse del mercato, stiamo introducendo un nuovo prodotto al catinone che pu\u00f2 essere utilizzato per studi scientifici. 4-EMC in vendita online. Il 4-metil metcatinone \u00e8 una <a href=\"https:\/\/en.wikipedia.org\/wiki\/4-Ethylmethcathinone\">forma<\/a> isomerica che \u00e8 a sua volta strettamente correlata al mefedrone ora limitato, con tutte le sostanze chimiche elencate che mostrano propriet\u00e0 stimolanti ed entactogene. 4-EMC in vendita online, Acquista 4-EMC Uk, 4-EMC acquista online,<\/span><\/p>\n<p><span data-preserver-spaces=\"true\">Come \u00e8 tipico per questo\u00a0classe chimica, 4-EMC\u00a0si ritiene che blocchi la ricaptazione di neurotrasmettitori chiave sulla fessura sinaptica, con dopamina e serotonina come probabili bersagli primari. Acquista 4-EMC in vendita, 4-EMC online, Acquista 4-EMC online,<\/span><\/p>\n<p><span data-preserver-spaces=\"true\">La sostanza appare come una polvere cristallina in condizioni normali condizioni. Pu\u00f2 prepararlo prontamente per il test senza alcun rischio di includere impurit\u00e0. 4-EMC pu\u00f2 essere disciolto in acqua e conservato in uno spazio di stoccaggio asciutto e a tenuta d&#8217;aria.<\/span><\/p>\n<p><span data-preserver-spaces=\"true\">Poich\u00e9 la sostanza non \u00e8 stata ampiamente testata in il passato e la maggior parte di ci\u00f2 che si sa su di esso provengono da analogie con sostanze chimiche correlate, i ricercatori hanno la possibilit\u00e0 di mappare il suo profilo da zero. Tutti i progetti sperimentali dovrebbero riflettere il nuovo stato della sostanza chimica e lasciare un ampio margine di errore. 4-EMC in vendita USA online, Acquista 4-FA online, Acquista 4-EMC online<\/span><\/p>\n<p>Acquista 4EMC Crystal online, Acquista 4-EMC USA, Acquista 4EMC Australia, 4-EMC acquista online , Acquista 4-EMC Crystal Europe, Acquista 4-EMC Canada, Dove acquistare 4-EMC, 4-EMC acquista Canada, 4-EMC acquista Regno Unito, 4-EMC acquista USA, 4-EMC Crystal online, qualit\u00e0 4-EMC per vendita, 4EMC Polvere in vendita online, Acquista 4-EMC Crystal Uk,<\/p>\n<p>4-cprc,<br \/>\nnormephedrone,<br \/>\netilamfetamina,<br \/>\n3,4-dmmc,<br \/>\n4-mec,<br \/>\nbenzedrone,<br \/>\n4-mpd,<br \/>\n4-mpd psychonautwiki,<\/p>\n<p>&nbsp;<\/p>\n<p><strong><span data-preserver-spaces=\"true\">Farmacologia<\/span><\/strong><\/p>\n<p><span data-preserver-spaces=\"true\">4EMC ha una farmacologia complessa, ma al suo interno \u00e8 un stimolante sintetico ed empatogeno allo stesso modo del metcatinone.<\/span><\/p>\n<p><strong><span data-preserver-spaces=\"true\">Composti simili:<\/span><\/strong><\/p>\n<ul>\n<li><span data-preserver-spaces=\"true\">4-MEC<\/span><\/li>\n<li><span data-preserver-spaces=\"true\">Mefedrone<\/span><\/li>\n<li>Methcathinone<\/li>\n<li><span data-preserver-spaces=\"true\">Benzedrone<\/span><\/li>\n<li>4-Metilpentedrone<\/li>\n<li><span data-preserver-spaces=\"true\">4-Metilbufedrone<\/span><\/li>\n<\/ul>\n<p><strong><span data-preserver-spaces=\"true\">Legalit\u00e0:<\/span><\/strong><\/p>\n<p><span data-preserver-spaces=\"true\">4-EMC \u00e8 non esplicitamente indicato come sostanza controllata in nessun paese conosciuto. Tuttavia, \u00e8 principalmente una sostanza controllata nello stato americano del Vermont. Poich\u00e9 potrebbe essere legalmente un analogo di 4-MEC o composti correlati, potrebbe rientrare nelle disposizioni analoghe di molti paesi, come gli Stati Uniti o la Gran Bretagna.<\/span><\/p>\n","protected":false},"excerpt":{"rendered":"<p>Acquista polvere 4-EMC online. Questa sostanza chimica appartiene alla classe degli stimolanti e degli entactogeni. \u00c8 un isomero strutturale di 4-MEC.<\/p>\n<p>Acquista 4-EMC (4-Ethylmethcathinone) \u00e8 disponibile per la vendita online in Europa, UE, Regno Unito e Stati Uniti da Fairpricemedical.com.<\/p>\n<p>Ce l&#8217;hai qui ai migliori prezzi e qualit\u00e0. Siamo qui per offrirti la migliore esperienza.<\/p>\n","protected":false},"featured_media":8075,"comment_status":"open","ping_status":"closed","template":"","meta":{"inline_featured_image":false},"product_brand":[],"product_cat":[264],"product_tag":[],"class_list":{"0":"post-8068","1":"product","2":"type-product","3":"status-publish","4":"has-post-thumbnail","6":"product_cat-ricerca-chimica","8":"first","9":"instock","10":"shipping-taxable","11":"purchasable","12":"product-type-variable","13":"has-default-attributes"},"yoast_head":"<!-- This site is optimized with the Yoast SEO Premium plugin v19.2 (Yoast SEO v27.3) - https:\/\/yoast.com\/product\/yoast-seo-premium-wordpress\/ -->\n<title>Acquista 4- Ethylmethcathinone (4-EMC) - Everyday Chem Shop<\/title>\n<meta name=\"description\" content=\"Acquista 4- Ethylmethcathinone (4-EMC) online. Vendiamo la migliore qualit\u00e0 4- Ethylmethcathinone (4-EMC). Si prega di contattare per maggiori informazioni.\" \/>\n<meta name=\"robots\" content=\"index, follow, max-snippet:-1, max-image-preview:large, max-video-preview:-1\" \/>\n<link rel=\"canonical\" href=\"https:\/\/everydaychemshop.com\/it\/product\/4-etilmetcatinone-4-ecc\/\" \/>\n<meta property=\"og:locale\" content=\"en_US\" \/>\n<meta property=\"og:type\" content=\"article\" \/>\n<meta property=\"og:title\" content=\"4- Etilmetcatinone (4-EMC)\" \/>\n<meta property=\"og:description\" content=\"Acquista 4- Ethylmethcathinone (4-EMC) online. Vendiamo la migliore qualit\u00e0 4- Ethylmethcathinone (4-EMC). Si prega di contattare per maggiori informazioni.\" \/>\n<meta property=\"og:url\" content=\"https:\/\/everydaychemshop.com\/it\/product\/4-etilmetcatinone-4-ecc\/\" \/>\n<meta property=\"og:site_name\" content=\"Everyday Chem Shop\" \/>\n<meta property=\"article:modified_time\" content=\"2023-04-06T21:12:47+00:00\" \/>\n<meta property=\"og:image\" content=\"https:\/\/everydaychemshop.com\/it\/wp-content\/uploads\/sites\/6\/2022\/11\/Buy-4-EMC.jpg\" \/>\n\t<meta property=\"og:image:width\" content=\"230\" \/>\n\t<meta property=\"og:image:height\" content=\"230\" \/>\n\t<meta property=\"og:image:type\" content=\"image\/jpeg\" \/>\n<meta name=\"twitter:card\" content=\"summary_large_image\" \/>\n<meta name=\"twitter:label1\" content=\"Est. reading time\" \/>\n\t<meta name=\"twitter:data1\" content=\"3 minutes\" \/>\n<script type=\"application\/ld+json\" class=\"yoast-schema-graph\">{\"@context\":\"https:\\\/\\\/schema.org\",\"@graph\":[{\"@type\":\"WebPage\",\"@id\":\"https:\\\/\\\/everydaychemshop.com\\\/it\\\/product\\\/4-etilmetcatinone-4-ecc\\\/\",\"url\":\"https:\\\/\\\/everydaychemshop.com\\\/it\\\/product\\\/4-etilmetcatinone-4-ecc\\\/\",\"name\":\"Acquista 4- Ethylmethcathinone (4-EMC) - Everyday Chem Shop\",\"isPartOf\":{\"@id\":\"https:\\\/\\\/everydaychemshop.com\\\/it\\\/#website\"},\"primaryImageOfPage\":{\"@id\":\"https:\\\/\\\/everydaychemshop.com\\\/it\\\/product\\\/4-etilmetcatinone-4-ecc\\\/#primaryimage\"},\"image\":{\"@id\":\"https:\\\/\\\/everydaychemshop.com\\\/it\\\/product\\\/4-etilmetcatinone-4-ecc\\\/#primaryimage\"},\"thumbnailUrl\":\"https:\\\/\\\/everydaychemshop.com\\\/it\\\/wp-content\\\/uploads\\\/sites\\\/6\\\/2022\\\/11\\\/Buy-4-EMC.jpg\",\"datePublished\":\"2022-11-18T21:32:32+00:00\",\"dateModified\":\"2023-04-06T21:12:47+00:00\",\"description\":\"Acquista 4- Ethylmethcathinone (4-EMC) online. Vendiamo la migliore qualit\u00e0 4- Ethylmethcathinone (4-EMC). Si prega di contattare per maggiori informazioni.\",\"breadcrumb\":{\"@id\":\"https:\\\/\\\/everydaychemshop.com\\\/it\\\/product\\\/4-etilmetcatinone-4-ecc\\\/#breadcrumb\"},\"inLanguage\":\"en-US\",\"potentialAction\":[{\"@type\":\"ReadAction\",\"target\":[\"https:\\\/\\\/everydaychemshop.com\\\/it\\\/product\\\/4-etilmetcatinone-4-ecc\\\/\"]}]},{\"@type\":\"ImageObject\",\"inLanguage\":\"en-US\",\"@id\":\"https:\\\/\\\/everydaychemshop.com\\\/it\\\/product\\\/4-etilmetcatinone-4-ecc\\\/#primaryimage\",\"url\":\"https:\\\/\\\/everydaychemshop.com\\\/it\\\/wp-content\\\/uploads\\\/sites\\\/6\\\/2022\\\/11\\\/Buy-4-EMC.jpg\",\"contentUrl\":\"https:\\\/\\\/everydaychemshop.com\\\/it\\\/wp-content\\\/uploads\\\/sites\\\/6\\\/2022\\\/11\\\/Buy-4-EMC.jpg\",\"width\":230,\"height\":230,\"caption\":\"Acquista 4- Ethylmethcathinone (4-EMC) online\"},{\"@type\":\"BreadcrumbList\",\"@id\":\"https:\\\/\\\/everydaychemshop.com\\\/it\\\/product\\\/4-etilmetcatinone-4-ecc\\\/#breadcrumb\",\"itemListElement\":[{\"@type\":\"ListItem\",\"position\":1,\"name\":\"Home\",\"item\":\"https:\\\/\\\/everydaychemshop.com\\\/it\\\/\"},{\"@type\":\"ListItem\",\"position\":2,\"name\":\"Prodotti\",\"item\":\"https:\\\/\\\/everydaychemshop.com\\\/it\\\/prodotti\\\/\"},{\"@type\":\"ListItem\",\"position\":3,\"name\":\"4- Etilmetcatinone (4-EMC)\"}]},{\"@type\":\"WebSite\",\"@id\":\"https:\\\/\\\/everydaychemshop.com\\\/it\\\/#website\",\"url\":\"https:\\\/\\\/everydaychemshop.com\\\/it\\\/\",\"name\":\"Everyday Chem Shop\",\"description\":\"\",\"potentialAction\":[{\"@type\":\"SearchAction\",\"target\":{\"@type\":\"EntryPoint\",\"urlTemplate\":\"https:\\\/\\\/everydaychemshop.com\\\/it\\\/?s={search_term_string}\"},\"query-input\":{\"@type\":\"PropertyValueSpecification\",\"valueRequired\":true,\"valueName\":\"search_term_string\"}}],\"inLanguage\":\"en-US\"}]}<\/script>\n<!-- \/ Yoast SEO Premium plugin. -->","yoast_head_json":{"title":"Acquista 4- Ethylmethcathinone (4-EMC) - Everyday Chem Shop","description":"Acquista 4- Ethylmethcathinone (4-EMC) online. Vendiamo la migliore qualit\u00e0 4- Ethylmethcathinone (4-EMC). Si prega di contattare per maggiori informazioni.","robots":{"index":"index","follow":"follow","max-snippet":"max-snippet:-1","max-image-preview":"max-image-preview:large","max-video-preview":"max-video-preview:-1"},"canonical":"https:\/\/everydaychemshop.com\/it\/product\/4-etilmetcatinone-4-ecc\/","og_locale":"en_US","og_type":"article","og_title":"4- Etilmetcatinone (4-EMC)","og_description":"Acquista 4- Ethylmethcathinone (4-EMC) online. Vendiamo la migliore qualit\u00e0 4- Ethylmethcathinone (4-EMC). Si prega di contattare per maggiori informazioni.","og_url":"https:\/\/everydaychemshop.com\/it\/product\/4-etilmetcatinone-4-ecc\/","og_site_name":"Everyday Chem Shop","article_modified_time":"2023-04-06T21:12:47+00:00","og_image":[{"width":230,"height":230,"url":"https:\/\/everydaychemshop.com\/it\/wp-content\/uploads\/sites\/6\/2022\/11\/Buy-4-EMC.jpg","type":"image\/jpeg"}],"twitter_card":"summary_large_image","twitter_misc":{"Est. reading time":"3 minutes"},"schema":{"@context":"https:\/\/schema.org","@graph":[{"@type":"WebPage","@id":"https:\/\/everydaychemshop.com\/it\/product\/4-etilmetcatinone-4-ecc\/","url":"https:\/\/everydaychemshop.com\/it\/product\/4-etilmetcatinone-4-ecc\/","name":"Acquista 4- Ethylmethcathinone (4-EMC) - Everyday Chem Shop","isPartOf":{"@id":"https:\/\/everydaychemshop.com\/it\/#website"},"primaryImageOfPage":{"@id":"https:\/\/everydaychemshop.com\/it\/product\/4-etilmetcatinone-4-ecc\/#primaryimage"},"image":{"@id":"https:\/\/everydaychemshop.com\/it\/product\/4-etilmetcatinone-4-ecc\/#primaryimage"},"thumbnailUrl":"https:\/\/everydaychemshop.com\/it\/wp-content\/uploads\/sites\/6\/2022\/11\/Buy-4-EMC.jpg","datePublished":"2022-11-18T21:32:32+00:00","dateModified":"2023-04-06T21:12:47+00:00","description":"Acquista 4- Ethylmethcathinone (4-EMC) online. Vendiamo la migliore qualit\u00e0 4- Ethylmethcathinone (4-EMC). Si prega di contattare per maggiori informazioni.","breadcrumb":{"@id":"https:\/\/everydaychemshop.com\/it\/product\/4-etilmetcatinone-4-ecc\/#breadcrumb"},"inLanguage":"en-US","potentialAction":[{"@type":"ReadAction","target":["https:\/\/everydaychemshop.com\/it\/product\/4-etilmetcatinone-4-ecc\/"]}]},{"@type":"ImageObject","inLanguage":"en-US","@id":"https:\/\/everydaychemshop.com\/it\/product\/4-etilmetcatinone-4-ecc\/#primaryimage","url":"https:\/\/everydaychemshop.com\/it\/wp-content\/uploads\/sites\/6\/2022\/11\/Buy-4-EMC.jpg","contentUrl":"https:\/\/everydaychemshop.com\/it\/wp-content\/uploads\/sites\/6\/2022\/11\/Buy-4-EMC.jpg","width":230,"height":230,"caption":"Acquista 4- Ethylmethcathinone (4-EMC) online"},{"@type":"BreadcrumbList","@id":"https:\/\/everydaychemshop.com\/it\/product\/4-etilmetcatinone-4-ecc\/#breadcrumb","itemListElement":[{"@type":"ListItem","position":1,"name":"Home","item":"https:\/\/everydaychemshop.com\/it\/"},{"@type":"ListItem","position":2,"name":"Prodotti","item":"https:\/\/everydaychemshop.com\/it\/prodotti\/"},{"@type":"ListItem","position":3,"name":"4- Etilmetcatinone (4-EMC)"}]},{"@type":"WebSite","@id":"https:\/\/everydaychemshop.com\/it\/#website","url":"https:\/\/everydaychemshop.com\/it\/","name":"Everyday Chem Shop","description":"","potentialAction":[{"@type":"SearchAction","target":{"@type":"EntryPoint","urlTemplate":"https:\/\/everydaychemshop.com\/it\/?s={search_term_string}"},"query-input":{"@type":"PropertyValueSpecification","valueRequired":true,"valueName":"search_term_string"}}],"inLanguage":"en-US"}]}},"_links":{"self":[{"href":"https:\/\/everydaychemshop.com\/it\/wp-json\/wp\/v2\/product\/8068","targetHints":{"allow":["GET"]}}],"collection":[{"href":"https:\/\/everydaychemshop.com\/it\/wp-json\/wp\/v2\/product"}],"about":[{"href":"https:\/\/everydaychemshop.com\/it\/wp-json\/wp\/v2\/types\/product"}],"replies":[{"embeddable":true,"href":"https:\/\/everydaychemshop.com\/it\/wp-json\/wp\/v2\/comments?post=8068"}],"wp:featuredmedia":[{"embeddable":true,"href":"https:\/\/everydaychemshop.com\/it\/wp-json\/wp\/v2\/media\/8075"}],"wp:attachment":[{"href":"https:\/\/everydaychemshop.com\/it\/wp-json\/wp\/v2\/media?parent=8068"}],"wp:term":[{"taxonomy":"product_brand","embeddable":true,"href":"https:\/\/everydaychemshop.com\/it\/wp-json\/wp\/v2\/product_brand?post=8068"},{"taxonomy":"product_cat","embeddable":true,"href":"https:\/\/everydaychemshop.com\/it\/wp-json\/wp\/v2\/product_cat?post=8068"},{"taxonomy":"product_tag","embeddable":true,"href":"https:\/\/everydaychemshop.com\/it\/wp-json\/wp\/v2\/product_tag?post=8068"}],"curies":[{"name":"wp","href":"https:\/\/api.w.org\/{rel}","templated":true}]}}